{"id":306,"date":"2022-09-13T14:00:51","date_gmt":"2022-09-13T14:00:51","guid":{"rendered":"http:\/\/test.itson.ee\/sulin\/product\/flora-vedel-plekieemaldusseep-sapiga-200ml\/"},"modified":"2026-03-09T06:22:06","modified_gmt":"2026-03-09T06:22:06","slug":"flora-vedel-plekieemaldusseep-sapiga-200ml","status":"publish","type":"product","link":"https:\/\/sulin.ee\/en\/toode\/flora-vedel-plekieemaldusseep-sapiga-200ml\/","title":{"rendered":"Flora vedel plekieemaldusseep sapiga 200ml"},"content":{"rendered":"<p style=\"text-align: justify;\"><strong><span style=\"font-family: arial, helvetica, sans-serif; font-size: medium;\">Flora kontsentreeritud plekieemaldi sapiga. Pudelil on spetsiaalne, riiete puhastamiseks kohaldatud hari, mis aitab eemaldada plekke ning kulunud kangakiu osakesi.<\/span><\/strong><\/p>\n<p style=\"text-align: justify;\"><span style=\"font-family: arial, helvetica, sans-serif; font-size: medium;\">Koostisesse kuuluvad kolme liiki naturaalsed fermendid ja sapp soodustavad riietele kogunenud mustuse kerget eemaldamist. Plekieemaldi eemaldab t\u00f5husalt mitmesuguseid erineva p\u00e4ritoluga plekke: <strong>vere-, kohvi-, tee-, puudri-, grimmi-, rooste-, piima-, rasva-, \u00f5li-, puuvilja-, tindi-, veini- ja juurviljaplekke. <\/strong><\/span><\/p>\n<p style=\"text-align: justify;\"><span style=\"font-family: arial, helvetica, sans-serif; font-size: medium;\">Sobib ideaalselt s\u00e4rkide mansettide ja kraede, sokkide ja lastepesu ning igasuguste riiete pesemiseks, eemaldab plekid (ka vanad) erinevatelt kangaliikidelt, kangast kahjustamata. V\u00f5ib kasutada nii valgete kui ka v\u00e4rviliste kangaste juures, v\u00f5ib kasutada erinevate temperatuuride juures, on kergesti v\u00e4ljapestav ning \u00fcmbritsevas keskkonnas t\u00e4ielikult bioloogiliselt lagunev, ei m\u00f5ju allergiliselt. Koostisesse ei kuulu kloor, vesinik\u00fclihapend, v\u00e4rvained ega lahustid, mis on tavaliselt plekieemaldite koostises.<br \/>\n<\/span><\/p>\n<p style=\"text-align: justify;\"><span style=\"font-family: arial, helvetica, sans-serif; font-size: medium;\"><strong>Koostisosad:<\/strong>\u00a0 5 &#8211; 15% anioonseid pindaktiivseid aineid, 5 &#8211; 15% mitteioonseid pindaktiivseid aineid, &lt;5% seep, sapp, fermendid, konservandid (magnesium nitrate, methylchloroisothiazolinone, methylisothiazolinone). pH 8,5 &#8211; 9,5.<br \/>\n<\/span><\/p>\n<p style=\"text-align: justify;\"><span style=\"font-family: arial, helvetica, sans-serif; font-size: medium;\"><strong>Kogus:<\/strong>\u00a0200 ml.<\/span><\/p>\n<p style=\"text-align: justify;\"><span style=\"font-family: arial, helvetica, sans-serif; font-size: medium;\"><strong>Kasutamine:<\/strong>\u00a0Niisutada kanga m\u00e4\u00e4rdunud koht veega, seej\u00e4rel vala plekile veidi puhastusvahendit, h\u00f5\u00f5ru harjaga ning j\u00e4ta 15 minutiks toimima, seej\u00e4rel pese sooja veega. Kahtluse korral kontrollida v\u00e4rvikindlust riide v\u00e4hen\u00e4htaval kohal. Vananenud ja raskestieemalduvaid plekke puhastada teistkordselt.<\/span><\/p>\n","protected":false},"excerpt":{"rendered":"<p><strong><span style=\"font-family: arial, helvetica, sans-serif; font-size: medium;\">Flora kontsentreeritud plekieemaldi sapiga. Pudelil on spetsiaalne, riiete puhastamiseks kohaldatud hari, mis aitab eemaldada plekke ning kulunud kangakiu osakesi. Plekieemaldi eemaldab t\u00f5husalt mitmesuguseid erineva p\u00e4ritoluga plekke: vere-, kohvi-, tee-, puudri-, grimmi-, rooste-, piima-, rasva-, \u00f5li-, puuvilja-, tindi-, veini- ja juurviljaplekke.<\/span><\/strong><\/p>\n","protected":false},"featured_media":2939,"comment_status":"open","ping_status":"closed","template":"","meta":[],"product_brand":[],"product_cat":[192,191,193,24,211,231],"product_tag":[],"class_list":{"0":"post-306","1":"product","2":"type-product","3":"status-publish","4":"has-post-thumbnail","6":"product_cat-hooldusvahendid-beebid","7":"product_cat-lisatarvikud-beebid","8":"product_cat-lisatarvikud-lastele","9":"product_cat-lisatarvikud-naistele","10":"product_cat-pesuvahendid","11":"product_cat-flora","12":"has-post-title","13":"has-post-date","14":"has-post-category","15":"has-post-tag","16":"has-post-comment","17":"has-post-author","18":"","20":"first","21":"instock","22":"sale","23":"taxable","24":"shipping-taxable","25":"purchasable","26":"product-type-simple"},"yoast_head":"<!-- This site is optimized with the Yoast SEO plugin v26.8 - https:\/\/yoast.com\/product\/yoast-seo-wordpress\/ -->\n<title>Flora vedel plekieemaldusseep sapiga 200ml - sulin.ee<\/title>\n<meta name=\"description\" content=\"Flora kontsentreeritud plekieemaldi sapiga. Pudelil on spetsiaalne, riiete puhastamiseks kohaldatud hari, mis aitab eemaldada plekke ning kulunud kangakiu osakesi.\" \/>\n<meta name=\"robots\" content=\"index, follow, max-snippet:-1, max-image-preview:large, max-video-preview:-1\" \/>\n<link rel=\"canonical\" href=\"https:\/\/sulin.ee\/en\/toode\/flora-vedel-plekieemaldusseep-sapiga-200ml\/\" \/>\n<meta property=\"og:locale\" content=\"en_US\" \/>\n<meta property=\"og:type\" content=\"article\" \/>\n<meta property=\"og:title\" content=\"Flora vedel plekieemaldusseep sapiga 200ml - sulin.ee\" \/>\n<meta property=\"og:description\" content=\"Flora kontsentreeritud plekieemaldi sapiga. Pudelil on spetsiaalne, riiete puhastamiseks kohaldatud hari, mis aitab eemaldada plekke ning kulunud kangakiu osakesi.\" \/>\n<meta property=\"og:url\" content=\"https:\/\/sulin.ee\/en\/toode\/flora-vedel-plekieemaldusseep-sapiga-200ml\/\" \/>\n<meta property=\"og:site_name\" content=\"sulin.ee\" \/>\n<meta property=\"article:publisher\" content=\"https:\/\/www.facebook.com\/www.sulin.ee\/\" \/>\n<meta property=\"article:modified_time\" content=\"2026-03-09T06:22:06+00:00\" \/>\n<meta property=\"og:image\" content=\"https:\/\/sulin.ee\/wp-content\/uploads\/2022\/09\/Sapiseep_200ml.png\" \/>\n\t<meta property=\"og:image:width\" content=\"800\" \/>\n\t<meta property=\"og:image:height\" content=\"800\" \/>\n\t<meta property=\"og:image:type\" content=\"image\/png\" \/>\n<meta name=\"twitter:card\" content=\"summary_large_image\" \/>\n<meta name=\"twitter:label1\" content=\"Est. reading time\" \/>\n\t<meta name=\"twitter:data1\" content=\"2 minutes\" \/>\n<script type=\"application\/ld+json\" class=\"yoast-schema-graph\">{\"@context\":\"https:\/\/schema.org\",\"@graph\":[{\"@type\":\"WebPage\",\"@id\":\"https:\/\/sulin.ee\/en\/toode\/flora-vedel-plekieemaldusseep-sapiga-200ml\/\",\"url\":\"https:\/\/sulin.ee\/en\/toode\/flora-vedel-plekieemaldusseep-sapiga-200ml\/\",\"name\":\"Flora vedel plekieemaldusseep sapiga 200ml - sulin.ee\",\"isPartOf\":{\"@id\":\"https:\/\/sulin.ee\/en\/#website\"},\"primaryImageOfPage\":{\"@id\":\"https:\/\/sulin.ee\/en\/toode\/flora-vedel-plekieemaldusseep-sapiga-200ml\/#primaryimage\"},\"image\":{\"@id\":\"https:\/\/sulin.ee\/en\/toode\/flora-vedel-plekieemaldusseep-sapiga-200ml\/#primaryimage\"},\"thumbnailUrl\":\"https:\/\/sulin.ee\/wp-content\/uploads\/2022\/09\/Sapiseep_200ml.png\",\"datePublished\":\"2022-09-13T14:00:51+00:00\",\"dateModified\":\"2026-03-09T06:22:06+00:00\",\"description\":\"Flora kontsentreeritud plekieemaldi sapiga. Pudelil on spetsiaalne, riiete puhastamiseks kohaldatud hari, mis aitab eemaldada plekke ning kulunud kangakiu osakesi.\",\"breadcrumb\":{\"@id\":\"https:\/\/sulin.ee\/en\/toode\/flora-vedel-plekieemaldusseep-sapiga-200ml\/#breadcrumb\"},\"inLanguage\":\"en-US\",\"potentialAction\":[{\"@type\":\"ReadAction\",\"target\":[\"https:\/\/sulin.ee\/en\/toode\/flora-vedel-plekieemaldusseep-sapiga-200ml\/\"]}]},{\"@type\":\"ImageObject\",\"inLanguage\":\"en-US\",\"@id\":\"https:\/\/sulin.ee\/en\/toode\/flora-vedel-plekieemaldusseep-sapiga-200ml\/#primaryimage\",\"url\":\"https:\/\/sulin.ee\/wp-content\/uploads\/2022\/09\/Sapiseep_200ml.png\",\"contentUrl\":\"https:\/\/sulin.ee\/wp-content\/uploads\/2022\/09\/Sapiseep_200ml.png\",\"width\":800,\"height\":800,\"caption\":\"Flora\"},{\"@type\":\"BreadcrumbList\",\"@id\":\"https:\/\/sulin.ee\/en\/toode\/flora-vedel-plekieemaldusseep-sapiga-200ml\/#breadcrumb\",\"itemListElement\":[{\"@type\":\"ListItem\",\"position\":1,\"name\":\"Home\",\"item\":\"https:\/\/sulin.ee\/en\/\"},{\"@type\":\"ListItem\",\"position\":2,\"name\":\"Sulin.ee e-pood\",\"item\":\"https:\/\/sulin.ee\/shop\/\"},{\"@type\":\"ListItem\",\"position\":3,\"name\":\"Flora vedel plekieemaldusseep sapiga 200ml\"}]},{\"@type\":\"WebSite\",\"@id\":\"https:\/\/sulin.ee\/en\/#website\",\"url\":\"https:\/\/sulin.ee\/en\/\",\"name\":\"sulin.ee\",\"description\":\"\",\"publisher\":{\"@id\":\"https:\/\/sulin.ee\/en\/#organization\"},\"potentialAction\":[{\"@type\":\"SearchAction\",\"target\":{\"@type\":\"EntryPoint\",\"urlTemplate\":\"https:\/\/sulin.ee\/en\/?s={search_term_string}\"},\"query-input\":{\"@type\":\"PropertyValueSpecification\",\"valueRequired\":true,\"valueName\":\"search_term_string\"}}],\"inLanguage\":\"en-US\"},{\"@type\":\"Organization\",\"@id\":\"https:\/\/sulin.ee\/en\/#organization\",\"name\":\"SULIN TRADE O\u00dc\",\"url\":\"https:\/\/sulin.ee\/en\/\",\"logo\":{\"@type\":\"ImageObject\",\"inLanguage\":\"en-US\",\"@id\":\"https:\/\/sulin.ee\/en\/#\/schema\/logo\/image\/\",\"url\":\"https:\/\/sulin.ee\/wp-content\/uploads\/2022\/11\/sulin-logo.png\",\"contentUrl\":\"https:\/\/sulin.ee\/wp-content\/uploads\/2022\/11\/sulin-logo.png\",\"width\":871,\"height\":321,\"caption\":\"SULIN TRADE O\u00dc\"},\"image\":{\"@id\":\"https:\/\/sulin.ee\/en\/#\/schema\/logo\/image\/\"},\"sameAs\":[\"https:\/\/www.facebook.com\/www.sulin.ee\/\",\"https:\/\/www.instagram.com\/sulintrade\/\"]}]}<\/script>\n<!-- \/ Yoast SEO plugin. -->","yoast_head_json":{"title":"Flora vedel plekieemaldusseep sapiga 200ml - sulin.ee","description":"Flora kontsentreeritud plekieemaldi sapiga. Pudelil on spetsiaalne, riiete puhastamiseks kohaldatud hari, mis aitab eemaldada plekke ning kulunud kangakiu osakesi.","robots":{"index":"index","follow":"follow","max-snippet":"max-snippet:-1","max-image-preview":"max-image-preview:large","max-video-preview":"max-video-preview:-1"},"canonical":"https:\/\/sulin.ee\/en\/toode\/flora-vedel-plekieemaldusseep-sapiga-200ml\/","og_locale":"en_US","og_type":"article","og_title":"Flora vedel plekieemaldusseep sapiga 200ml - sulin.ee","og_description":"Flora kontsentreeritud plekieemaldi sapiga. Pudelil on spetsiaalne, riiete puhastamiseks kohaldatud hari, mis aitab eemaldada plekke ning kulunud kangakiu osakesi.","og_url":"https:\/\/sulin.ee\/en\/toode\/flora-vedel-plekieemaldusseep-sapiga-200ml\/","og_site_name":"sulin.ee","article_publisher":"https:\/\/www.facebook.com\/www.sulin.ee\/","article_modified_time":"2026-03-09T06:22:06+00:00","og_image":[{"width":800,"height":800,"url":"https:\/\/sulin.ee\/wp-content\/uploads\/2022\/09\/Sapiseep_200ml.png","type":"image\/png"}],"twitter_card":"summary_large_image","twitter_misc":{"Est. reading time":"2 minutes"},"schema":{"@context":"https:\/\/schema.org","@graph":[{"@type":"WebPage","@id":"https:\/\/sulin.ee\/en\/toode\/flora-vedel-plekieemaldusseep-sapiga-200ml\/","url":"https:\/\/sulin.ee\/en\/toode\/flora-vedel-plekieemaldusseep-sapiga-200ml\/","name":"Flora vedel plekieemaldusseep sapiga 200ml - sulin.ee","isPartOf":{"@id":"https:\/\/sulin.ee\/en\/#website"},"primaryImageOfPage":{"@id":"https:\/\/sulin.ee\/en\/toode\/flora-vedel-plekieemaldusseep-sapiga-200ml\/#primaryimage"},"image":{"@id":"https:\/\/sulin.ee\/en\/toode\/flora-vedel-plekieemaldusseep-sapiga-200ml\/#primaryimage"},"thumbnailUrl":"https:\/\/sulin.ee\/wp-content\/uploads\/2022\/09\/Sapiseep_200ml.png","datePublished":"2022-09-13T14:00:51+00:00","dateModified":"2026-03-09T06:22:06+00:00","description":"Flora kontsentreeritud plekieemaldi sapiga. Pudelil on spetsiaalne, riiete puhastamiseks kohaldatud hari, mis aitab eemaldada plekke ning kulunud kangakiu osakesi.","breadcrumb":{"@id":"https:\/\/sulin.ee\/en\/toode\/flora-vedel-plekieemaldusseep-sapiga-200ml\/#breadcrumb"},"inLanguage":"en-US","potentialAction":[{"@type":"ReadAction","target":["https:\/\/sulin.ee\/en\/toode\/flora-vedel-plekieemaldusseep-sapiga-200ml\/"]}]},{"@type":"ImageObject","inLanguage":"en-US","@id":"https:\/\/sulin.ee\/en\/toode\/flora-vedel-plekieemaldusseep-sapiga-200ml\/#primaryimage","url":"https:\/\/sulin.ee\/wp-content\/uploads\/2022\/09\/Sapiseep_200ml.png","contentUrl":"https:\/\/sulin.ee\/wp-content\/uploads\/2022\/09\/Sapiseep_200ml.png","width":800,"height":800,"caption":"Flora"},{"@type":"BreadcrumbList","@id":"https:\/\/sulin.ee\/en\/toode\/flora-vedel-plekieemaldusseep-sapiga-200ml\/#breadcrumb","itemListElement":[{"@type":"ListItem","position":1,"name":"Home","item":"https:\/\/sulin.ee\/en\/"},{"@type":"ListItem","position":2,"name":"Sulin.ee e-pood","item":"https:\/\/sulin.ee\/shop\/"},{"@type":"ListItem","position":3,"name":"Flora vedel plekieemaldusseep sapiga 200ml"}]},{"@type":"WebSite","@id":"https:\/\/sulin.ee\/en\/#website","url":"https:\/\/sulin.ee\/en\/","name":"sulin.ee","description":"","publisher":{"@id":"https:\/\/sulin.ee\/en\/#organization"},"potentialAction":[{"@type":"SearchAction","target":{"@type":"EntryPoint","urlTemplate":"https:\/\/sulin.ee\/en\/?s={search_term_string}"},"query-input":{"@type":"PropertyValueSpecification","valueRequired":true,"valueName":"search_term_string"}}],"inLanguage":"en-US"},{"@type":"Organization","@id":"https:\/\/sulin.ee\/en\/#organization","name":"SULIN TRADE O\u00dc","url":"https:\/\/sulin.ee\/en\/","logo":{"@type":"ImageObject","inLanguage":"en-US","@id":"https:\/\/sulin.ee\/en\/#\/schema\/logo\/image\/","url":"https:\/\/sulin.ee\/wp-content\/uploads\/2022\/11\/sulin-logo.png","contentUrl":"https:\/\/sulin.ee\/wp-content\/uploads\/2022\/11\/sulin-logo.png","width":871,"height":321,"caption":"SULIN TRADE O\u00dc"},"image":{"@id":"https:\/\/sulin.ee\/en\/#\/schema\/logo\/image\/"},"sameAs":["https:\/\/www.facebook.com\/www.sulin.ee\/","https:\/\/www.instagram.com\/sulintrade\/"]}]}},"builder_content":"","_links":{"self":[{"href":"https:\/\/sulin.ee\/en\/wp-json\/wp\/v2\/product\/306","targetHints":{"allow":["GET"]}}],"collection":[{"href":"https:\/\/sulin.ee\/en\/wp-json\/wp\/v2\/product"}],"about":[{"href":"https:\/\/sulin.ee\/en\/wp-json\/wp\/v2\/types\/product"}],"replies":[{"embeddable":true,"href":"https:\/\/sulin.ee\/en\/wp-json\/wp\/v2\/comments?post=306"}],"wp:featuredmedia":[{"embeddable":true,"href":"https:\/\/sulin.ee\/en\/wp-json\/wp\/v2\/media\/2939"}],"wp:attachment":[{"href":"https:\/\/sulin.ee\/en\/wp-json\/wp\/v2\/media?parent=306"}],"wp:term":[{"taxonomy":"product_brand","embeddable":true,"href":"https:\/\/sulin.ee\/en\/wp-json\/wp\/v2\/product_brand?post=306"},{"taxonomy":"product_cat","embeddable":true,"href":"https:\/\/sulin.ee\/en\/wp-json\/wp\/v2\/product_cat?post=306"},{"taxonomy":"product_tag","embeddable":true,"href":"https:\/\/sulin.ee\/en\/wp-json\/wp\/v2\/product_tag?post=306"}],"curies":[{"name":"wp","href":"https:\/\/api.w.org\/{rel}","templated":true}]}}