{"id":29565,"date":"2024-12-14T09:52:58","date_gmt":"2024-12-14T09:52:58","guid":{"rendered":"https:\/\/sulin.ee\/?post_type=product&#038;p=29565"},"modified":"2026-03-12T14:03:33","modified_gmt":"2026-03-12T14:03:33","slug":"naljakas-huppetainas-sadelus-15-g-trendhaus","status":"publish","type":"product","link":"https:\/\/sulin.ee\/en\/toode\/naljakas-huppetainas-sadelus-15-g-trendhaus\/","title":{"rendered":"Naljakas H\u00fcppetainas &#8211; S\u00e4delus (15 g)"},"content":{"rendered":"<p><strong>Naljakas H\u00fcppetainas<\/strong> pakub l\u00f5putult m\u00e4ngulusti \u2013 venita, s\u00f5tku, vooli ja pane see h\u00fcppama! Selle s\u00e4deleva modelleerimmassiga, mis on pakitud efektse t\u00e4hekujulise hoiupurgi sisse, ei hakka kunagi igav.<\/p>\n<p><strong>Tainas on saadaval kolmes l\u00f5busas v\u00e4rvitoonis:<\/strong> kollane, sinine ja roosa, kuid v\u00e4rv saadetakse juhuslikkuse alusel, lisades m\u00e4ngule \u00fcllatusmomendi.<\/p>\n<p>Toode pole sobilik alla 3-aastastele lastele v\u00e4ikeste osade t\u00f5ttu, mis v\u00f5ivad p\u00f5hjustada l\u00e4mbumisohtu. Soovitame t\u00e4iskasvanute j\u00e4relvalvet.<\/p>\n<p><strong>Naljakas H\u00fcppetainas<\/strong> on ideaalne viis loovuse ja m\u00e4ngur\u00f5\u00f5mu \u00fchendamiseks!<\/p>\n<p><strong>Kogus:<\/strong> 15 g.<\/p>\n<p>Kui su laps armastab loovalt voolida ja m\u00e4ngida, siis uuri ka meie teisi p\u00f5nevaid <strong><a href=\"https:\/\/sulin.ee\/tootekategooria\/mangimine\/voolimismassid\/\" target=\"_blank\" rel=\"noopener\">voolimismaterjale<\/a><\/strong>, mis muudavad m\u00e4nguhetked veelgi mitmekesisemaks ja l\u00f5busamaks!<\/p>\n","protected":false},"excerpt":{"rendered":"<p><strong>Naljakas Huppetainas<\/strong> <strong>on s\u00e4delev ja l\u00f5bus modelleerimismass, mida saab venitada, s\u00f5tkuda, voolida ja h\u00fcppama panna. Saadaval kolmes v\u00e4rvitoonis (v\u00e4rv valitakse juhuslikult), see pakub loovat m\u00e4ngur\u00f5\u00f5mu nii lastele kui ka t\u00e4iskasvanutele.<\/strong><\/p>\n","protected":false},"featured_media":24204,"comment_status":"open","ping_status":"closed","template":"","meta":[],"product_brand":[],"product_cat":[110,1162,1165,1166,1023,102,1017,926,1420,23],"product_tag":[],"class_list":{"0":"post-29565","1":"product","2":"type-product","3":"status-publish","4":"has-post-thumbnail","6":"product_cat-mangimine","7":"product_cat-kingituseks","8":"product_cat-3-5-aastat","9":"product_cat-6-8-aastat","10":"product_cat-motoorika","11":"product_cat-kunstivahendid","12":"product_cat-meisterdamine","13":"product_cat-voolimismassid","14":"product_cat-trendhaus","15":"product_cat-soodus","16":"has-post-title","17":"has-post-date","18":"has-post-category","19":"has-post-tag","20":"has-post-comment","21":"has-post-author","22":"","24":"first","25":"instock","26":"sale","27":"taxable","28":"shipping-taxable","29":"purchasable","30":"product-type-simple"},"yoast_head":"<!-- This site is optimized with the Yoast SEO plugin v26.8 - https:\/\/yoast.com\/product\/yoast-seo-wordpress\/ -->\n<title>Naljakas H\u00fcppetainas - S\u00e4delus (15 g) - sulin.ee<\/title>\n<meta name=\"description\" content=\"Naljakas H\u00fcppetainas on s\u00e4delev ja l\u00f5bus modelleerimissavi, mida saab venitada, s\u00f5tkuda, voolida ja h\u00fcppama panna. Saadaval kolmes v\u00e4rvitoonis.\" \/>\n<meta name=\"robots\" content=\"index, follow, max-snippet:-1, max-image-preview:large, max-video-preview:-1\" \/>\n<link rel=\"canonical\" href=\"https:\/\/sulin.ee\/en\/toode\/naljakas-huppetainas-sadelus-15-g-trendhaus\/\" \/>\n<meta property=\"og:locale\" content=\"en_US\" \/>\n<meta property=\"og:type\" content=\"article\" \/>\n<meta property=\"og:title\" content=\"Naljakas H\u00fcppetainas - S\u00e4delus (15 g) - sulin.ee\" \/>\n<meta property=\"og:description\" content=\"Naljakas H\u00fcppetainas on s\u00e4delev ja l\u00f5bus modelleerimissavi, mida saab venitada, s\u00f5tkuda, voolida ja h\u00fcppama panna. Saadaval kolmes v\u00e4rvitoonis.\" \/>\n<meta property=\"og:url\" content=\"https:\/\/sulin.ee\/en\/toode\/naljakas-huppetainas-sadelus-15-g-trendhaus\/\" \/>\n<meta property=\"og:site_name\" content=\"sulin.ee\" \/>\n<meta property=\"article:publisher\" content=\"https:\/\/www.facebook.com\/www.sulin.ee\/\" \/>\n<meta property=\"article:modified_time\" content=\"2026-03-12T14:03:33+00:00\" \/>\n<meta property=\"og:image\" content=\"https:\/\/sulin.ee\/wp-content\/uploads\/2024\/11\/13897-TH963192-magic-moments-naljakas-huppetainas-sadelus-15-g-1-tk-3-kujundust.jpg\" \/>\n\t<meta property=\"og:image:width\" content=\"800\" \/>\n\t<meta property=\"og:image:height\" content=\"800\" \/>\n\t<meta property=\"og:image:type\" content=\"image\/jpeg\" \/>\n<meta name=\"twitter:card\" content=\"summary_large_image\" \/>\n<meta name=\"twitter:label1\" content=\"Est. reading time\" \/>\n\t<meta name=\"twitter:data1\" content=\"1 minute\" \/>\n<script type=\"application\/ld+json\" class=\"yoast-schema-graph\">{\"@context\":\"https:\/\/schema.org\",\"@graph\":[{\"@type\":\"WebPage\",\"@id\":\"https:\/\/sulin.ee\/en\/toode\/naljakas-huppetainas-sadelus-15-g-trendhaus\/\",\"url\":\"https:\/\/sulin.ee\/en\/toode\/naljakas-huppetainas-sadelus-15-g-trendhaus\/\",\"name\":\"Naljakas H\u00fcppetainas - S\u00e4delus (15 g) - sulin.ee\",\"isPartOf\":{\"@id\":\"https:\/\/sulin.ee\/en\/#website\"},\"primaryImageOfPage\":{\"@id\":\"https:\/\/sulin.ee\/en\/toode\/naljakas-huppetainas-sadelus-15-g-trendhaus\/#primaryimage\"},\"image\":{\"@id\":\"https:\/\/sulin.ee\/en\/toode\/naljakas-huppetainas-sadelus-15-g-trendhaus\/#primaryimage\"},\"thumbnailUrl\":\"https:\/\/sulin.ee\/wp-content\/uploads\/2024\/11\/13897-TH963192-magic-moments-naljakas-huppetainas-sadelus-15-g-1-tk-3-kujundust.jpg\",\"datePublished\":\"2024-12-14T09:52:58+00:00\",\"dateModified\":\"2026-03-12T14:03:33+00:00\",\"description\":\"Naljakas H\u00fcppetainas on s\u00e4delev ja l\u00f5bus modelleerimissavi, mida saab venitada, s\u00f5tkuda, voolida ja h\u00fcppama panna. Saadaval kolmes v\u00e4rvitoonis.\",\"breadcrumb\":{\"@id\":\"https:\/\/sulin.ee\/en\/toode\/naljakas-huppetainas-sadelus-15-g-trendhaus\/#breadcrumb\"},\"inLanguage\":\"en-US\",\"potentialAction\":[{\"@type\":\"ReadAction\",\"target\":[\"https:\/\/sulin.ee\/en\/toode\/naljakas-huppetainas-sadelus-15-g-trendhaus\/\"]}]},{\"@type\":\"ImageObject\",\"inLanguage\":\"en-US\",\"@id\":\"https:\/\/sulin.ee\/en\/toode\/naljakas-huppetainas-sadelus-15-g-trendhaus\/#primaryimage\",\"url\":\"https:\/\/sulin.ee\/wp-content\/uploads\/2024\/11\/13897-TH963192-magic-moments-naljakas-huppetainas-sadelus-15-g-1-tk-3-kujundust.jpg\",\"contentUrl\":\"https:\/\/sulin.ee\/wp-content\/uploads\/2024\/11\/13897-TH963192-magic-moments-naljakas-huppetainas-sadelus-15-g-1-tk-3-kujundust.jpg\",\"width\":800,\"height\":800,\"caption\":\"Naljakas h\u00fcppetainas\"},{\"@type\":\"BreadcrumbList\",\"@id\":\"https:\/\/sulin.ee\/en\/toode\/naljakas-huppetainas-sadelus-15-g-trendhaus\/#breadcrumb\",\"itemListElement\":[{\"@type\":\"ListItem\",\"position\":1,\"name\":\"Home\",\"item\":\"https:\/\/sulin.ee\/en\/\"},{\"@type\":\"ListItem\",\"position\":2,\"name\":\"Sulin.ee e-pood\",\"item\":\"https:\/\/sulin.ee\/shop\/\"},{\"@type\":\"ListItem\",\"position\":3,\"name\":\"Naljakas H\u00fcppetainas &#8211; S\u00e4delus (15 g)\"}]},{\"@type\":\"WebSite\",\"@id\":\"https:\/\/sulin.ee\/en\/#website\",\"url\":\"https:\/\/sulin.ee\/en\/\",\"name\":\"sulin.ee\",\"description\":\"\",\"publisher\":{\"@id\":\"https:\/\/sulin.ee\/en\/#organization\"},\"potentialAction\":[{\"@type\":\"SearchAction\",\"target\":{\"@type\":\"EntryPoint\",\"urlTemplate\":\"https:\/\/sulin.ee\/en\/?s={search_term_string}\"},\"query-input\":{\"@type\":\"PropertyValueSpecification\",\"valueRequired\":true,\"valueName\":\"search_term_string\"}}],\"inLanguage\":\"en-US\"},{\"@type\":\"Organization\",\"@id\":\"https:\/\/sulin.ee\/en\/#organization\",\"name\":\"SULIN TRADE O\u00dc\",\"url\":\"https:\/\/sulin.ee\/en\/\",\"logo\":{\"@type\":\"ImageObject\",\"inLanguage\":\"en-US\",\"@id\":\"https:\/\/sulin.ee\/en\/#\/schema\/logo\/image\/\",\"url\":\"https:\/\/sulin.ee\/wp-content\/uploads\/2022\/11\/sulin-logo.png\",\"contentUrl\":\"https:\/\/sulin.ee\/wp-content\/uploads\/2022\/11\/sulin-logo.png\",\"width\":871,\"height\":321,\"caption\":\"SULIN TRADE O\u00dc\"},\"image\":{\"@id\":\"https:\/\/sulin.ee\/en\/#\/schema\/logo\/image\/\"},\"sameAs\":[\"https:\/\/www.facebook.com\/www.sulin.ee\/\",\"https:\/\/www.instagram.com\/sulintrade\/\"]}]}<\/script>\n<!-- \/ Yoast SEO plugin. -->","yoast_head_json":{"title":"Naljakas H\u00fcppetainas - S\u00e4delus (15 g) - sulin.ee","description":"Naljakas H\u00fcppetainas on s\u00e4delev ja l\u00f5bus modelleerimissavi, mida saab venitada, s\u00f5tkuda, voolida ja h\u00fcppama panna. Saadaval kolmes v\u00e4rvitoonis.","robots":{"index":"index","follow":"follow","max-snippet":"max-snippet:-1","max-image-preview":"max-image-preview:large","max-video-preview":"max-video-preview:-1"},"canonical":"https:\/\/sulin.ee\/en\/toode\/naljakas-huppetainas-sadelus-15-g-trendhaus\/","og_locale":"en_US","og_type":"article","og_title":"Naljakas H\u00fcppetainas - S\u00e4delus (15 g) - sulin.ee","og_description":"Naljakas H\u00fcppetainas on s\u00e4delev ja l\u00f5bus modelleerimissavi, mida saab venitada, s\u00f5tkuda, voolida ja h\u00fcppama panna. Saadaval kolmes v\u00e4rvitoonis.","og_url":"https:\/\/sulin.ee\/en\/toode\/naljakas-huppetainas-sadelus-15-g-trendhaus\/","og_site_name":"sulin.ee","article_publisher":"https:\/\/www.facebook.com\/www.sulin.ee\/","article_modified_time":"2026-03-12T14:03:33+00:00","og_image":[{"width":800,"height":800,"url":"https:\/\/sulin.ee\/wp-content\/uploads\/2024\/11\/13897-TH963192-magic-moments-naljakas-huppetainas-sadelus-15-g-1-tk-3-kujundust.jpg","type":"image\/jpeg"}],"twitter_card":"summary_large_image","twitter_misc":{"Est. reading time":"1 minute"},"schema":{"@context":"https:\/\/schema.org","@graph":[{"@type":"WebPage","@id":"https:\/\/sulin.ee\/en\/toode\/naljakas-huppetainas-sadelus-15-g-trendhaus\/","url":"https:\/\/sulin.ee\/en\/toode\/naljakas-huppetainas-sadelus-15-g-trendhaus\/","name":"Naljakas H\u00fcppetainas - S\u00e4delus (15 g) - sulin.ee","isPartOf":{"@id":"https:\/\/sulin.ee\/en\/#website"},"primaryImageOfPage":{"@id":"https:\/\/sulin.ee\/en\/toode\/naljakas-huppetainas-sadelus-15-g-trendhaus\/#primaryimage"},"image":{"@id":"https:\/\/sulin.ee\/en\/toode\/naljakas-huppetainas-sadelus-15-g-trendhaus\/#primaryimage"},"thumbnailUrl":"https:\/\/sulin.ee\/wp-content\/uploads\/2024\/11\/13897-TH963192-magic-moments-naljakas-huppetainas-sadelus-15-g-1-tk-3-kujundust.jpg","datePublished":"2024-12-14T09:52:58+00:00","dateModified":"2026-03-12T14:03:33+00:00","description":"Naljakas H\u00fcppetainas on s\u00e4delev ja l\u00f5bus modelleerimissavi, mida saab venitada, s\u00f5tkuda, voolida ja h\u00fcppama panna. Saadaval kolmes v\u00e4rvitoonis.","breadcrumb":{"@id":"https:\/\/sulin.ee\/en\/toode\/naljakas-huppetainas-sadelus-15-g-trendhaus\/#breadcrumb"},"inLanguage":"en-US","potentialAction":[{"@type":"ReadAction","target":["https:\/\/sulin.ee\/en\/toode\/naljakas-huppetainas-sadelus-15-g-trendhaus\/"]}]},{"@type":"ImageObject","inLanguage":"en-US","@id":"https:\/\/sulin.ee\/en\/toode\/naljakas-huppetainas-sadelus-15-g-trendhaus\/#primaryimage","url":"https:\/\/sulin.ee\/wp-content\/uploads\/2024\/11\/13897-TH963192-magic-moments-naljakas-huppetainas-sadelus-15-g-1-tk-3-kujundust.jpg","contentUrl":"https:\/\/sulin.ee\/wp-content\/uploads\/2024\/11\/13897-TH963192-magic-moments-naljakas-huppetainas-sadelus-15-g-1-tk-3-kujundust.jpg","width":800,"height":800,"caption":"Naljakas h\u00fcppetainas"},{"@type":"BreadcrumbList","@id":"https:\/\/sulin.ee\/en\/toode\/naljakas-huppetainas-sadelus-15-g-trendhaus\/#breadcrumb","itemListElement":[{"@type":"ListItem","position":1,"name":"Home","item":"https:\/\/sulin.ee\/en\/"},{"@type":"ListItem","position":2,"name":"Sulin.ee e-pood","item":"https:\/\/sulin.ee\/shop\/"},{"@type":"ListItem","position":3,"name":"Naljakas H\u00fcppetainas &#8211; S\u00e4delus (15 g)"}]},{"@type":"WebSite","@id":"https:\/\/sulin.ee\/en\/#website","url":"https:\/\/sulin.ee\/en\/","name":"sulin.ee","description":"","publisher":{"@id":"https:\/\/sulin.ee\/en\/#organization"},"potentialAction":[{"@type":"SearchAction","target":{"@type":"EntryPoint","urlTemplate":"https:\/\/sulin.ee\/en\/?s={search_term_string}"},"query-input":{"@type":"PropertyValueSpecification","valueRequired":true,"valueName":"search_term_string"}}],"inLanguage":"en-US"},{"@type":"Organization","@id":"https:\/\/sulin.ee\/en\/#organization","name":"SULIN TRADE O\u00dc","url":"https:\/\/sulin.ee\/en\/","logo":{"@type":"ImageObject","inLanguage":"en-US","@id":"https:\/\/sulin.ee\/en\/#\/schema\/logo\/image\/","url":"https:\/\/sulin.ee\/wp-content\/uploads\/2022\/11\/sulin-logo.png","contentUrl":"https:\/\/sulin.ee\/wp-content\/uploads\/2022\/11\/sulin-logo.png","width":871,"height":321,"caption":"SULIN TRADE O\u00dc"},"image":{"@id":"https:\/\/sulin.ee\/en\/#\/schema\/logo\/image\/"},"sameAs":["https:\/\/www.facebook.com\/www.sulin.ee\/","https:\/\/www.instagram.com\/sulintrade\/"]}]}},"builder_content":"","_links":{"self":[{"href":"https:\/\/sulin.ee\/en\/wp-json\/wp\/v2\/product\/29565","targetHints":{"allow":["GET"]}}],"collection":[{"href":"https:\/\/sulin.ee\/en\/wp-json\/wp\/v2\/product"}],"about":[{"href":"https:\/\/sulin.ee\/en\/wp-json\/wp\/v2\/types\/product"}],"replies":[{"embeddable":true,"href":"https:\/\/sulin.ee\/en\/wp-json\/wp\/v2\/comments?post=29565"}],"wp:featuredmedia":[{"embeddable":true,"href":"https:\/\/sulin.ee\/en\/wp-json\/wp\/v2\/media\/24204"}],"wp:attachment":[{"href":"https:\/\/sulin.ee\/en\/wp-json\/wp\/v2\/media?parent=29565"}],"wp:term":[{"taxonomy":"product_brand","embeddable":true,"href":"https:\/\/sulin.ee\/en\/wp-json\/wp\/v2\/product_brand?post=29565"},{"taxonomy":"product_cat","embeddable":true,"href":"https:\/\/sulin.ee\/en\/wp-json\/wp\/v2\/product_cat?post=29565"},{"taxonomy":"product_tag","embeddable":true,"href":"https:\/\/sulin.ee\/en\/wp-json\/wp\/v2\/product_tag?post=29565"}],"curies":[{"name":"wp","href":"https:\/\/api.w.org\/{rel}","templated":true}]}}