{"id":29552,"date":"2024-12-14T09:52:13","date_gmt":"2024-12-14T09:52:13","guid":{"rendered":"https:\/\/sulin.ee\/?post_type=product&#038;p=29552"},"modified":"2025-09-07T21:44:21","modified_gmt":"2025-09-07T21:44:21","slug":"origami-huppavad-loomad-2","status":"publish","type":"product","link":"https:\/\/sulin.ee\/en\/toode\/origami-huppavad-loomad-2\/","title":{"rendered":"Origami &#8220;H\u00fcppavad loomad&#8221;"},"content":{"rendered":"<p><strong>Origami &#8220;H\u00fcppavad loomad&#8221; on l\u00f5bus ja loov tegevus, mis toob laste maailma m\u00e4ngulisust ja k\u00e4tet\u00f6\u00f6d. Komplektis on k\u00f5ik vajalik, et voltida ise\u00e4ralikud ja toredad loomakujud, mis saavad liikuma vaid lihtsa s\u00f5rmelibistusega. <\/strong><\/p>\n<p>See on suurep\u00e4rane v\u00f5imalus arendada k\u00e4elist osavust, kannatlikkust ja loomingulisust, pakkudes samal ajal l\u00f5busaid hetki pere v\u00f5i s\u00f5prade seltsis. Lisaks \u00f5petab see lastele ja noortele traditsioonilist origamitehnikat, mis on samal ajal nii p\u00f5nev kui ka hariv. Vaata toodet tutvustavat vudeot <a href=\"https:\/\/youtu.be\/QszJXjZa9Cc\" target=\"_blank\" rel=\"noopener\">siit.<\/a><\/p>\n<p>Kaunid ja v\u00e4rvilised paberid lisavad meisterdamisele r\u00f5\u00f5msat stiili, muutes iga loomakuju ainulaadseks ja elavaks. <strong><a href=\"https:\/\/www.djeco.com\/en\" target=\"_blank\" rel=\"noopener\">Djeco<\/a><\/strong> origami &#8220;H\u00fcppavad loomad&#8221; on ideaalne kingiidee ja suurep\u00e4rane tegevus, mis toob naeru igasse p\u00e4eva!<\/p>\n<p>Sobib lastele <strong>vanuses 7\u201312 aastat<\/strong>, pakkudes loovat ja praktilist tegevust.<\/p>\n<p><strong>Hoiatus:<\/strong> Ei sobi alla 3-aastastele lastele, kuna sisaldab v\u00e4ikeseid osi, mis v\u00f5ivad p\u00f5hjustada l\u00e4mbumisohtu.<\/p>\n<p>Vaata ka teisi meisterdamisvahendeid <a href=\"https:\/\/sulin.ee\/tootekategooria\/mangimine\/kunstivahendid\/meisterdamine\/\" target=\"_blank\" rel=\"noopener\"><strong>siit<\/strong><\/a>.<\/p>\n","protected":false},"excerpt":{"rendered":"<p><strong>Origami &#8220;H\u00fcppavad loomad&#8221; on loov ja l\u00f5bus tegevus, mis toob m\u00e4ngu ja meisterdamise r\u00f5\u00f5mu igasse p\u00e4eva. Komplektis saab ise voltida v\u00e4rvilisi loomakujusid, mis h\u00fcppavad ja pakuvad l\u00f5busat ajaviidet kogu perele!<\/strong><\/p>\n","protected":false},"featured_media":23920,"comment_status":"open","ping_status":"closed","template":"","meta":[],"product_brand":[],"product_cat":[110,1162,1166,102,1017,928],"product_tag":[],"class_list":{"0":"post-29552","1":"product","2":"type-product","3":"status-publish","4":"has-post-thumbnail","6":"product_cat-mangimine","7":"product_cat-kingituseks","8":"product_cat-6-8-aastat","9":"product_cat-kunstivahendid","10":"product_cat-meisterdamine","11":"product_cat-djeco","12":"has-post-title","13":"has-post-date","14":"has-post-category","15":"has-post-tag","16":"has-post-comment","17":"has-post-author","18":"","20":"first","21":"instock","22":"sale","23":"taxable","24":"shipping-taxable","25":"purchasable","26":"product-type-simple"},"yoast_head":"<!-- This site is optimized with the Yoast SEO plugin v26.8 - https:\/\/yoast.com\/product\/yoast-seo-wordpress\/ -->\n<title>Origami &quot;H\u00fcppavad loomad&quot; - sulin.ee<\/title>\n<meta name=\"description\" content=\"Origami &quot;H\u00fcppavad loomad&quot; on l\u00f5bus ja loov tegevus, mis toob laste maailma m\u00e4ngulisust ja k\u00e4tet\u00f6\u00f6d. Komplektis on k\u00f5ik vajalik.\" \/>\n<meta name=\"robots\" content=\"index, follow, max-snippet:-1, max-image-preview:large, max-video-preview:-1\" \/>\n<link rel=\"canonical\" href=\"https:\/\/sulin.ee\/en\/toode\/origami-huppavad-loomad-2\/\" \/>\n<meta property=\"og:locale\" content=\"en_US\" \/>\n<meta property=\"og:type\" content=\"article\" \/>\n<meta property=\"og:title\" content=\"Origami &quot;H\u00fcppavad loomad&quot; - sulin.ee\" \/>\n<meta property=\"og:description\" content=\"Origami &quot;H\u00fcppavad loomad&quot; on l\u00f5bus ja loov tegevus, mis toob laste maailma m\u00e4ngulisust ja k\u00e4tet\u00f6\u00f6d. Komplektis on k\u00f5ik vajalik.\" \/>\n<meta property=\"og:url\" content=\"https:\/\/sulin.ee\/en\/toode\/origami-huppavad-loomad-2\/\" \/>\n<meta property=\"og:site_name\" content=\"sulin.ee\" \/>\n<meta property=\"article:publisher\" content=\"https:\/\/www.facebook.com\/www.sulin.ee\/\" \/>\n<meta property=\"article:modified_time\" content=\"2025-09-07T21:44:21+00:00\" \/>\n<meta property=\"og:image\" content=\"https:\/\/sulin.ee\/wp-content\/uploads\/2024\/11\/13643-DJ08702-origami-huppavad-loomad.jpg\" \/>\n\t<meta property=\"og:image:width\" content=\"800\" \/>\n\t<meta property=\"og:image:height\" content=\"800\" \/>\n\t<meta property=\"og:image:type\" content=\"image\/jpeg\" \/>\n<meta name=\"twitter:card\" content=\"summary_large_image\" \/>\n<meta name=\"twitter:label1\" content=\"Est. reading time\" \/>\n\t<meta name=\"twitter:data1\" content=\"1 minute\" \/>\n<script type=\"application\/ld+json\" class=\"yoast-schema-graph\">{\"@context\":\"https:\/\/schema.org\",\"@graph\":[{\"@type\":\"WebPage\",\"@id\":\"https:\/\/sulin.ee\/en\/toode\/origami-huppavad-loomad-2\/\",\"url\":\"https:\/\/sulin.ee\/en\/toode\/origami-huppavad-loomad-2\/\",\"name\":\"Origami \\\"H\u00fcppavad loomad\\\" - sulin.ee\",\"isPartOf\":{\"@id\":\"https:\/\/sulin.ee\/en\/#website\"},\"primaryImageOfPage\":{\"@id\":\"https:\/\/sulin.ee\/en\/toode\/origami-huppavad-loomad-2\/#primaryimage\"},\"image\":{\"@id\":\"https:\/\/sulin.ee\/en\/toode\/origami-huppavad-loomad-2\/#primaryimage\"},\"thumbnailUrl\":\"https:\/\/sulin.ee\/wp-content\/uploads\/2024\/11\/13643-DJ08702-origami-huppavad-loomad.jpg\",\"datePublished\":\"2024-12-14T09:52:13+00:00\",\"dateModified\":\"2025-09-07T21:44:21+00:00\",\"description\":\"Origami \\\"H\u00fcppavad loomad\\\" on l\u00f5bus ja loov tegevus, mis toob laste maailma m\u00e4ngulisust ja k\u00e4tet\u00f6\u00f6d. Komplektis on k\u00f5ik vajalik.\",\"breadcrumb\":{\"@id\":\"https:\/\/sulin.ee\/en\/toode\/origami-huppavad-loomad-2\/#breadcrumb\"},\"inLanguage\":\"en-US\",\"potentialAction\":[{\"@type\":\"ReadAction\",\"target\":[\"https:\/\/sulin.ee\/en\/toode\/origami-huppavad-loomad-2\/\"]}]},{\"@type\":\"ImageObject\",\"inLanguage\":\"en-US\",\"@id\":\"https:\/\/sulin.ee\/en\/toode\/origami-huppavad-loomad-2\/#primaryimage\",\"url\":\"https:\/\/sulin.ee\/wp-content\/uploads\/2024\/11\/13643-DJ08702-origami-huppavad-loomad.jpg\",\"contentUrl\":\"https:\/\/sulin.ee\/wp-content\/uploads\/2024\/11\/13643-DJ08702-origami-huppavad-loomad.jpg\",\"width\":800,\"height\":800,\"caption\":\"Origami \\\"H\u00fcppavad loomad\\\"\"},{\"@type\":\"BreadcrumbList\",\"@id\":\"https:\/\/sulin.ee\/en\/toode\/origami-huppavad-loomad-2\/#breadcrumb\",\"itemListElement\":[{\"@type\":\"ListItem\",\"position\":1,\"name\":\"Home\",\"item\":\"https:\/\/sulin.ee\/en\/\"},{\"@type\":\"ListItem\",\"position\":2,\"name\":\"Sulin.ee e-pood\",\"item\":\"https:\/\/sulin.ee\/shop\/\"},{\"@type\":\"ListItem\",\"position\":3,\"name\":\"Origami &#8220;H\u00fcppavad loomad&#8221;\"}]},{\"@type\":\"WebSite\",\"@id\":\"https:\/\/sulin.ee\/en\/#website\",\"url\":\"https:\/\/sulin.ee\/en\/\",\"name\":\"sulin.ee\",\"description\":\"\",\"publisher\":{\"@id\":\"https:\/\/sulin.ee\/en\/#organization\"},\"potentialAction\":[{\"@type\":\"SearchAction\",\"target\":{\"@type\":\"EntryPoint\",\"urlTemplate\":\"https:\/\/sulin.ee\/en\/?s={search_term_string}\"},\"query-input\":{\"@type\":\"PropertyValueSpecification\",\"valueRequired\":true,\"valueName\":\"search_term_string\"}}],\"inLanguage\":\"en-US\"},{\"@type\":\"Organization\",\"@id\":\"https:\/\/sulin.ee\/en\/#organization\",\"name\":\"SULIN TRADE O\u00dc\",\"url\":\"https:\/\/sulin.ee\/en\/\",\"logo\":{\"@type\":\"ImageObject\",\"inLanguage\":\"en-US\",\"@id\":\"https:\/\/sulin.ee\/en\/#\/schema\/logo\/image\/\",\"url\":\"https:\/\/sulin.ee\/wp-content\/uploads\/2022\/11\/sulin-logo.png\",\"contentUrl\":\"https:\/\/sulin.ee\/wp-content\/uploads\/2022\/11\/sulin-logo.png\",\"width\":871,\"height\":321,\"caption\":\"SULIN TRADE O\u00dc\"},\"image\":{\"@id\":\"https:\/\/sulin.ee\/en\/#\/schema\/logo\/image\/\"},\"sameAs\":[\"https:\/\/www.facebook.com\/www.sulin.ee\/\",\"https:\/\/www.instagram.com\/sulintrade\/\"]}]}<\/script>\n<!-- \/ Yoast SEO plugin. -->","yoast_head_json":{"title":"Origami \"H\u00fcppavad loomad\" - sulin.ee","description":"Origami \"H\u00fcppavad loomad\" on l\u00f5bus ja loov tegevus, mis toob laste maailma m\u00e4ngulisust ja k\u00e4tet\u00f6\u00f6d. Komplektis on k\u00f5ik vajalik.","robots":{"index":"index","follow":"follow","max-snippet":"max-snippet:-1","max-image-preview":"max-image-preview:large","max-video-preview":"max-video-preview:-1"},"canonical":"https:\/\/sulin.ee\/en\/toode\/origami-huppavad-loomad-2\/","og_locale":"en_US","og_type":"article","og_title":"Origami \"H\u00fcppavad loomad\" - sulin.ee","og_description":"Origami \"H\u00fcppavad loomad\" on l\u00f5bus ja loov tegevus, mis toob laste maailma m\u00e4ngulisust ja k\u00e4tet\u00f6\u00f6d. Komplektis on k\u00f5ik vajalik.","og_url":"https:\/\/sulin.ee\/en\/toode\/origami-huppavad-loomad-2\/","og_site_name":"sulin.ee","article_publisher":"https:\/\/www.facebook.com\/www.sulin.ee\/","article_modified_time":"2025-09-07T21:44:21+00:00","og_image":[{"width":800,"height":800,"url":"https:\/\/sulin.ee\/wp-content\/uploads\/2024\/11\/13643-DJ08702-origami-huppavad-loomad.jpg","type":"image\/jpeg"}],"twitter_card":"summary_large_image","twitter_misc":{"Est. reading time":"1 minute"},"schema":{"@context":"https:\/\/schema.org","@graph":[{"@type":"WebPage","@id":"https:\/\/sulin.ee\/en\/toode\/origami-huppavad-loomad-2\/","url":"https:\/\/sulin.ee\/en\/toode\/origami-huppavad-loomad-2\/","name":"Origami \"H\u00fcppavad loomad\" - sulin.ee","isPartOf":{"@id":"https:\/\/sulin.ee\/en\/#website"},"primaryImageOfPage":{"@id":"https:\/\/sulin.ee\/en\/toode\/origami-huppavad-loomad-2\/#primaryimage"},"image":{"@id":"https:\/\/sulin.ee\/en\/toode\/origami-huppavad-loomad-2\/#primaryimage"},"thumbnailUrl":"https:\/\/sulin.ee\/wp-content\/uploads\/2024\/11\/13643-DJ08702-origami-huppavad-loomad.jpg","datePublished":"2024-12-14T09:52:13+00:00","dateModified":"2025-09-07T21:44:21+00:00","description":"Origami \"H\u00fcppavad loomad\" on l\u00f5bus ja loov tegevus, mis toob laste maailma m\u00e4ngulisust ja k\u00e4tet\u00f6\u00f6d. Komplektis on k\u00f5ik vajalik.","breadcrumb":{"@id":"https:\/\/sulin.ee\/en\/toode\/origami-huppavad-loomad-2\/#breadcrumb"},"inLanguage":"en-US","potentialAction":[{"@type":"ReadAction","target":["https:\/\/sulin.ee\/en\/toode\/origami-huppavad-loomad-2\/"]}]},{"@type":"ImageObject","inLanguage":"en-US","@id":"https:\/\/sulin.ee\/en\/toode\/origami-huppavad-loomad-2\/#primaryimage","url":"https:\/\/sulin.ee\/wp-content\/uploads\/2024\/11\/13643-DJ08702-origami-huppavad-loomad.jpg","contentUrl":"https:\/\/sulin.ee\/wp-content\/uploads\/2024\/11\/13643-DJ08702-origami-huppavad-loomad.jpg","width":800,"height":800,"caption":"Origami \"H\u00fcppavad loomad\""},{"@type":"BreadcrumbList","@id":"https:\/\/sulin.ee\/en\/toode\/origami-huppavad-loomad-2\/#breadcrumb","itemListElement":[{"@type":"ListItem","position":1,"name":"Home","item":"https:\/\/sulin.ee\/en\/"},{"@type":"ListItem","position":2,"name":"Sulin.ee e-pood","item":"https:\/\/sulin.ee\/shop\/"},{"@type":"ListItem","position":3,"name":"Origami &#8220;H\u00fcppavad loomad&#8221;"}]},{"@type":"WebSite","@id":"https:\/\/sulin.ee\/en\/#website","url":"https:\/\/sulin.ee\/en\/","name":"sulin.ee","description":"","publisher":{"@id":"https:\/\/sulin.ee\/en\/#organization"},"potentialAction":[{"@type":"SearchAction","target":{"@type":"EntryPoint","urlTemplate":"https:\/\/sulin.ee\/en\/?s={search_term_string}"},"query-input":{"@type":"PropertyValueSpecification","valueRequired":true,"valueName":"search_term_string"}}],"inLanguage":"en-US"},{"@type":"Organization","@id":"https:\/\/sulin.ee\/en\/#organization","name":"SULIN TRADE O\u00dc","url":"https:\/\/sulin.ee\/en\/","logo":{"@type":"ImageObject","inLanguage":"en-US","@id":"https:\/\/sulin.ee\/en\/#\/schema\/logo\/image\/","url":"https:\/\/sulin.ee\/wp-content\/uploads\/2022\/11\/sulin-logo.png","contentUrl":"https:\/\/sulin.ee\/wp-content\/uploads\/2022\/11\/sulin-logo.png","width":871,"height":321,"caption":"SULIN TRADE O\u00dc"},"image":{"@id":"https:\/\/sulin.ee\/en\/#\/schema\/logo\/image\/"},"sameAs":["https:\/\/www.facebook.com\/www.sulin.ee\/","https:\/\/www.instagram.com\/sulintrade\/"]}]}},"builder_content":"","_links":{"self":[{"href":"https:\/\/sulin.ee\/en\/wp-json\/wp\/v2\/product\/29552","targetHints":{"allow":["GET"]}}],"collection":[{"href":"https:\/\/sulin.ee\/en\/wp-json\/wp\/v2\/product"}],"about":[{"href":"https:\/\/sulin.ee\/en\/wp-json\/wp\/v2\/types\/product"}],"replies":[{"embeddable":true,"href":"https:\/\/sulin.ee\/en\/wp-json\/wp\/v2\/comments?post=29552"}],"wp:featuredmedia":[{"embeddable":true,"href":"https:\/\/sulin.ee\/en\/wp-json\/wp\/v2\/media\/23920"}],"wp:attachment":[{"href":"https:\/\/sulin.ee\/en\/wp-json\/wp\/v2\/media?parent=29552"}],"wp:term":[{"taxonomy":"product_brand","embeddable":true,"href":"https:\/\/sulin.ee\/en\/wp-json\/wp\/v2\/product_brand?post=29552"},{"taxonomy":"product_cat","embeddable":true,"href":"https:\/\/sulin.ee\/en\/wp-json\/wp\/v2\/product_cat?post=29552"},{"taxonomy":"product_tag","embeddable":true,"href":"https:\/\/sulin.ee\/en\/wp-json\/wp\/v2\/product_tag?post=29552"}],"curies":[{"name":"wp","href":"https:\/\/api.w.org\/{rel}","templated":true}]}}