{"id":29437,"date":"2024-12-14T09:47:48","date_gmt":"2024-12-14T09:47:48","guid":{"rendered":"https:\/\/sulin.ee\/?post_type=product&#038;p=29437"},"modified":"2025-09-07T21:36:51","modified_gmt":"2025-09-07T21:36:51","slug":"meisterdamiskomplekt-3d-putukad","status":"publish","type":"product","link":"https:\/\/sulin.ee\/en\/toode\/meisterdamiskomplekt-3d-putukad\/","title":{"rendered":"Meisterdamiskomplekt 3D putukad"},"content":{"rendered":"<p><strong>Meisterdamiskomplekt 3D putukad<\/strong> \u00fchendab voltimise ja kollaa\u017ei, et luua <strong>4 suurejoonelist kuldset, s\u00e4delevat 3D-putukat<\/strong>!<\/p>\n<p>Komplekt sisaldab <strong>eelnevalt l\u00f5igatud paberi ja papi t\u00fckke<\/strong>, mis on ette valmistatud lihtsaks voltimiseks ja kokkupanekuks. K\u00f5ik vajalikud materjalid on komplektis olemas, sealhulgas <strong>liim, kahepoolne teip ja kleepsud<\/strong>, et lapsed saaksid ise oma k\u00e4tega valmistada stiilseid ja v\u00e4rvilisi putukaid, mida saab hiljem riputada ja kasutada toa kaunistamiseks.<\/p>\n<p>Komplekti kuuluvad <strong>4 illustreeritud papitahvlit<\/strong> (15 x 20 cm), laineline papp, <strong>23 paberit\u00fckki<\/strong>, 1 kleepsuleht, 1 kahepoolsete vahtkleepsude leht, liimituub ja <strong>samm-sammult juhend<\/strong>, mis teeb kokkupaneku lihtsaks ja arusaadavaks. K\u00f5ik osad on <strong>eelnevalt l\u00f5igatud ja volditud<\/strong>, et kokkupanek oleks mugav ja kiire. Illustratsioonid on kaunistatud <strong>kuldsete detailidega<\/strong>, mis lisavad s\u00e4ra ja elegantsi. Vaata toodet tutvustavat videot<a href=\"https:\/\/youtu.be\/A_addfMUkd8\" target=\"_blank\" rel=\"noopener\"><strong> siit.<\/strong><\/a><\/p>\n<p>Valmistatud <strong>FSC\u00ae sertifikaadiga paberist ja papist. <a href=\"https:\/\/www.djeco.com\/en\" target=\"_blank\" rel=\"noopener\">Djeco <\/a><\/strong>meisterdamiskomplekt 3D putukad\u00a0sobib lastele <strong>vanuses 7\u201312 aastat<\/strong>, pakkudes loovat ja arendavat tegevust.<\/p>\n<p><strong>Hoiatus:<\/strong> Ei sobi alla 3-aastastele lastele, kuna sisaldab v\u00e4ikeseid osi, mis v\u00f5ivad p\u00f5hjustada l\u00e4mbumisohtu.<\/p>\n<p>Vaata ka teisi meisterdamisvahendeid <a href=\"https:\/\/sulin.ee\/tootekategooria\/mangimine\/kunstivahendid\/meisterdamine\/\" target=\"_blank\" rel=\"noopener\"><strong>siit<\/strong><\/a>.<\/p>\n","protected":false},"excerpt":{"rendered":"<p>Meisterdamiskomplekt 3D putukad \u00fchendab voltimise ja kollaa\u017ei, et luua 4 suurejoonelist kuldset, s\u00e4delevat 3D-putukat! Komplekt sisaldab eelnevalt l\u00f5igatud paberi ja papi t\u00fckke, mis on ette valmistatud lihtsaks voltimiseks ja kokkupanekuks. K\u00f5ik vajalikud materjalid on komplektis olemas, sealhulgas liim, kahepoolne teip ja kleepsud, et lapsed saaksid ise oma k\u00e4tega valmistada stiilseid ja v\u00e4rvilisi putukaid, mida saab [&hellip;]<\/p>\n","protected":false},"featured_media":22914,"comment_status":"open","ping_status":"closed","template":"","meta":[],"product_brand":[],"product_cat":[110,1162,1166,102,1017,928],"product_tag":[],"class_list":{"0":"post-29437","1":"product","2":"type-product","3":"status-publish","4":"has-post-thumbnail","6":"product_cat-mangimine","7":"product_cat-kingituseks","8":"product_cat-6-8-aastat","9":"product_cat-kunstivahendid","10":"product_cat-meisterdamine","11":"product_cat-djeco","12":"has-post-title","13":"has-post-date","14":"has-post-category","15":"has-post-tag","16":"has-post-comment","17":"has-post-author","18":"","20":"first","21":"instock","22":"sale","23":"taxable","24":"shipping-taxable","25":"purchasable","26":"product-type-simple"},"yoast_head":"<!-- This site is optimized with the Yoast SEO plugin v26.8 - https:\/\/yoast.com\/product\/yoast-seo-wordpress\/ -->\n<title>Meisterdamiskomplekt 3D putukad - sulin.ee<\/title>\n<meta name=\"description\" content=\"Meisterdamiskomplekt 3D putukad \u00fchendab voltimise ja kollaa\u017ei, et luua 4 suurejoonelist kuldset, s\u00e4delevat 3D-putukat!\" \/>\n<meta name=\"robots\" content=\"index, follow, max-snippet:-1, max-image-preview:large, max-video-preview:-1\" \/>\n<link rel=\"canonical\" href=\"https:\/\/sulin.ee\/en\/toode\/meisterdamiskomplekt-3d-putukad\/\" \/>\n<meta property=\"og:locale\" content=\"en_US\" \/>\n<meta property=\"og:type\" content=\"article\" \/>\n<meta property=\"og:title\" content=\"Meisterdamiskomplekt 3D putukad - sulin.ee\" \/>\n<meta property=\"og:description\" content=\"Meisterdamiskomplekt 3D putukad \u00fchendab voltimise ja kollaa\u017ei, et luua 4 suurejoonelist kuldset, s\u00e4delevat 3D-putukat!\" \/>\n<meta property=\"og:url\" content=\"https:\/\/sulin.ee\/en\/toode\/meisterdamiskomplekt-3d-putukad\/\" \/>\n<meta property=\"og:site_name\" content=\"sulin.ee\" \/>\n<meta property=\"article:publisher\" content=\"https:\/\/www.facebook.com\/www.sulin.ee\/\" \/>\n<meta property=\"article:modified_time\" content=\"2025-09-07T21:36:51+00:00\" \/>\n<meta property=\"og:image\" content=\"https:\/\/sulin.ee\/wp-content\/uploads\/2024\/10\/11099-DJ09449-paper-creations-3d-pictures-paper-bugs-80249.jpg\" \/>\n\t<meta property=\"og:image:width\" content=\"600\" \/>\n\t<meta property=\"og:image:height\" content=\"600\" \/>\n\t<meta property=\"og:image:type\" content=\"image\/jpeg\" \/>\n<meta name=\"twitter:card\" content=\"summary_large_image\" \/>\n<meta name=\"twitter:label1\" content=\"Est. reading time\" \/>\n\t<meta name=\"twitter:data1\" content=\"2 minutes\" \/>\n<script type=\"application\/ld+json\" class=\"yoast-schema-graph\">{\"@context\":\"https:\/\/schema.org\",\"@graph\":[{\"@type\":\"WebPage\",\"@id\":\"https:\/\/sulin.ee\/en\/toode\/meisterdamiskomplekt-3d-putukad\/\",\"url\":\"https:\/\/sulin.ee\/en\/toode\/meisterdamiskomplekt-3d-putukad\/\",\"name\":\"Meisterdamiskomplekt 3D putukad - sulin.ee\",\"isPartOf\":{\"@id\":\"https:\/\/sulin.ee\/en\/#website\"},\"primaryImageOfPage\":{\"@id\":\"https:\/\/sulin.ee\/en\/toode\/meisterdamiskomplekt-3d-putukad\/#primaryimage\"},\"image\":{\"@id\":\"https:\/\/sulin.ee\/en\/toode\/meisterdamiskomplekt-3d-putukad\/#primaryimage\"},\"thumbnailUrl\":\"https:\/\/sulin.ee\/wp-content\/uploads\/2024\/10\/11099-DJ09449-paper-creations-3d-pictures-paper-bugs-80249.jpg\",\"datePublished\":\"2024-12-14T09:47:48+00:00\",\"dateModified\":\"2025-09-07T21:36:51+00:00\",\"description\":\"Meisterdamiskomplekt 3D putukad \u00fchendab voltimise ja kollaa\u017ei, et luua 4 suurejoonelist kuldset, s\u00e4delevat 3D-putukat!\",\"breadcrumb\":{\"@id\":\"https:\/\/sulin.ee\/en\/toode\/meisterdamiskomplekt-3d-putukad\/#breadcrumb\"},\"inLanguage\":\"en-US\",\"potentialAction\":[{\"@type\":\"ReadAction\",\"target\":[\"https:\/\/sulin.ee\/en\/toode\/meisterdamiskomplekt-3d-putukad\/\"]}]},{\"@type\":\"ImageObject\",\"inLanguage\":\"en-US\",\"@id\":\"https:\/\/sulin.ee\/en\/toode\/meisterdamiskomplekt-3d-putukad\/#primaryimage\",\"url\":\"https:\/\/sulin.ee\/wp-content\/uploads\/2024\/10\/11099-DJ09449-paper-creations-3d-pictures-paper-bugs-80249.jpg\",\"contentUrl\":\"https:\/\/sulin.ee\/wp-content\/uploads\/2024\/10\/11099-DJ09449-paper-creations-3d-pictures-paper-bugs-80249.jpg\",\"width\":600,\"height\":600,\"caption\":\"Meisterdamiskomplekt 3D putukad\"},{\"@type\":\"BreadcrumbList\",\"@id\":\"https:\/\/sulin.ee\/en\/toode\/meisterdamiskomplekt-3d-putukad\/#breadcrumb\",\"itemListElement\":[{\"@type\":\"ListItem\",\"position\":1,\"name\":\"Home\",\"item\":\"https:\/\/sulin.ee\/en\/\"},{\"@type\":\"ListItem\",\"position\":2,\"name\":\"Sulin.ee e-pood\",\"item\":\"https:\/\/sulin.ee\/shop\/\"},{\"@type\":\"ListItem\",\"position\":3,\"name\":\"Meisterdamiskomplekt 3D putukad\"}]},{\"@type\":\"WebSite\",\"@id\":\"https:\/\/sulin.ee\/en\/#website\",\"url\":\"https:\/\/sulin.ee\/en\/\",\"name\":\"sulin.ee\",\"description\":\"\",\"publisher\":{\"@id\":\"https:\/\/sulin.ee\/en\/#organization\"},\"potentialAction\":[{\"@type\":\"SearchAction\",\"target\":{\"@type\":\"EntryPoint\",\"urlTemplate\":\"https:\/\/sulin.ee\/en\/?s={search_term_string}\"},\"query-input\":{\"@type\":\"PropertyValueSpecification\",\"valueRequired\":true,\"valueName\":\"search_term_string\"}}],\"inLanguage\":\"en-US\"},{\"@type\":\"Organization\",\"@id\":\"https:\/\/sulin.ee\/en\/#organization\",\"name\":\"SULIN TRADE O\u00dc\",\"url\":\"https:\/\/sulin.ee\/en\/\",\"logo\":{\"@type\":\"ImageObject\",\"inLanguage\":\"en-US\",\"@id\":\"https:\/\/sulin.ee\/en\/#\/schema\/logo\/image\/\",\"url\":\"https:\/\/sulin.ee\/wp-content\/uploads\/2022\/11\/sulin-logo.png\",\"contentUrl\":\"https:\/\/sulin.ee\/wp-content\/uploads\/2022\/11\/sulin-logo.png\",\"width\":871,\"height\":321,\"caption\":\"SULIN TRADE O\u00dc\"},\"image\":{\"@id\":\"https:\/\/sulin.ee\/en\/#\/schema\/logo\/image\/\"},\"sameAs\":[\"https:\/\/www.facebook.com\/www.sulin.ee\/\",\"https:\/\/www.instagram.com\/sulintrade\/\"]}]}<\/script>\n<!-- \/ Yoast SEO plugin. -->","yoast_head_json":{"title":"Meisterdamiskomplekt 3D putukad - sulin.ee","description":"Meisterdamiskomplekt 3D putukad \u00fchendab voltimise ja kollaa\u017ei, et luua 4 suurejoonelist kuldset, s\u00e4delevat 3D-putukat!","robots":{"index":"index","follow":"follow","max-snippet":"max-snippet:-1","max-image-preview":"max-image-preview:large","max-video-preview":"max-video-preview:-1"},"canonical":"https:\/\/sulin.ee\/en\/toode\/meisterdamiskomplekt-3d-putukad\/","og_locale":"en_US","og_type":"article","og_title":"Meisterdamiskomplekt 3D putukad - sulin.ee","og_description":"Meisterdamiskomplekt 3D putukad \u00fchendab voltimise ja kollaa\u017ei, et luua 4 suurejoonelist kuldset, s\u00e4delevat 3D-putukat!","og_url":"https:\/\/sulin.ee\/en\/toode\/meisterdamiskomplekt-3d-putukad\/","og_site_name":"sulin.ee","article_publisher":"https:\/\/www.facebook.com\/www.sulin.ee\/","article_modified_time":"2025-09-07T21:36:51+00:00","og_image":[{"width":600,"height":600,"url":"https:\/\/sulin.ee\/wp-content\/uploads\/2024\/10\/11099-DJ09449-paper-creations-3d-pictures-paper-bugs-80249.jpg","type":"image\/jpeg"}],"twitter_card":"summary_large_image","twitter_misc":{"Est. reading time":"2 minutes"},"schema":{"@context":"https:\/\/schema.org","@graph":[{"@type":"WebPage","@id":"https:\/\/sulin.ee\/en\/toode\/meisterdamiskomplekt-3d-putukad\/","url":"https:\/\/sulin.ee\/en\/toode\/meisterdamiskomplekt-3d-putukad\/","name":"Meisterdamiskomplekt 3D putukad - sulin.ee","isPartOf":{"@id":"https:\/\/sulin.ee\/en\/#website"},"primaryImageOfPage":{"@id":"https:\/\/sulin.ee\/en\/toode\/meisterdamiskomplekt-3d-putukad\/#primaryimage"},"image":{"@id":"https:\/\/sulin.ee\/en\/toode\/meisterdamiskomplekt-3d-putukad\/#primaryimage"},"thumbnailUrl":"https:\/\/sulin.ee\/wp-content\/uploads\/2024\/10\/11099-DJ09449-paper-creations-3d-pictures-paper-bugs-80249.jpg","datePublished":"2024-12-14T09:47:48+00:00","dateModified":"2025-09-07T21:36:51+00:00","description":"Meisterdamiskomplekt 3D putukad \u00fchendab voltimise ja kollaa\u017ei, et luua 4 suurejoonelist kuldset, s\u00e4delevat 3D-putukat!","breadcrumb":{"@id":"https:\/\/sulin.ee\/en\/toode\/meisterdamiskomplekt-3d-putukad\/#breadcrumb"},"inLanguage":"en-US","potentialAction":[{"@type":"ReadAction","target":["https:\/\/sulin.ee\/en\/toode\/meisterdamiskomplekt-3d-putukad\/"]}]},{"@type":"ImageObject","inLanguage":"en-US","@id":"https:\/\/sulin.ee\/en\/toode\/meisterdamiskomplekt-3d-putukad\/#primaryimage","url":"https:\/\/sulin.ee\/wp-content\/uploads\/2024\/10\/11099-DJ09449-paper-creations-3d-pictures-paper-bugs-80249.jpg","contentUrl":"https:\/\/sulin.ee\/wp-content\/uploads\/2024\/10\/11099-DJ09449-paper-creations-3d-pictures-paper-bugs-80249.jpg","width":600,"height":600,"caption":"Meisterdamiskomplekt 3D putukad"},{"@type":"BreadcrumbList","@id":"https:\/\/sulin.ee\/en\/toode\/meisterdamiskomplekt-3d-putukad\/#breadcrumb","itemListElement":[{"@type":"ListItem","position":1,"name":"Home","item":"https:\/\/sulin.ee\/en\/"},{"@type":"ListItem","position":2,"name":"Sulin.ee e-pood","item":"https:\/\/sulin.ee\/shop\/"},{"@type":"ListItem","position":3,"name":"Meisterdamiskomplekt 3D putukad"}]},{"@type":"WebSite","@id":"https:\/\/sulin.ee\/en\/#website","url":"https:\/\/sulin.ee\/en\/","name":"sulin.ee","description":"","publisher":{"@id":"https:\/\/sulin.ee\/en\/#organization"},"potentialAction":[{"@type":"SearchAction","target":{"@type":"EntryPoint","urlTemplate":"https:\/\/sulin.ee\/en\/?s={search_term_string}"},"query-input":{"@type":"PropertyValueSpecification","valueRequired":true,"valueName":"search_term_string"}}],"inLanguage":"en-US"},{"@type":"Organization","@id":"https:\/\/sulin.ee\/en\/#organization","name":"SULIN TRADE O\u00dc","url":"https:\/\/sulin.ee\/en\/","logo":{"@type":"ImageObject","inLanguage":"en-US","@id":"https:\/\/sulin.ee\/en\/#\/schema\/logo\/image\/","url":"https:\/\/sulin.ee\/wp-content\/uploads\/2022\/11\/sulin-logo.png","contentUrl":"https:\/\/sulin.ee\/wp-content\/uploads\/2022\/11\/sulin-logo.png","width":871,"height":321,"caption":"SULIN TRADE O\u00dc"},"image":{"@id":"https:\/\/sulin.ee\/en\/#\/schema\/logo\/image\/"},"sameAs":["https:\/\/www.facebook.com\/www.sulin.ee\/","https:\/\/www.instagram.com\/sulintrade\/"]}]}},"builder_content":"","_links":{"self":[{"href":"https:\/\/sulin.ee\/en\/wp-json\/wp\/v2\/product\/29437","targetHints":{"allow":["GET"]}}],"collection":[{"href":"https:\/\/sulin.ee\/en\/wp-json\/wp\/v2\/product"}],"about":[{"href":"https:\/\/sulin.ee\/en\/wp-json\/wp\/v2\/types\/product"}],"replies":[{"embeddable":true,"href":"https:\/\/sulin.ee\/en\/wp-json\/wp\/v2\/comments?post=29437"}],"wp:featuredmedia":[{"embeddable":true,"href":"https:\/\/sulin.ee\/en\/wp-json\/wp\/v2\/media\/22914"}],"wp:attachment":[{"href":"https:\/\/sulin.ee\/en\/wp-json\/wp\/v2\/media?parent=29437"}],"wp:term":[{"taxonomy":"product_brand","embeddable":true,"href":"https:\/\/sulin.ee\/en\/wp-json\/wp\/v2\/product_brand?post=29437"},{"taxonomy":"product_cat","embeddable":true,"href":"https:\/\/sulin.ee\/en\/wp-json\/wp\/v2\/product_cat?post=29437"},{"taxonomy":"product_tag","embeddable":true,"href":"https:\/\/sulin.ee\/en\/wp-json\/wp\/v2\/product_tag?post=29437"}],"curies":[{"name":"wp","href":"https:\/\/api.w.org\/{rel}","templated":true}]}}