{"id":29413,"date":"2024-12-14T09:46:36","date_gmt":"2024-12-14T09:46:36","guid":{"rendered":"https:\/\/sulin.ee\/?post_type=product&#038;p=29413"},"modified":"2025-09-07T21:44:42","modified_gmt":"2025-09-07T21:44:42","slug":"jollein-puidust-krokodill-ratastel","status":"publish","type":"product","link":"https:\/\/sulin.ee\/en\/toode\/jollein-puidust-krokodill-ratastel\/","title":{"rendered":"Jollein puidust krokodill ratastel"},"content":{"rendered":"<p><strong><a href=\"https:\/\/jollein.com\/\" target=\"_blank\" rel=\"noopener\">Jollein<\/a> puidust krokodill ratastel \u2013 m\u00e4ngur\u00f5\u00f5m ja stiilne sisustusdetail!<\/strong><\/p>\n<p><strong>Vrooooom!<\/strong> L\u00f5bus on garanteeritud selle armsa <strong>puidust krokodilliga<\/strong>! M\u00e4nguasi pakub palju r\u00f5\u00f5mu nii kodus m\u00e4ngimiseks kui ka kaasa v\u00f5tmiseks. T\u00e4nu lihtsale disainile on krokodilli kerge k\u00e4es hoida, mist\u00f5ttu sobib see suurep\u00e4raselt juba 1-aastastele lastele. Kui su laps on veel liiga v\u00e4ike m\u00e4ngimiseks, sobib krokodill ideaalselt ka toakaunistuseks \u2013 see sobitub suurep\u00e4raselt teiste <strong>Jungle Jambo<\/strong> teemaliste esemetega.<\/p>\n<p>Saadaval on nii <strong>krokodill<\/strong> kui ka <a href=\"https:\/\/sulin.ee\/toode\/jollein-puidust-elevant-ratastel\/\" target=\"_blank\" rel=\"noopener\"><strong>elevant<\/strong>.<\/a> Kumba valid sina? V\u00f5i hoopis m\u00f5lemad, et nad saaksid koos v\u00f5idus\u00f5itu teha! Lisaks teed vastutustundliku valiku, sest m\u00e4nguasi on valmistatud <strong>100% FSC-sertifitseeritud puidust<\/strong>. T\u00e4iuslik kingitus v\u00f5i beebitervitamise kink!<\/p>\n<p><strong>M\u00f5\u00f5dud:<\/strong> pikkus 15 cm, k\u00f5rgus 5 cm.<\/p>\n<p>Vaata veel beebi motoorikat toetavaid m\u00e4nguasju <a href=\"https:\/\/sulin.ee\/tootekategooria\/beebile\/manguasjad\/motoorika-manguasjad\/\" target=\"_blank\" rel=\"noopener\">siit.<\/a><\/p>\n","protected":false},"excerpt":{"rendered":"<p>Jollein puidust krokodill ratastel \u2013 m\u00e4ngur\u00f5\u00f5m ja stiilne sisustusdetail! Vrooooom! L\u00f5bus on garanteeritud selle armsa puidust krokodilliga! M\u00e4nguasi pakub palju r\u00f5\u00f5mu nii kodus m\u00e4ngimiseks kui ka kaasa v\u00f5tmiseks. T\u00e4nu lihtsale disainile on krokodilli kerge k\u00e4es hoida, mist\u00f5ttu sobib see suurep\u00e4raselt juba 1-aastastele lastele. Kui su laps on veel liiga v\u00e4ike m\u00e4ngimiseks, sobib krokodill ideaalselt ka [&hellip;]<\/p>\n","protected":false},"featured_media":22504,"comment_status":"open","ping_status":"closed","template":"","meta":[],"product_brand":[],"product_cat":[769,1003,1004,1162,1163,175,776],"product_tag":[],"class_list":{"0":"post-29413","1":"product","2":"type-product","3":"status-publish","4":"has-post-thumbnail","6":"product_cat-manguasjad","7":"product_cat-motoorika-manguasjad-beebile","8":"product_cat-lukatavad-ja-tommatavad-manguasjad","9":"product_cat-kingituseks","10":"product_cat-0-1-aasta","11":"product_cat-puidust-manguasjad","12":"product_cat-jollein-2","13":"has-post-title","14":"has-post-date","15":"has-post-category","16":"has-post-tag","17":"has-post-comment","18":"has-post-author","19":"","21":"first","22":"instock","23":"sale","24":"taxable","25":"shipping-taxable","26":"purchasable","27":"product-type-simple"},"yoast_head":"<!-- This site is optimized with the Yoast SEO plugin v26.8 - https:\/\/yoast.com\/product\/yoast-seo-wordpress\/ -->\n<title>Jollein puidust krokodill ratastel - sulin.ee<\/title>\n<meta name=\"description\" content=\"Jollein puidust krokodill ratastel. T\u00e4nu lihtsale disainile on krokodilli kerge k\u00e4es hoida, mist\u00f5ttu sobib see suurep\u00e4raselt juba 1-aastastele lastele.\" \/>\n<meta name=\"robots\" content=\"index, follow, max-snippet:-1, max-image-preview:large, max-video-preview:-1\" \/>\n<link rel=\"canonical\" href=\"https:\/\/sulin.ee\/en\/toode\/jollein-puidust-krokodill-ratastel\/\" \/>\n<meta property=\"og:locale\" content=\"en_US\" \/>\n<meta property=\"og:type\" content=\"article\" \/>\n<meta property=\"og:title\" content=\"Jollein puidust krokodill ratastel - sulin.ee\" \/>\n<meta property=\"og:description\" content=\"Jollein puidust krokodill ratastel. T\u00e4nu lihtsale disainile on krokodilli kerge k\u00e4es hoida, mist\u00f5ttu sobib see suurep\u00e4raselt juba 1-aastastele lastele.\" \/>\n<meta property=\"og:url\" content=\"https:\/\/sulin.ee\/en\/toode\/jollein-puidust-krokodill-ratastel\/\" \/>\n<meta property=\"og:site_name\" content=\"sulin.ee\" \/>\n<meta property=\"article:publisher\" content=\"https:\/\/www.facebook.com\/www.sulin.ee\/\" \/>\n<meta property=\"article:modified_time\" content=\"2025-09-07T21:44:42+00:00\" \/>\n<meta property=\"og:image\" content=\"https:\/\/sulin.ee\/wp-content\/uploads\/2024\/10\/112-001-67090-8717329388635_detail-0001-scaled.jpg\" \/>\n\t<meta property=\"og:image:width\" content=\"2560\" \/>\n\t<meta property=\"og:image:height\" content=\"1772\" \/>\n\t<meta property=\"og:image:type\" content=\"image\/jpeg\" \/>\n<meta name=\"twitter:card\" content=\"summary_large_image\" \/>\n<meta name=\"twitter:label1\" content=\"Est. reading time\" \/>\n\t<meta name=\"twitter:data1\" content=\"1 minute\" \/>\n<script type=\"application\/ld+json\" class=\"yoast-schema-graph\">{\"@context\":\"https:\/\/schema.org\",\"@graph\":[{\"@type\":\"WebPage\",\"@id\":\"https:\/\/sulin.ee\/en\/toode\/jollein-puidust-krokodill-ratastel\/\",\"url\":\"https:\/\/sulin.ee\/en\/toode\/jollein-puidust-krokodill-ratastel\/\",\"name\":\"Jollein puidust krokodill ratastel - sulin.ee\",\"isPartOf\":{\"@id\":\"https:\/\/sulin.ee\/en\/#website\"},\"primaryImageOfPage\":{\"@id\":\"https:\/\/sulin.ee\/en\/toode\/jollein-puidust-krokodill-ratastel\/#primaryimage\"},\"image\":{\"@id\":\"https:\/\/sulin.ee\/en\/toode\/jollein-puidust-krokodill-ratastel\/#primaryimage\"},\"thumbnailUrl\":\"https:\/\/sulin.ee\/wp-content\/uploads\/2024\/10\/112-001-67090-8717329388635_detail-0001-scaled.jpg\",\"datePublished\":\"2024-12-14T09:46:36+00:00\",\"dateModified\":\"2025-09-07T21:44:42+00:00\",\"description\":\"Jollein puidust krokodill ratastel. T\u00e4nu lihtsale disainile on krokodilli kerge k\u00e4es hoida, mist\u00f5ttu sobib see suurep\u00e4raselt juba 1-aastastele lastele.\",\"breadcrumb\":{\"@id\":\"https:\/\/sulin.ee\/en\/toode\/jollein-puidust-krokodill-ratastel\/#breadcrumb\"},\"inLanguage\":\"en-US\",\"potentialAction\":[{\"@type\":\"ReadAction\",\"target\":[\"https:\/\/sulin.ee\/en\/toode\/jollein-puidust-krokodill-ratastel\/\"]}]},{\"@type\":\"ImageObject\",\"inLanguage\":\"en-US\",\"@id\":\"https:\/\/sulin.ee\/en\/toode\/jollein-puidust-krokodill-ratastel\/#primaryimage\",\"url\":\"https:\/\/sulin.ee\/wp-content\/uploads\/2024\/10\/112-001-67090-8717329388635_detail-0001-scaled.jpg\",\"contentUrl\":\"https:\/\/sulin.ee\/wp-content\/uploads\/2024\/10\/112-001-67090-8717329388635_detail-0001-scaled.jpg\",\"width\":2560,\"height\":1772,\"caption\":\"Jollein puidust krokodill ratastel\"},{\"@type\":\"BreadcrumbList\",\"@id\":\"https:\/\/sulin.ee\/en\/toode\/jollein-puidust-krokodill-ratastel\/#breadcrumb\",\"itemListElement\":[{\"@type\":\"ListItem\",\"position\":1,\"name\":\"Home\",\"item\":\"https:\/\/sulin.ee\/en\/\"},{\"@type\":\"ListItem\",\"position\":2,\"name\":\"Sulin.ee e-pood\",\"item\":\"https:\/\/sulin.ee\/shop\/\"},{\"@type\":\"ListItem\",\"position\":3,\"name\":\"Jollein puidust krokodill ratastel\"}]},{\"@type\":\"WebSite\",\"@id\":\"https:\/\/sulin.ee\/en\/#website\",\"url\":\"https:\/\/sulin.ee\/en\/\",\"name\":\"sulin.ee\",\"description\":\"\",\"publisher\":{\"@id\":\"https:\/\/sulin.ee\/en\/#organization\"},\"potentialAction\":[{\"@type\":\"SearchAction\",\"target\":{\"@type\":\"EntryPoint\",\"urlTemplate\":\"https:\/\/sulin.ee\/en\/?s={search_term_string}\"},\"query-input\":{\"@type\":\"PropertyValueSpecification\",\"valueRequired\":true,\"valueName\":\"search_term_string\"}}],\"inLanguage\":\"en-US\"},{\"@type\":\"Organization\",\"@id\":\"https:\/\/sulin.ee\/en\/#organization\",\"name\":\"SULIN TRADE O\u00dc\",\"url\":\"https:\/\/sulin.ee\/en\/\",\"logo\":{\"@type\":\"ImageObject\",\"inLanguage\":\"en-US\",\"@id\":\"https:\/\/sulin.ee\/en\/#\/schema\/logo\/image\/\",\"url\":\"https:\/\/sulin.ee\/wp-content\/uploads\/2022\/11\/sulin-logo.png\",\"contentUrl\":\"https:\/\/sulin.ee\/wp-content\/uploads\/2022\/11\/sulin-logo.png\",\"width\":871,\"height\":321,\"caption\":\"SULIN TRADE O\u00dc\"},\"image\":{\"@id\":\"https:\/\/sulin.ee\/en\/#\/schema\/logo\/image\/\"},\"sameAs\":[\"https:\/\/www.facebook.com\/www.sulin.ee\/\",\"https:\/\/www.instagram.com\/sulintrade\/\"]}]}<\/script>\n<!-- \/ Yoast SEO plugin. -->","yoast_head_json":{"title":"Jollein puidust krokodill ratastel - sulin.ee","description":"Jollein puidust krokodill ratastel. T\u00e4nu lihtsale disainile on krokodilli kerge k\u00e4es hoida, mist\u00f5ttu sobib see suurep\u00e4raselt juba 1-aastastele lastele.","robots":{"index":"index","follow":"follow","max-snippet":"max-snippet:-1","max-image-preview":"max-image-preview:large","max-video-preview":"max-video-preview:-1"},"canonical":"https:\/\/sulin.ee\/en\/toode\/jollein-puidust-krokodill-ratastel\/","og_locale":"en_US","og_type":"article","og_title":"Jollein puidust krokodill ratastel - sulin.ee","og_description":"Jollein puidust krokodill ratastel. T\u00e4nu lihtsale disainile on krokodilli kerge k\u00e4es hoida, mist\u00f5ttu sobib see suurep\u00e4raselt juba 1-aastastele lastele.","og_url":"https:\/\/sulin.ee\/en\/toode\/jollein-puidust-krokodill-ratastel\/","og_site_name":"sulin.ee","article_publisher":"https:\/\/www.facebook.com\/www.sulin.ee\/","article_modified_time":"2025-09-07T21:44:42+00:00","og_image":[{"width":2560,"height":1772,"url":"https:\/\/sulin.ee\/wp-content\/uploads\/2024\/10\/112-001-67090-8717329388635_detail-0001-scaled.jpg","type":"image\/jpeg"}],"twitter_card":"summary_large_image","twitter_misc":{"Est. reading time":"1 minute"},"schema":{"@context":"https:\/\/schema.org","@graph":[{"@type":"WebPage","@id":"https:\/\/sulin.ee\/en\/toode\/jollein-puidust-krokodill-ratastel\/","url":"https:\/\/sulin.ee\/en\/toode\/jollein-puidust-krokodill-ratastel\/","name":"Jollein puidust krokodill ratastel - sulin.ee","isPartOf":{"@id":"https:\/\/sulin.ee\/en\/#website"},"primaryImageOfPage":{"@id":"https:\/\/sulin.ee\/en\/toode\/jollein-puidust-krokodill-ratastel\/#primaryimage"},"image":{"@id":"https:\/\/sulin.ee\/en\/toode\/jollein-puidust-krokodill-ratastel\/#primaryimage"},"thumbnailUrl":"https:\/\/sulin.ee\/wp-content\/uploads\/2024\/10\/112-001-67090-8717329388635_detail-0001-scaled.jpg","datePublished":"2024-12-14T09:46:36+00:00","dateModified":"2025-09-07T21:44:42+00:00","description":"Jollein puidust krokodill ratastel. T\u00e4nu lihtsale disainile on krokodilli kerge k\u00e4es hoida, mist\u00f5ttu sobib see suurep\u00e4raselt juba 1-aastastele lastele.","breadcrumb":{"@id":"https:\/\/sulin.ee\/en\/toode\/jollein-puidust-krokodill-ratastel\/#breadcrumb"},"inLanguage":"en-US","potentialAction":[{"@type":"ReadAction","target":["https:\/\/sulin.ee\/en\/toode\/jollein-puidust-krokodill-ratastel\/"]}]},{"@type":"ImageObject","inLanguage":"en-US","@id":"https:\/\/sulin.ee\/en\/toode\/jollein-puidust-krokodill-ratastel\/#primaryimage","url":"https:\/\/sulin.ee\/wp-content\/uploads\/2024\/10\/112-001-67090-8717329388635_detail-0001-scaled.jpg","contentUrl":"https:\/\/sulin.ee\/wp-content\/uploads\/2024\/10\/112-001-67090-8717329388635_detail-0001-scaled.jpg","width":2560,"height":1772,"caption":"Jollein puidust krokodill ratastel"},{"@type":"BreadcrumbList","@id":"https:\/\/sulin.ee\/en\/toode\/jollein-puidust-krokodill-ratastel\/#breadcrumb","itemListElement":[{"@type":"ListItem","position":1,"name":"Home","item":"https:\/\/sulin.ee\/en\/"},{"@type":"ListItem","position":2,"name":"Sulin.ee e-pood","item":"https:\/\/sulin.ee\/shop\/"},{"@type":"ListItem","position":3,"name":"Jollein puidust krokodill ratastel"}]},{"@type":"WebSite","@id":"https:\/\/sulin.ee\/en\/#website","url":"https:\/\/sulin.ee\/en\/","name":"sulin.ee","description":"","publisher":{"@id":"https:\/\/sulin.ee\/en\/#organization"},"potentialAction":[{"@type":"SearchAction","target":{"@type":"EntryPoint","urlTemplate":"https:\/\/sulin.ee\/en\/?s={search_term_string}"},"query-input":{"@type":"PropertyValueSpecification","valueRequired":true,"valueName":"search_term_string"}}],"inLanguage":"en-US"},{"@type":"Organization","@id":"https:\/\/sulin.ee\/en\/#organization","name":"SULIN TRADE O\u00dc","url":"https:\/\/sulin.ee\/en\/","logo":{"@type":"ImageObject","inLanguage":"en-US","@id":"https:\/\/sulin.ee\/en\/#\/schema\/logo\/image\/","url":"https:\/\/sulin.ee\/wp-content\/uploads\/2022\/11\/sulin-logo.png","contentUrl":"https:\/\/sulin.ee\/wp-content\/uploads\/2022\/11\/sulin-logo.png","width":871,"height":321,"caption":"SULIN TRADE O\u00dc"},"image":{"@id":"https:\/\/sulin.ee\/en\/#\/schema\/logo\/image\/"},"sameAs":["https:\/\/www.facebook.com\/www.sulin.ee\/","https:\/\/www.instagram.com\/sulintrade\/"]}]}},"builder_content":"","_links":{"self":[{"href":"https:\/\/sulin.ee\/en\/wp-json\/wp\/v2\/product\/29413","targetHints":{"allow":["GET"]}}],"collection":[{"href":"https:\/\/sulin.ee\/en\/wp-json\/wp\/v2\/product"}],"about":[{"href":"https:\/\/sulin.ee\/en\/wp-json\/wp\/v2\/types\/product"}],"replies":[{"embeddable":true,"href":"https:\/\/sulin.ee\/en\/wp-json\/wp\/v2\/comments?post=29413"}],"wp:featuredmedia":[{"embeddable":true,"href":"https:\/\/sulin.ee\/en\/wp-json\/wp\/v2\/media\/22504"}],"wp:attachment":[{"href":"https:\/\/sulin.ee\/en\/wp-json\/wp\/v2\/media?parent=29413"}],"wp:term":[{"taxonomy":"product_brand","embeddable":true,"href":"https:\/\/sulin.ee\/en\/wp-json\/wp\/v2\/product_brand?post=29413"},{"taxonomy":"product_cat","embeddable":true,"href":"https:\/\/sulin.ee\/en\/wp-json\/wp\/v2\/product_cat?post=29413"},{"taxonomy":"product_tag","embeddable":true,"href":"https:\/\/sulin.ee\/en\/wp-json\/wp\/v2\/product_tag?post=29413"}],"curies":[{"name":"wp","href":"https:\/\/api.w.org\/{rel}","templated":true}]}}