{"id":29329,"date":"2024-12-14T09:06:25","date_gmt":"2024-12-14T09:06:25","guid":{"rendered":"https:\/\/sulin.ee\/?post_type=product&#038;p=29329"},"modified":"2025-09-07T21:37:00","modified_gmt":"2025-09-07T21:37:00","slug":"veega-mahapestav-kuunelakk-tubi-glam-komplekt-4x5ml","status":"publish","type":"product","link":"https:\/\/sulin.ee\/en\/toode\/veega-mahapestav-kuunelakk-tubi-glam-komplekt-4x5ml\/","title":{"rendered":"Veega mahapestav k\u00fc\u00fcnelakk Tubi Glam komplekt 4x5ml"},"content":{"rendered":"<p><strong>Veega mahapestav k\u00fc\u00fcnelakk on uuenduslik ja praktiline lahendus neile, kes soovivad oma k\u00fc\u00fcsi kaunistada ilma p\u00fcsiva manik\u00fc\u00fcrita. See k\u00fc\u00fcnelakk on loodud spetsiaalselt selleks, et oleks lihtne peale kanda ja veelgi lihtsam eemaldada \u2013 ilma vajaduseta kasutada k\u00fc\u00fcnelakieemaldajat.<\/strong><\/p>\n<p>Kasutamine on imelihtne. Esmalt kandke \u00f5hukene kiht k\u00fc\u00fcnelakki puhastele ja kuivadele k\u00fc\u00fcntele. Oluline on kasutada \u00f5hukest kihti, et lakk kuivaks \u00fchtlaselt ja kiiresti. Oodake umbes 5 minutit, kuni k\u00fc\u00fcnelakk on t\u00e4ielikult kuivanud ja omandanud oma t\u00e4isv\u00e4rvi intensiivsuse. Kui olete valmis lakki eemaldama, pole vaja muud kui pesta k\u00fc\u00fcsi sooja vee ja svammiga. K\u00fc\u00fcnelakk lahustub veega kokkupuutel, v\u00f5imaldades teil selle h\u00f5lpsalt maha pesta.<\/p>\n<p>Selle k\u00fc\u00fcnelaki erip\u00e4raks on tahtlikult lisatud <strong>m\u00f5ru maitse<\/strong>, mis aitab v\u00e4hendada k\u00fc\u00fcnte n\u00e4rimise harjumust, pakkudes seega t\u00e4iendavat kaitset k\u00fc\u00fcntele. See on eriti kasulik neile, kes v\u00f5itlevad k\u00fc\u00fcnte n\u00e4rimise harjumusega, pakkudes lahendust, mis aitab sellest ebatervislikust harjumusest vabaneda.<\/p>\n<p>Samas tuleb arvestada, et toote kasutamisel tuleks v\u00e4ltida n\u00e4ppude suhu panemist ja k\u00fc\u00fcnte n\u00e4rimist, kuna m\u00f5ru maitse on spetsiaalselt selleks lisatud. Kui m\u00e4rkate allergilist reaktsiooni, on soovitatav k\u00fc\u00fcned koheselt veega p\u00f5hjalikult loputada ja l\u00f5petada toote kasutamine. Toode on m\u00f5eldud kasutamiseks t\u00e4iskasvanu j\u00e4relvalve all, et tagada ohutu ja kontrollitud kasutamine.<\/p>\n<p>Veega mahapestav k\u00fc\u00fcnelakk on <strong>valmistatud Poolas<\/strong>, j\u00e4rgides k\u00f5rgeid kvaliteedistandardeid, et tagada toote ohutus ja efektiivsus.<\/p>\n<p><strong>Kogus:<\/strong> 4 x 5 ml<\/p>\n","protected":false},"excerpt":{"rendered":"<p>Veega mahapestav k\u00fc\u00fcnelakk on uuenduslik ja praktiline lahendus neile, kes soovivad oma k\u00fc\u00fcsi kaunistada ilma p\u00fcsiva manik\u00fc\u00fcrita. See k\u00fc\u00fcnelakk on loodud spetsiaalselt selleks, et oleks lihtne peale kanda ja veelgi lihtsam eemaldada \u2013 ilma vajaduseta kasutada k\u00fc\u00fcnelakieemaldajat. Kasutamine on imelihtne. Esmalt kandke \u00f5hukene kiht k\u00fc\u00fcnelakki puhastele ja kuivadele k\u00fc\u00fcntele. Oluline on kasutada \u00f5hukest kihti, et [&hellip;]<\/p>\n","protected":false},"featured_media":21754,"comment_status":"open","ping_status":"closed","template":"","meta":[],"product_brand":[],"product_cat":[173,1096,1162,1165,1166,928],"product_tag":[],"class_list":{"0":"post-29329","1":"product","2":"type-product","3":"status-publish","4":"has-post-thumbnail","6":"product_cat-hoolitsus","7":"product_cat-kosmeetika-ja-aksessuaarid","8":"product_cat-kingituseks","9":"product_cat-3-5-aastat","10":"product_cat-6-8-aastat","11":"product_cat-djeco","12":"has-post-title","13":"has-post-date","14":"has-post-category","15":"has-post-tag","16":"has-post-comment","17":"has-post-author","18":"","20":"first","21":"instock","22":"sale","23":"taxable","24":"shipping-taxable","25":"purchasable","26":"product-type-simple"},"yoast_head":"<!-- This site is optimized with the Yoast SEO plugin v26.8 - https:\/\/yoast.com\/product\/yoast-seo-wordpress\/ -->\n<title>Veega mahapestav k\u00fc\u00fcnelakk Tubi Glam komplekt 4x5ml - sulin.ee<\/title>\n<meta name=\"robots\" content=\"index, follow, max-snippet:-1, max-image-preview:large, max-video-preview:-1\" \/>\n<link rel=\"canonical\" href=\"https:\/\/sulin.ee\/en\/toode\/veega-mahapestav-kuunelakk-tubi-glam-komplekt-4x5ml\/\" \/>\n<meta property=\"og:locale\" content=\"en_US\" \/>\n<meta property=\"og:type\" content=\"article\" \/>\n<meta property=\"og:title\" content=\"Veega mahapestav k\u00fc\u00fcnelakk Tubi Glam komplekt 4x5ml - sulin.ee\" \/>\n<meta property=\"og:description\" content=\"Veega mahapestav k\u00fc\u00fcnelakk on uuenduslik ja praktiline lahendus neile, kes soovivad oma k\u00fc\u00fcsi kaunistada ilma p\u00fcsiva manik\u00fc\u00fcrita. See k\u00fc\u00fcnelakk on loodud spetsiaalselt selleks, et oleks lihtne peale kanda ja veelgi lihtsam eemaldada \u2013 ilma vajaduseta kasutada k\u00fc\u00fcnelakieemaldajat. Kasutamine on imelihtne. Esmalt kandke \u00f5hukene kiht k\u00fc\u00fcnelakki puhastele ja kuivadele k\u00fc\u00fcntele. Oluline on kasutada \u00f5hukest kihti, et [&hellip;]\" \/>\n<meta property=\"og:url\" content=\"https:\/\/sulin.ee\/en\/toode\/veega-mahapestav-kuunelakk-tubi-glam-komplekt-4x5ml\/\" \/>\n<meta property=\"og:site_name\" content=\"sulin.ee\" \/>\n<meta property=\"article:publisher\" content=\"https:\/\/www.facebook.com\/www.sulin.ee\/\" \/>\n<meta property=\"article:modified_time\" content=\"2025-09-07T21:37:00+00:00\" \/>\n<meta property=\"og:image\" content=\"https:\/\/sulin.ee\/wp-content\/uploads\/2024\/09\/Komplekt-4tk.jpg\" \/>\n\t<meta property=\"og:image:width\" content=\"600\" \/>\n\t<meta property=\"og:image:height\" content=\"600\" \/>\n\t<meta property=\"og:image:type\" content=\"image\/jpeg\" \/>\n<meta name=\"twitter:card\" content=\"summary_large_image\" \/>\n<meta name=\"twitter:label1\" content=\"Est. reading time\" \/>\n\t<meta name=\"twitter:data1\" content=\"2 minutes\" \/>\n<script type=\"application\/ld+json\" class=\"yoast-schema-graph\">{\"@context\":\"https:\/\/schema.org\",\"@graph\":[{\"@type\":\"WebPage\",\"@id\":\"https:\/\/sulin.ee\/en\/toode\/veega-mahapestav-kuunelakk-tubi-glam-komplekt-4x5ml\/\",\"url\":\"https:\/\/sulin.ee\/en\/toode\/veega-mahapestav-kuunelakk-tubi-glam-komplekt-4x5ml\/\",\"name\":\"Veega mahapestav k\u00fc\u00fcnelakk Tubi Glam komplekt 4x5ml - sulin.ee\",\"isPartOf\":{\"@id\":\"https:\/\/sulin.ee\/en\/#website\"},\"primaryImageOfPage\":{\"@id\":\"https:\/\/sulin.ee\/en\/toode\/veega-mahapestav-kuunelakk-tubi-glam-komplekt-4x5ml\/#primaryimage\"},\"image\":{\"@id\":\"https:\/\/sulin.ee\/en\/toode\/veega-mahapestav-kuunelakk-tubi-glam-komplekt-4x5ml\/#primaryimage\"},\"thumbnailUrl\":\"https:\/\/sulin.ee\/wp-content\/uploads\/2024\/09\/Komplekt-4tk.jpg\",\"datePublished\":\"2024-12-14T09:06:25+00:00\",\"dateModified\":\"2025-09-07T21:37:00+00:00\",\"breadcrumb\":{\"@id\":\"https:\/\/sulin.ee\/en\/toode\/veega-mahapestav-kuunelakk-tubi-glam-komplekt-4x5ml\/#breadcrumb\"},\"inLanguage\":\"en-US\",\"potentialAction\":[{\"@type\":\"ReadAction\",\"target\":[\"https:\/\/sulin.ee\/en\/toode\/veega-mahapestav-kuunelakk-tubi-glam-komplekt-4x5ml\/\"]}]},{\"@type\":\"ImageObject\",\"inLanguage\":\"en-US\",\"@id\":\"https:\/\/sulin.ee\/en\/toode\/veega-mahapestav-kuunelakk-tubi-glam-komplekt-4x5ml\/#primaryimage\",\"url\":\"https:\/\/sulin.ee\/wp-content\/uploads\/2024\/09\/Komplekt-4tk.jpg\",\"contentUrl\":\"https:\/\/sulin.ee\/wp-content\/uploads\/2024\/09\/Komplekt-4tk.jpg\",\"width\":600,\"height\":600,\"caption\":\"Veega mahapestav k\u00fc\u00fcnelakk\"},{\"@type\":\"BreadcrumbList\",\"@id\":\"https:\/\/sulin.ee\/en\/toode\/veega-mahapestav-kuunelakk-tubi-glam-komplekt-4x5ml\/#breadcrumb\",\"itemListElement\":[{\"@type\":\"ListItem\",\"position\":1,\"name\":\"Home\",\"item\":\"https:\/\/sulin.ee\/en\/\"},{\"@type\":\"ListItem\",\"position\":2,\"name\":\"Sulin.ee e-pood\",\"item\":\"https:\/\/sulin.ee\/shop\/\"},{\"@type\":\"ListItem\",\"position\":3,\"name\":\"Veega mahapestav k\u00fc\u00fcnelakk Tubi Glam komplekt 4x5ml\"}]},{\"@type\":\"WebSite\",\"@id\":\"https:\/\/sulin.ee\/en\/#website\",\"url\":\"https:\/\/sulin.ee\/en\/\",\"name\":\"sulin.ee\",\"description\":\"\",\"publisher\":{\"@id\":\"https:\/\/sulin.ee\/en\/#organization\"},\"potentialAction\":[{\"@type\":\"SearchAction\",\"target\":{\"@type\":\"EntryPoint\",\"urlTemplate\":\"https:\/\/sulin.ee\/en\/?s={search_term_string}\"},\"query-input\":{\"@type\":\"PropertyValueSpecification\",\"valueRequired\":true,\"valueName\":\"search_term_string\"}}],\"inLanguage\":\"en-US\"},{\"@type\":\"Organization\",\"@id\":\"https:\/\/sulin.ee\/en\/#organization\",\"name\":\"SULIN TRADE O\u00dc\",\"url\":\"https:\/\/sulin.ee\/en\/\",\"logo\":{\"@type\":\"ImageObject\",\"inLanguage\":\"en-US\",\"@id\":\"https:\/\/sulin.ee\/en\/#\/schema\/logo\/image\/\",\"url\":\"https:\/\/sulin.ee\/wp-content\/uploads\/2022\/11\/sulin-logo.png\",\"contentUrl\":\"https:\/\/sulin.ee\/wp-content\/uploads\/2022\/11\/sulin-logo.png\",\"width\":871,\"height\":321,\"caption\":\"SULIN TRADE O\u00dc\"},\"image\":{\"@id\":\"https:\/\/sulin.ee\/en\/#\/schema\/logo\/image\/\"},\"sameAs\":[\"https:\/\/www.facebook.com\/www.sulin.ee\/\",\"https:\/\/www.instagram.com\/sulintrade\/\"]}]}<\/script>\n<!-- \/ Yoast SEO plugin. -->","yoast_head_json":{"title":"Veega mahapestav k\u00fc\u00fcnelakk Tubi Glam komplekt 4x5ml - sulin.ee","robots":{"index":"index","follow":"follow","max-snippet":"max-snippet:-1","max-image-preview":"max-image-preview:large","max-video-preview":"max-video-preview:-1"},"canonical":"https:\/\/sulin.ee\/en\/toode\/veega-mahapestav-kuunelakk-tubi-glam-komplekt-4x5ml\/","og_locale":"en_US","og_type":"article","og_title":"Veega mahapestav k\u00fc\u00fcnelakk Tubi Glam komplekt 4x5ml - sulin.ee","og_description":"Veega mahapestav k\u00fc\u00fcnelakk on uuenduslik ja praktiline lahendus neile, kes soovivad oma k\u00fc\u00fcsi kaunistada ilma p\u00fcsiva manik\u00fc\u00fcrita. See k\u00fc\u00fcnelakk on loodud spetsiaalselt selleks, et oleks lihtne peale kanda ja veelgi lihtsam eemaldada \u2013 ilma vajaduseta kasutada k\u00fc\u00fcnelakieemaldajat. Kasutamine on imelihtne. Esmalt kandke \u00f5hukene kiht k\u00fc\u00fcnelakki puhastele ja kuivadele k\u00fc\u00fcntele. Oluline on kasutada \u00f5hukest kihti, et [&hellip;]","og_url":"https:\/\/sulin.ee\/en\/toode\/veega-mahapestav-kuunelakk-tubi-glam-komplekt-4x5ml\/","og_site_name":"sulin.ee","article_publisher":"https:\/\/www.facebook.com\/www.sulin.ee\/","article_modified_time":"2025-09-07T21:37:00+00:00","og_image":[{"width":600,"height":600,"url":"https:\/\/sulin.ee\/wp-content\/uploads\/2024\/09\/Komplekt-4tk.jpg","type":"image\/jpeg"}],"twitter_card":"summary_large_image","twitter_misc":{"Est. reading time":"2 minutes"},"schema":{"@context":"https:\/\/schema.org","@graph":[{"@type":"WebPage","@id":"https:\/\/sulin.ee\/en\/toode\/veega-mahapestav-kuunelakk-tubi-glam-komplekt-4x5ml\/","url":"https:\/\/sulin.ee\/en\/toode\/veega-mahapestav-kuunelakk-tubi-glam-komplekt-4x5ml\/","name":"Veega mahapestav k\u00fc\u00fcnelakk Tubi Glam komplekt 4x5ml - sulin.ee","isPartOf":{"@id":"https:\/\/sulin.ee\/en\/#website"},"primaryImageOfPage":{"@id":"https:\/\/sulin.ee\/en\/toode\/veega-mahapestav-kuunelakk-tubi-glam-komplekt-4x5ml\/#primaryimage"},"image":{"@id":"https:\/\/sulin.ee\/en\/toode\/veega-mahapestav-kuunelakk-tubi-glam-komplekt-4x5ml\/#primaryimage"},"thumbnailUrl":"https:\/\/sulin.ee\/wp-content\/uploads\/2024\/09\/Komplekt-4tk.jpg","datePublished":"2024-12-14T09:06:25+00:00","dateModified":"2025-09-07T21:37:00+00:00","breadcrumb":{"@id":"https:\/\/sulin.ee\/en\/toode\/veega-mahapestav-kuunelakk-tubi-glam-komplekt-4x5ml\/#breadcrumb"},"inLanguage":"en-US","potentialAction":[{"@type":"ReadAction","target":["https:\/\/sulin.ee\/en\/toode\/veega-mahapestav-kuunelakk-tubi-glam-komplekt-4x5ml\/"]}]},{"@type":"ImageObject","inLanguage":"en-US","@id":"https:\/\/sulin.ee\/en\/toode\/veega-mahapestav-kuunelakk-tubi-glam-komplekt-4x5ml\/#primaryimage","url":"https:\/\/sulin.ee\/wp-content\/uploads\/2024\/09\/Komplekt-4tk.jpg","contentUrl":"https:\/\/sulin.ee\/wp-content\/uploads\/2024\/09\/Komplekt-4tk.jpg","width":600,"height":600,"caption":"Veega mahapestav k\u00fc\u00fcnelakk"},{"@type":"BreadcrumbList","@id":"https:\/\/sulin.ee\/en\/toode\/veega-mahapestav-kuunelakk-tubi-glam-komplekt-4x5ml\/#breadcrumb","itemListElement":[{"@type":"ListItem","position":1,"name":"Home","item":"https:\/\/sulin.ee\/en\/"},{"@type":"ListItem","position":2,"name":"Sulin.ee e-pood","item":"https:\/\/sulin.ee\/shop\/"},{"@type":"ListItem","position":3,"name":"Veega mahapestav k\u00fc\u00fcnelakk Tubi Glam komplekt 4x5ml"}]},{"@type":"WebSite","@id":"https:\/\/sulin.ee\/en\/#website","url":"https:\/\/sulin.ee\/en\/","name":"sulin.ee","description":"","publisher":{"@id":"https:\/\/sulin.ee\/en\/#organization"},"potentialAction":[{"@type":"SearchAction","target":{"@type":"EntryPoint","urlTemplate":"https:\/\/sulin.ee\/en\/?s={search_term_string}"},"query-input":{"@type":"PropertyValueSpecification","valueRequired":true,"valueName":"search_term_string"}}],"inLanguage":"en-US"},{"@type":"Organization","@id":"https:\/\/sulin.ee\/en\/#organization","name":"SULIN TRADE O\u00dc","url":"https:\/\/sulin.ee\/en\/","logo":{"@type":"ImageObject","inLanguage":"en-US","@id":"https:\/\/sulin.ee\/en\/#\/schema\/logo\/image\/","url":"https:\/\/sulin.ee\/wp-content\/uploads\/2022\/11\/sulin-logo.png","contentUrl":"https:\/\/sulin.ee\/wp-content\/uploads\/2022\/11\/sulin-logo.png","width":871,"height":321,"caption":"SULIN TRADE O\u00dc"},"image":{"@id":"https:\/\/sulin.ee\/en\/#\/schema\/logo\/image\/"},"sameAs":["https:\/\/www.facebook.com\/www.sulin.ee\/","https:\/\/www.instagram.com\/sulintrade\/"]}]}},"builder_content":"","_links":{"self":[{"href":"https:\/\/sulin.ee\/en\/wp-json\/wp\/v2\/product\/29329","targetHints":{"allow":["GET"]}}],"collection":[{"href":"https:\/\/sulin.ee\/en\/wp-json\/wp\/v2\/product"}],"about":[{"href":"https:\/\/sulin.ee\/en\/wp-json\/wp\/v2\/types\/product"}],"replies":[{"embeddable":true,"href":"https:\/\/sulin.ee\/en\/wp-json\/wp\/v2\/comments?post=29329"}],"wp:featuredmedia":[{"embeddable":true,"href":"https:\/\/sulin.ee\/en\/wp-json\/wp\/v2\/media\/21754"}],"wp:attachment":[{"href":"https:\/\/sulin.ee\/en\/wp-json\/wp\/v2\/media?parent=29329"}],"wp:term":[{"taxonomy":"product_brand","embeddable":true,"href":"https:\/\/sulin.ee\/en\/wp-json\/wp\/v2\/product_brand?post=29329"},{"taxonomy":"product_cat","embeddable":true,"href":"https:\/\/sulin.ee\/en\/wp-json\/wp\/v2\/product_cat?post=29329"},{"taxonomy":"product_tag","embeddable":true,"href":"https:\/\/sulin.ee\/en\/wp-json\/wp\/v2\/product_tag?post=29329"}],"curies":[{"name":"wp","href":"https:\/\/api.w.org\/{rel}","templated":true}]}}