{"id":29314,"date":"2024-12-14T09:05:50","date_gmt":"2024-12-14T09:05:50","guid":{"rendered":"https:\/\/sulin.ee\/?post_type=product&#038;p=29314"},"modified":"2025-11-27T07:26:17","modified_gmt":"2025-11-27T07:26:17","slug":"jom-mahedad-koolamaitselised-kummikommid-taskupakk-25g","status":"publish","type":"product","link":"https:\/\/sulin.ee\/en\/toode\/jom-mahedad-koolamaitselised-kummikommid-taskupakk-25g\/","title":{"rendered":"JOM mahedad koolamaitselised kummikommid, taskupakk 25g"},"content":{"rendered":"<p><strong><a href=\"https:\/\/eu.jomorganic.com\/products\/organic-candy-sour-retro-cola_gummies?variant=47499186929988\" target=\"_blank\" rel=\"noopener\">JOM<\/a> mahedad koolamaitselised kummikommid pakatavad ehtsast koolamaitsest. Armastusega valmistatud, esmaklassilised koolakommid kasutavad \u00f6koloogilistest koolap\u00e4hklitest saadud ekstrakte, pakkudes sulle ehtsat vanakooli Rootsi retrokoola maitset! Usu meid, sa avastad end pidevalt veel \u00fchte v\u00f5tmas! <\/strong><\/p>\n<p>Naudi Rootsi kummikommide valmistamise kunsti, kus iga partii valmib hoolikalt v\u00e4ikestes kogustes. Jomi kommide tootjate jaoks on kvaliteet esikohal, seega on kommid valmistatud hoolikalt valinud \u00f6koloogilistest ja vegansertifikaadiga koostisosadest.<\/p>\n<p><strong><a href=\"https:\/\/eu.jomorganic.com\/products\/organic-candy-sour-retro-cola_gummies?variant=47499186929988\" target=\"_blank\" rel=\"noopener\">JOM<\/a> mahedad koolamaitselised kummikommid <\/strong> on ilma gluteeni, palmi\u00f5li ja t\u00fc\u00fctute allergeenideta.<\/p>\n<p>Kui taskupakist j\u00e4\u00e4b v\u00e4heks leiad meilt ka suurema paki <a href=\"https:\/\/sulin.ee\/toode\/jom-mahedad-koolamaitselised-kummikommid-70g\/?preview_id=21490&amp;preview_nonce=69f15ee9ff&amp;_thumbnail_id=21491&amp;preview=true\" target=\"_blank\" rel=\"noopener\">siit<\/a>.<\/p>\n<p><strong>Koostisosad:<\/strong> Suhkur*, invertsuhkrusiirup*, vesi, maisit\u00e4rklis*, gl\u00fckoosisiirup*, looduslikud ekstraktid*, karamelliseeritud suhkur*, happesuse regulaator (naatriumtsitraat), hape (viinhape), p\u00e4evalille\u00f5li*, glasuuraine (karnaubavaha*). * = sertifitseeritud mahe koostisosad.<\/p>\n<p><strong>Toitumisalane teave 100 g kohta:<\/strong><\/p>\n<table width=\"40%\">\n<tbody>\n<tr>\n<td align=\"left\">Energiasisaldus (Kcal)<\/td>\n<td align=\"left\">340Kcal\/1450kj<\/td>\n<\/tr>\n<tr>\n<td align=\"left\">Rasvad (g)<\/td>\n<td align=\"left\">0,5g<\/td>\n<\/tr>\n<tr>\n<td class=\"trepp\" align=\"left\">millest k\u00fcllastunud (g)<\/td>\n<td align=\"left\">0,5g<\/td>\n<\/tr>\n<tr>\n<td align=\"left\">S\u00fcsivesikud (g)<\/td>\n<td align=\"left\">86g<\/td>\n<\/tr>\n<tr>\n<td class=\"trepp\" align=\"left\">millest suhkur (g)<\/td>\n<td align=\"left\">70g<\/td>\n<\/tr>\n<tr>\n<td align=\"left\">Sool (g)<\/td>\n<td align=\"left\">0,0g<\/td>\n<\/tr>\n<tr>\n<td align=\"left\">Valgud (g)<\/td>\n<td align=\"left\">0,5g<\/td>\n<\/tr>\n<\/tbody>\n<\/table>\n","protected":false},"excerpt":{"rendered":"<p><strong><a href=\"https:\/\/eu.jomorganic.com\/products\/organic-candy-sour-retro-cola_gummies?variant=47499186929988\" target=\"_blank\" rel=\"noopener\">JOM<\/a> mahedad koolamaitselised kummikommid pakatavad ehtsast koolamaitsest. Armastusega valmistatud!<\/strong><\/p>\n","protected":false},"featured_media":21673,"comment_status":"open","ping_status":"closed","template":"","meta":[],"product_brand":[],"product_cat":[1052,1075],"product_tag":[],"class_list":{"0":"post-29314","1":"product","2":"type-product","3":"status-publish","4":"has-post-thumbnail","6":"product_cat-maiustused","7":"product_cat-jom","8":"has-post-title","9":"has-post-date","10":"has-post-category","11":"has-post-tag","12":"has-post-comment","13":"has-post-author","14":"","16":"first","17":"instock","18":"sale","19":"taxable","20":"shipping-taxable","21":"purchasable","22":"product-type-simple"},"yoast_head":"<!-- This site is optimized with the Yoast SEO plugin v26.8 - https:\/\/yoast.com\/product\/yoast-seo-wordpress\/ -->\n<title>JOM mahedad koolamaitselised kummikommid, taskupakk 25g - sulin.ee<\/title>\n<meta name=\"description\" content=\"JOM mahedad koolamaitselised kummikommid pakatavad ehtsast koolamaitsest. Armastusega valmistatud. Ilma gluteeni, palmi\u00f5li ja t\u00fc\u00fctute allergeenideta.\" \/>\n<meta name=\"robots\" content=\"index, follow, max-snippet:-1, max-image-preview:large, max-video-preview:-1\" \/>\n<link rel=\"canonical\" href=\"https:\/\/sulin.ee\/en\/toode\/jom-mahedad-koolamaitselised-kummikommid-taskupakk-25g\/\" \/>\n<meta property=\"og:locale\" content=\"en_US\" \/>\n<meta property=\"og:type\" content=\"article\" \/>\n<meta property=\"og:title\" content=\"JOM mahedad koolamaitselised kummikommid, taskupakk 25g - sulin.ee\" \/>\n<meta property=\"og:description\" content=\"JOM mahedad koolamaitselised kummikommid pakatavad ehtsast koolamaitsest. Armastusega valmistatud. Ilma gluteeni, palmi\u00f5li ja t\u00fc\u00fctute allergeenideta.\" \/>\n<meta property=\"og:url\" content=\"https:\/\/sulin.ee\/en\/toode\/jom-mahedad-koolamaitselised-kummikommid-taskupakk-25g\/\" \/>\n<meta property=\"og:site_name\" content=\"sulin.ee\" \/>\n<meta property=\"article:publisher\" content=\"https:\/\/www.facebook.com\/www.sulin.ee\/\" \/>\n<meta property=\"article:modified_time\" content=\"2025-11-27T07:26:17+00:00\" \/>\n<meta property=\"og:image\" content=\"https:\/\/sulin.ee\/wp-content\/uploads\/2024\/09\/1.png\" \/>\n\t<meta property=\"og:image:width\" content=\"1080\" \/>\n\t<meta property=\"og:image:height\" content=\"1080\" \/>\n\t<meta property=\"og:image:type\" content=\"image\/png\" \/>\n<meta name=\"twitter:card\" content=\"summary_large_image\" \/>\n<meta name=\"twitter:label1\" content=\"Est. reading time\" \/>\n\t<meta name=\"twitter:data1\" content=\"1 minute\" \/>\n<script type=\"application\/ld+json\" class=\"yoast-schema-graph\">{\"@context\":\"https:\/\/schema.org\",\"@graph\":[{\"@type\":\"WebPage\",\"@id\":\"https:\/\/sulin.ee\/en\/toode\/jom-mahedad-koolamaitselised-kummikommid-taskupakk-25g\/\",\"url\":\"https:\/\/sulin.ee\/en\/toode\/jom-mahedad-koolamaitselised-kummikommid-taskupakk-25g\/\",\"name\":\"JOM mahedad koolamaitselised kummikommid, taskupakk 25g - sulin.ee\",\"isPartOf\":{\"@id\":\"https:\/\/sulin.ee\/en\/#website\"},\"primaryImageOfPage\":{\"@id\":\"https:\/\/sulin.ee\/en\/toode\/jom-mahedad-koolamaitselised-kummikommid-taskupakk-25g\/#primaryimage\"},\"image\":{\"@id\":\"https:\/\/sulin.ee\/en\/toode\/jom-mahedad-koolamaitselised-kummikommid-taskupakk-25g\/#primaryimage\"},\"thumbnailUrl\":\"https:\/\/sulin.ee\/wp-content\/uploads\/2024\/09\/1.png\",\"datePublished\":\"2024-12-14T09:05:50+00:00\",\"dateModified\":\"2025-11-27T07:26:17+00:00\",\"description\":\"JOM mahedad koolamaitselised kummikommid pakatavad ehtsast koolamaitsest. Armastusega valmistatud. Ilma gluteeni, palmi\u00f5li ja t\u00fc\u00fctute allergeenideta.\",\"breadcrumb\":{\"@id\":\"https:\/\/sulin.ee\/en\/toode\/jom-mahedad-koolamaitselised-kummikommid-taskupakk-25g\/#breadcrumb\"},\"inLanguage\":\"en-US\",\"potentialAction\":[{\"@type\":\"ReadAction\",\"target\":[\"https:\/\/sulin.ee\/en\/toode\/jom-mahedad-koolamaitselised-kummikommid-taskupakk-25g\/\"]}]},{\"@type\":\"ImageObject\",\"inLanguage\":\"en-US\",\"@id\":\"https:\/\/sulin.ee\/en\/toode\/jom-mahedad-koolamaitselised-kummikommid-taskupakk-25g\/#primaryimage\",\"url\":\"https:\/\/sulin.ee\/wp-content\/uploads\/2024\/09\/1.png\",\"contentUrl\":\"https:\/\/sulin.ee\/wp-content\/uploads\/2024\/09\/1.png\",\"width\":1080,\"height\":1080,\"caption\":\"JOM mahedad koolamaitselised kummikommid\"},{\"@type\":\"BreadcrumbList\",\"@id\":\"https:\/\/sulin.ee\/en\/toode\/jom-mahedad-koolamaitselised-kummikommid-taskupakk-25g\/#breadcrumb\",\"itemListElement\":[{\"@type\":\"ListItem\",\"position\":1,\"name\":\"Home\",\"item\":\"https:\/\/sulin.ee\/en\/\"},{\"@type\":\"ListItem\",\"position\":2,\"name\":\"Sulin.ee e-pood\",\"item\":\"https:\/\/sulin.ee\/shop\/\"},{\"@type\":\"ListItem\",\"position\":3,\"name\":\"JOM mahedad koolamaitselised kummikommid, taskupakk 25g\"}]},{\"@type\":\"WebSite\",\"@id\":\"https:\/\/sulin.ee\/en\/#website\",\"url\":\"https:\/\/sulin.ee\/en\/\",\"name\":\"sulin.ee\",\"description\":\"\",\"publisher\":{\"@id\":\"https:\/\/sulin.ee\/en\/#organization\"},\"potentialAction\":[{\"@type\":\"SearchAction\",\"target\":{\"@type\":\"EntryPoint\",\"urlTemplate\":\"https:\/\/sulin.ee\/en\/?s={search_term_string}\"},\"query-input\":{\"@type\":\"PropertyValueSpecification\",\"valueRequired\":true,\"valueName\":\"search_term_string\"}}],\"inLanguage\":\"en-US\"},{\"@type\":\"Organization\",\"@id\":\"https:\/\/sulin.ee\/en\/#organization\",\"name\":\"SULIN TRADE O\u00dc\",\"url\":\"https:\/\/sulin.ee\/en\/\",\"logo\":{\"@type\":\"ImageObject\",\"inLanguage\":\"en-US\",\"@id\":\"https:\/\/sulin.ee\/en\/#\/schema\/logo\/image\/\",\"url\":\"https:\/\/sulin.ee\/wp-content\/uploads\/2022\/11\/sulin-logo.png\",\"contentUrl\":\"https:\/\/sulin.ee\/wp-content\/uploads\/2022\/11\/sulin-logo.png\",\"width\":871,\"height\":321,\"caption\":\"SULIN TRADE O\u00dc\"},\"image\":{\"@id\":\"https:\/\/sulin.ee\/en\/#\/schema\/logo\/image\/\"},\"sameAs\":[\"https:\/\/www.facebook.com\/www.sulin.ee\/\",\"https:\/\/www.instagram.com\/sulintrade\/\"]}]}<\/script>\n<!-- \/ Yoast SEO plugin. -->","yoast_head_json":{"title":"JOM mahedad koolamaitselised kummikommid, taskupakk 25g - sulin.ee","description":"JOM mahedad koolamaitselised kummikommid pakatavad ehtsast koolamaitsest. Armastusega valmistatud. Ilma gluteeni, palmi\u00f5li ja t\u00fc\u00fctute allergeenideta.","robots":{"index":"index","follow":"follow","max-snippet":"max-snippet:-1","max-image-preview":"max-image-preview:large","max-video-preview":"max-video-preview:-1"},"canonical":"https:\/\/sulin.ee\/en\/toode\/jom-mahedad-koolamaitselised-kummikommid-taskupakk-25g\/","og_locale":"en_US","og_type":"article","og_title":"JOM mahedad koolamaitselised kummikommid, taskupakk 25g - sulin.ee","og_description":"JOM mahedad koolamaitselised kummikommid pakatavad ehtsast koolamaitsest. Armastusega valmistatud. Ilma gluteeni, palmi\u00f5li ja t\u00fc\u00fctute allergeenideta.","og_url":"https:\/\/sulin.ee\/en\/toode\/jom-mahedad-koolamaitselised-kummikommid-taskupakk-25g\/","og_site_name":"sulin.ee","article_publisher":"https:\/\/www.facebook.com\/www.sulin.ee\/","article_modified_time":"2025-11-27T07:26:17+00:00","og_image":[{"width":1080,"height":1080,"url":"https:\/\/sulin.ee\/wp-content\/uploads\/2024\/09\/1.png","type":"image\/png"}],"twitter_card":"summary_large_image","twitter_misc":{"Est. reading time":"1 minute"},"schema":{"@context":"https:\/\/schema.org","@graph":[{"@type":"WebPage","@id":"https:\/\/sulin.ee\/en\/toode\/jom-mahedad-koolamaitselised-kummikommid-taskupakk-25g\/","url":"https:\/\/sulin.ee\/en\/toode\/jom-mahedad-koolamaitselised-kummikommid-taskupakk-25g\/","name":"JOM mahedad koolamaitselised kummikommid, taskupakk 25g - sulin.ee","isPartOf":{"@id":"https:\/\/sulin.ee\/en\/#website"},"primaryImageOfPage":{"@id":"https:\/\/sulin.ee\/en\/toode\/jom-mahedad-koolamaitselised-kummikommid-taskupakk-25g\/#primaryimage"},"image":{"@id":"https:\/\/sulin.ee\/en\/toode\/jom-mahedad-koolamaitselised-kummikommid-taskupakk-25g\/#primaryimage"},"thumbnailUrl":"https:\/\/sulin.ee\/wp-content\/uploads\/2024\/09\/1.png","datePublished":"2024-12-14T09:05:50+00:00","dateModified":"2025-11-27T07:26:17+00:00","description":"JOM mahedad koolamaitselised kummikommid pakatavad ehtsast koolamaitsest. Armastusega valmistatud. Ilma gluteeni, palmi\u00f5li ja t\u00fc\u00fctute allergeenideta.","breadcrumb":{"@id":"https:\/\/sulin.ee\/en\/toode\/jom-mahedad-koolamaitselised-kummikommid-taskupakk-25g\/#breadcrumb"},"inLanguage":"en-US","potentialAction":[{"@type":"ReadAction","target":["https:\/\/sulin.ee\/en\/toode\/jom-mahedad-koolamaitselised-kummikommid-taskupakk-25g\/"]}]},{"@type":"ImageObject","inLanguage":"en-US","@id":"https:\/\/sulin.ee\/en\/toode\/jom-mahedad-koolamaitselised-kummikommid-taskupakk-25g\/#primaryimage","url":"https:\/\/sulin.ee\/wp-content\/uploads\/2024\/09\/1.png","contentUrl":"https:\/\/sulin.ee\/wp-content\/uploads\/2024\/09\/1.png","width":1080,"height":1080,"caption":"JOM mahedad koolamaitselised kummikommid"},{"@type":"BreadcrumbList","@id":"https:\/\/sulin.ee\/en\/toode\/jom-mahedad-koolamaitselised-kummikommid-taskupakk-25g\/#breadcrumb","itemListElement":[{"@type":"ListItem","position":1,"name":"Home","item":"https:\/\/sulin.ee\/en\/"},{"@type":"ListItem","position":2,"name":"Sulin.ee e-pood","item":"https:\/\/sulin.ee\/shop\/"},{"@type":"ListItem","position":3,"name":"JOM mahedad koolamaitselised kummikommid, taskupakk 25g"}]},{"@type":"WebSite","@id":"https:\/\/sulin.ee\/en\/#website","url":"https:\/\/sulin.ee\/en\/","name":"sulin.ee","description":"","publisher":{"@id":"https:\/\/sulin.ee\/en\/#organization"},"potentialAction":[{"@type":"SearchAction","target":{"@type":"EntryPoint","urlTemplate":"https:\/\/sulin.ee\/en\/?s={search_term_string}"},"query-input":{"@type":"PropertyValueSpecification","valueRequired":true,"valueName":"search_term_string"}}],"inLanguage":"en-US"},{"@type":"Organization","@id":"https:\/\/sulin.ee\/en\/#organization","name":"SULIN TRADE O\u00dc","url":"https:\/\/sulin.ee\/en\/","logo":{"@type":"ImageObject","inLanguage":"en-US","@id":"https:\/\/sulin.ee\/en\/#\/schema\/logo\/image\/","url":"https:\/\/sulin.ee\/wp-content\/uploads\/2022\/11\/sulin-logo.png","contentUrl":"https:\/\/sulin.ee\/wp-content\/uploads\/2022\/11\/sulin-logo.png","width":871,"height":321,"caption":"SULIN TRADE O\u00dc"},"image":{"@id":"https:\/\/sulin.ee\/en\/#\/schema\/logo\/image\/"},"sameAs":["https:\/\/www.facebook.com\/www.sulin.ee\/","https:\/\/www.instagram.com\/sulintrade\/"]}]}},"builder_content":"","_links":{"self":[{"href":"https:\/\/sulin.ee\/en\/wp-json\/wp\/v2\/product\/29314","targetHints":{"allow":["GET"]}}],"collection":[{"href":"https:\/\/sulin.ee\/en\/wp-json\/wp\/v2\/product"}],"about":[{"href":"https:\/\/sulin.ee\/en\/wp-json\/wp\/v2\/types\/product"}],"replies":[{"embeddable":true,"href":"https:\/\/sulin.ee\/en\/wp-json\/wp\/v2\/comments?post=29314"}],"wp:featuredmedia":[{"embeddable":true,"href":"https:\/\/sulin.ee\/en\/wp-json\/wp\/v2\/media\/21673"}],"wp:attachment":[{"href":"https:\/\/sulin.ee\/en\/wp-json\/wp\/v2\/media?parent=29314"}],"wp:term":[{"taxonomy":"product_brand","embeddable":true,"href":"https:\/\/sulin.ee\/en\/wp-json\/wp\/v2\/product_brand?post=29314"},{"taxonomy":"product_cat","embeddable":true,"href":"https:\/\/sulin.ee\/en\/wp-json\/wp\/v2\/product_cat?post=29314"},{"taxonomy":"product_tag","embeddable":true,"href":"https:\/\/sulin.ee\/en\/wp-json\/wp\/v2\/product_tag?post=29314"}],"curies":[{"name":"wp","href":"https:\/\/api.w.org\/{rel}","templated":true}]}}