{"id":29279,"date":"2024-12-14T09:04:29","date_gmt":"2024-12-14T09:04:29","guid":{"rendered":"https:\/\/sulin.ee\/?post_type=product&#038;p=29279"},"modified":"2026-03-18T09:52:00","modified_gmt":"2026-03-18T09:52:00","slug":"yumearth-magushapud-pulgakommid-mix-14tk","status":"publish","type":"product","link":"https:\/\/sulin.ee\/en\/toode\/yumearth-magushapud-pulgakommid-mix-14tk\/","title":{"rendered":"YUMEARTH magushapud pulgakommid MIX, 14tk"},"content":{"rendered":"<p><strong>YUMEARTH magushapud pulgakommid on Sinu pakk, kui lemmikuks on \u00f5un, kirss ja viinamari. Just viinamarja ja \u00f5una ei leia paljudest segudest. Ent kui proovid, siis meeldib. Yummikommide v\u00e4ga suur pluss on, et kui valge rafineeritud suhkruga kommid muudavad lapsed h\u00fcperaktiivseks, mist\u014dttu n\u00e4iteks \u00f5htul ei ole sugugi hea maiustada, kui tahaks maiasmokad \u00f5igel ajal magama saada, siis Yummikommid sellise m\u00f5juga ei ole. Seda on meile kinnitanud isegi lasteaiakasvatajad!<\/strong><\/p>\n<p><strong>3 suurep\u00e4rast maitset: <\/strong>\u00f5un, kirss ja viinamari.<\/p>\n<p>100% vegan. Kommid on valmistatud mahlakontsentraatidest.<\/p>\n<p><strong>EI SISALDA<\/strong>\u00a0gluteeni, GMO-sid, sojat, kaseiini, piimatooteid, p\u00e4hkleid, nisu, k\u00f5rge gl\u00fckoosisisaldusega maisisiirupit ega rasva.<\/p>\n<p>Kasutatakse ainult looduslikke l\u00f5hna- ja maitseaineid.<\/p>\n<p><strong>Koostisosad: <\/strong>Aurutatud suhkruroo mahl*, Pruuni riisi siirup*, Sidrunhape (peedisuhkrust), Looduslikud l\u00f5hna- ja maitseained, Must porgand*, Musts\u00f5star*, \u00d5un*, Porgand*, K\u00f5rvits*.<\/p>\n<div class=\"std\">\n<p>Vahel paneb m\u00f5tlema k\u00fcll, et mis asi see on, et lastele just pulgakommid nii v\u00e4ga meeldivad \ud83d\ude42 Karamellid on ju samad, aga ju midagi on ja kui tead, et meeldib, siis on v\u00e4ikest inimest lihtne r\u00f5\u00f5msaks teha.<\/p>\n<p>Yummikommid on vabad enamus tuntud\u00a0<strong>allergeenidest<\/strong>. Meie Yummimaiaste hulgas on palju neid, kes kahjuks muid maiuseid ei saagi tarbida. Antud juhul on meil muidugi v\u00e4ga hea meel, et meil on midagigi, mis neile sobib ja probleemide asemel naeratuse n\u00e4ole v\u00f5lub. Tavalised kommid ei sobi paljudele ning paljud s\u00f5nadki koostises on arusaamatud. \u00d6eldakse ju ka, et kui ei saa kirjutatust aru, siis on parem toode riiulisse j\u00e4tta.<\/p>\n<p><strong>YumEarth<\/strong>`i tooted on k\u00f5ik tehtud naturaalsetest koostisosadest, kus kasutatakse vaid looduslikke v\u00e4rv-, l\u00f5hna- ja maitseaineid.\u00a0<strong>Yummikommid<\/strong> ei sisalda gluteeni, GMOsid, soja, kaseiini, piimatooteid, p\u00e4hkleid, nisu, k\u00f5rge gl\u00fckoosisisaldusega maisisiirupit ega rasva. K\u00f5ik tooted on 100% vegan.<\/p>\n<p>*Valmistatud mahep\u00f5llumajanduslikult.<br \/>\nS\u00e4ilitada kuivas ja jahedas.<\/p>\n<p>Vaata ka teisi maiustusi <a href=\"https:\/\/sulin.ee\/tootekategooria\/maiustused\/\" target=\"_blank\" rel=\"noopener\">siit<\/a>.<\/p>\n<\/div>\n","protected":false},"excerpt":{"rendered":"<p><strong>YUMEARTH mahedad pulgakommid on v<\/strong><strong>almistatud p\u00e4ris mahladest\/mahlakontsentraatidest!<\/strong><\/p>\n<p><strong>3 suurep\u00e4rast maitset: <\/strong>\u00f5un, kirss ja viinamari.<\/p>\n","protected":false},"featured_media":21145,"comment_status":"open","ping_status":"closed","template":"","meta":[],"product_brand":[],"product_cat":[1052,1074],"product_tag":[],"class_list":{"0":"post-29279","1":"product","2":"type-product","3":"status-publish","4":"has-post-thumbnail","6":"product_cat-maiustused","7":"product_cat-yumearth","8":"has-post-title","9":"has-post-date","10":"has-post-category","11":"has-post-tag","12":"has-post-comment","13":"has-post-author","14":"","16":"first","17":"outofstock","18":"sale","19":"taxable","20":"shipping-taxable","21":"purchasable","22":"product-type-simple"},"yoast_head":"<!-- This site is optimized with the Yoast SEO plugin v26.8 - https:\/\/yoast.com\/product\/yoast-seo-wordpress\/ -->\n<title>YUMEARTH magushapud pulgakommid MIX, 14tk - sulin.ee<\/title>\n<meta name=\"description\" content=\"YUMEARTH magushapud pulgakommid on valmistatud p\u00e4ris mahlast! 3 suurep\u00e4rast maitset: \u00f5un, kirss ja viinamari.\" \/>\n<meta name=\"robots\" content=\"index, follow, max-snippet:-1, max-image-preview:large, max-video-preview:-1\" \/>\n<link rel=\"canonical\" href=\"https:\/\/sulin.ee\/en\/toode\/yumearth-magushapud-pulgakommid-mix-14tk\/\" \/>\n<meta property=\"og:locale\" content=\"en_US\" \/>\n<meta property=\"og:type\" content=\"article\" \/>\n<meta property=\"og:title\" content=\"YUMEARTH magushapud pulgakommid MIX, 14tk - sulin.ee\" \/>\n<meta property=\"og:description\" content=\"YUMEARTH magushapud pulgakommid on valmistatud p\u00e4ris mahlast! 3 suurep\u00e4rast maitset: \u00f5un, kirss ja viinamari.\" \/>\n<meta property=\"og:url\" content=\"https:\/\/sulin.ee\/en\/toode\/yumearth-magushapud-pulgakommid-mix-14tk\/\" \/>\n<meta property=\"og:site_name\" content=\"sulin.ee\" \/>\n<meta property=\"article:publisher\" content=\"https:\/\/www.facebook.com\/www.sulin.ee\/\" \/>\n<meta property=\"article:modified_time\" content=\"2026-03-18T09:52:00+00:00\" \/>\n<meta property=\"og:image\" content=\"https:\/\/sulin.ee\/wp-content\/uploads\/2024\/08\/Piltide-korrektuurid-kodulehel-93.png\" \/>\n\t<meta property=\"og:image:width\" content=\"1080\" \/>\n\t<meta property=\"og:image:height\" content=\"1080\" \/>\n\t<meta property=\"og:image:type\" content=\"image\/png\" \/>\n<meta name=\"twitter:card\" content=\"summary_large_image\" \/>\n<meta name=\"twitter:label1\" content=\"Est. reading time\" \/>\n\t<meta name=\"twitter:data1\" content=\"2 minutes\" \/>\n<script type=\"application\/ld+json\" class=\"yoast-schema-graph\">{\"@context\":\"https:\/\/schema.org\",\"@graph\":[{\"@type\":\"WebPage\",\"@id\":\"https:\/\/sulin.ee\/en\/toode\/yumearth-magushapud-pulgakommid-mix-14tk\/\",\"url\":\"https:\/\/sulin.ee\/en\/toode\/yumearth-magushapud-pulgakommid-mix-14tk\/\",\"name\":\"YUMEARTH magushapud pulgakommid MIX, 14tk - sulin.ee\",\"isPartOf\":{\"@id\":\"https:\/\/sulin.ee\/en\/#website\"},\"primaryImageOfPage\":{\"@id\":\"https:\/\/sulin.ee\/en\/toode\/yumearth-magushapud-pulgakommid-mix-14tk\/#primaryimage\"},\"image\":{\"@id\":\"https:\/\/sulin.ee\/en\/toode\/yumearth-magushapud-pulgakommid-mix-14tk\/#primaryimage\"},\"thumbnailUrl\":\"https:\/\/sulin.ee\/wp-content\/uploads\/2024\/08\/Piltide-korrektuurid-kodulehel-93.png\",\"datePublished\":\"2024-12-14T09:04:29+00:00\",\"dateModified\":\"2026-03-18T09:52:00+00:00\",\"description\":\"YUMEARTH magushapud pulgakommid on valmistatud p\u00e4ris mahlast! 3 suurep\u00e4rast maitset: \u00f5un, kirss ja viinamari.\",\"breadcrumb\":{\"@id\":\"https:\/\/sulin.ee\/en\/toode\/yumearth-magushapud-pulgakommid-mix-14tk\/#breadcrumb\"},\"inLanguage\":\"en-US\",\"potentialAction\":[{\"@type\":\"ReadAction\",\"target\":[\"https:\/\/sulin.ee\/en\/toode\/yumearth-magushapud-pulgakommid-mix-14tk\/\"]}]},{\"@type\":\"ImageObject\",\"inLanguage\":\"en-US\",\"@id\":\"https:\/\/sulin.ee\/en\/toode\/yumearth-magushapud-pulgakommid-mix-14tk\/#primaryimage\",\"url\":\"https:\/\/sulin.ee\/wp-content\/uploads\/2024\/08\/Piltide-korrektuurid-kodulehel-93.png\",\"contentUrl\":\"https:\/\/sulin.ee\/wp-content\/uploads\/2024\/08\/Piltide-korrektuurid-kodulehel-93.png\",\"width\":1080,\"height\":1080},{\"@type\":\"BreadcrumbList\",\"@id\":\"https:\/\/sulin.ee\/en\/toode\/yumearth-magushapud-pulgakommid-mix-14tk\/#breadcrumb\",\"itemListElement\":[{\"@type\":\"ListItem\",\"position\":1,\"name\":\"Home\",\"item\":\"https:\/\/sulin.ee\/en\/\"},{\"@type\":\"ListItem\",\"position\":2,\"name\":\"Sulin.ee e-pood\",\"item\":\"https:\/\/sulin.ee\/shop\/\"},{\"@type\":\"ListItem\",\"position\":3,\"name\":\"YUMEARTH magushapud pulgakommid MIX, 14tk\"}]},{\"@type\":\"WebSite\",\"@id\":\"https:\/\/sulin.ee\/en\/#website\",\"url\":\"https:\/\/sulin.ee\/en\/\",\"name\":\"sulin.ee\",\"description\":\"\",\"publisher\":{\"@id\":\"https:\/\/sulin.ee\/en\/#organization\"},\"potentialAction\":[{\"@type\":\"SearchAction\",\"target\":{\"@type\":\"EntryPoint\",\"urlTemplate\":\"https:\/\/sulin.ee\/en\/?s={search_term_string}\"},\"query-input\":{\"@type\":\"PropertyValueSpecification\",\"valueRequired\":true,\"valueName\":\"search_term_string\"}}],\"inLanguage\":\"en-US\"},{\"@type\":\"Organization\",\"@id\":\"https:\/\/sulin.ee\/en\/#organization\",\"name\":\"SULIN TRADE O\u00dc\",\"url\":\"https:\/\/sulin.ee\/en\/\",\"logo\":{\"@type\":\"ImageObject\",\"inLanguage\":\"en-US\",\"@id\":\"https:\/\/sulin.ee\/en\/#\/schema\/logo\/image\/\",\"url\":\"https:\/\/sulin.ee\/wp-content\/uploads\/2022\/11\/sulin-logo.png\",\"contentUrl\":\"https:\/\/sulin.ee\/wp-content\/uploads\/2022\/11\/sulin-logo.png\",\"width\":871,\"height\":321,\"caption\":\"SULIN TRADE O\u00dc\"},\"image\":{\"@id\":\"https:\/\/sulin.ee\/en\/#\/schema\/logo\/image\/\"},\"sameAs\":[\"https:\/\/www.facebook.com\/www.sulin.ee\/\",\"https:\/\/www.instagram.com\/sulintrade\/\"]}]}<\/script>\n<!-- \/ Yoast SEO plugin. -->","yoast_head_json":{"title":"YUMEARTH magushapud pulgakommid MIX, 14tk - sulin.ee","description":"YUMEARTH magushapud pulgakommid on valmistatud p\u00e4ris mahlast! 3 suurep\u00e4rast maitset: \u00f5un, kirss ja viinamari.","robots":{"index":"index","follow":"follow","max-snippet":"max-snippet:-1","max-image-preview":"max-image-preview:large","max-video-preview":"max-video-preview:-1"},"canonical":"https:\/\/sulin.ee\/en\/toode\/yumearth-magushapud-pulgakommid-mix-14tk\/","og_locale":"en_US","og_type":"article","og_title":"YUMEARTH magushapud pulgakommid MIX, 14tk - sulin.ee","og_description":"YUMEARTH magushapud pulgakommid on valmistatud p\u00e4ris mahlast! 3 suurep\u00e4rast maitset: \u00f5un, kirss ja viinamari.","og_url":"https:\/\/sulin.ee\/en\/toode\/yumearth-magushapud-pulgakommid-mix-14tk\/","og_site_name":"sulin.ee","article_publisher":"https:\/\/www.facebook.com\/www.sulin.ee\/","article_modified_time":"2026-03-18T09:52:00+00:00","og_image":[{"width":1080,"height":1080,"url":"https:\/\/sulin.ee\/wp-content\/uploads\/2024\/08\/Piltide-korrektuurid-kodulehel-93.png","type":"image\/png"}],"twitter_card":"summary_large_image","twitter_misc":{"Est. reading time":"2 minutes"},"schema":{"@context":"https:\/\/schema.org","@graph":[{"@type":"WebPage","@id":"https:\/\/sulin.ee\/en\/toode\/yumearth-magushapud-pulgakommid-mix-14tk\/","url":"https:\/\/sulin.ee\/en\/toode\/yumearth-magushapud-pulgakommid-mix-14tk\/","name":"YUMEARTH magushapud pulgakommid MIX, 14tk - sulin.ee","isPartOf":{"@id":"https:\/\/sulin.ee\/en\/#website"},"primaryImageOfPage":{"@id":"https:\/\/sulin.ee\/en\/toode\/yumearth-magushapud-pulgakommid-mix-14tk\/#primaryimage"},"image":{"@id":"https:\/\/sulin.ee\/en\/toode\/yumearth-magushapud-pulgakommid-mix-14tk\/#primaryimage"},"thumbnailUrl":"https:\/\/sulin.ee\/wp-content\/uploads\/2024\/08\/Piltide-korrektuurid-kodulehel-93.png","datePublished":"2024-12-14T09:04:29+00:00","dateModified":"2026-03-18T09:52:00+00:00","description":"YUMEARTH magushapud pulgakommid on valmistatud p\u00e4ris mahlast! 3 suurep\u00e4rast maitset: \u00f5un, kirss ja viinamari.","breadcrumb":{"@id":"https:\/\/sulin.ee\/en\/toode\/yumearth-magushapud-pulgakommid-mix-14tk\/#breadcrumb"},"inLanguage":"en-US","potentialAction":[{"@type":"ReadAction","target":["https:\/\/sulin.ee\/en\/toode\/yumearth-magushapud-pulgakommid-mix-14tk\/"]}]},{"@type":"ImageObject","inLanguage":"en-US","@id":"https:\/\/sulin.ee\/en\/toode\/yumearth-magushapud-pulgakommid-mix-14tk\/#primaryimage","url":"https:\/\/sulin.ee\/wp-content\/uploads\/2024\/08\/Piltide-korrektuurid-kodulehel-93.png","contentUrl":"https:\/\/sulin.ee\/wp-content\/uploads\/2024\/08\/Piltide-korrektuurid-kodulehel-93.png","width":1080,"height":1080},{"@type":"BreadcrumbList","@id":"https:\/\/sulin.ee\/en\/toode\/yumearth-magushapud-pulgakommid-mix-14tk\/#breadcrumb","itemListElement":[{"@type":"ListItem","position":1,"name":"Home","item":"https:\/\/sulin.ee\/en\/"},{"@type":"ListItem","position":2,"name":"Sulin.ee e-pood","item":"https:\/\/sulin.ee\/shop\/"},{"@type":"ListItem","position":3,"name":"YUMEARTH magushapud pulgakommid MIX, 14tk"}]},{"@type":"WebSite","@id":"https:\/\/sulin.ee\/en\/#website","url":"https:\/\/sulin.ee\/en\/","name":"sulin.ee","description":"","publisher":{"@id":"https:\/\/sulin.ee\/en\/#organization"},"potentialAction":[{"@type":"SearchAction","target":{"@type":"EntryPoint","urlTemplate":"https:\/\/sulin.ee\/en\/?s={search_term_string}"},"query-input":{"@type":"PropertyValueSpecification","valueRequired":true,"valueName":"search_term_string"}}],"inLanguage":"en-US"},{"@type":"Organization","@id":"https:\/\/sulin.ee\/en\/#organization","name":"SULIN TRADE O\u00dc","url":"https:\/\/sulin.ee\/en\/","logo":{"@type":"ImageObject","inLanguage":"en-US","@id":"https:\/\/sulin.ee\/en\/#\/schema\/logo\/image\/","url":"https:\/\/sulin.ee\/wp-content\/uploads\/2022\/11\/sulin-logo.png","contentUrl":"https:\/\/sulin.ee\/wp-content\/uploads\/2022\/11\/sulin-logo.png","width":871,"height":321,"caption":"SULIN TRADE O\u00dc"},"image":{"@id":"https:\/\/sulin.ee\/en\/#\/schema\/logo\/image\/"},"sameAs":["https:\/\/www.facebook.com\/www.sulin.ee\/","https:\/\/www.instagram.com\/sulintrade\/"]}]}},"builder_content":"","_links":{"self":[{"href":"https:\/\/sulin.ee\/en\/wp-json\/wp\/v2\/product\/29279","targetHints":{"allow":["GET"]}}],"collection":[{"href":"https:\/\/sulin.ee\/en\/wp-json\/wp\/v2\/product"}],"about":[{"href":"https:\/\/sulin.ee\/en\/wp-json\/wp\/v2\/types\/product"}],"replies":[{"embeddable":true,"href":"https:\/\/sulin.ee\/en\/wp-json\/wp\/v2\/comments?post=29279"}],"wp:featuredmedia":[{"embeddable":true,"href":"https:\/\/sulin.ee\/en\/wp-json\/wp\/v2\/media\/21145"}],"wp:attachment":[{"href":"https:\/\/sulin.ee\/en\/wp-json\/wp\/v2\/media?parent=29279"}],"wp:term":[{"taxonomy":"product_brand","embeddable":true,"href":"https:\/\/sulin.ee\/en\/wp-json\/wp\/v2\/product_brand?post=29279"},{"taxonomy":"product_cat","embeddable":true,"href":"https:\/\/sulin.ee\/en\/wp-json\/wp\/v2\/product_cat?post=29279"},{"taxonomy":"product_tag","embeddable":true,"href":"https:\/\/sulin.ee\/en\/wp-json\/wp\/v2\/product_tag?post=29279"}],"curies":[{"name":"wp","href":"https:\/\/api.w.org\/{rel}","templated":true}]}}