{"id":29275,"date":"2024-12-14T09:04:19","date_gmt":"2024-12-14T09:04:19","guid":{"rendered":"https:\/\/sulin.ee\/?post_type=product&#038;p=29275"},"modified":"2026-03-18T09:52:00","modified_gmt":"2026-03-18T09:52:00","slug":"yumearth-mahedad-kummikarukesed-50g","status":"publish","type":"product","link":"https:\/\/sulin.ee\/en\/toode\/yumearth-mahedad-kummikarukesed-50g\/","title":{"rendered":"YUMEARTH mahedad kummikarukesed, 50g"},"content":{"rendered":"<p><strong>YUMEARTH mahedad kummikarukesed on lausa s\u00f5ltuvust tekitavad. Valmistatud puhastest, naturaalsetest ning taimsetest koostisosadest. Karukesed ei ole ei liiga hapud ega ka liiga magusad. Puuviljamaitse ei ole suhkrumaitse poolt \u00e4ra peidetud.<\/strong><\/p>\n<p>100% vegan.<\/p>\n<p><strong>EI SISALDA<\/strong> gluteeni, soja, kaseiini, piimatooteid, p\u00e4hkleid ega rasva.<\/p>\n<p>Kasutatakse ainult looduslikke l\u00f5hna- ja maitseaineid.<\/p>\n<p>YUMEARTH mahedad kummikommid sobivad m\u00f5nusaks <strong>vahepalaks nii kooli, t\u00f6\u00f6le kui ka trenni<\/strong>. Need on lausa s\u00f5ltuvust tekitavalt head.<\/p>\n<p>Yumearthi loojateks on kaks isa, kelle lapsed olid nii allergilised tavalistele poodides saadaolevatele kommidele, et l\u00f5puks ei j\u00e4\u00e4nudki neil muud \u00fcle kui hakata ise komme tegema. Esmalt olid pulgakommid, kuid vaikselt on valik laienenud ja Yumearthist on saanud maailma suurim mahekommide tootja, kes ei tee mitte mingit allahindlust koostise osas.\u00a0 Yummikommid peavad sobima k\u00f5igile (v\u00e4ga v\u00e4ikeste eranditega, sest k\u00f5ikide selle maailma h\u00e4dade vastu ei saa nemadki).<\/p>\n<p>Yummikommid on vabad enamus tuntud\u00a0<strong>allergeenidest<\/strong>. Meie Yummimaiaste hulgas on palju neid, kes kahjuks muid maiuseid ei saagi tarbida. Antud juhul on meil muidugi v\u00e4ga hea meel, et meil on midagigi, mis neile sobib ja probleemide asemel naeratuse n\u00e4ole v\u00f5lub. Tavalised kommid ei sobi paljudele ning paljud s\u00f5nadki koostises on arusaamatud. \u00d6eldakse ju ka, et kui ei saa kirjutatust aru, siis on parem toode riiulisse j\u00e4tta.<\/p>\n<p><strong>Koostisosad: <\/strong>Mahe roosuhkur*, Mahe pruuni riisisiirup*, maisit\u00e4rklis*, Pektiin, Askorbiinhape, Sidrunhape, Mahe p\u00e4evalille\u00f5li*, Glaseeraine- karnaubavaha, <strong>Nisut\u00e4rklis<\/strong>*, Mahlad kontsentraadist (mahe porgandi-, k\u00f5rvitsa-, \u00f5una- ja musts\u00f5stramahl)*, Looduslikud maitseained (granaat\u00f5un).<\/p>\n<p>*Toodetud mahep\u00f5llumajanduslikult.<\/p>\n<p><strong>Toitumisalane teave 100 g kohta:<\/strong><\/p>\n<table width=\"40%\">\n<tbody>\n<tr>\n<td align=\"left\">Energiasisaldus (Kcal)<\/td>\n<td align=\"left\">320 Kcal<\/td>\n<\/tr>\n<tr>\n<td align=\"left\">Rasvad (g)<\/td>\n<td align=\"left\">0 g<\/td>\n<\/tr>\n<tr>\n<td class=\"trepp\" align=\"left\">millest k\u00fcllastunud (g)<\/td>\n<td align=\"left\">0 g<\/td>\n<\/tr>\n<tr>\n<td align=\"left\">S\u00fcsivesikud (g)<\/td>\n<td align=\"left\">79 g<\/td>\n<\/tr>\n<tr>\n<td class=\"trepp\" align=\"left\">millest suhkur (g)<\/td>\n<td align=\"left\">65 g<\/td>\n<\/tr>\n<tr>\n<td align=\"left\">Sool (g)<\/td>\n<td align=\"left\">0,63 g<\/td>\n<\/tr>\n<tr>\n<td align=\"left\">Valgud (g)<\/td>\n<td align=\"left\">0 g<\/td>\n<\/tr>\n<\/tbody>\n<\/table>\n<p>Kaal\/net 50g<\/p>\n<p>Parim enne: alates tootmisest 24 kuud. Vt.pakendilt<\/p>\n<p>S\u00e4ilitada jahedas ja kuivas 18-25 kraadi juures.<\/p>\n<p>Vaata ka teisi maiustusi <a href=\"https:\/\/sulin.ee\/tootekategooria\/maiustused\/\" target=\"_blank\" rel=\"noopener\">siit<\/a>.<\/p>\n","protected":false},"excerpt":{"rendered":"<p><strong>YUMEARTH mahedad kummikarukesed on lausa s\u00f5ltuvust tekitavad. Valmistatud puhastest, naturaalsetest ning taimsetest koostisosadest. Karukesed ei ole ei liiga hapud ega ka liiga magusad. Puuviljamaitse ei ole suhkrumaitse poolt \u00e4ra peidetud.<\/strong><\/p>\n","protected":false},"featured_media":21131,"comment_status":"open","ping_status":"closed","template":"","meta":[],"product_brand":[],"product_cat":[1052,1074],"product_tag":[],"class_list":{"0":"post-29275","1":"product","2":"type-product","3":"status-publish","4":"has-post-thumbnail","6":"product_cat-maiustused","7":"product_cat-yumearth","8":"has-post-title","9":"has-post-date","10":"has-post-category","11":"has-post-tag","12":"has-post-comment","13":"has-post-author","14":"","16":"first","17":"instock","18":"sale","19":"taxable","20":"shipping-taxable","21":"purchasable","22":"product-type-simple"},"yoast_head":"<!-- This site is optimized with the Yoast SEO plugin v26.8 - https:\/\/yoast.com\/product\/yoast-seo-wordpress\/ -->\n<title>YUMEARTH mahedad kummikarukesed, 50g - sulin.ee<\/title>\n<meta name=\"description\" content=\"YUMEARTH mahedad kummikarukesed on lausa s\u00f5ltuvust tekitavad. Valmistatud puhastest, naturaalsetest ning taimsetest koostisosadest.\" \/>\n<meta name=\"robots\" content=\"index, follow, max-snippet:-1, max-image-preview:large, max-video-preview:-1\" \/>\n<link rel=\"canonical\" href=\"https:\/\/sulin.ee\/en\/toode\/yumearth-mahedad-kummikarukesed-50g\/\" \/>\n<meta property=\"og:locale\" content=\"en_US\" \/>\n<meta property=\"og:type\" content=\"article\" \/>\n<meta property=\"og:title\" content=\"YUMEARTH mahedad kummikarukesed, 50g - sulin.ee\" \/>\n<meta property=\"og:description\" content=\"YUMEARTH mahedad kummikarukesed on lausa s\u00f5ltuvust tekitavad. Valmistatud puhastest, naturaalsetest ning taimsetest koostisosadest.\" \/>\n<meta property=\"og:url\" content=\"https:\/\/sulin.ee\/en\/toode\/yumearth-mahedad-kummikarukesed-50g\/\" \/>\n<meta property=\"og:site_name\" content=\"sulin.ee\" \/>\n<meta property=\"article:publisher\" content=\"https:\/\/www.facebook.com\/www.sulin.ee\/\" \/>\n<meta property=\"article:modified_time\" content=\"2026-03-18T09:52:00+00:00\" \/>\n<meta property=\"og:image\" content=\"https:\/\/sulin.ee\/wp-content\/uploads\/2024\/08\/vitasnack-tervislikud-snakid10-620x620-1.png\" \/>\n\t<meta property=\"og:image:width\" content=\"620\" \/>\n\t<meta property=\"og:image:height\" content=\"620\" \/>\n\t<meta property=\"og:image:type\" content=\"image\/png\" \/>\n<meta name=\"twitter:card\" content=\"summary_large_image\" \/>\n<meta name=\"twitter:label1\" content=\"Est. reading time\" \/>\n\t<meta name=\"twitter:data1\" content=\"2 minutes\" \/>\n<script type=\"application\/ld+json\" class=\"yoast-schema-graph\">{\"@context\":\"https:\/\/schema.org\",\"@graph\":[{\"@type\":\"WebPage\",\"@id\":\"https:\/\/sulin.ee\/en\/toode\/yumearth-mahedad-kummikarukesed-50g\/\",\"url\":\"https:\/\/sulin.ee\/en\/toode\/yumearth-mahedad-kummikarukesed-50g\/\",\"name\":\"YUMEARTH mahedad kummikarukesed, 50g - sulin.ee\",\"isPartOf\":{\"@id\":\"https:\/\/sulin.ee\/en\/#website\"},\"primaryImageOfPage\":{\"@id\":\"https:\/\/sulin.ee\/en\/toode\/yumearth-mahedad-kummikarukesed-50g\/#primaryimage\"},\"image\":{\"@id\":\"https:\/\/sulin.ee\/en\/toode\/yumearth-mahedad-kummikarukesed-50g\/#primaryimage\"},\"thumbnailUrl\":\"https:\/\/sulin.ee\/wp-content\/uploads\/2024\/08\/vitasnack-tervislikud-snakid10-620x620-1.png\",\"datePublished\":\"2024-12-14T09:04:19+00:00\",\"dateModified\":\"2026-03-18T09:52:00+00:00\",\"description\":\"YUMEARTH mahedad kummikarukesed on lausa s\u00f5ltuvust tekitavad. Valmistatud puhastest, naturaalsetest ning taimsetest koostisosadest.\",\"breadcrumb\":{\"@id\":\"https:\/\/sulin.ee\/en\/toode\/yumearth-mahedad-kummikarukesed-50g\/#breadcrumb\"},\"inLanguage\":\"en-US\",\"potentialAction\":[{\"@type\":\"ReadAction\",\"target\":[\"https:\/\/sulin.ee\/en\/toode\/yumearth-mahedad-kummikarukesed-50g\/\"]}]},{\"@type\":\"ImageObject\",\"inLanguage\":\"en-US\",\"@id\":\"https:\/\/sulin.ee\/en\/toode\/yumearth-mahedad-kummikarukesed-50g\/#primaryimage\",\"url\":\"https:\/\/sulin.ee\/wp-content\/uploads\/2024\/08\/vitasnack-tervislikud-snakid10-620x620-1.png\",\"contentUrl\":\"https:\/\/sulin.ee\/wp-content\/uploads\/2024\/08\/vitasnack-tervislikud-snakid10-620x620-1.png\",\"width\":620,\"height\":620,\"caption\":\"YUMEARTH mahedad kummikarukesed\"},{\"@type\":\"BreadcrumbList\",\"@id\":\"https:\/\/sulin.ee\/en\/toode\/yumearth-mahedad-kummikarukesed-50g\/#breadcrumb\",\"itemListElement\":[{\"@type\":\"ListItem\",\"position\":1,\"name\":\"Home\",\"item\":\"https:\/\/sulin.ee\/en\/\"},{\"@type\":\"ListItem\",\"position\":2,\"name\":\"Sulin.ee e-pood\",\"item\":\"https:\/\/sulin.ee\/shop\/\"},{\"@type\":\"ListItem\",\"position\":3,\"name\":\"YUMEARTH mahedad kummikarukesed, 50g\"}]},{\"@type\":\"WebSite\",\"@id\":\"https:\/\/sulin.ee\/en\/#website\",\"url\":\"https:\/\/sulin.ee\/en\/\",\"name\":\"sulin.ee\",\"description\":\"\",\"publisher\":{\"@id\":\"https:\/\/sulin.ee\/en\/#organization\"},\"potentialAction\":[{\"@type\":\"SearchAction\",\"target\":{\"@type\":\"EntryPoint\",\"urlTemplate\":\"https:\/\/sulin.ee\/en\/?s={search_term_string}\"},\"query-input\":{\"@type\":\"PropertyValueSpecification\",\"valueRequired\":true,\"valueName\":\"search_term_string\"}}],\"inLanguage\":\"en-US\"},{\"@type\":\"Organization\",\"@id\":\"https:\/\/sulin.ee\/en\/#organization\",\"name\":\"SULIN TRADE O\u00dc\",\"url\":\"https:\/\/sulin.ee\/en\/\",\"logo\":{\"@type\":\"ImageObject\",\"inLanguage\":\"en-US\",\"@id\":\"https:\/\/sulin.ee\/en\/#\/schema\/logo\/image\/\",\"url\":\"https:\/\/sulin.ee\/wp-content\/uploads\/2022\/11\/sulin-logo.png\",\"contentUrl\":\"https:\/\/sulin.ee\/wp-content\/uploads\/2022\/11\/sulin-logo.png\",\"width\":871,\"height\":321,\"caption\":\"SULIN TRADE O\u00dc\"},\"image\":{\"@id\":\"https:\/\/sulin.ee\/en\/#\/schema\/logo\/image\/\"},\"sameAs\":[\"https:\/\/www.facebook.com\/www.sulin.ee\/\",\"https:\/\/www.instagram.com\/sulintrade\/\"]}]}<\/script>\n<!-- \/ Yoast SEO plugin. -->","yoast_head_json":{"title":"YUMEARTH mahedad kummikarukesed, 50g - sulin.ee","description":"YUMEARTH mahedad kummikarukesed on lausa s\u00f5ltuvust tekitavad. Valmistatud puhastest, naturaalsetest ning taimsetest koostisosadest.","robots":{"index":"index","follow":"follow","max-snippet":"max-snippet:-1","max-image-preview":"max-image-preview:large","max-video-preview":"max-video-preview:-1"},"canonical":"https:\/\/sulin.ee\/en\/toode\/yumearth-mahedad-kummikarukesed-50g\/","og_locale":"en_US","og_type":"article","og_title":"YUMEARTH mahedad kummikarukesed, 50g - sulin.ee","og_description":"YUMEARTH mahedad kummikarukesed on lausa s\u00f5ltuvust tekitavad. Valmistatud puhastest, naturaalsetest ning taimsetest koostisosadest.","og_url":"https:\/\/sulin.ee\/en\/toode\/yumearth-mahedad-kummikarukesed-50g\/","og_site_name":"sulin.ee","article_publisher":"https:\/\/www.facebook.com\/www.sulin.ee\/","article_modified_time":"2026-03-18T09:52:00+00:00","og_image":[{"width":620,"height":620,"url":"https:\/\/sulin.ee\/wp-content\/uploads\/2024\/08\/vitasnack-tervislikud-snakid10-620x620-1.png","type":"image\/png"}],"twitter_card":"summary_large_image","twitter_misc":{"Est. reading time":"2 minutes"},"schema":{"@context":"https:\/\/schema.org","@graph":[{"@type":"WebPage","@id":"https:\/\/sulin.ee\/en\/toode\/yumearth-mahedad-kummikarukesed-50g\/","url":"https:\/\/sulin.ee\/en\/toode\/yumearth-mahedad-kummikarukesed-50g\/","name":"YUMEARTH mahedad kummikarukesed, 50g - sulin.ee","isPartOf":{"@id":"https:\/\/sulin.ee\/en\/#website"},"primaryImageOfPage":{"@id":"https:\/\/sulin.ee\/en\/toode\/yumearth-mahedad-kummikarukesed-50g\/#primaryimage"},"image":{"@id":"https:\/\/sulin.ee\/en\/toode\/yumearth-mahedad-kummikarukesed-50g\/#primaryimage"},"thumbnailUrl":"https:\/\/sulin.ee\/wp-content\/uploads\/2024\/08\/vitasnack-tervislikud-snakid10-620x620-1.png","datePublished":"2024-12-14T09:04:19+00:00","dateModified":"2026-03-18T09:52:00+00:00","description":"YUMEARTH mahedad kummikarukesed on lausa s\u00f5ltuvust tekitavad. Valmistatud puhastest, naturaalsetest ning taimsetest koostisosadest.","breadcrumb":{"@id":"https:\/\/sulin.ee\/en\/toode\/yumearth-mahedad-kummikarukesed-50g\/#breadcrumb"},"inLanguage":"en-US","potentialAction":[{"@type":"ReadAction","target":["https:\/\/sulin.ee\/en\/toode\/yumearth-mahedad-kummikarukesed-50g\/"]}]},{"@type":"ImageObject","inLanguage":"en-US","@id":"https:\/\/sulin.ee\/en\/toode\/yumearth-mahedad-kummikarukesed-50g\/#primaryimage","url":"https:\/\/sulin.ee\/wp-content\/uploads\/2024\/08\/vitasnack-tervislikud-snakid10-620x620-1.png","contentUrl":"https:\/\/sulin.ee\/wp-content\/uploads\/2024\/08\/vitasnack-tervislikud-snakid10-620x620-1.png","width":620,"height":620,"caption":"YUMEARTH mahedad kummikarukesed"},{"@type":"BreadcrumbList","@id":"https:\/\/sulin.ee\/en\/toode\/yumearth-mahedad-kummikarukesed-50g\/#breadcrumb","itemListElement":[{"@type":"ListItem","position":1,"name":"Home","item":"https:\/\/sulin.ee\/en\/"},{"@type":"ListItem","position":2,"name":"Sulin.ee e-pood","item":"https:\/\/sulin.ee\/shop\/"},{"@type":"ListItem","position":3,"name":"YUMEARTH mahedad kummikarukesed, 50g"}]},{"@type":"WebSite","@id":"https:\/\/sulin.ee\/en\/#website","url":"https:\/\/sulin.ee\/en\/","name":"sulin.ee","description":"","publisher":{"@id":"https:\/\/sulin.ee\/en\/#organization"},"potentialAction":[{"@type":"SearchAction","target":{"@type":"EntryPoint","urlTemplate":"https:\/\/sulin.ee\/en\/?s={search_term_string}"},"query-input":{"@type":"PropertyValueSpecification","valueRequired":true,"valueName":"search_term_string"}}],"inLanguage":"en-US"},{"@type":"Organization","@id":"https:\/\/sulin.ee\/en\/#organization","name":"SULIN TRADE O\u00dc","url":"https:\/\/sulin.ee\/en\/","logo":{"@type":"ImageObject","inLanguage":"en-US","@id":"https:\/\/sulin.ee\/en\/#\/schema\/logo\/image\/","url":"https:\/\/sulin.ee\/wp-content\/uploads\/2022\/11\/sulin-logo.png","contentUrl":"https:\/\/sulin.ee\/wp-content\/uploads\/2022\/11\/sulin-logo.png","width":871,"height":321,"caption":"SULIN TRADE O\u00dc"},"image":{"@id":"https:\/\/sulin.ee\/en\/#\/schema\/logo\/image\/"},"sameAs":["https:\/\/www.facebook.com\/www.sulin.ee\/","https:\/\/www.instagram.com\/sulintrade\/"]}]}},"builder_content":"","_links":{"self":[{"href":"https:\/\/sulin.ee\/en\/wp-json\/wp\/v2\/product\/29275","targetHints":{"allow":["GET"]}}],"collection":[{"href":"https:\/\/sulin.ee\/en\/wp-json\/wp\/v2\/product"}],"about":[{"href":"https:\/\/sulin.ee\/en\/wp-json\/wp\/v2\/types\/product"}],"replies":[{"embeddable":true,"href":"https:\/\/sulin.ee\/en\/wp-json\/wp\/v2\/comments?post=29275"}],"wp:featuredmedia":[{"embeddable":true,"href":"https:\/\/sulin.ee\/en\/wp-json\/wp\/v2\/media\/21131"}],"wp:attachment":[{"href":"https:\/\/sulin.ee\/en\/wp-json\/wp\/v2\/media?parent=29275"}],"wp:term":[{"taxonomy":"product_brand","embeddable":true,"href":"https:\/\/sulin.ee\/en\/wp-json\/wp\/v2\/product_brand?post=29275"},{"taxonomy":"product_cat","embeddable":true,"href":"https:\/\/sulin.ee\/en\/wp-json\/wp\/v2\/product_cat?post=29275"},{"taxonomy":"product_tag","embeddable":true,"href":"https:\/\/sulin.ee\/en\/wp-json\/wp\/v2\/product_tag?post=29275"}],"curies":[{"name":"wp","href":"https:\/\/api.w.org\/{rel}","templated":true}]}}