{"id":29231,"date":"2024-12-14T09:02:35","date_gmt":"2024-12-14T09:02:35","guid":{"rendered":"https:\/\/sulin.ee\/?post_type=product&#038;p=29231"},"modified":"2025-09-07T21:54:48","modified_gmt":"2025-09-07T21:54:48","slug":"puidust-pusle-elu-farmis","status":"publish","type":"product","link":"https:\/\/sulin.ee\/en\/toode\/puidust-pusle-elu-farmis\/","title":{"rendered":"Puidust pusle &#8220;Elu farmis&#8221;"},"content":{"rendered":"<p><strong>Puidust pusle &#8220;Elu farmis&#8221; annab v\u00f5imaluse heita pilk taluelu v\u00f5ludesse. Pusle sisaldab kokku \u00fcheksat t\u00fc\u00fcpilist taluelu figuuri: hobune, kana, talumaja, part, kukk, lehm, traktor, siga, koerakuut.<\/strong><\/p>\n<p>Puidust pusle &#8220;Elu farmis&#8221; on suurep\u00e4rane viis lapsele taluelu ja t\u00f6\u00f6de tutvustamiseks. <a href=\"https:\/\/www.small-foot.de\/en\/\" target=\"_blank\" rel=\"noopener\">Small Foot<\/a> nuppudega puslet\u00fckke on v\u00e4ikelapsel lihtne haarata ja \u00f5igesse kohta paigutada.<\/p>\n<p><strong>Puslega m\u00e4ngimine on suurep\u00e4rane ajaveetmise viis, millel on palju kasulikke eeliseid:<\/strong><\/p>\n<ul>\n<li>\n<p class=\"fFOiLQ _5Ob_nQ fM_HdA upnMoA\"><strong>Areneb probleemilahendamise oskust:<\/strong> Pusle kokkupanek n\u00f5uab m\u00f5tlemist ja strateegiat, mis aitab arendada probleemilahendamise oskust;<\/p>\n<\/li>\n<li><strong>Soodustab peenmotoorika arengut:<\/strong> Puslet\u00fckkide sobitamine aitab parandada k\u00e4te ja silmade koordinatsiooni ning arendada peenmotoorikat;<\/li>\n<li>\n<p class=\"fFOiLQ _5Ob_nQ fM_HdA upnMoA\"><strong>Kannatlikkus ja keskendumine:<\/strong> Pusle kokkupanek n\u00f5uab keskendumist ja kannatlikkust, mis on olulised oskused igap\u00e4evaelus;<\/p>\n<\/li>\n<li>\n<p class=\"fFOiLQ _5Ob_nQ fM_HdA upnMoA\"><strong>L\u00f5\u00f5gastus:<\/strong> Puslega m\u00e4ngimine v\u00f5ib olla v\u00e4ga l\u00f5\u00f5gastav ja stressi leevendav tegevus;<\/p>\n<\/li>\n<li>\n<p class=\"fFOiLQ _5Ob_nQ fM_HdA upnMoA\"><strong>\u00d5ppimine:<\/strong> Pusled on harivad, aidates lastel \u00f5ppida uusi s\u00f5nu, numbreid, v\u00e4rve v\u00f5i loomi.<\/p>\n<\/li>\n<\/ul>\n<p><strong>M\u00f5\u00f5dud:<\/strong> 30 x 22 x 2 cm.<\/p>\n<p>Leia veel vahvaid puslesid v\u00e4ikelastele <a href=\"https:\/\/sulin.ee\/tootekategooria\/lapsele\/mangimine\/pusled\/\" target=\"_blank\" rel=\"noopener\">siit.<\/a><\/p>\n","protected":false},"excerpt":{"rendered":"<p><strong>Puidust pusle &#8220;Elu farmis&#8221; annab v\u00f5imaluse heita pilk taluelu v\u00f5ludesse. Pusle sisaldab kokku \u00fcheksat t\u00fc\u00fcpilist taluelu figuuri: hobune, kana, talumaja, part, kukk, lehm, traktor, siga, koerakuut.<\/strong><\/p>\n","protected":false},"featured_media":20655,"comment_status":"open","ping_status":"closed","template":"","meta":[],"product_brand":[],"product_cat":[1000,1162,1164,925,175,1006],"product_tag":[],"class_list":{"0":"post-29231","1":"product","2":"type-product","3":"status-publish","4":"has-post-thumbnail","6":"product_cat-pusled-beebidele","7":"product_cat-kingituseks","8":"product_cat-1-3-aastat","9":"product_cat-pusled","10":"product_cat-puidust-manguasjad","11":"product_cat-small-foot","12":"has-post-title","13":"has-post-date","14":"has-post-category","15":"has-post-tag","16":"has-post-comment","17":"has-post-author","18":"","20":"first","21":"instock","22":"sale","23":"taxable","24":"shipping-taxable","25":"purchasable","26":"product-type-simple"},"yoast_head":"<!-- This site is optimized with the Yoast SEO plugin v26.8 - https:\/\/yoast.com\/product\/yoast-seo-wordpress\/ -->\n<title>Puidust pusle &quot;Elu farmis&quot; - sulin.ee<\/title>\n<meta name=\"description\" content=\"Puidust pusle &quot;Elu farmis&quot; annab v\u00f5imaluse heita pilk taluelu v\u00f5ludesse. Pusle sisaldab kokku \u00fcheksat t\u00fc\u00fcpilist taluelu figuuri.\" \/>\n<meta name=\"robots\" content=\"index, follow, max-snippet:-1, max-image-preview:large, max-video-preview:-1\" \/>\n<link rel=\"canonical\" href=\"https:\/\/sulin.ee\/en\/toode\/puidust-pusle-elu-farmis\/\" \/>\n<meta property=\"og:locale\" content=\"en_US\" \/>\n<meta property=\"og:type\" content=\"article\" \/>\n<meta property=\"og:title\" content=\"Puidust pusle &quot;Elu farmis&quot; - sulin.ee\" \/>\n<meta property=\"og:description\" content=\"Puidust pusle &quot;Elu farmis&quot; annab v\u00f5imaluse heita pilk taluelu v\u00f5ludesse. Pusle sisaldab kokku \u00fcheksat t\u00fc\u00fcpilist taluelu figuuri.\" \/>\n<meta property=\"og:url\" content=\"https:\/\/sulin.ee\/en\/toode\/puidust-pusle-elu-farmis\/\" \/>\n<meta property=\"og:site_name\" content=\"sulin.ee\" \/>\n<meta property=\"article:publisher\" content=\"https:\/\/www.facebook.com\/www.sulin.ee\/\" \/>\n<meta property=\"article:modified_time\" content=\"2025-09-07T21:54:48+00:00\" \/>\n<meta property=\"og:image\" content=\"https:\/\/sulin.ee\/wp-content\/uploads\/2024\/07\/1-16.png\" \/>\n\t<meta property=\"og:image:width\" content=\"1080\" \/>\n\t<meta property=\"og:image:height\" content=\"1080\" \/>\n\t<meta property=\"og:image:type\" content=\"image\/png\" \/>\n<meta name=\"twitter:card\" content=\"summary_large_image\" \/>\n<meta name=\"twitter:label1\" content=\"Est. reading time\" \/>\n\t<meta name=\"twitter:data1\" content=\"1 minute\" \/>\n<script type=\"application\/ld+json\" class=\"yoast-schema-graph\">{\"@context\":\"https:\/\/schema.org\",\"@graph\":[{\"@type\":\"WebPage\",\"@id\":\"https:\/\/sulin.ee\/en\/toode\/puidust-pusle-elu-farmis\/\",\"url\":\"https:\/\/sulin.ee\/en\/toode\/puidust-pusle-elu-farmis\/\",\"name\":\"Puidust pusle \\\"Elu farmis\\\" - sulin.ee\",\"isPartOf\":{\"@id\":\"https:\/\/sulin.ee\/en\/#website\"},\"primaryImageOfPage\":{\"@id\":\"https:\/\/sulin.ee\/en\/toode\/puidust-pusle-elu-farmis\/#primaryimage\"},\"image\":{\"@id\":\"https:\/\/sulin.ee\/en\/toode\/puidust-pusle-elu-farmis\/#primaryimage\"},\"thumbnailUrl\":\"https:\/\/sulin.ee\/wp-content\/uploads\/2024\/07\/1-16.png\",\"datePublished\":\"2024-12-14T09:02:35+00:00\",\"dateModified\":\"2025-09-07T21:54:48+00:00\",\"description\":\"Puidust pusle \\\"Elu farmis\\\" annab v\u00f5imaluse heita pilk taluelu v\u00f5ludesse. Pusle sisaldab kokku \u00fcheksat t\u00fc\u00fcpilist taluelu figuuri.\",\"breadcrumb\":{\"@id\":\"https:\/\/sulin.ee\/en\/toode\/puidust-pusle-elu-farmis\/#breadcrumb\"},\"inLanguage\":\"en-US\",\"potentialAction\":[{\"@type\":\"ReadAction\",\"target\":[\"https:\/\/sulin.ee\/en\/toode\/puidust-pusle-elu-farmis\/\"]}]},{\"@type\":\"ImageObject\",\"inLanguage\":\"en-US\",\"@id\":\"https:\/\/sulin.ee\/en\/toode\/puidust-pusle-elu-farmis\/#primaryimage\",\"url\":\"https:\/\/sulin.ee\/wp-content\/uploads\/2024\/07\/1-16.png\",\"contentUrl\":\"https:\/\/sulin.ee\/wp-content\/uploads\/2024\/07\/1-16.png\",\"width\":1080,\"height\":1080,\"caption\":\"Puidust pusle \\\"Elu farmis\\\"\"},{\"@type\":\"BreadcrumbList\",\"@id\":\"https:\/\/sulin.ee\/en\/toode\/puidust-pusle-elu-farmis\/#breadcrumb\",\"itemListElement\":[{\"@type\":\"ListItem\",\"position\":1,\"name\":\"Home\",\"item\":\"https:\/\/sulin.ee\/en\/\"},{\"@type\":\"ListItem\",\"position\":2,\"name\":\"Sulin.ee e-pood\",\"item\":\"https:\/\/sulin.ee\/shop\/\"},{\"@type\":\"ListItem\",\"position\":3,\"name\":\"Puidust pusle &#8220;Elu farmis&#8221;\"}]},{\"@type\":\"WebSite\",\"@id\":\"https:\/\/sulin.ee\/en\/#website\",\"url\":\"https:\/\/sulin.ee\/en\/\",\"name\":\"sulin.ee\",\"description\":\"\",\"publisher\":{\"@id\":\"https:\/\/sulin.ee\/en\/#organization\"},\"potentialAction\":[{\"@type\":\"SearchAction\",\"target\":{\"@type\":\"EntryPoint\",\"urlTemplate\":\"https:\/\/sulin.ee\/en\/?s={search_term_string}\"},\"query-input\":{\"@type\":\"PropertyValueSpecification\",\"valueRequired\":true,\"valueName\":\"search_term_string\"}}],\"inLanguage\":\"en-US\"},{\"@type\":\"Organization\",\"@id\":\"https:\/\/sulin.ee\/en\/#organization\",\"name\":\"SULIN TRADE O\u00dc\",\"url\":\"https:\/\/sulin.ee\/en\/\",\"logo\":{\"@type\":\"ImageObject\",\"inLanguage\":\"en-US\",\"@id\":\"https:\/\/sulin.ee\/en\/#\/schema\/logo\/image\/\",\"url\":\"https:\/\/sulin.ee\/wp-content\/uploads\/2022\/11\/sulin-logo.png\",\"contentUrl\":\"https:\/\/sulin.ee\/wp-content\/uploads\/2022\/11\/sulin-logo.png\",\"width\":871,\"height\":321,\"caption\":\"SULIN TRADE O\u00dc\"},\"image\":{\"@id\":\"https:\/\/sulin.ee\/en\/#\/schema\/logo\/image\/\"},\"sameAs\":[\"https:\/\/www.facebook.com\/www.sulin.ee\/\",\"https:\/\/www.instagram.com\/sulintrade\/\"]}]}<\/script>\n<!-- \/ Yoast SEO plugin. -->","yoast_head_json":{"title":"Puidust pusle \"Elu farmis\" - sulin.ee","description":"Puidust pusle \"Elu farmis\" annab v\u00f5imaluse heita pilk taluelu v\u00f5ludesse. Pusle sisaldab kokku \u00fcheksat t\u00fc\u00fcpilist taluelu figuuri.","robots":{"index":"index","follow":"follow","max-snippet":"max-snippet:-1","max-image-preview":"max-image-preview:large","max-video-preview":"max-video-preview:-1"},"canonical":"https:\/\/sulin.ee\/en\/toode\/puidust-pusle-elu-farmis\/","og_locale":"en_US","og_type":"article","og_title":"Puidust pusle \"Elu farmis\" - sulin.ee","og_description":"Puidust pusle \"Elu farmis\" annab v\u00f5imaluse heita pilk taluelu v\u00f5ludesse. Pusle sisaldab kokku \u00fcheksat t\u00fc\u00fcpilist taluelu figuuri.","og_url":"https:\/\/sulin.ee\/en\/toode\/puidust-pusle-elu-farmis\/","og_site_name":"sulin.ee","article_publisher":"https:\/\/www.facebook.com\/www.sulin.ee\/","article_modified_time":"2025-09-07T21:54:48+00:00","og_image":[{"width":1080,"height":1080,"url":"https:\/\/sulin.ee\/wp-content\/uploads\/2024\/07\/1-16.png","type":"image\/png"}],"twitter_card":"summary_large_image","twitter_misc":{"Est. reading time":"1 minute"},"schema":{"@context":"https:\/\/schema.org","@graph":[{"@type":"WebPage","@id":"https:\/\/sulin.ee\/en\/toode\/puidust-pusle-elu-farmis\/","url":"https:\/\/sulin.ee\/en\/toode\/puidust-pusle-elu-farmis\/","name":"Puidust pusle \"Elu farmis\" - sulin.ee","isPartOf":{"@id":"https:\/\/sulin.ee\/en\/#website"},"primaryImageOfPage":{"@id":"https:\/\/sulin.ee\/en\/toode\/puidust-pusle-elu-farmis\/#primaryimage"},"image":{"@id":"https:\/\/sulin.ee\/en\/toode\/puidust-pusle-elu-farmis\/#primaryimage"},"thumbnailUrl":"https:\/\/sulin.ee\/wp-content\/uploads\/2024\/07\/1-16.png","datePublished":"2024-12-14T09:02:35+00:00","dateModified":"2025-09-07T21:54:48+00:00","description":"Puidust pusle \"Elu farmis\" annab v\u00f5imaluse heita pilk taluelu v\u00f5ludesse. Pusle sisaldab kokku \u00fcheksat t\u00fc\u00fcpilist taluelu figuuri.","breadcrumb":{"@id":"https:\/\/sulin.ee\/en\/toode\/puidust-pusle-elu-farmis\/#breadcrumb"},"inLanguage":"en-US","potentialAction":[{"@type":"ReadAction","target":["https:\/\/sulin.ee\/en\/toode\/puidust-pusle-elu-farmis\/"]}]},{"@type":"ImageObject","inLanguage":"en-US","@id":"https:\/\/sulin.ee\/en\/toode\/puidust-pusle-elu-farmis\/#primaryimage","url":"https:\/\/sulin.ee\/wp-content\/uploads\/2024\/07\/1-16.png","contentUrl":"https:\/\/sulin.ee\/wp-content\/uploads\/2024\/07\/1-16.png","width":1080,"height":1080,"caption":"Puidust pusle \"Elu farmis\""},{"@type":"BreadcrumbList","@id":"https:\/\/sulin.ee\/en\/toode\/puidust-pusle-elu-farmis\/#breadcrumb","itemListElement":[{"@type":"ListItem","position":1,"name":"Home","item":"https:\/\/sulin.ee\/en\/"},{"@type":"ListItem","position":2,"name":"Sulin.ee e-pood","item":"https:\/\/sulin.ee\/shop\/"},{"@type":"ListItem","position":3,"name":"Puidust pusle &#8220;Elu farmis&#8221;"}]},{"@type":"WebSite","@id":"https:\/\/sulin.ee\/en\/#website","url":"https:\/\/sulin.ee\/en\/","name":"sulin.ee","description":"","publisher":{"@id":"https:\/\/sulin.ee\/en\/#organization"},"potentialAction":[{"@type":"SearchAction","target":{"@type":"EntryPoint","urlTemplate":"https:\/\/sulin.ee\/en\/?s={search_term_string}"},"query-input":{"@type":"PropertyValueSpecification","valueRequired":true,"valueName":"search_term_string"}}],"inLanguage":"en-US"},{"@type":"Organization","@id":"https:\/\/sulin.ee\/en\/#organization","name":"SULIN TRADE O\u00dc","url":"https:\/\/sulin.ee\/en\/","logo":{"@type":"ImageObject","inLanguage":"en-US","@id":"https:\/\/sulin.ee\/en\/#\/schema\/logo\/image\/","url":"https:\/\/sulin.ee\/wp-content\/uploads\/2022\/11\/sulin-logo.png","contentUrl":"https:\/\/sulin.ee\/wp-content\/uploads\/2022\/11\/sulin-logo.png","width":871,"height":321,"caption":"SULIN TRADE O\u00dc"},"image":{"@id":"https:\/\/sulin.ee\/en\/#\/schema\/logo\/image\/"},"sameAs":["https:\/\/www.facebook.com\/www.sulin.ee\/","https:\/\/www.instagram.com\/sulintrade\/"]}]}},"builder_content":"","_links":{"self":[{"href":"https:\/\/sulin.ee\/en\/wp-json\/wp\/v2\/product\/29231","targetHints":{"allow":["GET"]}}],"collection":[{"href":"https:\/\/sulin.ee\/en\/wp-json\/wp\/v2\/product"}],"about":[{"href":"https:\/\/sulin.ee\/en\/wp-json\/wp\/v2\/types\/product"}],"replies":[{"embeddable":true,"href":"https:\/\/sulin.ee\/en\/wp-json\/wp\/v2\/comments?post=29231"}],"wp:featuredmedia":[{"embeddable":true,"href":"https:\/\/sulin.ee\/en\/wp-json\/wp\/v2\/media\/20655"}],"wp:attachment":[{"href":"https:\/\/sulin.ee\/en\/wp-json\/wp\/v2\/media?parent=29231"}],"wp:term":[{"taxonomy":"product_brand","embeddable":true,"href":"https:\/\/sulin.ee\/en\/wp-json\/wp\/v2\/product_brand?post=29231"},{"taxonomy":"product_cat","embeddable":true,"href":"https:\/\/sulin.ee\/en\/wp-json\/wp\/v2\/product_cat?post=29231"},{"taxonomy":"product_tag","embeddable":true,"href":"https:\/\/sulin.ee\/en\/wp-json\/wp\/v2\/product_tag?post=29231"}],"curies":[{"name":"wp","href":"https:\/\/api.w.org\/{rel}","templated":true}]}}