{"id":29210,"date":"2024-12-14T09:01:33","date_gmt":"2024-12-14T09:01:33","guid":{"rendered":"https:\/\/sulin.ee\/?post_type=product&#038;p=29210"},"modified":"2026-01-30T19:34:53","modified_gmt":"2026-01-30T19:34:53","slug":"friendly-organic-juuste-ja-kehasampoon-kaeraekstraktiga-beebidele-400-ml","status":"publish","type":"product","link":"https:\/\/sulin.ee\/en\/toode\/friendly-organic-juuste-ja-kehasampoon-kaeraekstraktiga-beebidele-400-ml\/","title":{"rendered":"Friendly Organic juuste- ja keha\u0161ampoon kaeraekstraktiga beebidele, 400 ml"},"content":{"rendered":"<p><strong>Friendly Organic juuste- ja keha\u0161ampoon kaeraekstraktiga on orgaanilise oliivi\u00f5li baasil valmistatud puhastavate ainetega \u0161ampoon, mis puhastab \u00f5rnalt beebi peanahka ja juukseid, aidates tundlikku ja \u00f5rna nahka rahustada ja pehmendada. Kaera p\u00f5hised tooted sobivad ka ekseemsele nahale.<\/strong><\/p>\n<ul>\n<li>Dermatoloogiliselt testitud tundlikule nahale<\/li>\n<li>Sisaldab orgaanilist kaera ekstrakti<\/li>\n<li>Sobib igap\u00e4evaseks kasutamiseks<\/li>\n<li>Ei sisalda v\u00e4rvaineid, alkoholi, leeliselist seepi, SLS, SLES, parabeene.<\/li>\n<li>Puhastatavad ained on saadud orgaanilisest oliivi\u00f5list.<\/li>\n<\/ul>\n<p><strong><a href=\"https:\/\/www.friendlyorganic.com\/\" target=\"_blank\" rel=\"noopener\">Friendly Organic<\/a> juuste- ja keha\u0161ampoon kaeraekstraktiga koosneb:<\/strong> Aqua (Water), Glycerin, Ammonium Lauryl Sulfate, Cocamidopropyl Betaine, Sodium Lauroyl Sarcosinate, Caprylyl\/Capryl Glucoside, Olivamidopropyl Betaine**, Lauryl Glucoside, Avena Sativa (Oat) Kernel\u00a0 Extract*, Sodium Chloride, Coco-Glucoside, Glyceryl Oleate, Hydrolyzed Rice Protein, Parfum (Fragrance), Lactic Acid, Sodium Benzoate, Potassium Sorbate. *From Organic Farming, **Surfactant derived from Organic Olive Oil.<\/p>\n<p>Vaata ka teisi beebile m\u00f5eldud kehahooldustooteid\u00a0<a href=\"https:\/\/sulin.ee\/tootekategooria\/beebile\/hoolitsus-beebid\/kehahooldus-beebile\/\" target=\"_blank\" rel=\"noopener\">siit<\/a>.<\/p>\n","protected":false},"excerpt":{"rendered":"<p><strong>H\u00fcpoallergeene, dermatoloogiliselt testitud \u0161ampoon sobib ka tundlikuma nahaga beebidele. Toode sobib igap\u00e4evaseks kasutamiseks.<\/strong><\/p>\n<p><img loading=\"lazy\" decoding=\"async\" class=\"alignnone wp-image-2504\" src=\"https:\/\/heveren.ee\/wp-content\/uploads\/2018\/05\/Nimetu-kujundus25.png\" alt=\"\" width=\"353\" height=\"106\" \/><\/p>\n","protected":false},"featured_media":20144,"comment_status":"open","ping_status":"closed","template":"","meta":[],"product_brand":[],"product_cat":[1208,987,986,211,1040],"product_tag":[],"class_list":{"0":"post-29210","1":"product","2":"type-product","3":"status-publish","4":"has-post-thumbnail","6":"product_cat-vanniaeg","7":"product_cat-kehahooldus-beebile","8":"product_cat-kehahooldus-lastele","9":"product_cat-pesuvahendid","10":"product_cat-friendly-organic","11":"has-post-title","12":"has-post-date","13":"has-post-category","14":"has-post-tag","15":"has-post-comment","16":"has-post-author","17":"","19":"first","20":"instock","21":"sale","22":"taxable","23":"shipping-taxable","24":"purchasable","25":"product-type-simple"},"yoast_head":"<!-- This site is optimized with the Yoast SEO plugin v26.8 - https:\/\/yoast.com\/product\/yoast-seo-wordpress\/ -->\n<title>Friendly Organic juuste- ja keha\u0161ampoon kaeraekstraktiga beebidele, 400 ml - sulin.ee<\/title>\n<meta name=\"description\" content=\"Friendly Organic juuste- ja keha\u0161ampoon kaeraekstraktiga on orgaanilise oliivi\u00f5li baasil valmistatud puhastavate ainetega \u0161ampoon.\" \/>\n<meta name=\"robots\" content=\"index, follow, max-snippet:-1, max-image-preview:large, max-video-preview:-1\" \/>\n<link rel=\"canonical\" href=\"https:\/\/sulin.ee\/en\/toode\/friendly-organic-juuste-ja-kehasampoon-kaeraekstraktiga-beebidele-400-ml\/\" \/>\n<meta property=\"og:locale\" content=\"en_US\" \/>\n<meta property=\"og:type\" content=\"article\" \/>\n<meta property=\"og:title\" content=\"Friendly Organic juuste- ja keha\u0161ampoon kaeraekstraktiga beebidele, 400 ml - sulin.ee\" \/>\n<meta property=\"og:description\" content=\"Friendly Organic juuste- ja keha\u0161ampoon kaeraekstraktiga on orgaanilise oliivi\u00f5li baasil valmistatud puhastavate ainetega \u0161ampoon.\" \/>\n<meta property=\"og:url\" content=\"https:\/\/sulin.ee\/en\/toode\/friendly-organic-juuste-ja-kehasampoon-kaeraekstraktiga-beebidele-400-ml\/\" \/>\n<meta property=\"og:site_name\" content=\"sulin.ee\" \/>\n<meta property=\"article:publisher\" content=\"https:\/\/www.facebook.com\/www.sulin.ee\/\" \/>\n<meta property=\"article:modified_time\" content=\"2026-01-30T19:34:53+00:00\" \/>\n<meta property=\"og:image\" content=\"https:\/\/sulin.ee\/wp-content\/uploads\/2024\/07\/Piltide-korrektuurid-kodulehel-90.png\" \/>\n\t<meta property=\"og:image:width\" content=\"1080\" \/>\n\t<meta property=\"og:image:height\" content=\"1080\" \/>\n\t<meta property=\"og:image:type\" content=\"image\/png\" \/>\n<meta name=\"twitter:card\" content=\"summary_large_image\" \/>\n<meta name=\"twitter:label1\" content=\"Est. reading time\" \/>\n\t<meta name=\"twitter:data1\" content=\"1 minute\" \/>\n<script type=\"application\/ld+json\" class=\"yoast-schema-graph\">{\"@context\":\"https:\/\/schema.org\",\"@graph\":[{\"@type\":\"WebPage\",\"@id\":\"https:\/\/sulin.ee\/en\/toode\/friendly-organic-juuste-ja-kehasampoon-kaeraekstraktiga-beebidele-400-ml\/\",\"url\":\"https:\/\/sulin.ee\/en\/toode\/friendly-organic-juuste-ja-kehasampoon-kaeraekstraktiga-beebidele-400-ml\/\",\"name\":\"Friendly Organic juuste- ja keha\u0161ampoon kaeraekstraktiga beebidele, 400 ml - sulin.ee\",\"isPartOf\":{\"@id\":\"https:\/\/sulin.ee\/en\/#website\"},\"primaryImageOfPage\":{\"@id\":\"https:\/\/sulin.ee\/en\/toode\/friendly-organic-juuste-ja-kehasampoon-kaeraekstraktiga-beebidele-400-ml\/#primaryimage\"},\"image\":{\"@id\":\"https:\/\/sulin.ee\/en\/toode\/friendly-organic-juuste-ja-kehasampoon-kaeraekstraktiga-beebidele-400-ml\/#primaryimage\"},\"thumbnailUrl\":\"https:\/\/sulin.ee\/wp-content\/uploads\/2024\/07\/Piltide-korrektuurid-kodulehel-90.png\",\"datePublished\":\"2024-12-14T09:01:33+00:00\",\"dateModified\":\"2026-01-30T19:34:53+00:00\",\"description\":\"Friendly Organic juuste- ja keha\u0161ampoon kaeraekstraktiga on orgaanilise oliivi\u00f5li baasil valmistatud puhastavate ainetega \u0161ampoon.\",\"breadcrumb\":{\"@id\":\"https:\/\/sulin.ee\/en\/toode\/friendly-organic-juuste-ja-kehasampoon-kaeraekstraktiga-beebidele-400-ml\/#breadcrumb\"},\"inLanguage\":\"en-US\",\"potentialAction\":[{\"@type\":\"ReadAction\",\"target\":[\"https:\/\/sulin.ee\/en\/toode\/friendly-organic-juuste-ja-kehasampoon-kaeraekstraktiga-beebidele-400-ml\/\"]}]},{\"@type\":\"ImageObject\",\"inLanguage\":\"en-US\",\"@id\":\"https:\/\/sulin.ee\/en\/toode\/friendly-organic-juuste-ja-kehasampoon-kaeraekstraktiga-beebidele-400-ml\/#primaryimage\",\"url\":\"https:\/\/sulin.ee\/wp-content\/uploads\/2024\/07\/Piltide-korrektuurid-kodulehel-90.png\",\"contentUrl\":\"https:\/\/sulin.ee\/wp-content\/uploads\/2024\/07\/Piltide-korrektuurid-kodulehel-90.png\",\"width\":1080,\"height\":1080,\"caption\":\"Friendly Organic juuste- ja keha\u0161ampoon kaeraekstraktiga\"},{\"@type\":\"BreadcrumbList\",\"@id\":\"https:\/\/sulin.ee\/en\/toode\/friendly-organic-juuste-ja-kehasampoon-kaeraekstraktiga-beebidele-400-ml\/#breadcrumb\",\"itemListElement\":[{\"@type\":\"ListItem\",\"position\":1,\"name\":\"Home\",\"item\":\"https:\/\/sulin.ee\/en\/\"},{\"@type\":\"ListItem\",\"position\":2,\"name\":\"Sulin.ee e-pood\",\"item\":\"https:\/\/sulin.ee\/shop\/\"},{\"@type\":\"ListItem\",\"position\":3,\"name\":\"Friendly Organic juuste- ja keha\u0161ampoon kaeraekstraktiga beebidele, 400 ml\"}]},{\"@type\":\"WebSite\",\"@id\":\"https:\/\/sulin.ee\/en\/#website\",\"url\":\"https:\/\/sulin.ee\/en\/\",\"name\":\"sulin.ee\",\"description\":\"\",\"publisher\":{\"@id\":\"https:\/\/sulin.ee\/en\/#organization\"},\"potentialAction\":[{\"@type\":\"SearchAction\",\"target\":{\"@type\":\"EntryPoint\",\"urlTemplate\":\"https:\/\/sulin.ee\/en\/?s={search_term_string}\"},\"query-input\":{\"@type\":\"PropertyValueSpecification\",\"valueRequired\":true,\"valueName\":\"search_term_string\"}}],\"inLanguage\":\"en-US\"},{\"@type\":\"Organization\",\"@id\":\"https:\/\/sulin.ee\/en\/#organization\",\"name\":\"SULIN TRADE O\u00dc\",\"url\":\"https:\/\/sulin.ee\/en\/\",\"logo\":{\"@type\":\"ImageObject\",\"inLanguage\":\"en-US\",\"@id\":\"https:\/\/sulin.ee\/en\/#\/schema\/logo\/image\/\",\"url\":\"https:\/\/sulin.ee\/wp-content\/uploads\/2022\/11\/sulin-logo.png\",\"contentUrl\":\"https:\/\/sulin.ee\/wp-content\/uploads\/2022\/11\/sulin-logo.png\",\"width\":871,\"height\":321,\"caption\":\"SULIN TRADE O\u00dc\"},\"image\":{\"@id\":\"https:\/\/sulin.ee\/en\/#\/schema\/logo\/image\/\"},\"sameAs\":[\"https:\/\/www.facebook.com\/www.sulin.ee\/\",\"https:\/\/www.instagram.com\/sulintrade\/\"]}]}<\/script>\n<!-- \/ Yoast SEO plugin. -->","yoast_head_json":{"title":"Friendly Organic juuste- ja keha\u0161ampoon kaeraekstraktiga beebidele, 400 ml - sulin.ee","description":"Friendly Organic juuste- ja keha\u0161ampoon kaeraekstraktiga on orgaanilise oliivi\u00f5li baasil valmistatud puhastavate ainetega \u0161ampoon.","robots":{"index":"index","follow":"follow","max-snippet":"max-snippet:-1","max-image-preview":"max-image-preview:large","max-video-preview":"max-video-preview:-1"},"canonical":"https:\/\/sulin.ee\/en\/toode\/friendly-organic-juuste-ja-kehasampoon-kaeraekstraktiga-beebidele-400-ml\/","og_locale":"en_US","og_type":"article","og_title":"Friendly Organic juuste- ja keha\u0161ampoon kaeraekstraktiga beebidele, 400 ml - sulin.ee","og_description":"Friendly Organic juuste- ja keha\u0161ampoon kaeraekstraktiga on orgaanilise oliivi\u00f5li baasil valmistatud puhastavate ainetega \u0161ampoon.","og_url":"https:\/\/sulin.ee\/en\/toode\/friendly-organic-juuste-ja-kehasampoon-kaeraekstraktiga-beebidele-400-ml\/","og_site_name":"sulin.ee","article_publisher":"https:\/\/www.facebook.com\/www.sulin.ee\/","article_modified_time":"2026-01-30T19:34:53+00:00","og_image":[{"width":1080,"height":1080,"url":"https:\/\/sulin.ee\/wp-content\/uploads\/2024\/07\/Piltide-korrektuurid-kodulehel-90.png","type":"image\/png"}],"twitter_card":"summary_large_image","twitter_misc":{"Est. reading time":"1 minute"},"schema":{"@context":"https:\/\/schema.org","@graph":[{"@type":"WebPage","@id":"https:\/\/sulin.ee\/en\/toode\/friendly-organic-juuste-ja-kehasampoon-kaeraekstraktiga-beebidele-400-ml\/","url":"https:\/\/sulin.ee\/en\/toode\/friendly-organic-juuste-ja-kehasampoon-kaeraekstraktiga-beebidele-400-ml\/","name":"Friendly Organic juuste- ja keha\u0161ampoon kaeraekstraktiga beebidele, 400 ml - sulin.ee","isPartOf":{"@id":"https:\/\/sulin.ee\/en\/#website"},"primaryImageOfPage":{"@id":"https:\/\/sulin.ee\/en\/toode\/friendly-organic-juuste-ja-kehasampoon-kaeraekstraktiga-beebidele-400-ml\/#primaryimage"},"image":{"@id":"https:\/\/sulin.ee\/en\/toode\/friendly-organic-juuste-ja-kehasampoon-kaeraekstraktiga-beebidele-400-ml\/#primaryimage"},"thumbnailUrl":"https:\/\/sulin.ee\/wp-content\/uploads\/2024\/07\/Piltide-korrektuurid-kodulehel-90.png","datePublished":"2024-12-14T09:01:33+00:00","dateModified":"2026-01-30T19:34:53+00:00","description":"Friendly Organic juuste- ja keha\u0161ampoon kaeraekstraktiga on orgaanilise oliivi\u00f5li baasil valmistatud puhastavate ainetega \u0161ampoon.","breadcrumb":{"@id":"https:\/\/sulin.ee\/en\/toode\/friendly-organic-juuste-ja-kehasampoon-kaeraekstraktiga-beebidele-400-ml\/#breadcrumb"},"inLanguage":"en-US","potentialAction":[{"@type":"ReadAction","target":["https:\/\/sulin.ee\/en\/toode\/friendly-organic-juuste-ja-kehasampoon-kaeraekstraktiga-beebidele-400-ml\/"]}]},{"@type":"ImageObject","inLanguage":"en-US","@id":"https:\/\/sulin.ee\/en\/toode\/friendly-organic-juuste-ja-kehasampoon-kaeraekstraktiga-beebidele-400-ml\/#primaryimage","url":"https:\/\/sulin.ee\/wp-content\/uploads\/2024\/07\/Piltide-korrektuurid-kodulehel-90.png","contentUrl":"https:\/\/sulin.ee\/wp-content\/uploads\/2024\/07\/Piltide-korrektuurid-kodulehel-90.png","width":1080,"height":1080,"caption":"Friendly Organic juuste- ja keha\u0161ampoon kaeraekstraktiga"},{"@type":"BreadcrumbList","@id":"https:\/\/sulin.ee\/en\/toode\/friendly-organic-juuste-ja-kehasampoon-kaeraekstraktiga-beebidele-400-ml\/#breadcrumb","itemListElement":[{"@type":"ListItem","position":1,"name":"Home","item":"https:\/\/sulin.ee\/en\/"},{"@type":"ListItem","position":2,"name":"Sulin.ee e-pood","item":"https:\/\/sulin.ee\/shop\/"},{"@type":"ListItem","position":3,"name":"Friendly Organic juuste- ja keha\u0161ampoon kaeraekstraktiga beebidele, 400 ml"}]},{"@type":"WebSite","@id":"https:\/\/sulin.ee\/en\/#website","url":"https:\/\/sulin.ee\/en\/","name":"sulin.ee","description":"","publisher":{"@id":"https:\/\/sulin.ee\/en\/#organization"},"potentialAction":[{"@type":"SearchAction","target":{"@type":"EntryPoint","urlTemplate":"https:\/\/sulin.ee\/en\/?s={search_term_string}"},"query-input":{"@type":"PropertyValueSpecification","valueRequired":true,"valueName":"search_term_string"}}],"inLanguage":"en-US"},{"@type":"Organization","@id":"https:\/\/sulin.ee\/en\/#organization","name":"SULIN TRADE O\u00dc","url":"https:\/\/sulin.ee\/en\/","logo":{"@type":"ImageObject","inLanguage":"en-US","@id":"https:\/\/sulin.ee\/en\/#\/schema\/logo\/image\/","url":"https:\/\/sulin.ee\/wp-content\/uploads\/2022\/11\/sulin-logo.png","contentUrl":"https:\/\/sulin.ee\/wp-content\/uploads\/2022\/11\/sulin-logo.png","width":871,"height":321,"caption":"SULIN TRADE O\u00dc"},"image":{"@id":"https:\/\/sulin.ee\/en\/#\/schema\/logo\/image\/"},"sameAs":["https:\/\/www.facebook.com\/www.sulin.ee\/","https:\/\/www.instagram.com\/sulintrade\/"]}]}},"builder_content":"","_links":{"self":[{"href":"https:\/\/sulin.ee\/en\/wp-json\/wp\/v2\/product\/29210","targetHints":{"allow":["GET"]}}],"collection":[{"href":"https:\/\/sulin.ee\/en\/wp-json\/wp\/v2\/product"}],"about":[{"href":"https:\/\/sulin.ee\/en\/wp-json\/wp\/v2\/types\/product"}],"replies":[{"embeddable":true,"href":"https:\/\/sulin.ee\/en\/wp-json\/wp\/v2\/comments?post=29210"}],"wp:featuredmedia":[{"embeddable":true,"href":"https:\/\/sulin.ee\/en\/wp-json\/wp\/v2\/media\/20144"}],"wp:attachment":[{"href":"https:\/\/sulin.ee\/en\/wp-json\/wp\/v2\/media?parent=29210"}],"wp:term":[{"taxonomy":"product_brand","embeddable":true,"href":"https:\/\/sulin.ee\/en\/wp-json\/wp\/v2\/product_brand?post=29210"},{"taxonomy":"product_cat","embeddable":true,"href":"https:\/\/sulin.ee\/en\/wp-json\/wp\/v2\/product_cat?post=29210"},{"taxonomy":"product_tag","embeddable":true,"href":"https:\/\/sulin.ee\/en\/wp-json\/wp\/v2\/product_tag?post=29210"}],"curies":[{"name":"wp","href":"https:\/\/api.w.org\/{rel}","templated":true}]}}