{"id":29156,"date":"2024-12-14T08:59:14","date_gmt":"2024-12-14T08:59:14","guid":{"rendered":"https:\/\/sulin.ee\/?post_type=product&#038;p=29156"},"modified":"2025-09-17T21:32:47","modified_gmt":"2025-09-17T21:32:47","slug":"friendly-organic-jalutuskaru-ja-autoistme-puhastusvahend-250-ml","status":"publish","type":"product","link":"https:\/\/sulin.ee\/en\/toode\/friendly-organic-jalutuskaru-ja-autoistme-puhastusvahend-250-ml\/","title":{"rendered":"Friendly Organic jalutusk\u00e4ru ja autoistme puhastusvahend, 250 ml"},"content":{"rendered":"<p><strong>Friendly Organic jalutusk\u00e4ru ja autoistme puhastusvahend on toodetud spetsiaalselt vankrite, k\u00e4rude ja turvatoolide puhastamiseks. Toode sisaldab t\u00f5husaid taimseid puhastusaineid, mis eemaldavad plekid ja ebameeldiva l\u00f5hna. Toode ei sisalda SLES, parabeene, fosfaate ja v\u00e4rvaineid. Toode on l\u00f5hnatu ja koostisained on biolagunevad.<\/strong><\/p>\n<p>Toodet v\u00f5ib kasutada riidest pindadel, plastikul, metallil, kummil, messingil.<\/p>\n<ul>\n<li>Sisaldab t\u00f5husaid taimseid koostisosi<\/li>\n<li>Eemaldab kergesti ka k\u00f5ige tugevamad plekid<\/li>\n<li>Eemaldab kergesti ebameeldivad l\u00f5hnad<\/li>\n<li>Sisaldab Aloe verat<\/li>\n<li>Kergesti lagunevad puhastusained, mis ei ladestu kangale.<\/li>\n<\/ul>\n<p><strong>Kasutamine:<\/strong>\u00a0Raputa pudelit enne kasutamist.<\/p>\n<p><strong>Riidest pindadel toote kasutamine:<\/strong>\u00a0piserda otse plekile ja oota 5 minutit ning p\u00fchi plekk \u00fcle kuiva ja puhta lapiga. Pleki p\u00fcsimisel korda protseduuri. \u00c4ra j\u00e4ta plekieemaldajat pinnale pikemaks ajaks kuivama! V\u00f5id eelnevalt toodet testida v\u00e4ikese pinna peal.<\/p>\n<p><strong><a href=\"https:\/\/www.friendlyorganic.com\/\" target=\"_blank\" rel=\"noopener\">Friendly Organic<\/a> jalutusk\u00e4ru ja autoistme puhastusvahend muudel pindadel:<\/strong>\u00a0piserda otse plekile ja p\u00fchi puhta ja kuiva lapiga.<\/p>\n<p><strong>NB!<\/strong>\u00a0\u00c4ra kasuta eelnevalt muid puhastusvahendeid.<\/p>\n<p><strong>Koostisosad:\u00a0<\/strong>Aqua (Water), Alcohol Denat., Aloe Barbadensis Leaf Juice*, Potassium<br \/>\nCocoate, Glycerin, Trisodium Dicarboxymethyl Alaninate, Capryly\/Capryl Glucoside, Lactic<br \/>\nAcid. *From Organic Farming<br \/>\nChemical Composition (EC 648\/2004): &lt;5%: non-ionic surfactants, soap.<\/p>\n<div class=\"price-per-litre__volume\"><span style=\"color: #999999;\"><span class=\"woocommerce-Price-amount amount\"><bdi>5.95<span class=\"woocommerce-Price-currencySymbol\">\u20ac<\/span><\/bdi><\/span>\/250ml<\/span><\/div>\n<div class=\"price-per-litre__litre\"><span style=\"color: #999999;\"><span class=\"woocommerce-Price-amount amount\"><bdi><span class=\"woocommerce-Price-currencySymbol\">23,80\u20ac<\/span><\/bdi><\/span>\/liiter<\/span><\/div>\n","protected":false},"excerpt":{"rendered":"<p><strong>K\u00f5ik me teame, kui kergesti tekivad plekid lapsevankritele, k\u00e4rudele ja turvatoolidele ja kui raske neid puhastada on. Siin on j\u00e4rjekordne imetoode Friendly Organic tootesarjast.<\/strong><\/p>\n<p><strong>Toode on lihtsasti kasutatav ja see eemaldab ka raskemad plekid ja ebameeldivad l\u00f5hnad vankritelt ning turvatoolidelt. Toodet sobib kasutada ka diivanitel, vaipadel, \u00f5ueriietel, auto armatuuri ja istmete jm puhastamiseks (sobib plastik, riide, klaasi ja naha puhastamiseks). Toode on l\u00f5hnatu.<\/strong><\/p>\n<p><strong>Toode on orgaaniline ja sisaldab t\u00f5husaid taimseid puhastusaineid, mis ei ladestu pindadele. Lihtsalt piserda ja p\u00fchi puhta lapiga!<\/strong><\/p>\n<p><img loading=\"lazy\" decoding=\"async\" class=\"alignnone size-full wp-image-2439\" src=\"https:\/\/heveren.ee\/wp-content\/uploads\/2018\/03\/Nimetu-kujundus15.png\" alt=\"\" width=\"378\" height=\"114\" \/><\/p>\n","protected":false},"featured_media":19134,"comment_status":"open","ping_status":"closed","template":"","meta":[],"product_brand":[],"product_cat":[1029,970,987,589,192,193,89,211,1040],"product_tag":[],"class_list":{"0":"post-29156","1":"product","2":"type-product","3":"status-publish","4":"has-post-thumbnail","6":"product_cat-saasevorgud-vankrisse","7":"product_cat-hoolitsus-beebid","8":"product_cat-kehahooldus-beebile","9":"product_cat-muud-tarvikud","10":"product_cat-hooldusvahendid-beebid","11":"product_cat-lisatarvikud-lastele","12":"product_cat-puhastusvahendid","13":"product_cat-pesuvahendid","14":"product_cat-friendly-organic","15":"has-post-title","16":"has-post-date","17":"has-post-category","18":"has-post-tag","19":"has-post-comment","20":"has-post-author","21":"","23":"first","24":"instock","25":"sale","26":"taxable","27":"shipping-taxable","28":"purchasable","29":"product-type-simple"},"yoast_head":"<!-- This site is optimized with the Yoast SEO plugin v26.8 - https:\/\/yoast.com\/product\/yoast-seo-wordpress\/ -->\n<title>Friendly Organic jalutusk\u00e4ru ja autoistme puhastusvahend, 250 ml - sulin.ee<\/title>\n<meta name=\"robots\" content=\"index, follow, max-snippet:-1, max-image-preview:large, max-video-preview:-1\" \/>\n<link rel=\"canonical\" href=\"https:\/\/sulin.ee\/en\/toode\/friendly-organic-jalutuskaru-ja-autoistme-puhastusvahend-250-ml\/\" \/>\n<meta property=\"og:locale\" content=\"en_US\" \/>\n<meta property=\"og:type\" content=\"article\" \/>\n<meta property=\"og:title\" content=\"Friendly Organic jalutusk\u00e4ru ja autoistme puhastusvahend, 250 ml - sulin.ee\" \/>\n<meta property=\"og:description\" content=\"K\u00f5ik me teame, kui kergesti tekivad plekid lapsevankritele, k\u00e4rudele ja turvatoolidele ja kui raske neid puhastada on. Siin on j\u00e4rjekordne imetoode Friendly Organic tootesarjast.  Toode on lihtsasti kasutatav ja see eemaldab ka raskemad plekid ja ebameeldivad l\u00f5hnad vankritelt ning turvatoolidelt. Toodet sobib kasutada ka diivanitel, vaipadel, \u00f5ueriietel, auto armatuuri ja istmete jm puhastamiseks (sobib plastik, riide, klaasi ja naha puhastamiseks). Toode on l\u00f5hnatu.  Toode on orgaaniline ja sisaldab t\u00f5husaid taimseid puhastusaineid, mis ei ladestu pindadele. Lihtsalt piserda ja p\u00fchi puhta lapiga!\" \/>\n<meta property=\"og:url\" content=\"https:\/\/sulin.ee\/en\/toode\/friendly-organic-jalutuskaru-ja-autoistme-puhastusvahend-250-ml\/\" \/>\n<meta property=\"og:site_name\" content=\"sulin.ee\" \/>\n<meta property=\"article:publisher\" content=\"https:\/\/www.facebook.com\/www.sulin.ee\/\" \/>\n<meta property=\"article:modified_time\" content=\"2025-09-17T21:32:47+00:00\" \/>\n<meta property=\"og:image\" content=\"https:\/\/sulin.ee\/wp-content\/uploads\/2024\/04\/Vankri-250ml.png\" \/>\n\t<meta property=\"og:image:width\" content=\"1080\" \/>\n\t<meta property=\"og:image:height\" content=\"1080\" \/>\n\t<meta property=\"og:image:type\" content=\"image\/png\" \/>\n<meta name=\"twitter:card\" content=\"summary_large_image\" \/>\n<meta name=\"twitter:label1\" content=\"Est. reading time\" \/>\n\t<meta name=\"twitter:data1\" content=\"2 minutes\" \/>\n<script type=\"application\/ld+json\" class=\"yoast-schema-graph\">{\"@context\":\"https:\/\/schema.org\",\"@graph\":[{\"@type\":\"WebPage\",\"@id\":\"https:\/\/sulin.ee\/en\/toode\/friendly-organic-jalutuskaru-ja-autoistme-puhastusvahend-250-ml\/\",\"url\":\"https:\/\/sulin.ee\/en\/toode\/friendly-organic-jalutuskaru-ja-autoistme-puhastusvahend-250-ml\/\",\"name\":\"Friendly Organic jalutusk\u00e4ru ja autoistme puhastusvahend, 250 ml - sulin.ee\",\"isPartOf\":{\"@id\":\"https:\/\/sulin.ee\/en\/#website\"},\"primaryImageOfPage\":{\"@id\":\"https:\/\/sulin.ee\/en\/toode\/friendly-organic-jalutuskaru-ja-autoistme-puhastusvahend-250-ml\/#primaryimage\"},\"image\":{\"@id\":\"https:\/\/sulin.ee\/en\/toode\/friendly-organic-jalutuskaru-ja-autoistme-puhastusvahend-250-ml\/#primaryimage\"},\"thumbnailUrl\":\"https:\/\/sulin.ee\/wp-content\/uploads\/2024\/04\/Vankri-250ml.png\",\"datePublished\":\"2024-12-14T08:59:14+00:00\",\"dateModified\":\"2025-09-17T21:32:47+00:00\",\"breadcrumb\":{\"@id\":\"https:\/\/sulin.ee\/en\/toode\/friendly-organic-jalutuskaru-ja-autoistme-puhastusvahend-250-ml\/#breadcrumb\"},\"inLanguage\":\"en-US\",\"potentialAction\":[{\"@type\":\"ReadAction\",\"target\":[\"https:\/\/sulin.ee\/en\/toode\/friendly-organic-jalutuskaru-ja-autoistme-puhastusvahend-250-ml\/\"]}]},{\"@type\":\"ImageObject\",\"inLanguage\":\"en-US\",\"@id\":\"https:\/\/sulin.ee\/en\/toode\/friendly-organic-jalutuskaru-ja-autoistme-puhastusvahend-250-ml\/#primaryimage\",\"url\":\"https:\/\/sulin.ee\/wp-content\/uploads\/2024\/04\/Vankri-250ml.png\",\"contentUrl\":\"https:\/\/sulin.ee\/wp-content\/uploads\/2024\/04\/Vankri-250ml.png\",\"width\":1080,\"height\":1080,\"caption\":\"Friendly Organic jalutusk\u00e4ru ja autoistme puhastusvahend\"},{\"@type\":\"BreadcrumbList\",\"@id\":\"https:\/\/sulin.ee\/en\/toode\/friendly-organic-jalutuskaru-ja-autoistme-puhastusvahend-250-ml\/#breadcrumb\",\"itemListElement\":[{\"@type\":\"ListItem\",\"position\":1,\"name\":\"Home\",\"item\":\"https:\/\/sulin.ee\/en\/\"},{\"@type\":\"ListItem\",\"position\":2,\"name\":\"Sulin.ee e-pood\",\"item\":\"https:\/\/sulin.ee\/shop\/\"},{\"@type\":\"ListItem\",\"position\":3,\"name\":\"Friendly Organic jalutusk\u00e4ru ja autoistme puhastusvahend, 250 ml\"}]},{\"@type\":\"WebSite\",\"@id\":\"https:\/\/sulin.ee\/en\/#website\",\"url\":\"https:\/\/sulin.ee\/en\/\",\"name\":\"sulin.ee\",\"description\":\"\",\"publisher\":{\"@id\":\"https:\/\/sulin.ee\/en\/#organization\"},\"potentialAction\":[{\"@type\":\"SearchAction\",\"target\":{\"@type\":\"EntryPoint\",\"urlTemplate\":\"https:\/\/sulin.ee\/en\/?s={search_term_string}\"},\"query-input\":{\"@type\":\"PropertyValueSpecification\",\"valueRequired\":true,\"valueName\":\"search_term_string\"}}],\"inLanguage\":\"en-US\"},{\"@type\":\"Organization\",\"@id\":\"https:\/\/sulin.ee\/en\/#organization\",\"name\":\"SULIN TRADE O\u00dc\",\"url\":\"https:\/\/sulin.ee\/en\/\",\"logo\":{\"@type\":\"ImageObject\",\"inLanguage\":\"en-US\",\"@id\":\"https:\/\/sulin.ee\/en\/#\/schema\/logo\/image\/\",\"url\":\"https:\/\/sulin.ee\/wp-content\/uploads\/2022\/11\/sulin-logo.png\",\"contentUrl\":\"https:\/\/sulin.ee\/wp-content\/uploads\/2022\/11\/sulin-logo.png\",\"width\":871,\"height\":321,\"caption\":\"SULIN TRADE O\u00dc\"},\"image\":{\"@id\":\"https:\/\/sulin.ee\/en\/#\/schema\/logo\/image\/\"},\"sameAs\":[\"https:\/\/www.facebook.com\/www.sulin.ee\/\",\"https:\/\/www.instagram.com\/sulintrade\/\"]}]}<\/script>\n<!-- \/ Yoast SEO plugin. -->","yoast_head_json":{"title":"Friendly Organic jalutusk\u00e4ru ja autoistme puhastusvahend, 250 ml - sulin.ee","robots":{"index":"index","follow":"follow","max-snippet":"max-snippet:-1","max-image-preview":"max-image-preview:large","max-video-preview":"max-video-preview:-1"},"canonical":"https:\/\/sulin.ee\/en\/toode\/friendly-organic-jalutuskaru-ja-autoistme-puhastusvahend-250-ml\/","og_locale":"en_US","og_type":"article","og_title":"Friendly Organic jalutusk\u00e4ru ja autoistme puhastusvahend, 250 ml - sulin.ee","og_description":"K\u00f5ik me teame, kui kergesti tekivad plekid lapsevankritele, k\u00e4rudele ja turvatoolidele ja kui raske neid puhastada on. Siin on j\u00e4rjekordne imetoode Friendly Organic tootesarjast.  Toode on lihtsasti kasutatav ja see eemaldab ka raskemad plekid ja ebameeldivad l\u00f5hnad vankritelt ning turvatoolidelt. Toodet sobib kasutada ka diivanitel, vaipadel, \u00f5ueriietel, auto armatuuri ja istmete jm puhastamiseks (sobib plastik, riide, klaasi ja naha puhastamiseks). Toode on l\u00f5hnatu.  Toode on orgaaniline ja sisaldab t\u00f5husaid taimseid puhastusaineid, mis ei ladestu pindadele. Lihtsalt piserda ja p\u00fchi puhta lapiga!","og_url":"https:\/\/sulin.ee\/en\/toode\/friendly-organic-jalutuskaru-ja-autoistme-puhastusvahend-250-ml\/","og_site_name":"sulin.ee","article_publisher":"https:\/\/www.facebook.com\/www.sulin.ee\/","article_modified_time":"2025-09-17T21:32:47+00:00","og_image":[{"width":1080,"height":1080,"url":"https:\/\/sulin.ee\/wp-content\/uploads\/2024\/04\/Vankri-250ml.png","type":"image\/png"}],"twitter_card":"summary_large_image","twitter_misc":{"Est. reading time":"2 minutes"},"schema":{"@context":"https:\/\/schema.org","@graph":[{"@type":"WebPage","@id":"https:\/\/sulin.ee\/en\/toode\/friendly-organic-jalutuskaru-ja-autoistme-puhastusvahend-250-ml\/","url":"https:\/\/sulin.ee\/en\/toode\/friendly-organic-jalutuskaru-ja-autoistme-puhastusvahend-250-ml\/","name":"Friendly Organic jalutusk\u00e4ru ja autoistme puhastusvahend, 250 ml - sulin.ee","isPartOf":{"@id":"https:\/\/sulin.ee\/en\/#website"},"primaryImageOfPage":{"@id":"https:\/\/sulin.ee\/en\/toode\/friendly-organic-jalutuskaru-ja-autoistme-puhastusvahend-250-ml\/#primaryimage"},"image":{"@id":"https:\/\/sulin.ee\/en\/toode\/friendly-organic-jalutuskaru-ja-autoistme-puhastusvahend-250-ml\/#primaryimage"},"thumbnailUrl":"https:\/\/sulin.ee\/wp-content\/uploads\/2024\/04\/Vankri-250ml.png","datePublished":"2024-12-14T08:59:14+00:00","dateModified":"2025-09-17T21:32:47+00:00","breadcrumb":{"@id":"https:\/\/sulin.ee\/en\/toode\/friendly-organic-jalutuskaru-ja-autoistme-puhastusvahend-250-ml\/#breadcrumb"},"inLanguage":"en-US","potentialAction":[{"@type":"ReadAction","target":["https:\/\/sulin.ee\/en\/toode\/friendly-organic-jalutuskaru-ja-autoistme-puhastusvahend-250-ml\/"]}]},{"@type":"ImageObject","inLanguage":"en-US","@id":"https:\/\/sulin.ee\/en\/toode\/friendly-organic-jalutuskaru-ja-autoistme-puhastusvahend-250-ml\/#primaryimage","url":"https:\/\/sulin.ee\/wp-content\/uploads\/2024\/04\/Vankri-250ml.png","contentUrl":"https:\/\/sulin.ee\/wp-content\/uploads\/2024\/04\/Vankri-250ml.png","width":1080,"height":1080,"caption":"Friendly Organic jalutusk\u00e4ru ja autoistme puhastusvahend"},{"@type":"BreadcrumbList","@id":"https:\/\/sulin.ee\/en\/toode\/friendly-organic-jalutuskaru-ja-autoistme-puhastusvahend-250-ml\/#breadcrumb","itemListElement":[{"@type":"ListItem","position":1,"name":"Home","item":"https:\/\/sulin.ee\/en\/"},{"@type":"ListItem","position":2,"name":"Sulin.ee e-pood","item":"https:\/\/sulin.ee\/shop\/"},{"@type":"ListItem","position":3,"name":"Friendly Organic jalutusk\u00e4ru ja autoistme puhastusvahend, 250 ml"}]},{"@type":"WebSite","@id":"https:\/\/sulin.ee\/en\/#website","url":"https:\/\/sulin.ee\/en\/","name":"sulin.ee","description":"","publisher":{"@id":"https:\/\/sulin.ee\/en\/#organization"},"potentialAction":[{"@type":"SearchAction","target":{"@type":"EntryPoint","urlTemplate":"https:\/\/sulin.ee\/en\/?s={search_term_string}"},"query-input":{"@type":"PropertyValueSpecification","valueRequired":true,"valueName":"search_term_string"}}],"inLanguage":"en-US"},{"@type":"Organization","@id":"https:\/\/sulin.ee\/en\/#organization","name":"SULIN TRADE O\u00dc","url":"https:\/\/sulin.ee\/en\/","logo":{"@type":"ImageObject","inLanguage":"en-US","@id":"https:\/\/sulin.ee\/en\/#\/schema\/logo\/image\/","url":"https:\/\/sulin.ee\/wp-content\/uploads\/2022\/11\/sulin-logo.png","contentUrl":"https:\/\/sulin.ee\/wp-content\/uploads\/2022\/11\/sulin-logo.png","width":871,"height":321,"caption":"SULIN TRADE O\u00dc"},"image":{"@id":"https:\/\/sulin.ee\/en\/#\/schema\/logo\/image\/"},"sameAs":["https:\/\/www.facebook.com\/www.sulin.ee\/","https:\/\/www.instagram.com\/sulintrade\/"]}]}},"builder_content":"","_links":{"self":[{"href":"https:\/\/sulin.ee\/en\/wp-json\/wp\/v2\/product\/29156","targetHints":{"allow":["GET"]}}],"collection":[{"href":"https:\/\/sulin.ee\/en\/wp-json\/wp\/v2\/product"}],"about":[{"href":"https:\/\/sulin.ee\/en\/wp-json\/wp\/v2\/types\/product"}],"replies":[{"embeddable":true,"href":"https:\/\/sulin.ee\/en\/wp-json\/wp\/v2\/comments?post=29156"}],"wp:featuredmedia":[{"embeddable":true,"href":"https:\/\/sulin.ee\/en\/wp-json\/wp\/v2\/media\/19134"}],"wp:attachment":[{"href":"https:\/\/sulin.ee\/en\/wp-json\/wp\/v2\/media?parent=29156"}],"wp:term":[{"taxonomy":"product_brand","embeddable":true,"href":"https:\/\/sulin.ee\/en\/wp-json\/wp\/v2\/product_brand?post=29156"},{"taxonomy":"product_cat","embeddable":true,"href":"https:\/\/sulin.ee\/en\/wp-json\/wp\/v2\/product_cat?post=29156"},{"taxonomy":"product_tag","embeddable":true,"href":"https:\/\/sulin.ee\/en\/wp-json\/wp\/v2\/product_tag?post=29156"}],"curies":[{"name":"wp","href":"https:\/\/api.w.org\/{rel}","templated":true}]}}