{"id":29154,"date":"2024-12-14T08:59:10","date_gmt":"2024-12-14T08:59:10","guid":{"rendered":"https:\/\/sulin.ee\/?post_type=product&#038;p=29154"},"modified":"2025-12-01T20:48:30","modified_gmt":"2025-12-01T20:48:30","slug":"friendly-organic-manguasjade-ja-lastetoa-puhastusvahend-100-ml","status":"publish","type":"product","link":"https:\/\/sulin.ee\/en\/toode\/friendly-organic-manguasjade-ja-lastetoa-puhastusvahend-100-ml\/","title":{"rendered":"Friendly Organic m\u00e4nguasjade ja lastetoa puhastusvahend, 100 ml"},"content":{"rendered":"<p><strong><a href=\"https:\/\/www.friendlyorganic.com\/\" target=\"_blank\" rel=\"noopener\">Friendly Organic<\/a> m\u00e4nguasjade ja lastetoa puhastusvahend sobib kasutamiseks\u00a0igap\u00e4evaselt ja nii tihti kui vaja. Puhastusvahend puhastab lapse m\u00e4nguasjad ja pinnad efektiivselt kuid turvaliselt.<\/strong><\/p>\n<p>Piiksuvaid m\u00e4nguasju ei ole soovitav jooksva vee all aja vee sees pesta, kuna need v\u00f5ivad p\u00f5hjustada hallitust, mis on kahjulik lapse tervisele. Friendly Organic m\u00e4nguasjade ja pindade puhastusvahend sisaldab kergesti lagundatavaid taimseid puhastusaineid, mis ei j\u00e4ta puhastatavatele pindadele ohtlikke j\u00e4\u00e4ke.<\/p>\n<p><strong>Kasuta seda m\u00e4ngumattide, <a href=\"https:\/\/sulin.ee\/tootekategooria\/lapsele\/mangimine\/pehmed-manguasjad\/\" target=\"_blank\" rel=\"noopener\">m\u00e4nguasjade<\/a>, m\u00e4hkmelaua, s\u00f6\u00f6gitooli, v\u00f5revoodi jms puhastamiseks.<\/strong><\/p>\n<ul>\n<li>Puhastusvahend sisaldab Aloe Verat;<\/li>\n<li>Koosneb taimsetest koostisosadest;<\/li>\n<li>Ei sisalda parf\u00fc\u00fcmi;<\/li>\n<li>Ei sisalda alkoholi, kloriini ja v\u00e4rvaineid;<\/li>\n<li>Sisaldab kergesti lagunevaid puhastusaineid;<\/li>\n<li>Ei j\u00e4ta ohtlikke j\u00e4\u00e4ke.<\/li>\n<\/ul>\n<p>Toode sisaldab aineid, mis ei j\u00e4ta pindadele ohtlikke j\u00e4\u00e4ke ja on ohutu, kui laps peale m\u00e4nguasja puhastamist asja suhu paneb.<\/p>\n<p><strong>Kasutamine:\u00a0<\/strong>Pihusta vahendit m\u00e4nguasjadele v\u00f5i pindadele ning t\u00f5mba \u00fcle puhta ja kuiva lapiga.<\/p>\n<p><strong>Koostisosad:<\/strong>\u00a0Aqua (Water), Caprylyl\/ Capryl Glucoside, Sodium Citrate, Lactic Acid,<br \/>\nSodium Benzoate, Sodium CS-Cl O Alkyl Sulfate, Potassium Sorbate, Aloe Barbadensis<br \/>\nLeaf Juice Powder*. *From Organic Farming<br \/>\nComposition (EC 648\/2004): &lt; 5%: non-ionic surfactants, anionic surfactants; sodium<br \/>\nbenzoate, potassium sorbate.<\/p>\n<div class=\"price-per-litre__volume\"><span style=\"color: #999999;\"><span class=\"woocommerce-Price-amount amount\"><bdi>3.50<span class=\"woocommerce-Price-currencySymbol\">\u20ac<\/span><\/bdi><\/span>\/100ml<\/span><\/div>\n<div class=\"price-per-litre__litre\"><span style=\"color: #999999;\"><span class=\"woocommerce-Price-amount amount\"><bdi>35<span class=\"woocommerce-Price-currencySymbol\">\u20ac<\/span><\/bdi><\/span>\/liiter<\/span><\/div>\n","protected":false},"excerpt":{"rendered":"<p><strong>Piiksuvaid m\u00e4nguasju ei ole soovitav jooksva vee all aja vee sees pesta, kuna need v\u00f5ivad p\u00f5hjustada hallitust, mis on kahjulik lapse tervisele. Friendly Organic m\u00e4nguasjade ja pindade puhastusvahend sisaldab kergesti lagundatavaid taimseid puhastusaineid, mis ei j\u00e4ta puhastatavatele pindadele ohtlikke j\u00e4\u00e4ke.<\/strong><\/p>\n<p><strong>Kasuta seda m\u00e4ngumattide, m\u00e4nguasjade, m\u00e4hkmelaua, s\u00f6\u00f6gitooli, v\u00f5revoodi jms puhastamiseks.<\/strong><\/p>\n<p><img loading=\"lazy\" decoding=\"async\" class=\"alignnone wp-image-2439\" src=\"https:\/\/www.heveren.ee\/wp-content\/uploads\/2018\/03\/Nimetu-kujundus15.png\" alt=\"\" width=\"315\" height=\"95\" \/><\/p>\n","protected":false},"featured_media":19126,"comment_status":"open","ping_status":"closed","template":"","meta":[],"product_brand":[],"product_cat":[970,987,192,193,175,768,89,211,1040],"product_tag":[],"class_list":{"0":"post-29154","1":"product","2":"type-product","3":"status-publish","4":"has-post-thumbnail","6":"product_cat-hoolitsus-beebid","7":"product_cat-kehahooldus-beebile","8":"product_cat-hooldusvahendid-beebid","9":"product_cat-lisatarvikud-lastele","10":"product_cat-puidust-manguasjad","11":"product_cat-pehmed-manguasjad","12":"product_cat-puhastusvahendid","13":"product_cat-pesuvahendid","14":"product_cat-friendly-organic","15":"has-post-title","16":"has-post-date","17":"has-post-category","18":"has-post-tag","19":"has-post-comment","20":"has-post-author","21":"","23":"first","24":"instock","25":"sale","26":"taxable","27":"shipping-taxable","28":"purchasable","29":"product-type-simple"},"yoast_head":"<!-- This site is optimized with the Yoast SEO plugin v26.8 - https:\/\/yoast.com\/product\/yoast-seo-wordpress\/ -->\n<title>Friendly Organic m\u00e4nguasjade ja lastetoa puhastusvahend, 100 ml - sulin.ee<\/title>\n<meta name=\"robots\" content=\"index, follow, max-snippet:-1, max-image-preview:large, max-video-preview:-1\" \/>\n<link rel=\"canonical\" href=\"https:\/\/sulin.ee\/en\/toode\/friendly-organic-manguasjade-ja-lastetoa-puhastusvahend-100-ml\/\" \/>\n<meta property=\"og:locale\" content=\"en_US\" \/>\n<meta property=\"og:type\" content=\"article\" \/>\n<meta property=\"og:title\" content=\"Friendly Organic m\u00e4nguasjade ja lastetoa puhastusvahend, 100 ml - sulin.ee\" \/>\n<meta property=\"og:description\" content=\"Piiksuvaid m\u00e4nguasju ei ole soovitav jooksva vee all aja vee sees pesta, kuna need v\u00f5ivad p\u00f5hjustada hallitust, mis on kahjulik lapse tervisele. Friendly Organic m\u00e4nguasjade ja pindade puhastusvahend sisaldab kergesti lagundatavaid taimseid puhastusaineid, mis ei j\u00e4ta puhastatavatele pindadele ohtlikke j\u00e4\u00e4ke.  Kasuta seda m\u00e4ngumattide, m\u00e4nguasjade, m\u00e4hkmelaua, s\u00f6\u00f6gitooli, v\u00f5revoodi jms puhastamiseks.\" \/>\n<meta property=\"og:url\" content=\"https:\/\/sulin.ee\/en\/toode\/friendly-organic-manguasjade-ja-lastetoa-puhastusvahend-100-ml\/\" \/>\n<meta property=\"og:site_name\" content=\"sulin.ee\" \/>\n<meta property=\"article:publisher\" content=\"https:\/\/www.facebook.com\/www.sulin.ee\/\" \/>\n<meta property=\"article:modified_time\" content=\"2025-12-01T20:48:30+00:00\" \/>\n<meta property=\"og:image\" content=\"https:\/\/sulin.ee\/wp-content\/uploads\/2024\/04\/100ml.png\" \/>\n\t<meta property=\"og:image:width\" content=\"1080\" \/>\n\t<meta property=\"og:image:height\" content=\"1080\" \/>\n\t<meta property=\"og:image:type\" content=\"image\/png\" \/>\n<meta name=\"twitter:card\" content=\"summary_large_image\" \/>\n<meta name=\"twitter:label1\" content=\"Est. reading time\" \/>\n\t<meta name=\"twitter:data1\" content=\"2 minutes\" \/>\n<script type=\"application\/ld+json\" class=\"yoast-schema-graph\">{\"@context\":\"https:\/\/schema.org\",\"@graph\":[{\"@type\":\"WebPage\",\"@id\":\"https:\/\/sulin.ee\/en\/toode\/friendly-organic-manguasjade-ja-lastetoa-puhastusvahend-100-ml\/\",\"url\":\"https:\/\/sulin.ee\/en\/toode\/friendly-organic-manguasjade-ja-lastetoa-puhastusvahend-100-ml\/\",\"name\":\"Friendly Organic m\u00e4nguasjade ja lastetoa puhastusvahend, 100 ml - sulin.ee\",\"isPartOf\":{\"@id\":\"https:\/\/sulin.ee\/en\/#website\"},\"primaryImageOfPage\":{\"@id\":\"https:\/\/sulin.ee\/en\/toode\/friendly-organic-manguasjade-ja-lastetoa-puhastusvahend-100-ml\/#primaryimage\"},\"image\":{\"@id\":\"https:\/\/sulin.ee\/en\/toode\/friendly-organic-manguasjade-ja-lastetoa-puhastusvahend-100-ml\/#primaryimage\"},\"thumbnailUrl\":\"https:\/\/sulin.ee\/wp-content\/uploads\/2024\/04\/100ml.png\",\"datePublished\":\"2024-12-14T08:59:10+00:00\",\"dateModified\":\"2025-12-01T20:48:30+00:00\",\"breadcrumb\":{\"@id\":\"https:\/\/sulin.ee\/en\/toode\/friendly-organic-manguasjade-ja-lastetoa-puhastusvahend-100-ml\/#breadcrumb\"},\"inLanguage\":\"en-US\",\"potentialAction\":[{\"@type\":\"ReadAction\",\"target\":[\"https:\/\/sulin.ee\/en\/toode\/friendly-organic-manguasjade-ja-lastetoa-puhastusvahend-100-ml\/\"]}]},{\"@type\":\"ImageObject\",\"inLanguage\":\"en-US\",\"@id\":\"https:\/\/sulin.ee\/en\/toode\/friendly-organic-manguasjade-ja-lastetoa-puhastusvahend-100-ml\/#primaryimage\",\"url\":\"https:\/\/sulin.ee\/wp-content\/uploads\/2024\/04\/100ml.png\",\"contentUrl\":\"https:\/\/sulin.ee\/wp-content\/uploads\/2024\/04\/100ml.png\",\"width\":1080,\"height\":1080,\"caption\":\"Friendly Organic m\u00e4nguasjade ja lastetoa puhastusvahend\"},{\"@type\":\"BreadcrumbList\",\"@id\":\"https:\/\/sulin.ee\/en\/toode\/friendly-organic-manguasjade-ja-lastetoa-puhastusvahend-100-ml\/#breadcrumb\",\"itemListElement\":[{\"@type\":\"ListItem\",\"position\":1,\"name\":\"Home\",\"item\":\"https:\/\/sulin.ee\/en\/\"},{\"@type\":\"ListItem\",\"position\":2,\"name\":\"Sulin.ee e-pood\",\"item\":\"https:\/\/sulin.ee\/shop\/\"},{\"@type\":\"ListItem\",\"position\":3,\"name\":\"Friendly Organic m\u00e4nguasjade ja lastetoa puhastusvahend, 100 ml\"}]},{\"@type\":\"WebSite\",\"@id\":\"https:\/\/sulin.ee\/en\/#website\",\"url\":\"https:\/\/sulin.ee\/en\/\",\"name\":\"sulin.ee\",\"description\":\"\",\"publisher\":{\"@id\":\"https:\/\/sulin.ee\/en\/#organization\"},\"potentialAction\":[{\"@type\":\"SearchAction\",\"target\":{\"@type\":\"EntryPoint\",\"urlTemplate\":\"https:\/\/sulin.ee\/en\/?s={search_term_string}\"},\"query-input\":{\"@type\":\"PropertyValueSpecification\",\"valueRequired\":true,\"valueName\":\"search_term_string\"}}],\"inLanguage\":\"en-US\"},{\"@type\":\"Organization\",\"@id\":\"https:\/\/sulin.ee\/en\/#organization\",\"name\":\"SULIN TRADE O\u00dc\",\"url\":\"https:\/\/sulin.ee\/en\/\",\"logo\":{\"@type\":\"ImageObject\",\"inLanguage\":\"en-US\",\"@id\":\"https:\/\/sulin.ee\/en\/#\/schema\/logo\/image\/\",\"url\":\"https:\/\/sulin.ee\/wp-content\/uploads\/2022\/11\/sulin-logo.png\",\"contentUrl\":\"https:\/\/sulin.ee\/wp-content\/uploads\/2022\/11\/sulin-logo.png\",\"width\":871,\"height\":321,\"caption\":\"SULIN TRADE O\u00dc\"},\"image\":{\"@id\":\"https:\/\/sulin.ee\/en\/#\/schema\/logo\/image\/\"},\"sameAs\":[\"https:\/\/www.facebook.com\/www.sulin.ee\/\",\"https:\/\/www.instagram.com\/sulintrade\/\"]}]}<\/script>\n<!-- \/ Yoast SEO plugin. -->","yoast_head_json":{"title":"Friendly Organic m\u00e4nguasjade ja lastetoa puhastusvahend, 100 ml - sulin.ee","robots":{"index":"index","follow":"follow","max-snippet":"max-snippet:-1","max-image-preview":"max-image-preview:large","max-video-preview":"max-video-preview:-1"},"canonical":"https:\/\/sulin.ee\/en\/toode\/friendly-organic-manguasjade-ja-lastetoa-puhastusvahend-100-ml\/","og_locale":"en_US","og_type":"article","og_title":"Friendly Organic m\u00e4nguasjade ja lastetoa puhastusvahend, 100 ml - sulin.ee","og_description":"Piiksuvaid m\u00e4nguasju ei ole soovitav jooksva vee all aja vee sees pesta, kuna need v\u00f5ivad p\u00f5hjustada hallitust, mis on kahjulik lapse tervisele. Friendly Organic m\u00e4nguasjade ja pindade puhastusvahend sisaldab kergesti lagundatavaid taimseid puhastusaineid, mis ei j\u00e4ta puhastatavatele pindadele ohtlikke j\u00e4\u00e4ke.  Kasuta seda m\u00e4ngumattide, m\u00e4nguasjade, m\u00e4hkmelaua, s\u00f6\u00f6gitooli, v\u00f5revoodi jms puhastamiseks.","og_url":"https:\/\/sulin.ee\/en\/toode\/friendly-organic-manguasjade-ja-lastetoa-puhastusvahend-100-ml\/","og_site_name":"sulin.ee","article_publisher":"https:\/\/www.facebook.com\/www.sulin.ee\/","article_modified_time":"2025-12-01T20:48:30+00:00","og_image":[{"width":1080,"height":1080,"url":"https:\/\/sulin.ee\/wp-content\/uploads\/2024\/04\/100ml.png","type":"image\/png"}],"twitter_card":"summary_large_image","twitter_misc":{"Est. reading time":"2 minutes"},"schema":{"@context":"https:\/\/schema.org","@graph":[{"@type":"WebPage","@id":"https:\/\/sulin.ee\/en\/toode\/friendly-organic-manguasjade-ja-lastetoa-puhastusvahend-100-ml\/","url":"https:\/\/sulin.ee\/en\/toode\/friendly-organic-manguasjade-ja-lastetoa-puhastusvahend-100-ml\/","name":"Friendly Organic m\u00e4nguasjade ja lastetoa puhastusvahend, 100 ml - sulin.ee","isPartOf":{"@id":"https:\/\/sulin.ee\/en\/#website"},"primaryImageOfPage":{"@id":"https:\/\/sulin.ee\/en\/toode\/friendly-organic-manguasjade-ja-lastetoa-puhastusvahend-100-ml\/#primaryimage"},"image":{"@id":"https:\/\/sulin.ee\/en\/toode\/friendly-organic-manguasjade-ja-lastetoa-puhastusvahend-100-ml\/#primaryimage"},"thumbnailUrl":"https:\/\/sulin.ee\/wp-content\/uploads\/2024\/04\/100ml.png","datePublished":"2024-12-14T08:59:10+00:00","dateModified":"2025-12-01T20:48:30+00:00","breadcrumb":{"@id":"https:\/\/sulin.ee\/en\/toode\/friendly-organic-manguasjade-ja-lastetoa-puhastusvahend-100-ml\/#breadcrumb"},"inLanguage":"en-US","potentialAction":[{"@type":"ReadAction","target":["https:\/\/sulin.ee\/en\/toode\/friendly-organic-manguasjade-ja-lastetoa-puhastusvahend-100-ml\/"]}]},{"@type":"ImageObject","inLanguage":"en-US","@id":"https:\/\/sulin.ee\/en\/toode\/friendly-organic-manguasjade-ja-lastetoa-puhastusvahend-100-ml\/#primaryimage","url":"https:\/\/sulin.ee\/wp-content\/uploads\/2024\/04\/100ml.png","contentUrl":"https:\/\/sulin.ee\/wp-content\/uploads\/2024\/04\/100ml.png","width":1080,"height":1080,"caption":"Friendly Organic m\u00e4nguasjade ja lastetoa puhastusvahend"},{"@type":"BreadcrumbList","@id":"https:\/\/sulin.ee\/en\/toode\/friendly-organic-manguasjade-ja-lastetoa-puhastusvahend-100-ml\/#breadcrumb","itemListElement":[{"@type":"ListItem","position":1,"name":"Home","item":"https:\/\/sulin.ee\/en\/"},{"@type":"ListItem","position":2,"name":"Sulin.ee e-pood","item":"https:\/\/sulin.ee\/shop\/"},{"@type":"ListItem","position":3,"name":"Friendly Organic m\u00e4nguasjade ja lastetoa puhastusvahend, 100 ml"}]},{"@type":"WebSite","@id":"https:\/\/sulin.ee\/en\/#website","url":"https:\/\/sulin.ee\/en\/","name":"sulin.ee","description":"","publisher":{"@id":"https:\/\/sulin.ee\/en\/#organization"},"potentialAction":[{"@type":"SearchAction","target":{"@type":"EntryPoint","urlTemplate":"https:\/\/sulin.ee\/en\/?s={search_term_string}"},"query-input":{"@type":"PropertyValueSpecification","valueRequired":true,"valueName":"search_term_string"}}],"inLanguage":"en-US"},{"@type":"Organization","@id":"https:\/\/sulin.ee\/en\/#organization","name":"SULIN TRADE O\u00dc","url":"https:\/\/sulin.ee\/en\/","logo":{"@type":"ImageObject","inLanguage":"en-US","@id":"https:\/\/sulin.ee\/en\/#\/schema\/logo\/image\/","url":"https:\/\/sulin.ee\/wp-content\/uploads\/2022\/11\/sulin-logo.png","contentUrl":"https:\/\/sulin.ee\/wp-content\/uploads\/2022\/11\/sulin-logo.png","width":871,"height":321,"caption":"SULIN TRADE O\u00dc"},"image":{"@id":"https:\/\/sulin.ee\/en\/#\/schema\/logo\/image\/"},"sameAs":["https:\/\/www.facebook.com\/www.sulin.ee\/","https:\/\/www.instagram.com\/sulintrade\/"]}]}},"builder_content":"","_links":{"self":[{"href":"https:\/\/sulin.ee\/en\/wp-json\/wp\/v2\/product\/29154","targetHints":{"allow":["GET"]}}],"collection":[{"href":"https:\/\/sulin.ee\/en\/wp-json\/wp\/v2\/product"}],"about":[{"href":"https:\/\/sulin.ee\/en\/wp-json\/wp\/v2\/types\/product"}],"replies":[{"embeddable":true,"href":"https:\/\/sulin.ee\/en\/wp-json\/wp\/v2\/comments?post=29154"}],"wp:featuredmedia":[{"embeddable":true,"href":"https:\/\/sulin.ee\/en\/wp-json\/wp\/v2\/media\/19126"}],"wp:attachment":[{"href":"https:\/\/sulin.ee\/en\/wp-json\/wp\/v2\/media?parent=29154"}],"wp:term":[{"taxonomy":"product_brand","embeddable":true,"href":"https:\/\/sulin.ee\/en\/wp-json\/wp\/v2\/product_brand?post=29154"},{"taxonomy":"product_cat","embeddable":true,"href":"https:\/\/sulin.ee\/en\/wp-json\/wp\/v2\/product_cat?post=29154"},{"taxonomy":"product_tag","embeddable":true,"href":"https:\/\/sulin.ee\/en\/wp-json\/wp\/v2\/product_tag?post=29154"}],"curies":[{"name":"wp","href":"https:\/\/api.w.org\/{rel}","templated":true}]}}