{"id":2915,"date":"2022-09-13T14:00:32","date_gmt":"2022-09-13T14:00:32","guid":{"rendered":"http:\/\/test.itson.ee\/sulin\/product\/ecoegg-pesupesemis-muna-taidisgraanulid-lohnatu\/"},"modified":"2024-12-18T11:25:43","modified_gmt":"2024-12-18T11:25:43","slug":"ecoegg-pesupesemis-muna-taidisgraanulid-lohnatu","status":"publish","type":"product","link":"https:\/\/sulin.ee\/en\/toode\/ecoegg-pesupesemis-muna-taidisgraanulid-lohnatu\/","title":{"rendered":"Ecoegg\u00ae pesupesemis muna t\u00e4idisgraanulid l\u00f5hnatu"},"content":{"rendered":"<p style=\"text-align: justify;\"><span style=\"font-family: arial, helvetica, sans-serif; font-size: medium;\">Ecoegg\u00ae pesupesemis muna t\u00e4idisgraanulid on m\u00f5eldud pesupesemise muna t\u00e4itmiseks ja nendest j\u00e4tkub 50 pesukorraks.<\/span><\/p>\n<ul style=\"text-align: justify;\">\n<li><span style=\"font-family: arial, helvetica, sans-serif; font-size: medium;\">Kasuta oma pesupesemise muna korduvalt kuni 10 aastat.<\/span><\/li>\n<li><span style=\"font-family: arial, helvetica, sans-serif; font-size: medium;\">Igas t\u00e4idispakis on graanuleid 50 pesukorraks.<\/span><\/li>\n<li><span style=\"font-family: arial, helvetica, sans-serif; font-size: medium;\">\u00dcks t\u00e4idispakk on m\u00f5eldud \u00fche korraga muna t\u00e4itmiseks.<\/span><\/li>\n<li><span style=\"font-family: arial, helvetica, sans-serif; font-size: medium;\">T\u00e4idispakis on nii valged kui mustad (turmaliin) graanulid.<\/span><\/li>\n<li><span style=\"font-family: arial, helvetica, sans-serif; font-size: medium;\">V\u00f5id valida oma munale algsest erineva t\u00e4idispaki &#8211; nii saad aja jooksul proovida erinevaid l\u00f5hnaga ja l\u00f5hnatuid t\u00e4idiseid.<\/span><\/li>\n<\/ul>\n<p style=\"text-align: justify;\"><span style=\"font-family: arial, helvetica, sans-serif; font-size: medium;\"><strong>Mille poolest on\u00a0Ecoegg\u00ae Laundry Egg hea valik?<\/strong><\/span><\/p>\n<p style=\"text-align: justify;\"><span style=\"font-family: arial, helvetica, sans-serif; font-size: medium;\">Pesupesemise muna t\u00f6\u00f6tati algselt v\u00e4lja just tundliku nahaga inimeste jaoks. See on dermatoloogilisest testitud toode, mis on saanud suurep\u00e4rase hinnangu. Looduslikud mineraalsed graanulid ei sisalda ohtlikke kemikaale. Allergy UK on omistanud pesumunale &#8220;Allergy Friendly Product&#8221; auhinna.<\/span><\/p>\n<p style=\"text-align: justify;\"><span style=\"font-family: arial, helvetica, sans-serif; font-size: medium;\">Pesupesemise muna aitab v\u00e4hendada \u00fchekordsete plastpakendite tarbimist. Umbes 70 pesukorra j\u00e4rel tuleb muna lihtsalt uuesti t\u00e4ita t\u00e4itegraanulitega ning saad seda j\u00e4lle korduvalt kasutada.<\/span><\/p>\n<p style=\"text-align: justify;\"><span style=\"font-family: arial, helvetica, sans-serif; font-size: medium;\">Ecoegg\u00ae Laundry Egg sobib veganitele, sest ei sisalda \u00fchtegi loomset koostisosa ja on julmusevaba toode.<\/span><\/p>\n<p style=\"text-align: justify;\"><span style=\"font-family: arial, helvetica, sans-serif; font-size: medium;\">Muna saab kasutada ka riiete k\u00e4sitsi pesemiseks. Selleks aseta muna vette 5-10 minutit enne pesema hakkamist ning pese seej\u00e4rel tavap\u00e4rasel viisil.<\/span><\/p>\n<p style=\"text-align: justify;\"><span style=\"font-family: arial, helvetica, sans-serif; font-size: medium;\">Pesupesemise muna on v\u00e4ga kuluefektiivne.<\/span><\/p>\n<p style=\"text-align: justify;\"><span style=\"font-family: arial, helvetica, sans-serif; font-size: medium;\"><strong>Kasutamine:<\/strong><\/span><\/p>\n<p style=\"text-align: justify;\"><span style=\"font-family: arial, helvetica, sans-serif; font-size: medium;\">Pesupesemise muna max lubatud pesutemperatuur on 60\u2103. M\u00f5eldud kasutamiseks 6-8 kg pesule.<\/span><\/p>\n<p style=\"text-align: justify;\"><span style=\"font-family: arial, helvetica, sans-serif; font-size: medium;\">T\u00e4ida pesupesemise muna t\u00e4idisgraanulitega, kui oled muna kasutanud umbes 70 pesukorda v\u00f5i kui muna alumises suuremas osas on graanuleid alla poole (m\u00e4rkejoon on ka muna peal).<\/span><\/p>\n<p style=\"text-align: justify;\"><span style=\"font-family: arial, helvetica, sans-serif; font-size: medium;\">Avamiseks hoia muna k\u00e4es suurem pool allpool, vajuta nupule ning keera muna lahti. T\u00e4ida suurem pool graanulitega. Keera muna kinni ja aseta pesumasinasse riiete peale.<\/span><\/p>\n<p style=\"text-align: justify;\"><span style=\"font-family: arial, helvetica, sans-serif; font-size: medium;\">Pesukordade vahepeal lasta \u00f5hu k\u00e4es t\u00e4ielikult kuivada.<\/span><\/p>\n<p style=\"text-align: justify;\"><span style=\"font-family: arial, helvetica, sans-serif; font-size: medium;\">Pesumasin-kuivati puhul tuleb muna enne kuivatusprogrammi k\u00e4ivitumist kindlasti masinast eemaldada.\u00a0<\/span><\/p>\n<p style=\"text-align: justify;\"><span style=\"font-family: arial, helvetica, sans-serif; font-size: medium;\"><strong>Koostis (INCI):\u00a0<\/strong>&gt;30%\u00a0Anionic surfactants (anioonsed puhastusained), &gt;5% &#8211; 15%\u00a0Non-ionic surfactants (mitteioonsed puhastusained), &gt;11% Sodium carbonate (pesusooda), &gt;11% Sodium metasilicate, &gt;10% Calcium carbonate (kriit).<\/span><\/p>\n<div class=\"page\" title=\"Page 2\">\n<div class=\"layoutArea\">\n<div class=\"column\">\n<p style=\"text-align: justify;\"><span style=\"font-family: arial, helvetica, sans-serif; font-size: medium;\"><strong>NB!<\/strong>\u00a0Hoida eemal lastest ja koduloomadest. P\u00e4rast kasutamist pesta k\u00e4es. Silma sattumisel loputada rohke veega.<\/span><\/p>\n<\/div>\n<\/div>\n<\/div>\n","protected":false},"excerpt":{"rendered":"<p>Ecoegg\u00ae pesupesemis muna t\u00e4idisgraanulid on m\u00f5eldud pesupesemise muna t\u00e4itmiseks ja nendest j\u00e4tkub 50 pesukorraks. Kasuta oma pesupesemise muna korduvalt kuni 10 aastat. Igas t\u00e4idispakis on graanuleid 50 pesukorraks. \u00dcks t\u00e4idispakk on m\u00f5eldud \u00fche korraga muna t\u00e4itmiseks. T\u00e4idispakis on nii valged kui mustad (turmaliin) graanulid. V\u00f5id valida oma munale algsest erineva t\u00e4idispaki &#8211; nii saad aja [&hellip;]<\/p>\n","protected":false},"featured_media":34697,"comment_status":"open","ping_status":"closed","template":"","meta":[],"product_brand":[],"product_cat":[1384,1383,1382,228,226],"product_tag":[],"class_list":{"0":"post-2915","1":"product","2":"type-product","3":"status-publish","4":"has-post-thumbnail","6":"product_cat-hooldusvahendid-en","7":"product_cat-puhastusvahendid-vannituba-en","8":"product_cat-vannituba-en","9":"product_cat-pesupulbrid-en","10":"product_cat-ecoegg-en","11":"has-post-title","12":"has-post-date","13":"has-post-category","14":"has-post-tag","15":"has-post-comment","16":"has-post-author","17":"","19":"first","20":"instock","21":"sale","22":"taxable","23":"shipping-taxable","24":"purchasable","25":"product-type-simple"},"yoast_head":"<!-- This site is optimized with the Yoast SEO plugin v26.8 - https:\/\/yoast.com\/product\/yoast-seo-wordpress\/ -->\n<title>Ecoegg\u00ae pesupesemis muna t\u00e4idisgraanulid l\u00f5hnatu - sulin.ee<\/title>\n<meta name=\"description\" content=\"Ecoegg\u00ae pesupesemis muna t\u00e4idisgraanulid on m\u00f5eldud pesupesemise muna t\u00e4itmiseks ja nendest j\u00e4tkub 50 pesukorraks.Kasuta oma pesupesemise muna korduvalt\" \/>\n<meta name=\"robots\" content=\"index, follow, max-snippet:-1, max-image-preview:large, max-video-preview:-1\" \/>\n<link rel=\"canonical\" href=\"https:\/\/sulin.ee\/en\/toode\/ecoegg-pesupesemis-muna-taidisgraanulid-lohnatu\/\" \/>\n<meta property=\"og:locale\" content=\"en_US\" \/>\n<meta property=\"og:type\" content=\"article\" \/>\n<meta property=\"og:title\" content=\"Ecoegg\u00ae pesupesemis muna t\u00e4idisgraanulid l\u00f5hnatu - sulin.ee\" \/>\n<meta property=\"og:description\" content=\"Ecoegg\u00ae pesupesemis muna t\u00e4idisgraanulid on m\u00f5eldud pesupesemise muna t\u00e4itmiseks ja nendest j\u00e4tkub 50 pesukorraks.Kasuta oma pesupesemise muna korduvalt\" \/>\n<meta property=\"og:url\" content=\"https:\/\/sulin.ee\/en\/toode\/ecoegg-pesupesemis-muna-taidisgraanulid-lohnatu\/\" \/>\n<meta property=\"og:site_name\" content=\"sulin.ee\" \/>\n<meta property=\"article:publisher\" content=\"https:\/\/www.facebook.com\/www.sulin.ee\/\" \/>\n<meta property=\"article:modified_time\" content=\"2024-12-18T11:25:43+00:00\" \/>\n<meta property=\"og:image\" content=\"https:\/\/sulin.ee\/wp-content\/uploads\/2022\/09\/FragnanceFree_Refill2.png\" \/>\n\t<meta property=\"og:image:width\" content=\"800\" \/>\n\t<meta property=\"og:image:height\" content=\"800\" \/>\n\t<meta property=\"og:image:type\" content=\"image\/png\" \/>\n<meta name=\"twitter:card\" content=\"summary_large_image\" \/>\n<meta name=\"twitter:label1\" content=\"Est. reading time\" \/>\n\t<meta name=\"twitter:data1\" content=\"2 minutes\" \/>\n<script type=\"application\/ld+json\" class=\"yoast-schema-graph\">{\"@context\":\"https:\/\/schema.org\",\"@graph\":[{\"@type\":\"WebPage\",\"@id\":\"https:\/\/sulin.ee\/en\/toode\/ecoegg-pesupesemis-muna-taidisgraanulid-lohnatu\/\",\"url\":\"https:\/\/sulin.ee\/en\/toode\/ecoegg-pesupesemis-muna-taidisgraanulid-lohnatu\/\",\"name\":\"Ecoegg\u00ae pesupesemis muna t\u00e4idisgraanulid l\u00f5hnatu - sulin.ee\",\"isPartOf\":{\"@id\":\"https:\/\/sulin.ee\/en\/#website\"},\"primaryImageOfPage\":{\"@id\":\"https:\/\/sulin.ee\/en\/toode\/ecoegg-pesupesemis-muna-taidisgraanulid-lohnatu\/#primaryimage\"},\"image\":{\"@id\":\"https:\/\/sulin.ee\/en\/toode\/ecoegg-pesupesemis-muna-taidisgraanulid-lohnatu\/#primaryimage\"},\"thumbnailUrl\":\"https:\/\/sulin.ee\/wp-content\/uploads\/2022\/09\/FragnanceFree_Refill2.png\",\"datePublished\":\"2022-09-13T14:00:32+00:00\",\"dateModified\":\"2024-12-18T11:25:43+00:00\",\"description\":\"Ecoegg\u00ae pesupesemis muna t\u00e4idisgraanulid on m\u00f5eldud pesupesemise muna t\u00e4itmiseks ja nendest j\u00e4tkub 50 pesukorraks.Kasuta oma pesupesemise muna korduvalt\",\"breadcrumb\":{\"@id\":\"https:\/\/sulin.ee\/en\/toode\/ecoegg-pesupesemis-muna-taidisgraanulid-lohnatu\/#breadcrumb\"},\"inLanguage\":\"en-US\",\"potentialAction\":[{\"@type\":\"ReadAction\",\"target\":[\"https:\/\/sulin.ee\/en\/toode\/ecoegg-pesupesemis-muna-taidisgraanulid-lohnatu\/\"]}]},{\"@type\":\"ImageObject\",\"inLanguage\":\"en-US\",\"@id\":\"https:\/\/sulin.ee\/en\/toode\/ecoegg-pesupesemis-muna-taidisgraanulid-lohnatu\/#primaryimage\",\"url\":\"https:\/\/sulin.ee\/wp-content\/uploads\/2022\/09\/FragnanceFree_Refill2.png\",\"contentUrl\":\"https:\/\/sulin.ee\/wp-content\/uploads\/2022\/09\/FragnanceFree_Refill2.png\",\"width\":800,\"height\":800,\"caption\":\"Ecoegg\u00ae pesupesemis muna t\u00e4idisgraanulid\"},{\"@type\":\"BreadcrumbList\",\"@id\":\"https:\/\/sulin.ee\/en\/toode\/ecoegg-pesupesemis-muna-taidisgraanulid-lohnatu\/#breadcrumb\",\"itemListElement\":[{\"@type\":\"ListItem\",\"position\":1,\"name\":\"Home\",\"item\":\"https:\/\/sulin.ee\/en\/\"},{\"@type\":\"ListItem\",\"position\":2,\"name\":\"Sulin.ee e-pood\",\"item\":\"https:\/\/sulin.ee\/shop\/\"},{\"@type\":\"ListItem\",\"position\":3,\"name\":\"Ecoegg\u00ae pesupesemis muna t\u00e4idisgraanulid l\u00f5hnatu\"}]},{\"@type\":\"WebSite\",\"@id\":\"https:\/\/sulin.ee\/en\/#website\",\"url\":\"https:\/\/sulin.ee\/en\/\",\"name\":\"sulin.ee\",\"description\":\"\",\"publisher\":{\"@id\":\"https:\/\/sulin.ee\/en\/#organization\"},\"potentialAction\":[{\"@type\":\"SearchAction\",\"target\":{\"@type\":\"EntryPoint\",\"urlTemplate\":\"https:\/\/sulin.ee\/en\/?s={search_term_string}\"},\"query-input\":{\"@type\":\"PropertyValueSpecification\",\"valueRequired\":true,\"valueName\":\"search_term_string\"}}],\"inLanguage\":\"en-US\"},{\"@type\":\"Organization\",\"@id\":\"https:\/\/sulin.ee\/en\/#organization\",\"name\":\"SULIN TRADE O\u00dc\",\"url\":\"https:\/\/sulin.ee\/en\/\",\"logo\":{\"@type\":\"ImageObject\",\"inLanguage\":\"en-US\",\"@id\":\"https:\/\/sulin.ee\/en\/#\/schema\/logo\/image\/\",\"url\":\"https:\/\/sulin.ee\/wp-content\/uploads\/2022\/11\/sulin-logo.png\",\"contentUrl\":\"https:\/\/sulin.ee\/wp-content\/uploads\/2022\/11\/sulin-logo.png\",\"width\":871,\"height\":321,\"caption\":\"SULIN TRADE O\u00dc\"},\"image\":{\"@id\":\"https:\/\/sulin.ee\/en\/#\/schema\/logo\/image\/\"},\"sameAs\":[\"https:\/\/www.facebook.com\/www.sulin.ee\/\",\"https:\/\/www.instagram.com\/sulintrade\/\"]}]}<\/script>\n<!-- \/ Yoast SEO plugin. -->","yoast_head_json":{"title":"Ecoegg\u00ae pesupesemis muna t\u00e4idisgraanulid l\u00f5hnatu - sulin.ee","description":"Ecoegg\u00ae pesupesemis muna t\u00e4idisgraanulid on m\u00f5eldud pesupesemise muna t\u00e4itmiseks ja nendest j\u00e4tkub 50 pesukorraks.Kasuta oma pesupesemise muna korduvalt","robots":{"index":"index","follow":"follow","max-snippet":"max-snippet:-1","max-image-preview":"max-image-preview:large","max-video-preview":"max-video-preview:-1"},"canonical":"https:\/\/sulin.ee\/en\/toode\/ecoegg-pesupesemis-muna-taidisgraanulid-lohnatu\/","og_locale":"en_US","og_type":"article","og_title":"Ecoegg\u00ae pesupesemis muna t\u00e4idisgraanulid l\u00f5hnatu - sulin.ee","og_description":"Ecoegg\u00ae pesupesemis muna t\u00e4idisgraanulid on m\u00f5eldud pesupesemise muna t\u00e4itmiseks ja nendest j\u00e4tkub 50 pesukorraks.Kasuta oma pesupesemise muna korduvalt","og_url":"https:\/\/sulin.ee\/en\/toode\/ecoegg-pesupesemis-muna-taidisgraanulid-lohnatu\/","og_site_name":"sulin.ee","article_publisher":"https:\/\/www.facebook.com\/www.sulin.ee\/","article_modified_time":"2024-12-18T11:25:43+00:00","og_image":[{"width":800,"height":800,"url":"https:\/\/sulin.ee\/wp-content\/uploads\/2022\/09\/FragnanceFree_Refill2.png","type":"image\/png"}],"twitter_card":"summary_large_image","twitter_misc":{"Est. reading time":"2 minutes"},"schema":{"@context":"https:\/\/schema.org","@graph":[{"@type":"WebPage","@id":"https:\/\/sulin.ee\/en\/toode\/ecoegg-pesupesemis-muna-taidisgraanulid-lohnatu\/","url":"https:\/\/sulin.ee\/en\/toode\/ecoegg-pesupesemis-muna-taidisgraanulid-lohnatu\/","name":"Ecoegg\u00ae pesupesemis muna t\u00e4idisgraanulid l\u00f5hnatu - sulin.ee","isPartOf":{"@id":"https:\/\/sulin.ee\/en\/#website"},"primaryImageOfPage":{"@id":"https:\/\/sulin.ee\/en\/toode\/ecoegg-pesupesemis-muna-taidisgraanulid-lohnatu\/#primaryimage"},"image":{"@id":"https:\/\/sulin.ee\/en\/toode\/ecoegg-pesupesemis-muna-taidisgraanulid-lohnatu\/#primaryimage"},"thumbnailUrl":"https:\/\/sulin.ee\/wp-content\/uploads\/2022\/09\/FragnanceFree_Refill2.png","datePublished":"2022-09-13T14:00:32+00:00","dateModified":"2024-12-18T11:25:43+00:00","description":"Ecoegg\u00ae pesupesemis muna t\u00e4idisgraanulid on m\u00f5eldud pesupesemise muna t\u00e4itmiseks ja nendest j\u00e4tkub 50 pesukorraks.Kasuta oma pesupesemise muna korduvalt","breadcrumb":{"@id":"https:\/\/sulin.ee\/en\/toode\/ecoegg-pesupesemis-muna-taidisgraanulid-lohnatu\/#breadcrumb"},"inLanguage":"en-US","potentialAction":[{"@type":"ReadAction","target":["https:\/\/sulin.ee\/en\/toode\/ecoegg-pesupesemis-muna-taidisgraanulid-lohnatu\/"]}]},{"@type":"ImageObject","inLanguage":"en-US","@id":"https:\/\/sulin.ee\/en\/toode\/ecoegg-pesupesemis-muna-taidisgraanulid-lohnatu\/#primaryimage","url":"https:\/\/sulin.ee\/wp-content\/uploads\/2022\/09\/FragnanceFree_Refill2.png","contentUrl":"https:\/\/sulin.ee\/wp-content\/uploads\/2022\/09\/FragnanceFree_Refill2.png","width":800,"height":800,"caption":"Ecoegg\u00ae pesupesemis muna t\u00e4idisgraanulid"},{"@type":"BreadcrumbList","@id":"https:\/\/sulin.ee\/en\/toode\/ecoegg-pesupesemis-muna-taidisgraanulid-lohnatu\/#breadcrumb","itemListElement":[{"@type":"ListItem","position":1,"name":"Home","item":"https:\/\/sulin.ee\/en\/"},{"@type":"ListItem","position":2,"name":"Sulin.ee e-pood","item":"https:\/\/sulin.ee\/shop\/"},{"@type":"ListItem","position":3,"name":"Ecoegg\u00ae pesupesemis muna t\u00e4idisgraanulid l\u00f5hnatu"}]},{"@type":"WebSite","@id":"https:\/\/sulin.ee\/en\/#website","url":"https:\/\/sulin.ee\/en\/","name":"sulin.ee","description":"","publisher":{"@id":"https:\/\/sulin.ee\/en\/#organization"},"potentialAction":[{"@type":"SearchAction","target":{"@type":"EntryPoint","urlTemplate":"https:\/\/sulin.ee\/en\/?s={search_term_string}"},"query-input":{"@type":"PropertyValueSpecification","valueRequired":true,"valueName":"search_term_string"}}],"inLanguage":"en-US"},{"@type":"Organization","@id":"https:\/\/sulin.ee\/en\/#organization","name":"SULIN TRADE O\u00dc","url":"https:\/\/sulin.ee\/en\/","logo":{"@type":"ImageObject","inLanguage":"en-US","@id":"https:\/\/sulin.ee\/en\/#\/schema\/logo\/image\/","url":"https:\/\/sulin.ee\/wp-content\/uploads\/2022\/11\/sulin-logo.png","contentUrl":"https:\/\/sulin.ee\/wp-content\/uploads\/2022\/11\/sulin-logo.png","width":871,"height":321,"caption":"SULIN TRADE O\u00dc"},"image":{"@id":"https:\/\/sulin.ee\/en\/#\/schema\/logo\/image\/"},"sameAs":["https:\/\/www.facebook.com\/www.sulin.ee\/","https:\/\/www.instagram.com\/sulintrade\/"]}]}},"builder_content":"","_links":{"self":[{"href":"https:\/\/sulin.ee\/en\/wp-json\/wp\/v2\/product\/2915","targetHints":{"allow":["GET"]}}],"collection":[{"href":"https:\/\/sulin.ee\/en\/wp-json\/wp\/v2\/product"}],"about":[{"href":"https:\/\/sulin.ee\/en\/wp-json\/wp\/v2\/types\/product"}],"replies":[{"embeddable":true,"href":"https:\/\/sulin.ee\/en\/wp-json\/wp\/v2\/comments?post=2915"}],"wp:featuredmedia":[{"embeddable":true,"href":"https:\/\/sulin.ee\/en\/wp-json\/wp\/v2\/media\/34697"}],"wp:attachment":[{"href":"https:\/\/sulin.ee\/en\/wp-json\/wp\/v2\/media?parent=2915"}],"wp:term":[{"taxonomy":"product_brand","embeddable":true,"href":"https:\/\/sulin.ee\/en\/wp-json\/wp\/v2\/product_brand?post=2915"},{"taxonomy":"product_cat","embeddable":true,"href":"https:\/\/sulin.ee\/en\/wp-json\/wp\/v2\/product_cat?post=2915"},{"taxonomy":"product_tag","embeddable":true,"href":"https:\/\/sulin.ee\/en\/wp-json\/wp\/v2\/product_tag?post=2915"}],"curies":[{"name":"wp","href":"https:\/\/api.w.org\/{rel}","templated":true}]}}