{"id":29148,"date":"2024-12-14T08:58:56","date_gmt":"2024-12-14T08:58:56","guid":{"rendered":"https:\/\/sulin.ee\/?post_type=product&#038;p=29148"},"modified":"2025-12-26T12:51:39","modified_gmt":"2025-12-26T12:51:39","slug":"friendly-organic-lavendlilohnaline-pesupehmendi-750-ml","status":"publish","type":"product","link":"https:\/\/sulin.ee\/en\/toode\/friendly-organic-lavendlilohnaline-pesupehmendi-750-ml\/","title":{"rendered":"Friendly Organic lavendlil\u00f5hnaline pesupehmendi 750 ml"},"content":{"rendered":"<p><strong>Friendly Organic lavendlil\u00f5hnaline pesupehmendi sisaldab taimse p\u00e4ritoluga pehmendusaineid ja orgaanilist eeterlikku \u00f5li, mis teevad riided pehmeks ja on \u00f5rnad naha vastu.<\/strong><\/p>\n<p>Kasuta pesupehmendajat koos <a href=\"https:\/\/sulin.ee\/toode\/friendly-organic-lavendlilohnaline-pesugeel-beebiriiete-pesuks-2l\/\" target=\"_blank\" rel=\"noopener\">Friendly Organic lavendlil\u00f5hnalise pesugeeliga<\/a>.<\/p>\n<ul>\n<li>Dermatoloogiliselt testitud;<\/li>\n<li>Sisaldab orgaanilist lavendli\u00f5li;<\/li>\n<li>Ei ladestu kangastele;<\/li>\n<li>Taimsete p\u00e4ritoludega pehmendajad;<\/li>\n<li>Ei sisalda s\u00e4ilitusaineid;<\/li>\n<li>Ei sisalda s\u00fcnteetilisi l\u00f5hna- ega v\u00e4rvaineid;<\/li>\n<li>Sobilik nii masina kui ka k\u00e4sitsipesuks.<\/li>\n<\/ul>\n<p><strong><a href=\"https:\/\/www.friendlyorganic.com\/\" target=\"_blank\" rel=\"noopener\">Friendly Organic<\/a> lavendlil\u00f5hnaline pesupehmendi kasutamine:<\/strong>\u00a0Masinapesu korral vala vahendit selleks etten\u00e4htud mahutisse. \u00c4ra vala toodet otse riietele. K\u00e4sitsipesu korral vala pehmendajat vette ja lisa riided vette ligunema u 10 minutiks. \u00c4ra loputa. Hoiusta toodet toatemperatuuril ja loksuta enne kasutamist.<\/p>\n<p><strong>Koostisosad:<\/strong>\u00a0Aqua (Water), Diacylethyl Hydroxyethylmonium Methosulfate*, Aloe Barbadensis Leaf Juice*;\u00a0 Caprylyl\/ Capryl Glucoside, lsopropyl Alcohol, Lavandula Hybrida Oil**, Lactic Acid, Linalool. *From Vegetable Origin **From Organic Farming<br \/>\nComposition (EC 648\/2004): 5-15%: cationic surfactants*; &lt; 5%: non-ionic surfactants;<br \/>\nperfume (Lavandula Hybrida Oil**), linalool. *From Vegetable Origin **From Organic<br \/>\nFarming.<\/p>\n<div class=\"price-per-litre__volume\"><span style=\"color: #808080;\"><span class=\"woocommerce-Price-amount amount\"><bdi>7.95<span class=\"woocommerce-Price-currencySymbol\">\u20ac<\/span><\/bdi><\/span>\/750ml<\/span><\/div>\n<div class=\"price-per-litre__litre\"><span style=\"color: #808080;\"><span class=\"woocommerce-Price-amount amount\"><bdi><span class=\"woocommerce-Price-currencySymbol\">10.60\u20ac<\/span><\/bdi><\/span>\/liiter<\/span><\/div>\n","protected":false},"excerpt":{"rendered":"<p><strong>Orgaaniline pesupehmendi, mis sobib beebidega,v\u00e4ikelastega peredele ja allergikutele.<\/strong><br \/>\n<strong>Pehmendi sisaldab taimseid koostisosi, mis ei ladestu kangastele.<\/strong><\/p>\n<p><img loading=\"lazy\" decoding=\"async\" class=\"alignnone wp-image-2439\" src=\"https:\/\/www.heveren.ee\/wp-content\/uploads\/2018\/03\/Nimetu-kujundus15.webp\" alt=\"\" width=\"318\" height=\"96\" \/><\/p>\n","protected":false},"featured_media":19096,"comment_status":"open","ping_status":"closed","template":"","meta":[],"product_brand":[],"product_cat":[970,987,192,89,211,1040],"product_tag":[],"class_list":{"0":"post-29148","1":"product","2":"type-product","3":"status-publish","4":"has-post-thumbnail","6":"product_cat-hoolitsus-beebid","7":"product_cat-kehahooldus-beebile","8":"product_cat-hooldusvahendid-beebid","9":"product_cat-puhastusvahendid","10":"product_cat-pesuvahendid","11":"product_cat-friendly-organic","12":"has-post-title","13":"has-post-date","14":"has-post-category","15":"has-post-tag","16":"has-post-comment","17":"has-post-author","18":"","20":"first","21":"instock","22":"sale","23":"taxable","24":"shipping-taxable","25":"purchasable","26":"product-type-simple"},"yoast_head":"<!-- This site is optimized with the Yoast SEO plugin v26.8 - https:\/\/yoast.com\/product\/yoast-seo-wordpress\/ -->\n<title>Friendly Organic lavendlil\u00f5hnaline pesupehmendi 750 ml - sulin.ee<\/title>\n<meta name=\"description\" content=\"Friendly Organic lavendlil\u00f5hnaline pesupehmendi sisaldab taimse p\u00e4ritoluga pehmendusaineid ja orgaanilist eeterlikku \u00f5li, mis teevad riided pehmeks.\" \/>\n<meta name=\"robots\" content=\"index, follow, max-snippet:-1, max-image-preview:large, max-video-preview:-1\" \/>\n<link rel=\"canonical\" href=\"https:\/\/sulin.ee\/en\/toode\/friendly-organic-lavendlilohnaline-pesupehmendi-750-ml\/\" \/>\n<meta property=\"og:locale\" content=\"en_US\" \/>\n<meta property=\"og:type\" content=\"article\" \/>\n<meta property=\"og:title\" content=\"Friendly Organic lavendlil\u00f5hnaline pesupehmendi 750 ml - sulin.ee\" \/>\n<meta property=\"og:description\" content=\"Friendly Organic lavendlil\u00f5hnaline pesupehmendi sisaldab taimse p\u00e4ritoluga pehmendusaineid ja orgaanilist eeterlikku \u00f5li, mis teevad riided pehmeks.\" \/>\n<meta property=\"og:url\" content=\"https:\/\/sulin.ee\/en\/toode\/friendly-organic-lavendlilohnaline-pesupehmendi-750-ml\/\" \/>\n<meta property=\"og:site_name\" content=\"sulin.ee\" \/>\n<meta property=\"article:publisher\" content=\"https:\/\/www.facebook.com\/www.sulin.ee\/\" \/>\n<meta property=\"article:modified_time\" content=\"2025-12-26T12:51:39+00:00\" \/>\n<meta property=\"og:image\" content=\"https:\/\/sulin.ee\/wp-content\/uploads\/2024\/04\/Pehmendi_Lavendel_750ml.png\" \/>\n\t<meta property=\"og:image:width\" content=\"1080\" \/>\n\t<meta property=\"og:image:height\" content=\"1080\" \/>\n\t<meta property=\"og:image:type\" content=\"image\/png\" \/>\n<meta name=\"twitter:card\" content=\"summary_large_image\" \/>\n<meta name=\"twitter:label1\" content=\"Est. reading time\" \/>\n\t<meta name=\"twitter:data1\" content=\"1 minute\" \/>\n<script type=\"application\/ld+json\" class=\"yoast-schema-graph\">{\"@context\":\"https:\/\/schema.org\",\"@graph\":[{\"@type\":\"WebPage\",\"@id\":\"https:\/\/sulin.ee\/en\/toode\/friendly-organic-lavendlilohnaline-pesupehmendi-750-ml\/\",\"url\":\"https:\/\/sulin.ee\/en\/toode\/friendly-organic-lavendlilohnaline-pesupehmendi-750-ml\/\",\"name\":\"Friendly Organic lavendlil\u00f5hnaline pesupehmendi 750 ml - sulin.ee\",\"isPartOf\":{\"@id\":\"https:\/\/sulin.ee\/en\/#website\"},\"primaryImageOfPage\":{\"@id\":\"https:\/\/sulin.ee\/en\/toode\/friendly-organic-lavendlilohnaline-pesupehmendi-750-ml\/#primaryimage\"},\"image\":{\"@id\":\"https:\/\/sulin.ee\/en\/toode\/friendly-organic-lavendlilohnaline-pesupehmendi-750-ml\/#primaryimage\"},\"thumbnailUrl\":\"https:\/\/sulin.ee\/wp-content\/uploads\/2024\/04\/Pehmendi_Lavendel_750ml.png\",\"datePublished\":\"2024-12-14T08:58:56+00:00\",\"dateModified\":\"2025-12-26T12:51:39+00:00\",\"description\":\"Friendly Organic lavendlil\u00f5hnaline pesupehmendi sisaldab taimse p\u00e4ritoluga pehmendusaineid ja orgaanilist eeterlikku \u00f5li, mis teevad riided pehmeks.\",\"breadcrumb\":{\"@id\":\"https:\/\/sulin.ee\/en\/toode\/friendly-organic-lavendlilohnaline-pesupehmendi-750-ml\/#breadcrumb\"},\"inLanguage\":\"en-US\",\"potentialAction\":[{\"@type\":\"ReadAction\",\"target\":[\"https:\/\/sulin.ee\/en\/toode\/friendly-organic-lavendlilohnaline-pesupehmendi-750-ml\/\"]}]},{\"@type\":\"ImageObject\",\"inLanguage\":\"en-US\",\"@id\":\"https:\/\/sulin.ee\/en\/toode\/friendly-organic-lavendlilohnaline-pesupehmendi-750-ml\/#primaryimage\",\"url\":\"https:\/\/sulin.ee\/wp-content\/uploads\/2024\/04\/Pehmendi_Lavendel_750ml.png\",\"contentUrl\":\"https:\/\/sulin.ee\/wp-content\/uploads\/2024\/04\/Pehmendi_Lavendel_750ml.png\",\"width\":1080,\"height\":1080,\"caption\":\"Friendly Organic lavendlil\u00f5hnaline pesupehmendi\"},{\"@type\":\"BreadcrumbList\",\"@id\":\"https:\/\/sulin.ee\/en\/toode\/friendly-organic-lavendlilohnaline-pesupehmendi-750-ml\/#breadcrumb\",\"itemListElement\":[{\"@type\":\"ListItem\",\"position\":1,\"name\":\"Home\",\"item\":\"https:\/\/sulin.ee\/en\/\"},{\"@type\":\"ListItem\",\"position\":2,\"name\":\"Sulin.ee e-pood\",\"item\":\"https:\/\/sulin.ee\/shop\/\"},{\"@type\":\"ListItem\",\"position\":3,\"name\":\"Friendly Organic lavendlil\u00f5hnaline pesupehmendi 750 ml\"}]},{\"@type\":\"WebSite\",\"@id\":\"https:\/\/sulin.ee\/en\/#website\",\"url\":\"https:\/\/sulin.ee\/en\/\",\"name\":\"sulin.ee\",\"description\":\"\",\"publisher\":{\"@id\":\"https:\/\/sulin.ee\/en\/#organization\"},\"potentialAction\":[{\"@type\":\"SearchAction\",\"target\":{\"@type\":\"EntryPoint\",\"urlTemplate\":\"https:\/\/sulin.ee\/en\/?s={search_term_string}\"},\"query-input\":{\"@type\":\"PropertyValueSpecification\",\"valueRequired\":true,\"valueName\":\"search_term_string\"}}],\"inLanguage\":\"en-US\"},{\"@type\":\"Organization\",\"@id\":\"https:\/\/sulin.ee\/en\/#organization\",\"name\":\"SULIN TRADE O\u00dc\",\"url\":\"https:\/\/sulin.ee\/en\/\",\"logo\":{\"@type\":\"ImageObject\",\"inLanguage\":\"en-US\",\"@id\":\"https:\/\/sulin.ee\/en\/#\/schema\/logo\/image\/\",\"url\":\"https:\/\/sulin.ee\/wp-content\/uploads\/2022\/11\/sulin-logo.png\",\"contentUrl\":\"https:\/\/sulin.ee\/wp-content\/uploads\/2022\/11\/sulin-logo.png\",\"width\":871,\"height\":321,\"caption\":\"SULIN TRADE O\u00dc\"},\"image\":{\"@id\":\"https:\/\/sulin.ee\/en\/#\/schema\/logo\/image\/\"},\"sameAs\":[\"https:\/\/www.facebook.com\/www.sulin.ee\/\",\"https:\/\/www.instagram.com\/sulintrade\/\"]}]}<\/script>\n<!-- \/ Yoast SEO plugin. -->","yoast_head_json":{"title":"Friendly Organic lavendlil\u00f5hnaline pesupehmendi 750 ml - sulin.ee","description":"Friendly Organic lavendlil\u00f5hnaline pesupehmendi sisaldab taimse p\u00e4ritoluga pehmendusaineid ja orgaanilist eeterlikku \u00f5li, mis teevad riided pehmeks.","robots":{"index":"index","follow":"follow","max-snippet":"max-snippet:-1","max-image-preview":"max-image-preview:large","max-video-preview":"max-video-preview:-1"},"canonical":"https:\/\/sulin.ee\/en\/toode\/friendly-organic-lavendlilohnaline-pesupehmendi-750-ml\/","og_locale":"en_US","og_type":"article","og_title":"Friendly Organic lavendlil\u00f5hnaline pesupehmendi 750 ml - sulin.ee","og_description":"Friendly Organic lavendlil\u00f5hnaline pesupehmendi sisaldab taimse p\u00e4ritoluga pehmendusaineid ja orgaanilist eeterlikku \u00f5li, mis teevad riided pehmeks.","og_url":"https:\/\/sulin.ee\/en\/toode\/friendly-organic-lavendlilohnaline-pesupehmendi-750-ml\/","og_site_name":"sulin.ee","article_publisher":"https:\/\/www.facebook.com\/www.sulin.ee\/","article_modified_time":"2025-12-26T12:51:39+00:00","og_image":[{"width":1080,"height":1080,"url":"https:\/\/sulin.ee\/wp-content\/uploads\/2024\/04\/Pehmendi_Lavendel_750ml.png","type":"image\/png"}],"twitter_card":"summary_large_image","twitter_misc":{"Est. reading time":"1 minute"},"schema":{"@context":"https:\/\/schema.org","@graph":[{"@type":"WebPage","@id":"https:\/\/sulin.ee\/en\/toode\/friendly-organic-lavendlilohnaline-pesupehmendi-750-ml\/","url":"https:\/\/sulin.ee\/en\/toode\/friendly-organic-lavendlilohnaline-pesupehmendi-750-ml\/","name":"Friendly Organic lavendlil\u00f5hnaline pesupehmendi 750 ml - sulin.ee","isPartOf":{"@id":"https:\/\/sulin.ee\/en\/#website"},"primaryImageOfPage":{"@id":"https:\/\/sulin.ee\/en\/toode\/friendly-organic-lavendlilohnaline-pesupehmendi-750-ml\/#primaryimage"},"image":{"@id":"https:\/\/sulin.ee\/en\/toode\/friendly-organic-lavendlilohnaline-pesupehmendi-750-ml\/#primaryimage"},"thumbnailUrl":"https:\/\/sulin.ee\/wp-content\/uploads\/2024\/04\/Pehmendi_Lavendel_750ml.png","datePublished":"2024-12-14T08:58:56+00:00","dateModified":"2025-12-26T12:51:39+00:00","description":"Friendly Organic lavendlil\u00f5hnaline pesupehmendi sisaldab taimse p\u00e4ritoluga pehmendusaineid ja orgaanilist eeterlikku \u00f5li, mis teevad riided pehmeks.","breadcrumb":{"@id":"https:\/\/sulin.ee\/en\/toode\/friendly-organic-lavendlilohnaline-pesupehmendi-750-ml\/#breadcrumb"},"inLanguage":"en-US","potentialAction":[{"@type":"ReadAction","target":["https:\/\/sulin.ee\/en\/toode\/friendly-organic-lavendlilohnaline-pesupehmendi-750-ml\/"]}]},{"@type":"ImageObject","inLanguage":"en-US","@id":"https:\/\/sulin.ee\/en\/toode\/friendly-organic-lavendlilohnaline-pesupehmendi-750-ml\/#primaryimage","url":"https:\/\/sulin.ee\/wp-content\/uploads\/2024\/04\/Pehmendi_Lavendel_750ml.png","contentUrl":"https:\/\/sulin.ee\/wp-content\/uploads\/2024\/04\/Pehmendi_Lavendel_750ml.png","width":1080,"height":1080,"caption":"Friendly Organic lavendlil\u00f5hnaline pesupehmendi"},{"@type":"BreadcrumbList","@id":"https:\/\/sulin.ee\/en\/toode\/friendly-organic-lavendlilohnaline-pesupehmendi-750-ml\/#breadcrumb","itemListElement":[{"@type":"ListItem","position":1,"name":"Home","item":"https:\/\/sulin.ee\/en\/"},{"@type":"ListItem","position":2,"name":"Sulin.ee e-pood","item":"https:\/\/sulin.ee\/shop\/"},{"@type":"ListItem","position":3,"name":"Friendly Organic lavendlil\u00f5hnaline pesupehmendi 750 ml"}]},{"@type":"WebSite","@id":"https:\/\/sulin.ee\/en\/#website","url":"https:\/\/sulin.ee\/en\/","name":"sulin.ee","description":"","publisher":{"@id":"https:\/\/sulin.ee\/en\/#organization"},"potentialAction":[{"@type":"SearchAction","target":{"@type":"EntryPoint","urlTemplate":"https:\/\/sulin.ee\/en\/?s={search_term_string}"},"query-input":{"@type":"PropertyValueSpecification","valueRequired":true,"valueName":"search_term_string"}}],"inLanguage":"en-US"},{"@type":"Organization","@id":"https:\/\/sulin.ee\/en\/#organization","name":"SULIN TRADE O\u00dc","url":"https:\/\/sulin.ee\/en\/","logo":{"@type":"ImageObject","inLanguage":"en-US","@id":"https:\/\/sulin.ee\/en\/#\/schema\/logo\/image\/","url":"https:\/\/sulin.ee\/wp-content\/uploads\/2022\/11\/sulin-logo.png","contentUrl":"https:\/\/sulin.ee\/wp-content\/uploads\/2022\/11\/sulin-logo.png","width":871,"height":321,"caption":"SULIN TRADE O\u00dc"},"image":{"@id":"https:\/\/sulin.ee\/en\/#\/schema\/logo\/image\/"},"sameAs":["https:\/\/www.facebook.com\/www.sulin.ee\/","https:\/\/www.instagram.com\/sulintrade\/"]}]}},"builder_content":"","_links":{"self":[{"href":"https:\/\/sulin.ee\/en\/wp-json\/wp\/v2\/product\/29148","targetHints":{"allow":["GET"]}}],"collection":[{"href":"https:\/\/sulin.ee\/en\/wp-json\/wp\/v2\/product"}],"about":[{"href":"https:\/\/sulin.ee\/en\/wp-json\/wp\/v2\/types\/product"}],"replies":[{"embeddable":true,"href":"https:\/\/sulin.ee\/en\/wp-json\/wp\/v2\/comments?post=29148"}],"wp:featuredmedia":[{"embeddable":true,"href":"https:\/\/sulin.ee\/en\/wp-json\/wp\/v2\/media\/19096"}],"wp:attachment":[{"href":"https:\/\/sulin.ee\/en\/wp-json\/wp\/v2\/media?parent=29148"}],"wp:term":[{"taxonomy":"product_brand","embeddable":true,"href":"https:\/\/sulin.ee\/en\/wp-json\/wp\/v2\/product_brand?post=29148"},{"taxonomy":"product_cat","embeddable":true,"href":"https:\/\/sulin.ee\/en\/wp-json\/wp\/v2\/product_cat?post=29148"},{"taxonomy":"product_tag","embeddable":true,"href":"https:\/\/sulin.ee\/en\/wp-json\/wp\/v2\/product_tag?post=29148"}],"curies":[{"name":"wp","href":"https:\/\/api.w.org\/{rel}","templated":true}]}}