{"id":29147,"date":"2024-12-14T08:58:56","date_gmt":"2024-12-14T08:58:56","guid":{"rendered":"https:\/\/sulin.ee\/?post_type=product&#038;p=29147"},"modified":"2025-09-09T11:07:45","modified_gmt":"2025-09-09T11:07:45","slug":"friendly-organic-lavendlilohnaline-pesugeel-beebiriiete-pesuks-2l","status":"publish","type":"product","link":"https:\/\/sulin.ee\/en\/toode\/friendly-organic-lavendlilohnaline-pesugeel-beebiriiete-pesuks-2l\/","title":{"rendered":"Friendly Organic lavendlil\u00f5hnaline pesugeel beebiriiete pesuks 2L"},"content":{"rendered":"<p><strong>Friendly Organic lavendlil\u00f5hnaline pesugeel sobib suurep\u00e4raselt beebi riiete, riidest m\u00e4hkmete, <a href=\"https:\/\/sulin.ee\/tootekategooria\/lapsele\/hoolitsus\/vanniratikud\/\" target=\"_blank\" rel=\"noopener\">r\u00e4tikute<\/a>, tekkide jms pesuks. Toode sisaldab vaid naturaalseid taimep\u00f5hiseid koostisosi, mis vees lahustavad ja ei ladestu kangastele. Toode sisaldab nautraalset lavendli\u00f5li, mis j\u00e4tab pesule meeldiva ja meeli rahustava l\u00f5hna.<\/strong><\/p>\n<p><a href=\"https:\/\/www.friendlyorganic.com\/\" target=\"_blank\" rel=\"noopener\">Friendly Organic<\/a> lavendlil\u00f5hnaline pesugeel on loodud m\u00f5eldes beebi \u00f5rna nahale aga sobib ideaalselt kogu pere riiete pesuks. Vegan toode.<\/p>\n<p>Parima tulemuse saamiseks kasuta pesugeeli koos Friendly Organic <a href=\"https:\/\/sulin.ee\/toode\/friendly-organic-lavendlilohnaline-pesupehmendi-750-ml\/\" target=\"_blank\" rel=\"noopener\">pesupehmendajaga<\/a>.<\/p>\n<ul>\n<li>Dermatoloogiliselt testitud ja sobib ka tundlikule nahale;<\/li>\n<li>Sisaldab aloe vera ekstrakti;<\/li>\n<li>Biolagunev, ei ladestu kangale;<\/li>\n<li>Efektiivne k\u00f5ikidel veetemperatuuridel;<\/li>\n<li>Ei sisalda optilisi valgendajaid;<\/li>\n<li>Ei sisalda l\u00f5hna- ega s\u00e4ilitusaineid;<\/li>\n<li>Sisaldab kergesti lagunevaid puhastusaineid.<\/li>\n<\/ul>\n<p><strong>Kasutamine:<\/strong> Normaalsete plekkide puhul lisage 50 ml pesuvahendit. Pesugeel sobib nii v\u00e4rvilise kui ka valge pesu jaoks. Eraldage valged v\u00e4rvidest ja peske vastavalt kanga hooldusm\u00e4rgise juhistele.<\/p>\n<p><strong>Koostisained:<\/strong> Aqua (Water), Sodium Coceth Sulfate, Aloe Barbadensis Leaf Juice*, Potassium Cocoate, Cocamidopropyl Betaine, Sodium Chloride, Lauryl\/Myristyl Glucoside,Deceth-4, Fatty Alcohol C10-C16\u00a0 8 EO\/PO, Phenoxyethanol,Trisodium Dicarboxymethyl Alaninate, Lavandula Hybrida Oil*, Linalool, Potassium Hydroxide. * from organic farming.<\/p>\n<div class=\"price-per-litre__volume\"><span style=\"color: #808080;\"><span class=\"woocommerce-Price-amount amount\"><bdi>14.95<span class=\"woocommerce-Price-currencySymbol\">\u20ac<\/span><\/bdi><\/span>\/2L<\/span><\/div>\n<div class=\"price-per-litre__litre\"><span style=\"color: #808080;\"><span class=\"woocommerce-Price-amount amount\"><bdi><span class=\"woocommerce-Price-currencySymbol\">7.47\u20ac<\/span><\/bdi><\/span>\/liiter<\/span><\/div>\n","protected":false},"excerpt":{"rendered":"<p><strong>Friendly Organic lavendlil\u00f5hnaline pesugeel sisaldab taimseid t\u00f5husaid koostisosi, mis pesevad riided puhtaks, on biolagunevad ja ei ladestu kangale.<\/strong><\/p>\n<p><strong>Toode eristub sarnastest toodetest veel sellepoolest, et ei sisalda optilisi valgendajaid.<\/strong><br \/>\n<strong>Pesugeel sobib kogu pere riiete pesuks sh beebid ja allergikud.<\/strong><\/p>\n<p><img loading=\"lazy\" decoding=\"async\" class=\"alignnone wp-image-5204\" src=\"https:\/\/www.heveren.ee\/wp-content\/uploads\/2019\/01\/Nimetu-kujundus26.png\" alt=\"\" width=\"366\" height=\"122\" \/><img loading=\"lazy\" decoding=\"async\" class=\"alignnone wp-image-49775\" src=\"https:\/\/www.heveren.ee\/wp-content\/uploads\/2020\/04\/EESTI-ALLERGIALIIT-TUNNUSTAB.png\" alt=\"\" width=\"127\" height=\"125\" \/><\/p>\n","protected":false},"featured_media":19090,"comment_status":"open","ping_status":"closed","template":"","meta":[],"product_brand":[],"product_cat":[970,987,192,89,211,1040],"product_tag":[],"class_list":{"0":"post-29147","1":"product","2":"type-product","3":"status-publish","4":"has-post-thumbnail","6":"product_cat-hoolitsus-beebid","7":"product_cat-kehahooldus-beebile","8":"product_cat-hooldusvahendid-beebid","9":"product_cat-puhastusvahendid","10":"product_cat-pesuvahendid","11":"product_cat-friendly-organic","12":"has-post-title","13":"has-post-date","14":"has-post-category","15":"has-post-tag","16":"has-post-comment","17":"has-post-author","18":"","20":"first","21":"outofstock","22":"sale","23":"taxable","24":"shipping-taxable","25":"purchasable","26":"product-type-simple"},"yoast_head":"<!-- This site is optimized with the Yoast SEO plugin v26.8 - https:\/\/yoast.com\/product\/yoast-seo-wordpress\/ -->\n<title>Friendly Organic lavendlil\u00f5hnaline pesugeel beebiriiete pesuks 2L - sulin.ee<\/title>\n<meta name=\"description\" content=\"Friendly Organic lavendlil\u00f5hnaline pesugeel sobib suurep\u00e4raselt beebi riiete, riidest m\u00e4hkmete, r\u00e4tikute, tekkide jms pesuks. Dermatoloogiliselt testitud.\" \/>\n<meta name=\"robots\" content=\"index, follow, max-snippet:-1, max-image-preview:large, max-video-preview:-1\" \/>\n<link rel=\"canonical\" href=\"https:\/\/sulin.ee\/en\/toode\/friendly-organic-lavendlilohnaline-pesugeel-beebiriiete-pesuks-2l\/\" \/>\n<meta property=\"og:locale\" content=\"en_US\" \/>\n<meta property=\"og:type\" content=\"article\" \/>\n<meta property=\"og:title\" content=\"Friendly Organic lavendlil\u00f5hnaline pesugeel beebiriiete pesuks 2L - sulin.ee\" \/>\n<meta property=\"og:description\" content=\"Friendly Organic lavendlil\u00f5hnaline pesugeel sobib suurep\u00e4raselt beebi riiete, riidest m\u00e4hkmete, r\u00e4tikute, tekkide jms pesuks. Dermatoloogiliselt testitud.\" \/>\n<meta property=\"og:url\" content=\"https:\/\/sulin.ee\/en\/toode\/friendly-organic-lavendlilohnaline-pesugeel-beebiriiete-pesuks-2l\/\" \/>\n<meta property=\"og:site_name\" content=\"sulin.ee\" \/>\n<meta property=\"article:publisher\" content=\"https:\/\/www.facebook.com\/www.sulin.ee\/\" \/>\n<meta property=\"article:modified_time\" content=\"2025-09-09T11:07:45+00:00\" \/>\n<meta property=\"og:image\" content=\"https:\/\/sulin.ee\/wp-content\/uploads\/2024\/04\/Lavendel_2L.png\" \/>\n\t<meta property=\"og:image:width\" content=\"1080\" \/>\n\t<meta property=\"og:image:height\" content=\"1080\" \/>\n\t<meta property=\"og:image:type\" content=\"image\/png\" \/>\n<meta name=\"twitter:card\" content=\"summary_large_image\" \/>\n<meta name=\"twitter:label1\" content=\"Est. reading time\" \/>\n\t<meta name=\"twitter:data1\" content=\"2 minutes\" \/>\n<script type=\"application\/ld+json\" class=\"yoast-schema-graph\">{\"@context\":\"https:\/\/schema.org\",\"@graph\":[{\"@type\":\"WebPage\",\"@id\":\"https:\/\/sulin.ee\/en\/toode\/friendly-organic-lavendlilohnaline-pesugeel-beebiriiete-pesuks-2l\/\",\"url\":\"https:\/\/sulin.ee\/en\/toode\/friendly-organic-lavendlilohnaline-pesugeel-beebiriiete-pesuks-2l\/\",\"name\":\"Friendly Organic lavendlil\u00f5hnaline pesugeel beebiriiete pesuks 2L - sulin.ee\",\"isPartOf\":{\"@id\":\"https:\/\/sulin.ee\/en\/#website\"},\"primaryImageOfPage\":{\"@id\":\"https:\/\/sulin.ee\/en\/toode\/friendly-organic-lavendlilohnaline-pesugeel-beebiriiete-pesuks-2l\/#primaryimage\"},\"image\":{\"@id\":\"https:\/\/sulin.ee\/en\/toode\/friendly-organic-lavendlilohnaline-pesugeel-beebiriiete-pesuks-2l\/#primaryimage\"},\"thumbnailUrl\":\"https:\/\/sulin.ee\/wp-content\/uploads\/2024\/04\/Lavendel_2L.png\",\"datePublished\":\"2024-12-14T08:58:56+00:00\",\"dateModified\":\"2025-09-09T11:07:45+00:00\",\"description\":\"Friendly Organic lavendlil\u00f5hnaline pesugeel sobib suurep\u00e4raselt beebi riiete, riidest m\u00e4hkmete, r\u00e4tikute, tekkide jms pesuks. Dermatoloogiliselt testitud.\",\"breadcrumb\":{\"@id\":\"https:\/\/sulin.ee\/en\/toode\/friendly-organic-lavendlilohnaline-pesugeel-beebiriiete-pesuks-2l\/#breadcrumb\"},\"inLanguage\":\"en-US\",\"potentialAction\":[{\"@type\":\"ReadAction\",\"target\":[\"https:\/\/sulin.ee\/en\/toode\/friendly-organic-lavendlilohnaline-pesugeel-beebiriiete-pesuks-2l\/\"]}]},{\"@type\":\"ImageObject\",\"inLanguage\":\"en-US\",\"@id\":\"https:\/\/sulin.ee\/en\/toode\/friendly-organic-lavendlilohnaline-pesugeel-beebiriiete-pesuks-2l\/#primaryimage\",\"url\":\"https:\/\/sulin.ee\/wp-content\/uploads\/2024\/04\/Lavendel_2L.png\",\"contentUrl\":\"https:\/\/sulin.ee\/wp-content\/uploads\/2024\/04\/Lavendel_2L.png\",\"width\":1080,\"height\":1080,\"caption\":\"Friendly Organic lavendlil\u00f5hnaline pesugeel\"},{\"@type\":\"BreadcrumbList\",\"@id\":\"https:\/\/sulin.ee\/en\/toode\/friendly-organic-lavendlilohnaline-pesugeel-beebiriiete-pesuks-2l\/#breadcrumb\",\"itemListElement\":[{\"@type\":\"ListItem\",\"position\":1,\"name\":\"Home\",\"item\":\"https:\/\/sulin.ee\/en\/\"},{\"@type\":\"ListItem\",\"position\":2,\"name\":\"Sulin.ee e-pood\",\"item\":\"https:\/\/sulin.ee\/shop\/\"},{\"@type\":\"ListItem\",\"position\":3,\"name\":\"Friendly Organic lavendlil\u00f5hnaline pesugeel beebiriiete pesuks 2L\"}]},{\"@type\":\"WebSite\",\"@id\":\"https:\/\/sulin.ee\/en\/#website\",\"url\":\"https:\/\/sulin.ee\/en\/\",\"name\":\"sulin.ee\",\"description\":\"\",\"publisher\":{\"@id\":\"https:\/\/sulin.ee\/en\/#organization\"},\"potentialAction\":[{\"@type\":\"SearchAction\",\"target\":{\"@type\":\"EntryPoint\",\"urlTemplate\":\"https:\/\/sulin.ee\/en\/?s={search_term_string}\"},\"query-input\":{\"@type\":\"PropertyValueSpecification\",\"valueRequired\":true,\"valueName\":\"search_term_string\"}}],\"inLanguage\":\"en-US\"},{\"@type\":\"Organization\",\"@id\":\"https:\/\/sulin.ee\/en\/#organization\",\"name\":\"SULIN TRADE O\u00dc\",\"url\":\"https:\/\/sulin.ee\/en\/\",\"logo\":{\"@type\":\"ImageObject\",\"inLanguage\":\"en-US\",\"@id\":\"https:\/\/sulin.ee\/en\/#\/schema\/logo\/image\/\",\"url\":\"https:\/\/sulin.ee\/wp-content\/uploads\/2022\/11\/sulin-logo.png\",\"contentUrl\":\"https:\/\/sulin.ee\/wp-content\/uploads\/2022\/11\/sulin-logo.png\",\"width\":871,\"height\":321,\"caption\":\"SULIN TRADE O\u00dc\"},\"image\":{\"@id\":\"https:\/\/sulin.ee\/en\/#\/schema\/logo\/image\/\"},\"sameAs\":[\"https:\/\/www.facebook.com\/www.sulin.ee\/\",\"https:\/\/www.instagram.com\/sulintrade\/\"]}]}<\/script>\n<!-- \/ Yoast SEO plugin. -->","yoast_head_json":{"title":"Friendly Organic lavendlil\u00f5hnaline pesugeel beebiriiete pesuks 2L - sulin.ee","description":"Friendly Organic lavendlil\u00f5hnaline pesugeel sobib suurep\u00e4raselt beebi riiete, riidest m\u00e4hkmete, r\u00e4tikute, tekkide jms pesuks. Dermatoloogiliselt testitud.","robots":{"index":"index","follow":"follow","max-snippet":"max-snippet:-1","max-image-preview":"max-image-preview:large","max-video-preview":"max-video-preview:-1"},"canonical":"https:\/\/sulin.ee\/en\/toode\/friendly-organic-lavendlilohnaline-pesugeel-beebiriiete-pesuks-2l\/","og_locale":"en_US","og_type":"article","og_title":"Friendly Organic lavendlil\u00f5hnaline pesugeel beebiriiete pesuks 2L - sulin.ee","og_description":"Friendly Organic lavendlil\u00f5hnaline pesugeel sobib suurep\u00e4raselt beebi riiete, riidest m\u00e4hkmete, r\u00e4tikute, tekkide jms pesuks. Dermatoloogiliselt testitud.","og_url":"https:\/\/sulin.ee\/en\/toode\/friendly-organic-lavendlilohnaline-pesugeel-beebiriiete-pesuks-2l\/","og_site_name":"sulin.ee","article_publisher":"https:\/\/www.facebook.com\/www.sulin.ee\/","article_modified_time":"2025-09-09T11:07:45+00:00","og_image":[{"width":1080,"height":1080,"url":"https:\/\/sulin.ee\/wp-content\/uploads\/2024\/04\/Lavendel_2L.png","type":"image\/png"}],"twitter_card":"summary_large_image","twitter_misc":{"Est. reading time":"2 minutes"},"schema":{"@context":"https:\/\/schema.org","@graph":[{"@type":"WebPage","@id":"https:\/\/sulin.ee\/en\/toode\/friendly-organic-lavendlilohnaline-pesugeel-beebiriiete-pesuks-2l\/","url":"https:\/\/sulin.ee\/en\/toode\/friendly-organic-lavendlilohnaline-pesugeel-beebiriiete-pesuks-2l\/","name":"Friendly Organic lavendlil\u00f5hnaline pesugeel beebiriiete pesuks 2L - sulin.ee","isPartOf":{"@id":"https:\/\/sulin.ee\/en\/#website"},"primaryImageOfPage":{"@id":"https:\/\/sulin.ee\/en\/toode\/friendly-organic-lavendlilohnaline-pesugeel-beebiriiete-pesuks-2l\/#primaryimage"},"image":{"@id":"https:\/\/sulin.ee\/en\/toode\/friendly-organic-lavendlilohnaline-pesugeel-beebiriiete-pesuks-2l\/#primaryimage"},"thumbnailUrl":"https:\/\/sulin.ee\/wp-content\/uploads\/2024\/04\/Lavendel_2L.png","datePublished":"2024-12-14T08:58:56+00:00","dateModified":"2025-09-09T11:07:45+00:00","description":"Friendly Organic lavendlil\u00f5hnaline pesugeel sobib suurep\u00e4raselt beebi riiete, riidest m\u00e4hkmete, r\u00e4tikute, tekkide jms pesuks. Dermatoloogiliselt testitud.","breadcrumb":{"@id":"https:\/\/sulin.ee\/en\/toode\/friendly-organic-lavendlilohnaline-pesugeel-beebiriiete-pesuks-2l\/#breadcrumb"},"inLanguage":"en-US","potentialAction":[{"@type":"ReadAction","target":["https:\/\/sulin.ee\/en\/toode\/friendly-organic-lavendlilohnaline-pesugeel-beebiriiete-pesuks-2l\/"]}]},{"@type":"ImageObject","inLanguage":"en-US","@id":"https:\/\/sulin.ee\/en\/toode\/friendly-organic-lavendlilohnaline-pesugeel-beebiriiete-pesuks-2l\/#primaryimage","url":"https:\/\/sulin.ee\/wp-content\/uploads\/2024\/04\/Lavendel_2L.png","contentUrl":"https:\/\/sulin.ee\/wp-content\/uploads\/2024\/04\/Lavendel_2L.png","width":1080,"height":1080,"caption":"Friendly Organic lavendlil\u00f5hnaline pesugeel"},{"@type":"BreadcrumbList","@id":"https:\/\/sulin.ee\/en\/toode\/friendly-organic-lavendlilohnaline-pesugeel-beebiriiete-pesuks-2l\/#breadcrumb","itemListElement":[{"@type":"ListItem","position":1,"name":"Home","item":"https:\/\/sulin.ee\/en\/"},{"@type":"ListItem","position":2,"name":"Sulin.ee e-pood","item":"https:\/\/sulin.ee\/shop\/"},{"@type":"ListItem","position":3,"name":"Friendly Organic lavendlil\u00f5hnaline pesugeel beebiriiete pesuks 2L"}]},{"@type":"WebSite","@id":"https:\/\/sulin.ee\/en\/#website","url":"https:\/\/sulin.ee\/en\/","name":"sulin.ee","description":"","publisher":{"@id":"https:\/\/sulin.ee\/en\/#organization"},"potentialAction":[{"@type":"SearchAction","target":{"@type":"EntryPoint","urlTemplate":"https:\/\/sulin.ee\/en\/?s={search_term_string}"},"query-input":{"@type":"PropertyValueSpecification","valueRequired":true,"valueName":"search_term_string"}}],"inLanguage":"en-US"},{"@type":"Organization","@id":"https:\/\/sulin.ee\/en\/#organization","name":"SULIN TRADE O\u00dc","url":"https:\/\/sulin.ee\/en\/","logo":{"@type":"ImageObject","inLanguage":"en-US","@id":"https:\/\/sulin.ee\/en\/#\/schema\/logo\/image\/","url":"https:\/\/sulin.ee\/wp-content\/uploads\/2022\/11\/sulin-logo.png","contentUrl":"https:\/\/sulin.ee\/wp-content\/uploads\/2022\/11\/sulin-logo.png","width":871,"height":321,"caption":"SULIN TRADE O\u00dc"},"image":{"@id":"https:\/\/sulin.ee\/en\/#\/schema\/logo\/image\/"},"sameAs":["https:\/\/www.facebook.com\/www.sulin.ee\/","https:\/\/www.instagram.com\/sulintrade\/"]}]}},"builder_content":"","_links":{"self":[{"href":"https:\/\/sulin.ee\/en\/wp-json\/wp\/v2\/product\/29147","targetHints":{"allow":["GET"]}}],"collection":[{"href":"https:\/\/sulin.ee\/en\/wp-json\/wp\/v2\/product"}],"about":[{"href":"https:\/\/sulin.ee\/en\/wp-json\/wp\/v2\/types\/product"}],"replies":[{"embeddable":true,"href":"https:\/\/sulin.ee\/en\/wp-json\/wp\/v2\/comments?post=29147"}],"wp:featuredmedia":[{"embeddable":true,"href":"https:\/\/sulin.ee\/en\/wp-json\/wp\/v2\/media\/19090"}],"wp:attachment":[{"href":"https:\/\/sulin.ee\/en\/wp-json\/wp\/v2\/media?parent=29147"}],"wp:term":[{"taxonomy":"product_brand","embeddable":true,"href":"https:\/\/sulin.ee\/en\/wp-json\/wp\/v2\/product_brand?post=29147"},{"taxonomy":"product_cat","embeddable":true,"href":"https:\/\/sulin.ee\/en\/wp-json\/wp\/v2\/product_cat?post=29147"},{"taxonomy":"product_tag","embeddable":true,"href":"https:\/\/sulin.ee\/en\/wp-json\/wp\/v2\/product_tag?post=29147"}],"curies":[{"name":"wp","href":"https:\/\/api.w.org\/{rel}","templated":true}]}}