{"id":29146,"date":"2024-12-14T08:58:51","date_gmt":"2024-12-14T08:58:51","guid":{"rendered":"https:\/\/sulin.ee\/?post_type=product&#038;p=29146"},"modified":"2025-09-07T21:37:32","modified_gmt":"2025-09-07T21:37:32","slug":"friendly-organic-mahkmekreem-sheavoi-ja-tsinkoksiidiga-100-ml","status":"publish","type":"product","link":"https:\/\/sulin.ee\/en\/toode\/friendly-organic-mahkmekreem-sheavoi-ja-tsinkoksiidiga-100-ml\/","title":{"rendered":"Friendly Organic m\u00e4hkmekreem sheav\u00f5i ja tsinkoksiidiga 100 ml"},"content":{"rendered":"<p><strong>Friendly Organic m\u00e4hkmekreem sisaldab tsinkoksiidi, mis pakub nahale kaitsvaid ja taastavaid omadusi. Kreem tekitab barj\u00e4\u00e4ri, et kaitsta beebi nahka \u00e4rrituse eest. <a href=\"https:\/\/www.friendlyorganic.com\/\" target=\"_blank\" rel=\"noopener\">Friendly Organic<\/a> m\u00e4hkmekreem aitab kaitsta lapse nahka m\u00e4hkmel\u00f6\u00f6be eest. Sheav\u00f5i, taimne gl\u00fctseriin ja teised sertifitseeritud orgaanilised ekstraktid aitavad nahka leevendada ja pehmendada.<\/strong><\/p>\n<p><strong>Kasutamine:<\/strong> Kandke \u00f5hukese kihi oma beebi m\u00e4hkimispinda ja kergelt masseerige nahka.<\/p>\n<ul>\n<li>Dermatoloogiliselt testitud tundlikule nahale<\/li>\n<li>Valmistatud hoolikalt valitud orgaaniliste ekstraktidega.<\/li>\n<li>Sisaldab tsinkoksiidi<\/li>\n<li>Hoolitseb ja kaitseb \u00f5rna nahka.<\/li>\n<li>Ei sisalda parabeene, PEGsi, silikoone, parafiini ega v\u00e4rvaineid.<\/li>\n<\/ul>\n<p><strong>Koostis:<\/strong> Aqua (Water), Glycerin, Glycine Soja (Soybean) Oil*, Cetearyl Alcohol, Zinc Oxide, Butyrospermum Parkii (Shea Butter) Butter*, Phenethyl Alcohol, Parfum (Fragrance), Sodium Stearoyl Glutamate, Tocopherol, Xanthan Gum, Calendula Officinalis Flower Extract*, Chamomilla Recutita (Matricaria) Flower Extract*, Malva Sylvestris (Mallow) Flower\/Leaf Extract*, Ethylhexylglycerin. *From Organic Farming.<\/p>\n<div class=\"price-per-litre__volume\"><span style=\"color: #808080;\"><span class=\"woocommerce-Price-amount amount\"><bdi>6.09<span class=\"woocommerce-Price-currencySymbol\">\u20ac<\/span><\/bdi><\/span>\/100ml<\/span><\/div>\n<div class=\"price-per-litre__litre\"><span style=\"color: #808080;\"><span class=\"woocommerce-Price-amount amount\"><bdi>60.88<span class=\"woocommerce-Price-currencySymbol\">\u20ac<\/span><\/bdi><\/span>\/liiter<\/span><\/div>\n","protected":false},"excerpt":{"rendered":"<p><strong>H\u00fcpoallergeene, dermatoloogiliselt testitud m\u00e4hkmekreem sobib ka tundlikuma nahaga beebidele. Toode sobib igap\u00e4evaseks kasutamiseks. Ei sisalda nahale kahjulikke koostisosi!<\/strong><br \/>\n<strong>Friendly Organic beebide nahahooldussarja tooted on sertifitseeritud tuntud sertifikaatidega, millel on v\u00e4ga ranged n\u00f5udmised orgaanilistele nahahooldustoodetele.<\/strong><\/p>\n<div class=\"woocommerce-product-details__short-description\">\n<p><img loading=\"lazy\" decoding=\"async\" class=\"alignnone wp-image-2504\" src=\"https:\/\/heveren.ee\/wp-content\/uploads\/2018\/05\/Nimetu-kujundus25.webp\" alt=\"\" width=\"399\" height=\"120\" \/><\/p>\n<\/div>\n","protected":false},"featured_media":19080,"comment_status":"open","ping_status":"closed","template":"","meta":[],"product_brand":[],"product_cat":[987,1040],"product_tag":[],"class_list":{"0":"post-29146","1":"product","2":"type-product","3":"status-publish","4":"has-post-thumbnail","6":"product_cat-kehahooldus-beebile","7":"product_cat-friendly-organic","8":"has-post-title","9":"has-post-date","10":"has-post-category","11":"has-post-tag","12":"has-post-comment","13":"has-post-author","14":"","16":"first","17":"instock","18":"sale","19":"taxable","20":"shipping-taxable","21":"purchasable","22":"product-type-simple"},"yoast_head":"<!-- This site is optimized with the Yoast SEO plugin v26.8 - https:\/\/yoast.com\/product\/yoast-seo-wordpress\/ -->\n<title>Friendly Organic m\u00e4hkmekreem sheav\u00f5i ja tsinkoksiidiga 100 ml - sulin.ee<\/title>\n<meta name=\"description\" content=\"Friendly Organic orgaaniline m\u00e4hkmekreem sisaldab tsinkoksiidi, mis pakub nahale kaitsvaid ja taastavaid omadusi tekitades barj\u00e4\u00e4ri, et kaitsta beebi nahka.\" \/>\n<meta name=\"robots\" content=\"index, follow, max-snippet:-1, max-image-preview:large, max-video-preview:-1\" \/>\n<link rel=\"canonical\" href=\"https:\/\/sulin.ee\/en\/toode\/friendly-organic-mahkmekreem-sheavoi-ja-tsinkoksiidiga-100-ml\/\" \/>\n<meta property=\"og:locale\" content=\"en_US\" \/>\n<meta property=\"og:type\" content=\"article\" \/>\n<meta property=\"og:title\" content=\"Friendly Organic m\u00e4hkmekreem sheav\u00f5i ja tsinkoksiidiga 100 ml - sulin.ee\" \/>\n<meta property=\"og:description\" content=\"Friendly Organic orgaaniline m\u00e4hkmekreem sisaldab tsinkoksiidi, mis pakub nahale kaitsvaid ja taastavaid omadusi tekitades barj\u00e4\u00e4ri, et kaitsta beebi nahka.\" \/>\n<meta property=\"og:url\" content=\"https:\/\/sulin.ee\/en\/toode\/friendly-organic-mahkmekreem-sheavoi-ja-tsinkoksiidiga-100-ml\/\" \/>\n<meta property=\"og:site_name\" content=\"sulin.ee\" \/>\n<meta property=\"article:publisher\" content=\"https:\/\/www.facebook.com\/www.sulin.ee\/\" \/>\n<meta property=\"article:modified_time\" content=\"2025-09-07T21:37:32+00:00\" \/>\n<meta property=\"og:image\" content=\"https:\/\/sulin.ee\/wp-content\/uploads\/2024\/04\/Mahkmekreem.png\" \/>\n\t<meta property=\"og:image:width\" content=\"1080\" \/>\n\t<meta property=\"og:image:height\" content=\"1080\" \/>\n\t<meta property=\"og:image:type\" content=\"image\/png\" \/>\n<meta name=\"twitter:card\" content=\"summary_large_image\" \/>\n<meta name=\"twitter:label1\" content=\"Est. reading time\" \/>\n\t<meta name=\"twitter:data1\" content=\"1 minute\" \/>\n<script type=\"application\/ld+json\" class=\"yoast-schema-graph\">{\"@context\":\"https:\/\/schema.org\",\"@graph\":[{\"@type\":\"WebPage\",\"@id\":\"https:\/\/sulin.ee\/en\/toode\/friendly-organic-mahkmekreem-sheavoi-ja-tsinkoksiidiga-100-ml\/\",\"url\":\"https:\/\/sulin.ee\/en\/toode\/friendly-organic-mahkmekreem-sheavoi-ja-tsinkoksiidiga-100-ml\/\",\"name\":\"Friendly Organic m\u00e4hkmekreem sheav\u00f5i ja tsinkoksiidiga 100 ml - sulin.ee\",\"isPartOf\":{\"@id\":\"https:\/\/sulin.ee\/en\/#website\"},\"primaryImageOfPage\":{\"@id\":\"https:\/\/sulin.ee\/en\/toode\/friendly-organic-mahkmekreem-sheavoi-ja-tsinkoksiidiga-100-ml\/#primaryimage\"},\"image\":{\"@id\":\"https:\/\/sulin.ee\/en\/toode\/friendly-organic-mahkmekreem-sheavoi-ja-tsinkoksiidiga-100-ml\/#primaryimage\"},\"thumbnailUrl\":\"https:\/\/sulin.ee\/wp-content\/uploads\/2024\/04\/Mahkmekreem.png\",\"datePublished\":\"2024-12-14T08:58:51+00:00\",\"dateModified\":\"2025-09-07T21:37:32+00:00\",\"description\":\"Friendly Organic orgaaniline m\u00e4hkmekreem sisaldab tsinkoksiidi, mis pakub nahale kaitsvaid ja taastavaid omadusi tekitades barj\u00e4\u00e4ri, et kaitsta beebi nahka.\",\"breadcrumb\":{\"@id\":\"https:\/\/sulin.ee\/en\/toode\/friendly-organic-mahkmekreem-sheavoi-ja-tsinkoksiidiga-100-ml\/#breadcrumb\"},\"inLanguage\":\"en-US\",\"potentialAction\":[{\"@type\":\"ReadAction\",\"target\":[\"https:\/\/sulin.ee\/en\/toode\/friendly-organic-mahkmekreem-sheavoi-ja-tsinkoksiidiga-100-ml\/\"]}]},{\"@type\":\"ImageObject\",\"inLanguage\":\"en-US\",\"@id\":\"https:\/\/sulin.ee\/en\/toode\/friendly-organic-mahkmekreem-sheavoi-ja-tsinkoksiidiga-100-ml\/#primaryimage\",\"url\":\"https:\/\/sulin.ee\/wp-content\/uploads\/2024\/04\/Mahkmekreem.png\",\"contentUrl\":\"https:\/\/sulin.ee\/wp-content\/uploads\/2024\/04\/Mahkmekreem.png\",\"width\":1080,\"height\":1080,\"caption\":\"Friendly Organic m\u00e4hkmekreem\"},{\"@type\":\"BreadcrumbList\",\"@id\":\"https:\/\/sulin.ee\/en\/toode\/friendly-organic-mahkmekreem-sheavoi-ja-tsinkoksiidiga-100-ml\/#breadcrumb\",\"itemListElement\":[{\"@type\":\"ListItem\",\"position\":1,\"name\":\"Home\",\"item\":\"https:\/\/sulin.ee\/en\/\"},{\"@type\":\"ListItem\",\"position\":2,\"name\":\"Sulin.ee e-pood\",\"item\":\"https:\/\/sulin.ee\/shop\/\"},{\"@type\":\"ListItem\",\"position\":3,\"name\":\"Friendly Organic m\u00e4hkmekreem sheav\u00f5i ja tsinkoksiidiga 100 ml\"}]},{\"@type\":\"WebSite\",\"@id\":\"https:\/\/sulin.ee\/en\/#website\",\"url\":\"https:\/\/sulin.ee\/en\/\",\"name\":\"sulin.ee\",\"description\":\"\",\"publisher\":{\"@id\":\"https:\/\/sulin.ee\/en\/#organization\"},\"potentialAction\":[{\"@type\":\"SearchAction\",\"target\":{\"@type\":\"EntryPoint\",\"urlTemplate\":\"https:\/\/sulin.ee\/en\/?s={search_term_string}\"},\"query-input\":{\"@type\":\"PropertyValueSpecification\",\"valueRequired\":true,\"valueName\":\"search_term_string\"}}],\"inLanguage\":\"en-US\"},{\"@type\":\"Organization\",\"@id\":\"https:\/\/sulin.ee\/en\/#organization\",\"name\":\"SULIN TRADE O\u00dc\",\"url\":\"https:\/\/sulin.ee\/en\/\",\"logo\":{\"@type\":\"ImageObject\",\"inLanguage\":\"en-US\",\"@id\":\"https:\/\/sulin.ee\/en\/#\/schema\/logo\/image\/\",\"url\":\"https:\/\/sulin.ee\/wp-content\/uploads\/2022\/11\/sulin-logo.png\",\"contentUrl\":\"https:\/\/sulin.ee\/wp-content\/uploads\/2022\/11\/sulin-logo.png\",\"width\":871,\"height\":321,\"caption\":\"SULIN TRADE O\u00dc\"},\"image\":{\"@id\":\"https:\/\/sulin.ee\/en\/#\/schema\/logo\/image\/\"},\"sameAs\":[\"https:\/\/www.facebook.com\/www.sulin.ee\/\",\"https:\/\/www.instagram.com\/sulintrade\/\"]}]}<\/script>\n<!-- \/ Yoast SEO plugin. -->","yoast_head_json":{"title":"Friendly Organic m\u00e4hkmekreem sheav\u00f5i ja tsinkoksiidiga 100 ml - sulin.ee","description":"Friendly Organic orgaaniline m\u00e4hkmekreem sisaldab tsinkoksiidi, mis pakub nahale kaitsvaid ja taastavaid omadusi tekitades barj\u00e4\u00e4ri, et kaitsta beebi nahka.","robots":{"index":"index","follow":"follow","max-snippet":"max-snippet:-1","max-image-preview":"max-image-preview:large","max-video-preview":"max-video-preview:-1"},"canonical":"https:\/\/sulin.ee\/en\/toode\/friendly-organic-mahkmekreem-sheavoi-ja-tsinkoksiidiga-100-ml\/","og_locale":"en_US","og_type":"article","og_title":"Friendly Organic m\u00e4hkmekreem sheav\u00f5i ja tsinkoksiidiga 100 ml - sulin.ee","og_description":"Friendly Organic orgaaniline m\u00e4hkmekreem sisaldab tsinkoksiidi, mis pakub nahale kaitsvaid ja taastavaid omadusi tekitades barj\u00e4\u00e4ri, et kaitsta beebi nahka.","og_url":"https:\/\/sulin.ee\/en\/toode\/friendly-organic-mahkmekreem-sheavoi-ja-tsinkoksiidiga-100-ml\/","og_site_name":"sulin.ee","article_publisher":"https:\/\/www.facebook.com\/www.sulin.ee\/","article_modified_time":"2025-09-07T21:37:32+00:00","og_image":[{"width":1080,"height":1080,"url":"https:\/\/sulin.ee\/wp-content\/uploads\/2024\/04\/Mahkmekreem.png","type":"image\/png"}],"twitter_card":"summary_large_image","twitter_misc":{"Est. reading time":"1 minute"},"schema":{"@context":"https:\/\/schema.org","@graph":[{"@type":"WebPage","@id":"https:\/\/sulin.ee\/en\/toode\/friendly-organic-mahkmekreem-sheavoi-ja-tsinkoksiidiga-100-ml\/","url":"https:\/\/sulin.ee\/en\/toode\/friendly-organic-mahkmekreem-sheavoi-ja-tsinkoksiidiga-100-ml\/","name":"Friendly Organic m\u00e4hkmekreem sheav\u00f5i ja tsinkoksiidiga 100 ml - sulin.ee","isPartOf":{"@id":"https:\/\/sulin.ee\/en\/#website"},"primaryImageOfPage":{"@id":"https:\/\/sulin.ee\/en\/toode\/friendly-organic-mahkmekreem-sheavoi-ja-tsinkoksiidiga-100-ml\/#primaryimage"},"image":{"@id":"https:\/\/sulin.ee\/en\/toode\/friendly-organic-mahkmekreem-sheavoi-ja-tsinkoksiidiga-100-ml\/#primaryimage"},"thumbnailUrl":"https:\/\/sulin.ee\/wp-content\/uploads\/2024\/04\/Mahkmekreem.png","datePublished":"2024-12-14T08:58:51+00:00","dateModified":"2025-09-07T21:37:32+00:00","description":"Friendly Organic orgaaniline m\u00e4hkmekreem sisaldab tsinkoksiidi, mis pakub nahale kaitsvaid ja taastavaid omadusi tekitades barj\u00e4\u00e4ri, et kaitsta beebi nahka.","breadcrumb":{"@id":"https:\/\/sulin.ee\/en\/toode\/friendly-organic-mahkmekreem-sheavoi-ja-tsinkoksiidiga-100-ml\/#breadcrumb"},"inLanguage":"en-US","potentialAction":[{"@type":"ReadAction","target":["https:\/\/sulin.ee\/en\/toode\/friendly-organic-mahkmekreem-sheavoi-ja-tsinkoksiidiga-100-ml\/"]}]},{"@type":"ImageObject","inLanguage":"en-US","@id":"https:\/\/sulin.ee\/en\/toode\/friendly-organic-mahkmekreem-sheavoi-ja-tsinkoksiidiga-100-ml\/#primaryimage","url":"https:\/\/sulin.ee\/wp-content\/uploads\/2024\/04\/Mahkmekreem.png","contentUrl":"https:\/\/sulin.ee\/wp-content\/uploads\/2024\/04\/Mahkmekreem.png","width":1080,"height":1080,"caption":"Friendly Organic m\u00e4hkmekreem"},{"@type":"BreadcrumbList","@id":"https:\/\/sulin.ee\/en\/toode\/friendly-organic-mahkmekreem-sheavoi-ja-tsinkoksiidiga-100-ml\/#breadcrumb","itemListElement":[{"@type":"ListItem","position":1,"name":"Home","item":"https:\/\/sulin.ee\/en\/"},{"@type":"ListItem","position":2,"name":"Sulin.ee e-pood","item":"https:\/\/sulin.ee\/shop\/"},{"@type":"ListItem","position":3,"name":"Friendly Organic m\u00e4hkmekreem sheav\u00f5i ja tsinkoksiidiga 100 ml"}]},{"@type":"WebSite","@id":"https:\/\/sulin.ee\/en\/#website","url":"https:\/\/sulin.ee\/en\/","name":"sulin.ee","description":"","publisher":{"@id":"https:\/\/sulin.ee\/en\/#organization"},"potentialAction":[{"@type":"SearchAction","target":{"@type":"EntryPoint","urlTemplate":"https:\/\/sulin.ee\/en\/?s={search_term_string}"},"query-input":{"@type":"PropertyValueSpecification","valueRequired":true,"valueName":"search_term_string"}}],"inLanguage":"en-US"},{"@type":"Organization","@id":"https:\/\/sulin.ee\/en\/#organization","name":"SULIN TRADE O\u00dc","url":"https:\/\/sulin.ee\/en\/","logo":{"@type":"ImageObject","inLanguage":"en-US","@id":"https:\/\/sulin.ee\/en\/#\/schema\/logo\/image\/","url":"https:\/\/sulin.ee\/wp-content\/uploads\/2022\/11\/sulin-logo.png","contentUrl":"https:\/\/sulin.ee\/wp-content\/uploads\/2022\/11\/sulin-logo.png","width":871,"height":321,"caption":"SULIN TRADE O\u00dc"},"image":{"@id":"https:\/\/sulin.ee\/en\/#\/schema\/logo\/image\/"},"sameAs":["https:\/\/www.facebook.com\/www.sulin.ee\/","https:\/\/www.instagram.com\/sulintrade\/"]}]}},"builder_content":"","_links":{"self":[{"href":"https:\/\/sulin.ee\/en\/wp-json\/wp\/v2\/product\/29146","targetHints":{"allow":["GET"]}}],"collection":[{"href":"https:\/\/sulin.ee\/en\/wp-json\/wp\/v2\/product"}],"about":[{"href":"https:\/\/sulin.ee\/en\/wp-json\/wp\/v2\/types\/product"}],"replies":[{"embeddable":true,"href":"https:\/\/sulin.ee\/en\/wp-json\/wp\/v2\/comments?post=29146"}],"wp:featuredmedia":[{"embeddable":true,"href":"https:\/\/sulin.ee\/en\/wp-json\/wp\/v2\/media\/19080"}],"wp:attachment":[{"href":"https:\/\/sulin.ee\/en\/wp-json\/wp\/v2\/media?parent=29146"}],"wp:term":[{"taxonomy":"product_brand","embeddable":true,"href":"https:\/\/sulin.ee\/en\/wp-json\/wp\/v2\/product_brand?post=29146"},{"taxonomy":"product_cat","embeddable":true,"href":"https:\/\/sulin.ee\/en\/wp-json\/wp\/v2\/product_cat?post=29146"},{"taxonomy":"product_tag","embeddable":true,"href":"https:\/\/sulin.ee\/en\/wp-json\/wp\/v2\/product_tag?post=29146"}],"curies":[{"name":"wp","href":"https:\/\/api.w.org\/{rel}","templated":true}]}}