{"id":29140,"date":"2024-12-14T08:58:37","date_gmt":"2024-12-14T08:58:37","guid":{"rendered":"https:\/\/sulin.ee\/?post_type=product&#038;p=29140"},"modified":"2025-09-07T21:37:42","modified_gmt":"2025-09-07T21:37:42","slug":"kaepidemed-b-box-lutipudelile-2-tk","status":"publish","type":"product","link":"https:\/\/sulin.ee\/en\/toode\/kaepidemed-b-box-lutipudelile-2-tk\/","title":{"rendered":"K\u00e4epidemed b.box lutipudelile (2 tk)"},"content":{"rendered":"<p class=\"\" data-start=\"194\" data-end=\"267\"><strong data-start=\"194\" data-end=\"267\">K\u00e4epidemed b.box lutipudelile \u2013 mugavus v\u00e4ikestele k\u00e4tele<\/strong><\/p>\n<p class=\"\" data-start=\"269\" data-end=\"595\"><a href=\"https:\/\/bbox.com.au\/\">b.box<\/a> lutipudeli k\u00e4epidemed on suurep\u00e4rane lisatarvik, mis muudab lutipudeli kasutamise lapse jaoks lihtsamaks ja iseseisvamaks. K\u00e4epidemed kinnituvad kindlalt pudeli k\u00fclge ning aitavad lapsel pudelit paremini haarata ja hoida. See julgustab last ise jooma, arendades samal ajal k\u00e4e-silma koordinatsiooni ja motoorseid oskusi.<\/p>\n<p class=\"\" data-start=\"597\" data-end=\"888\">K\u00e4epidemed sobivad kasutamiseks b.box <strong>180 ml<\/strong> ja <strong>240 ml<\/strong> <a href=\"https:\/\/sulin.ee\/toode\/b-box-koolikutevastane-lutipudel\/?attribute_pa_valik=180-ml\">lutipudelitega.<\/a> Need on disainitud spetsiaalselt v\u00e4ikeste laste vajadusi arvesse v\u00f5ttes \u2013 kaalult kerged, mugava kujuga ning lapse k\u00e4ele h\u00e4sti sobivad. Mahedates toonides disain v\u00f5imaldab neid kenasti sobitada erinevate pudeliv\u00e4rvidega.<\/p>\n<p class=\"\" data-start=\"890\" data-end=\"981\">K\u00e4epidemed b.box lutipudelile on n\u00f5udepesumasinas pestavad, mis teeb nende puhastamise lihtsaks ja mugavaks.<\/p>\n<p class=\"\" data-start=\"983\" data-end=\"1011\"><strong>Komplektis on kaks k\u00e4epidet.<\/strong><\/p>\n","protected":false},"excerpt":{"rendered":"<p><strong>Lutipudeli k\u00e4epidemed on m\u00f5eldud b.box lutipudelite k\u00fclge kinnitamiseks, et seel\u00e4bi soodustada lapse isesesivat s\u00f6\u00f6mist ja joomist. Mugavad k\u00e4epidemed on kerged ja ergonoomilised ning tagavad kindla haarde.<\/strong><\/p>\n<p><strong>Sobivad nii 180 ml kui 240 ml suurusele<span style=\"color: #0000ff;\"><a style=\"color: #0000ff;\" href=\"https:\/\/sulin.ee\/toode\/b-box-koolikutevastane-lutipudel\/?attribute_pa_valik=180-ml\" target=\"_blank\" rel=\"noopener\"> b.box lutipudelile<\/a>.<\/span><\/strong><\/p>\n","protected":false},"featured_media":18929,"comment_status":"open","ping_status":"closed","template":"","meta":[],"product_brand":[],"product_cat":[489,859,852],"product_tag":[],"class_list":{"0":"post-29140","1":"product","2":"type-product","3":"status-publish","4":"has-post-thumbnail","6":"product_cat-beebitarbed-toitmiseks","7":"product_cat-lutipudelid","8":"product_cat-b-box","9":"has-post-title","10":"has-post-date","11":"has-post-category","12":"has-post-tag","13":"has-post-comment","14":"has-post-author","15":"","17":"first","18":"instock","19":"sale","20":"taxable","21":"shipping-taxable","22":"purchasable","23":"product-type-simple"},"yoast_head":"<!-- This site is optimized with the Yoast SEO plugin v26.8 - https:\/\/yoast.com\/product\/yoast-seo-wordpress\/ -->\n<title>K\u00e4epidemed b.box lutipudelile (2 tk) - sulin.ee<\/title>\n<meta name=\"description\" content=\"K\u00e4epidemed b.box lutipudelile - soodustada lapse isesesivat s\u00f6\u00f6mist ja joomist. Mugavad k\u00e4epidemed on kerged ja ergonoomilised ning tagavad kindla haarde.\" \/>\n<meta name=\"robots\" content=\"index, follow, max-snippet:-1, max-image-preview:large, max-video-preview:-1\" \/>\n<link rel=\"canonical\" href=\"https:\/\/sulin.ee\/en\/toode\/kaepidemed-b-box-lutipudelile-2-tk\/\" \/>\n<meta property=\"og:locale\" content=\"en_US\" \/>\n<meta property=\"og:type\" content=\"article\" \/>\n<meta property=\"og:title\" content=\"K\u00e4epidemed b.box lutipudelile (2 tk) - sulin.ee\" \/>\n<meta property=\"og:description\" content=\"K\u00e4epidemed b.box lutipudelile - soodustada lapse isesesivat s\u00f6\u00f6mist ja joomist. Mugavad k\u00e4epidemed on kerged ja ergonoomilised ning tagavad kindla haarde.\" \/>\n<meta property=\"og:url\" content=\"https:\/\/sulin.ee\/en\/toode\/kaepidemed-b-box-lutipudelile-2-tk\/\" \/>\n<meta property=\"og:site_name\" content=\"sulin.ee\" \/>\n<meta property=\"article:publisher\" content=\"https:\/\/www.facebook.com\/www.sulin.ee\/\" \/>\n<meta property=\"article:modified_time\" content=\"2025-09-07T21:37:42+00:00\" \/>\n<meta property=\"og:image\" content=\"https:\/\/sulin.ee\/wp-content\/uploads\/2024\/04\/Lullaby-Blue.png\" \/>\n\t<meta property=\"og:image:width\" content=\"1080\" \/>\n\t<meta property=\"og:image:height\" content=\"1080\" \/>\n\t<meta property=\"og:image:type\" content=\"image\/png\" \/>\n<meta name=\"twitter:card\" content=\"summary_large_image\" \/>\n<meta name=\"twitter:label1\" content=\"Est. reading time\" \/>\n\t<meta name=\"twitter:data1\" content=\"1 minute\" \/>\n<script type=\"application\/ld+json\" class=\"yoast-schema-graph\">{\"@context\":\"https:\/\/schema.org\",\"@graph\":[{\"@type\":\"WebPage\",\"@id\":\"https:\/\/sulin.ee\/en\/toode\/kaepidemed-b-box-lutipudelile-2-tk\/\",\"url\":\"https:\/\/sulin.ee\/en\/toode\/kaepidemed-b-box-lutipudelile-2-tk\/\",\"name\":\"K\u00e4epidemed b.box lutipudelile (2 tk) - sulin.ee\",\"isPartOf\":{\"@id\":\"https:\/\/sulin.ee\/en\/#website\"},\"primaryImageOfPage\":{\"@id\":\"https:\/\/sulin.ee\/en\/toode\/kaepidemed-b-box-lutipudelile-2-tk\/#primaryimage\"},\"image\":{\"@id\":\"https:\/\/sulin.ee\/en\/toode\/kaepidemed-b-box-lutipudelile-2-tk\/#primaryimage\"},\"thumbnailUrl\":\"https:\/\/sulin.ee\/wp-content\/uploads\/2024\/04\/Lullaby-Blue.png\",\"datePublished\":\"2024-12-14T08:58:37+00:00\",\"dateModified\":\"2025-09-07T21:37:42+00:00\",\"description\":\"K\u00e4epidemed b.box lutipudelile - soodustada lapse isesesivat s\u00f6\u00f6mist ja joomist. Mugavad k\u00e4epidemed on kerged ja ergonoomilised ning tagavad kindla haarde.\",\"breadcrumb\":{\"@id\":\"https:\/\/sulin.ee\/en\/toode\/kaepidemed-b-box-lutipudelile-2-tk\/#breadcrumb\"},\"inLanguage\":\"en-US\",\"potentialAction\":[{\"@type\":\"ReadAction\",\"target\":[\"https:\/\/sulin.ee\/en\/toode\/kaepidemed-b-box-lutipudelile-2-tk\/\"]}]},{\"@type\":\"ImageObject\",\"inLanguage\":\"en-US\",\"@id\":\"https:\/\/sulin.ee\/en\/toode\/kaepidemed-b-box-lutipudelile-2-tk\/#primaryimage\",\"url\":\"https:\/\/sulin.ee\/wp-content\/uploads\/2024\/04\/Lullaby-Blue.png\",\"contentUrl\":\"https:\/\/sulin.ee\/wp-content\/uploads\/2024\/04\/Lullaby-Blue.png\",\"width\":1080,\"height\":1080,\"caption\":\"b.box lutipudeli k\u00e4epidemed\"},{\"@type\":\"BreadcrumbList\",\"@id\":\"https:\/\/sulin.ee\/en\/toode\/kaepidemed-b-box-lutipudelile-2-tk\/#breadcrumb\",\"itemListElement\":[{\"@type\":\"ListItem\",\"position\":1,\"name\":\"Home\",\"item\":\"https:\/\/sulin.ee\/en\/\"},{\"@type\":\"ListItem\",\"position\":2,\"name\":\"Sulin.ee e-pood\",\"item\":\"https:\/\/sulin.ee\/shop\/\"},{\"@type\":\"ListItem\",\"position\":3,\"name\":\"K\u00e4epidemed b.box lutipudelile (2 tk)\"}]},{\"@type\":\"WebSite\",\"@id\":\"https:\/\/sulin.ee\/en\/#website\",\"url\":\"https:\/\/sulin.ee\/en\/\",\"name\":\"sulin.ee\",\"description\":\"\",\"publisher\":{\"@id\":\"https:\/\/sulin.ee\/en\/#organization\"},\"potentialAction\":[{\"@type\":\"SearchAction\",\"target\":{\"@type\":\"EntryPoint\",\"urlTemplate\":\"https:\/\/sulin.ee\/en\/?s={search_term_string}\"},\"query-input\":{\"@type\":\"PropertyValueSpecification\",\"valueRequired\":true,\"valueName\":\"search_term_string\"}}],\"inLanguage\":\"en-US\"},{\"@type\":\"Organization\",\"@id\":\"https:\/\/sulin.ee\/en\/#organization\",\"name\":\"SULIN TRADE O\u00dc\",\"url\":\"https:\/\/sulin.ee\/en\/\",\"logo\":{\"@type\":\"ImageObject\",\"inLanguage\":\"en-US\",\"@id\":\"https:\/\/sulin.ee\/en\/#\/schema\/logo\/image\/\",\"url\":\"https:\/\/sulin.ee\/wp-content\/uploads\/2022\/11\/sulin-logo.png\",\"contentUrl\":\"https:\/\/sulin.ee\/wp-content\/uploads\/2022\/11\/sulin-logo.png\",\"width\":871,\"height\":321,\"caption\":\"SULIN TRADE O\u00dc\"},\"image\":{\"@id\":\"https:\/\/sulin.ee\/en\/#\/schema\/logo\/image\/\"},\"sameAs\":[\"https:\/\/www.facebook.com\/www.sulin.ee\/\",\"https:\/\/www.instagram.com\/sulintrade\/\"]}]}<\/script>\n<!-- \/ Yoast SEO plugin. -->","yoast_head_json":{"title":"K\u00e4epidemed b.box lutipudelile (2 tk) - sulin.ee","description":"K\u00e4epidemed b.box lutipudelile - soodustada lapse isesesivat s\u00f6\u00f6mist ja joomist. Mugavad k\u00e4epidemed on kerged ja ergonoomilised ning tagavad kindla haarde.","robots":{"index":"index","follow":"follow","max-snippet":"max-snippet:-1","max-image-preview":"max-image-preview:large","max-video-preview":"max-video-preview:-1"},"canonical":"https:\/\/sulin.ee\/en\/toode\/kaepidemed-b-box-lutipudelile-2-tk\/","og_locale":"en_US","og_type":"article","og_title":"K\u00e4epidemed b.box lutipudelile (2 tk) - sulin.ee","og_description":"K\u00e4epidemed b.box lutipudelile - soodustada lapse isesesivat s\u00f6\u00f6mist ja joomist. Mugavad k\u00e4epidemed on kerged ja ergonoomilised ning tagavad kindla haarde.","og_url":"https:\/\/sulin.ee\/en\/toode\/kaepidemed-b-box-lutipudelile-2-tk\/","og_site_name":"sulin.ee","article_publisher":"https:\/\/www.facebook.com\/www.sulin.ee\/","article_modified_time":"2025-09-07T21:37:42+00:00","og_image":[{"width":1080,"height":1080,"url":"https:\/\/sulin.ee\/wp-content\/uploads\/2024\/04\/Lullaby-Blue.png","type":"image\/png"}],"twitter_card":"summary_large_image","twitter_misc":{"Est. reading time":"1 minute"},"schema":{"@context":"https:\/\/schema.org","@graph":[{"@type":"WebPage","@id":"https:\/\/sulin.ee\/en\/toode\/kaepidemed-b-box-lutipudelile-2-tk\/","url":"https:\/\/sulin.ee\/en\/toode\/kaepidemed-b-box-lutipudelile-2-tk\/","name":"K\u00e4epidemed b.box lutipudelile (2 tk) - sulin.ee","isPartOf":{"@id":"https:\/\/sulin.ee\/en\/#website"},"primaryImageOfPage":{"@id":"https:\/\/sulin.ee\/en\/toode\/kaepidemed-b-box-lutipudelile-2-tk\/#primaryimage"},"image":{"@id":"https:\/\/sulin.ee\/en\/toode\/kaepidemed-b-box-lutipudelile-2-tk\/#primaryimage"},"thumbnailUrl":"https:\/\/sulin.ee\/wp-content\/uploads\/2024\/04\/Lullaby-Blue.png","datePublished":"2024-12-14T08:58:37+00:00","dateModified":"2025-09-07T21:37:42+00:00","description":"K\u00e4epidemed b.box lutipudelile - soodustada lapse isesesivat s\u00f6\u00f6mist ja joomist. Mugavad k\u00e4epidemed on kerged ja ergonoomilised ning tagavad kindla haarde.","breadcrumb":{"@id":"https:\/\/sulin.ee\/en\/toode\/kaepidemed-b-box-lutipudelile-2-tk\/#breadcrumb"},"inLanguage":"en-US","potentialAction":[{"@type":"ReadAction","target":["https:\/\/sulin.ee\/en\/toode\/kaepidemed-b-box-lutipudelile-2-tk\/"]}]},{"@type":"ImageObject","inLanguage":"en-US","@id":"https:\/\/sulin.ee\/en\/toode\/kaepidemed-b-box-lutipudelile-2-tk\/#primaryimage","url":"https:\/\/sulin.ee\/wp-content\/uploads\/2024\/04\/Lullaby-Blue.png","contentUrl":"https:\/\/sulin.ee\/wp-content\/uploads\/2024\/04\/Lullaby-Blue.png","width":1080,"height":1080,"caption":"b.box lutipudeli k\u00e4epidemed"},{"@type":"BreadcrumbList","@id":"https:\/\/sulin.ee\/en\/toode\/kaepidemed-b-box-lutipudelile-2-tk\/#breadcrumb","itemListElement":[{"@type":"ListItem","position":1,"name":"Home","item":"https:\/\/sulin.ee\/en\/"},{"@type":"ListItem","position":2,"name":"Sulin.ee e-pood","item":"https:\/\/sulin.ee\/shop\/"},{"@type":"ListItem","position":3,"name":"K\u00e4epidemed b.box lutipudelile (2 tk)"}]},{"@type":"WebSite","@id":"https:\/\/sulin.ee\/en\/#website","url":"https:\/\/sulin.ee\/en\/","name":"sulin.ee","description":"","publisher":{"@id":"https:\/\/sulin.ee\/en\/#organization"},"potentialAction":[{"@type":"SearchAction","target":{"@type":"EntryPoint","urlTemplate":"https:\/\/sulin.ee\/en\/?s={search_term_string}"},"query-input":{"@type":"PropertyValueSpecification","valueRequired":true,"valueName":"search_term_string"}}],"inLanguage":"en-US"},{"@type":"Organization","@id":"https:\/\/sulin.ee\/en\/#organization","name":"SULIN TRADE O\u00dc","url":"https:\/\/sulin.ee\/en\/","logo":{"@type":"ImageObject","inLanguage":"en-US","@id":"https:\/\/sulin.ee\/en\/#\/schema\/logo\/image\/","url":"https:\/\/sulin.ee\/wp-content\/uploads\/2022\/11\/sulin-logo.png","contentUrl":"https:\/\/sulin.ee\/wp-content\/uploads\/2022\/11\/sulin-logo.png","width":871,"height":321,"caption":"SULIN TRADE O\u00dc"},"image":{"@id":"https:\/\/sulin.ee\/en\/#\/schema\/logo\/image\/"},"sameAs":["https:\/\/www.facebook.com\/www.sulin.ee\/","https:\/\/www.instagram.com\/sulintrade\/"]}]}},"builder_content":"","_links":{"self":[{"href":"https:\/\/sulin.ee\/en\/wp-json\/wp\/v2\/product\/29140","targetHints":{"allow":["GET"]}}],"collection":[{"href":"https:\/\/sulin.ee\/en\/wp-json\/wp\/v2\/product"}],"about":[{"href":"https:\/\/sulin.ee\/en\/wp-json\/wp\/v2\/types\/product"}],"replies":[{"embeddable":true,"href":"https:\/\/sulin.ee\/en\/wp-json\/wp\/v2\/comments?post=29140"}],"wp:featuredmedia":[{"embeddable":true,"href":"https:\/\/sulin.ee\/en\/wp-json\/wp\/v2\/media\/18929"}],"wp:attachment":[{"href":"https:\/\/sulin.ee\/en\/wp-json\/wp\/v2\/media?parent=29140"}],"wp:term":[{"taxonomy":"product_brand","embeddable":true,"href":"https:\/\/sulin.ee\/en\/wp-json\/wp\/v2\/product_brand?post=29140"},{"taxonomy":"product_cat","embeddable":true,"href":"https:\/\/sulin.ee\/en\/wp-json\/wp\/v2\/product_cat?post=29140"},{"taxonomy":"product_tag","embeddable":true,"href":"https:\/\/sulin.ee\/en\/wp-json\/wp\/v2\/product_tag?post=29140"}],"curies":[{"name":"wp","href":"https:\/\/api.w.org\/{rel}","templated":true}]}}