{"id":29139,"date":"2024-12-14T08:58:34","date_gmt":"2024-12-14T08:58:34","guid":{"rendered":"https:\/\/sulin.ee\/?post_type=product&#038;p=29139"},"modified":"2026-03-09T06:22:06","modified_gmt":"2026-03-09T06:22:06","slug":"b-box-puhastusharjade-komplekt","status":"publish","type":"product","link":"https:\/\/sulin.ee\/en\/toode\/b-box-puhastusharjade-komplekt\/","title":{"rendered":"b.box puhastusharjade komplekt"},"content":{"rendered":"<p><strong>b.box puhastusharjade komplekt on praktiline abivahend beebipudelite, joogik\u00f5rte, ja laste joogipudelite puhastamiseks. Komplekt koosneb viiest erinevast k\u00e4epidemega harjakesest, mis on r\u00f5nga k\u00fclge kinnitatud ja h\u00f5lpsasti sealt lahti v\u00f5etavad. <\/strong><\/p>\n<p>Harjakesed sobivad h\u00e4sti k\u00f5rte ja joogipudelite puhastamiseks. K\u00e4ep\u00e4rane v\u00e4ike komplekt sobib kasutada nii kodus kui lapsega kodust v\u00e4ljas liikudes. Toode on ftalaatide- , PVC- ja BPA- vabadest materjalidest.<\/p>\n<ul>\n<li>Sobib <a href=\"https:\/\/sulin.ee\/tootekategooria\/brandid\/b-box\/\" target=\"_blank\" rel=\"noopener\">b.box<\/a> k\u00f5rte ja joogipudelite puhastamiseks;<\/li>\n<li>Lihtne kasutada, harjad saab r\u00f5ngast eemaldada ja lihtsalt tagasi panna;<\/li>\n<li>Aitab puhastada ka raskemini puhastatavaid laste joogipudeli osi;<\/li>\n<li>PVC-, BPA- ja ftalaatidevaba materjal.<\/li>\n<\/ul>\n","protected":false},"excerpt":{"rendered":"<p>b.box puhastusharjade komplekt on praktiline abivahend beebipudelite, joogik\u00f5rte, ja laste joogipudelite puhastamiseks. Komplekt koosneb viiest erinevast k\u00e4epidemega harjakesest, mis on r\u00f5nga k\u00fclge kinnitatud ja h\u00f5lpsasti sealt lahti v\u00f5etavad. Harjakesed sobivad h\u00e4sti k\u00f5rte ja joogipudelite puhastamiseks. K\u00e4ep\u00e4rane v\u00e4ike komplekt sobib kasutada nii kodus kui lapsega kodust v\u00e4ljas liikudes. Toode on ftalaatide- , PVC- ja BPA- vabadest [&hellip;]<\/p>\n","protected":false},"featured_media":18906,"comment_status":"open","ping_status":"closed","template":"","meta":[],"product_brand":[],"product_cat":[851,929,66,71,852],"product_tag":[],"class_list":{"0":"post-29139","1":"product","2":"type-product","3":"status-publish","4":"has-post-thumbnail","6":"product_cat-joogipudelid-ja-tassid-beebile","7":"product_cat-joogipudelid-lastele","8":"product_cat-joogipudelid","9":"product_cat-termospudelid","10":"product_cat-b-box","11":"has-post-title","12":"has-post-date","13":"has-post-category","14":"has-post-tag","15":"has-post-comment","16":"has-post-author","17":"","19":"first","20":"instock","21":"sale","22":"taxable","23":"shipping-taxable","24":"purchasable","25":"product-type-simple"},"yoast_head":"<!-- This site is optimized with the Yoast SEO plugin v26.8 - https:\/\/yoast.com\/product\/yoast-seo-wordpress\/ -->\n<title>b.box puhastusharjade komplekt - sulin.ee<\/title>\n<meta name=\"robots\" content=\"index, follow, max-snippet:-1, max-image-preview:large, max-video-preview:-1\" \/>\n<link rel=\"canonical\" href=\"https:\/\/sulin.ee\/en\/toode\/b-box-puhastusharjade-komplekt\/\" \/>\n<meta property=\"og:locale\" content=\"en_US\" \/>\n<meta property=\"og:type\" content=\"article\" \/>\n<meta property=\"og:title\" content=\"b.box puhastusharjade komplekt - sulin.ee\" \/>\n<meta property=\"og:description\" content=\"b.box puhastusharjade komplekt on praktiline abivahend beebipudelite, joogik\u00f5rte, ja laste joogipudelite puhastamiseks. Komplekt koosneb viiest erinevast k\u00e4epidemega harjakesest, mis on r\u00f5nga k\u00fclge kinnitatud ja h\u00f5lpsasti sealt lahti v\u00f5etavad. Harjakesed sobivad h\u00e4sti k\u00f5rte ja joogipudelite puhastamiseks. K\u00e4ep\u00e4rane v\u00e4ike komplekt sobib kasutada nii kodus kui lapsega kodust v\u00e4ljas liikudes. Toode on ftalaatide- , PVC- ja BPA- vabadest [&hellip;]\" \/>\n<meta property=\"og:url\" content=\"https:\/\/sulin.ee\/en\/toode\/b-box-puhastusharjade-komplekt\/\" \/>\n<meta property=\"og:site_name\" content=\"sulin.ee\" \/>\n<meta property=\"article:publisher\" content=\"https:\/\/www.facebook.com\/www.sulin.ee\/\" \/>\n<meta property=\"article:modified_time\" content=\"2026-03-09T06:22:06+00:00\" \/>\n<meta property=\"og:image\" content=\"https:\/\/sulin.ee\/wp-content\/uploads\/2024\/04\/Piltide-korrektuurid-kodulehel-56.png\" \/>\n\t<meta property=\"og:image:width\" content=\"1080\" \/>\n\t<meta property=\"og:image:height\" content=\"1080\" \/>\n\t<meta property=\"og:image:type\" content=\"image\/png\" \/>\n<meta name=\"twitter:card\" content=\"summary_large_image\" \/>\n<meta name=\"twitter:label1\" content=\"Est. reading time\" \/>\n\t<meta name=\"twitter:data1\" content=\"1 minute\" \/>\n<script type=\"application\/ld+json\" class=\"yoast-schema-graph\">{\"@context\":\"https:\/\/schema.org\",\"@graph\":[{\"@type\":\"WebPage\",\"@id\":\"https:\/\/sulin.ee\/en\/toode\/b-box-puhastusharjade-komplekt\/\",\"url\":\"https:\/\/sulin.ee\/en\/toode\/b-box-puhastusharjade-komplekt\/\",\"name\":\"b.box puhastusharjade komplekt - sulin.ee\",\"isPartOf\":{\"@id\":\"https:\/\/sulin.ee\/en\/#website\"},\"primaryImageOfPage\":{\"@id\":\"https:\/\/sulin.ee\/en\/toode\/b-box-puhastusharjade-komplekt\/#primaryimage\"},\"image\":{\"@id\":\"https:\/\/sulin.ee\/en\/toode\/b-box-puhastusharjade-komplekt\/#primaryimage\"},\"thumbnailUrl\":\"https:\/\/sulin.ee\/wp-content\/uploads\/2024\/04\/Piltide-korrektuurid-kodulehel-56.png\",\"datePublished\":\"2024-12-14T08:58:34+00:00\",\"dateModified\":\"2026-03-09T06:22:06+00:00\",\"breadcrumb\":{\"@id\":\"https:\/\/sulin.ee\/en\/toode\/b-box-puhastusharjade-komplekt\/#breadcrumb\"},\"inLanguage\":\"en-US\",\"potentialAction\":[{\"@type\":\"ReadAction\",\"target\":[\"https:\/\/sulin.ee\/en\/toode\/b-box-puhastusharjade-komplekt\/\"]}]},{\"@type\":\"ImageObject\",\"inLanguage\":\"en-US\",\"@id\":\"https:\/\/sulin.ee\/en\/toode\/b-box-puhastusharjade-komplekt\/#primaryimage\",\"url\":\"https:\/\/sulin.ee\/wp-content\/uploads\/2024\/04\/Piltide-korrektuurid-kodulehel-56.png\",\"contentUrl\":\"https:\/\/sulin.ee\/wp-content\/uploads\/2024\/04\/Piltide-korrektuurid-kodulehel-56.png\",\"width\":1080,\"height\":1080,\"caption\":\"b.box puhastusharjade komplekt\"},{\"@type\":\"BreadcrumbList\",\"@id\":\"https:\/\/sulin.ee\/en\/toode\/b-box-puhastusharjade-komplekt\/#breadcrumb\",\"itemListElement\":[{\"@type\":\"ListItem\",\"position\":1,\"name\":\"Home\",\"item\":\"https:\/\/sulin.ee\/en\/\"},{\"@type\":\"ListItem\",\"position\":2,\"name\":\"Sulin.ee e-pood\",\"item\":\"https:\/\/sulin.ee\/shop\/\"},{\"@type\":\"ListItem\",\"position\":3,\"name\":\"b.box puhastusharjade komplekt\"}]},{\"@type\":\"WebSite\",\"@id\":\"https:\/\/sulin.ee\/en\/#website\",\"url\":\"https:\/\/sulin.ee\/en\/\",\"name\":\"sulin.ee\",\"description\":\"\",\"publisher\":{\"@id\":\"https:\/\/sulin.ee\/en\/#organization\"},\"potentialAction\":[{\"@type\":\"SearchAction\",\"target\":{\"@type\":\"EntryPoint\",\"urlTemplate\":\"https:\/\/sulin.ee\/en\/?s={search_term_string}\"},\"query-input\":{\"@type\":\"PropertyValueSpecification\",\"valueRequired\":true,\"valueName\":\"search_term_string\"}}],\"inLanguage\":\"en-US\"},{\"@type\":\"Organization\",\"@id\":\"https:\/\/sulin.ee\/en\/#organization\",\"name\":\"SULIN TRADE O\u00dc\",\"url\":\"https:\/\/sulin.ee\/en\/\",\"logo\":{\"@type\":\"ImageObject\",\"inLanguage\":\"en-US\",\"@id\":\"https:\/\/sulin.ee\/en\/#\/schema\/logo\/image\/\",\"url\":\"https:\/\/sulin.ee\/wp-content\/uploads\/2022\/11\/sulin-logo.png\",\"contentUrl\":\"https:\/\/sulin.ee\/wp-content\/uploads\/2022\/11\/sulin-logo.png\",\"width\":871,\"height\":321,\"caption\":\"SULIN TRADE O\u00dc\"},\"image\":{\"@id\":\"https:\/\/sulin.ee\/en\/#\/schema\/logo\/image\/\"},\"sameAs\":[\"https:\/\/www.facebook.com\/www.sulin.ee\/\",\"https:\/\/www.instagram.com\/sulintrade\/\"]}]}<\/script>\n<!-- \/ Yoast SEO plugin. -->","yoast_head_json":{"title":"b.box puhastusharjade komplekt - sulin.ee","robots":{"index":"index","follow":"follow","max-snippet":"max-snippet:-1","max-image-preview":"max-image-preview:large","max-video-preview":"max-video-preview:-1"},"canonical":"https:\/\/sulin.ee\/en\/toode\/b-box-puhastusharjade-komplekt\/","og_locale":"en_US","og_type":"article","og_title":"b.box puhastusharjade komplekt - sulin.ee","og_description":"b.box puhastusharjade komplekt on praktiline abivahend beebipudelite, joogik\u00f5rte, ja laste joogipudelite puhastamiseks. Komplekt koosneb viiest erinevast k\u00e4epidemega harjakesest, mis on r\u00f5nga k\u00fclge kinnitatud ja h\u00f5lpsasti sealt lahti v\u00f5etavad. Harjakesed sobivad h\u00e4sti k\u00f5rte ja joogipudelite puhastamiseks. K\u00e4ep\u00e4rane v\u00e4ike komplekt sobib kasutada nii kodus kui lapsega kodust v\u00e4ljas liikudes. Toode on ftalaatide- , PVC- ja BPA- vabadest [&hellip;]","og_url":"https:\/\/sulin.ee\/en\/toode\/b-box-puhastusharjade-komplekt\/","og_site_name":"sulin.ee","article_publisher":"https:\/\/www.facebook.com\/www.sulin.ee\/","article_modified_time":"2026-03-09T06:22:06+00:00","og_image":[{"width":1080,"height":1080,"url":"https:\/\/sulin.ee\/wp-content\/uploads\/2024\/04\/Piltide-korrektuurid-kodulehel-56.png","type":"image\/png"}],"twitter_card":"summary_large_image","twitter_misc":{"Est. reading time":"1 minute"},"schema":{"@context":"https:\/\/schema.org","@graph":[{"@type":"WebPage","@id":"https:\/\/sulin.ee\/en\/toode\/b-box-puhastusharjade-komplekt\/","url":"https:\/\/sulin.ee\/en\/toode\/b-box-puhastusharjade-komplekt\/","name":"b.box puhastusharjade komplekt - sulin.ee","isPartOf":{"@id":"https:\/\/sulin.ee\/en\/#website"},"primaryImageOfPage":{"@id":"https:\/\/sulin.ee\/en\/toode\/b-box-puhastusharjade-komplekt\/#primaryimage"},"image":{"@id":"https:\/\/sulin.ee\/en\/toode\/b-box-puhastusharjade-komplekt\/#primaryimage"},"thumbnailUrl":"https:\/\/sulin.ee\/wp-content\/uploads\/2024\/04\/Piltide-korrektuurid-kodulehel-56.png","datePublished":"2024-12-14T08:58:34+00:00","dateModified":"2026-03-09T06:22:06+00:00","breadcrumb":{"@id":"https:\/\/sulin.ee\/en\/toode\/b-box-puhastusharjade-komplekt\/#breadcrumb"},"inLanguage":"en-US","potentialAction":[{"@type":"ReadAction","target":["https:\/\/sulin.ee\/en\/toode\/b-box-puhastusharjade-komplekt\/"]}]},{"@type":"ImageObject","inLanguage":"en-US","@id":"https:\/\/sulin.ee\/en\/toode\/b-box-puhastusharjade-komplekt\/#primaryimage","url":"https:\/\/sulin.ee\/wp-content\/uploads\/2024\/04\/Piltide-korrektuurid-kodulehel-56.png","contentUrl":"https:\/\/sulin.ee\/wp-content\/uploads\/2024\/04\/Piltide-korrektuurid-kodulehel-56.png","width":1080,"height":1080,"caption":"b.box puhastusharjade komplekt"},{"@type":"BreadcrumbList","@id":"https:\/\/sulin.ee\/en\/toode\/b-box-puhastusharjade-komplekt\/#breadcrumb","itemListElement":[{"@type":"ListItem","position":1,"name":"Home","item":"https:\/\/sulin.ee\/en\/"},{"@type":"ListItem","position":2,"name":"Sulin.ee e-pood","item":"https:\/\/sulin.ee\/shop\/"},{"@type":"ListItem","position":3,"name":"b.box puhastusharjade komplekt"}]},{"@type":"WebSite","@id":"https:\/\/sulin.ee\/en\/#website","url":"https:\/\/sulin.ee\/en\/","name":"sulin.ee","description":"","publisher":{"@id":"https:\/\/sulin.ee\/en\/#organization"},"potentialAction":[{"@type":"SearchAction","target":{"@type":"EntryPoint","urlTemplate":"https:\/\/sulin.ee\/en\/?s={search_term_string}"},"query-input":{"@type":"PropertyValueSpecification","valueRequired":true,"valueName":"search_term_string"}}],"inLanguage":"en-US"},{"@type":"Organization","@id":"https:\/\/sulin.ee\/en\/#organization","name":"SULIN TRADE O\u00dc","url":"https:\/\/sulin.ee\/en\/","logo":{"@type":"ImageObject","inLanguage":"en-US","@id":"https:\/\/sulin.ee\/en\/#\/schema\/logo\/image\/","url":"https:\/\/sulin.ee\/wp-content\/uploads\/2022\/11\/sulin-logo.png","contentUrl":"https:\/\/sulin.ee\/wp-content\/uploads\/2022\/11\/sulin-logo.png","width":871,"height":321,"caption":"SULIN TRADE O\u00dc"},"image":{"@id":"https:\/\/sulin.ee\/en\/#\/schema\/logo\/image\/"},"sameAs":["https:\/\/www.facebook.com\/www.sulin.ee\/","https:\/\/www.instagram.com\/sulintrade\/"]}]}},"builder_content":"","_links":{"self":[{"href":"https:\/\/sulin.ee\/en\/wp-json\/wp\/v2\/product\/29139","targetHints":{"allow":["GET"]}}],"collection":[{"href":"https:\/\/sulin.ee\/en\/wp-json\/wp\/v2\/product"}],"about":[{"href":"https:\/\/sulin.ee\/en\/wp-json\/wp\/v2\/types\/product"}],"replies":[{"embeddable":true,"href":"https:\/\/sulin.ee\/en\/wp-json\/wp\/v2\/comments?post=29139"}],"wp:featuredmedia":[{"embeddable":true,"href":"https:\/\/sulin.ee\/en\/wp-json\/wp\/v2\/media\/18906"}],"wp:attachment":[{"href":"https:\/\/sulin.ee\/en\/wp-json\/wp\/v2\/media?parent=29139"}],"wp:term":[{"taxonomy":"product_brand","embeddable":true,"href":"https:\/\/sulin.ee\/en\/wp-json\/wp\/v2\/product_brand?post=29139"},{"taxonomy":"product_cat","embeddable":true,"href":"https:\/\/sulin.ee\/en\/wp-json\/wp\/v2\/product_cat?post=29139"},{"taxonomy":"product_tag","embeddable":true,"href":"https:\/\/sulin.ee\/en\/wp-json\/wp\/v2\/product_tag?post=29139"}],"curies":[{"name":"wp","href":"https:\/\/api.w.org\/{rel}","templated":true}]}}