{"id":29103,"date":"2024-12-14T08:57:05","date_gmt":"2024-12-14T08:57:05","guid":{"rendered":"https:\/\/sulin.ee\/?post_type=product&#038;p=29103"},"modified":"2025-09-07T21:45:33","modified_gmt":"2025-09-07T21:45:33","slug":"jollein-saasevork-turvahallile","status":"publish","type":"product","link":"https:\/\/sulin.ee\/en\/toode\/jollein-saasevork-turvahallile\/","title":{"rendered":"Jollein s\u00e4\u00e4sev\u00f5rk turvah\u00e4llile"},"content":{"rendered":"<p><strong>Jollein s\u00e4\u00e4sev\u00f5rk turvah\u00e4llile<\/strong> <strong>on praktiline abivahend s\u00e4\u00e4skede ja muude putukate eemale hoidmiseks turvah\u00e4llist.<\/strong><\/p>\n<p>S\u00e4\u00e4sev\u00f5rk kaitseb teie last s\u00e4\u00e4skede, mesilaste, herilaste ja muude putukate eest. V\u00f5rk v\u00f5imaldab lapsel segamatult olla ning teie ei pea muretsema, et m\u00f5ni t\u00fc\u00fctu putukas last segaks v\u00f5i n\u00f5elaks.<\/p>\n<p>V\u00f5rk laseb \u00f5hku l\u00e4bi ning ei muuda h\u00e4lli umbseks. V\u00f5rk sobib igale standartsele turvah\u00e4llile, mis on m\u00f5eldud lastele 0-9 kuud.<\/p>\n<p>V\u00f5rk on valmistatud 100% pol\u00fcestrist.<\/p>\n<p><strong>M\u00f5\u00f5dud:<\/strong> 55 x 56 cm.<\/p>\n<p>Kui otsid s\u00e4\u00e4sev\u00f5rku vankrile vaata <a href=\"https:\/\/sulin.ee\/toode\/jollein-saasevork-beebivankrile\/\" target=\"_blank\" rel=\"noopener\">siia.<\/a><\/p>\n","protected":false},"excerpt":{"rendered":"<p><strong>Praktiline abivahend s\u00e4\u00e4skede ja muude putukate eemale hoidmiseks turvah\u00e4llist.<\/strong><\/p>\n<p><strong>V\u00f5rk sobib igale standartsele turvah\u00e4llile, mis on m\u00f5eldud lastele 0-9 kuud.<\/strong><\/p>\n","protected":false},"featured_media":18347,"comment_status":"open","ping_status":"closed","template":"","meta":[],"product_brand":[],"product_cat":[1029,776],"product_tag":[],"class_list":{"0":"post-29103","1":"product","2":"type-product","3":"status-publish","4":"has-post-thumbnail","6":"product_cat-saasevorgud-vankrisse","7":"product_cat-jollein-2","8":"has-post-title","9":"has-post-date","10":"has-post-category","11":"has-post-tag","12":"has-post-comment","13":"has-post-author","14":"","16":"first","17":"instock","18":"sale","19":"taxable","20":"shipping-taxable","21":"purchasable","22":"product-type-simple"},"yoast_head":"<!-- This site is optimized with the Yoast SEO plugin v26.8 - https:\/\/yoast.com\/product\/yoast-seo-wordpress\/ -->\n<title>Jollein s\u00e4\u00e4sev\u00f5rk turvah\u00e4llile - sulin.ee<\/title>\n<meta name=\"description\" content=\"Jollein s\u00e4\u00e4sev\u00f5rk turvah\u00e4llile on praktiline abivahend s\u00e4\u00e4skede ja muude putukate eemale hoidmiseks turvah\u00e4llist.\" \/>\n<meta name=\"robots\" content=\"index, follow, max-snippet:-1, max-image-preview:large, max-video-preview:-1\" \/>\n<link rel=\"canonical\" href=\"https:\/\/sulin.ee\/en\/toode\/jollein-saasevork-turvahallile\/\" \/>\n<meta property=\"og:locale\" content=\"en_US\" \/>\n<meta property=\"og:type\" content=\"article\" \/>\n<meta property=\"og:title\" content=\"Jollein s\u00e4\u00e4sev\u00f5rk turvah\u00e4llile - sulin.ee\" \/>\n<meta property=\"og:description\" content=\"Jollein s\u00e4\u00e4sev\u00f5rk turvah\u00e4llile on praktiline abivahend s\u00e4\u00e4skede ja muude putukate eemale hoidmiseks turvah\u00e4llist.\" \/>\n<meta property=\"og:url\" content=\"https:\/\/sulin.ee\/en\/toode\/jollein-saasevork-turvahallile\/\" \/>\n<meta property=\"og:site_name\" content=\"sulin.ee\" \/>\n<meta property=\"article:publisher\" content=\"https:\/\/www.facebook.com\/www.sulin.ee\/\" \/>\n<meta property=\"article:modified_time\" content=\"2025-09-07T21:45:33+00:00\" \/>\n<meta property=\"og:image\" content=\"https:\/\/sulin.ee\/wp-content\/uploads\/2024\/04\/Piltide-korrektuurid-kodulehel-5.png\" \/>\n\t<meta property=\"og:image:width\" content=\"1080\" \/>\n\t<meta property=\"og:image:height\" content=\"1080\" \/>\n\t<meta property=\"og:image:type\" content=\"image\/png\" \/>\n<meta name=\"twitter:card\" content=\"summary_large_image\" \/>\n<meta name=\"twitter:label1\" content=\"Est. reading time\" \/>\n\t<meta name=\"twitter:data1\" content=\"1 minute\" \/>\n<script type=\"application\/ld+json\" class=\"yoast-schema-graph\">{\"@context\":\"https:\/\/schema.org\",\"@graph\":[{\"@type\":\"WebPage\",\"@id\":\"https:\/\/sulin.ee\/en\/toode\/jollein-saasevork-turvahallile\/\",\"url\":\"https:\/\/sulin.ee\/en\/toode\/jollein-saasevork-turvahallile\/\",\"name\":\"Jollein s\u00e4\u00e4sev\u00f5rk turvah\u00e4llile - sulin.ee\",\"isPartOf\":{\"@id\":\"https:\/\/sulin.ee\/en\/#website\"},\"primaryImageOfPage\":{\"@id\":\"https:\/\/sulin.ee\/en\/toode\/jollein-saasevork-turvahallile\/#primaryimage\"},\"image\":{\"@id\":\"https:\/\/sulin.ee\/en\/toode\/jollein-saasevork-turvahallile\/#primaryimage\"},\"thumbnailUrl\":\"https:\/\/sulin.ee\/wp-content\/uploads\/2024\/04\/Piltide-korrektuurid-kodulehel-5.png\",\"datePublished\":\"2024-12-14T08:57:05+00:00\",\"dateModified\":\"2025-09-07T21:45:33+00:00\",\"description\":\"Jollein s\u00e4\u00e4sev\u00f5rk turvah\u00e4llile on praktiline abivahend s\u00e4\u00e4skede ja muude putukate eemale hoidmiseks turvah\u00e4llist.\",\"breadcrumb\":{\"@id\":\"https:\/\/sulin.ee\/en\/toode\/jollein-saasevork-turvahallile\/#breadcrumb\"},\"inLanguage\":\"en-US\",\"potentialAction\":[{\"@type\":\"ReadAction\",\"target\":[\"https:\/\/sulin.ee\/en\/toode\/jollein-saasevork-turvahallile\/\"]}]},{\"@type\":\"ImageObject\",\"inLanguage\":\"en-US\",\"@id\":\"https:\/\/sulin.ee\/en\/toode\/jollein-saasevork-turvahallile\/#primaryimage\",\"url\":\"https:\/\/sulin.ee\/wp-content\/uploads\/2024\/04\/Piltide-korrektuurid-kodulehel-5.png\",\"contentUrl\":\"https:\/\/sulin.ee\/wp-content\/uploads\/2024\/04\/Piltide-korrektuurid-kodulehel-5.png\",\"width\":1080,\"height\":1080,\"caption\":\"Jollein s\u00e4\u00e4sev\u00f5rk turvah\u00e4llile\"},{\"@type\":\"BreadcrumbList\",\"@id\":\"https:\/\/sulin.ee\/en\/toode\/jollein-saasevork-turvahallile\/#breadcrumb\",\"itemListElement\":[{\"@type\":\"ListItem\",\"position\":1,\"name\":\"Home\",\"item\":\"https:\/\/sulin.ee\/en\/\"},{\"@type\":\"ListItem\",\"position\":2,\"name\":\"Sulin.ee e-pood\",\"item\":\"https:\/\/sulin.ee\/shop\/\"},{\"@type\":\"ListItem\",\"position\":3,\"name\":\"Jollein s\u00e4\u00e4sev\u00f5rk turvah\u00e4llile\"}]},{\"@type\":\"WebSite\",\"@id\":\"https:\/\/sulin.ee\/en\/#website\",\"url\":\"https:\/\/sulin.ee\/en\/\",\"name\":\"sulin.ee\",\"description\":\"\",\"publisher\":{\"@id\":\"https:\/\/sulin.ee\/en\/#organization\"},\"potentialAction\":[{\"@type\":\"SearchAction\",\"target\":{\"@type\":\"EntryPoint\",\"urlTemplate\":\"https:\/\/sulin.ee\/en\/?s={search_term_string}\"},\"query-input\":{\"@type\":\"PropertyValueSpecification\",\"valueRequired\":true,\"valueName\":\"search_term_string\"}}],\"inLanguage\":\"en-US\"},{\"@type\":\"Organization\",\"@id\":\"https:\/\/sulin.ee\/en\/#organization\",\"name\":\"SULIN TRADE O\u00dc\",\"url\":\"https:\/\/sulin.ee\/en\/\",\"logo\":{\"@type\":\"ImageObject\",\"inLanguage\":\"en-US\",\"@id\":\"https:\/\/sulin.ee\/en\/#\/schema\/logo\/image\/\",\"url\":\"https:\/\/sulin.ee\/wp-content\/uploads\/2022\/11\/sulin-logo.png\",\"contentUrl\":\"https:\/\/sulin.ee\/wp-content\/uploads\/2022\/11\/sulin-logo.png\",\"width\":871,\"height\":321,\"caption\":\"SULIN TRADE O\u00dc\"},\"image\":{\"@id\":\"https:\/\/sulin.ee\/en\/#\/schema\/logo\/image\/\"},\"sameAs\":[\"https:\/\/www.facebook.com\/www.sulin.ee\/\",\"https:\/\/www.instagram.com\/sulintrade\/\"]}]}<\/script>\n<!-- \/ Yoast SEO plugin. -->","yoast_head_json":{"title":"Jollein s\u00e4\u00e4sev\u00f5rk turvah\u00e4llile - sulin.ee","description":"Jollein s\u00e4\u00e4sev\u00f5rk turvah\u00e4llile on praktiline abivahend s\u00e4\u00e4skede ja muude putukate eemale hoidmiseks turvah\u00e4llist.","robots":{"index":"index","follow":"follow","max-snippet":"max-snippet:-1","max-image-preview":"max-image-preview:large","max-video-preview":"max-video-preview:-1"},"canonical":"https:\/\/sulin.ee\/en\/toode\/jollein-saasevork-turvahallile\/","og_locale":"en_US","og_type":"article","og_title":"Jollein s\u00e4\u00e4sev\u00f5rk turvah\u00e4llile - sulin.ee","og_description":"Jollein s\u00e4\u00e4sev\u00f5rk turvah\u00e4llile on praktiline abivahend s\u00e4\u00e4skede ja muude putukate eemale hoidmiseks turvah\u00e4llist.","og_url":"https:\/\/sulin.ee\/en\/toode\/jollein-saasevork-turvahallile\/","og_site_name":"sulin.ee","article_publisher":"https:\/\/www.facebook.com\/www.sulin.ee\/","article_modified_time":"2025-09-07T21:45:33+00:00","og_image":[{"width":1080,"height":1080,"url":"https:\/\/sulin.ee\/wp-content\/uploads\/2024\/04\/Piltide-korrektuurid-kodulehel-5.png","type":"image\/png"}],"twitter_card":"summary_large_image","twitter_misc":{"Est. reading time":"1 minute"},"schema":{"@context":"https:\/\/schema.org","@graph":[{"@type":"WebPage","@id":"https:\/\/sulin.ee\/en\/toode\/jollein-saasevork-turvahallile\/","url":"https:\/\/sulin.ee\/en\/toode\/jollein-saasevork-turvahallile\/","name":"Jollein s\u00e4\u00e4sev\u00f5rk turvah\u00e4llile - sulin.ee","isPartOf":{"@id":"https:\/\/sulin.ee\/en\/#website"},"primaryImageOfPage":{"@id":"https:\/\/sulin.ee\/en\/toode\/jollein-saasevork-turvahallile\/#primaryimage"},"image":{"@id":"https:\/\/sulin.ee\/en\/toode\/jollein-saasevork-turvahallile\/#primaryimage"},"thumbnailUrl":"https:\/\/sulin.ee\/wp-content\/uploads\/2024\/04\/Piltide-korrektuurid-kodulehel-5.png","datePublished":"2024-12-14T08:57:05+00:00","dateModified":"2025-09-07T21:45:33+00:00","description":"Jollein s\u00e4\u00e4sev\u00f5rk turvah\u00e4llile on praktiline abivahend s\u00e4\u00e4skede ja muude putukate eemale hoidmiseks turvah\u00e4llist.","breadcrumb":{"@id":"https:\/\/sulin.ee\/en\/toode\/jollein-saasevork-turvahallile\/#breadcrumb"},"inLanguage":"en-US","potentialAction":[{"@type":"ReadAction","target":["https:\/\/sulin.ee\/en\/toode\/jollein-saasevork-turvahallile\/"]}]},{"@type":"ImageObject","inLanguage":"en-US","@id":"https:\/\/sulin.ee\/en\/toode\/jollein-saasevork-turvahallile\/#primaryimage","url":"https:\/\/sulin.ee\/wp-content\/uploads\/2024\/04\/Piltide-korrektuurid-kodulehel-5.png","contentUrl":"https:\/\/sulin.ee\/wp-content\/uploads\/2024\/04\/Piltide-korrektuurid-kodulehel-5.png","width":1080,"height":1080,"caption":"Jollein s\u00e4\u00e4sev\u00f5rk turvah\u00e4llile"},{"@type":"BreadcrumbList","@id":"https:\/\/sulin.ee\/en\/toode\/jollein-saasevork-turvahallile\/#breadcrumb","itemListElement":[{"@type":"ListItem","position":1,"name":"Home","item":"https:\/\/sulin.ee\/en\/"},{"@type":"ListItem","position":2,"name":"Sulin.ee e-pood","item":"https:\/\/sulin.ee\/shop\/"},{"@type":"ListItem","position":3,"name":"Jollein s\u00e4\u00e4sev\u00f5rk turvah\u00e4llile"}]},{"@type":"WebSite","@id":"https:\/\/sulin.ee\/en\/#website","url":"https:\/\/sulin.ee\/en\/","name":"sulin.ee","description":"","publisher":{"@id":"https:\/\/sulin.ee\/en\/#organization"},"potentialAction":[{"@type":"SearchAction","target":{"@type":"EntryPoint","urlTemplate":"https:\/\/sulin.ee\/en\/?s={search_term_string}"},"query-input":{"@type":"PropertyValueSpecification","valueRequired":true,"valueName":"search_term_string"}}],"inLanguage":"en-US"},{"@type":"Organization","@id":"https:\/\/sulin.ee\/en\/#organization","name":"SULIN TRADE O\u00dc","url":"https:\/\/sulin.ee\/en\/","logo":{"@type":"ImageObject","inLanguage":"en-US","@id":"https:\/\/sulin.ee\/en\/#\/schema\/logo\/image\/","url":"https:\/\/sulin.ee\/wp-content\/uploads\/2022\/11\/sulin-logo.png","contentUrl":"https:\/\/sulin.ee\/wp-content\/uploads\/2022\/11\/sulin-logo.png","width":871,"height":321,"caption":"SULIN TRADE O\u00dc"},"image":{"@id":"https:\/\/sulin.ee\/en\/#\/schema\/logo\/image\/"},"sameAs":["https:\/\/www.facebook.com\/www.sulin.ee\/","https:\/\/www.instagram.com\/sulintrade\/"]}]}},"builder_content":"","_links":{"self":[{"href":"https:\/\/sulin.ee\/en\/wp-json\/wp\/v2\/product\/29103","targetHints":{"allow":["GET"]}}],"collection":[{"href":"https:\/\/sulin.ee\/en\/wp-json\/wp\/v2\/product"}],"about":[{"href":"https:\/\/sulin.ee\/en\/wp-json\/wp\/v2\/types\/product"}],"replies":[{"embeddable":true,"href":"https:\/\/sulin.ee\/en\/wp-json\/wp\/v2\/comments?post=29103"}],"wp:featuredmedia":[{"embeddable":true,"href":"https:\/\/sulin.ee\/en\/wp-json\/wp\/v2\/media\/18347"}],"wp:attachment":[{"href":"https:\/\/sulin.ee\/en\/wp-json\/wp\/v2\/media?parent=29103"}],"wp:term":[{"taxonomy":"product_brand","embeddable":true,"href":"https:\/\/sulin.ee\/en\/wp-json\/wp\/v2\/product_brand?post=29103"},{"taxonomy":"product_cat","embeddable":true,"href":"https:\/\/sulin.ee\/en\/wp-json\/wp\/v2\/product_cat?post=29103"},{"taxonomy":"product_tag","embeddable":true,"href":"https:\/\/sulin.ee\/en\/wp-json\/wp\/v2\/product_tag?post=29103"}],"curies":[{"name":"wp","href":"https:\/\/api.w.org\/{rel}","templated":true}]}}