{"id":29097,"date":"2024-12-14T08:56:05","date_gmt":"2024-12-14T08:56:05","guid":{"rendered":"https:\/\/sulin.ee\/?post_type=product&#038;p=29097"},"modified":"2025-09-07T21:37:42","modified_gmt":"2025-09-07T21:37:42","slug":"puidust-kaal-mangupoodi","status":"publish","type":"product","link":"https:\/\/sulin.ee\/en\/toode\/puidust-kaal-mangupoodi\/","title":{"rendered":"Puidust kaal m\u00e4ngupoodi"},"content":{"rendered":"<p><strong>Puidust kaal m\u00e4ngupoodi, mis pakub r\u00f5\u00f5mu ja on iga v\u00e4ikese kaupmehe unistus! Ideaalne m\u00e4nguvahend, mis sobib suurep\u00e4raselt nii toidupoe letile kui ka turu riiulile. See kaal on kujundatud spetsiaalselt laste jaoks, et nad saaksid m\u00e4ngida ja samal ajal \u00f5ppida. Nelja erineva raskusega kaalu ja kahe libiseva vastukaalu abil saavad noored kauplejad lihtsalt m\u00e4\u00e4rata toodete kogukaalu ning harjutada tasakaalu hoidmist.<\/strong><\/p>\n<p>See kaal ei ole ainult kasulik abivahend, vaid ka p\u00f5nev \u00f5ppevahend, mis aitab lapsel l\u00e4bi m\u00e4ngu kaalu ja tasakaalu m\u00f5istet tundma \u00f5ppida. Samuti on see suurep\u00e4rane vahend sotsiaalsete oskuste treenimiseks, kuna laps saab sellega kliente teenindada ja sukelduda p\u00f5nevatesse rollim\u00e4ngudesse.<\/p>\n<p>Lisades selle kaalu oma m\u00e4ngupoodi, avaneb lapsel v\u00f5imalus kehastuda v\u00e4ikeseks m\u00fc\u00fcjaks ning arendades m\u00e4ngu kaudu olulisi oskusi. See kaal ei ole lihtsalt m\u00e4nguasi, vaid l\u00f5bus ja kaasahaarav \u00f5ppimisvahend, mis toob naeru ja \u00f5petlikke hetki igasse m\u00e4ngu.<\/p>\n<p>Kogu varustuse m\u00e4ngupoe avamiseks leiad <a href=\"https:\/\/sulin.ee\/tootekategooria\/lapsele\/mangimine\/rollimangud\/poemang\/\" target=\"_blank\" rel=\"noopener\">siit<\/a>.<\/p>\n<p><strong>Komplekti kuuluvad:<\/strong> Puidust kaal ja neli erinevat raskust.<\/p>\n<p><strong>M\u00f5\u00f5dud:<\/strong> 31 x 9 x 31 cm.<\/p>\n<p><strong>Soovitatav vanus: <\/strong>3+ eluaastat.<\/p>\n","protected":false},"excerpt":{"rendered":"<p><strong>Puidust kaal m\u00e4ngupoodi on iga v\u00e4ikese kaupmehe unistus! <\/strong><strong>Nelja erineva raskusega kaalu ja kahe libiseva vastukaalu abil saavad noored kauplejad lihtsalt m\u00e4\u00e4rata toodete kogukaalu ning l\u00e4bi m\u00e4ngu \u00f5ppida tundma kaalu ja tasakaalu m\u00f5istet.<\/strong><\/p>\n","protected":false},"featured_media":17087,"comment_status":"open","ping_status":"closed","template":"","meta":[],"product_brand":[],"product_cat":[1162,1165,1012,1006],"product_tag":[],"class_list":{"0":"post-29097","1":"product","2":"type-product","3":"status-publish","4":"has-post-thumbnail","6":"product_cat-kingituseks","7":"product_cat-3-5-aastat","8":"product_cat-poemang","9":"product_cat-small-foot","10":"has-post-title","11":"has-post-date","12":"has-post-category","13":"has-post-tag","14":"has-post-comment","15":"has-post-author","16":"","18":"first","19":"instock","20":"sale","21":"taxable","22":"shipping-taxable","23":"purchasable","24":"product-type-simple"},"yoast_head":"<!-- This site is optimized with the Yoast SEO plugin v26.8 - https:\/\/yoast.com\/product\/yoast-seo-wordpress\/ -->\n<title>Puidust kaal m\u00e4ngupoodi - sulin.ee<\/title>\n<meta name=\"description\" content=\"Puidust kaal m\u00e4ngupoodi, mis pakub r\u00f5\u00f5mu ja on iga v\u00e4ikese kaupmehe unistus! Ideaalne m\u00e4nguvahend, mis sobib suurep\u00e4raselt nii toidupoe letile.\" \/>\n<meta name=\"robots\" content=\"index, follow, max-snippet:-1, max-image-preview:large, max-video-preview:-1\" \/>\n<link rel=\"canonical\" href=\"https:\/\/sulin.ee\/en\/toode\/puidust-kaal-mangupoodi\/\" \/>\n<meta property=\"og:locale\" content=\"en_US\" \/>\n<meta property=\"og:type\" content=\"article\" \/>\n<meta property=\"og:title\" content=\"Puidust kaal m\u00e4ngupoodi - sulin.ee\" \/>\n<meta property=\"og:description\" content=\"Puidust kaal m\u00e4ngupoodi, mis pakub r\u00f5\u00f5mu ja on iga v\u00e4ikese kaupmehe unistus! Ideaalne m\u00e4nguvahend, mis sobib suurep\u00e4raselt nii toidupoe letile.\" \/>\n<meta property=\"og:url\" content=\"https:\/\/sulin.ee\/en\/toode\/puidust-kaal-mangupoodi\/\" \/>\n<meta property=\"og:site_name\" content=\"sulin.ee\" \/>\n<meta property=\"article:publisher\" content=\"https:\/\/www.facebook.com\/www.sulin.ee\/\" \/>\n<meta property=\"article:modified_time\" content=\"2025-09-07T21:37:42+00:00\" \/>\n<meta property=\"og:image\" content=\"https:\/\/sulin.ee\/wp-content\/uploads\/2024\/02\/Puidust-kaal-mangupoodi.png\" \/>\n\t<meta property=\"og:image:width\" content=\"1080\" \/>\n\t<meta property=\"og:image:height\" content=\"1080\" \/>\n\t<meta property=\"og:image:type\" content=\"image\/png\" \/>\n<meta name=\"twitter:card\" content=\"summary_large_image\" \/>\n<meta name=\"twitter:label1\" content=\"Est. reading time\" \/>\n\t<meta name=\"twitter:data1\" content=\"2 minutes\" \/>\n<script type=\"application\/ld+json\" class=\"yoast-schema-graph\">{\"@context\":\"https:\/\/schema.org\",\"@graph\":[{\"@type\":\"WebPage\",\"@id\":\"https:\/\/sulin.ee\/en\/toode\/puidust-kaal-mangupoodi\/\",\"url\":\"https:\/\/sulin.ee\/en\/toode\/puidust-kaal-mangupoodi\/\",\"name\":\"Puidust kaal m\u00e4ngupoodi - sulin.ee\",\"isPartOf\":{\"@id\":\"https:\/\/sulin.ee\/en\/#website\"},\"primaryImageOfPage\":{\"@id\":\"https:\/\/sulin.ee\/en\/toode\/puidust-kaal-mangupoodi\/#primaryimage\"},\"image\":{\"@id\":\"https:\/\/sulin.ee\/en\/toode\/puidust-kaal-mangupoodi\/#primaryimage\"},\"thumbnailUrl\":\"https:\/\/sulin.ee\/wp-content\/uploads\/2024\/02\/Puidust-kaal-mangupoodi.png\",\"datePublished\":\"2024-12-14T08:56:05+00:00\",\"dateModified\":\"2025-09-07T21:37:42+00:00\",\"description\":\"Puidust kaal m\u00e4ngupoodi, mis pakub r\u00f5\u00f5mu ja on iga v\u00e4ikese kaupmehe unistus! Ideaalne m\u00e4nguvahend, mis sobib suurep\u00e4raselt nii toidupoe letile.\",\"breadcrumb\":{\"@id\":\"https:\/\/sulin.ee\/en\/toode\/puidust-kaal-mangupoodi\/#breadcrumb\"},\"inLanguage\":\"en-US\",\"potentialAction\":[{\"@type\":\"ReadAction\",\"target\":[\"https:\/\/sulin.ee\/en\/toode\/puidust-kaal-mangupoodi\/\"]}]},{\"@type\":\"ImageObject\",\"inLanguage\":\"en-US\",\"@id\":\"https:\/\/sulin.ee\/en\/toode\/puidust-kaal-mangupoodi\/#primaryimage\",\"url\":\"https:\/\/sulin.ee\/wp-content\/uploads\/2024\/02\/Puidust-kaal-mangupoodi.png\",\"contentUrl\":\"https:\/\/sulin.ee\/wp-content\/uploads\/2024\/02\/Puidust-kaal-mangupoodi.png\",\"width\":1080,\"height\":1080,\"caption\":\"Puidust kaal\"},{\"@type\":\"BreadcrumbList\",\"@id\":\"https:\/\/sulin.ee\/en\/toode\/puidust-kaal-mangupoodi\/#breadcrumb\",\"itemListElement\":[{\"@type\":\"ListItem\",\"position\":1,\"name\":\"Home\",\"item\":\"https:\/\/sulin.ee\/en\/\"},{\"@type\":\"ListItem\",\"position\":2,\"name\":\"Sulin.ee e-pood\",\"item\":\"https:\/\/sulin.ee\/shop\/\"},{\"@type\":\"ListItem\",\"position\":3,\"name\":\"Puidust kaal m\u00e4ngupoodi\"}]},{\"@type\":\"WebSite\",\"@id\":\"https:\/\/sulin.ee\/en\/#website\",\"url\":\"https:\/\/sulin.ee\/en\/\",\"name\":\"sulin.ee\",\"description\":\"\",\"publisher\":{\"@id\":\"https:\/\/sulin.ee\/en\/#organization\"},\"potentialAction\":[{\"@type\":\"SearchAction\",\"target\":{\"@type\":\"EntryPoint\",\"urlTemplate\":\"https:\/\/sulin.ee\/en\/?s={search_term_string}\"},\"query-input\":{\"@type\":\"PropertyValueSpecification\",\"valueRequired\":true,\"valueName\":\"search_term_string\"}}],\"inLanguage\":\"en-US\"},{\"@type\":\"Organization\",\"@id\":\"https:\/\/sulin.ee\/en\/#organization\",\"name\":\"SULIN TRADE O\u00dc\",\"url\":\"https:\/\/sulin.ee\/en\/\",\"logo\":{\"@type\":\"ImageObject\",\"inLanguage\":\"en-US\",\"@id\":\"https:\/\/sulin.ee\/en\/#\/schema\/logo\/image\/\",\"url\":\"https:\/\/sulin.ee\/wp-content\/uploads\/2022\/11\/sulin-logo.png\",\"contentUrl\":\"https:\/\/sulin.ee\/wp-content\/uploads\/2022\/11\/sulin-logo.png\",\"width\":871,\"height\":321,\"caption\":\"SULIN TRADE O\u00dc\"},\"image\":{\"@id\":\"https:\/\/sulin.ee\/en\/#\/schema\/logo\/image\/\"},\"sameAs\":[\"https:\/\/www.facebook.com\/www.sulin.ee\/\",\"https:\/\/www.instagram.com\/sulintrade\/\"]}]}<\/script>\n<!-- \/ Yoast SEO plugin. -->","yoast_head_json":{"title":"Puidust kaal m\u00e4ngupoodi - sulin.ee","description":"Puidust kaal m\u00e4ngupoodi, mis pakub r\u00f5\u00f5mu ja on iga v\u00e4ikese kaupmehe unistus! Ideaalne m\u00e4nguvahend, mis sobib suurep\u00e4raselt nii toidupoe letile.","robots":{"index":"index","follow":"follow","max-snippet":"max-snippet:-1","max-image-preview":"max-image-preview:large","max-video-preview":"max-video-preview:-1"},"canonical":"https:\/\/sulin.ee\/en\/toode\/puidust-kaal-mangupoodi\/","og_locale":"en_US","og_type":"article","og_title":"Puidust kaal m\u00e4ngupoodi - sulin.ee","og_description":"Puidust kaal m\u00e4ngupoodi, mis pakub r\u00f5\u00f5mu ja on iga v\u00e4ikese kaupmehe unistus! Ideaalne m\u00e4nguvahend, mis sobib suurep\u00e4raselt nii toidupoe letile.","og_url":"https:\/\/sulin.ee\/en\/toode\/puidust-kaal-mangupoodi\/","og_site_name":"sulin.ee","article_publisher":"https:\/\/www.facebook.com\/www.sulin.ee\/","article_modified_time":"2025-09-07T21:37:42+00:00","og_image":[{"width":1080,"height":1080,"url":"https:\/\/sulin.ee\/wp-content\/uploads\/2024\/02\/Puidust-kaal-mangupoodi.png","type":"image\/png"}],"twitter_card":"summary_large_image","twitter_misc":{"Est. reading time":"2 minutes"},"schema":{"@context":"https:\/\/schema.org","@graph":[{"@type":"WebPage","@id":"https:\/\/sulin.ee\/en\/toode\/puidust-kaal-mangupoodi\/","url":"https:\/\/sulin.ee\/en\/toode\/puidust-kaal-mangupoodi\/","name":"Puidust kaal m\u00e4ngupoodi - sulin.ee","isPartOf":{"@id":"https:\/\/sulin.ee\/en\/#website"},"primaryImageOfPage":{"@id":"https:\/\/sulin.ee\/en\/toode\/puidust-kaal-mangupoodi\/#primaryimage"},"image":{"@id":"https:\/\/sulin.ee\/en\/toode\/puidust-kaal-mangupoodi\/#primaryimage"},"thumbnailUrl":"https:\/\/sulin.ee\/wp-content\/uploads\/2024\/02\/Puidust-kaal-mangupoodi.png","datePublished":"2024-12-14T08:56:05+00:00","dateModified":"2025-09-07T21:37:42+00:00","description":"Puidust kaal m\u00e4ngupoodi, mis pakub r\u00f5\u00f5mu ja on iga v\u00e4ikese kaupmehe unistus! Ideaalne m\u00e4nguvahend, mis sobib suurep\u00e4raselt nii toidupoe letile.","breadcrumb":{"@id":"https:\/\/sulin.ee\/en\/toode\/puidust-kaal-mangupoodi\/#breadcrumb"},"inLanguage":"en-US","potentialAction":[{"@type":"ReadAction","target":["https:\/\/sulin.ee\/en\/toode\/puidust-kaal-mangupoodi\/"]}]},{"@type":"ImageObject","inLanguage":"en-US","@id":"https:\/\/sulin.ee\/en\/toode\/puidust-kaal-mangupoodi\/#primaryimage","url":"https:\/\/sulin.ee\/wp-content\/uploads\/2024\/02\/Puidust-kaal-mangupoodi.png","contentUrl":"https:\/\/sulin.ee\/wp-content\/uploads\/2024\/02\/Puidust-kaal-mangupoodi.png","width":1080,"height":1080,"caption":"Puidust kaal"},{"@type":"BreadcrumbList","@id":"https:\/\/sulin.ee\/en\/toode\/puidust-kaal-mangupoodi\/#breadcrumb","itemListElement":[{"@type":"ListItem","position":1,"name":"Home","item":"https:\/\/sulin.ee\/en\/"},{"@type":"ListItem","position":2,"name":"Sulin.ee e-pood","item":"https:\/\/sulin.ee\/shop\/"},{"@type":"ListItem","position":3,"name":"Puidust kaal m\u00e4ngupoodi"}]},{"@type":"WebSite","@id":"https:\/\/sulin.ee\/en\/#website","url":"https:\/\/sulin.ee\/en\/","name":"sulin.ee","description":"","publisher":{"@id":"https:\/\/sulin.ee\/en\/#organization"},"potentialAction":[{"@type":"SearchAction","target":{"@type":"EntryPoint","urlTemplate":"https:\/\/sulin.ee\/en\/?s={search_term_string}"},"query-input":{"@type":"PropertyValueSpecification","valueRequired":true,"valueName":"search_term_string"}}],"inLanguage":"en-US"},{"@type":"Organization","@id":"https:\/\/sulin.ee\/en\/#organization","name":"SULIN TRADE O\u00dc","url":"https:\/\/sulin.ee\/en\/","logo":{"@type":"ImageObject","inLanguage":"en-US","@id":"https:\/\/sulin.ee\/en\/#\/schema\/logo\/image\/","url":"https:\/\/sulin.ee\/wp-content\/uploads\/2022\/11\/sulin-logo.png","contentUrl":"https:\/\/sulin.ee\/wp-content\/uploads\/2022\/11\/sulin-logo.png","width":871,"height":321,"caption":"SULIN TRADE O\u00dc"},"image":{"@id":"https:\/\/sulin.ee\/en\/#\/schema\/logo\/image\/"},"sameAs":["https:\/\/www.facebook.com\/www.sulin.ee\/","https:\/\/www.instagram.com\/sulintrade\/"]}]}},"builder_content":"","_links":{"self":[{"href":"https:\/\/sulin.ee\/en\/wp-json\/wp\/v2\/product\/29097","targetHints":{"allow":["GET"]}}],"collection":[{"href":"https:\/\/sulin.ee\/en\/wp-json\/wp\/v2\/product"}],"about":[{"href":"https:\/\/sulin.ee\/en\/wp-json\/wp\/v2\/types\/product"}],"replies":[{"embeddable":true,"href":"https:\/\/sulin.ee\/en\/wp-json\/wp\/v2\/comments?post=29097"}],"wp:featuredmedia":[{"embeddable":true,"href":"https:\/\/sulin.ee\/en\/wp-json\/wp\/v2\/media\/17087"}],"wp:attachment":[{"href":"https:\/\/sulin.ee\/en\/wp-json\/wp\/v2\/media?parent=29097"}],"wp:term":[{"taxonomy":"product_brand","embeddable":true,"href":"https:\/\/sulin.ee\/en\/wp-json\/wp\/v2\/product_brand?post=29097"},{"taxonomy":"product_cat","embeddable":true,"href":"https:\/\/sulin.ee\/en\/wp-json\/wp\/v2\/product_cat?post=29097"},{"taxonomy":"product_tag","embeddable":true,"href":"https:\/\/sulin.ee\/en\/wp-json\/wp\/v2\/product_tag?post=29097"}],"curies":[{"name":"wp","href":"https:\/\/api.w.org\/{rel}","templated":true}]}}