{"id":29095,"date":"2024-12-14T08:55:56","date_gmt":"2024-12-14T08:55:56","guid":{"rendered":"https:\/\/sulin.ee\/?post_type=product&#038;p=29095"},"modified":"2025-09-07T21:37:50","modified_gmt":"2025-09-07T21:37:50","slug":"pagaritooded-korviga-mangukooki","status":"publish","type":"product","link":"https:\/\/sulin.ee\/en\/toode\/pagaritooded-korviga-mangukooki\/","title":{"rendered":"Pagaritooded korviga m\u00e4nguk\u00f6\u00f6ki"},"content":{"rendered":"<p><strong>Pagaritooded korviga. Hommikus\u00f6\u00f6k on valmis! See kaheteistk\u00fcmnest osast koosnev pagarikomplekt, mis sisaldab leivakorvi ja tangide komplekti, r\u00f5\u00f5mustab v\u00e4ikseid toiduf\u00e4nne realistlike m\u00e4ngusaiakestega. Komplektis on kaks sarvesaia, kaks bagelit, nisusai ja rukkisai, kaks baguette\u2019i ja kaks kringlit \u2013 k\u00f5ik, mida on vaja, et m\u00e4nguk\u00f6\u00f6gis v\u00f5i m\u00e4ngupoes rollim\u00e4nge m\u00e4ngida ja igale \u201ekliendile\u201c lemmikmaiustus pakkuda.<\/strong><\/p>\n<p>See pagarikomplekt v\u00f5imaldab lastel matkida igap\u00e4evaseid olukordi, arendada loovust ja \u00f5ppida motoorseid oskusi, kasutades tange saiatoodete haaramiseks. Realistliku disainiga m\u00e4nguleivad ja saiakesed loovad eriti autentse m\u00e4nguelamuse. Lisaks v\u00f5imaldab rahvusvaheline valik erinevaid saiatooteid lastel avastada ja \u00f5ppida tundma toidukultuuri mitmekesisust.<\/p>\n<p><strong><a href=\"https:\/\/www.small-foot.de\/en\/\" target=\"_blank\" rel=\"noopener\">Small Foot<\/a><\/strong> Komplekt kuulub &#8220;Fresh&#8221; tooteseeriasse, mis keskendub igap\u00e4evase toidukauba realistlikele ja kvaliteetsetele m\u00e4nguasjadele, valmistatud suuresti puidust. Sobib suurep\u00e4raselt m\u00e4ngupoodi ja m\u00e4nguk\u00f6\u00f6ki t\u00e4iendama ning on ideaalne valik lastele alates 3. eluaastast.<\/p>\n<p><strong>Komplekti kuuluvad:<\/strong> 1 leivakorv, 1 tangid, 2 kringlit, 2 baguette\u2019i, 2 bagelit, 2 sarvesaia, 1 nisusai ja 1 rukkisai.<\/p>\n<p>Kui su laps armastab m\u00e4nguk\u00f6\u00f6gis askeldamist, siis uuri ka meie teisi <a href=\"https:\/\/sulin.ee\/tootekategooria\/mangimine\/rollimangud\/koogimanguasjad\/\" target=\"_blank\" rel=\"noopener\">m\u00e4nguk\u00f6\u00f6gi tarvikuid,<\/a> mis lisavad veelgi rohkem l\u00f5bu ja mitmekesisust teie v\u00e4ikese koka m\u00e4ngumaailma!<\/p>\n","protected":false},"excerpt":{"rendered":"<p><strong>Pagaritooded korviga hommikus\u00f6\u00f6giks<\/strong> <strong>sisaldab 12 realistlikku puidust saiakest, leivakorvi ja tange, mis sobivad ideaalselt m\u00e4nguk\u00f6\u00f6ki v\u00f5i m\u00e4ngupoodi. Komplektis on kringlid, baguette\u2019id, bagelid, sarvesaiad ning nisusai ja rukkisai, pakkudes lastele loovat ja arendavat m\u00e4ngulusti alates 3. eluaastast.<\/strong><\/p>\n","protected":false},"featured_media":16988,"comment_status":"open","ping_status":"closed","template":"","meta":[],"product_brand":[],"product_cat":[1162,1165,1011,1012,1006],"product_tag":[],"class_list":{"0":"post-29095","1":"product","2":"type-product","3":"status-publish","4":"has-post-thumbnail","6":"product_cat-kingituseks","7":"product_cat-3-5-aastat","8":"product_cat-koogimanguasjad","9":"product_cat-poemang","10":"product_cat-small-foot","11":"has-post-title","12":"has-post-date","13":"has-post-category","14":"has-post-tag","15":"has-post-comment","16":"has-post-author","17":"","19":"first","20":"instock","21":"sale","22":"taxable","23":"shipping-taxable","24":"purchasable","25":"product-type-simple"},"yoast_head":"<!-- This site is optimized with the Yoast SEO plugin v26.8 - https:\/\/yoast.com\/product\/yoast-seo-wordpress\/ -->\n<title>Pagaritooded korviga m\u00e4nguk\u00f6\u00f6ki - sulin.ee<\/title>\n<meta name=\"description\" content=\"Pagaritooded korviga hommikus\u00f6\u00f6giks sisaldab 12 realistlikku puidust saiakest, leivakorvi ja tange, mis sobivad ideaalselt m\u00e4nguk\u00f6\u00f6ki v\u00f5i m\u00e4ngupoodi.\" \/>\n<meta name=\"robots\" content=\"index, follow, max-snippet:-1, max-image-preview:large, max-video-preview:-1\" \/>\n<link rel=\"canonical\" href=\"https:\/\/sulin.ee\/en\/toode\/pagaritooded-korviga-mangukooki\/\" \/>\n<meta property=\"og:locale\" content=\"en_US\" \/>\n<meta property=\"og:type\" content=\"article\" \/>\n<meta property=\"og:title\" content=\"Pagaritooded korviga m\u00e4nguk\u00f6\u00f6ki - sulin.ee\" \/>\n<meta property=\"og:description\" content=\"Pagaritooded korviga hommikus\u00f6\u00f6giks sisaldab 12 realistlikku puidust saiakest, leivakorvi ja tange, mis sobivad ideaalselt m\u00e4nguk\u00f6\u00f6ki v\u00f5i m\u00e4ngupoodi.\" \/>\n<meta property=\"og:url\" content=\"https:\/\/sulin.ee\/en\/toode\/pagaritooded-korviga-mangukooki\/\" \/>\n<meta property=\"og:site_name\" content=\"sulin.ee\" \/>\n<meta property=\"article:publisher\" content=\"https:\/\/www.facebook.com\/www.sulin.ee\/\" \/>\n<meta property=\"article:modified_time\" content=\"2025-09-07T21:37:50+00:00\" \/>\n<meta property=\"og:image\" content=\"https:\/\/sulin.ee\/wp-content\/uploads\/2024\/02\/Pagaritoodete-korv.png\" \/>\n\t<meta property=\"og:image:width\" content=\"1080\" \/>\n\t<meta property=\"og:image:height\" content=\"1080\" \/>\n\t<meta property=\"og:image:type\" content=\"image\/png\" \/>\n<meta name=\"twitter:card\" content=\"summary_large_image\" \/>\n<meta name=\"twitter:label1\" content=\"Est. reading time\" \/>\n\t<meta name=\"twitter:data1\" content=\"2 minutes\" \/>\n<script type=\"application\/ld+json\" class=\"yoast-schema-graph\">{\"@context\":\"https:\/\/schema.org\",\"@graph\":[{\"@type\":\"WebPage\",\"@id\":\"https:\/\/sulin.ee\/en\/toode\/pagaritooded-korviga-mangukooki\/\",\"url\":\"https:\/\/sulin.ee\/en\/toode\/pagaritooded-korviga-mangukooki\/\",\"name\":\"Pagaritooded korviga m\u00e4nguk\u00f6\u00f6ki - sulin.ee\",\"isPartOf\":{\"@id\":\"https:\/\/sulin.ee\/en\/#website\"},\"primaryImageOfPage\":{\"@id\":\"https:\/\/sulin.ee\/en\/toode\/pagaritooded-korviga-mangukooki\/#primaryimage\"},\"image\":{\"@id\":\"https:\/\/sulin.ee\/en\/toode\/pagaritooded-korviga-mangukooki\/#primaryimage\"},\"thumbnailUrl\":\"https:\/\/sulin.ee\/wp-content\/uploads\/2024\/02\/Pagaritoodete-korv.png\",\"datePublished\":\"2024-12-14T08:55:56+00:00\",\"dateModified\":\"2025-09-07T21:37:50+00:00\",\"description\":\"Pagaritooded korviga hommikus\u00f6\u00f6giks sisaldab 12 realistlikku puidust saiakest, leivakorvi ja tange, mis sobivad ideaalselt m\u00e4nguk\u00f6\u00f6ki v\u00f5i m\u00e4ngupoodi.\",\"breadcrumb\":{\"@id\":\"https:\/\/sulin.ee\/en\/toode\/pagaritooded-korviga-mangukooki\/#breadcrumb\"},\"inLanguage\":\"en-US\",\"potentialAction\":[{\"@type\":\"ReadAction\",\"target\":[\"https:\/\/sulin.ee\/en\/toode\/pagaritooded-korviga-mangukooki\/\"]}]},{\"@type\":\"ImageObject\",\"inLanguage\":\"en-US\",\"@id\":\"https:\/\/sulin.ee\/en\/toode\/pagaritooded-korviga-mangukooki\/#primaryimage\",\"url\":\"https:\/\/sulin.ee\/wp-content\/uploads\/2024\/02\/Pagaritoodete-korv.png\",\"contentUrl\":\"https:\/\/sulin.ee\/wp-content\/uploads\/2024\/02\/Pagaritoodete-korv.png\",\"width\":1080,\"height\":1080,\"caption\":\"Pagaritooded korviga\"},{\"@type\":\"BreadcrumbList\",\"@id\":\"https:\/\/sulin.ee\/en\/toode\/pagaritooded-korviga-mangukooki\/#breadcrumb\",\"itemListElement\":[{\"@type\":\"ListItem\",\"position\":1,\"name\":\"Home\",\"item\":\"https:\/\/sulin.ee\/en\/\"},{\"@type\":\"ListItem\",\"position\":2,\"name\":\"Sulin.ee e-pood\",\"item\":\"https:\/\/sulin.ee\/shop\/\"},{\"@type\":\"ListItem\",\"position\":3,\"name\":\"Pagaritooded korviga m\u00e4nguk\u00f6\u00f6ki\"}]},{\"@type\":\"WebSite\",\"@id\":\"https:\/\/sulin.ee\/en\/#website\",\"url\":\"https:\/\/sulin.ee\/en\/\",\"name\":\"sulin.ee\",\"description\":\"\",\"publisher\":{\"@id\":\"https:\/\/sulin.ee\/en\/#organization\"},\"potentialAction\":[{\"@type\":\"SearchAction\",\"target\":{\"@type\":\"EntryPoint\",\"urlTemplate\":\"https:\/\/sulin.ee\/en\/?s={search_term_string}\"},\"query-input\":{\"@type\":\"PropertyValueSpecification\",\"valueRequired\":true,\"valueName\":\"search_term_string\"}}],\"inLanguage\":\"en-US\"},{\"@type\":\"Organization\",\"@id\":\"https:\/\/sulin.ee\/en\/#organization\",\"name\":\"SULIN TRADE O\u00dc\",\"url\":\"https:\/\/sulin.ee\/en\/\",\"logo\":{\"@type\":\"ImageObject\",\"inLanguage\":\"en-US\",\"@id\":\"https:\/\/sulin.ee\/en\/#\/schema\/logo\/image\/\",\"url\":\"https:\/\/sulin.ee\/wp-content\/uploads\/2022\/11\/sulin-logo.png\",\"contentUrl\":\"https:\/\/sulin.ee\/wp-content\/uploads\/2022\/11\/sulin-logo.png\",\"width\":871,\"height\":321,\"caption\":\"SULIN TRADE O\u00dc\"},\"image\":{\"@id\":\"https:\/\/sulin.ee\/en\/#\/schema\/logo\/image\/\"},\"sameAs\":[\"https:\/\/www.facebook.com\/www.sulin.ee\/\",\"https:\/\/www.instagram.com\/sulintrade\/\"]}]}<\/script>\n<!-- \/ Yoast SEO plugin. -->","yoast_head_json":{"title":"Pagaritooded korviga m\u00e4nguk\u00f6\u00f6ki - sulin.ee","description":"Pagaritooded korviga hommikus\u00f6\u00f6giks sisaldab 12 realistlikku puidust saiakest, leivakorvi ja tange, mis sobivad ideaalselt m\u00e4nguk\u00f6\u00f6ki v\u00f5i m\u00e4ngupoodi.","robots":{"index":"index","follow":"follow","max-snippet":"max-snippet:-1","max-image-preview":"max-image-preview:large","max-video-preview":"max-video-preview:-1"},"canonical":"https:\/\/sulin.ee\/en\/toode\/pagaritooded-korviga-mangukooki\/","og_locale":"en_US","og_type":"article","og_title":"Pagaritooded korviga m\u00e4nguk\u00f6\u00f6ki - sulin.ee","og_description":"Pagaritooded korviga hommikus\u00f6\u00f6giks sisaldab 12 realistlikku puidust saiakest, leivakorvi ja tange, mis sobivad ideaalselt m\u00e4nguk\u00f6\u00f6ki v\u00f5i m\u00e4ngupoodi.","og_url":"https:\/\/sulin.ee\/en\/toode\/pagaritooded-korviga-mangukooki\/","og_site_name":"sulin.ee","article_publisher":"https:\/\/www.facebook.com\/www.sulin.ee\/","article_modified_time":"2025-09-07T21:37:50+00:00","og_image":[{"width":1080,"height":1080,"url":"https:\/\/sulin.ee\/wp-content\/uploads\/2024\/02\/Pagaritoodete-korv.png","type":"image\/png"}],"twitter_card":"summary_large_image","twitter_misc":{"Est. reading time":"2 minutes"},"schema":{"@context":"https:\/\/schema.org","@graph":[{"@type":"WebPage","@id":"https:\/\/sulin.ee\/en\/toode\/pagaritooded-korviga-mangukooki\/","url":"https:\/\/sulin.ee\/en\/toode\/pagaritooded-korviga-mangukooki\/","name":"Pagaritooded korviga m\u00e4nguk\u00f6\u00f6ki - sulin.ee","isPartOf":{"@id":"https:\/\/sulin.ee\/en\/#website"},"primaryImageOfPage":{"@id":"https:\/\/sulin.ee\/en\/toode\/pagaritooded-korviga-mangukooki\/#primaryimage"},"image":{"@id":"https:\/\/sulin.ee\/en\/toode\/pagaritooded-korviga-mangukooki\/#primaryimage"},"thumbnailUrl":"https:\/\/sulin.ee\/wp-content\/uploads\/2024\/02\/Pagaritoodete-korv.png","datePublished":"2024-12-14T08:55:56+00:00","dateModified":"2025-09-07T21:37:50+00:00","description":"Pagaritooded korviga hommikus\u00f6\u00f6giks sisaldab 12 realistlikku puidust saiakest, leivakorvi ja tange, mis sobivad ideaalselt m\u00e4nguk\u00f6\u00f6ki v\u00f5i m\u00e4ngupoodi.","breadcrumb":{"@id":"https:\/\/sulin.ee\/en\/toode\/pagaritooded-korviga-mangukooki\/#breadcrumb"},"inLanguage":"en-US","potentialAction":[{"@type":"ReadAction","target":["https:\/\/sulin.ee\/en\/toode\/pagaritooded-korviga-mangukooki\/"]}]},{"@type":"ImageObject","inLanguage":"en-US","@id":"https:\/\/sulin.ee\/en\/toode\/pagaritooded-korviga-mangukooki\/#primaryimage","url":"https:\/\/sulin.ee\/wp-content\/uploads\/2024\/02\/Pagaritoodete-korv.png","contentUrl":"https:\/\/sulin.ee\/wp-content\/uploads\/2024\/02\/Pagaritoodete-korv.png","width":1080,"height":1080,"caption":"Pagaritooded korviga"},{"@type":"BreadcrumbList","@id":"https:\/\/sulin.ee\/en\/toode\/pagaritooded-korviga-mangukooki\/#breadcrumb","itemListElement":[{"@type":"ListItem","position":1,"name":"Home","item":"https:\/\/sulin.ee\/en\/"},{"@type":"ListItem","position":2,"name":"Sulin.ee e-pood","item":"https:\/\/sulin.ee\/shop\/"},{"@type":"ListItem","position":3,"name":"Pagaritooded korviga m\u00e4nguk\u00f6\u00f6ki"}]},{"@type":"WebSite","@id":"https:\/\/sulin.ee\/en\/#website","url":"https:\/\/sulin.ee\/en\/","name":"sulin.ee","description":"","publisher":{"@id":"https:\/\/sulin.ee\/en\/#organization"},"potentialAction":[{"@type":"SearchAction","target":{"@type":"EntryPoint","urlTemplate":"https:\/\/sulin.ee\/en\/?s={search_term_string}"},"query-input":{"@type":"PropertyValueSpecification","valueRequired":true,"valueName":"search_term_string"}}],"inLanguage":"en-US"},{"@type":"Organization","@id":"https:\/\/sulin.ee\/en\/#organization","name":"SULIN TRADE O\u00dc","url":"https:\/\/sulin.ee\/en\/","logo":{"@type":"ImageObject","inLanguage":"en-US","@id":"https:\/\/sulin.ee\/en\/#\/schema\/logo\/image\/","url":"https:\/\/sulin.ee\/wp-content\/uploads\/2022\/11\/sulin-logo.png","contentUrl":"https:\/\/sulin.ee\/wp-content\/uploads\/2022\/11\/sulin-logo.png","width":871,"height":321,"caption":"SULIN TRADE O\u00dc"},"image":{"@id":"https:\/\/sulin.ee\/en\/#\/schema\/logo\/image\/"},"sameAs":["https:\/\/www.facebook.com\/www.sulin.ee\/","https:\/\/www.instagram.com\/sulintrade\/"]}]}},"builder_content":"","_links":{"self":[{"href":"https:\/\/sulin.ee\/en\/wp-json\/wp\/v2\/product\/29095","targetHints":{"allow":["GET"]}}],"collection":[{"href":"https:\/\/sulin.ee\/en\/wp-json\/wp\/v2\/product"}],"about":[{"href":"https:\/\/sulin.ee\/en\/wp-json\/wp\/v2\/types\/product"}],"replies":[{"embeddable":true,"href":"https:\/\/sulin.ee\/en\/wp-json\/wp\/v2\/comments?post=29095"}],"wp:featuredmedia":[{"embeddable":true,"href":"https:\/\/sulin.ee\/en\/wp-json\/wp\/v2\/media\/16988"}],"wp:attachment":[{"href":"https:\/\/sulin.ee\/en\/wp-json\/wp\/v2\/media?parent=29095"}],"wp:term":[{"taxonomy":"product_brand","embeddable":true,"href":"https:\/\/sulin.ee\/en\/wp-json\/wp\/v2\/product_brand?post=29095"},{"taxonomy":"product_cat","embeddable":true,"href":"https:\/\/sulin.ee\/en\/wp-json\/wp\/v2\/product_cat?post=29095"},{"taxonomy":"product_tag","embeddable":true,"href":"https:\/\/sulin.ee\/en\/wp-json\/wp\/v2\/product_tag?post=29095"}],"curies":[{"name":"wp","href":"https:\/\/api.w.org\/{rel}","templated":true}]}}