{"id":29091,"date":"2024-12-14T08:55:33","date_gmt":"2024-12-14T08:55:33","guid":{"rendered":"https:\/\/sulin.ee\/?post_type=product&#038;p=29091"},"modified":"2025-09-07T21:37:50","modified_gmt":"2025-09-07T21:37:50","slug":"puidust-munakujuline-marakas-animambo","status":"publish","type":"product","link":"https:\/\/sulin.ee\/en\/toode\/puidust-munakujuline-marakas-animambo\/","title":{"rendered":"Puidust munakujuline marakas Animambo"},"content":{"rendered":"<p><strong>Puidust munakujuline marakas on kaunilt illustreeritud muusikariist, mis sobib ka k\u00f5ige pisematele k\u00e4tele. Suurep\u00e4rane instrument muusikaga tegelemiseks ja r\u00fctmitaju arendamiseks.\u00a0<\/strong><\/p>\n<p>Valmistatud kvaliteetsest puidust, on see marakas vastupidav ja ohutu, sobides suurep\u00e4raselt lapse areneva r\u00fctmitaju toetamiseks. Lihtsalt raputa marakat ja sellest kostuv r\u00f5\u00f5mus heli julgustab last aktiivselt muusikaga tegelema, aidates samal ajal kaasa peenmotoorika ja kuulmismeelte arengule.<\/p>\n<p>T\u00e4nu oma kompaktsele suurusele on marakas mugav kaasa v\u00f5tta k\u00f5ikjale, olgu see siis m\u00e4ngutuba, piknik v\u00f5i reis, pakkudes lapsele tuttavat ja l\u00f5bustavat tegevust igas keskkonnas. Soovitatav alates 1. eluaastast, on munakujuline marakas suurep\u00e4rane valik lapse esimeseks muusikariistaks, pakkudes turvalist ja meelelahutuslikku viisi muusikalise hariduse alustamiseks.<\/p>\n<p>Hoia marakat k\u00e4es ja raputa seda &#8211; nii tekib h\u00e4\u00e4l. Vaata toodet tutvustavat videot <a href=\"https:\/\/youtu.be\/P9-ODNYjXnc\" target=\"_blank\" rel=\"noopener\">siit<\/a>. T\u00f5elise kontserdi pidamiseks vaata ka teisi\u00a0<a href=\"https:\/\/sulin.ee\/tootekategooria\/lapsele\/mangimine\/muusika-ja-helid\/\" target=\"_blank\" rel=\"noopener\">lastele m\u00f5eldud pille siit.<\/a><\/p>\n<p><strong>Maraka m\u00f5\u00f5dud:<\/strong> 4,7 x 4,7 x 7 cm.<\/p>\n<p><strong>Soovitatav vanus:<\/strong> alates 1. eluaastast.<\/p>\n<p>Vaata ka teisi vahvaid ja arendavaid DJECO m\u00e4nguasju\u00a0<a href=\"https:\/\/sulin.ee\/tootekategooria\/brandid\/djeco\/\" target=\"_blank\" rel=\"noopener\">siit.<\/a><\/p>\n","protected":false},"excerpt":{"rendered":"<p><strong>Puidust munakujuline marakas on ideaalne muusikariist v\u00e4ikestele k\u00e4tele, m\u00f5\u00f5tmetega 4,7 x 4,7 x 7 cm. See kaunilt illustreeritud instrument on suurep\u00e4rane vahend r\u00fctmitaju arendamiseks ja muusikaga tutvumiseks. Lihtsalt raputades tekitab marakas meeldiva heli, mis innustab last muusikat armastama. Valmistatud ohutust puidust, sobib marakas alates 1. eluaastast, pakkudes nii l\u00f5bu kui ka harivat tegevust.<\/strong><\/p>\n","protected":false},"featured_media":16390,"comment_status":"open","ping_status":"closed","template":"","meta":[],"product_brand":[],"product_cat":[998,1162,1163,1164,946,175,928],"product_tag":[],"class_list":{"0":"post-29091","1":"product","2":"type-product","3":"status-publish","4":"has-post-thumbnail","6":"product_cat-korinad","7":"product_cat-kingituseks","8":"product_cat-0-1-aasta","9":"product_cat-1-3-aastat","10":"product_cat-muusika-ja-helid","11":"product_cat-puidust-manguasjad","12":"product_cat-djeco","13":"has-post-title","14":"has-post-date","15":"has-post-category","16":"has-post-tag","17":"has-post-comment","18":"has-post-author","19":"","21":"first","22":"instock","23":"sale","24":"taxable","25":"shipping-taxable","26":"purchasable","27":"product-type-simple"},"yoast_head":"<!-- This site is optimized with the Yoast SEO plugin v26.8 - https:\/\/yoast.com\/product\/yoast-seo-wordpress\/ -->\n<title>Puidust munakujuline marakas Animambo - sulin.ee<\/title>\n<meta name=\"description\" content=\"Puidust munakujuline marakas on kaunilt illustreeritud muusikariist, mis sobib ka k\u00f5ige pisematele k\u00e4tele. Aitab lapsel r\u00fctmitaju arendada.\" \/>\n<meta name=\"robots\" content=\"index, follow, max-snippet:-1, max-image-preview:large, max-video-preview:-1\" \/>\n<link rel=\"canonical\" href=\"https:\/\/sulin.ee\/en\/toode\/puidust-munakujuline-marakas-animambo\/\" \/>\n<meta property=\"og:locale\" content=\"en_US\" \/>\n<meta property=\"og:type\" content=\"article\" \/>\n<meta property=\"og:title\" content=\"Puidust munakujuline marakas Animambo - sulin.ee\" \/>\n<meta property=\"og:description\" content=\"Puidust munakujuline marakas on kaunilt illustreeritud muusikariist, mis sobib ka k\u00f5ige pisematele k\u00e4tele. Aitab lapsel r\u00fctmitaju arendada.\" \/>\n<meta property=\"og:url\" content=\"https:\/\/sulin.ee\/en\/toode\/puidust-munakujuline-marakas-animambo\/\" \/>\n<meta property=\"og:site_name\" content=\"sulin.ee\" \/>\n<meta property=\"article:publisher\" content=\"https:\/\/www.facebook.com\/www.sulin.ee\/\" \/>\n<meta property=\"article:modified_time\" content=\"2025-09-07T21:37:50+00:00\" \/>\n<meta property=\"og:image\" content=\"https:\/\/sulin.ee\/wp-content\/uploads\/2024\/02\/Muna.png\" \/>\n\t<meta property=\"og:image:width\" content=\"1080\" \/>\n\t<meta property=\"og:image:height\" content=\"1080\" \/>\n\t<meta property=\"og:image:type\" content=\"image\/png\" \/>\n<meta name=\"twitter:card\" content=\"summary_large_image\" \/>\n<meta name=\"twitter:label1\" content=\"Est. reading time\" \/>\n\t<meta name=\"twitter:data1\" content=\"2 minutes\" \/>\n<script type=\"application\/ld+json\" class=\"yoast-schema-graph\">{\"@context\":\"https:\/\/schema.org\",\"@graph\":[{\"@type\":\"WebPage\",\"@id\":\"https:\/\/sulin.ee\/en\/toode\/puidust-munakujuline-marakas-animambo\/\",\"url\":\"https:\/\/sulin.ee\/en\/toode\/puidust-munakujuline-marakas-animambo\/\",\"name\":\"Puidust munakujuline marakas Animambo - sulin.ee\",\"isPartOf\":{\"@id\":\"https:\/\/sulin.ee\/en\/#website\"},\"primaryImageOfPage\":{\"@id\":\"https:\/\/sulin.ee\/en\/toode\/puidust-munakujuline-marakas-animambo\/#primaryimage\"},\"image\":{\"@id\":\"https:\/\/sulin.ee\/en\/toode\/puidust-munakujuline-marakas-animambo\/#primaryimage\"},\"thumbnailUrl\":\"https:\/\/sulin.ee\/wp-content\/uploads\/2024\/02\/Muna.png\",\"datePublished\":\"2024-12-14T08:55:33+00:00\",\"dateModified\":\"2025-09-07T21:37:50+00:00\",\"description\":\"Puidust munakujuline marakas on kaunilt illustreeritud muusikariist, mis sobib ka k\u00f5ige pisematele k\u00e4tele. Aitab lapsel r\u00fctmitaju arendada.\",\"breadcrumb\":{\"@id\":\"https:\/\/sulin.ee\/en\/toode\/puidust-munakujuline-marakas-animambo\/#breadcrumb\"},\"inLanguage\":\"en-US\",\"potentialAction\":[{\"@type\":\"ReadAction\",\"target\":[\"https:\/\/sulin.ee\/en\/toode\/puidust-munakujuline-marakas-animambo\/\"]}]},{\"@type\":\"ImageObject\",\"inLanguage\":\"en-US\",\"@id\":\"https:\/\/sulin.ee\/en\/toode\/puidust-munakujuline-marakas-animambo\/#primaryimage\",\"url\":\"https:\/\/sulin.ee\/wp-content\/uploads\/2024\/02\/Muna.png\",\"contentUrl\":\"https:\/\/sulin.ee\/wp-content\/uploads\/2024\/02\/Muna.png\",\"width\":1080,\"height\":1080,\"caption\":\"Puidust munakujuline marakas\"},{\"@type\":\"BreadcrumbList\",\"@id\":\"https:\/\/sulin.ee\/en\/toode\/puidust-munakujuline-marakas-animambo\/#breadcrumb\",\"itemListElement\":[{\"@type\":\"ListItem\",\"position\":1,\"name\":\"Home\",\"item\":\"https:\/\/sulin.ee\/en\/\"},{\"@type\":\"ListItem\",\"position\":2,\"name\":\"Sulin.ee e-pood\",\"item\":\"https:\/\/sulin.ee\/shop\/\"},{\"@type\":\"ListItem\",\"position\":3,\"name\":\"Puidust munakujuline marakas Animambo\"}]},{\"@type\":\"WebSite\",\"@id\":\"https:\/\/sulin.ee\/en\/#website\",\"url\":\"https:\/\/sulin.ee\/en\/\",\"name\":\"sulin.ee\",\"description\":\"\",\"publisher\":{\"@id\":\"https:\/\/sulin.ee\/en\/#organization\"},\"potentialAction\":[{\"@type\":\"SearchAction\",\"target\":{\"@type\":\"EntryPoint\",\"urlTemplate\":\"https:\/\/sulin.ee\/en\/?s={search_term_string}\"},\"query-input\":{\"@type\":\"PropertyValueSpecification\",\"valueRequired\":true,\"valueName\":\"search_term_string\"}}],\"inLanguage\":\"en-US\"},{\"@type\":\"Organization\",\"@id\":\"https:\/\/sulin.ee\/en\/#organization\",\"name\":\"SULIN TRADE O\u00dc\",\"url\":\"https:\/\/sulin.ee\/en\/\",\"logo\":{\"@type\":\"ImageObject\",\"inLanguage\":\"en-US\",\"@id\":\"https:\/\/sulin.ee\/en\/#\/schema\/logo\/image\/\",\"url\":\"https:\/\/sulin.ee\/wp-content\/uploads\/2022\/11\/sulin-logo.png\",\"contentUrl\":\"https:\/\/sulin.ee\/wp-content\/uploads\/2022\/11\/sulin-logo.png\",\"width\":871,\"height\":321,\"caption\":\"SULIN TRADE O\u00dc\"},\"image\":{\"@id\":\"https:\/\/sulin.ee\/en\/#\/schema\/logo\/image\/\"},\"sameAs\":[\"https:\/\/www.facebook.com\/www.sulin.ee\/\",\"https:\/\/www.instagram.com\/sulintrade\/\"]}]}<\/script>\n<!-- \/ Yoast SEO plugin. -->","yoast_head_json":{"title":"Puidust munakujuline marakas Animambo - sulin.ee","description":"Puidust munakujuline marakas on kaunilt illustreeritud muusikariist, mis sobib ka k\u00f5ige pisematele k\u00e4tele. Aitab lapsel r\u00fctmitaju arendada.","robots":{"index":"index","follow":"follow","max-snippet":"max-snippet:-1","max-image-preview":"max-image-preview:large","max-video-preview":"max-video-preview:-1"},"canonical":"https:\/\/sulin.ee\/en\/toode\/puidust-munakujuline-marakas-animambo\/","og_locale":"en_US","og_type":"article","og_title":"Puidust munakujuline marakas Animambo - sulin.ee","og_description":"Puidust munakujuline marakas on kaunilt illustreeritud muusikariist, mis sobib ka k\u00f5ige pisematele k\u00e4tele. Aitab lapsel r\u00fctmitaju arendada.","og_url":"https:\/\/sulin.ee\/en\/toode\/puidust-munakujuline-marakas-animambo\/","og_site_name":"sulin.ee","article_publisher":"https:\/\/www.facebook.com\/www.sulin.ee\/","article_modified_time":"2025-09-07T21:37:50+00:00","og_image":[{"width":1080,"height":1080,"url":"https:\/\/sulin.ee\/wp-content\/uploads\/2024\/02\/Muna.png","type":"image\/png"}],"twitter_card":"summary_large_image","twitter_misc":{"Est. reading time":"2 minutes"},"schema":{"@context":"https:\/\/schema.org","@graph":[{"@type":"WebPage","@id":"https:\/\/sulin.ee\/en\/toode\/puidust-munakujuline-marakas-animambo\/","url":"https:\/\/sulin.ee\/en\/toode\/puidust-munakujuline-marakas-animambo\/","name":"Puidust munakujuline marakas Animambo - sulin.ee","isPartOf":{"@id":"https:\/\/sulin.ee\/en\/#website"},"primaryImageOfPage":{"@id":"https:\/\/sulin.ee\/en\/toode\/puidust-munakujuline-marakas-animambo\/#primaryimage"},"image":{"@id":"https:\/\/sulin.ee\/en\/toode\/puidust-munakujuline-marakas-animambo\/#primaryimage"},"thumbnailUrl":"https:\/\/sulin.ee\/wp-content\/uploads\/2024\/02\/Muna.png","datePublished":"2024-12-14T08:55:33+00:00","dateModified":"2025-09-07T21:37:50+00:00","description":"Puidust munakujuline marakas on kaunilt illustreeritud muusikariist, mis sobib ka k\u00f5ige pisematele k\u00e4tele. Aitab lapsel r\u00fctmitaju arendada.","breadcrumb":{"@id":"https:\/\/sulin.ee\/en\/toode\/puidust-munakujuline-marakas-animambo\/#breadcrumb"},"inLanguage":"en-US","potentialAction":[{"@type":"ReadAction","target":["https:\/\/sulin.ee\/en\/toode\/puidust-munakujuline-marakas-animambo\/"]}]},{"@type":"ImageObject","inLanguage":"en-US","@id":"https:\/\/sulin.ee\/en\/toode\/puidust-munakujuline-marakas-animambo\/#primaryimage","url":"https:\/\/sulin.ee\/wp-content\/uploads\/2024\/02\/Muna.png","contentUrl":"https:\/\/sulin.ee\/wp-content\/uploads\/2024\/02\/Muna.png","width":1080,"height":1080,"caption":"Puidust munakujuline marakas"},{"@type":"BreadcrumbList","@id":"https:\/\/sulin.ee\/en\/toode\/puidust-munakujuline-marakas-animambo\/#breadcrumb","itemListElement":[{"@type":"ListItem","position":1,"name":"Home","item":"https:\/\/sulin.ee\/en\/"},{"@type":"ListItem","position":2,"name":"Sulin.ee e-pood","item":"https:\/\/sulin.ee\/shop\/"},{"@type":"ListItem","position":3,"name":"Puidust munakujuline marakas Animambo"}]},{"@type":"WebSite","@id":"https:\/\/sulin.ee\/en\/#website","url":"https:\/\/sulin.ee\/en\/","name":"sulin.ee","description":"","publisher":{"@id":"https:\/\/sulin.ee\/en\/#organization"},"potentialAction":[{"@type":"SearchAction","target":{"@type":"EntryPoint","urlTemplate":"https:\/\/sulin.ee\/en\/?s={search_term_string}"},"query-input":{"@type":"PropertyValueSpecification","valueRequired":true,"valueName":"search_term_string"}}],"inLanguage":"en-US"},{"@type":"Organization","@id":"https:\/\/sulin.ee\/en\/#organization","name":"SULIN TRADE O\u00dc","url":"https:\/\/sulin.ee\/en\/","logo":{"@type":"ImageObject","inLanguage":"en-US","@id":"https:\/\/sulin.ee\/en\/#\/schema\/logo\/image\/","url":"https:\/\/sulin.ee\/wp-content\/uploads\/2022\/11\/sulin-logo.png","contentUrl":"https:\/\/sulin.ee\/wp-content\/uploads\/2022\/11\/sulin-logo.png","width":871,"height":321,"caption":"SULIN TRADE O\u00dc"},"image":{"@id":"https:\/\/sulin.ee\/en\/#\/schema\/logo\/image\/"},"sameAs":["https:\/\/www.facebook.com\/www.sulin.ee\/","https:\/\/www.instagram.com\/sulintrade\/"]}]}},"builder_content":"","_links":{"self":[{"href":"https:\/\/sulin.ee\/en\/wp-json\/wp\/v2\/product\/29091","targetHints":{"allow":["GET"]}}],"collection":[{"href":"https:\/\/sulin.ee\/en\/wp-json\/wp\/v2\/product"}],"about":[{"href":"https:\/\/sulin.ee\/en\/wp-json\/wp\/v2\/types\/product"}],"replies":[{"embeddable":true,"href":"https:\/\/sulin.ee\/en\/wp-json\/wp\/v2\/comments?post=29091"}],"wp:featuredmedia":[{"embeddable":true,"href":"https:\/\/sulin.ee\/en\/wp-json\/wp\/v2\/media\/16390"}],"wp:attachment":[{"href":"https:\/\/sulin.ee\/en\/wp-json\/wp\/v2\/media?parent=29091"}],"wp:term":[{"taxonomy":"product_brand","embeddable":true,"href":"https:\/\/sulin.ee\/en\/wp-json\/wp\/v2\/product_brand?post=29091"},{"taxonomy":"product_cat","embeddable":true,"href":"https:\/\/sulin.ee\/en\/wp-json\/wp\/v2\/product_cat?post=29091"},{"taxonomy":"product_tag","embeddable":true,"href":"https:\/\/sulin.ee\/en\/wp-json\/wp\/v2\/product_tag?post=29091"}],"curies":[{"name":"wp","href":"https:\/\/api.w.org\/{rel}","templated":true}]}}