{"id":29081,"date":"2024-12-14T08:54:31","date_gmt":"2024-12-14T08:54:31","guid":{"rendered":"https:\/\/sulin.ee\/?post_type=product&#038;p=29081"},"modified":"2025-09-10T11:36:02","modified_gmt":"2025-09-10T11:36:02","slug":"lastesampoon-dussigeel-oliivioli-ja-saialille-ekstraktiga-210-ml","status":"publish","type":"product","link":"https:\/\/sulin.ee\/en\/toode\/lastesampoon-dussigeel-oliivioli-ja-saialille-ekstraktiga-210-ml\/","title":{"rendered":"Laste\u0161ampoon-du\u0161\u0161igeel oliivi\u00f5li ja saialille ekstraktiga 210 ml"},"content":{"rendered":"<p><strong>Laste\u0161ampoon-du\u0161\u0161igeel kehale. Sisaldab oliivi\u00f5li ja saialille ekstrakti.<\/strong><\/p>\n<p>Oliivi\u00f5li niisutab ja toidab intensiivselt nahka ja juukseid. Saialille ekstrakt rahustab ja kaitseb nahka \u00e4rrituse eest.<\/p>\n<p>Sampoon ei sisalda SLES-i, SLS-i, parabeene, loomse p\u00e4ritoluga tooraineid, l\u00f5hna-, ega v\u00e4rvaineid. Sobib tundlikule nahale. Dermatoloogiliselt testitud.<\/p>\n<p>Toode on tunnustatud <a href=\"https:\/\/allergialiit.ee\/\" target=\"_blank\" rel=\"noopener\">Eesti Allergialiidu poolt.<\/a><\/p>\n<p><strong>Koostis:<\/strong> <em>Aqua, Sodium C14-16 Olefin Sulfonate, Cocamidopropyl Betaine, Disodium Cocoamphodiacetate, Sodium Chloride, Glycerin, Calendula Officinalis Flower Extract, Olive Oil Glycereth-8 Esters, PolyQuaternium-7, Parfum, Citric Acid, Benzyl Alcohol, Ethylhexylglycerin.<\/em><\/p>\n<p><strong>Kogus:<\/strong> 210 ml<\/p>\n","protected":false},"excerpt":{"rendered":"<p>Laste\u0161ampoon-du\u0161\u0161igeel kehale. Sisaldab oliivi\u00f5li ja saialille ekstrakti. Oliivi\u00f5li niisutab ja toidab intensiivselt nahka ja juukseid. Saialille ekstrakt rahustab ja kaitseb nahka \u00e4rrituse eest. Sampoon ei sisalda SLES-i, SLS-i, parabeene, loomse p\u00e4ritoluga tooraineid, l\u00f5hna-, ega v\u00e4rvaineid. Sobib tundlikule nahale. Dermatoloogiliselt testitud. Toode on tunnustatud Eesti Allergialiidu poolt. Koostis: Aqua, Sodium C14-16 Olefin Sulfonate, Cocamidopropyl Betaine, Disodium [&hellip;]<\/p>\n","protected":false},"featured_media":15993,"comment_status":"open","ping_status":"closed","template":"","meta":[],"product_brand":[],"product_cat":[1208,987,986,47,231],"product_tag":[],"class_list":{"0":"post-29081","1":"product","2":"type-product","3":"status-publish","4":"has-post-thumbnail","6":"product_cat-vanniaeg","7":"product_cat-kehahooldus-beebile","8":"product_cat-kehahooldus-lastele","9":"product_cat-kehaseebid","10":"product_cat-flora","11":"has-post-title","12":"has-post-date","13":"has-post-category","14":"has-post-tag","15":"has-post-comment","16":"has-post-author","17":"","19":"first","20":"instock","21":"sale","22":"taxable","23":"shipping-taxable","24":"purchasable","25":"product-type-simple"},"yoast_head":"<!-- This site is optimized with the Yoast SEO plugin v26.8 - https:\/\/yoast.com\/product\/yoast-seo-wordpress\/ -->\n<title>Laste\u0161ampoon-du\u0161\u0161igeel oliivi\u00f5li ja saialille ekstraktiga 210 ml - sulin.ee<\/title>\n<meta name=\"description\" content=\"Laste\u0161ampoon-du\u0161\u0161igeel kehale. Sisaldab oliivi\u00f5li ja saialille ekstrakti.Oliivi\u00f5li niisutab ja toidab intensiivselt nahka ja juukseid.\" \/>\n<meta name=\"robots\" content=\"index, follow, max-snippet:-1, max-image-preview:large, max-video-preview:-1\" \/>\n<link rel=\"canonical\" href=\"https:\/\/sulin.ee\/en\/toode\/lastesampoon-dussigeel-oliivioli-ja-saialille-ekstraktiga-210-ml\/\" \/>\n<meta property=\"og:locale\" content=\"en_US\" \/>\n<meta property=\"og:type\" content=\"article\" \/>\n<meta property=\"og:title\" content=\"Laste\u0161ampoon-du\u0161\u0161igeel oliivi\u00f5li ja saialille ekstraktiga 210 ml - sulin.ee\" \/>\n<meta property=\"og:description\" content=\"Laste\u0161ampoon-du\u0161\u0161igeel kehale. Sisaldab oliivi\u00f5li ja saialille ekstrakti.Oliivi\u00f5li niisutab ja toidab intensiivselt nahka ja juukseid.\" \/>\n<meta property=\"og:url\" content=\"https:\/\/sulin.ee\/en\/toode\/lastesampoon-dussigeel-oliivioli-ja-saialille-ekstraktiga-210-ml\/\" \/>\n<meta property=\"og:site_name\" content=\"sulin.ee\" \/>\n<meta property=\"article:publisher\" content=\"https:\/\/www.facebook.com\/www.sulin.ee\/\" \/>\n<meta property=\"article:modified_time\" content=\"2025-09-10T11:36:02+00:00\" \/>\n<meta property=\"og:image\" content=\"https:\/\/sulin.ee\/wp-content\/uploads\/2024\/01\/Kuj.-White-Modern-Black-Friday-Discount-Instagram-Post-koopia-2.png\" \/>\n\t<meta property=\"og:image:width\" content=\"1080\" \/>\n\t<meta property=\"og:image:height\" content=\"1080\" \/>\n\t<meta property=\"og:image:type\" content=\"image\/png\" \/>\n<meta name=\"twitter:card\" content=\"summary_large_image\" \/>\n<meta name=\"twitter:label1\" content=\"Est. reading time\" \/>\n\t<meta name=\"twitter:data1\" content=\"1 minute\" \/>\n<script type=\"application\/ld+json\" class=\"yoast-schema-graph\">{\"@context\":\"https:\/\/schema.org\",\"@graph\":[{\"@type\":\"WebPage\",\"@id\":\"https:\/\/sulin.ee\/en\/toode\/lastesampoon-dussigeel-oliivioli-ja-saialille-ekstraktiga-210-ml\/\",\"url\":\"https:\/\/sulin.ee\/en\/toode\/lastesampoon-dussigeel-oliivioli-ja-saialille-ekstraktiga-210-ml\/\",\"name\":\"Laste\u0161ampoon-du\u0161\u0161igeel oliivi\u00f5li ja saialille ekstraktiga 210 ml - sulin.ee\",\"isPartOf\":{\"@id\":\"https:\/\/sulin.ee\/en\/#website\"},\"primaryImageOfPage\":{\"@id\":\"https:\/\/sulin.ee\/en\/toode\/lastesampoon-dussigeel-oliivioli-ja-saialille-ekstraktiga-210-ml\/#primaryimage\"},\"image\":{\"@id\":\"https:\/\/sulin.ee\/en\/toode\/lastesampoon-dussigeel-oliivioli-ja-saialille-ekstraktiga-210-ml\/#primaryimage\"},\"thumbnailUrl\":\"https:\/\/sulin.ee\/wp-content\/uploads\/2024\/01\/Kuj.-White-Modern-Black-Friday-Discount-Instagram-Post-koopia-2.png\",\"datePublished\":\"2024-12-14T08:54:31+00:00\",\"dateModified\":\"2025-09-10T11:36:02+00:00\",\"description\":\"Laste\u0161ampoon-du\u0161\u0161igeel kehale. Sisaldab oliivi\u00f5li ja saialille ekstrakti.Oliivi\u00f5li niisutab ja toidab intensiivselt nahka ja juukseid.\",\"breadcrumb\":{\"@id\":\"https:\/\/sulin.ee\/en\/toode\/lastesampoon-dussigeel-oliivioli-ja-saialille-ekstraktiga-210-ml\/#breadcrumb\"},\"inLanguage\":\"en-US\",\"potentialAction\":[{\"@type\":\"ReadAction\",\"target\":[\"https:\/\/sulin.ee\/en\/toode\/lastesampoon-dussigeel-oliivioli-ja-saialille-ekstraktiga-210-ml\/\"]}]},{\"@type\":\"ImageObject\",\"inLanguage\":\"en-US\",\"@id\":\"https:\/\/sulin.ee\/en\/toode\/lastesampoon-dussigeel-oliivioli-ja-saialille-ekstraktiga-210-ml\/#primaryimage\",\"url\":\"https:\/\/sulin.ee\/wp-content\/uploads\/2024\/01\/Kuj.-White-Modern-Black-Friday-Discount-Instagram-Post-koopia-2.png\",\"contentUrl\":\"https:\/\/sulin.ee\/wp-content\/uploads\/2024\/01\/Kuj.-White-Modern-Black-Friday-Discount-Instagram-Post-koopia-2.png\",\"width\":1080,\"height\":1080,\"caption\":\"Laste\u0161ampoon-du\u0161\u0161igeel\"},{\"@type\":\"BreadcrumbList\",\"@id\":\"https:\/\/sulin.ee\/en\/toode\/lastesampoon-dussigeel-oliivioli-ja-saialille-ekstraktiga-210-ml\/#breadcrumb\",\"itemListElement\":[{\"@type\":\"ListItem\",\"position\":1,\"name\":\"Home\",\"item\":\"https:\/\/sulin.ee\/en\/\"},{\"@type\":\"ListItem\",\"position\":2,\"name\":\"Sulin.ee e-pood\",\"item\":\"https:\/\/sulin.ee\/shop\/\"},{\"@type\":\"ListItem\",\"position\":3,\"name\":\"Laste\u0161ampoon-du\u0161\u0161igeel oliivi\u00f5li ja saialille ekstraktiga 210 ml\"}]},{\"@type\":\"WebSite\",\"@id\":\"https:\/\/sulin.ee\/en\/#website\",\"url\":\"https:\/\/sulin.ee\/en\/\",\"name\":\"sulin.ee\",\"description\":\"\",\"publisher\":{\"@id\":\"https:\/\/sulin.ee\/en\/#organization\"},\"potentialAction\":[{\"@type\":\"SearchAction\",\"target\":{\"@type\":\"EntryPoint\",\"urlTemplate\":\"https:\/\/sulin.ee\/en\/?s={search_term_string}\"},\"query-input\":{\"@type\":\"PropertyValueSpecification\",\"valueRequired\":true,\"valueName\":\"search_term_string\"}}],\"inLanguage\":\"en-US\"},{\"@type\":\"Organization\",\"@id\":\"https:\/\/sulin.ee\/en\/#organization\",\"name\":\"SULIN TRADE O\u00dc\",\"url\":\"https:\/\/sulin.ee\/en\/\",\"logo\":{\"@type\":\"ImageObject\",\"inLanguage\":\"en-US\",\"@id\":\"https:\/\/sulin.ee\/en\/#\/schema\/logo\/image\/\",\"url\":\"https:\/\/sulin.ee\/wp-content\/uploads\/2022\/11\/sulin-logo.png\",\"contentUrl\":\"https:\/\/sulin.ee\/wp-content\/uploads\/2022\/11\/sulin-logo.png\",\"width\":871,\"height\":321,\"caption\":\"SULIN TRADE O\u00dc\"},\"image\":{\"@id\":\"https:\/\/sulin.ee\/en\/#\/schema\/logo\/image\/\"},\"sameAs\":[\"https:\/\/www.facebook.com\/www.sulin.ee\/\",\"https:\/\/www.instagram.com\/sulintrade\/\"]}]}<\/script>\n<!-- \/ Yoast SEO plugin. -->","yoast_head_json":{"title":"Laste\u0161ampoon-du\u0161\u0161igeel oliivi\u00f5li ja saialille ekstraktiga 210 ml - sulin.ee","description":"Laste\u0161ampoon-du\u0161\u0161igeel kehale. Sisaldab oliivi\u00f5li ja saialille ekstrakti.Oliivi\u00f5li niisutab ja toidab intensiivselt nahka ja juukseid.","robots":{"index":"index","follow":"follow","max-snippet":"max-snippet:-1","max-image-preview":"max-image-preview:large","max-video-preview":"max-video-preview:-1"},"canonical":"https:\/\/sulin.ee\/en\/toode\/lastesampoon-dussigeel-oliivioli-ja-saialille-ekstraktiga-210-ml\/","og_locale":"en_US","og_type":"article","og_title":"Laste\u0161ampoon-du\u0161\u0161igeel oliivi\u00f5li ja saialille ekstraktiga 210 ml - sulin.ee","og_description":"Laste\u0161ampoon-du\u0161\u0161igeel kehale. Sisaldab oliivi\u00f5li ja saialille ekstrakti.Oliivi\u00f5li niisutab ja toidab intensiivselt nahka ja juukseid.","og_url":"https:\/\/sulin.ee\/en\/toode\/lastesampoon-dussigeel-oliivioli-ja-saialille-ekstraktiga-210-ml\/","og_site_name":"sulin.ee","article_publisher":"https:\/\/www.facebook.com\/www.sulin.ee\/","article_modified_time":"2025-09-10T11:36:02+00:00","og_image":[{"width":1080,"height":1080,"url":"https:\/\/sulin.ee\/wp-content\/uploads\/2024\/01\/Kuj.-White-Modern-Black-Friday-Discount-Instagram-Post-koopia-2.png","type":"image\/png"}],"twitter_card":"summary_large_image","twitter_misc":{"Est. reading time":"1 minute"},"schema":{"@context":"https:\/\/schema.org","@graph":[{"@type":"WebPage","@id":"https:\/\/sulin.ee\/en\/toode\/lastesampoon-dussigeel-oliivioli-ja-saialille-ekstraktiga-210-ml\/","url":"https:\/\/sulin.ee\/en\/toode\/lastesampoon-dussigeel-oliivioli-ja-saialille-ekstraktiga-210-ml\/","name":"Laste\u0161ampoon-du\u0161\u0161igeel oliivi\u00f5li ja saialille ekstraktiga 210 ml - sulin.ee","isPartOf":{"@id":"https:\/\/sulin.ee\/en\/#website"},"primaryImageOfPage":{"@id":"https:\/\/sulin.ee\/en\/toode\/lastesampoon-dussigeel-oliivioli-ja-saialille-ekstraktiga-210-ml\/#primaryimage"},"image":{"@id":"https:\/\/sulin.ee\/en\/toode\/lastesampoon-dussigeel-oliivioli-ja-saialille-ekstraktiga-210-ml\/#primaryimage"},"thumbnailUrl":"https:\/\/sulin.ee\/wp-content\/uploads\/2024\/01\/Kuj.-White-Modern-Black-Friday-Discount-Instagram-Post-koopia-2.png","datePublished":"2024-12-14T08:54:31+00:00","dateModified":"2025-09-10T11:36:02+00:00","description":"Laste\u0161ampoon-du\u0161\u0161igeel kehale. Sisaldab oliivi\u00f5li ja saialille ekstrakti.Oliivi\u00f5li niisutab ja toidab intensiivselt nahka ja juukseid.","breadcrumb":{"@id":"https:\/\/sulin.ee\/en\/toode\/lastesampoon-dussigeel-oliivioli-ja-saialille-ekstraktiga-210-ml\/#breadcrumb"},"inLanguage":"en-US","potentialAction":[{"@type":"ReadAction","target":["https:\/\/sulin.ee\/en\/toode\/lastesampoon-dussigeel-oliivioli-ja-saialille-ekstraktiga-210-ml\/"]}]},{"@type":"ImageObject","inLanguage":"en-US","@id":"https:\/\/sulin.ee\/en\/toode\/lastesampoon-dussigeel-oliivioli-ja-saialille-ekstraktiga-210-ml\/#primaryimage","url":"https:\/\/sulin.ee\/wp-content\/uploads\/2024\/01\/Kuj.-White-Modern-Black-Friday-Discount-Instagram-Post-koopia-2.png","contentUrl":"https:\/\/sulin.ee\/wp-content\/uploads\/2024\/01\/Kuj.-White-Modern-Black-Friday-Discount-Instagram-Post-koopia-2.png","width":1080,"height":1080,"caption":"Laste\u0161ampoon-du\u0161\u0161igeel"},{"@type":"BreadcrumbList","@id":"https:\/\/sulin.ee\/en\/toode\/lastesampoon-dussigeel-oliivioli-ja-saialille-ekstraktiga-210-ml\/#breadcrumb","itemListElement":[{"@type":"ListItem","position":1,"name":"Home","item":"https:\/\/sulin.ee\/en\/"},{"@type":"ListItem","position":2,"name":"Sulin.ee e-pood","item":"https:\/\/sulin.ee\/shop\/"},{"@type":"ListItem","position":3,"name":"Laste\u0161ampoon-du\u0161\u0161igeel oliivi\u00f5li ja saialille ekstraktiga 210 ml"}]},{"@type":"WebSite","@id":"https:\/\/sulin.ee\/en\/#website","url":"https:\/\/sulin.ee\/en\/","name":"sulin.ee","description":"","publisher":{"@id":"https:\/\/sulin.ee\/en\/#organization"},"potentialAction":[{"@type":"SearchAction","target":{"@type":"EntryPoint","urlTemplate":"https:\/\/sulin.ee\/en\/?s={search_term_string}"},"query-input":{"@type":"PropertyValueSpecification","valueRequired":true,"valueName":"search_term_string"}}],"inLanguage":"en-US"},{"@type":"Organization","@id":"https:\/\/sulin.ee\/en\/#organization","name":"SULIN TRADE O\u00dc","url":"https:\/\/sulin.ee\/en\/","logo":{"@type":"ImageObject","inLanguage":"en-US","@id":"https:\/\/sulin.ee\/en\/#\/schema\/logo\/image\/","url":"https:\/\/sulin.ee\/wp-content\/uploads\/2022\/11\/sulin-logo.png","contentUrl":"https:\/\/sulin.ee\/wp-content\/uploads\/2022\/11\/sulin-logo.png","width":871,"height":321,"caption":"SULIN TRADE O\u00dc"},"image":{"@id":"https:\/\/sulin.ee\/en\/#\/schema\/logo\/image\/"},"sameAs":["https:\/\/www.facebook.com\/www.sulin.ee\/","https:\/\/www.instagram.com\/sulintrade\/"]}]}},"builder_content":"","_links":{"self":[{"href":"https:\/\/sulin.ee\/en\/wp-json\/wp\/v2\/product\/29081","targetHints":{"allow":["GET"]}}],"collection":[{"href":"https:\/\/sulin.ee\/en\/wp-json\/wp\/v2\/product"}],"about":[{"href":"https:\/\/sulin.ee\/en\/wp-json\/wp\/v2\/types\/product"}],"replies":[{"embeddable":true,"href":"https:\/\/sulin.ee\/en\/wp-json\/wp\/v2\/comments?post=29081"}],"wp:featuredmedia":[{"embeddable":true,"href":"https:\/\/sulin.ee\/en\/wp-json\/wp\/v2\/media\/15993"}],"wp:attachment":[{"href":"https:\/\/sulin.ee\/en\/wp-json\/wp\/v2\/media?parent=29081"}],"wp:term":[{"taxonomy":"product_brand","embeddable":true,"href":"https:\/\/sulin.ee\/en\/wp-json\/wp\/v2\/product_brand?post=29081"},{"taxonomy":"product_cat","embeddable":true,"href":"https:\/\/sulin.ee\/en\/wp-json\/wp\/v2\/product_cat?post=29081"},{"taxonomy":"product_tag","embeddable":true,"href":"https:\/\/sulin.ee\/en\/wp-json\/wp\/v2\/product_tag?post=29081"}],"curies":[{"name":"wp","href":"https:\/\/api.w.org\/{rel}","templated":true}]}}