{"id":29064,"date":"2024-12-14T08:53:33","date_gmt":"2024-12-14T08:53:33","guid":{"rendered":"https:\/\/sulin.ee\/?post_type=product&#038;p=29064"},"modified":"2025-09-07T21:45:52","modified_gmt":"2025-09-07T21:45:52","slug":"origami-loomanaod","status":"publish","type":"product","link":"https:\/\/sulin.ee\/en\/toode\/origami-loomanaod\/","title":{"rendered":"Origami &#8220;Looman\u00e4od&#8221;"},"content":{"rendered":"<p><strong>Origami &#8220;Looman\u00e4od&#8221; on vahva voltimiskomplekt, mis tutvustab v\u00e4ikelapsele populaarset Jaapani kunsti &#8211; origamit.\u00a0<\/strong><\/p>\n<p>J\u00e4rgides juhendis olevaid juhiseid ja lehtedel m\u00e4rgitud jooni saab laps valmistada 24 looman\u00e4gu. Voltimisjooned on lehtedel m\u00e4rgitud. Vaata toodet tutvustavat videot<span style=\"color: #ff9900;\"><a style=\"color: #ff9900;\" href=\"https:\/\/youtu.be\/v5spDGFGnIM\" target=\"_blank\" rel=\"noopener\"> siit<\/a><\/span>.<\/p>\n<p>Tegevuse veelgi p\u00f5nevamaks muutmiseks on n\u00e4olehtede t\u00fchjad versioonid, mille laps saab kleepsude abil oma \u00e4ran\u00e4gemise j\u00e4rgi kohandada.<\/p>\n<p>Vahva tegevus mida teha \u00fcksi v\u00f5i koos s\u00f5pradega.<\/p>\n<p><strong>Komplektis:<\/strong> 24 loomalehte (20 x 20 cm), 3 lehte kleebisied ja voltimisjuhis.<\/p>\n<p>Sobib lapsele alates 4. eluaastast.<\/p>\n","protected":false},"excerpt":{"rendered":"<p>Origami &#8220;Looman\u00e4od&#8221; on vahva voltimiskomplekt, mis tutvustab v\u00e4ikelapsele populaarset Jaapani kunsti &#8211; origamit.\u00a0 J\u00e4rgides juhendis olevaid juhiseid ja lehtedel m\u00e4rgitud jooni saab laps valmistada 24 looman\u00e4gu. Voltimisjooned on lehtedel m\u00e4rgitud. Vaata toodet tutvustavat videot siit. Tegevuse veelgi p\u00f5nevamaks muutmiseks on n\u00e4olehtede t\u00fchjad versioonid, mille laps saab kleepsude abil oma \u00e4ran\u00e4gemise j\u00e4rgi kohandada. Vahva tegevus mida [&hellip;]<\/p>\n","protected":false},"featured_media":15162,"comment_status":"open","ping_status":"closed","template":"","meta":[],"product_brand":[],"product_cat":[1162,1165,1166,102,1017,928],"product_tag":[],"class_list":{"0":"post-29064","1":"product","2":"type-product","3":"status-publish","4":"has-post-thumbnail","6":"product_cat-kingituseks","7":"product_cat-3-5-aastat","8":"product_cat-6-8-aastat","9":"product_cat-kunstivahendid","10":"product_cat-meisterdamine","11":"product_cat-djeco","12":"has-post-title","13":"has-post-date","14":"has-post-category","15":"has-post-tag","16":"has-post-comment","17":"has-post-author","18":"","20":"first","21":"instock","22":"sale","23":"taxable","24":"shipping-taxable","25":"purchasable","26":"product-type-simple"},"yoast_head":"<!-- This site is optimized with the Yoast SEO plugin v26.8 - https:\/\/yoast.com\/product\/yoast-seo-wordpress\/ -->\n<title>Origami &quot;Looman\u00e4od&quot; - sulin.ee<\/title>\n<meta name=\"description\" content=\"Origami &quot;Looman\u00e4od&quot; on vahva voltimiskomplekt, mis tutvustab v\u00e4ikelapsele populaarset Jaapani kunsti - origamit. Laps valmistada 24 looman\u00e4gu.\" \/>\n<meta name=\"robots\" content=\"index, follow, max-snippet:-1, max-image-preview:large, max-video-preview:-1\" \/>\n<link rel=\"canonical\" href=\"https:\/\/sulin.ee\/en\/toode\/origami-loomanaod\/\" \/>\n<meta property=\"og:locale\" content=\"en_US\" \/>\n<meta property=\"og:type\" content=\"article\" \/>\n<meta property=\"og:title\" content=\"Origami &quot;Looman\u00e4od&quot; - sulin.ee\" \/>\n<meta property=\"og:description\" content=\"Origami &quot;Looman\u00e4od&quot; on vahva voltimiskomplekt, mis tutvustab v\u00e4ikelapsele populaarset Jaapani kunsti - origamit. Laps valmistada 24 looman\u00e4gu.\" \/>\n<meta property=\"og:url\" content=\"https:\/\/sulin.ee\/en\/toode\/origami-loomanaod\/\" \/>\n<meta property=\"og:site_name\" content=\"sulin.ee\" \/>\n<meta property=\"article:publisher\" content=\"https:\/\/www.facebook.com\/www.sulin.ee\/\" \/>\n<meta property=\"article:modified_time\" content=\"2025-09-07T21:45:52+00:00\" \/>\n<meta property=\"og:image\" content=\"https:\/\/sulin.ee\/wp-content\/uploads\/2023\/11\/2.png\" \/>\n\t<meta property=\"og:image:width\" content=\"1080\" \/>\n\t<meta property=\"og:image:height\" content=\"1080\" \/>\n\t<meta property=\"og:image:type\" content=\"image\/png\" \/>\n<meta name=\"twitter:card\" content=\"summary_large_image\" \/>\n<meta name=\"twitter:label1\" content=\"Est. reading time\" \/>\n\t<meta name=\"twitter:data1\" content=\"1 minute\" \/>\n<script type=\"application\/ld+json\" class=\"yoast-schema-graph\">{\"@context\":\"https:\/\/schema.org\",\"@graph\":[{\"@type\":\"WebPage\",\"@id\":\"https:\/\/sulin.ee\/en\/toode\/origami-loomanaod\/\",\"url\":\"https:\/\/sulin.ee\/en\/toode\/origami-loomanaod\/\",\"name\":\"Origami \\\"Looman\u00e4od\\\" - sulin.ee\",\"isPartOf\":{\"@id\":\"https:\/\/sulin.ee\/en\/#website\"},\"primaryImageOfPage\":{\"@id\":\"https:\/\/sulin.ee\/en\/toode\/origami-loomanaod\/#primaryimage\"},\"image\":{\"@id\":\"https:\/\/sulin.ee\/en\/toode\/origami-loomanaod\/#primaryimage\"},\"thumbnailUrl\":\"https:\/\/sulin.ee\/wp-content\/uploads\/2023\/11\/2.png\",\"datePublished\":\"2024-12-14T08:53:33+00:00\",\"dateModified\":\"2025-09-07T21:45:52+00:00\",\"description\":\"Origami \\\"Looman\u00e4od\\\" on vahva voltimiskomplekt, mis tutvustab v\u00e4ikelapsele populaarset Jaapani kunsti - origamit. Laps valmistada 24 looman\u00e4gu.\",\"breadcrumb\":{\"@id\":\"https:\/\/sulin.ee\/en\/toode\/origami-loomanaod\/#breadcrumb\"},\"inLanguage\":\"en-US\",\"potentialAction\":[{\"@type\":\"ReadAction\",\"target\":[\"https:\/\/sulin.ee\/en\/toode\/origami-loomanaod\/\"]}]},{\"@type\":\"ImageObject\",\"inLanguage\":\"en-US\",\"@id\":\"https:\/\/sulin.ee\/en\/toode\/origami-loomanaod\/#primaryimage\",\"url\":\"https:\/\/sulin.ee\/wp-content\/uploads\/2023\/11\/2.png\",\"contentUrl\":\"https:\/\/sulin.ee\/wp-content\/uploads\/2023\/11\/2.png\",\"width\":1080,\"height\":1080},{\"@type\":\"BreadcrumbList\",\"@id\":\"https:\/\/sulin.ee\/en\/toode\/origami-loomanaod\/#breadcrumb\",\"itemListElement\":[{\"@type\":\"ListItem\",\"position\":1,\"name\":\"Home\",\"item\":\"https:\/\/sulin.ee\/en\/\"},{\"@type\":\"ListItem\",\"position\":2,\"name\":\"Sulin.ee e-pood\",\"item\":\"https:\/\/sulin.ee\/shop\/\"},{\"@type\":\"ListItem\",\"position\":3,\"name\":\"Origami &#8220;Looman\u00e4od&#8221;\"}]},{\"@type\":\"WebSite\",\"@id\":\"https:\/\/sulin.ee\/en\/#website\",\"url\":\"https:\/\/sulin.ee\/en\/\",\"name\":\"sulin.ee\",\"description\":\"\",\"publisher\":{\"@id\":\"https:\/\/sulin.ee\/en\/#organization\"},\"potentialAction\":[{\"@type\":\"SearchAction\",\"target\":{\"@type\":\"EntryPoint\",\"urlTemplate\":\"https:\/\/sulin.ee\/en\/?s={search_term_string}\"},\"query-input\":{\"@type\":\"PropertyValueSpecification\",\"valueRequired\":true,\"valueName\":\"search_term_string\"}}],\"inLanguage\":\"en-US\"},{\"@type\":\"Organization\",\"@id\":\"https:\/\/sulin.ee\/en\/#organization\",\"name\":\"SULIN TRADE O\u00dc\",\"url\":\"https:\/\/sulin.ee\/en\/\",\"logo\":{\"@type\":\"ImageObject\",\"inLanguage\":\"en-US\",\"@id\":\"https:\/\/sulin.ee\/en\/#\/schema\/logo\/image\/\",\"url\":\"https:\/\/sulin.ee\/wp-content\/uploads\/2022\/11\/sulin-logo.png\",\"contentUrl\":\"https:\/\/sulin.ee\/wp-content\/uploads\/2022\/11\/sulin-logo.png\",\"width\":871,\"height\":321,\"caption\":\"SULIN TRADE O\u00dc\"},\"image\":{\"@id\":\"https:\/\/sulin.ee\/en\/#\/schema\/logo\/image\/\"},\"sameAs\":[\"https:\/\/www.facebook.com\/www.sulin.ee\/\",\"https:\/\/www.instagram.com\/sulintrade\/\"]}]}<\/script>\n<!-- \/ Yoast SEO plugin. -->","yoast_head_json":{"title":"Origami \"Looman\u00e4od\" - sulin.ee","description":"Origami \"Looman\u00e4od\" on vahva voltimiskomplekt, mis tutvustab v\u00e4ikelapsele populaarset Jaapani kunsti - origamit. Laps valmistada 24 looman\u00e4gu.","robots":{"index":"index","follow":"follow","max-snippet":"max-snippet:-1","max-image-preview":"max-image-preview:large","max-video-preview":"max-video-preview:-1"},"canonical":"https:\/\/sulin.ee\/en\/toode\/origami-loomanaod\/","og_locale":"en_US","og_type":"article","og_title":"Origami \"Looman\u00e4od\" - sulin.ee","og_description":"Origami \"Looman\u00e4od\" on vahva voltimiskomplekt, mis tutvustab v\u00e4ikelapsele populaarset Jaapani kunsti - origamit. Laps valmistada 24 looman\u00e4gu.","og_url":"https:\/\/sulin.ee\/en\/toode\/origami-loomanaod\/","og_site_name":"sulin.ee","article_publisher":"https:\/\/www.facebook.com\/www.sulin.ee\/","article_modified_time":"2025-09-07T21:45:52+00:00","og_image":[{"width":1080,"height":1080,"url":"https:\/\/sulin.ee\/wp-content\/uploads\/2023\/11\/2.png","type":"image\/png"}],"twitter_card":"summary_large_image","twitter_misc":{"Est. reading time":"1 minute"},"schema":{"@context":"https:\/\/schema.org","@graph":[{"@type":"WebPage","@id":"https:\/\/sulin.ee\/en\/toode\/origami-loomanaod\/","url":"https:\/\/sulin.ee\/en\/toode\/origami-loomanaod\/","name":"Origami \"Looman\u00e4od\" - sulin.ee","isPartOf":{"@id":"https:\/\/sulin.ee\/en\/#website"},"primaryImageOfPage":{"@id":"https:\/\/sulin.ee\/en\/toode\/origami-loomanaod\/#primaryimage"},"image":{"@id":"https:\/\/sulin.ee\/en\/toode\/origami-loomanaod\/#primaryimage"},"thumbnailUrl":"https:\/\/sulin.ee\/wp-content\/uploads\/2023\/11\/2.png","datePublished":"2024-12-14T08:53:33+00:00","dateModified":"2025-09-07T21:45:52+00:00","description":"Origami \"Looman\u00e4od\" on vahva voltimiskomplekt, mis tutvustab v\u00e4ikelapsele populaarset Jaapani kunsti - origamit. Laps valmistada 24 looman\u00e4gu.","breadcrumb":{"@id":"https:\/\/sulin.ee\/en\/toode\/origami-loomanaod\/#breadcrumb"},"inLanguage":"en-US","potentialAction":[{"@type":"ReadAction","target":["https:\/\/sulin.ee\/en\/toode\/origami-loomanaod\/"]}]},{"@type":"ImageObject","inLanguage":"en-US","@id":"https:\/\/sulin.ee\/en\/toode\/origami-loomanaod\/#primaryimage","url":"https:\/\/sulin.ee\/wp-content\/uploads\/2023\/11\/2.png","contentUrl":"https:\/\/sulin.ee\/wp-content\/uploads\/2023\/11\/2.png","width":1080,"height":1080},{"@type":"BreadcrumbList","@id":"https:\/\/sulin.ee\/en\/toode\/origami-loomanaod\/#breadcrumb","itemListElement":[{"@type":"ListItem","position":1,"name":"Home","item":"https:\/\/sulin.ee\/en\/"},{"@type":"ListItem","position":2,"name":"Sulin.ee e-pood","item":"https:\/\/sulin.ee\/shop\/"},{"@type":"ListItem","position":3,"name":"Origami &#8220;Looman\u00e4od&#8221;"}]},{"@type":"WebSite","@id":"https:\/\/sulin.ee\/en\/#website","url":"https:\/\/sulin.ee\/en\/","name":"sulin.ee","description":"","publisher":{"@id":"https:\/\/sulin.ee\/en\/#organization"},"potentialAction":[{"@type":"SearchAction","target":{"@type":"EntryPoint","urlTemplate":"https:\/\/sulin.ee\/en\/?s={search_term_string}"},"query-input":{"@type":"PropertyValueSpecification","valueRequired":true,"valueName":"search_term_string"}}],"inLanguage":"en-US"},{"@type":"Organization","@id":"https:\/\/sulin.ee\/en\/#organization","name":"SULIN TRADE O\u00dc","url":"https:\/\/sulin.ee\/en\/","logo":{"@type":"ImageObject","inLanguage":"en-US","@id":"https:\/\/sulin.ee\/en\/#\/schema\/logo\/image\/","url":"https:\/\/sulin.ee\/wp-content\/uploads\/2022\/11\/sulin-logo.png","contentUrl":"https:\/\/sulin.ee\/wp-content\/uploads\/2022\/11\/sulin-logo.png","width":871,"height":321,"caption":"SULIN TRADE O\u00dc"},"image":{"@id":"https:\/\/sulin.ee\/en\/#\/schema\/logo\/image\/"},"sameAs":["https:\/\/www.facebook.com\/www.sulin.ee\/","https:\/\/www.instagram.com\/sulintrade\/"]}]}},"builder_content":"","_links":{"self":[{"href":"https:\/\/sulin.ee\/en\/wp-json\/wp\/v2\/product\/29064","targetHints":{"allow":["GET"]}}],"collection":[{"href":"https:\/\/sulin.ee\/en\/wp-json\/wp\/v2\/product"}],"about":[{"href":"https:\/\/sulin.ee\/en\/wp-json\/wp\/v2\/types\/product"}],"replies":[{"embeddable":true,"href":"https:\/\/sulin.ee\/en\/wp-json\/wp\/v2\/comments?post=29064"}],"wp:featuredmedia":[{"embeddable":true,"href":"https:\/\/sulin.ee\/en\/wp-json\/wp\/v2\/media\/15162"}],"wp:attachment":[{"href":"https:\/\/sulin.ee\/en\/wp-json\/wp\/v2\/media?parent=29064"}],"wp:term":[{"taxonomy":"product_brand","embeddable":true,"href":"https:\/\/sulin.ee\/en\/wp-json\/wp\/v2\/product_brand?post=29064"},{"taxonomy":"product_cat","embeddable":true,"href":"https:\/\/sulin.ee\/en\/wp-json\/wp\/v2\/product_cat?post=29064"},{"taxonomy":"product_tag","embeddable":true,"href":"https:\/\/sulin.ee\/en\/wp-json\/wp\/v2\/product_tag?post=29064"}],"curies":[{"name":"wp","href":"https:\/\/api.w.org\/{rel}","templated":true}]}}