{"id":29062,"date":"2024-12-14T08:53:16","date_gmt":"2024-12-14T08:53:16","guid":{"rendered":"https:\/\/sulin.ee\/?post_type=product&#038;p=29062"},"modified":"2025-12-12T18:58:07","modified_gmt":"2025-12-12T18:58:07","slug":"napuvarvide-komplekt-sadelus-6tk","status":"publish","type":"product","link":"https:\/\/sulin.ee\/en\/toode\/napuvarvide-komplekt-sadelus-6tk\/","title":{"rendered":"N\u00e4puv\u00e4rvide komplekt &#8220;S\u00e4delus&#8221; (6tk)"},"content":{"rendered":"<p><strong>N\u00e4puv\u00e4rvide komplekt &#8220;S\u00e4delus&#8221; on m\u00f5eldud v\u00e4ikesele kunstnikule. N\u00e4puv\u00e4rvidega v\u00e4rvimine rahustab last ning ergutab tema meeli. V\u00e4rve on lihtne tuubist v\u00e4lja pigistada ning need sobivad nii pintsli, svammi kui n\u00e4puga v\u00e4rvimiseks. Suurep\u00e4rane vahend v\u00e4ikelapsel teha tutvust v\u00e4rvidemaailmaga ning maalida oma esimesed kunstiteosed. Loomulikult sobivad need ka suurematele lastele!<\/strong><\/p>\n<p>V\u00e4rvid on erksad ning paksu konsistentsiga, katavad h\u00e4sti pinda, veep\u00f5hised, v\u00e4ljapestavad ja m\u00fcrkainetevabad.<\/p>\n<p><strong>Komplektis 6 erinevat s\u00e4delevat v\u00e4rvi (6 x 75ml):<\/strong> roosa, kuldne, sinine, roheline, lilla ja punane. Lisaks on komplektis \u00fcks alus v\u00e4rvide segamiseks.<\/p>\n<p>V\u00e4rvid vastavad Euroopa ohutusstandartitele, on kergesti maha pestavad ning ei sisalda ohtlikke kemikaale.<\/p>\n<p>Sobib lastele alates 18. elukuud.<\/p>\n<p><strong>Vaata ka teisi e-poes saadaval olevaid n\u00e4puv\u00e4rve:<\/strong><\/p>\n<p><span style=\"color: #ff9900;\"><a style=\"color: #ff9900;\" href=\"https:\/\/sulin.ee\/toode\/napuvarvide-komplekt-magus-6tk\/\" target=\"_blank\" rel=\"noopener\">N\u00e4puv\u00e4rvide komplekt &#8220;Magus&#8221;<\/a><\/span><\/p>\n<p><span style=\"color: #ff9900;\"><a style=\"color: #ff9900;\" href=\"https:\/\/sulin.ee\/toode\/napuvarvide-komplekt-6tk\/\" target=\"_blank\" rel=\"noopener\">N\u00e4puv\u00e4rvide komplekt<\/a><\/span><\/p>\n<p>Vaata ka teisi vahvaid ja arendavaid DJECO m\u00e4nguasju\u00a0<span style=\"color: #0000ff;\"><a style=\"color: #0000ff;\" href=\"https:\/\/sulin.ee\/tootekategooria\/brandid\/djeco\/\" target=\"_blank\" rel=\"noopener\"><span style=\"color: #ff9900;\">siit<\/span>.<\/a><\/span><\/p>\n","protected":false},"excerpt":{"rendered":"<p>N\u00e4puv\u00e4rvide komplekt &#8220;S\u00e4delus&#8221; on m\u00f5eldud v\u00e4ikesele kunstnikule. N\u00e4puv\u00e4rvidega v\u00e4rvimine rahustab last ning ergutab tema meeli. V\u00e4rve on lihtne tuubist v\u00e4lja pigistada ning need sobivad nii pintsli, svammi kui n\u00e4puga v\u00e4rvimiseks. Suurep\u00e4rane vahend v\u00e4ikelapsel teha tutvust v\u00e4rvidemaailmaga ning maalida oma esimesed kunstiteosed. Loomulikult sobivad need ka suurematele lastele! V\u00e4rvid on erksad ning paksu konsistentsiga, katavad h\u00e4sti [&hellip;]<\/p>\n","protected":false},"featured_media":14874,"comment_status":"open","ping_status":"closed","template":"","meta":[],"product_brand":[],"product_cat":[1162,1164,1165,102,1018,928],"product_tag":[],"class_list":{"0":"post-29062","1":"product","2":"type-product","3":"status-publish","4":"has-post-thumbnail","6":"product_cat-kingituseks","7":"product_cat-1-3-aastat","8":"product_cat-3-5-aastat","9":"product_cat-kunstivahendid","10":"product_cat-maalimine","11":"product_cat-djeco","12":"has-post-title","13":"has-post-date","14":"has-post-category","15":"has-post-tag","16":"has-post-comment","17":"has-post-author","18":"","20":"first","21":"instock","22":"sale","23":"taxable","24":"shipping-taxable","25":"purchasable","26":"product-type-simple"},"yoast_head":"<!-- This site is optimized with the Yoast SEO plugin v26.8 - https:\/\/yoast.com\/product\/yoast-seo-wordpress\/ -->\n<title>N\u00e4puv\u00e4rvide komplekt &quot;S\u00e4delus&quot; (6tk) - sulin.ee<\/title>\n<meta name=\"robots\" content=\"index, follow, max-snippet:-1, max-image-preview:large, max-video-preview:-1\" \/>\n<link rel=\"canonical\" href=\"https:\/\/sulin.ee\/en\/toode\/napuvarvide-komplekt-sadelus-6tk\/\" \/>\n<meta property=\"og:locale\" content=\"en_US\" \/>\n<meta property=\"og:type\" content=\"article\" \/>\n<meta property=\"og:title\" content=\"N\u00e4puv\u00e4rvide komplekt &quot;S\u00e4delus&quot; (6tk) - sulin.ee\" \/>\n<meta property=\"og:description\" content=\"N\u00e4puv\u00e4rvide komplekt &#8220;S\u00e4delus&#8221; on m\u00f5eldud v\u00e4ikesele kunstnikule. N\u00e4puv\u00e4rvidega v\u00e4rvimine rahustab last ning ergutab tema meeli. V\u00e4rve on lihtne tuubist v\u00e4lja pigistada ning need sobivad nii pintsli, svammi kui n\u00e4puga v\u00e4rvimiseks. Suurep\u00e4rane vahend v\u00e4ikelapsel teha tutvust v\u00e4rvidemaailmaga ning maalida oma esimesed kunstiteosed. Loomulikult sobivad need ka suurematele lastele! V\u00e4rvid on erksad ning paksu konsistentsiga, katavad h\u00e4sti [&hellip;]\" \/>\n<meta property=\"og:url\" content=\"https:\/\/sulin.ee\/en\/toode\/napuvarvide-komplekt-sadelus-6tk\/\" \/>\n<meta property=\"og:site_name\" content=\"sulin.ee\" \/>\n<meta property=\"article:publisher\" content=\"https:\/\/www.facebook.com\/www.sulin.ee\/\" \/>\n<meta property=\"article:modified_time\" content=\"2025-12-12T18:58:07+00:00\" \/>\n<meta property=\"og:image\" content=\"https:\/\/sulin.ee\/wp-content\/uploads\/2023\/11\/11078-DJ09017-6-tuubi-napuvarvi-sadelus.jpg\" \/>\n\t<meta property=\"og:image:width\" content=\"600\" \/>\n\t<meta property=\"og:image:height\" content=\"600\" \/>\n\t<meta property=\"og:image:type\" content=\"image\/jpeg\" \/>\n<meta name=\"twitter:card\" content=\"summary_large_image\" \/>\n<meta name=\"twitter:label1\" content=\"Est. reading time\" \/>\n\t<meta name=\"twitter:data1\" content=\"1 minute\" \/>\n<script type=\"application\/ld+json\" class=\"yoast-schema-graph\">{\"@context\":\"https:\/\/schema.org\",\"@graph\":[{\"@type\":\"WebPage\",\"@id\":\"https:\/\/sulin.ee\/en\/toode\/napuvarvide-komplekt-sadelus-6tk\/\",\"url\":\"https:\/\/sulin.ee\/en\/toode\/napuvarvide-komplekt-sadelus-6tk\/\",\"name\":\"N\u00e4puv\u00e4rvide komplekt \\\"S\u00e4delus\\\" (6tk) - sulin.ee\",\"isPartOf\":{\"@id\":\"https:\/\/sulin.ee\/en\/#website\"},\"primaryImageOfPage\":{\"@id\":\"https:\/\/sulin.ee\/en\/toode\/napuvarvide-komplekt-sadelus-6tk\/#primaryimage\"},\"image\":{\"@id\":\"https:\/\/sulin.ee\/en\/toode\/napuvarvide-komplekt-sadelus-6tk\/#primaryimage\"},\"thumbnailUrl\":\"https:\/\/sulin.ee\/wp-content\/uploads\/2023\/11\/11078-DJ09017-6-tuubi-napuvarvi-sadelus.jpg\",\"datePublished\":\"2024-12-14T08:53:16+00:00\",\"dateModified\":\"2025-12-12T18:58:07+00:00\",\"breadcrumb\":{\"@id\":\"https:\/\/sulin.ee\/en\/toode\/napuvarvide-komplekt-sadelus-6tk\/#breadcrumb\"},\"inLanguage\":\"en-US\",\"potentialAction\":[{\"@type\":\"ReadAction\",\"target\":[\"https:\/\/sulin.ee\/en\/toode\/napuvarvide-komplekt-sadelus-6tk\/\"]}]},{\"@type\":\"ImageObject\",\"inLanguage\":\"en-US\",\"@id\":\"https:\/\/sulin.ee\/en\/toode\/napuvarvide-komplekt-sadelus-6tk\/#primaryimage\",\"url\":\"https:\/\/sulin.ee\/wp-content\/uploads\/2023\/11\/11078-DJ09017-6-tuubi-napuvarvi-sadelus.jpg\",\"contentUrl\":\"https:\/\/sulin.ee\/wp-content\/uploads\/2023\/11\/11078-DJ09017-6-tuubi-napuvarvi-sadelus.jpg\",\"width\":600,\"height\":600,\"caption\":\"N\u00e4puv\u00e4rvide komplekt \\\"S\u00e4delus\\\"\"},{\"@type\":\"BreadcrumbList\",\"@id\":\"https:\/\/sulin.ee\/en\/toode\/napuvarvide-komplekt-sadelus-6tk\/#breadcrumb\",\"itemListElement\":[{\"@type\":\"ListItem\",\"position\":1,\"name\":\"Home\",\"item\":\"https:\/\/sulin.ee\/en\/\"},{\"@type\":\"ListItem\",\"position\":2,\"name\":\"Sulin.ee e-pood\",\"item\":\"https:\/\/sulin.ee\/shop\/\"},{\"@type\":\"ListItem\",\"position\":3,\"name\":\"N\u00e4puv\u00e4rvide komplekt &#8220;S\u00e4delus&#8221; (6tk)\"}]},{\"@type\":\"WebSite\",\"@id\":\"https:\/\/sulin.ee\/en\/#website\",\"url\":\"https:\/\/sulin.ee\/en\/\",\"name\":\"sulin.ee\",\"description\":\"\",\"publisher\":{\"@id\":\"https:\/\/sulin.ee\/en\/#organization\"},\"potentialAction\":[{\"@type\":\"SearchAction\",\"target\":{\"@type\":\"EntryPoint\",\"urlTemplate\":\"https:\/\/sulin.ee\/en\/?s={search_term_string}\"},\"query-input\":{\"@type\":\"PropertyValueSpecification\",\"valueRequired\":true,\"valueName\":\"search_term_string\"}}],\"inLanguage\":\"en-US\"},{\"@type\":\"Organization\",\"@id\":\"https:\/\/sulin.ee\/en\/#organization\",\"name\":\"SULIN TRADE O\u00dc\",\"url\":\"https:\/\/sulin.ee\/en\/\",\"logo\":{\"@type\":\"ImageObject\",\"inLanguage\":\"en-US\",\"@id\":\"https:\/\/sulin.ee\/en\/#\/schema\/logo\/image\/\",\"url\":\"https:\/\/sulin.ee\/wp-content\/uploads\/2022\/11\/sulin-logo.png\",\"contentUrl\":\"https:\/\/sulin.ee\/wp-content\/uploads\/2022\/11\/sulin-logo.png\",\"width\":871,\"height\":321,\"caption\":\"SULIN TRADE O\u00dc\"},\"image\":{\"@id\":\"https:\/\/sulin.ee\/en\/#\/schema\/logo\/image\/\"},\"sameAs\":[\"https:\/\/www.facebook.com\/www.sulin.ee\/\",\"https:\/\/www.instagram.com\/sulintrade\/\"]}]}<\/script>\n<!-- \/ Yoast SEO plugin. -->","yoast_head_json":{"title":"N\u00e4puv\u00e4rvide komplekt \"S\u00e4delus\" (6tk) - sulin.ee","robots":{"index":"index","follow":"follow","max-snippet":"max-snippet:-1","max-image-preview":"max-image-preview:large","max-video-preview":"max-video-preview:-1"},"canonical":"https:\/\/sulin.ee\/en\/toode\/napuvarvide-komplekt-sadelus-6tk\/","og_locale":"en_US","og_type":"article","og_title":"N\u00e4puv\u00e4rvide komplekt \"S\u00e4delus\" (6tk) - sulin.ee","og_description":"N\u00e4puv\u00e4rvide komplekt &#8220;S\u00e4delus&#8221; on m\u00f5eldud v\u00e4ikesele kunstnikule. N\u00e4puv\u00e4rvidega v\u00e4rvimine rahustab last ning ergutab tema meeli. V\u00e4rve on lihtne tuubist v\u00e4lja pigistada ning need sobivad nii pintsli, svammi kui n\u00e4puga v\u00e4rvimiseks. Suurep\u00e4rane vahend v\u00e4ikelapsel teha tutvust v\u00e4rvidemaailmaga ning maalida oma esimesed kunstiteosed. Loomulikult sobivad need ka suurematele lastele! V\u00e4rvid on erksad ning paksu konsistentsiga, katavad h\u00e4sti [&hellip;]","og_url":"https:\/\/sulin.ee\/en\/toode\/napuvarvide-komplekt-sadelus-6tk\/","og_site_name":"sulin.ee","article_publisher":"https:\/\/www.facebook.com\/www.sulin.ee\/","article_modified_time":"2025-12-12T18:58:07+00:00","og_image":[{"width":600,"height":600,"url":"https:\/\/sulin.ee\/wp-content\/uploads\/2023\/11\/11078-DJ09017-6-tuubi-napuvarvi-sadelus.jpg","type":"image\/jpeg"}],"twitter_card":"summary_large_image","twitter_misc":{"Est. reading time":"1 minute"},"schema":{"@context":"https:\/\/schema.org","@graph":[{"@type":"WebPage","@id":"https:\/\/sulin.ee\/en\/toode\/napuvarvide-komplekt-sadelus-6tk\/","url":"https:\/\/sulin.ee\/en\/toode\/napuvarvide-komplekt-sadelus-6tk\/","name":"N\u00e4puv\u00e4rvide komplekt \"S\u00e4delus\" (6tk) - sulin.ee","isPartOf":{"@id":"https:\/\/sulin.ee\/en\/#website"},"primaryImageOfPage":{"@id":"https:\/\/sulin.ee\/en\/toode\/napuvarvide-komplekt-sadelus-6tk\/#primaryimage"},"image":{"@id":"https:\/\/sulin.ee\/en\/toode\/napuvarvide-komplekt-sadelus-6tk\/#primaryimage"},"thumbnailUrl":"https:\/\/sulin.ee\/wp-content\/uploads\/2023\/11\/11078-DJ09017-6-tuubi-napuvarvi-sadelus.jpg","datePublished":"2024-12-14T08:53:16+00:00","dateModified":"2025-12-12T18:58:07+00:00","breadcrumb":{"@id":"https:\/\/sulin.ee\/en\/toode\/napuvarvide-komplekt-sadelus-6tk\/#breadcrumb"},"inLanguage":"en-US","potentialAction":[{"@type":"ReadAction","target":["https:\/\/sulin.ee\/en\/toode\/napuvarvide-komplekt-sadelus-6tk\/"]}]},{"@type":"ImageObject","inLanguage":"en-US","@id":"https:\/\/sulin.ee\/en\/toode\/napuvarvide-komplekt-sadelus-6tk\/#primaryimage","url":"https:\/\/sulin.ee\/wp-content\/uploads\/2023\/11\/11078-DJ09017-6-tuubi-napuvarvi-sadelus.jpg","contentUrl":"https:\/\/sulin.ee\/wp-content\/uploads\/2023\/11\/11078-DJ09017-6-tuubi-napuvarvi-sadelus.jpg","width":600,"height":600,"caption":"N\u00e4puv\u00e4rvide komplekt \"S\u00e4delus\""},{"@type":"BreadcrumbList","@id":"https:\/\/sulin.ee\/en\/toode\/napuvarvide-komplekt-sadelus-6tk\/#breadcrumb","itemListElement":[{"@type":"ListItem","position":1,"name":"Home","item":"https:\/\/sulin.ee\/en\/"},{"@type":"ListItem","position":2,"name":"Sulin.ee e-pood","item":"https:\/\/sulin.ee\/shop\/"},{"@type":"ListItem","position":3,"name":"N\u00e4puv\u00e4rvide komplekt &#8220;S\u00e4delus&#8221; (6tk)"}]},{"@type":"WebSite","@id":"https:\/\/sulin.ee\/en\/#website","url":"https:\/\/sulin.ee\/en\/","name":"sulin.ee","description":"","publisher":{"@id":"https:\/\/sulin.ee\/en\/#organization"},"potentialAction":[{"@type":"SearchAction","target":{"@type":"EntryPoint","urlTemplate":"https:\/\/sulin.ee\/en\/?s={search_term_string}"},"query-input":{"@type":"PropertyValueSpecification","valueRequired":true,"valueName":"search_term_string"}}],"inLanguage":"en-US"},{"@type":"Organization","@id":"https:\/\/sulin.ee\/en\/#organization","name":"SULIN TRADE O\u00dc","url":"https:\/\/sulin.ee\/en\/","logo":{"@type":"ImageObject","inLanguage":"en-US","@id":"https:\/\/sulin.ee\/en\/#\/schema\/logo\/image\/","url":"https:\/\/sulin.ee\/wp-content\/uploads\/2022\/11\/sulin-logo.png","contentUrl":"https:\/\/sulin.ee\/wp-content\/uploads\/2022\/11\/sulin-logo.png","width":871,"height":321,"caption":"SULIN TRADE O\u00dc"},"image":{"@id":"https:\/\/sulin.ee\/en\/#\/schema\/logo\/image\/"},"sameAs":["https:\/\/www.facebook.com\/www.sulin.ee\/","https:\/\/www.instagram.com\/sulintrade\/"]}]}},"builder_content":"","_links":{"self":[{"href":"https:\/\/sulin.ee\/en\/wp-json\/wp\/v2\/product\/29062","targetHints":{"allow":["GET"]}}],"collection":[{"href":"https:\/\/sulin.ee\/en\/wp-json\/wp\/v2\/product"}],"about":[{"href":"https:\/\/sulin.ee\/en\/wp-json\/wp\/v2\/types\/product"}],"replies":[{"embeddable":true,"href":"https:\/\/sulin.ee\/en\/wp-json\/wp\/v2\/comments?post=29062"}],"wp:featuredmedia":[{"embeddable":true,"href":"https:\/\/sulin.ee\/en\/wp-json\/wp\/v2\/media\/14874"}],"wp:attachment":[{"href":"https:\/\/sulin.ee\/en\/wp-json\/wp\/v2\/media?parent=29062"}],"wp:term":[{"taxonomy":"product_brand","embeddable":true,"href":"https:\/\/sulin.ee\/en\/wp-json\/wp\/v2\/product_brand?post=29062"},{"taxonomy":"product_cat","embeddable":true,"href":"https:\/\/sulin.ee\/en\/wp-json\/wp\/v2\/product_cat?post=29062"},{"taxonomy":"product_tag","embeddable":true,"href":"https:\/\/sulin.ee\/en\/wp-json\/wp\/v2\/product_tag?post=29062"}],"curies":[{"name":"wp","href":"https:\/\/api.w.org\/{rel}","templated":true}]}}