{"id":28999,"date":"2024-12-14T08:50:36","date_gmt":"2024-12-14T08:50:36","guid":{"rendered":"https:\/\/sulin.ee\/?post_type=product&#038;p=28999"},"modified":"2025-09-07T21:45:52","modified_gmt":"2025-09-07T21:45:52","slug":"korduvkasutatavad-kleepsud-riided-djeco","status":"publish","type":"product","link":"https:\/\/sulin.ee\/en\/toode\/korduvkasutatavad-kleepsud-riided-djeco\/","title":{"rendered":"Korduvkasutatavad kleepsud \u201cRiided\u201d"},"content":{"rendered":"<p><strong>Korduvkasutatavad kleepsud &#8220;Riided&#8221; on suurep\u00e4rane vahend lastele, et \u00f5ppida tundma erinevaid riideesemeid ja arendada silma-k\u00e4e koordinatsiooni. Komplekti kuulub alus, millel on kujutatud kahte last \u2013 poissi ja t\u00fcdrukut. Lapsed saavad neile r\u00f5\u00f5muga ise riideid valida ja neid riietada, kasutades mitmek\u00fclgset valikut korduvkasutatavaid kleepse.<\/strong><\/p>\n<p><a href=\"https:\/\/www.djeco.com\/\">Djeco<\/a> korduvkasutatavad kleepsud on valmistatud pehmest ja paksust materjalist, mis muudab need kergesti eemaldatavaks ja korduvkasutatavaks. See teeb komplektist ideaalse kaaslase igasugustele reisidele v\u00f5i pikematele autos\u00f5itudele, kuna kleepsude kinnitamine ja eemaldamine pakub lapsele meelelahutust ja hoiab neid aktiivselt tegutsemas.<\/p>\n<p>Lisaks riideesemete tundma\u00f5ppimisele aitab see m\u00e4ng arendada lapse peenmotoorseid oskusi ja loovat m\u00f5tlemist, kuna nad saavad erinevaid riietusi omavahel kombineerida ja erinevaid v\u00e4limusi katsetada. V\u00e4ga praktiline ja mugav kaasas kanda, tagab korduvkasutatavad kleepsud &#8220;Riided&#8221; l\u00f5busa ja hariva tegevuse igal ajal ja igas kohas. See on suurep\u00e4rane v\u00f5imalus lapsi kaasata, pakkudes neile l\u00f5busat ja \u00f5petlikku meelelahutust lennureiside, autos\u00f5itude v\u00f5i muude v\u00e4ljas\u00f5itude ajal.<\/p>\n<p>Komplekti kuulub \u00fcks illustratsioonidega alus ja \u00fcks leht korduvkasutatavate kleepsudega.<\/p>\n<p>Sobib lapsele vanuses 18+ elukuud.<\/p>\n<p><strong>Vaata ka teisi teemasid siit:<\/strong><\/p>\n<p><span style=\"color: #0000ff;\"><a style=\"color: #0000ff;\" href=\"https:\/\/sulin.ee\/toode\/korduvkasutatavad-kleepsud-maja\/?preview_id=14145&amp;preview_nonce=c66879d45d&amp;_thumbnail_id=14148&amp;preview=true\" target=\"_blank\" rel=\"noopener\">Korduvkasutatavad kleepsud &#8220;Maja&#8221;<\/a><\/span><\/p>\n<p><span style=\"color: #0000ff;\"><a style=\"color: #0000ff;\" href=\"https:\/\/sulin.ee\/toode\/korduvkasutatavad-kleepsud-autod\/?preview_id=14150&amp;preview_nonce=12577e6f77&amp;_thumbnail_id=14153&amp;preview=true\" target=\"_blank\" rel=\"noopener\">Korduvkasutatavad kleepsud &#8220;Autod&#8221;<\/a><\/span><\/p>\n<p><span style=\"color: #0000ff;\"><a style=\"color: #0000ff;\" href=\"https:\/\/sulin.ee\/toode\/korduvkasutatavad-kleepsud-loomad\/?preview_id=14135&amp;preview_nonce=528706f04d&amp;_thumbnail_id=14138&amp;preview=true\" target=\"_blank\" rel=\"noopener\">Korduvkasutatavad kleepsud &#8220;Loomad&#8221;<\/a><\/span><\/p>\n<p>&nbsp;<\/p>\n","protected":false},"excerpt":{"rendered":"<p><strong>Korduvkasutatavad kleepsud &#8220;Riided&#8221; on ideaalne vahend lastele riiete tundma\u00f5ppimiseks ja peenmotoorika arendamiseks. Komplektis on alus, millel on kujutatud poiss ja t\u00fcdruk, kellele lapsed saavad erinevaid riideid selga panna. <\/strong><\/p>\n<p>Kleepsud on pehmed, paksud ja kergesti eemaldatavad, muutes neid lihtsaks kasutada. See teeb komplektist suurep\u00e4rase kaaslase reisidele ja pikematele autos\u00f5itudele, pakkudes lapsele meelelahutust ja \u00f5petades samal ajal riideesemete nimetusi ja kasutust.<\/p>\n<p><strong>Sobib suurep\u00e4raselt lastele alates 3. eluaastast.<\/strong><\/p>\n","protected":false},"featured_media":15125,"comment_status":"open","ping_status":"closed","template":"","meta":[],"product_brand":[],"product_cat":[1162,1164,1002,1023,942,928],"product_tag":[],"class_list":{"0":"post-28999","1":"product","2":"type-product","3":"status-publish","4":"has-post-thumbnail","6":"product_cat-kingituseks","7":"product_cat-1-3-aastat","8":"product_cat-oppemangud","9":"product_cat-motoorika","10":"product_cat-lauamangud","11":"product_cat-djeco","12":"has-post-title","13":"has-post-date","14":"has-post-category","15":"has-post-tag","16":"has-post-comment","17":"has-post-author","18":"","20":"first","21":"instock","22":"sale","23":"taxable","24":"shipping-taxable","25":"purchasable","26":"product-type-simple"},"yoast_head":"<!-- This site is optimized with the Yoast SEO plugin v26.8 - https:\/\/yoast.com\/product\/yoast-seo-wordpress\/ -->\n<title>Korduvkasutatavad kleepsud \u201cRiided\u201d - sulin.ee<\/title>\n<meta name=\"description\" content=\"Korduvkasutatavad kleepsud \u201cRiided\u201d on paksud ja kergesti eemaldatavad. Kleepsude abil saab laps \u00f5ppida erinevaid riideesemeid.\" \/>\n<meta name=\"robots\" content=\"index, follow, max-snippet:-1, max-image-preview:large, max-video-preview:-1\" \/>\n<link rel=\"canonical\" href=\"https:\/\/sulin.ee\/en\/toode\/korduvkasutatavad-kleepsud-riided-djeco\/\" \/>\n<meta property=\"og:locale\" content=\"en_US\" \/>\n<meta property=\"og:type\" content=\"article\" \/>\n<meta property=\"og:title\" content=\"Korduvkasutatavad kleepsud \u201cRiided\u201d - sulin.ee\" \/>\n<meta property=\"og:description\" content=\"Korduvkasutatavad kleepsud \u201cRiided\u201d on paksud ja kergesti eemaldatavad. Kleepsude abil saab laps \u00f5ppida erinevaid riideesemeid.\" \/>\n<meta property=\"og:url\" content=\"https:\/\/sulin.ee\/en\/toode\/korduvkasutatavad-kleepsud-riided-djeco\/\" \/>\n<meta property=\"og:site_name\" content=\"sulin.ee\" \/>\n<meta property=\"article:publisher\" content=\"https:\/\/www.facebook.com\/www.sulin.ee\/\" \/>\n<meta property=\"article:modified_time\" content=\"2025-09-07T21:45:52+00:00\" \/>\n<meta property=\"og:image\" content=\"https:\/\/sulin.ee\/wp-content\/uploads\/2023\/10\/2-1.png\" \/>\n\t<meta property=\"og:image:width\" content=\"1080\" \/>\n\t<meta property=\"og:image:height\" content=\"1080\" \/>\n\t<meta property=\"og:image:type\" content=\"image\/png\" \/>\n<meta name=\"twitter:card\" content=\"summary_large_image\" \/>\n<meta name=\"twitter:label1\" content=\"Est. reading time\" \/>\n\t<meta name=\"twitter:data1\" content=\"2 minutes\" \/>\n<script type=\"application\/ld+json\" class=\"yoast-schema-graph\">{\"@context\":\"https:\/\/schema.org\",\"@graph\":[{\"@type\":\"WebPage\",\"@id\":\"https:\/\/sulin.ee\/en\/toode\/korduvkasutatavad-kleepsud-riided-djeco\/\",\"url\":\"https:\/\/sulin.ee\/en\/toode\/korduvkasutatavad-kleepsud-riided-djeco\/\",\"name\":\"Korduvkasutatavad kleepsud \u201cRiided\u201d - sulin.ee\",\"isPartOf\":{\"@id\":\"https:\/\/sulin.ee\/en\/#website\"},\"primaryImageOfPage\":{\"@id\":\"https:\/\/sulin.ee\/en\/toode\/korduvkasutatavad-kleepsud-riided-djeco\/#primaryimage\"},\"image\":{\"@id\":\"https:\/\/sulin.ee\/en\/toode\/korduvkasutatavad-kleepsud-riided-djeco\/#primaryimage\"},\"thumbnailUrl\":\"https:\/\/sulin.ee\/wp-content\/uploads\/2023\/10\/2-1.png\",\"datePublished\":\"2024-12-14T08:50:36+00:00\",\"dateModified\":\"2025-09-07T21:45:52+00:00\",\"description\":\"Korduvkasutatavad kleepsud \u201cRiided\u201d on paksud ja kergesti eemaldatavad. Kleepsude abil saab laps \u00f5ppida erinevaid riideesemeid.\",\"breadcrumb\":{\"@id\":\"https:\/\/sulin.ee\/en\/toode\/korduvkasutatavad-kleepsud-riided-djeco\/#breadcrumb\"},\"inLanguage\":\"en-US\",\"potentialAction\":[{\"@type\":\"ReadAction\",\"target\":[\"https:\/\/sulin.ee\/en\/toode\/korduvkasutatavad-kleepsud-riided-djeco\/\"]}]},{\"@type\":\"ImageObject\",\"inLanguage\":\"en-US\",\"@id\":\"https:\/\/sulin.ee\/en\/toode\/korduvkasutatavad-kleepsud-riided-djeco\/#primaryimage\",\"url\":\"https:\/\/sulin.ee\/wp-content\/uploads\/2023\/10\/2-1.png\",\"contentUrl\":\"https:\/\/sulin.ee\/wp-content\/uploads\/2023\/10\/2-1.png\",\"width\":1080,\"height\":1080},{\"@type\":\"BreadcrumbList\",\"@id\":\"https:\/\/sulin.ee\/en\/toode\/korduvkasutatavad-kleepsud-riided-djeco\/#breadcrumb\",\"itemListElement\":[{\"@type\":\"ListItem\",\"position\":1,\"name\":\"Home\",\"item\":\"https:\/\/sulin.ee\/en\/\"},{\"@type\":\"ListItem\",\"position\":2,\"name\":\"Sulin.ee e-pood\",\"item\":\"https:\/\/sulin.ee\/shop\/\"},{\"@type\":\"ListItem\",\"position\":3,\"name\":\"Korduvkasutatavad kleepsud \u201cRiided\u201d\"}]},{\"@type\":\"WebSite\",\"@id\":\"https:\/\/sulin.ee\/en\/#website\",\"url\":\"https:\/\/sulin.ee\/en\/\",\"name\":\"sulin.ee\",\"description\":\"\",\"publisher\":{\"@id\":\"https:\/\/sulin.ee\/en\/#organization\"},\"potentialAction\":[{\"@type\":\"SearchAction\",\"target\":{\"@type\":\"EntryPoint\",\"urlTemplate\":\"https:\/\/sulin.ee\/en\/?s={search_term_string}\"},\"query-input\":{\"@type\":\"PropertyValueSpecification\",\"valueRequired\":true,\"valueName\":\"search_term_string\"}}],\"inLanguage\":\"en-US\"},{\"@type\":\"Organization\",\"@id\":\"https:\/\/sulin.ee\/en\/#organization\",\"name\":\"SULIN TRADE O\u00dc\",\"url\":\"https:\/\/sulin.ee\/en\/\",\"logo\":{\"@type\":\"ImageObject\",\"inLanguage\":\"en-US\",\"@id\":\"https:\/\/sulin.ee\/en\/#\/schema\/logo\/image\/\",\"url\":\"https:\/\/sulin.ee\/wp-content\/uploads\/2022\/11\/sulin-logo.png\",\"contentUrl\":\"https:\/\/sulin.ee\/wp-content\/uploads\/2022\/11\/sulin-logo.png\",\"width\":871,\"height\":321,\"caption\":\"SULIN TRADE O\u00dc\"},\"image\":{\"@id\":\"https:\/\/sulin.ee\/en\/#\/schema\/logo\/image\/\"},\"sameAs\":[\"https:\/\/www.facebook.com\/www.sulin.ee\/\",\"https:\/\/www.instagram.com\/sulintrade\/\"]}]}<\/script>\n<!-- \/ Yoast SEO plugin. -->","yoast_head_json":{"title":"Korduvkasutatavad kleepsud \u201cRiided\u201d - sulin.ee","description":"Korduvkasutatavad kleepsud \u201cRiided\u201d on paksud ja kergesti eemaldatavad. Kleepsude abil saab laps \u00f5ppida erinevaid riideesemeid.","robots":{"index":"index","follow":"follow","max-snippet":"max-snippet:-1","max-image-preview":"max-image-preview:large","max-video-preview":"max-video-preview:-1"},"canonical":"https:\/\/sulin.ee\/en\/toode\/korduvkasutatavad-kleepsud-riided-djeco\/","og_locale":"en_US","og_type":"article","og_title":"Korduvkasutatavad kleepsud \u201cRiided\u201d - sulin.ee","og_description":"Korduvkasutatavad kleepsud \u201cRiided\u201d on paksud ja kergesti eemaldatavad. Kleepsude abil saab laps \u00f5ppida erinevaid riideesemeid.","og_url":"https:\/\/sulin.ee\/en\/toode\/korduvkasutatavad-kleepsud-riided-djeco\/","og_site_name":"sulin.ee","article_publisher":"https:\/\/www.facebook.com\/www.sulin.ee\/","article_modified_time":"2025-09-07T21:45:52+00:00","og_image":[{"width":1080,"height":1080,"url":"https:\/\/sulin.ee\/wp-content\/uploads\/2023\/10\/2-1.png","type":"image\/png"}],"twitter_card":"summary_large_image","twitter_misc":{"Est. reading time":"2 minutes"},"schema":{"@context":"https:\/\/schema.org","@graph":[{"@type":"WebPage","@id":"https:\/\/sulin.ee\/en\/toode\/korduvkasutatavad-kleepsud-riided-djeco\/","url":"https:\/\/sulin.ee\/en\/toode\/korduvkasutatavad-kleepsud-riided-djeco\/","name":"Korduvkasutatavad kleepsud \u201cRiided\u201d - sulin.ee","isPartOf":{"@id":"https:\/\/sulin.ee\/en\/#website"},"primaryImageOfPage":{"@id":"https:\/\/sulin.ee\/en\/toode\/korduvkasutatavad-kleepsud-riided-djeco\/#primaryimage"},"image":{"@id":"https:\/\/sulin.ee\/en\/toode\/korduvkasutatavad-kleepsud-riided-djeco\/#primaryimage"},"thumbnailUrl":"https:\/\/sulin.ee\/wp-content\/uploads\/2023\/10\/2-1.png","datePublished":"2024-12-14T08:50:36+00:00","dateModified":"2025-09-07T21:45:52+00:00","description":"Korduvkasutatavad kleepsud \u201cRiided\u201d on paksud ja kergesti eemaldatavad. Kleepsude abil saab laps \u00f5ppida erinevaid riideesemeid.","breadcrumb":{"@id":"https:\/\/sulin.ee\/en\/toode\/korduvkasutatavad-kleepsud-riided-djeco\/#breadcrumb"},"inLanguage":"en-US","potentialAction":[{"@type":"ReadAction","target":["https:\/\/sulin.ee\/en\/toode\/korduvkasutatavad-kleepsud-riided-djeco\/"]}]},{"@type":"ImageObject","inLanguage":"en-US","@id":"https:\/\/sulin.ee\/en\/toode\/korduvkasutatavad-kleepsud-riided-djeco\/#primaryimage","url":"https:\/\/sulin.ee\/wp-content\/uploads\/2023\/10\/2-1.png","contentUrl":"https:\/\/sulin.ee\/wp-content\/uploads\/2023\/10\/2-1.png","width":1080,"height":1080},{"@type":"BreadcrumbList","@id":"https:\/\/sulin.ee\/en\/toode\/korduvkasutatavad-kleepsud-riided-djeco\/#breadcrumb","itemListElement":[{"@type":"ListItem","position":1,"name":"Home","item":"https:\/\/sulin.ee\/en\/"},{"@type":"ListItem","position":2,"name":"Sulin.ee e-pood","item":"https:\/\/sulin.ee\/shop\/"},{"@type":"ListItem","position":3,"name":"Korduvkasutatavad kleepsud \u201cRiided\u201d"}]},{"@type":"WebSite","@id":"https:\/\/sulin.ee\/en\/#website","url":"https:\/\/sulin.ee\/en\/","name":"sulin.ee","description":"","publisher":{"@id":"https:\/\/sulin.ee\/en\/#organization"},"potentialAction":[{"@type":"SearchAction","target":{"@type":"EntryPoint","urlTemplate":"https:\/\/sulin.ee\/en\/?s={search_term_string}"},"query-input":{"@type":"PropertyValueSpecification","valueRequired":true,"valueName":"search_term_string"}}],"inLanguage":"en-US"},{"@type":"Organization","@id":"https:\/\/sulin.ee\/en\/#organization","name":"SULIN TRADE O\u00dc","url":"https:\/\/sulin.ee\/en\/","logo":{"@type":"ImageObject","inLanguage":"en-US","@id":"https:\/\/sulin.ee\/en\/#\/schema\/logo\/image\/","url":"https:\/\/sulin.ee\/wp-content\/uploads\/2022\/11\/sulin-logo.png","contentUrl":"https:\/\/sulin.ee\/wp-content\/uploads\/2022\/11\/sulin-logo.png","width":871,"height":321,"caption":"SULIN TRADE O\u00dc"},"image":{"@id":"https:\/\/sulin.ee\/en\/#\/schema\/logo\/image\/"},"sameAs":["https:\/\/www.facebook.com\/www.sulin.ee\/","https:\/\/www.instagram.com\/sulintrade\/"]}]}},"builder_content":"","_links":{"self":[{"href":"https:\/\/sulin.ee\/en\/wp-json\/wp\/v2\/product\/28999","targetHints":{"allow":["GET"]}}],"collection":[{"href":"https:\/\/sulin.ee\/en\/wp-json\/wp\/v2\/product"}],"about":[{"href":"https:\/\/sulin.ee\/en\/wp-json\/wp\/v2\/types\/product"}],"replies":[{"embeddable":true,"href":"https:\/\/sulin.ee\/en\/wp-json\/wp\/v2\/comments?post=28999"}],"wp:featuredmedia":[{"embeddable":true,"href":"https:\/\/sulin.ee\/en\/wp-json\/wp\/v2\/media\/15125"}],"wp:attachment":[{"href":"https:\/\/sulin.ee\/en\/wp-json\/wp\/v2\/media?parent=28999"}],"wp:term":[{"taxonomy":"product_brand","embeddable":true,"href":"https:\/\/sulin.ee\/en\/wp-json\/wp\/v2\/product_brand?post=28999"},{"taxonomy":"product_cat","embeddable":true,"href":"https:\/\/sulin.ee\/en\/wp-json\/wp\/v2\/product_cat?post=28999"},{"taxonomy":"product_tag","embeddable":true,"href":"https:\/\/sulin.ee\/en\/wp-json\/wp\/v2\/product_tag?post=28999"}],"curies":[{"name":"wp","href":"https:\/\/api.w.org\/{rel}","templated":true}]}}