{"id":28996,"date":"2024-12-14T08:50:36","date_gmt":"2024-12-14T08:50:36","guid":{"rendered":"https:\/\/sulin.ee\/?post_type=product&#038;p=28996"},"modified":"2026-01-03T07:57:09","modified_gmt":"2026-01-03T07:57:09","slug":"korduvkasutatavad-kleepsud-autod","status":"publish","type":"product","link":"https:\/\/sulin.ee\/en\/toode\/korduvkasutatavad-kleepsud-autod\/","title":{"rendered":"Korduvkasutatavad kleepsud \u201cAutod\u201d"},"content":{"rendered":"<p><strong>Korduvkasutatavad kleepsud \u201cAutod\u201d on paksud ja kergesti eemaldatavad. Kleepsude abil saab laps treenida silma k\u00e4e koost\u00f6\u00f6d ning \u00f5ppida p\u00fcsivust. Komplektis oleva aluse peal on kujutatud autoteed ning erinevaid s\u00f5idukeid. Laps saab autos olevaid juhte vahetada ja autode asukohta muuta. S\u00f5itke koos \u00fcks v\u00f5idus\u00f5it v\u00f5i r\u00e4\u00e4kige ohutust liiklemisest, igav ei hakka teil kindlasti.<\/strong><\/p>\n<p>V\u00e4ga praktiline ja mugav igale poole kaasa v\u00f5tta, et lapsel oleks tegevust. Nt hea vahend lennureisi v\u00f5i pikema autos\u00f5idu ajal lapse meelt lahutada.<\/p>\n<p>Komplekti kuulub \u00fcks illustratsioonidega alus ja \u00fcks leht korduvkasutatavate kleepsudega.<\/p>\n<p>Sobib lapsele vanuses 18+ elukuud.<\/p>\n<p><strong>Vaata ka teisi teemasid kl\u00f5psates ligil:<\/strong><\/p>\n<p><span style=\"color: #0000ff;\"><a style=\"color: #0000ff;\" href=\"https:\/\/sulin.ee\/toode\/korduvkasutatavad-kleepsud-riided\/\" target=\"_blank\" rel=\"noopener\">Korduvkasutatavad kleepsud &#8220;Riided&#8221;<\/a><\/span><\/p>\n<p><span style=\"color: #0000ff;\"><a style=\"color: #0000ff;\" href=\"https:\/\/sulin.ee\/toode\/korduvkasutatavad-kleepsud-maja\/?preview_id=14145&amp;preview_nonce=c66879d45d&amp;_thumbnail_id=14148&amp;preview=true\" target=\"_blank\" rel=\"noopener\">Korduvkasutatavad kleepsud &#8220;Maja&#8221;<\/a><\/span><\/p>\n<p><span style=\"color: #0000ff;\"><a style=\"color: #0000ff;\" href=\"https:\/\/sulin.ee\/toode\/korduvkasutatavad-kleepsud-loomad\/?preview_id=14135&amp;preview_nonce=528706f04d&amp;_thumbnail_id=14138&amp;preview=true\" target=\"_blank\" rel=\"noopener\">Korduvkasutatavad kleepsud &#8220;Loomad&#8221;<\/a><\/span><\/p>\n","protected":false},"excerpt":{"rendered":"<p>Korduvkasutatavad kleepsud \u201cAutod\u201d on paksud ja kergesti eemaldatavad. Kleepsude abil saab laps treenida silma k\u00e4e koost\u00f6\u00f6d ning \u00f5ppida p\u00fcsivust. Komplektis oleva aluse peal on kujutatud autoteed ning erinevaid s\u00f5idukeid. Laps saab autos olevaid juhte vahetada ja autode asukohta muuta. S\u00f5itke koos \u00fcks v\u00f5idus\u00f5it v\u00f5i r\u00e4\u00e4kige ohutust liiklemisest, igav ei hakka teil kindlasti. V\u00e4ga praktiline ja [&hellip;]<\/p>\n","protected":false},"featured_media":15135,"comment_status":"open","ping_status":"closed","template":"","meta":[],"product_brand":[],"product_cat":[1162,1164,1002,1023,942,928],"product_tag":[],"class_list":{"0":"post-28996","1":"product","2":"type-product","3":"status-publish","4":"has-post-thumbnail","6":"product_cat-kingituseks","7":"product_cat-1-3-aastat","8":"product_cat-oppemangud","9":"product_cat-motoorika","10":"product_cat-lauamangud","11":"product_cat-djeco","12":"has-post-title","13":"has-post-date","14":"has-post-category","15":"has-post-tag","16":"has-post-comment","17":"has-post-author","18":"","20":"first","21":"instock","22":"sale","23":"taxable","24":"shipping-taxable","25":"purchasable","26":"product-type-simple"},"yoast_head":"<!-- This site is optimized with the Yoast SEO plugin v26.8 - https:\/\/yoast.com\/product\/yoast-seo-wordpress\/ -->\n<title>Korduvkasutatavad kleepsud \u201cAutod\u201d - sulin.ee<\/title>\n<meta name=\"description\" content=\"Korduvkasutatavad kleepsud \u201cAutod\u201d on paksud ja kergesti eemaldatavad. Kleepsude abil saab laps treenida silma k\u00e4e koost\u00f6\u00f6d ning \u00f5ppida p\u00fcsivust.\" \/>\n<meta name=\"robots\" content=\"index, follow, max-snippet:-1, max-image-preview:large, max-video-preview:-1\" \/>\n<link rel=\"canonical\" href=\"https:\/\/sulin.ee\/en\/toode\/korduvkasutatavad-kleepsud-autod\/\" \/>\n<meta property=\"og:locale\" content=\"en_US\" \/>\n<meta property=\"og:type\" content=\"article\" \/>\n<meta property=\"og:title\" content=\"Korduvkasutatavad kleepsud \u201cAutod\u201d - sulin.ee\" \/>\n<meta property=\"og:description\" content=\"Korduvkasutatavad kleepsud \u201cAutod\u201d on paksud ja kergesti eemaldatavad. Kleepsude abil saab laps treenida silma k\u00e4e koost\u00f6\u00f6d ning \u00f5ppida p\u00fcsivust.\" \/>\n<meta property=\"og:url\" content=\"https:\/\/sulin.ee\/en\/toode\/korduvkasutatavad-kleepsud-autod\/\" \/>\n<meta property=\"og:site_name\" content=\"sulin.ee\" \/>\n<meta property=\"article:publisher\" content=\"https:\/\/www.facebook.com\/www.sulin.ee\/\" \/>\n<meta property=\"article:modified_time\" content=\"2026-01-03T07:57:09+00:00\" \/>\n<meta property=\"og:image\" content=\"https:\/\/sulin.ee\/wp-content\/uploads\/2023\/10\/7.png\" \/>\n\t<meta property=\"og:image:width\" content=\"1080\" \/>\n\t<meta property=\"og:image:height\" content=\"1080\" \/>\n\t<meta property=\"og:image:type\" content=\"image\/png\" \/>\n<meta name=\"twitter:card\" content=\"summary_large_image\" \/>\n<meta name=\"twitter:label1\" content=\"Est. reading time\" \/>\n\t<meta name=\"twitter:data1\" content=\"1 minute\" \/>\n<script type=\"application\/ld+json\" class=\"yoast-schema-graph\">{\"@context\":\"https:\/\/schema.org\",\"@graph\":[{\"@type\":\"WebPage\",\"@id\":\"https:\/\/sulin.ee\/en\/toode\/korduvkasutatavad-kleepsud-autod\/\",\"url\":\"https:\/\/sulin.ee\/en\/toode\/korduvkasutatavad-kleepsud-autod\/\",\"name\":\"Korduvkasutatavad kleepsud \u201cAutod\u201d - sulin.ee\",\"isPartOf\":{\"@id\":\"https:\/\/sulin.ee\/en\/#website\"},\"primaryImageOfPage\":{\"@id\":\"https:\/\/sulin.ee\/en\/toode\/korduvkasutatavad-kleepsud-autod\/#primaryimage\"},\"image\":{\"@id\":\"https:\/\/sulin.ee\/en\/toode\/korduvkasutatavad-kleepsud-autod\/#primaryimage\"},\"thumbnailUrl\":\"https:\/\/sulin.ee\/wp-content\/uploads\/2023\/10\/7.png\",\"datePublished\":\"2024-12-14T08:50:36+00:00\",\"dateModified\":\"2026-01-03T07:57:09+00:00\",\"description\":\"Korduvkasutatavad kleepsud \u201cAutod\u201d on paksud ja kergesti eemaldatavad. Kleepsude abil saab laps treenida silma k\u00e4e koost\u00f6\u00f6d ning \u00f5ppida p\u00fcsivust.\",\"breadcrumb\":{\"@id\":\"https:\/\/sulin.ee\/en\/toode\/korduvkasutatavad-kleepsud-autod\/#breadcrumb\"},\"inLanguage\":\"en-US\",\"potentialAction\":[{\"@type\":\"ReadAction\",\"target\":[\"https:\/\/sulin.ee\/en\/toode\/korduvkasutatavad-kleepsud-autod\/\"]}]},{\"@type\":\"ImageObject\",\"inLanguage\":\"en-US\",\"@id\":\"https:\/\/sulin.ee\/en\/toode\/korduvkasutatavad-kleepsud-autod\/#primaryimage\",\"url\":\"https:\/\/sulin.ee\/wp-content\/uploads\/2023\/10\/7.png\",\"contentUrl\":\"https:\/\/sulin.ee\/wp-content\/uploads\/2023\/10\/7.png\",\"width\":1080,\"height\":1080},{\"@type\":\"BreadcrumbList\",\"@id\":\"https:\/\/sulin.ee\/en\/toode\/korduvkasutatavad-kleepsud-autod\/#breadcrumb\",\"itemListElement\":[{\"@type\":\"ListItem\",\"position\":1,\"name\":\"Home\",\"item\":\"https:\/\/sulin.ee\/en\/\"},{\"@type\":\"ListItem\",\"position\":2,\"name\":\"Sulin.ee e-pood\",\"item\":\"https:\/\/sulin.ee\/shop\/\"},{\"@type\":\"ListItem\",\"position\":3,\"name\":\"Korduvkasutatavad kleepsud \u201cAutod\u201d\"}]},{\"@type\":\"WebSite\",\"@id\":\"https:\/\/sulin.ee\/en\/#website\",\"url\":\"https:\/\/sulin.ee\/en\/\",\"name\":\"sulin.ee\",\"description\":\"\",\"publisher\":{\"@id\":\"https:\/\/sulin.ee\/en\/#organization\"},\"potentialAction\":[{\"@type\":\"SearchAction\",\"target\":{\"@type\":\"EntryPoint\",\"urlTemplate\":\"https:\/\/sulin.ee\/en\/?s={search_term_string}\"},\"query-input\":{\"@type\":\"PropertyValueSpecification\",\"valueRequired\":true,\"valueName\":\"search_term_string\"}}],\"inLanguage\":\"en-US\"},{\"@type\":\"Organization\",\"@id\":\"https:\/\/sulin.ee\/en\/#organization\",\"name\":\"SULIN TRADE O\u00dc\",\"url\":\"https:\/\/sulin.ee\/en\/\",\"logo\":{\"@type\":\"ImageObject\",\"inLanguage\":\"en-US\",\"@id\":\"https:\/\/sulin.ee\/en\/#\/schema\/logo\/image\/\",\"url\":\"https:\/\/sulin.ee\/wp-content\/uploads\/2022\/11\/sulin-logo.png\",\"contentUrl\":\"https:\/\/sulin.ee\/wp-content\/uploads\/2022\/11\/sulin-logo.png\",\"width\":871,\"height\":321,\"caption\":\"SULIN TRADE O\u00dc\"},\"image\":{\"@id\":\"https:\/\/sulin.ee\/en\/#\/schema\/logo\/image\/\"},\"sameAs\":[\"https:\/\/www.facebook.com\/www.sulin.ee\/\",\"https:\/\/www.instagram.com\/sulintrade\/\"]}]}<\/script>\n<!-- \/ Yoast SEO plugin. -->","yoast_head_json":{"title":"Korduvkasutatavad kleepsud \u201cAutod\u201d - sulin.ee","description":"Korduvkasutatavad kleepsud \u201cAutod\u201d on paksud ja kergesti eemaldatavad. Kleepsude abil saab laps treenida silma k\u00e4e koost\u00f6\u00f6d ning \u00f5ppida p\u00fcsivust.","robots":{"index":"index","follow":"follow","max-snippet":"max-snippet:-1","max-image-preview":"max-image-preview:large","max-video-preview":"max-video-preview:-1"},"canonical":"https:\/\/sulin.ee\/en\/toode\/korduvkasutatavad-kleepsud-autod\/","og_locale":"en_US","og_type":"article","og_title":"Korduvkasutatavad kleepsud \u201cAutod\u201d - sulin.ee","og_description":"Korduvkasutatavad kleepsud \u201cAutod\u201d on paksud ja kergesti eemaldatavad. Kleepsude abil saab laps treenida silma k\u00e4e koost\u00f6\u00f6d ning \u00f5ppida p\u00fcsivust.","og_url":"https:\/\/sulin.ee\/en\/toode\/korduvkasutatavad-kleepsud-autod\/","og_site_name":"sulin.ee","article_publisher":"https:\/\/www.facebook.com\/www.sulin.ee\/","article_modified_time":"2026-01-03T07:57:09+00:00","og_image":[{"width":1080,"height":1080,"url":"https:\/\/sulin.ee\/wp-content\/uploads\/2023\/10\/7.png","type":"image\/png"}],"twitter_card":"summary_large_image","twitter_misc":{"Est. reading time":"1 minute"},"schema":{"@context":"https:\/\/schema.org","@graph":[{"@type":"WebPage","@id":"https:\/\/sulin.ee\/en\/toode\/korduvkasutatavad-kleepsud-autod\/","url":"https:\/\/sulin.ee\/en\/toode\/korduvkasutatavad-kleepsud-autod\/","name":"Korduvkasutatavad kleepsud \u201cAutod\u201d - sulin.ee","isPartOf":{"@id":"https:\/\/sulin.ee\/en\/#website"},"primaryImageOfPage":{"@id":"https:\/\/sulin.ee\/en\/toode\/korduvkasutatavad-kleepsud-autod\/#primaryimage"},"image":{"@id":"https:\/\/sulin.ee\/en\/toode\/korduvkasutatavad-kleepsud-autod\/#primaryimage"},"thumbnailUrl":"https:\/\/sulin.ee\/wp-content\/uploads\/2023\/10\/7.png","datePublished":"2024-12-14T08:50:36+00:00","dateModified":"2026-01-03T07:57:09+00:00","description":"Korduvkasutatavad kleepsud \u201cAutod\u201d on paksud ja kergesti eemaldatavad. Kleepsude abil saab laps treenida silma k\u00e4e koost\u00f6\u00f6d ning \u00f5ppida p\u00fcsivust.","breadcrumb":{"@id":"https:\/\/sulin.ee\/en\/toode\/korduvkasutatavad-kleepsud-autod\/#breadcrumb"},"inLanguage":"en-US","potentialAction":[{"@type":"ReadAction","target":["https:\/\/sulin.ee\/en\/toode\/korduvkasutatavad-kleepsud-autod\/"]}]},{"@type":"ImageObject","inLanguage":"en-US","@id":"https:\/\/sulin.ee\/en\/toode\/korduvkasutatavad-kleepsud-autod\/#primaryimage","url":"https:\/\/sulin.ee\/wp-content\/uploads\/2023\/10\/7.png","contentUrl":"https:\/\/sulin.ee\/wp-content\/uploads\/2023\/10\/7.png","width":1080,"height":1080},{"@type":"BreadcrumbList","@id":"https:\/\/sulin.ee\/en\/toode\/korduvkasutatavad-kleepsud-autod\/#breadcrumb","itemListElement":[{"@type":"ListItem","position":1,"name":"Home","item":"https:\/\/sulin.ee\/en\/"},{"@type":"ListItem","position":2,"name":"Sulin.ee e-pood","item":"https:\/\/sulin.ee\/shop\/"},{"@type":"ListItem","position":3,"name":"Korduvkasutatavad kleepsud \u201cAutod\u201d"}]},{"@type":"WebSite","@id":"https:\/\/sulin.ee\/en\/#website","url":"https:\/\/sulin.ee\/en\/","name":"sulin.ee","description":"","publisher":{"@id":"https:\/\/sulin.ee\/en\/#organization"},"potentialAction":[{"@type":"SearchAction","target":{"@type":"EntryPoint","urlTemplate":"https:\/\/sulin.ee\/en\/?s={search_term_string}"},"query-input":{"@type":"PropertyValueSpecification","valueRequired":true,"valueName":"search_term_string"}}],"inLanguage":"en-US"},{"@type":"Organization","@id":"https:\/\/sulin.ee\/en\/#organization","name":"SULIN TRADE O\u00dc","url":"https:\/\/sulin.ee\/en\/","logo":{"@type":"ImageObject","inLanguage":"en-US","@id":"https:\/\/sulin.ee\/en\/#\/schema\/logo\/image\/","url":"https:\/\/sulin.ee\/wp-content\/uploads\/2022\/11\/sulin-logo.png","contentUrl":"https:\/\/sulin.ee\/wp-content\/uploads\/2022\/11\/sulin-logo.png","width":871,"height":321,"caption":"SULIN TRADE O\u00dc"},"image":{"@id":"https:\/\/sulin.ee\/en\/#\/schema\/logo\/image\/"},"sameAs":["https:\/\/www.facebook.com\/www.sulin.ee\/","https:\/\/www.instagram.com\/sulintrade\/"]}]}},"builder_content":"","_links":{"self":[{"href":"https:\/\/sulin.ee\/en\/wp-json\/wp\/v2\/product\/28996","targetHints":{"allow":["GET"]}}],"collection":[{"href":"https:\/\/sulin.ee\/en\/wp-json\/wp\/v2\/product"}],"about":[{"href":"https:\/\/sulin.ee\/en\/wp-json\/wp\/v2\/types\/product"}],"replies":[{"embeddable":true,"href":"https:\/\/sulin.ee\/en\/wp-json\/wp\/v2\/comments?post=28996"}],"wp:featuredmedia":[{"embeddable":true,"href":"https:\/\/sulin.ee\/en\/wp-json\/wp\/v2\/media\/15135"}],"wp:attachment":[{"href":"https:\/\/sulin.ee\/en\/wp-json\/wp\/v2\/media?parent=28996"}],"wp:term":[{"taxonomy":"product_brand","embeddable":true,"href":"https:\/\/sulin.ee\/en\/wp-json\/wp\/v2\/product_brand?post=28996"},{"taxonomy":"product_cat","embeddable":true,"href":"https:\/\/sulin.ee\/en\/wp-json\/wp\/v2\/product_cat?post=28996"},{"taxonomy":"product_tag","embeddable":true,"href":"https:\/\/sulin.ee\/en\/wp-json\/wp\/v2\/product_tag?post=28996"}],"curies":[{"name":"wp","href":"https:\/\/api.w.org\/{rel}","templated":true}]}}