{"id":28995,"date":"2024-12-14T08:50:36","date_gmt":"2024-12-14T08:50:36","guid":{"rendered":"https:\/\/sulin.ee\/?post_type=product&#038;p=28995"},"modified":"2025-09-07T21:38:35","modified_gmt":"2025-09-07T21:38:35","slug":"kleepsulooming-seiklused-merel-korduvkasutatavad-kleepsud","status":"publish","type":"product","link":"https:\/\/sulin.ee\/en\/toode\/kleepsulooming-seiklused-merel-korduvkasutatavad-kleepsud\/","title":{"rendered":"Kleepsulooming \u201cSeiklused merel\u201d \u2013 Korduvkasutatavad kleepsud"},"content":{"rendered":"<p><strong>Kleepsulooming \u201cSeiklused merel\u201d koosneb kahest suurest (44 x 22 cm) panoraampildist, mille laps saab kleepsude abil ellu \u00e4ratada. Korduvkasutatavate kleepsude abil saate l\u00f5putult erinevaid lugusid luua.<\/strong><\/p>\n<p>Kes elab meres? Kuidas p\u00e4\u00e4seda kurja kaheksajala eest? Kuhu on peidetud merer\u00f6\u00f6vli aare? M\u00f5elge koos lapsega erinevaid lugusid ja pange pildid elama.<\/p>\n<p>Komplekti kuulub umbes 50 korduvkasutatavat vin\u00fc\u00fclkleebist ja \u00fcks \u00fcmbrist, milles on kaks pilti ja kaks lehte kleepsude hoiustamiseks.<\/p>\n<p>Sobib alates 4+ eluaastat.<\/p>\n<p><strong>Vaata ka teisi teemasid kl\u00f5psates lingil:<\/strong><\/p>\n<p><span style=\"color: #0000ff;\"><a style=\"color: #0000ff;\" href=\"https:\/\/sulin.ee\/toode\/kleepsulooming-korduvkasutatavad-kleepsud-elu-lossis\/?preview_id=14107&amp;preview_nonce=ba44a46cd5&amp;_thumbnail_id=14118&amp;preview=true\" target=\"_blank\" rel=\"noopener\">Kleepsulooming &#8220;Elus lossis&#8221;<\/a><\/span><\/p>\n<p><span style=\"color: #0000ff;\"><a style=\"color: #0000ff;\" href=\"https:\/\/sulin.ee\/toode\/kleepsulooming-mets-korduvkasutatavad-kleepsud-mets\/?preview_id=14128&amp;preview_nonce=a3be00540e&amp;_thumbnail_id=14133&amp;preview=true\" target=\"_blank\" rel=\"noopener\">Kleepsulooming &#8220;Mets&#8221;<\/a><\/span><\/p>\n","protected":false},"excerpt":{"rendered":"<p>Kleepsulooming \u201cSeiklused merel\u201d koosneb kahest suurest (44 x 22 cm) panoraampildist, mille laps saab kleepsude abil ellu \u00e4ratada. Korduvkasutatavate kleepsude abil saate l\u00f5putult erinevaid lugusid luua. Kes elab meres? Kuidas p\u00e4\u00e4seda kurja kaheksajala eest? Kuhu on peidetud merer\u00f6\u00f6vli aare? M\u00f5elge koos lapsega erinevaid lugusid ja pange pildid elama. Komplekti kuulub umbes 50 korduvkasutatavat vin\u00fc\u00fclkleebist ja [&hellip;]<\/p>\n","protected":false},"featured_media":16783,"comment_status":"open","ping_status":"closed","template":"","meta":[],"product_brand":[],"product_cat":[1162,1164,1165,1002,1023,942,928],"product_tag":[],"class_list":{"0":"post-28995","1":"product","2":"type-product","3":"status-publish","4":"has-post-thumbnail","6":"product_cat-kingituseks","7":"product_cat-1-3-aastat","8":"product_cat-3-5-aastat","9":"product_cat-oppemangud","10":"product_cat-motoorika","11":"product_cat-lauamangud","12":"product_cat-djeco","13":"has-post-title","14":"has-post-date","15":"has-post-category","16":"has-post-tag","17":"has-post-comment","18":"has-post-author","19":"","21":"first","22":"instock","23":"sale","24":"taxable","25":"shipping-taxable","26":"purchasable","27":"product-type-simple"},"yoast_head":"<!-- This site is optimized with the Yoast SEO plugin v26.8 - https:\/\/yoast.com\/product\/yoast-seo-wordpress\/ -->\n<title>Kleepsulooming \u201cSeiklused merel\u201d \u2013 Korduvkasutatavad kleepsud - sulin.ee<\/title>\n<meta name=\"description\" content=\"Kleepsulooming \u201cSeiklused merel\u201d koosneb kahest suurest (44 x 22 cm) panoraampildist, mille laps saab kleepsude abil ellu \u00e4ratada.\" \/>\n<meta name=\"robots\" content=\"index, follow, max-snippet:-1, max-image-preview:large, max-video-preview:-1\" \/>\n<link rel=\"canonical\" href=\"https:\/\/sulin.ee\/en\/toode\/kleepsulooming-seiklused-merel-korduvkasutatavad-kleepsud\/\" \/>\n<meta property=\"og:locale\" content=\"en_US\" \/>\n<meta property=\"og:type\" content=\"article\" \/>\n<meta property=\"og:title\" content=\"Kleepsulooming \u201cSeiklused merel\u201d \u2013 Korduvkasutatavad kleepsud - sulin.ee\" \/>\n<meta property=\"og:description\" content=\"Kleepsulooming \u201cSeiklused merel\u201d koosneb kahest suurest (44 x 22 cm) panoraampildist, mille laps saab kleepsude abil ellu \u00e4ratada.\" \/>\n<meta property=\"og:url\" content=\"https:\/\/sulin.ee\/en\/toode\/kleepsulooming-seiklused-merel-korduvkasutatavad-kleepsud\/\" \/>\n<meta property=\"og:site_name\" content=\"sulin.ee\" \/>\n<meta property=\"article:publisher\" content=\"https:\/\/www.facebook.com\/www.sulin.ee\/\" \/>\n<meta property=\"article:modified_time\" content=\"2025-09-07T21:38:35+00:00\" \/>\n<meta property=\"og:image\" content=\"https:\/\/sulin.ee\/wp-content\/uploads\/2023\/10\/Seiklused-merel.png\" \/>\n\t<meta property=\"og:image:width\" content=\"1080\" \/>\n\t<meta property=\"og:image:height\" content=\"1080\" \/>\n\t<meta property=\"og:image:type\" content=\"image\/png\" \/>\n<meta name=\"twitter:card\" content=\"summary_large_image\" \/>\n<meta name=\"twitter:label1\" content=\"Est. reading time\" \/>\n\t<meta name=\"twitter:data1\" content=\"1 minute\" \/>\n<script type=\"application\/ld+json\" class=\"yoast-schema-graph\">{\"@context\":\"https:\/\/schema.org\",\"@graph\":[{\"@type\":\"WebPage\",\"@id\":\"https:\/\/sulin.ee\/en\/toode\/kleepsulooming-seiklused-merel-korduvkasutatavad-kleepsud\/\",\"url\":\"https:\/\/sulin.ee\/en\/toode\/kleepsulooming-seiklused-merel-korduvkasutatavad-kleepsud\/\",\"name\":\"Kleepsulooming \u201cSeiklused merel\u201d \u2013 Korduvkasutatavad kleepsud - sulin.ee\",\"isPartOf\":{\"@id\":\"https:\/\/sulin.ee\/en\/#website\"},\"primaryImageOfPage\":{\"@id\":\"https:\/\/sulin.ee\/en\/toode\/kleepsulooming-seiklused-merel-korduvkasutatavad-kleepsud\/#primaryimage\"},\"image\":{\"@id\":\"https:\/\/sulin.ee\/en\/toode\/kleepsulooming-seiklused-merel-korduvkasutatavad-kleepsud\/#primaryimage\"},\"thumbnailUrl\":\"https:\/\/sulin.ee\/wp-content\/uploads\/2023\/10\/Seiklused-merel.png\",\"datePublished\":\"2024-12-14T08:50:36+00:00\",\"dateModified\":\"2025-09-07T21:38:35+00:00\",\"description\":\"Kleepsulooming \u201cSeiklused merel\u201d koosneb kahest suurest (44 x 22 cm) panoraampildist, mille laps saab kleepsude abil ellu \u00e4ratada.\",\"breadcrumb\":{\"@id\":\"https:\/\/sulin.ee\/en\/toode\/kleepsulooming-seiklused-merel-korduvkasutatavad-kleepsud\/#breadcrumb\"},\"inLanguage\":\"en-US\",\"potentialAction\":[{\"@type\":\"ReadAction\",\"target\":[\"https:\/\/sulin.ee\/en\/toode\/kleepsulooming-seiklused-merel-korduvkasutatavad-kleepsud\/\"]}]},{\"@type\":\"ImageObject\",\"inLanguage\":\"en-US\",\"@id\":\"https:\/\/sulin.ee\/en\/toode\/kleepsulooming-seiklused-merel-korduvkasutatavad-kleepsud\/#primaryimage\",\"url\":\"https:\/\/sulin.ee\/wp-content\/uploads\/2023\/10\/Seiklused-merel.png\",\"contentUrl\":\"https:\/\/sulin.ee\/wp-content\/uploads\/2023\/10\/Seiklused-merel.png\",\"width\":1080,\"height\":1080,\"caption\":\"Kleepsulooming \u201cSeiklused merel\u201d\"},{\"@type\":\"BreadcrumbList\",\"@id\":\"https:\/\/sulin.ee\/en\/toode\/kleepsulooming-seiklused-merel-korduvkasutatavad-kleepsud\/#breadcrumb\",\"itemListElement\":[{\"@type\":\"ListItem\",\"position\":1,\"name\":\"Home\",\"item\":\"https:\/\/sulin.ee\/en\/\"},{\"@type\":\"ListItem\",\"position\":2,\"name\":\"Sulin.ee e-pood\",\"item\":\"https:\/\/sulin.ee\/shop\/\"},{\"@type\":\"ListItem\",\"position\":3,\"name\":\"Kleepsulooming \u201cSeiklused merel\u201d \u2013 Korduvkasutatavad kleepsud\"}]},{\"@type\":\"WebSite\",\"@id\":\"https:\/\/sulin.ee\/en\/#website\",\"url\":\"https:\/\/sulin.ee\/en\/\",\"name\":\"sulin.ee\",\"description\":\"\",\"publisher\":{\"@id\":\"https:\/\/sulin.ee\/en\/#organization\"},\"potentialAction\":[{\"@type\":\"SearchAction\",\"target\":{\"@type\":\"EntryPoint\",\"urlTemplate\":\"https:\/\/sulin.ee\/en\/?s={search_term_string}\"},\"query-input\":{\"@type\":\"PropertyValueSpecification\",\"valueRequired\":true,\"valueName\":\"search_term_string\"}}],\"inLanguage\":\"en-US\"},{\"@type\":\"Organization\",\"@id\":\"https:\/\/sulin.ee\/en\/#organization\",\"name\":\"SULIN TRADE O\u00dc\",\"url\":\"https:\/\/sulin.ee\/en\/\",\"logo\":{\"@type\":\"ImageObject\",\"inLanguage\":\"en-US\",\"@id\":\"https:\/\/sulin.ee\/en\/#\/schema\/logo\/image\/\",\"url\":\"https:\/\/sulin.ee\/wp-content\/uploads\/2022\/11\/sulin-logo.png\",\"contentUrl\":\"https:\/\/sulin.ee\/wp-content\/uploads\/2022\/11\/sulin-logo.png\",\"width\":871,\"height\":321,\"caption\":\"SULIN TRADE O\u00dc\"},\"image\":{\"@id\":\"https:\/\/sulin.ee\/en\/#\/schema\/logo\/image\/\"},\"sameAs\":[\"https:\/\/www.facebook.com\/www.sulin.ee\/\",\"https:\/\/www.instagram.com\/sulintrade\/\"]}]}<\/script>\n<!-- \/ Yoast SEO plugin. -->","yoast_head_json":{"title":"Kleepsulooming \u201cSeiklused merel\u201d \u2013 Korduvkasutatavad kleepsud - sulin.ee","description":"Kleepsulooming \u201cSeiklused merel\u201d koosneb kahest suurest (44 x 22 cm) panoraampildist, mille laps saab kleepsude abil ellu \u00e4ratada.","robots":{"index":"index","follow":"follow","max-snippet":"max-snippet:-1","max-image-preview":"max-image-preview:large","max-video-preview":"max-video-preview:-1"},"canonical":"https:\/\/sulin.ee\/en\/toode\/kleepsulooming-seiklused-merel-korduvkasutatavad-kleepsud\/","og_locale":"en_US","og_type":"article","og_title":"Kleepsulooming \u201cSeiklused merel\u201d \u2013 Korduvkasutatavad kleepsud - sulin.ee","og_description":"Kleepsulooming \u201cSeiklused merel\u201d koosneb kahest suurest (44 x 22 cm) panoraampildist, mille laps saab kleepsude abil ellu \u00e4ratada.","og_url":"https:\/\/sulin.ee\/en\/toode\/kleepsulooming-seiklused-merel-korduvkasutatavad-kleepsud\/","og_site_name":"sulin.ee","article_publisher":"https:\/\/www.facebook.com\/www.sulin.ee\/","article_modified_time":"2025-09-07T21:38:35+00:00","og_image":[{"width":1080,"height":1080,"url":"https:\/\/sulin.ee\/wp-content\/uploads\/2023\/10\/Seiklused-merel.png","type":"image\/png"}],"twitter_card":"summary_large_image","twitter_misc":{"Est. reading time":"1 minute"},"schema":{"@context":"https:\/\/schema.org","@graph":[{"@type":"WebPage","@id":"https:\/\/sulin.ee\/en\/toode\/kleepsulooming-seiklused-merel-korduvkasutatavad-kleepsud\/","url":"https:\/\/sulin.ee\/en\/toode\/kleepsulooming-seiklused-merel-korduvkasutatavad-kleepsud\/","name":"Kleepsulooming \u201cSeiklused merel\u201d \u2013 Korduvkasutatavad kleepsud - sulin.ee","isPartOf":{"@id":"https:\/\/sulin.ee\/en\/#website"},"primaryImageOfPage":{"@id":"https:\/\/sulin.ee\/en\/toode\/kleepsulooming-seiklused-merel-korduvkasutatavad-kleepsud\/#primaryimage"},"image":{"@id":"https:\/\/sulin.ee\/en\/toode\/kleepsulooming-seiklused-merel-korduvkasutatavad-kleepsud\/#primaryimage"},"thumbnailUrl":"https:\/\/sulin.ee\/wp-content\/uploads\/2023\/10\/Seiklused-merel.png","datePublished":"2024-12-14T08:50:36+00:00","dateModified":"2025-09-07T21:38:35+00:00","description":"Kleepsulooming \u201cSeiklused merel\u201d koosneb kahest suurest (44 x 22 cm) panoraampildist, mille laps saab kleepsude abil ellu \u00e4ratada.","breadcrumb":{"@id":"https:\/\/sulin.ee\/en\/toode\/kleepsulooming-seiklused-merel-korduvkasutatavad-kleepsud\/#breadcrumb"},"inLanguage":"en-US","potentialAction":[{"@type":"ReadAction","target":["https:\/\/sulin.ee\/en\/toode\/kleepsulooming-seiklused-merel-korduvkasutatavad-kleepsud\/"]}]},{"@type":"ImageObject","inLanguage":"en-US","@id":"https:\/\/sulin.ee\/en\/toode\/kleepsulooming-seiklused-merel-korduvkasutatavad-kleepsud\/#primaryimage","url":"https:\/\/sulin.ee\/wp-content\/uploads\/2023\/10\/Seiklused-merel.png","contentUrl":"https:\/\/sulin.ee\/wp-content\/uploads\/2023\/10\/Seiklused-merel.png","width":1080,"height":1080,"caption":"Kleepsulooming \u201cSeiklused merel\u201d"},{"@type":"BreadcrumbList","@id":"https:\/\/sulin.ee\/en\/toode\/kleepsulooming-seiklused-merel-korduvkasutatavad-kleepsud\/#breadcrumb","itemListElement":[{"@type":"ListItem","position":1,"name":"Home","item":"https:\/\/sulin.ee\/en\/"},{"@type":"ListItem","position":2,"name":"Sulin.ee e-pood","item":"https:\/\/sulin.ee\/shop\/"},{"@type":"ListItem","position":3,"name":"Kleepsulooming \u201cSeiklused merel\u201d \u2013 Korduvkasutatavad kleepsud"}]},{"@type":"WebSite","@id":"https:\/\/sulin.ee\/en\/#website","url":"https:\/\/sulin.ee\/en\/","name":"sulin.ee","description":"","publisher":{"@id":"https:\/\/sulin.ee\/en\/#organization"},"potentialAction":[{"@type":"SearchAction","target":{"@type":"EntryPoint","urlTemplate":"https:\/\/sulin.ee\/en\/?s={search_term_string}"},"query-input":{"@type":"PropertyValueSpecification","valueRequired":true,"valueName":"search_term_string"}}],"inLanguage":"en-US"},{"@type":"Organization","@id":"https:\/\/sulin.ee\/en\/#organization","name":"SULIN TRADE O\u00dc","url":"https:\/\/sulin.ee\/en\/","logo":{"@type":"ImageObject","inLanguage":"en-US","@id":"https:\/\/sulin.ee\/en\/#\/schema\/logo\/image\/","url":"https:\/\/sulin.ee\/wp-content\/uploads\/2022\/11\/sulin-logo.png","contentUrl":"https:\/\/sulin.ee\/wp-content\/uploads\/2022\/11\/sulin-logo.png","width":871,"height":321,"caption":"SULIN TRADE O\u00dc"},"image":{"@id":"https:\/\/sulin.ee\/en\/#\/schema\/logo\/image\/"},"sameAs":["https:\/\/www.facebook.com\/www.sulin.ee\/","https:\/\/www.instagram.com\/sulintrade\/"]}]}},"builder_content":"","_links":{"self":[{"href":"https:\/\/sulin.ee\/en\/wp-json\/wp\/v2\/product\/28995","targetHints":{"allow":["GET"]}}],"collection":[{"href":"https:\/\/sulin.ee\/en\/wp-json\/wp\/v2\/product"}],"about":[{"href":"https:\/\/sulin.ee\/en\/wp-json\/wp\/v2\/types\/product"}],"replies":[{"embeddable":true,"href":"https:\/\/sulin.ee\/en\/wp-json\/wp\/v2\/comments?post=28995"}],"wp:featuredmedia":[{"embeddable":true,"href":"https:\/\/sulin.ee\/en\/wp-json\/wp\/v2\/media\/16783"}],"wp:attachment":[{"href":"https:\/\/sulin.ee\/en\/wp-json\/wp\/v2\/media?parent=28995"}],"wp:term":[{"taxonomy":"product_brand","embeddable":true,"href":"https:\/\/sulin.ee\/en\/wp-json\/wp\/v2\/product_brand?post=28995"},{"taxonomy":"product_cat","embeddable":true,"href":"https:\/\/sulin.ee\/en\/wp-json\/wp\/v2\/product_cat?post=28995"},{"taxonomy":"product_tag","embeddable":true,"href":"https:\/\/sulin.ee\/en\/wp-json\/wp\/v2\/product_tag?post=28995"}],"curies":[{"name":"wp","href":"https:\/\/api.w.org\/{rel}","templated":true}]}}