{"id":28989,"date":"2024-12-14T08:50:20","date_gmt":"2024-12-14T08:50:20","guid":{"rendered":"https:\/\/sulin.ee\/?post_type=product&#038;p=28989"},"modified":"2025-09-07T21:38:36","modified_gmt":"2025-09-07T21:38:36","slug":"puidust-kalimba-animambo","status":"publish","type":"product","link":"https:\/\/sulin.ee\/en\/toode\/puidust-kalimba-animambo\/","title":{"rendered":"Puidust kalimba Animambo"},"content":{"rendered":"<p><strong>Puidust kalimba on tuntud ka kui p\u00f6idlapill. Selle disain on inspireeritud traditsioonilistest Aafrika pillidest ning see on kaunistatud peene illustratsiooniga, andes sellele unikaalse ja silmapaistva v\u00e4limuse. Kalimba koosneb mitmest metall keelest, mis on kinnitatud puidust k\u00f5lakastile. M\u00e4ngija t\u00f5mbab p\u00f6ialdega \u00fcle keelte, tekitades sel moel meloodilisi helisid.<\/strong><\/p>\n<p>Kalimba v\u00f5imaldab m\u00e4ngijal esitada erinevaid noote ja luua harmoonilisi helisid, mis rikastavad iga muusikapala. See instrument on suurep\u00e4rane valik muusikahuvilistele igas vanuses, v\u00f5imaldades muusikaga tegeleda ning samal ajal arendada r\u00fctmitaju. Selle helid on pehmed ja meeldivad, sobides suurep\u00e4raselt meditatiivseks muusikaks v\u00f5i rahulikuks taustamuusikaks.<\/p>\n<p>Lisaks on kalimba ideaalne algajatele, kuna selle m\u00e4ngimine ei n\u00f5ua keerulisi tehnikaid ega muusikateoreetilisi teadmisi. Pill on lihtne ja kergesti m\u00f5istetav, mis v\u00f5imaldab seda kiiresti \u00f5ppida ja edasi areneda. See instrument ei ole mitte ainult meeldiv kuulata, vaid ka\u00a0 r\u00f5\u00f5mus vaadata, olles kaunis element igas toas.<\/p>\n<p>Vaata toodet tutvustavat videot <a href=\"https:\/\/youtu.be\/3b8Q5CDJHGc\" target=\"_blank\" rel=\"noopener\">siit. <\/a>T\u00f5elise kontserdi pidamiseks vaata ka teisi <a href=\"https:\/\/sulin.ee\/tootekategooria\/lapsele\/mangimine\/muusika-ja-helid\/\" target=\"_blank\" rel=\"noopener\">lastele m\u00f5eldud pille siit.<\/a><\/p>\n<p><strong>Kalimba m\u00f5\u00f5dud:<\/strong> 12,5 x 15,2 x 2,5 cm.<\/p>\n<p><strong>Soovitatav vanus:<\/strong> alates 4. eluaastast.<\/p>\n","protected":false},"excerpt":{"rendered":"<p><strong>Kalimba v\u00f5imaldab m\u00e4ngijal esitada erinevaid noote ja luua harmoonilisi helisid, mis rikastavad iga muusikapala. See instrument on suurep\u00e4rane valik muusikahuvilistele igas vanuses, v\u00f5imaldades muusikaga tegeleda ning samal ajal arendada r\u00fctmitaju. Selle helid on pehmed ja meeldivad, sobides suurep\u00e4raselt meditatiivseks muusikaks v\u00f5i rahulikuks taustamuusikaks.<\/strong><\/p>\n","protected":false},"featured_media":16387,"comment_status":"open","ping_status":"closed","template":"","meta":[],"product_brand":[],"product_cat":[946,175,928],"product_tag":[],"class_list":{"0":"post-28989","1":"product","2":"type-product","3":"status-publish","4":"has-post-thumbnail","6":"product_cat-muusika-ja-helid","7":"product_cat-puidust-manguasjad","8":"product_cat-djeco","9":"has-post-title","10":"has-post-date","11":"has-post-category","12":"has-post-tag","13":"has-post-comment","14":"has-post-author","15":"","17":"first","18":"instock","19":"sale","20":"taxable","21":"shipping-taxable","22":"purchasable","23":"product-type-simple"},"yoast_head":"<!-- This site is optimized with the Yoast SEO plugin v26.8 - https:\/\/yoast.com\/product\/yoast-seo-wordpress\/ -->\n<title>Puidust kalimba Animambo - sulin.ee<\/title>\n<meta name=\"description\" content=\"Puidust kalimba on kaunilt illustreeritud Aafrika pill, mis sarnaneb klaverile. Pillil saab m\u00e4ngida erinevaid noote ning luua harmoonilisi helisid.\" \/>\n<meta name=\"robots\" content=\"index, follow, max-snippet:-1, max-image-preview:large, max-video-preview:-1\" \/>\n<link rel=\"canonical\" href=\"https:\/\/sulin.ee\/en\/toode\/puidust-kalimba-animambo\/\" \/>\n<meta property=\"og:locale\" content=\"en_US\" \/>\n<meta property=\"og:type\" content=\"article\" \/>\n<meta property=\"og:title\" content=\"Puidust kalimba Animambo - sulin.ee\" \/>\n<meta property=\"og:description\" content=\"Puidust kalimba on kaunilt illustreeritud Aafrika pill, mis sarnaneb klaverile. Pillil saab m\u00e4ngida erinevaid noote ning luua harmoonilisi helisid.\" \/>\n<meta property=\"og:url\" content=\"https:\/\/sulin.ee\/en\/toode\/puidust-kalimba-animambo\/\" \/>\n<meta property=\"og:site_name\" content=\"sulin.ee\" \/>\n<meta property=\"article:publisher\" content=\"https:\/\/www.facebook.com\/www.sulin.ee\/\" \/>\n<meta property=\"article:modified_time\" content=\"2025-09-07T21:38:36+00:00\" \/>\n<meta property=\"og:image\" content=\"https:\/\/sulin.ee\/wp-content\/uploads\/2024\/02\/Kalimba.png\" \/>\n\t<meta property=\"og:image:width\" content=\"1080\" \/>\n\t<meta property=\"og:image:height\" content=\"1080\" \/>\n\t<meta property=\"og:image:type\" content=\"image\/png\" \/>\n<meta name=\"twitter:card\" content=\"summary_large_image\" \/>\n<meta name=\"twitter:label1\" content=\"Est. reading time\" \/>\n\t<meta name=\"twitter:data1\" content=\"2 minutes\" \/>\n<script type=\"application\/ld+json\" class=\"yoast-schema-graph\">{\"@context\":\"https:\/\/schema.org\",\"@graph\":[{\"@type\":\"WebPage\",\"@id\":\"https:\/\/sulin.ee\/en\/toode\/puidust-kalimba-animambo\/\",\"url\":\"https:\/\/sulin.ee\/en\/toode\/puidust-kalimba-animambo\/\",\"name\":\"Puidust kalimba Animambo - sulin.ee\",\"isPartOf\":{\"@id\":\"https:\/\/sulin.ee\/en\/#website\"},\"primaryImageOfPage\":{\"@id\":\"https:\/\/sulin.ee\/en\/toode\/puidust-kalimba-animambo\/#primaryimage\"},\"image\":{\"@id\":\"https:\/\/sulin.ee\/en\/toode\/puidust-kalimba-animambo\/#primaryimage\"},\"thumbnailUrl\":\"https:\/\/sulin.ee\/wp-content\/uploads\/2024\/02\/Kalimba.png\",\"datePublished\":\"2024-12-14T08:50:20+00:00\",\"dateModified\":\"2025-09-07T21:38:36+00:00\",\"description\":\"Puidust kalimba on kaunilt illustreeritud Aafrika pill, mis sarnaneb klaverile. Pillil saab m\u00e4ngida erinevaid noote ning luua harmoonilisi helisid.\",\"breadcrumb\":{\"@id\":\"https:\/\/sulin.ee\/en\/toode\/puidust-kalimba-animambo\/#breadcrumb\"},\"inLanguage\":\"en-US\",\"potentialAction\":[{\"@type\":\"ReadAction\",\"target\":[\"https:\/\/sulin.ee\/en\/toode\/puidust-kalimba-animambo\/\"]}]},{\"@type\":\"ImageObject\",\"inLanguage\":\"en-US\",\"@id\":\"https:\/\/sulin.ee\/en\/toode\/puidust-kalimba-animambo\/#primaryimage\",\"url\":\"https:\/\/sulin.ee\/wp-content\/uploads\/2024\/02\/Kalimba.png\",\"contentUrl\":\"https:\/\/sulin.ee\/wp-content\/uploads\/2024\/02\/Kalimba.png\",\"width\":1080,\"height\":1080,\"caption\":\"Puidust kalimba\"},{\"@type\":\"BreadcrumbList\",\"@id\":\"https:\/\/sulin.ee\/en\/toode\/puidust-kalimba-animambo\/#breadcrumb\",\"itemListElement\":[{\"@type\":\"ListItem\",\"position\":1,\"name\":\"Home\",\"item\":\"https:\/\/sulin.ee\/en\/\"},{\"@type\":\"ListItem\",\"position\":2,\"name\":\"Sulin.ee e-pood\",\"item\":\"https:\/\/sulin.ee\/shop\/\"},{\"@type\":\"ListItem\",\"position\":3,\"name\":\"Puidust kalimba Animambo\"}]},{\"@type\":\"WebSite\",\"@id\":\"https:\/\/sulin.ee\/en\/#website\",\"url\":\"https:\/\/sulin.ee\/en\/\",\"name\":\"sulin.ee\",\"description\":\"\",\"publisher\":{\"@id\":\"https:\/\/sulin.ee\/en\/#organization\"},\"potentialAction\":[{\"@type\":\"SearchAction\",\"target\":{\"@type\":\"EntryPoint\",\"urlTemplate\":\"https:\/\/sulin.ee\/en\/?s={search_term_string}\"},\"query-input\":{\"@type\":\"PropertyValueSpecification\",\"valueRequired\":true,\"valueName\":\"search_term_string\"}}],\"inLanguage\":\"en-US\"},{\"@type\":\"Organization\",\"@id\":\"https:\/\/sulin.ee\/en\/#organization\",\"name\":\"SULIN TRADE O\u00dc\",\"url\":\"https:\/\/sulin.ee\/en\/\",\"logo\":{\"@type\":\"ImageObject\",\"inLanguage\":\"en-US\",\"@id\":\"https:\/\/sulin.ee\/en\/#\/schema\/logo\/image\/\",\"url\":\"https:\/\/sulin.ee\/wp-content\/uploads\/2022\/11\/sulin-logo.png\",\"contentUrl\":\"https:\/\/sulin.ee\/wp-content\/uploads\/2022\/11\/sulin-logo.png\",\"width\":871,\"height\":321,\"caption\":\"SULIN TRADE O\u00dc\"},\"image\":{\"@id\":\"https:\/\/sulin.ee\/en\/#\/schema\/logo\/image\/\"},\"sameAs\":[\"https:\/\/www.facebook.com\/www.sulin.ee\/\",\"https:\/\/www.instagram.com\/sulintrade\/\"]}]}<\/script>\n<!-- \/ Yoast SEO plugin. -->","yoast_head_json":{"title":"Puidust kalimba Animambo - sulin.ee","description":"Puidust kalimba on kaunilt illustreeritud Aafrika pill, mis sarnaneb klaverile. Pillil saab m\u00e4ngida erinevaid noote ning luua harmoonilisi helisid.","robots":{"index":"index","follow":"follow","max-snippet":"max-snippet:-1","max-image-preview":"max-image-preview:large","max-video-preview":"max-video-preview:-1"},"canonical":"https:\/\/sulin.ee\/en\/toode\/puidust-kalimba-animambo\/","og_locale":"en_US","og_type":"article","og_title":"Puidust kalimba Animambo - sulin.ee","og_description":"Puidust kalimba on kaunilt illustreeritud Aafrika pill, mis sarnaneb klaverile. Pillil saab m\u00e4ngida erinevaid noote ning luua harmoonilisi helisid.","og_url":"https:\/\/sulin.ee\/en\/toode\/puidust-kalimba-animambo\/","og_site_name":"sulin.ee","article_publisher":"https:\/\/www.facebook.com\/www.sulin.ee\/","article_modified_time":"2025-09-07T21:38:36+00:00","og_image":[{"width":1080,"height":1080,"url":"https:\/\/sulin.ee\/wp-content\/uploads\/2024\/02\/Kalimba.png","type":"image\/png"}],"twitter_card":"summary_large_image","twitter_misc":{"Est. reading time":"2 minutes"},"schema":{"@context":"https:\/\/schema.org","@graph":[{"@type":"WebPage","@id":"https:\/\/sulin.ee\/en\/toode\/puidust-kalimba-animambo\/","url":"https:\/\/sulin.ee\/en\/toode\/puidust-kalimba-animambo\/","name":"Puidust kalimba Animambo - sulin.ee","isPartOf":{"@id":"https:\/\/sulin.ee\/en\/#website"},"primaryImageOfPage":{"@id":"https:\/\/sulin.ee\/en\/toode\/puidust-kalimba-animambo\/#primaryimage"},"image":{"@id":"https:\/\/sulin.ee\/en\/toode\/puidust-kalimba-animambo\/#primaryimage"},"thumbnailUrl":"https:\/\/sulin.ee\/wp-content\/uploads\/2024\/02\/Kalimba.png","datePublished":"2024-12-14T08:50:20+00:00","dateModified":"2025-09-07T21:38:36+00:00","description":"Puidust kalimba on kaunilt illustreeritud Aafrika pill, mis sarnaneb klaverile. Pillil saab m\u00e4ngida erinevaid noote ning luua harmoonilisi helisid.","breadcrumb":{"@id":"https:\/\/sulin.ee\/en\/toode\/puidust-kalimba-animambo\/#breadcrumb"},"inLanguage":"en-US","potentialAction":[{"@type":"ReadAction","target":["https:\/\/sulin.ee\/en\/toode\/puidust-kalimba-animambo\/"]}]},{"@type":"ImageObject","inLanguage":"en-US","@id":"https:\/\/sulin.ee\/en\/toode\/puidust-kalimba-animambo\/#primaryimage","url":"https:\/\/sulin.ee\/wp-content\/uploads\/2024\/02\/Kalimba.png","contentUrl":"https:\/\/sulin.ee\/wp-content\/uploads\/2024\/02\/Kalimba.png","width":1080,"height":1080,"caption":"Puidust kalimba"},{"@type":"BreadcrumbList","@id":"https:\/\/sulin.ee\/en\/toode\/puidust-kalimba-animambo\/#breadcrumb","itemListElement":[{"@type":"ListItem","position":1,"name":"Home","item":"https:\/\/sulin.ee\/en\/"},{"@type":"ListItem","position":2,"name":"Sulin.ee e-pood","item":"https:\/\/sulin.ee\/shop\/"},{"@type":"ListItem","position":3,"name":"Puidust kalimba Animambo"}]},{"@type":"WebSite","@id":"https:\/\/sulin.ee\/en\/#website","url":"https:\/\/sulin.ee\/en\/","name":"sulin.ee","description":"","publisher":{"@id":"https:\/\/sulin.ee\/en\/#organization"},"potentialAction":[{"@type":"SearchAction","target":{"@type":"EntryPoint","urlTemplate":"https:\/\/sulin.ee\/en\/?s={search_term_string}"},"query-input":{"@type":"PropertyValueSpecification","valueRequired":true,"valueName":"search_term_string"}}],"inLanguage":"en-US"},{"@type":"Organization","@id":"https:\/\/sulin.ee\/en\/#organization","name":"SULIN TRADE O\u00dc","url":"https:\/\/sulin.ee\/en\/","logo":{"@type":"ImageObject","inLanguage":"en-US","@id":"https:\/\/sulin.ee\/en\/#\/schema\/logo\/image\/","url":"https:\/\/sulin.ee\/wp-content\/uploads\/2022\/11\/sulin-logo.png","contentUrl":"https:\/\/sulin.ee\/wp-content\/uploads\/2022\/11\/sulin-logo.png","width":871,"height":321,"caption":"SULIN TRADE O\u00dc"},"image":{"@id":"https:\/\/sulin.ee\/en\/#\/schema\/logo\/image\/"},"sameAs":["https:\/\/www.facebook.com\/www.sulin.ee\/","https:\/\/www.instagram.com\/sulintrade\/"]}]}},"builder_content":"","_links":{"self":[{"href":"https:\/\/sulin.ee\/en\/wp-json\/wp\/v2\/product\/28989","targetHints":{"allow":["GET"]}}],"collection":[{"href":"https:\/\/sulin.ee\/en\/wp-json\/wp\/v2\/product"}],"about":[{"href":"https:\/\/sulin.ee\/en\/wp-json\/wp\/v2\/types\/product"}],"replies":[{"embeddable":true,"href":"https:\/\/sulin.ee\/en\/wp-json\/wp\/v2\/comments?post=28989"}],"wp:featuredmedia":[{"embeddable":true,"href":"https:\/\/sulin.ee\/en\/wp-json\/wp\/v2\/media\/16387"}],"wp:attachment":[{"href":"https:\/\/sulin.ee\/en\/wp-json\/wp\/v2\/media?parent=28989"}],"wp:term":[{"taxonomy":"product_brand","embeddable":true,"href":"https:\/\/sulin.ee\/en\/wp-json\/wp\/v2\/product_brand?post=28989"},{"taxonomy":"product_cat","embeddable":true,"href":"https:\/\/sulin.ee\/en\/wp-json\/wp\/v2\/product_cat?post=28989"},{"taxonomy":"product_tag","embeddable":true,"href":"https:\/\/sulin.ee\/en\/wp-json\/wp\/v2\/product_tag?post=28989"}],"curies":[{"name":"wp","href":"https:\/\/api.w.org\/{rel}","templated":true}]}}