{"id":28960,"date":"2024-12-14T08:48:49","date_gmt":"2024-12-14T08:48:49","guid":{"rendered":"https:\/\/sulin.ee\/?post_type=product&#038;p=28960"},"modified":"2025-09-07T21:38:36","modified_gmt":"2025-09-07T21:38:36","slug":"puidust-helmed-linnud","status":"publish","type":"product","link":"https:\/\/sulin.ee\/en\/toode\/puidust-helmed-linnud\/","title":{"rendered":"Puidust helmed &#8220;Linnud&#8221;"},"content":{"rendered":"<p><strong>Puidust helmed &#8220;Linnud&#8221;<\/strong> on kaunis ja loovust arendav meisterdamiskomplekt, mis toob igale v\u00e4ikesele loojale r\u00f5\u00f5mu ja inspiratsiooni. Komplekt sisaldab tervelt <strong>450 erineva v\u00e4rvi ja kujuga helmest<\/strong>, mille seas leidub mitmeid linnumotiive ja muid kauneid kujundeid. K\u00f5ik helmed on valitud harmoonilistes v\u00e4rvitoonides, v\u00f5imaldades luua silmapaistvaid ja stiilseid ehteid.<\/p>\n<p>Suur v\u00e4rvivalik ja kujundite mitmekesisus annavad l\u00f5putult v\u00f5imalusi fantaasia rakendamiseks. Helmeid saab vabalt kombineerida ja sobitada, et luua oman\u00e4olisi k\u00e4ev\u00f5rusid, kaelakeesid v\u00f5i muid unikaalseid aksessuaare. See on suurep\u00e4rane v\u00f5imalus veeta koos lapsega kvaliteetaega, julgustades teda samal ajal arendama peenmotoorikat, loovust ja v\u00e4rvitaju.<\/p>\n<p><strong>Sobib lastele alates 4. eluaastast<\/strong> ning on ideaalne kingitus v\u00e4ikesele kunstihingele. Samas tuleb meeles pidada, et toode ei sobi alla 3-aastastele lastele, kuna sisaldab v\u00e4ikeseid osi, mis v\u00f5ivad kujutada l\u00e4mbumisohtu.<\/p>\n<p>Avasta ka teised <a href=\"https:\/\/sulin.ee\/tootekategooria\/brandid\/djeco\/\"><strong>DJECO inspireerivad ja arendavad m\u00e4nguasjad<\/strong><\/a>, mis pakuvad lastele l\u00f5putuid v\u00f5imalusi loovuse ja oskuste arendamiseks. <a href=\"https:\/\/www.djeco.com\/en\">DJECO<\/a> lai valik kvaliteetseid m\u00e4nguasju ja meisterdamiskomplekte ootab avastamist!<\/p>\n<p>&nbsp;<\/p>\n","protected":false},"excerpt":{"rendered":"<p><strong>Puidust helmed &#8220;Linnud&#8221;<\/strong><\/p>\n<p><strong>Puidust helmed &#8220;Linnud&#8221;<\/strong> on kaunis ja loovust arendav meisterdamiskomplekt, mis toob igale v\u00e4ikesele loojale r\u00f5\u00f5mu ja inspiratsiooni. Komplekt sisaldab tervelt <strong>450 erineva v\u00e4rvi ja kujuga helmest<\/strong>, mille seas leidub mitmeid linnumotiive ja muid kauneid kujundeid. K\u00f5ik helmed on valitud harmoonilistes v\u00e4rvitoonides, v\u00f5imaldades luua silmapaistvaid ja stiilseid ehteid.<\/p>\n<p>Suur v\u00e4rvivalik ja kujundite mitmekesisus annavad l\u00f5putult v\u00f5imalusi fantaasia rakendamiseks. Helmeid saab vabalt kombineerida ja sobitada, et luua oman\u00e4olisi k\u00e4ev\u00f5rusid, kaelakeesid v\u00f5i muid unikaalseid aksessuaare. See on suurep\u00e4rane v\u00f5imalus veeta koos lapsega kvaliteetaega, julgustades teda samal ajal arendama peenmotoorikat, loovust ja v\u00e4rvitaju.<\/p>\n<p><strong>Sobib lastele alates 4. eluaastast<\/strong> ning on ideaalne kingitus v\u00e4ikesele kunstihingele. Samas tuleb meeles pidada, et toode ei sobi alla 3-aastastele lastele, kuna sisaldab v\u00e4ikeseid osi, mis v\u00f5ivad kujutada l\u00e4mbumisohtu.<\/p>\n<p>Avasta ka teised <strong>DJECO inspireerivad ja arendavad m\u00e4nguasjad<\/strong>, mis pakuvad lastele l\u00f5putuid v\u00f5imalusi loovuse ja oskuste arendamiseks. DJECO lai valik kvaliteetseid m\u00e4nguasju ja meisterdamiskomplekte ootab avastamist!<\/p>\n","protected":false},"featured_media":16775,"comment_status":"open","ping_status":"closed","template":"","meta":[],"product_brand":[],"product_cat":[1162,1165,1166,102,1017,175,928],"product_tag":[],"class_list":{"0":"post-28960","1":"product","2":"type-product","3":"status-publish","4":"has-post-thumbnail","6":"product_cat-kingituseks","7":"product_cat-3-5-aastat","8":"product_cat-6-8-aastat","9":"product_cat-kunstivahendid","10":"product_cat-meisterdamine","11":"product_cat-puidust-manguasjad","12":"product_cat-djeco","13":"has-post-title","14":"has-post-date","15":"has-post-category","16":"has-post-tag","17":"has-post-comment","18":"has-post-author","19":"","21":"first","22":"instock","23":"sale","24":"taxable","25":"shipping-taxable","26":"purchasable","27":"product-type-simple"},"yoast_head":"<!-- This site is optimized with the Yoast SEO plugin v26.8 - https:\/\/yoast.com\/product\/yoast-seo-wordpress\/ -->\n<title>Puidust helmed &quot;Linnud&quot; - sulin.ee<\/title>\n<meta name=\"description\" content=\"Puidust helmed &quot;Linnud&quot; koosneb erineva kuju ja v\u00e4rviga helmestest, mille abil saab luua ainulaadseid ehteid. Komplekti kuulub 450 helmest.\" \/>\n<meta name=\"robots\" content=\"index, follow, max-snippet:-1, max-image-preview:large, max-video-preview:-1\" \/>\n<link rel=\"canonical\" href=\"https:\/\/sulin.ee\/en\/toode\/puidust-helmed-linnud\/\" \/>\n<meta property=\"og:locale\" content=\"en_US\" \/>\n<meta property=\"og:type\" content=\"article\" \/>\n<meta property=\"og:title\" content=\"Puidust helmed &quot;Linnud&quot; - sulin.ee\" \/>\n<meta property=\"og:description\" content=\"Puidust helmed &quot;Linnud&quot; koosneb erineva kuju ja v\u00e4rviga helmestest, mille abil saab luua ainulaadseid ehteid. Komplekti kuulub 450 helmest.\" \/>\n<meta property=\"og:url\" content=\"https:\/\/sulin.ee\/en\/toode\/puidust-helmed-linnud\/\" \/>\n<meta property=\"og:site_name\" content=\"sulin.ee\" \/>\n<meta property=\"article:publisher\" content=\"https:\/\/www.facebook.com\/www.sulin.ee\/\" \/>\n<meta property=\"article:modified_time\" content=\"2025-09-07T21:38:36+00:00\" \/>\n<meta property=\"og:image\" content=\"https:\/\/sulin.ee\/wp-content\/uploads\/2023\/09\/Linnud-2.png\" \/>\n\t<meta property=\"og:image:width\" content=\"1080\" \/>\n\t<meta property=\"og:image:height\" content=\"1080\" \/>\n\t<meta property=\"og:image:type\" content=\"image\/png\" \/>\n<meta name=\"twitter:card\" content=\"summary_large_image\" \/>\n<meta name=\"twitter:label1\" content=\"Est. reading time\" \/>\n\t<meta name=\"twitter:data1\" content=\"1 minute\" \/>\n<script type=\"application\/ld+json\" class=\"yoast-schema-graph\">{\"@context\":\"https:\/\/schema.org\",\"@graph\":[{\"@type\":\"WebPage\",\"@id\":\"https:\/\/sulin.ee\/en\/toode\/puidust-helmed-linnud\/\",\"url\":\"https:\/\/sulin.ee\/en\/toode\/puidust-helmed-linnud\/\",\"name\":\"Puidust helmed \\\"Linnud\\\" - sulin.ee\",\"isPartOf\":{\"@id\":\"https:\/\/sulin.ee\/en\/#website\"},\"primaryImageOfPage\":{\"@id\":\"https:\/\/sulin.ee\/en\/toode\/puidust-helmed-linnud\/#primaryimage\"},\"image\":{\"@id\":\"https:\/\/sulin.ee\/en\/toode\/puidust-helmed-linnud\/#primaryimage\"},\"thumbnailUrl\":\"https:\/\/sulin.ee\/wp-content\/uploads\/2023\/09\/Linnud-2.png\",\"datePublished\":\"2024-12-14T08:48:49+00:00\",\"dateModified\":\"2025-09-07T21:38:36+00:00\",\"description\":\"Puidust helmed \\\"Linnud\\\" koosneb erineva kuju ja v\u00e4rviga helmestest, mille abil saab luua ainulaadseid ehteid. Komplekti kuulub 450 helmest.\",\"breadcrumb\":{\"@id\":\"https:\/\/sulin.ee\/en\/toode\/puidust-helmed-linnud\/#breadcrumb\"},\"inLanguage\":\"en-US\",\"potentialAction\":[{\"@type\":\"ReadAction\",\"target\":[\"https:\/\/sulin.ee\/en\/toode\/puidust-helmed-linnud\/\"]}]},{\"@type\":\"ImageObject\",\"inLanguage\":\"en-US\",\"@id\":\"https:\/\/sulin.ee\/en\/toode\/puidust-helmed-linnud\/#primaryimage\",\"url\":\"https:\/\/sulin.ee\/wp-content\/uploads\/2023\/09\/Linnud-2.png\",\"contentUrl\":\"https:\/\/sulin.ee\/wp-content\/uploads\/2023\/09\/Linnud-2.png\",\"width\":1080,\"height\":1080,\"caption\":\"Puidust helmed \\\"Linnud\\\"\"},{\"@type\":\"BreadcrumbList\",\"@id\":\"https:\/\/sulin.ee\/en\/toode\/puidust-helmed-linnud\/#breadcrumb\",\"itemListElement\":[{\"@type\":\"ListItem\",\"position\":1,\"name\":\"Home\",\"item\":\"https:\/\/sulin.ee\/en\/\"},{\"@type\":\"ListItem\",\"position\":2,\"name\":\"Sulin.ee e-pood\",\"item\":\"https:\/\/sulin.ee\/shop\/\"},{\"@type\":\"ListItem\",\"position\":3,\"name\":\"Puidust helmed &#8220;Linnud&#8221;\"}]},{\"@type\":\"WebSite\",\"@id\":\"https:\/\/sulin.ee\/en\/#website\",\"url\":\"https:\/\/sulin.ee\/en\/\",\"name\":\"sulin.ee\",\"description\":\"\",\"publisher\":{\"@id\":\"https:\/\/sulin.ee\/en\/#organization\"},\"potentialAction\":[{\"@type\":\"SearchAction\",\"target\":{\"@type\":\"EntryPoint\",\"urlTemplate\":\"https:\/\/sulin.ee\/en\/?s={search_term_string}\"},\"query-input\":{\"@type\":\"PropertyValueSpecification\",\"valueRequired\":true,\"valueName\":\"search_term_string\"}}],\"inLanguage\":\"en-US\"},{\"@type\":\"Organization\",\"@id\":\"https:\/\/sulin.ee\/en\/#organization\",\"name\":\"SULIN TRADE O\u00dc\",\"url\":\"https:\/\/sulin.ee\/en\/\",\"logo\":{\"@type\":\"ImageObject\",\"inLanguage\":\"en-US\",\"@id\":\"https:\/\/sulin.ee\/en\/#\/schema\/logo\/image\/\",\"url\":\"https:\/\/sulin.ee\/wp-content\/uploads\/2022\/11\/sulin-logo.png\",\"contentUrl\":\"https:\/\/sulin.ee\/wp-content\/uploads\/2022\/11\/sulin-logo.png\",\"width\":871,\"height\":321,\"caption\":\"SULIN TRADE O\u00dc\"},\"image\":{\"@id\":\"https:\/\/sulin.ee\/en\/#\/schema\/logo\/image\/\"},\"sameAs\":[\"https:\/\/www.facebook.com\/www.sulin.ee\/\",\"https:\/\/www.instagram.com\/sulintrade\/\"]}]}<\/script>\n<!-- \/ Yoast SEO plugin. -->","yoast_head_json":{"title":"Puidust helmed \"Linnud\" - sulin.ee","description":"Puidust helmed \"Linnud\" koosneb erineva kuju ja v\u00e4rviga helmestest, mille abil saab luua ainulaadseid ehteid. Komplekti kuulub 450 helmest.","robots":{"index":"index","follow":"follow","max-snippet":"max-snippet:-1","max-image-preview":"max-image-preview:large","max-video-preview":"max-video-preview:-1"},"canonical":"https:\/\/sulin.ee\/en\/toode\/puidust-helmed-linnud\/","og_locale":"en_US","og_type":"article","og_title":"Puidust helmed \"Linnud\" - sulin.ee","og_description":"Puidust helmed \"Linnud\" koosneb erineva kuju ja v\u00e4rviga helmestest, mille abil saab luua ainulaadseid ehteid. Komplekti kuulub 450 helmest.","og_url":"https:\/\/sulin.ee\/en\/toode\/puidust-helmed-linnud\/","og_site_name":"sulin.ee","article_publisher":"https:\/\/www.facebook.com\/www.sulin.ee\/","article_modified_time":"2025-09-07T21:38:36+00:00","og_image":[{"width":1080,"height":1080,"url":"https:\/\/sulin.ee\/wp-content\/uploads\/2023\/09\/Linnud-2.png","type":"image\/png"}],"twitter_card":"summary_large_image","twitter_misc":{"Est. reading time":"1 minute"},"schema":{"@context":"https:\/\/schema.org","@graph":[{"@type":"WebPage","@id":"https:\/\/sulin.ee\/en\/toode\/puidust-helmed-linnud\/","url":"https:\/\/sulin.ee\/en\/toode\/puidust-helmed-linnud\/","name":"Puidust helmed \"Linnud\" - sulin.ee","isPartOf":{"@id":"https:\/\/sulin.ee\/en\/#website"},"primaryImageOfPage":{"@id":"https:\/\/sulin.ee\/en\/toode\/puidust-helmed-linnud\/#primaryimage"},"image":{"@id":"https:\/\/sulin.ee\/en\/toode\/puidust-helmed-linnud\/#primaryimage"},"thumbnailUrl":"https:\/\/sulin.ee\/wp-content\/uploads\/2023\/09\/Linnud-2.png","datePublished":"2024-12-14T08:48:49+00:00","dateModified":"2025-09-07T21:38:36+00:00","description":"Puidust helmed \"Linnud\" koosneb erineva kuju ja v\u00e4rviga helmestest, mille abil saab luua ainulaadseid ehteid. Komplekti kuulub 450 helmest.","breadcrumb":{"@id":"https:\/\/sulin.ee\/en\/toode\/puidust-helmed-linnud\/#breadcrumb"},"inLanguage":"en-US","potentialAction":[{"@type":"ReadAction","target":["https:\/\/sulin.ee\/en\/toode\/puidust-helmed-linnud\/"]}]},{"@type":"ImageObject","inLanguage":"en-US","@id":"https:\/\/sulin.ee\/en\/toode\/puidust-helmed-linnud\/#primaryimage","url":"https:\/\/sulin.ee\/wp-content\/uploads\/2023\/09\/Linnud-2.png","contentUrl":"https:\/\/sulin.ee\/wp-content\/uploads\/2023\/09\/Linnud-2.png","width":1080,"height":1080,"caption":"Puidust helmed \"Linnud\""},{"@type":"BreadcrumbList","@id":"https:\/\/sulin.ee\/en\/toode\/puidust-helmed-linnud\/#breadcrumb","itemListElement":[{"@type":"ListItem","position":1,"name":"Home","item":"https:\/\/sulin.ee\/en\/"},{"@type":"ListItem","position":2,"name":"Sulin.ee e-pood","item":"https:\/\/sulin.ee\/shop\/"},{"@type":"ListItem","position":3,"name":"Puidust helmed &#8220;Linnud&#8221;"}]},{"@type":"WebSite","@id":"https:\/\/sulin.ee\/en\/#website","url":"https:\/\/sulin.ee\/en\/","name":"sulin.ee","description":"","publisher":{"@id":"https:\/\/sulin.ee\/en\/#organization"},"potentialAction":[{"@type":"SearchAction","target":{"@type":"EntryPoint","urlTemplate":"https:\/\/sulin.ee\/en\/?s={search_term_string}"},"query-input":{"@type":"PropertyValueSpecification","valueRequired":true,"valueName":"search_term_string"}}],"inLanguage":"en-US"},{"@type":"Organization","@id":"https:\/\/sulin.ee\/en\/#organization","name":"SULIN TRADE O\u00dc","url":"https:\/\/sulin.ee\/en\/","logo":{"@type":"ImageObject","inLanguage":"en-US","@id":"https:\/\/sulin.ee\/en\/#\/schema\/logo\/image\/","url":"https:\/\/sulin.ee\/wp-content\/uploads\/2022\/11\/sulin-logo.png","contentUrl":"https:\/\/sulin.ee\/wp-content\/uploads\/2022\/11\/sulin-logo.png","width":871,"height":321,"caption":"SULIN TRADE O\u00dc"},"image":{"@id":"https:\/\/sulin.ee\/en\/#\/schema\/logo\/image\/"},"sameAs":["https:\/\/www.facebook.com\/www.sulin.ee\/","https:\/\/www.instagram.com\/sulintrade\/"]}]}},"builder_content":"","_links":{"self":[{"href":"https:\/\/sulin.ee\/en\/wp-json\/wp\/v2\/product\/28960","targetHints":{"allow":["GET"]}}],"collection":[{"href":"https:\/\/sulin.ee\/en\/wp-json\/wp\/v2\/product"}],"about":[{"href":"https:\/\/sulin.ee\/en\/wp-json\/wp\/v2\/types\/product"}],"replies":[{"embeddable":true,"href":"https:\/\/sulin.ee\/en\/wp-json\/wp\/v2\/comments?post=28960"}],"wp:featuredmedia":[{"embeddable":true,"href":"https:\/\/sulin.ee\/en\/wp-json\/wp\/v2\/media\/16775"}],"wp:attachment":[{"href":"https:\/\/sulin.ee\/en\/wp-json\/wp\/v2\/media?parent=28960"}],"wp:term":[{"taxonomy":"product_brand","embeddable":true,"href":"https:\/\/sulin.ee\/en\/wp-json\/wp\/v2\/product_brand?post=28960"},{"taxonomy":"product_cat","embeddable":true,"href":"https:\/\/sulin.ee\/en\/wp-json\/wp\/v2\/product_cat?post=28960"},{"taxonomy":"product_tag","embeddable":true,"href":"https:\/\/sulin.ee\/en\/wp-json\/wp\/v2\/product_tag?post=28960"}],"curies":[{"name":"wp","href":"https:\/\/api.w.org\/{rel}","templated":true}]}}