{"id":28957,"date":"2024-12-14T08:48:45","date_gmt":"2024-12-14T08:48:45","guid":{"rendered":"https:\/\/sulin.ee\/?post_type=product&#038;p=28957"},"modified":"2025-09-07T21:38:37","modified_gmt":"2025-09-07T21:38:37","slug":"templite-komplekt-taluloomad","status":"publish","type":"product","link":"https:\/\/sulin.ee\/en\/toode\/templite-komplekt-taluloomad\/","title":{"rendered":"Templite komplekt &#8220;Taluloomad&#8221;"},"content":{"rendered":"<p><strong>Templite komplekt &#8220;Taluloomad&#8221;<\/strong> on ideaalne valik v\u00e4ikelastele, kes soovivad esmakordselt tutvuda v\u00e4rvide ja kunstiga. Komplekt koosneb neljast erinevast isev\u00e4rvuvast templist, mis kujutavad armsaid safari loomi. Nende templite abil saavad lapsed luua oman\u00e4olisi loomaj\u00e4ljendeid, t\u00e4iendada oma joonistusi v\u00f5i lihtsalt nautida loovat m\u00e4ngu. Templid on pestavad, seega ei pea muretsema plekkide p\u00e4rast, ning nende pehmed ja ergonoomilised k\u00e4epidemed on loodud spetsiaalselt v\u00e4ikeste k\u00e4te jaoks.<\/p>\n<p><a href=\"https:\/\/www.djeco.com\/en\"><strong>Djeco<\/strong><\/a> templite komplekt arendab lapse loovust ja kujutlusv\u00f5imet, pakkudes samal ajal l\u00f5busaid ja harivaid hetki. Templi <strong>j\u00e4ljendi suurus on 28 x 28 mm<\/strong>, mis on ideaalne v\u00e4ikese kunstniku esimesteks katsetusteks. Sobib kasutamiseks<strong> alates 18. elukuust<\/strong> ning on suurep\u00e4rane kingitus igale loomas\u00f5brale ja loovm\u00e4ngu austajale. Tutvu ka teiste <a href=\"https:\/\/sulin.ee\/tootekategooria\/brandid\/djeco\/\" target=\"_blank\" rel=\"noopener\"><strong>DJECO arendavate m\u00e4nguasjadega<\/strong><\/a> ja rikasta lapse m\u00e4ngumaailma kvaliteetsete toodetega. Templite komplekt &#8220;Safari loomad&#8221; on inspireeriv ja praktiline abivahend igale lapsele, kes soovib avastada loomingu l\u00f5putut maailma.<\/p>\n<p>&nbsp;<\/p>\n","protected":false},"excerpt":{"rendered":"<p><strong>Templite komplekt &#8220;Taluloomad&#8221;<\/strong> <strong>sisaldab nelja isev\u00e4rvuvat ja pestavat templit, mis kujutavad armsaid safari loomi. See l\u00f5bus ja arendav komplekt sobib ideaalselt v\u00e4ikelastele alates 18. elukuust esimeseks loovm\u00e4nguks.<\/strong><\/p>\n","protected":false},"featured_media":13545,"comment_status":"open","ping_status":"closed","template":"","meta":[],"product_brand":[],"product_cat":[1162,1164,1165,102,927,928],"product_tag":[],"class_list":{"0":"post-28957","1":"product","2":"type-product","3":"status-publish","4":"has-post-thumbnail","6":"product_cat-kingituseks","7":"product_cat-1-3-aastat","8":"product_cat-3-5-aastat","9":"product_cat-kunstivahendid","10":"product_cat-joonistamine","11":"product_cat-djeco","12":"has-post-title","13":"has-post-date","14":"has-post-category","15":"has-post-tag","16":"has-post-comment","17":"has-post-author","18":"","20":"first","21":"instock","22":"sale","23":"taxable","24":"shipping-taxable","25":"purchasable","26":"product-type-simple"},"yoast_head":"<!-- This site is optimized with the Yoast SEO plugin v26.8 - https:\/\/yoast.com\/product\/yoast-seo-wordpress\/ -->\n<title>Templite komplekt &quot;Taluloomad&quot; - sulin.ee<\/title>\n<meta name=\"description\" content=\"Templite komplekt &quot;Taluloomad&quot; koosneb neljast erinevast isev\u00e4rvuvast templist. Templid on maha pestavad ning ergonoomilise k\u00e4epidemega.\" \/>\n<meta name=\"robots\" content=\"index, follow, max-snippet:-1, max-image-preview:large, max-video-preview:-1\" \/>\n<link rel=\"canonical\" href=\"https:\/\/sulin.ee\/en\/toode\/templite-komplekt-taluloomad\/\" \/>\n<meta property=\"og:locale\" content=\"en_US\" \/>\n<meta property=\"og:type\" content=\"article\" \/>\n<meta property=\"og:title\" content=\"Templite komplekt &quot;Taluloomad&quot; - sulin.ee\" \/>\n<meta property=\"og:description\" content=\"Templite komplekt &quot;Taluloomad&quot; koosneb neljast erinevast isev\u00e4rvuvast templist. Templid on maha pestavad ning ergonoomilise k\u00e4epidemega.\" \/>\n<meta property=\"og:url\" content=\"https:\/\/sulin.ee\/en\/toode\/templite-komplekt-taluloomad\/\" \/>\n<meta property=\"og:site_name\" content=\"sulin.ee\" \/>\n<meta property=\"article:publisher\" content=\"https:\/\/www.facebook.com\/www.sulin.ee\/\" \/>\n<meta property=\"article:modified_time\" content=\"2025-09-07T21:38:37+00:00\" \/>\n<meta property=\"og:image\" content=\"https:\/\/sulin.ee\/wp-content\/uploads\/2023\/09\/9283-DJ09011-templid-loomad-1.jpg\" \/>\n\t<meta property=\"og:image:width\" content=\"800\" \/>\n\t<meta property=\"og:image:height\" content=\"800\" \/>\n\t<meta property=\"og:image:type\" content=\"image\/jpeg\" \/>\n<meta name=\"twitter:card\" content=\"summary_large_image\" \/>\n<meta name=\"twitter:label1\" content=\"Est. reading time\" \/>\n\t<meta name=\"twitter:data1\" content=\"1 minute\" \/>\n<script type=\"application\/ld+json\" class=\"yoast-schema-graph\">{\"@context\":\"https:\/\/schema.org\",\"@graph\":[{\"@type\":\"WebPage\",\"@id\":\"https:\/\/sulin.ee\/en\/toode\/templite-komplekt-taluloomad\/\",\"url\":\"https:\/\/sulin.ee\/en\/toode\/templite-komplekt-taluloomad\/\",\"name\":\"Templite komplekt \\\"Taluloomad\\\" - sulin.ee\",\"isPartOf\":{\"@id\":\"https:\/\/sulin.ee\/en\/#website\"},\"primaryImageOfPage\":{\"@id\":\"https:\/\/sulin.ee\/en\/toode\/templite-komplekt-taluloomad\/#primaryimage\"},\"image\":{\"@id\":\"https:\/\/sulin.ee\/en\/toode\/templite-komplekt-taluloomad\/#primaryimage\"},\"thumbnailUrl\":\"https:\/\/sulin.ee\/wp-content\/uploads\/2023\/09\/9283-DJ09011-templid-loomad-1.jpg\",\"datePublished\":\"2024-12-14T08:48:45+00:00\",\"dateModified\":\"2025-09-07T21:38:37+00:00\",\"description\":\"Templite komplekt \\\"Taluloomad\\\" koosneb neljast erinevast isev\u00e4rvuvast templist. Templid on maha pestavad ning ergonoomilise k\u00e4epidemega.\",\"breadcrumb\":{\"@id\":\"https:\/\/sulin.ee\/en\/toode\/templite-komplekt-taluloomad\/#breadcrumb\"},\"inLanguage\":\"en-US\",\"potentialAction\":[{\"@type\":\"ReadAction\",\"target\":[\"https:\/\/sulin.ee\/en\/toode\/templite-komplekt-taluloomad\/\"]}]},{\"@type\":\"ImageObject\",\"inLanguage\":\"en-US\",\"@id\":\"https:\/\/sulin.ee\/en\/toode\/templite-komplekt-taluloomad\/#primaryimage\",\"url\":\"https:\/\/sulin.ee\/wp-content\/uploads\/2023\/09\/9283-DJ09011-templid-loomad-1.jpg\",\"contentUrl\":\"https:\/\/sulin.ee\/wp-content\/uploads\/2023\/09\/9283-DJ09011-templid-loomad-1.jpg\",\"width\":800,\"height\":800,\"caption\":\"Templite komplekt \\\"Taluloomad\\\"\"},{\"@type\":\"BreadcrumbList\",\"@id\":\"https:\/\/sulin.ee\/en\/toode\/templite-komplekt-taluloomad\/#breadcrumb\",\"itemListElement\":[{\"@type\":\"ListItem\",\"position\":1,\"name\":\"Home\",\"item\":\"https:\/\/sulin.ee\/en\/\"},{\"@type\":\"ListItem\",\"position\":2,\"name\":\"Sulin.ee e-pood\",\"item\":\"https:\/\/sulin.ee\/shop\/\"},{\"@type\":\"ListItem\",\"position\":3,\"name\":\"Templite komplekt &#8220;Taluloomad&#8221;\"}]},{\"@type\":\"WebSite\",\"@id\":\"https:\/\/sulin.ee\/en\/#website\",\"url\":\"https:\/\/sulin.ee\/en\/\",\"name\":\"sulin.ee\",\"description\":\"\",\"publisher\":{\"@id\":\"https:\/\/sulin.ee\/en\/#organization\"},\"potentialAction\":[{\"@type\":\"SearchAction\",\"target\":{\"@type\":\"EntryPoint\",\"urlTemplate\":\"https:\/\/sulin.ee\/en\/?s={search_term_string}\"},\"query-input\":{\"@type\":\"PropertyValueSpecification\",\"valueRequired\":true,\"valueName\":\"search_term_string\"}}],\"inLanguage\":\"en-US\"},{\"@type\":\"Organization\",\"@id\":\"https:\/\/sulin.ee\/en\/#organization\",\"name\":\"SULIN TRADE O\u00dc\",\"url\":\"https:\/\/sulin.ee\/en\/\",\"logo\":{\"@type\":\"ImageObject\",\"inLanguage\":\"en-US\",\"@id\":\"https:\/\/sulin.ee\/en\/#\/schema\/logo\/image\/\",\"url\":\"https:\/\/sulin.ee\/wp-content\/uploads\/2022\/11\/sulin-logo.png\",\"contentUrl\":\"https:\/\/sulin.ee\/wp-content\/uploads\/2022\/11\/sulin-logo.png\",\"width\":871,\"height\":321,\"caption\":\"SULIN TRADE O\u00dc\"},\"image\":{\"@id\":\"https:\/\/sulin.ee\/en\/#\/schema\/logo\/image\/\"},\"sameAs\":[\"https:\/\/www.facebook.com\/www.sulin.ee\/\",\"https:\/\/www.instagram.com\/sulintrade\/\"]}]}<\/script>\n<!-- \/ Yoast SEO plugin. -->","yoast_head_json":{"title":"Templite komplekt \"Taluloomad\" - sulin.ee","description":"Templite komplekt \"Taluloomad\" koosneb neljast erinevast isev\u00e4rvuvast templist. Templid on maha pestavad ning ergonoomilise k\u00e4epidemega.","robots":{"index":"index","follow":"follow","max-snippet":"max-snippet:-1","max-image-preview":"max-image-preview:large","max-video-preview":"max-video-preview:-1"},"canonical":"https:\/\/sulin.ee\/en\/toode\/templite-komplekt-taluloomad\/","og_locale":"en_US","og_type":"article","og_title":"Templite komplekt \"Taluloomad\" - sulin.ee","og_description":"Templite komplekt \"Taluloomad\" koosneb neljast erinevast isev\u00e4rvuvast templist. Templid on maha pestavad ning ergonoomilise k\u00e4epidemega.","og_url":"https:\/\/sulin.ee\/en\/toode\/templite-komplekt-taluloomad\/","og_site_name":"sulin.ee","article_publisher":"https:\/\/www.facebook.com\/www.sulin.ee\/","article_modified_time":"2025-09-07T21:38:37+00:00","og_image":[{"width":800,"height":800,"url":"https:\/\/sulin.ee\/wp-content\/uploads\/2023\/09\/9283-DJ09011-templid-loomad-1.jpg","type":"image\/jpeg"}],"twitter_card":"summary_large_image","twitter_misc":{"Est. reading time":"1 minute"},"schema":{"@context":"https:\/\/schema.org","@graph":[{"@type":"WebPage","@id":"https:\/\/sulin.ee\/en\/toode\/templite-komplekt-taluloomad\/","url":"https:\/\/sulin.ee\/en\/toode\/templite-komplekt-taluloomad\/","name":"Templite komplekt \"Taluloomad\" - sulin.ee","isPartOf":{"@id":"https:\/\/sulin.ee\/en\/#website"},"primaryImageOfPage":{"@id":"https:\/\/sulin.ee\/en\/toode\/templite-komplekt-taluloomad\/#primaryimage"},"image":{"@id":"https:\/\/sulin.ee\/en\/toode\/templite-komplekt-taluloomad\/#primaryimage"},"thumbnailUrl":"https:\/\/sulin.ee\/wp-content\/uploads\/2023\/09\/9283-DJ09011-templid-loomad-1.jpg","datePublished":"2024-12-14T08:48:45+00:00","dateModified":"2025-09-07T21:38:37+00:00","description":"Templite komplekt \"Taluloomad\" koosneb neljast erinevast isev\u00e4rvuvast templist. Templid on maha pestavad ning ergonoomilise k\u00e4epidemega.","breadcrumb":{"@id":"https:\/\/sulin.ee\/en\/toode\/templite-komplekt-taluloomad\/#breadcrumb"},"inLanguage":"en-US","potentialAction":[{"@type":"ReadAction","target":["https:\/\/sulin.ee\/en\/toode\/templite-komplekt-taluloomad\/"]}]},{"@type":"ImageObject","inLanguage":"en-US","@id":"https:\/\/sulin.ee\/en\/toode\/templite-komplekt-taluloomad\/#primaryimage","url":"https:\/\/sulin.ee\/wp-content\/uploads\/2023\/09\/9283-DJ09011-templid-loomad-1.jpg","contentUrl":"https:\/\/sulin.ee\/wp-content\/uploads\/2023\/09\/9283-DJ09011-templid-loomad-1.jpg","width":800,"height":800,"caption":"Templite komplekt \"Taluloomad\""},{"@type":"BreadcrumbList","@id":"https:\/\/sulin.ee\/en\/toode\/templite-komplekt-taluloomad\/#breadcrumb","itemListElement":[{"@type":"ListItem","position":1,"name":"Home","item":"https:\/\/sulin.ee\/en\/"},{"@type":"ListItem","position":2,"name":"Sulin.ee e-pood","item":"https:\/\/sulin.ee\/shop\/"},{"@type":"ListItem","position":3,"name":"Templite komplekt &#8220;Taluloomad&#8221;"}]},{"@type":"WebSite","@id":"https:\/\/sulin.ee\/en\/#website","url":"https:\/\/sulin.ee\/en\/","name":"sulin.ee","description":"","publisher":{"@id":"https:\/\/sulin.ee\/en\/#organization"},"potentialAction":[{"@type":"SearchAction","target":{"@type":"EntryPoint","urlTemplate":"https:\/\/sulin.ee\/en\/?s={search_term_string}"},"query-input":{"@type":"PropertyValueSpecification","valueRequired":true,"valueName":"search_term_string"}}],"inLanguage":"en-US"},{"@type":"Organization","@id":"https:\/\/sulin.ee\/en\/#organization","name":"SULIN TRADE O\u00dc","url":"https:\/\/sulin.ee\/en\/","logo":{"@type":"ImageObject","inLanguage":"en-US","@id":"https:\/\/sulin.ee\/en\/#\/schema\/logo\/image\/","url":"https:\/\/sulin.ee\/wp-content\/uploads\/2022\/11\/sulin-logo.png","contentUrl":"https:\/\/sulin.ee\/wp-content\/uploads\/2022\/11\/sulin-logo.png","width":871,"height":321,"caption":"SULIN TRADE O\u00dc"},"image":{"@id":"https:\/\/sulin.ee\/en\/#\/schema\/logo\/image\/"},"sameAs":["https:\/\/www.facebook.com\/www.sulin.ee\/","https:\/\/www.instagram.com\/sulintrade\/"]}]}},"builder_content":"","_links":{"self":[{"href":"https:\/\/sulin.ee\/en\/wp-json\/wp\/v2\/product\/28957","targetHints":{"allow":["GET"]}}],"collection":[{"href":"https:\/\/sulin.ee\/en\/wp-json\/wp\/v2\/product"}],"about":[{"href":"https:\/\/sulin.ee\/en\/wp-json\/wp\/v2\/types\/product"}],"replies":[{"embeddable":true,"href":"https:\/\/sulin.ee\/en\/wp-json\/wp\/v2\/comments?post=28957"}],"wp:featuredmedia":[{"embeddable":true,"href":"https:\/\/sulin.ee\/en\/wp-json\/wp\/v2\/media\/13545"}],"wp:attachment":[{"href":"https:\/\/sulin.ee\/en\/wp-json\/wp\/v2\/media?parent=28957"}],"wp:term":[{"taxonomy":"product_brand","embeddable":true,"href":"https:\/\/sulin.ee\/en\/wp-json\/wp\/v2\/product_brand?post=28957"},{"taxonomy":"product_cat","embeddable":true,"href":"https:\/\/sulin.ee\/en\/wp-json\/wp\/v2\/product_cat?post=28957"},{"taxonomy":"product_tag","embeddable":true,"href":"https:\/\/sulin.ee\/en\/wp-json\/wp\/v2\/product_tag?post=28957"}],"curies":[{"name":"wp","href":"https:\/\/api.w.org\/{rel}","templated":true}]}}