{"id":28954,"date":"2024-12-14T08:48:43","date_gmt":"2024-12-14T08:48:43","guid":{"rendered":"https:\/\/sulin.ee\/?post_type=product&#038;p=28954"},"modified":"2025-09-07T21:46:48","modified_gmt":"2025-09-07T21:46:48","slug":"origami-polaarloomad","status":"publish","type":"product","link":"https:\/\/sulin.ee\/en\/toode\/origami-polaarloomad\/","title":{"rendered":"Origami &#8220;Polaarloomad&#8221;"},"content":{"rendered":"<p><strong>Origami &#8220;Polaarloomad&#8221; viib su p\u00f5hjapoolusele, kus elavad vaalad, linnud, pingviinid ja karud. Vahva tegevus lapsele, kes armastab nokitseda ja meisterdada.<\/strong><\/p>\n<p>J\u00e4rgides juhendis olevaid juhiseid ja lehtedel m\u00e4rgitud jooni saab laps valmistada 24 paberist loomakest. Voltimisjooned on lehtedel m\u00e4rgitud. Vaata toodet tutvustavat videot <span style=\"color: #ff9900;\"><a style=\"color: #ff9900;\" href=\"https:\/\/youtu.be\/zinKAgfgRC8\" target=\"_blank\" rel=\"noopener\">siit<\/a><\/span>.<\/p>\n<p>Vahva tegevus mida teha \u00fcksi v\u00f5i koos s\u00f5pradega.<\/p>\n<p><strong>Komplektis:<\/strong> 24 volditavat loomalehte (20 x 20 cm) ja 1 juhend.<\/p>\n<p>Sobib lapsele alates 5. eluaastast.<\/p>\n","protected":false},"excerpt":{"rendered":"<p>Origami &#8220;Polaarloomad&#8221; viib su p\u00f5hjapoolusele, kus elavad vaalad, linnud, pingviinid ja karud. Vahva tegevus lapsele, kes armastab nokitseda ja meisterdada. J\u00e4rgides juhendis olevaid juhiseid ja lehtedel m\u00e4rgitud jooni saab laps valmistada 24 paberist loomakest. Voltimisjooned on lehtedel m\u00e4rgitud. Vaata toodet tutvustavat videot siit. Vahva tegevus mida teha \u00fcksi v\u00f5i koos s\u00f5pradega. Komplektis: 24 volditavat loomalehte [&hellip;]<\/p>\n","protected":false},"featured_media":15160,"comment_status":"open","ping_status":"closed","template":"","meta":[],"product_brand":[],"product_cat":[1162,1165,1166,102,1017,928],"product_tag":[],"class_list":{"0":"post-28954","1":"product","2":"type-product","3":"status-publish","4":"has-post-thumbnail","6":"product_cat-kingituseks","7":"product_cat-3-5-aastat","8":"product_cat-6-8-aastat","9":"product_cat-kunstivahendid","10":"product_cat-meisterdamine","11":"product_cat-djeco","12":"has-post-title","13":"has-post-date","14":"has-post-category","15":"has-post-tag","16":"has-post-comment","17":"has-post-author","18":"","20":"first","21":"instock","22":"sale","23":"taxable","24":"shipping-taxable","25":"purchasable","26":"product-type-simple"},"yoast_head":"<!-- This site is optimized with the Yoast SEO plugin v26.8 - https:\/\/yoast.com\/product\/yoast-seo-wordpress\/ -->\n<title>Origami &quot;Polaarloomad&quot; - sulin.ee<\/title>\n<meta name=\"description\" content=\"Origami &quot;Polaarloomad&quot; viib su p\u00f5hjapoolusele, kus elavad vaalad, linnud, pingviinid ja karud. Vahva tegevus lapsele, kes armastab nokitseda ja meisterdada.\" \/>\n<meta name=\"robots\" content=\"index, follow, max-snippet:-1, max-image-preview:large, max-video-preview:-1\" \/>\n<link rel=\"canonical\" href=\"https:\/\/sulin.ee\/en\/toode\/origami-polaarloomad\/\" \/>\n<meta property=\"og:locale\" content=\"en_US\" \/>\n<meta property=\"og:type\" content=\"article\" \/>\n<meta property=\"og:title\" content=\"Origami &quot;Polaarloomad&quot; - sulin.ee\" \/>\n<meta property=\"og:description\" content=\"Origami &quot;Polaarloomad&quot; viib su p\u00f5hjapoolusele, kus elavad vaalad, linnud, pingviinid ja karud. Vahva tegevus lapsele, kes armastab nokitseda ja meisterdada.\" \/>\n<meta property=\"og:url\" content=\"https:\/\/sulin.ee\/en\/toode\/origami-polaarloomad\/\" \/>\n<meta property=\"og:site_name\" content=\"sulin.ee\" \/>\n<meta property=\"article:publisher\" content=\"https:\/\/www.facebook.com\/www.sulin.ee\/\" \/>\n<meta property=\"article:modified_time\" content=\"2025-09-07T21:46:48+00:00\" \/>\n<meta property=\"og:image\" content=\"https:\/\/sulin.ee\/wp-content\/uploads\/2023\/11\/1.png\" \/>\n\t<meta property=\"og:image:width\" content=\"1080\" \/>\n\t<meta property=\"og:image:height\" content=\"1080\" \/>\n\t<meta property=\"og:image:type\" content=\"image\/png\" \/>\n<meta name=\"twitter:card\" content=\"summary_large_image\" \/>\n<meta name=\"twitter:label1\" content=\"Est. reading time\" \/>\n\t<meta name=\"twitter:data1\" content=\"1 minute\" \/>\n<script type=\"application\/ld+json\" class=\"yoast-schema-graph\">{\"@context\":\"https:\/\/schema.org\",\"@graph\":[{\"@type\":\"WebPage\",\"@id\":\"https:\/\/sulin.ee\/en\/toode\/origami-polaarloomad\/\",\"url\":\"https:\/\/sulin.ee\/en\/toode\/origami-polaarloomad\/\",\"name\":\"Origami \\\"Polaarloomad\\\" - sulin.ee\",\"isPartOf\":{\"@id\":\"https:\/\/sulin.ee\/en\/#website\"},\"primaryImageOfPage\":{\"@id\":\"https:\/\/sulin.ee\/en\/toode\/origami-polaarloomad\/#primaryimage\"},\"image\":{\"@id\":\"https:\/\/sulin.ee\/en\/toode\/origami-polaarloomad\/#primaryimage\"},\"thumbnailUrl\":\"https:\/\/sulin.ee\/wp-content\/uploads\/2023\/11\/1.png\",\"datePublished\":\"2024-12-14T08:48:43+00:00\",\"dateModified\":\"2025-09-07T21:46:48+00:00\",\"description\":\"Origami \\\"Polaarloomad\\\" viib su p\u00f5hjapoolusele, kus elavad vaalad, linnud, pingviinid ja karud. Vahva tegevus lapsele, kes armastab nokitseda ja meisterdada.\",\"breadcrumb\":{\"@id\":\"https:\/\/sulin.ee\/en\/toode\/origami-polaarloomad\/#breadcrumb\"},\"inLanguage\":\"en-US\",\"potentialAction\":[{\"@type\":\"ReadAction\",\"target\":[\"https:\/\/sulin.ee\/en\/toode\/origami-polaarloomad\/\"]}]},{\"@type\":\"ImageObject\",\"inLanguage\":\"en-US\",\"@id\":\"https:\/\/sulin.ee\/en\/toode\/origami-polaarloomad\/#primaryimage\",\"url\":\"https:\/\/sulin.ee\/wp-content\/uploads\/2023\/11\/1.png\",\"contentUrl\":\"https:\/\/sulin.ee\/wp-content\/uploads\/2023\/11\/1.png\",\"width\":1080,\"height\":1080},{\"@type\":\"BreadcrumbList\",\"@id\":\"https:\/\/sulin.ee\/en\/toode\/origami-polaarloomad\/#breadcrumb\",\"itemListElement\":[{\"@type\":\"ListItem\",\"position\":1,\"name\":\"Home\",\"item\":\"https:\/\/sulin.ee\/en\/\"},{\"@type\":\"ListItem\",\"position\":2,\"name\":\"Sulin.ee e-pood\",\"item\":\"https:\/\/sulin.ee\/shop\/\"},{\"@type\":\"ListItem\",\"position\":3,\"name\":\"Origami &#8220;Polaarloomad&#8221;\"}]},{\"@type\":\"WebSite\",\"@id\":\"https:\/\/sulin.ee\/en\/#website\",\"url\":\"https:\/\/sulin.ee\/en\/\",\"name\":\"sulin.ee\",\"description\":\"\",\"publisher\":{\"@id\":\"https:\/\/sulin.ee\/en\/#organization\"},\"potentialAction\":[{\"@type\":\"SearchAction\",\"target\":{\"@type\":\"EntryPoint\",\"urlTemplate\":\"https:\/\/sulin.ee\/en\/?s={search_term_string}\"},\"query-input\":{\"@type\":\"PropertyValueSpecification\",\"valueRequired\":true,\"valueName\":\"search_term_string\"}}],\"inLanguage\":\"en-US\"},{\"@type\":\"Organization\",\"@id\":\"https:\/\/sulin.ee\/en\/#organization\",\"name\":\"SULIN TRADE O\u00dc\",\"url\":\"https:\/\/sulin.ee\/en\/\",\"logo\":{\"@type\":\"ImageObject\",\"inLanguage\":\"en-US\",\"@id\":\"https:\/\/sulin.ee\/en\/#\/schema\/logo\/image\/\",\"url\":\"https:\/\/sulin.ee\/wp-content\/uploads\/2022\/11\/sulin-logo.png\",\"contentUrl\":\"https:\/\/sulin.ee\/wp-content\/uploads\/2022\/11\/sulin-logo.png\",\"width\":871,\"height\":321,\"caption\":\"SULIN TRADE O\u00dc\"},\"image\":{\"@id\":\"https:\/\/sulin.ee\/en\/#\/schema\/logo\/image\/\"},\"sameAs\":[\"https:\/\/www.facebook.com\/www.sulin.ee\/\",\"https:\/\/www.instagram.com\/sulintrade\/\"]}]}<\/script>\n<!-- \/ Yoast SEO plugin. -->","yoast_head_json":{"title":"Origami \"Polaarloomad\" - sulin.ee","description":"Origami \"Polaarloomad\" viib su p\u00f5hjapoolusele, kus elavad vaalad, linnud, pingviinid ja karud. Vahva tegevus lapsele, kes armastab nokitseda ja meisterdada.","robots":{"index":"index","follow":"follow","max-snippet":"max-snippet:-1","max-image-preview":"max-image-preview:large","max-video-preview":"max-video-preview:-1"},"canonical":"https:\/\/sulin.ee\/en\/toode\/origami-polaarloomad\/","og_locale":"en_US","og_type":"article","og_title":"Origami \"Polaarloomad\" - sulin.ee","og_description":"Origami \"Polaarloomad\" viib su p\u00f5hjapoolusele, kus elavad vaalad, linnud, pingviinid ja karud. Vahva tegevus lapsele, kes armastab nokitseda ja meisterdada.","og_url":"https:\/\/sulin.ee\/en\/toode\/origami-polaarloomad\/","og_site_name":"sulin.ee","article_publisher":"https:\/\/www.facebook.com\/www.sulin.ee\/","article_modified_time":"2025-09-07T21:46:48+00:00","og_image":[{"width":1080,"height":1080,"url":"https:\/\/sulin.ee\/wp-content\/uploads\/2023\/11\/1.png","type":"image\/png"}],"twitter_card":"summary_large_image","twitter_misc":{"Est. reading time":"1 minute"},"schema":{"@context":"https:\/\/schema.org","@graph":[{"@type":"WebPage","@id":"https:\/\/sulin.ee\/en\/toode\/origami-polaarloomad\/","url":"https:\/\/sulin.ee\/en\/toode\/origami-polaarloomad\/","name":"Origami \"Polaarloomad\" - sulin.ee","isPartOf":{"@id":"https:\/\/sulin.ee\/en\/#website"},"primaryImageOfPage":{"@id":"https:\/\/sulin.ee\/en\/toode\/origami-polaarloomad\/#primaryimage"},"image":{"@id":"https:\/\/sulin.ee\/en\/toode\/origami-polaarloomad\/#primaryimage"},"thumbnailUrl":"https:\/\/sulin.ee\/wp-content\/uploads\/2023\/11\/1.png","datePublished":"2024-12-14T08:48:43+00:00","dateModified":"2025-09-07T21:46:48+00:00","description":"Origami \"Polaarloomad\" viib su p\u00f5hjapoolusele, kus elavad vaalad, linnud, pingviinid ja karud. Vahva tegevus lapsele, kes armastab nokitseda ja meisterdada.","breadcrumb":{"@id":"https:\/\/sulin.ee\/en\/toode\/origami-polaarloomad\/#breadcrumb"},"inLanguage":"en-US","potentialAction":[{"@type":"ReadAction","target":["https:\/\/sulin.ee\/en\/toode\/origami-polaarloomad\/"]}]},{"@type":"ImageObject","inLanguage":"en-US","@id":"https:\/\/sulin.ee\/en\/toode\/origami-polaarloomad\/#primaryimage","url":"https:\/\/sulin.ee\/wp-content\/uploads\/2023\/11\/1.png","contentUrl":"https:\/\/sulin.ee\/wp-content\/uploads\/2023\/11\/1.png","width":1080,"height":1080},{"@type":"BreadcrumbList","@id":"https:\/\/sulin.ee\/en\/toode\/origami-polaarloomad\/#breadcrumb","itemListElement":[{"@type":"ListItem","position":1,"name":"Home","item":"https:\/\/sulin.ee\/en\/"},{"@type":"ListItem","position":2,"name":"Sulin.ee e-pood","item":"https:\/\/sulin.ee\/shop\/"},{"@type":"ListItem","position":3,"name":"Origami &#8220;Polaarloomad&#8221;"}]},{"@type":"WebSite","@id":"https:\/\/sulin.ee\/en\/#website","url":"https:\/\/sulin.ee\/en\/","name":"sulin.ee","description":"","publisher":{"@id":"https:\/\/sulin.ee\/en\/#organization"},"potentialAction":[{"@type":"SearchAction","target":{"@type":"EntryPoint","urlTemplate":"https:\/\/sulin.ee\/en\/?s={search_term_string}"},"query-input":{"@type":"PropertyValueSpecification","valueRequired":true,"valueName":"search_term_string"}}],"inLanguage":"en-US"},{"@type":"Organization","@id":"https:\/\/sulin.ee\/en\/#organization","name":"SULIN TRADE O\u00dc","url":"https:\/\/sulin.ee\/en\/","logo":{"@type":"ImageObject","inLanguage":"en-US","@id":"https:\/\/sulin.ee\/en\/#\/schema\/logo\/image\/","url":"https:\/\/sulin.ee\/wp-content\/uploads\/2022\/11\/sulin-logo.png","contentUrl":"https:\/\/sulin.ee\/wp-content\/uploads\/2022\/11\/sulin-logo.png","width":871,"height":321,"caption":"SULIN TRADE O\u00dc"},"image":{"@id":"https:\/\/sulin.ee\/en\/#\/schema\/logo\/image\/"},"sameAs":["https:\/\/www.facebook.com\/www.sulin.ee\/","https:\/\/www.instagram.com\/sulintrade\/"]}]}},"builder_content":"","_links":{"self":[{"href":"https:\/\/sulin.ee\/en\/wp-json\/wp\/v2\/product\/28954","targetHints":{"allow":["GET"]}}],"collection":[{"href":"https:\/\/sulin.ee\/en\/wp-json\/wp\/v2\/product"}],"about":[{"href":"https:\/\/sulin.ee\/en\/wp-json\/wp\/v2\/types\/product"}],"replies":[{"embeddable":true,"href":"https:\/\/sulin.ee\/en\/wp-json\/wp\/v2\/comments?post=28954"}],"wp:featuredmedia":[{"embeddable":true,"href":"https:\/\/sulin.ee\/en\/wp-json\/wp\/v2\/media\/15160"}],"wp:attachment":[{"href":"https:\/\/sulin.ee\/en\/wp-json\/wp\/v2\/media?parent=28954"}],"wp:term":[{"taxonomy":"product_brand","embeddable":true,"href":"https:\/\/sulin.ee\/en\/wp-json\/wp\/v2\/product_brand?post=28954"},{"taxonomy":"product_cat","embeddable":true,"href":"https:\/\/sulin.ee\/en\/wp-json\/wp\/v2\/product_cat?post=28954"},{"taxonomy":"product_tag","embeddable":true,"href":"https:\/\/sulin.ee\/en\/wp-json\/wp\/v2\/product_tag?post=28954"}],"curies":[{"name":"wp","href":"https:\/\/api.w.org\/{rel}","templated":true}]}}