{"id":28953,"date":"2024-12-14T08:48:37","date_gmt":"2024-12-14T08:48:37","guid":{"rendered":"https:\/\/sulin.ee\/?post_type=product&#038;p=28953"},"modified":"2025-09-07T21:38:37","modified_gmt":"2025-09-07T21:38:37","slug":"meisterda-ise-lehvik-koneko","status":"publish","type":"product","link":"https:\/\/sulin.ee\/en\/toode\/meisterda-ise-lehvik-koneko\/","title":{"rendered":"Meisterda ise lehvik \u201cKoneko\u201d"},"content":{"rendered":"<p><strong>Meisterda ise lehvik &#8220;Koneko&#8221; on vahva komplekt t\u00f5elisele meisterdajale. Laps saab ise v\u00e4rvida ja luua unikaalse lehviku ning lehviku \u00fcmbrise. Lehvikul on kujutatud Koneko, mis t\u00e4hendab jaapanikeeles kassipoega.<\/strong><\/p>\n<p>Armas kassipojaga lehvik on hea kaaslane \u00f5uedaamile muinasjutulossis v\u00f5i kuumal suvep\u00e4eval terrassil puhates. Ise valmistatud lehvik on unikaalne ning v\u00e4rvitud just lapse lemmik v\u00e4rvidega. Soovitatav on v\u00e4rvida lehvikut vildikatega, et v\u00e4rvid oleks erksad ja silmapaistvad.<\/p>\n<p><strong>Komplekti kuulub:<\/strong> 1 suur lehvik (37 x 21 cm) ja lehviku kaitse\u00fcmbris, \u00fcksikasjalik juhend.<\/p>\n<p>Vaata toodet tutvustavat videot <a href=\"https:\/\/www.youtube.com\/shorts\/rn-Vqij-JKY\" target=\"_blank\" rel=\"noopener\"><span style=\"color: #ff9900;\">siit<\/span>.<\/a><\/p>\n<p><strong>Sobib alates 6+ eluaastat.<\/strong><\/p>\n<p><strong>HOIATUS!<\/strong> Ei sobi alla 3-aastastele lastele. Sisaldab v\u00e4ikeseid osi &#8211; l\u00e4mbumisoht.<\/p>\n<p>Vaata ka teisi vahvaid ja arendavaid DJECO m\u00e4nguasju\u00a0<span style=\"color: #0000ff;\"><a style=\"color: #0000ff;\" href=\"https:\/\/sulin.ee\/tootekategooria\/brandid\/djeco\/\" target=\"_blank\" rel=\"noopener\"><span style=\"color: #ff9900;\">siit<\/span>.<\/a><\/span><\/p>\n","protected":false},"excerpt":{"rendered":"<p>Meisterda ise lehvik &#8220;Koneko&#8221; on vahva komplekt t\u00f5elisele meisterdajale. Laps saab ise v\u00e4rvida ja luua unikaalse lehviku ning lehviku \u00fcmbrise. Lehvikul on kujutatud Koneko, mis t\u00e4hendab jaapanikeeles kassipoega. Armas kassipojaga lehvik on hea kaaslane \u00f5uedaamile muinasjutulossis v\u00f5i kuumal suvep\u00e4eval terrassil puhates. Ise valmistatud lehvik on unikaalne ning v\u00e4rvitud just lapse lemmik v\u00e4rvidega. Soovitatav on v\u00e4rvida [&hellip;]<\/p>\n","protected":false},"featured_media":16342,"comment_status":"open","ping_status":"closed","template":"","meta":[],"product_brand":[],"product_cat":[1162,1166,102,1017,176,1015,928],"product_tag":[],"class_list":{"0":"post-28953","1":"product","2":"type-product","3":"status-publish","4":"has-post-thumbnail","6":"product_cat-kingituseks","7":"product_cat-6-8-aastat","8":"product_cat-kunstivahendid","9":"product_cat-meisterdamine","10":"product_cat-rollimangud","11":"product_cat-muud-rollimangud","12":"product_cat-djeco","13":"has-post-title","14":"has-post-date","15":"has-post-category","16":"has-post-tag","17":"has-post-comment","18":"has-post-author","19":"","21":"first","22":"instock","23":"sale","24":"taxable","25":"shipping-taxable","26":"purchasable","27":"product-type-simple"},"yoast_head":"<!-- This site is optimized with the Yoast SEO plugin v26.8 - https:\/\/yoast.com\/product\/yoast-seo-wordpress\/ -->\n<title>Meisterda ise lehvik \u201cKoneko\u201d - sulin.ee<\/title>\n<meta name=\"description\" content=\"Meisterda ise lehvik &quot;Koneko&quot; on vahva komplekt t\u00f5elisele meisterdajale. Laps saab ise v\u00e4rvida ja luua unikaalse lehviku ning lehviku \u00fcmbrise.\" \/>\n<meta name=\"robots\" content=\"index, follow, max-snippet:-1, max-image-preview:large, max-video-preview:-1\" \/>\n<link rel=\"canonical\" href=\"https:\/\/sulin.ee\/en\/toode\/meisterda-ise-lehvik-koneko\/\" \/>\n<meta property=\"og:locale\" content=\"en_US\" \/>\n<meta property=\"og:type\" content=\"article\" \/>\n<meta property=\"og:title\" content=\"Meisterda ise lehvik \u201cKoneko\u201d - sulin.ee\" \/>\n<meta property=\"og:description\" content=\"Meisterda ise lehvik &quot;Koneko&quot; on vahva komplekt t\u00f5elisele meisterdajale. Laps saab ise v\u00e4rvida ja luua unikaalse lehviku ning lehviku \u00fcmbrise.\" \/>\n<meta property=\"og:url\" content=\"https:\/\/sulin.ee\/en\/toode\/meisterda-ise-lehvik-koneko\/\" \/>\n<meta property=\"og:site_name\" content=\"sulin.ee\" \/>\n<meta property=\"article:publisher\" content=\"https:\/\/www.facebook.com\/www.sulin.ee\/\" \/>\n<meta property=\"article:modified_time\" content=\"2025-09-07T21:38:37+00:00\" \/>\n<meta property=\"og:image\" content=\"https:\/\/sulin.ee\/wp-content\/uploads\/2024\/02\/Koneko.png\" \/>\n\t<meta property=\"og:image:width\" content=\"1080\" \/>\n\t<meta property=\"og:image:height\" content=\"1080\" \/>\n\t<meta property=\"og:image:type\" content=\"image\/png\" \/>\n<meta name=\"twitter:card\" content=\"summary_large_image\" \/>\n<meta name=\"twitter:label1\" content=\"Est. reading time\" \/>\n\t<meta name=\"twitter:data1\" content=\"1 minute\" \/>\n<script type=\"application\/ld+json\" class=\"yoast-schema-graph\">{\"@context\":\"https:\/\/schema.org\",\"@graph\":[{\"@type\":\"WebPage\",\"@id\":\"https:\/\/sulin.ee\/en\/toode\/meisterda-ise-lehvik-koneko\/\",\"url\":\"https:\/\/sulin.ee\/en\/toode\/meisterda-ise-lehvik-koneko\/\",\"name\":\"Meisterda ise lehvik \u201cKoneko\u201d - sulin.ee\",\"isPartOf\":{\"@id\":\"https:\/\/sulin.ee\/en\/#website\"},\"primaryImageOfPage\":{\"@id\":\"https:\/\/sulin.ee\/en\/toode\/meisterda-ise-lehvik-koneko\/#primaryimage\"},\"image\":{\"@id\":\"https:\/\/sulin.ee\/en\/toode\/meisterda-ise-lehvik-koneko\/#primaryimage\"},\"thumbnailUrl\":\"https:\/\/sulin.ee\/wp-content\/uploads\/2024\/02\/Koneko.png\",\"datePublished\":\"2024-12-14T08:48:37+00:00\",\"dateModified\":\"2025-09-07T21:38:37+00:00\",\"description\":\"Meisterda ise lehvik \\\"Koneko\\\" on vahva komplekt t\u00f5elisele meisterdajale. Laps saab ise v\u00e4rvida ja luua unikaalse lehviku ning lehviku \u00fcmbrise.\",\"breadcrumb\":{\"@id\":\"https:\/\/sulin.ee\/en\/toode\/meisterda-ise-lehvik-koneko\/#breadcrumb\"},\"inLanguage\":\"en-US\",\"potentialAction\":[{\"@type\":\"ReadAction\",\"target\":[\"https:\/\/sulin.ee\/en\/toode\/meisterda-ise-lehvik-koneko\/\"]}]},{\"@type\":\"ImageObject\",\"inLanguage\":\"en-US\",\"@id\":\"https:\/\/sulin.ee\/en\/toode\/meisterda-ise-lehvik-koneko\/#primaryimage\",\"url\":\"https:\/\/sulin.ee\/wp-content\/uploads\/2024\/02\/Koneko.png\",\"contentUrl\":\"https:\/\/sulin.ee\/wp-content\/uploads\/2024\/02\/Koneko.png\",\"width\":1080,\"height\":1080,\"caption\":\"Meisterda ise lehvik \u201cKoneko\u201d\"},{\"@type\":\"BreadcrumbList\",\"@id\":\"https:\/\/sulin.ee\/en\/toode\/meisterda-ise-lehvik-koneko\/#breadcrumb\",\"itemListElement\":[{\"@type\":\"ListItem\",\"position\":1,\"name\":\"Home\",\"item\":\"https:\/\/sulin.ee\/en\/\"},{\"@type\":\"ListItem\",\"position\":2,\"name\":\"Sulin.ee e-pood\",\"item\":\"https:\/\/sulin.ee\/shop\/\"},{\"@type\":\"ListItem\",\"position\":3,\"name\":\"Meisterda ise lehvik \u201cKoneko\u201d\"}]},{\"@type\":\"WebSite\",\"@id\":\"https:\/\/sulin.ee\/en\/#website\",\"url\":\"https:\/\/sulin.ee\/en\/\",\"name\":\"sulin.ee\",\"description\":\"\",\"publisher\":{\"@id\":\"https:\/\/sulin.ee\/en\/#organization\"},\"potentialAction\":[{\"@type\":\"SearchAction\",\"target\":{\"@type\":\"EntryPoint\",\"urlTemplate\":\"https:\/\/sulin.ee\/en\/?s={search_term_string}\"},\"query-input\":{\"@type\":\"PropertyValueSpecification\",\"valueRequired\":true,\"valueName\":\"search_term_string\"}}],\"inLanguage\":\"en-US\"},{\"@type\":\"Organization\",\"@id\":\"https:\/\/sulin.ee\/en\/#organization\",\"name\":\"SULIN TRADE O\u00dc\",\"url\":\"https:\/\/sulin.ee\/en\/\",\"logo\":{\"@type\":\"ImageObject\",\"inLanguage\":\"en-US\",\"@id\":\"https:\/\/sulin.ee\/en\/#\/schema\/logo\/image\/\",\"url\":\"https:\/\/sulin.ee\/wp-content\/uploads\/2022\/11\/sulin-logo.png\",\"contentUrl\":\"https:\/\/sulin.ee\/wp-content\/uploads\/2022\/11\/sulin-logo.png\",\"width\":871,\"height\":321,\"caption\":\"SULIN TRADE O\u00dc\"},\"image\":{\"@id\":\"https:\/\/sulin.ee\/en\/#\/schema\/logo\/image\/\"},\"sameAs\":[\"https:\/\/www.facebook.com\/www.sulin.ee\/\",\"https:\/\/www.instagram.com\/sulintrade\/\"]}]}<\/script>\n<!-- \/ Yoast SEO plugin. -->","yoast_head_json":{"title":"Meisterda ise lehvik \u201cKoneko\u201d - sulin.ee","description":"Meisterda ise lehvik \"Koneko\" on vahva komplekt t\u00f5elisele meisterdajale. Laps saab ise v\u00e4rvida ja luua unikaalse lehviku ning lehviku \u00fcmbrise.","robots":{"index":"index","follow":"follow","max-snippet":"max-snippet:-1","max-image-preview":"max-image-preview:large","max-video-preview":"max-video-preview:-1"},"canonical":"https:\/\/sulin.ee\/en\/toode\/meisterda-ise-lehvik-koneko\/","og_locale":"en_US","og_type":"article","og_title":"Meisterda ise lehvik \u201cKoneko\u201d - sulin.ee","og_description":"Meisterda ise lehvik \"Koneko\" on vahva komplekt t\u00f5elisele meisterdajale. Laps saab ise v\u00e4rvida ja luua unikaalse lehviku ning lehviku \u00fcmbrise.","og_url":"https:\/\/sulin.ee\/en\/toode\/meisterda-ise-lehvik-koneko\/","og_site_name":"sulin.ee","article_publisher":"https:\/\/www.facebook.com\/www.sulin.ee\/","article_modified_time":"2025-09-07T21:38:37+00:00","og_image":[{"width":1080,"height":1080,"url":"https:\/\/sulin.ee\/wp-content\/uploads\/2024\/02\/Koneko.png","type":"image\/png"}],"twitter_card":"summary_large_image","twitter_misc":{"Est. reading time":"1 minute"},"schema":{"@context":"https:\/\/schema.org","@graph":[{"@type":"WebPage","@id":"https:\/\/sulin.ee\/en\/toode\/meisterda-ise-lehvik-koneko\/","url":"https:\/\/sulin.ee\/en\/toode\/meisterda-ise-lehvik-koneko\/","name":"Meisterda ise lehvik \u201cKoneko\u201d - sulin.ee","isPartOf":{"@id":"https:\/\/sulin.ee\/en\/#website"},"primaryImageOfPage":{"@id":"https:\/\/sulin.ee\/en\/toode\/meisterda-ise-lehvik-koneko\/#primaryimage"},"image":{"@id":"https:\/\/sulin.ee\/en\/toode\/meisterda-ise-lehvik-koneko\/#primaryimage"},"thumbnailUrl":"https:\/\/sulin.ee\/wp-content\/uploads\/2024\/02\/Koneko.png","datePublished":"2024-12-14T08:48:37+00:00","dateModified":"2025-09-07T21:38:37+00:00","description":"Meisterda ise lehvik \"Koneko\" on vahva komplekt t\u00f5elisele meisterdajale. Laps saab ise v\u00e4rvida ja luua unikaalse lehviku ning lehviku \u00fcmbrise.","breadcrumb":{"@id":"https:\/\/sulin.ee\/en\/toode\/meisterda-ise-lehvik-koneko\/#breadcrumb"},"inLanguage":"en-US","potentialAction":[{"@type":"ReadAction","target":["https:\/\/sulin.ee\/en\/toode\/meisterda-ise-lehvik-koneko\/"]}]},{"@type":"ImageObject","inLanguage":"en-US","@id":"https:\/\/sulin.ee\/en\/toode\/meisterda-ise-lehvik-koneko\/#primaryimage","url":"https:\/\/sulin.ee\/wp-content\/uploads\/2024\/02\/Koneko.png","contentUrl":"https:\/\/sulin.ee\/wp-content\/uploads\/2024\/02\/Koneko.png","width":1080,"height":1080,"caption":"Meisterda ise lehvik \u201cKoneko\u201d"},{"@type":"BreadcrumbList","@id":"https:\/\/sulin.ee\/en\/toode\/meisterda-ise-lehvik-koneko\/#breadcrumb","itemListElement":[{"@type":"ListItem","position":1,"name":"Home","item":"https:\/\/sulin.ee\/en\/"},{"@type":"ListItem","position":2,"name":"Sulin.ee e-pood","item":"https:\/\/sulin.ee\/shop\/"},{"@type":"ListItem","position":3,"name":"Meisterda ise lehvik \u201cKoneko\u201d"}]},{"@type":"WebSite","@id":"https:\/\/sulin.ee\/en\/#website","url":"https:\/\/sulin.ee\/en\/","name":"sulin.ee","description":"","publisher":{"@id":"https:\/\/sulin.ee\/en\/#organization"},"potentialAction":[{"@type":"SearchAction","target":{"@type":"EntryPoint","urlTemplate":"https:\/\/sulin.ee\/en\/?s={search_term_string}"},"query-input":{"@type":"PropertyValueSpecification","valueRequired":true,"valueName":"search_term_string"}}],"inLanguage":"en-US"},{"@type":"Organization","@id":"https:\/\/sulin.ee\/en\/#organization","name":"SULIN TRADE O\u00dc","url":"https:\/\/sulin.ee\/en\/","logo":{"@type":"ImageObject","inLanguage":"en-US","@id":"https:\/\/sulin.ee\/en\/#\/schema\/logo\/image\/","url":"https:\/\/sulin.ee\/wp-content\/uploads\/2022\/11\/sulin-logo.png","contentUrl":"https:\/\/sulin.ee\/wp-content\/uploads\/2022\/11\/sulin-logo.png","width":871,"height":321,"caption":"SULIN TRADE O\u00dc"},"image":{"@id":"https:\/\/sulin.ee\/en\/#\/schema\/logo\/image\/"},"sameAs":["https:\/\/www.facebook.com\/www.sulin.ee\/","https:\/\/www.instagram.com\/sulintrade\/"]}]}},"builder_content":"","_links":{"self":[{"href":"https:\/\/sulin.ee\/en\/wp-json\/wp\/v2\/product\/28953","targetHints":{"allow":["GET"]}}],"collection":[{"href":"https:\/\/sulin.ee\/en\/wp-json\/wp\/v2\/product"}],"about":[{"href":"https:\/\/sulin.ee\/en\/wp-json\/wp\/v2\/types\/product"}],"replies":[{"embeddable":true,"href":"https:\/\/sulin.ee\/en\/wp-json\/wp\/v2\/comments?post=28953"}],"wp:featuredmedia":[{"embeddable":true,"href":"https:\/\/sulin.ee\/en\/wp-json\/wp\/v2\/media\/16342"}],"wp:attachment":[{"href":"https:\/\/sulin.ee\/en\/wp-json\/wp\/v2\/media?parent=28953"}],"wp:term":[{"taxonomy":"product_brand","embeddable":true,"href":"https:\/\/sulin.ee\/en\/wp-json\/wp\/v2\/product_brand?post=28953"},{"taxonomy":"product_cat","embeddable":true,"href":"https:\/\/sulin.ee\/en\/wp-json\/wp\/v2\/product_cat?post=28953"},{"taxonomy":"product_tag","embeddable":true,"href":"https:\/\/sulin.ee\/en\/wp-json\/wp\/v2\/product_tag?post=28953"}],"curies":[{"name":"wp","href":"https:\/\/api.w.org\/{rel}","templated":true}]}}