{"id":28949,"date":"2024-12-14T08:48:30","date_gmt":"2024-12-14T08:48:30","guid":{"rendered":"https:\/\/sulin.ee\/?post_type=product&#038;p=28949"},"modified":"2025-09-07T21:38:37","modified_gmt":"2025-09-07T21:38:37","slug":"b-box-silikoonist-toiduvorgu-vahetatavad-otsad-2tk","status":"publish","type":"product","link":"https:\/\/sulin.ee\/en\/toode\/b-box-silikoonist-toiduvorgu-vahetatavad-otsad-2tk\/","title":{"rendered":"b.box silikoonist toiduv\u00f5rgu vahetatavad otsad &#8211; 2tk"},"content":{"rendered":"<p>b.box silikoonist toiduv\u00f5rgu vahetatavad otsad on m\u00f5eldud <a href=\"https:\/\/sulin.ee\/toode\/b-box-silikoonist-toiduvork-lemon-sherbet\/?preview_id=13214&amp;preview_nonce=66fe98c96b&amp;_thumbnail_id=13215&amp;preview=true\" target=\"_blank\" rel=\"noopener\"><span style=\"color: #0000ff;\">b.box silikoonist toiduv\u00f5rgu jaoks.\u00a0<\/span><\/a><\/p>\n<p><strong>b.box silikoonist toiduv\u00f5rk on ohutu ja mugav viis beebile v\u00e4rske toidu pakkumiseks ning uute ja p\u00f5nevate maitsete tutvustamiseks. Pehmest silikoonist toiduv\u00f5rk on lapse igemetele \u00f5rn ning seda on lihtne puhastada.\u00a0<\/strong><\/p>\n<p>b.box silikoonist toiduv\u00f5rk on lihtsasti t\u00e4idetav &#8211; ava lukustusr\u00f5ngas, pista toit sisse, sulge ja ongi kasutamiseks valmis!<\/p>\n<p>Ainulaatsete k\u00e4epidemete abil saab beebi v\u00f5rgust kinni hoida nii \u00fche kui kahe k\u00e4ega ning maha pannes p\u00fcsib see p\u00fcsti, t\u00e4nu millele ei pea muretsema toidu mustaks saamise p\u00e4rast. Vaata toodet tutvustavat videot <span style=\"color: #0000ff;\"><a style=\"color: #0000ff;\" href=\"https:\/\/www.youtube.com\/watch?v=nF3nR4CYlNk\" target=\"_blank\" rel=\"noopener\">siit.<\/a><\/span><\/p>\n<p>V\u00f5rguga on kaasas kork, mis hoiab toidu h\u00fcgieenilisena ka kodust v\u00e4lja minnes. Puhastamiseks pese v\u00f5rku kraani all v\u00f5i pista n\u00f5udepesumasinasse.<\/p>\n<ul>\n<li>Ideaalne viis v\u00e4rskete toiudainete ohutuks ja h\u00fcgieeniliseks tutvustamiseks.<\/li>\n<li>\u00d5rn beebi igemetele.<\/li>\n<li>Ergonoomiline k\u00e4epide, millest lapsel on lihtne haarata.<\/li>\n<li>Seisab p\u00fcsti, t\u00e4nu millele ei saa v\u00f5rk mustaks.<\/li>\n<li>Kaasas kork, mille abil saab hoida v\u00f5rgu h\u00fcgieenilisena.<\/li>\n<li>Lihtne puhastada.<\/li>\n<li>Sobib alates 4. elukuust.<\/li>\n<\/ul>\n","protected":false},"excerpt":{"rendered":"<p>b.box silikoonist toiduv\u00f5rgu vahetatavad otsad on m\u00f5eldud b.box silikoonist toiduv\u00f5rgu jaoks.\u00a0 b.box silikoonist toiduv\u00f5rk on ohutu ja mugav viis beebile v\u00e4rske toidu pakkumiseks ning uute ja p\u00f5nevate maitsete tutvustamiseks. Pehmest silikoonist toiduv\u00f5rk on lapse igemetele \u00f5rn ning seda on lihtne puhastada.\u00a0 b.box silikoonist toiduv\u00f5rk on lihtsasti t\u00e4idetav &#8211; ava lukustusr\u00f5ngas, pista toit sisse, sulge ja [&hellip;]<\/p>\n","protected":false},"featured_media":16666,"comment_status":"open","ping_status":"closed","template":"","meta":[],"product_brand":[],"product_cat":[490,858,852],"product_tag":[],"class_list":{"0":"post-28949","1":"product","2":"type-product","3":"status-publish","4":"has-post-thumbnail","6":"product_cat-beebi-sooginoud","7":"product_cat-soogiriistad","8":"product_cat-b-box","9":"has-post-title","10":"has-post-date","11":"has-post-category","12":"has-post-tag","13":"has-post-comment","14":"has-post-author","15":"","17":"first","18":"instock","19":"sale","20":"taxable","21":"shipping-taxable","22":"purchasable","23":"product-type-simple"},"yoast_head":"<!-- This site is optimized with the Yoast SEO plugin v26.8 - https:\/\/yoast.com\/product\/yoast-seo-wordpress\/ -->\n<title>b.box silikoonist toiduv\u00f5rgu vahetatavad otsad - 2tk - sulin.ee<\/title>\n<meta name=\"description\" content=\"b.box silikoonist toiduv\u00f5rgu vahetatavad otsad on m\u00f5eldud b.box silikoonist toiduv\u00f5rgu jaoks.\u00a0See on lapse igemetele \u00f5rn ning seda on lihtne puhastada.\u00a0\" \/>\n<meta name=\"robots\" content=\"index, follow, max-snippet:-1, max-image-preview:large, max-video-preview:-1\" \/>\n<link rel=\"canonical\" href=\"https:\/\/sulin.ee\/en\/toode\/b-box-silikoonist-toiduvorgu-vahetatavad-otsad-2tk\/\" \/>\n<meta property=\"og:locale\" content=\"en_US\" \/>\n<meta property=\"og:type\" content=\"article\" \/>\n<meta property=\"og:title\" content=\"b.box silikoonist toiduv\u00f5rgu vahetatavad otsad - 2tk - sulin.ee\" \/>\n<meta property=\"og:description\" content=\"b.box silikoonist toiduv\u00f5rgu vahetatavad otsad on m\u00f5eldud b.box silikoonist toiduv\u00f5rgu jaoks.\u00a0See on lapse igemetele \u00f5rn ning seda on lihtne puhastada.\u00a0\" \/>\n<meta property=\"og:url\" content=\"https:\/\/sulin.ee\/en\/toode\/b-box-silikoonist-toiduvorgu-vahetatavad-otsad-2tk\/\" \/>\n<meta property=\"og:site_name\" content=\"sulin.ee\" \/>\n<meta property=\"article:publisher\" content=\"https:\/\/www.facebook.com\/www.sulin.ee\/\" \/>\n<meta property=\"article:modified_time\" content=\"2025-09-07T21:38:37+00:00\" \/>\n<meta property=\"og:image\" content=\"https:\/\/sulin.ee\/wp-content\/uploads\/2023\/08\/Piltide-korrektuurid-kodulehel.png\" \/>\n\t<meta property=\"og:image:width\" content=\"1080\" \/>\n\t<meta property=\"og:image:height\" content=\"1080\" \/>\n\t<meta property=\"og:image:type\" content=\"image\/png\" \/>\n<meta name=\"twitter:card\" content=\"summary_large_image\" \/>\n<meta name=\"twitter:label1\" content=\"Est. reading time\" \/>\n\t<meta name=\"twitter:data1\" content=\"2 minutes\" \/>\n<script type=\"application\/ld+json\" class=\"yoast-schema-graph\">{\"@context\":\"https:\/\/schema.org\",\"@graph\":[{\"@type\":\"WebPage\",\"@id\":\"https:\/\/sulin.ee\/en\/toode\/b-box-silikoonist-toiduvorgu-vahetatavad-otsad-2tk\/\",\"url\":\"https:\/\/sulin.ee\/en\/toode\/b-box-silikoonist-toiduvorgu-vahetatavad-otsad-2tk\/\",\"name\":\"b.box silikoonist toiduv\u00f5rgu vahetatavad otsad - 2tk - sulin.ee\",\"isPartOf\":{\"@id\":\"https:\/\/sulin.ee\/en\/#website\"},\"primaryImageOfPage\":{\"@id\":\"https:\/\/sulin.ee\/en\/toode\/b-box-silikoonist-toiduvorgu-vahetatavad-otsad-2tk\/#primaryimage\"},\"image\":{\"@id\":\"https:\/\/sulin.ee\/en\/toode\/b-box-silikoonist-toiduvorgu-vahetatavad-otsad-2tk\/#primaryimage\"},\"thumbnailUrl\":\"https:\/\/sulin.ee\/wp-content\/uploads\/2023\/08\/Piltide-korrektuurid-kodulehel.png\",\"datePublished\":\"2024-12-14T08:48:30+00:00\",\"dateModified\":\"2025-09-07T21:38:37+00:00\",\"description\":\"b.box silikoonist toiduv\u00f5rgu vahetatavad otsad on m\u00f5eldud b.box silikoonist toiduv\u00f5rgu jaoks.\u00a0See on lapse igemetele \u00f5rn ning seda on lihtne puhastada.\u00a0\",\"breadcrumb\":{\"@id\":\"https:\/\/sulin.ee\/en\/toode\/b-box-silikoonist-toiduvorgu-vahetatavad-otsad-2tk\/#breadcrumb\"},\"inLanguage\":\"en-US\",\"potentialAction\":[{\"@type\":\"ReadAction\",\"target\":[\"https:\/\/sulin.ee\/en\/toode\/b-box-silikoonist-toiduvorgu-vahetatavad-otsad-2tk\/\"]}]},{\"@type\":\"ImageObject\",\"inLanguage\":\"en-US\",\"@id\":\"https:\/\/sulin.ee\/en\/toode\/b-box-silikoonist-toiduvorgu-vahetatavad-otsad-2tk\/#primaryimage\",\"url\":\"https:\/\/sulin.ee\/wp-content\/uploads\/2023\/08\/Piltide-korrektuurid-kodulehel.png\",\"contentUrl\":\"https:\/\/sulin.ee\/wp-content\/uploads\/2023\/08\/Piltide-korrektuurid-kodulehel.png\",\"width\":1080,\"height\":1080,\"caption\":\"b.box silikoonist toiduv\u00f5rgu vahetatavad otsad\"},{\"@type\":\"BreadcrumbList\",\"@id\":\"https:\/\/sulin.ee\/en\/toode\/b-box-silikoonist-toiduvorgu-vahetatavad-otsad-2tk\/#breadcrumb\",\"itemListElement\":[{\"@type\":\"ListItem\",\"position\":1,\"name\":\"Home\",\"item\":\"https:\/\/sulin.ee\/en\/\"},{\"@type\":\"ListItem\",\"position\":2,\"name\":\"Sulin.ee e-pood\",\"item\":\"https:\/\/sulin.ee\/shop\/\"},{\"@type\":\"ListItem\",\"position\":3,\"name\":\"b.box silikoonist toiduv\u00f5rgu vahetatavad otsad &#8211; 2tk\"}]},{\"@type\":\"WebSite\",\"@id\":\"https:\/\/sulin.ee\/en\/#website\",\"url\":\"https:\/\/sulin.ee\/en\/\",\"name\":\"sulin.ee\",\"description\":\"\",\"publisher\":{\"@id\":\"https:\/\/sulin.ee\/en\/#organization\"},\"potentialAction\":[{\"@type\":\"SearchAction\",\"target\":{\"@type\":\"EntryPoint\",\"urlTemplate\":\"https:\/\/sulin.ee\/en\/?s={search_term_string}\"},\"query-input\":{\"@type\":\"PropertyValueSpecification\",\"valueRequired\":true,\"valueName\":\"search_term_string\"}}],\"inLanguage\":\"en-US\"},{\"@type\":\"Organization\",\"@id\":\"https:\/\/sulin.ee\/en\/#organization\",\"name\":\"SULIN TRADE O\u00dc\",\"url\":\"https:\/\/sulin.ee\/en\/\",\"logo\":{\"@type\":\"ImageObject\",\"inLanguage\":\"en-US\",\"@id\":\"https:\/\/sulin.ee\/en\/#\/schema\/logo\/image\/\",\"url\":\"https:\/\/sulin.ee\/wp-content\/uploads\/2022\/11\/sulin-logo.png\",\"contentUrl\":\"https:\/\/sulin.ee\/wp-content\/uploads\/2022\/11\/sulin-logo.png\",\"width\":871,\"height\":321,\"caption\":\"SULIN TRADE O\u00dc\"},\"image\":{\"@id\":\"https:\/\/sulin.ee\/en\/#\/schema\/logo\/image\/\"},\"sameAs\":[\"https:\/\/www.facebook.com\/www.sulin.ee\/\",\"https:\/\/www.instagram.com\/sulintrade\/\"]}]}<\/script>\n<!-- \/ Yoast SEO plugin. -->","yoast_head_json":{"title":"b.box silikoonist toiduv\u00f5rgu vahetatavad otsad - 2tk - sulin.ee","description":"b.box silikoonist toiduv\u00f5rgu vahetatavad otsad on m\u00f5eldud b.box silikoonist toiduv\u00f5rgu jaoks.\u00a0See on lapse igemetele \u00f5rn ning seda on lihtne puhastada.\u00a0","robots":{"index":"index","follow":"follow","max-snippet":"max-snippet:-1","max-image-preview":"max-image-preview:large","max-video-preview":"max-video-preview:-1"},"canonical":"https:\/\/sulin.ee\/en\/toode\/b-box-silikoonist-toiduvorgu-vahetatavad-otsad-2tk\/","og_locale":"en_US","og_type":"article","og_title":"b.box silikoonist toiduv\u00f5rgu vahetatavad otsad - 2tk - sulin.ee","og_description":"b.box silikoonist toiduv\u00f5rgu vahetatavad otsad on m\u00f5eldud b.box silikoonist toiduv\u00f5rgu jaoks.\u00a0See on lapse igemetele \u00f5rn ning seda on lihtne puhastada.\u00a0","og_url":"https:\/\/sulin.ee\/en\/toode\/b-box-silikoonist-toiduvorgu-vahetatavad-otsad-2tk\/","og_site_name":"sulin.ee","article_publisher":"https:\/\/www.facebook.com\/www.sulin.ee\/","article_modified_time":"2025-09-07T21:38:37+00:00","og_image":[{"width":1080,"height":1080,"url":"https:\/\/sulin.ee\/wp-content\/uploads\/2023\/08\/Piltide-korrektuurid-kodulehel.png","type":"image\/png"}],"twitter_card":"summary_large_image","twitter_misc":{"Est. reading time":"2 minutes"},"schema":{"@context":"https:\/\/schema.org","@graph":[{"@type":"WebPage","@id":"https:\/\/sulin.ee\/en\/toode\/b-box-silikoonist-toiduvorgu-vahetatavad-otsad-2tk\/","url":"https:\/\/sulin.ee\/en\/toode\/b-box-silikoonist-toiduvorgu-vahetatavad-otsad-2tk\/","name":"b.box silikoonist toiduv\u00f5rgu vahetatavad otsad - 2tk - sulin.ee","isPartOf":{"@id":"https:\/\/sulin.ee\/en\/#website"},"primaryImageOfPage":{"@id":"https:\/\/sulin.ee\/en\/toode\/b-box-silikoonist-toiduvorgu-vahetatavad-otsad-2tk\/#primaryimage"},"image":{"@id":"https:\/\/sulin.ee\/en\/toode\/b-box-silikoonist-toiduvorgu-vahetatavad-otsad-2tk\/#primaryimage"},"thumbnailUrl":"https:\/\/sulin.ee\/wp-content\/uploads\/2023\/08\/Piltide-korrektuurid-kodulehel.png","datePublished":"2024-12-14T08:48:30+00:00","dateModified":"2025-09-07T21:38:37+00:00","description":"b.box silikoonist toiduv\u00f5rgu vahetatavad otsad on m\u00f5eldud b.box silikoonist toiduv\u00f5rgu jaoks.\u00a0See on lapse igemetele \u00f5rn ning seda on lihtne puhastada.\u00a0","breadcrumb":{"@id":"https:\/\/sulin.ee\/en\/toode\/b-box-silikoonist-toiduvorgu-vahetatavad-otsad-2tk\/#breadcrumb"},"inLanguage":"en-US","potentialAction":[{"@type":"ReadAction","target":["https:\/\/sulin.ee\/en\/toode\/b-box-silikoonist-toiduvorgu-vahetatavad-otsad-2tk\/"]}]},{"@type":"ImageObject","inLanguage":"en-US","@id":"https:\/\/sulin.ee\/en\/toode\/b-box-silikoonist-toiduvorgu-vahetatavad-otsad-2tk\/#primaryimage","url":"https:\/\/sulin.ee\/wp-content\/uploads\/2023\/08\/Piltide-korrektuurid-kodulehel.png","contentUrl":"https:\/\/sulin.ee\/wp-content\/uploads\/2023\/08\/Piltide-korrektuurid-kodulehel.png","width":1080,"height":1080,"caption":"b.box silikoonist toiduv\u00f5rgu vahetatavad otsad"},{"@type":"BreadcrumbList","@id":"https:\/\/sulin.ee\/en\/toode\/b-box-silikoonist-toiduvorgu-vahetatavad-otsad-2tk\/#breadcrumb","itemListElement":[{"@type":"ListItem","position":1,"name":"Home","item":"https:\/\/sulin.ee\/en\/"},{"@type":"ListItem","position":2,"name":"Sulin.ee e-pood","item":"https:\/\/sulin.ee\/shop\/"},{"@type":"ListItem","position":3,"name":"b.box silikoonist toiduv\u00f5rgu vahetatavad otsad &#8211; 2tk"}]},{"@type":"WebSite","@id":"https:\/\/sulin.ee\/en\/#website","url":"https:\/\/sulin.ee\/en\/","name":"sulin.ee","description":"","publisher":{"@id":"https:\/\/sulin.ee\/en\/#organization"},"potentialAction":[{"@type":"SearchAction","target":{"@type":"EntryPoint","urlTemplate":"https:\/\/sulin.ee\/en\/?s={search_term_string}"},"query-input":{"@type":"PropertyValueSpecification","valueRequired":true,"valueName":"search_term_string"}}],"inLanguage":"en-US"},{"@type":"Organization","@id":"https:\/\/sulin.ee\/en\/#organization","name":"SULIN TRADE O\u00dc","url":"https:\/\/sulin.ee\/en\/","logo":{"@type":"ImageObject","inLanguage":"en-US","@id":"https:\/\/sulin.ee\/en\/#\/schema\/logo\/image\/","url":"https:\/\/sulin.ee\/wp-content\/uploads\/2022\/11\/sulin-logo.png","contentUrl":"https:\/\/sulin.ee\/wp-content\/uploads\/2022\/11\/sulin-logo.png","width":871,"height":321,"caption":"SULIN TRADE O\u00dc"},"image":{"@id":"https:\/\/sulin.ee\/en\/#\/schema\/logo\/image\/"},"sameAs":["https:\/\/www.facebook.com\/www.sulin.ee\/","https:\/\/www.instagram.com\/sulintrade\/"]}]}},"builder_content":"","_links":{"self":[{"href":"https:\/\/sulin.ee\/en\/wp-json\/wp\/v2\/product\/28949","targetHints":{"allow":["GET"]}}],"collection":[{"href":"https:\/\/sulin.ee\/en\/wp-json\/wp\/v2\/product"}],"about":[{"href":"https:\/\/sulin.ee\/en\/wp-json\/wp\/v2\/types\/product"}],"replies":[{"embeddable":true,"href":"https:\/\/sulin.ee\/en\/wp-json\/wp\/v2\/comments?post=28949"}],"wp:featuredmedia":[{"embeddable":true,"href":"https:\/\/sulin.ee\/en\/wp-json\/wp\/v2\/media\/16666"}],"wp:attachment":[{"href":"https:\/\/sulin.ee\/en\/wp-json\/wp\/v2\/media?parent=28949"}],"wp:term":[{"taxonomy":"product_brand","embeddable":true,"href":"https:\/\/sulin.ee\/en\/wp-json\/wp\/v2\/product_brand?post=28949"},{"taxonomy":"product_cat","embeddable":true,"href":"https:\/\/sulin.ee\/en\/wp-json\/wp\/v2\/product_cat?post=28949"},{"taxonomy":"product_tag","embeddable":true,"href":"https:\/\/sulin.ee\/en\/wp-json\/wp\/v2\/product_tag?post=28949"}],"curies":[{"name":"wp","href":"https:\/\/api.w.org\/{rel}","templated":true}]}}