{"id":28904,"date":"2024-12-14T08:46:38","date_gmt":"2024-12-14T08:46:38","guid":{"rendered":"https:\/\/sulin.ee\/?post_type=product&#038;p=28904"},"modified":"2025-09-07T21:46:48","modified_gmt":"2025-09-07T21:46:48","slug":"mullitamise-komplekt-alus-mullivedelik-250ml-1-mullirongas","status":"publish","type":"product","link":"https:\/\/sulin.ee\/en\/toode\/mullitamise-komplekt-alus-mullivedelik-250ml-1-mullirongas\/","title":{"rendered":"Mullitamise komplekt &#8211; alus + mullivedelik 250ml + 1 mullir\u00f5ngas"},"content":{"rendered":"<p><strong>Mullitamise komplekt on l\u00f5bus viis koos lapsega \u00f5ues aega veeta. Komplektist leiad \u00fche mullir\u00f5nga, 250ml Tuban mullivedelikku ja aluse. Vala mulluvedelik alusele, kasta r\u00f5ngas vedelikku ja mullitamine v\u00f5ibki alata!<\/strong><\/p>\n<p>Mullitamine on vahva &#8211; kasta mullir\u00f5ngas mullivedelikku ning t\u00f5mba rahuliku liigutusega l\u00e4bi \u00f5hu. Vaata toodet tutvustavat videot<a href=\"https:\/\/youtu.be\/VAX2Mzo2wto\" target=\"_blank\" rel=\"noopener\"> <span style=\"color: #0000ff;\">siit.<\/span><\/a><\/p>\n<p><strong>N\u00f5uanded mullide tegemiseks:<\/strong><\/p>\n<ul>\n<li>Mulle on parem teha, siis kui \u00f5huniiskus on k\u00f5rgem nt, peale vihma v\u00f5i udusel, pilvisel p\u00e4eval.<\/li>\n<li>\u00c4ra raputa liigselt vedelikku, nii tekib liigne vaht, mis p\u00e4rsib mullide tekkimist. Liigne vaht eemalda k\u00e4e, paberi v\u00f5i m\u00f5ne muu vahendiga.<\/li>\n<li>Toas mulle tehes pihustage enne \u00f5hku veidi vett, nii suureneb \u00f5huniiskust ja mulle on parem teha.<\/li>\n<\/ul>\n<p><strong>HOIATUS!<\/strong> Kasutada ainult t\u00e4iskasvanu j\u00e4relvalve all. Ei sobi alla 3-aastastele lastele.<\/p>\n<p>Vaata ka teisi Tuban kaubam\u00e4rgi tooteid <span style=\"color: #0000ff;\"><a style=\"color: #0000ff;\" href=\"https:\/\/sulin.ee\/tootekategooria\/brandid\/tuban\/\" target=\"_blank\" rel=\"noopener\">siit<\/a><\/span>.<\/p>\n","protected":false},"excerpt":{"rendered":"<p>Mullitamise komplekt on l\u00f5bus viis koos lapsega \u00f5ues aega veeta. Komplektist leiad \u00fche mullir\u00f5nga, 250ml Tuban mullivedelikku ja aluse. Vala mulluvedelik alusele, kasta r\u00f5ngas vedelikku ja mullitamine v\u00f5ibki alata! Mullitamine on vahva &#8211; kasta mullir\u00f5ngas mullivedelikku ning t\u00f5mba rahuliku liigutusega l\u00e4bi \u00f5hu. Vaata toodet tutvustavat videot siit. N\u00f5uanded mullide tegemiseks: Mulle on parem teha, siis [&hellip;]<\/p>\n","protected":false},"featured_media":12610,"comment_status":"open","ping_status":"closed","template":"","meta":[],"product_brand":[],"product_cat":[885,892],"product_tag":[],"class_list":{"0":"post-28904","1":"product","2":"type-product","3":"status-publish","4":"has-post-thumbnail","6":"product_cat-ouemanguasjad","7":"product_cat-tuban","8":"has-post-title","9":"has-post-date","10":"has-post-category","11":"has-post-tag","12":"has-post-comment","13":"has-post-author","14":"","16":"first","17":"instock","18":"sale","19":"taxable","20":"shipping-taxable","21":"purchasable","22":"product-type-simple"},"yoast_head":"<!-- This site is optimized with the Yoast SEO plugin v26.8 - https:\/\/yoast.com\/product\/yoast-seo-wordpress\/ -->\n<title>Mullitamise komplekt - alus + mullivedelik 250ml + 1 mullir\u00f5ngas - sulin.ee<\/title>\n<meta name=\"description\" content=\"Mullitamise komplekt on l\u00f5bus viis koos lapsega \u00f5ues l\u00f5busalt aega veeta. Vala mulluvedelik alusele, kasta r\u00f5ngas vedelikku ja mullitamine v\u00f5ibki alata!\" \/>\n<meta name=\"robots\" content=\"index, follow, max-snippet:-1, max-image-preview:large, max-video-preview:-1\" \/>\n<link rel=\"canonical\" href=\"https:\/\/sulin.ee\/en\/toode\/mullitamise-komplekt-alus-mullivedelik-250ml-1-mullirongas\/\" \/>\n<meta property=\"og:locale\" content=\"en_US\" \/>\n<meta property=\"og:type\" content=\"article\" \/>\n<meta property=\"og:title\" content=\"Mullitamise komplekt - alus + mullivedelik 250ml + 1 mullir\u00f5ngas - sulin.ee\" \/>\n<meta property=\"og:description\" content=\"Mullitamise komplekt on l\u00f5bus viis koos lapsega \u00f5ues l\u00f5busalt aega veeta. Vala mulluvedelik alusele, kasta r\u00f5ngas vedelikku ja mullitamine v\u00f5ibki alata!\" \/>\n<meta property=\"og:url\" content=\"https:\/\/sulin.ee\/en\/toode\/mullitamise-komplekt-alus-mullivedelik-250ml-1-mullirongas\/\" \/>\n<meta property=\"og:site_name\" content=\"sulin.ee\" \/>\n<meta property=\"article:publisher\" content=\"https:\/\/www.facebook.com\/www.sulin.ee\/\" \/>\n<meta property=\"article:modified_time\" content=\"2025-09-07T21:46:48+00:00\" \/>\n<meta property=\"og:image\" content=\"https:\/\/sulin.ee\/wp-content\/uploads\/2023\/05\/8792-TU3635-set-in-net-250-ml-plate-1-plastic-ring.jpg\" \/>\n\t<meta property=\"og:image:width\" content=\"600\" \/>\n\t<meta property=\"og:image:height\" content=\"600\" \/>\n\t<meta property=\"og:image:type\" content=\"image\/jpeg\" \/>\n<meta name=\"twitter:card\" content=\"summary_large_image\" \/>\n<meta name=\"twitter:label1\" content=\"Est. reading time\" \/>\n\t<meta name=\"twitter:data1\" content=\"1 minute\" \/>\n<script type=\"application\/ld+json\" class=\"yoast-schema-graph\">{\"@context\":\"https:\/\/schema.org\",\"@graph\":[{\"@type\":\"WebPage\",\"@id\":\"https:\/\/sulin.ee\/en\/toode\/mullitamise-komplekt-alus-mullivedelik-250ml-1-mullirongas\/\",\"url\":\"https:\/\/sulin.ee\/en\/toode\/mullitamise-komplekt-alus-mullivedelik-250ml-1-mullirongas\/\",\"name\":\"Mullitamise komplekt - alus + mullivedelik 250ml + 1 mullir\u00f5ngas - sulin.ee\",\"isPartOf\":{\"@id\":\"https:\/\/sulin.ee\/en\/#website\"},\"primaryImageOfPage\":{\"@id\":\"https:\/\/sulin.ee\/en\/toode\/mullitamise-komplekt-alus-mullivedelik-250ml-1-mullirongas\/#primaryimage\"},\"image\":{\"@id\":\"https:\/\/sulin.ee\/en\/toode\/mullitamise-komplekt-alus-mullivedelik-250ml-1-mullirongas\/#primaryimage\"},\"thumbnailUrl\":\"https:\/\/sulin.ee\/wp-content\/uploads\/2023\/05\/8792-TU3635-set-in-net-250-ml-plate-1-plastic-ring.jpg\",\"datePublished\":\"2024-12-14T08:46:38+00:00\",\"dateModified\":\"2025-09-07T21:46:48+00:00\",\"description\":\"Mullitamise komplekt on l\u00f5bus viis koos lapsega \u00f5ues l\u00f5busalt aega veeta. Vala mulluvedelik alusele, kasta r\u00f5ngas vedelikku ja mullitamine v\u00f5ibki alata!\",\"breadcrumb\":{\"@id\":\"https:\/\/sulin.ee\/en\/toode\/mullitamise-komplekt-alus-mullivedelik-250ml-1-mullirongas\/#breadcrumb\"},\"inLanguage\":\"en-US\",\"potentialAction\":[{\"@type\":\"ReadAction\",\"target\":[\"https:\/\/sulin.ee\/en\/toode\/mullitamise-komplekt-alus-mullivedelik-250ml-1-mullirongas\/\"]}]},{\"@type\":\"ImageObject\",\"inLanguage\":\"en-US\",\"@id\":\"https:\/\/sulin.ee\/en\/toode\/mullitamise-komplekt-alus-mullivedelik-250ml-1-mullirongas\/#primaryimage\",\"url\":\"https:\/\/sulin.ee\/wp-content\/uploads\/2023\/05\/8792-TU3635-set-in-net-250-ml-plate-1-plastic-ring.jpg\",\"contentUrl\":\"https:\/\/sulin.ee\/wp-content\/uploads\/2023\/05\/8792-TU3635-set-in-net-250-ml-plate-1-plastic-ring.jpg\",\"width\":600,\"height\":600,\"caption\":\"Mullitamise komplekt\"},{\"@type\":\"BreadcrumbList\",\"@id\":\"https:\/\/sulin.ee\/en\/toode\/mullitamise-komplekt-alus-mullivedelik-250ml-1-mullirongas\/#breadcrumb\",\"itemListElement\":[{\"@type\":\"ListItem\",\"position\":1,\"name\":\"Home\",\"item\":\"https:\/\/sulin.ee\/en\/\"},{\"@type\":\"ListItem\",\"position\":2,\"name\":\"Sulin.ee e-pood\",\"item\":\"https:\/\/sulin.ee\/shop\/\"},{\"@type\":\"ListItem\",\"position\":3,\"name\":\"Mullitamise komplekt &#8211; alus + mullivedelik 250ml + 1 mullir\u00f5ngas\"}]},{\"@type\":\"WebSite\",\"@id\":\"https:\/\/sulin.ee\/en\/#website\",\"url\":\"https:\/\/sulin.ee\/en\/\",\"name\":\"sulin.ee\",\"description\":\"\",\"publisher\":{\"@id\":\"https:\/\/sulin.ee\/en\/#organization\"},\"potentialAction\":[{\"@type\":\"SearchAction\",\"target\":{\"@type\":\"EntryPoint\",\"urlTemplate\":\"https:\/\/sulin.ee\/en\/?s={search_term_string}\"},\"query-input\":{\"@type\":\"PropertyValueSpecification\",\"valueRequired\":true,\"valueName\":\"search_term_string\"}}],\"inLanguage\":\"en-US\"},{\"@type\":\"Organization\",\"@id\":\"https:\/\/sulin.ee\/en\/#organization\",\"name\":\"SULIN TRADE O\u00dc\",\"url\":\"https:\/\/sulin.ee\/en\/\",\"logo\":{\"@type\":\"ImageObject\",\"inLanguage\":\"en-US\",\"@id\":\"https:\/\/sulin.ee\/en\/#\/schema\/logo\/image\/\",\"url\":\"https:\/\/sulin.ee\/wp-content\/uploads\/2022\/11\/sulin-logo.png\",\"contentUrl\":\"https:\/\/sulin.ee\/wp-content\/uploads\/2022\/11\/sulin-logo.png\",\"width\":871,\"height\":321,\"caption\":\"SULIN TRADE O\u00dc\"},\"image\":{\"@id\":\"https:\/\/sulin.ee\/en\/#\/schema\/logo\/image\/\"},\"sameAs\":[\"https:\/\/www.facebook.com\/www.sulin.ee\/\",\"https:\/\/www.instagram.com\/sulintrade\/\"]}]}<\/script>\n<!-- \/ Yoast SEO plugin. -->","yoast_head_json":{"title":"Mullitamise komplekt - alus + mullivedelik 250ml + 1 mullir\u00f5ngas - sulin.ee","description":"Mullitamise komplekt on l\u00f5bus viis koos lapsega \u00f5ues l\u00f5busalt aega veeta. Vala mulluvedelik alusele, kasta r\u00f5ngas vedelikku ja mullitamine v\u00f5ibki alata!","robots":{"index":"index","follow":"follow","max-snippet":"max-snippet:-1","max-image-preview":"max-image-preview:large","max-video-preview":"max-video-preview:-1"},"canonical":"https:\/\/sulin.ee\/en\/toode\/mullitamise-komplekt-alus-mullivedelik-250ml-1-mullirongas\/","og_locale":"en_US","og_type":"article","og_title":"Mullitamise komplekt - alus + mullivedelik 250ml + 1 mullir\u00f5ngas - sulin.ee","og_description":"Mullitamise komplekt on l\u00f5bus viis koos lapsega \u00f5ues l\u00f5busalt aega veeta. Vala mulluvedelik alusele, kasta r\u00f5ngas vedelikku ja mullitamine v\u00f5ibki alata!","og_url":"https:\/\/sulin.ee\/en\/toode\/mullitamise-komplekt-alus-mullivedelik-250ml-1-mullirongas\/","og_site_name":"sulin.ee","article_publisher":"https:\/\/www.facebook.com\/www.sulin.ee\/","article_modified_time":"2025-09-07T21:46:48+00:00","og_image":[{"width":600,"height":600,"url":"https:\/\/sulin.ee\/wp-content\/uploads\/2023\/05\/8792-TU3635-set-in-net-250-ml-plate-1-plastic-ring.jpg","type":"image\/jpeg"}],"twitter_card":"summary_large_image","twitter_misc":{"Est. reading time":"1 minute"},"schema":{"@context":"https:\/\/schema.org","@graph":[{"@type":"WebPage","@id":"https:\/\/sulin.ee\/en\/toode\/mullitamise-komplekt-alus-mullivedelik-250ml-1-mullirongas\/","url":"https:\/\/sulin.ee\/en\/toode\/mullitamise-komplekt-alus-mullivedelik-250ml-1-mullirongas\/","name":"Mullitamise komplekt - alus + mullivedelik 250ml + 1 mullir\u00f5ngas - sulin.ee","isPartOf":{"@id":"https:\/\/sulin.ee\/en\/#website"},"primaryImageOfPage":{"@id":"https:\/\/sulin.ee\/en\/toode\/mullitamise-komplekt-alus-mullivedelik-250ml-1-mullirongas\/#primaryimage"},"image":{"@id":"https:\/\/sulin.ee\/en\/toode\/mullitamise-komplekt-alus-mullivedelik-250ml-1-mullirongas\/#primaryimage"},"thumbnailUrl":"https:\/\/sulin.ee\/wp-content\/uploads\/2023\/05\/8792-TU3635-set-in-net-250-ml-plate-1-plastic-ring.jpg","datePublished":"2024-12-14T08:46:38+00:00","dateModified":"2025-09-07T21:46:48+00:00","description":"Mullitamise komplekt on l\u00f5bus viis koos lapsega \u00f5ues l\u00f5busalt aega veeta. Vala mulluvedelik alusele, kasta r\u00f5ngas vedelikku ja mullitamine v\u00f5ibki alata!","breadcrumb":{"@id":"https:\/\/sulin.ee\/en\/toode\/mullitamise-komplekt-alus-mullivedelik-250ml-1-mullirongas\/#breadcrumb"},"inLanguage":"en-US","potentialAction":[{"@type":"ReadAction","target":["https:\/\/sulin.ee\/en\/toode\/mullitamise-komplekt-alus-mullivedelik-250ml-1-mullirongas\/"]}]},{"@type":"ImageObject","inLanguage":"en-US","@id":"https:\/\/sulin.ee\/en\/toode\/mullitamise-komplekt-alus-mullivedelik-250ml-1-mullirongas\/#primaryimage","url":"https:\/\/sulin.ee\/wp-content\/uploads\/2023\/05\/8792-TU3635-set-in-net-250-ml-plate-1-plastic-ring.jpg","contentUrl":"https:\/\/sulin.ee\/wp-content\/uploads\/2023\/05\/8792-TU3635-set-in-net-250-ml-plate-1-plastic-ring.jpg","width":600,"height":600,"caption":"Mullitamise komplekt"},{"@type":"BreadcrumbList","@id":"https:\/\/sulin.ee\/en\/toode\/mullitamise-komplekt-alus-mullivedelik-250ml-1-mullirongas\/#breadcrumb","itemListElement":[{"@type":"ListItem","position":1,"name":"Home","item":"https:\/\/sulin.ee\/en\/"},{"@type":"ListItem","position":2,"name":"Sulin.ee e-pood","item":"https:\/\/sulin.ee\/shop\/"},{"@type":"ListItem","position":3,"name":"Mullitamise komplekt &#8211; alus + mullivedelik 250ml + 1 mullir\u00f5ngas"}]},{"@type":"WebSite","@id":"https:\/\/sulin.ee\/en\/#website","url":"https:\/\/sulin.ee\/en\/","name":"sulin.ee","description":"","publisher":{"@id":"https:\/\/sulin.ee\/en\/#organization"},"potentialAction":[{"@type":"SearchAction","target":{"@type":"EntryPoint","urlTemplate":"https:\/\/sulin.ee\/en\/?s={search_term_string}"},"query-input":{"@type":"PropertyValueSpecification","valueRequired":true,"valueName":"search_term_string"}}],"inLanguage":"en-US"},{"@type":"Organization","@id":"https:\/\/sulin.ee\/en\/#organization","name":"SULIN TRADE O\u00dc","url":"https:\/\/sulin.ee\/en\/","logo":{"@type":"ImageObject","inLanguage":"en-US","@id":"https:\/\/sulin.ee\/en\/#\/schema\/logo\/image\/","url":"https:\/\/sulin.ee\/wp-content\/uploads\/2022\/11\/sulin-logo.png","contentUrl":"https:\/\/sulin.ee\/wp-content\/uploads\/2022\/11\/sulin-logo.png","width":871,"height":321,"caption":"SULIN TRADE O\u00dc"},"image":{"@id":"https:\/\/sulin.ee\/en\/#\/schema\/logo\/image\/"},"sameAs":["https:\/\/www.facebook.com\/www.sulin.ee\/","https:\/\/www.instagram.com\/sulintrade\/"]}]}},"builder_content":"","_links":{"self":[{"href":"https:\/\/sulin.ee\/en\/wp-json\/wp\/v2\/product\/28904","targetHints":{"allow":["GET"]}}],"collection":[{"href":"https:\/\/sulin.ee\/en\/wp-json\/wp\/v2\/product"}],"about":[{"href":"https:\/\/sulin.ee\/en\/wp-json\/wp\/v2\/types\/product"}],"replies":[{"embeddable":true,"href":"https:\/\/sulin.ee\/en\/wp-json\/wp\/v2\/comments?post=28904"}],"wp:featuredmedia":[{"embeddable":true,"href":"https:\/\/sulin.ee\/en\/wp-json\/wp\/v2\/media\/12610"}],"wp:attachment":[{"href":"https:\/\/sulin.ee\/en\/wp-json\/wp\/v2\/media?parent=28904"}],"wp:term":[{"taxonomy":"product_brand","embeddable":true,"href":"https:\/\/sulin.ee\/en\/wp-json\/wp\/v2\/product_brand?post=28904"},{"taxonomy":"product_cat","embeddable":true,"href":"https:\/\/sulin.ee\/en\/wp-json\/wp\/v2\/product_cat?post=28904"},{"taxonomy":"product_tag","embeddable":true,"href":"https:\/\/sulin.ee\/en\/wp-json\/wp\/v2\/product_tag?post=28904"}],"curies":[{"name":"wp","href":"https:\/\/api.w.org\/{rel}","templated":true}]}}