{"id":28873,"date":"2024-12-14T08:45:29","date_gmt":"2024-12-14T08:45:29","guid":{"rendered":"https:\/\/sulin.ee\/?post_type=product&#038;p=28873"},"modified":"2024-12-14T08:45:30","modified_gmt":"2024-12-14T08:45:30","slug":"quut-vaike-kastekann-cana-banana-blue","status":"publish","type":"product","link":"https:\/\/sulin.ee\/en\/toode\/quut-vaike-kastekann-cana-banana-blue\/","title":{"rendered":"Quut v\u00e4ike kastekann &#8220;Cana&#8221; &#8211; Banana Blue"},"content":{"rendered":"<p><strong>Quut v\u00e4ike kastekann &#8220;Cana&#8221; on innovatiivse kujuga kastekann, mis sobib kasutamiseks vannis, aias v\u00f5i rannas. Kastekannuga m\u00e4ngides on lapsel topelt r\u00f5\u00f5m, sest t\u00e4nu m\u00f5lemal pool olevatele avadele saab sellega nii pritsida ja vett valada.<\/strong><\/p>\n<ul>\n<li>Mahutab 0,5 L.<\/li>\n<li>M\u00f5\u00f5dud: 19 x 16,5 x 6,5 cm.<\/li>\n<li>Ergonoomiline ja kergesti haaratav k\u00e4epide.<\/li>\n<li>Ergutab kujutlusv\u00f5imet, loovust ja \u00f5ues m\u00e4ngimist.<\/li>\n<li>Sobib kasutamiseks rannas, vannis v\u00f5i aias.<\/li>\n<li>2 ava, t\u00e4nu millele saab nii pritsida kui vett valada.<\/li>\n<li>Mugav kasutada.<\/li>\n<li>Lihtne puhastada.<\/li>\n<li>Valmistatud ohutust ja vastupidavast taaskasutatavast plastist, mis on BPA, lateksi- ja ftalaadivaba.<\/li>\n<li>Vaata ka toodet tutvustavat <span style=\"color: #0000ff;\"><a style=\"color: #0000ff;\" href=\"https:\/\/www.youtube.com\/watch?v=f8G3pVyPSeI\" target=\"_blank\" rel=\"noopener\">videot.<\/a><\/span><\/li>\n<\/ul>\n<p>Vaata ka suuremas suuruses &#8220;Cana&#8221;, mis mahutab 1 L. Suurema &#8220;Cana&#8221; leiad <a href=\"https:\/\/sulin.ee\/?post_type=product&amp;p=12370&amp;preview=true\" target=\"_blank\" rel=\"noopener\"><span style=\"color: #0000ff;\">siit.<\/span><\/a><\/p>\n","protected":false},"excerpt":{"rendered":"<p>Quut v\u00e4ike kastekann &#8220;Cana&#8221; on innovatiivse kujuga kastekann, mis sobib kasutamiseks vannis, aias v\u00f5i rannas. Kastekannuga m\u00e4ngides on lapsel topelt r\u00f5\u00f5m, sest t\u00e4nu m\u00f5lemal pool olevatele avadele saab sellega nii pritsida ja vett valada. Mahutab 0,5 L. M\u00f5\u00f5dud: 19 x 16,5 x 6,5 cm. Ergonoomiline ja kergesti haaratav k\u00e4epide. Ergutab kujutlusv\u00f5imet, loovust ja \u00f5ues m\u00e4ngimist. [&hellip;]<\/p>\n","protected":false},"featured_media":12378,"comment_status":"open","ping_status":"closed","template":"","meta":[],"product_brand":[],"product_cat":[1013,885,882],"product_tag":[],"class_list":{"0":"post-28873","1":"product","2":"type-product","3":"status-publish","4":"has-post-thumbnail","6":"product_cat-aednik","7":"product_cat-ouemanguasjad","8":"product_cat-quut","9":"has-post-title","10":"has-post-date","11":"has-post-category","12":"has-post-tag","13":"has-post-comment","14":"has-post-author","15":"","17":"first","18":"instock","19":"sale","20":"taxable","21":"shipping-taxable","22":"purchasable","23":"product-type-simple"},"yoast_head":"<!-- This site is optimized with the Yoast SEO plugin v26.8 - https:\/\/yoast.com\/product\/yoast-seo-wordpress\/ -->\n<title>Quut v\u00e4ike kastekann &quot;Cana&quot; - Banana Blue - sulin.ee<\/title>\n<meta name=\"description\" content=\"Quut v\u00e4ike kastekann &quot;Cana&quot; on innovatiivse kujuga kastekann, mis sobib kasutamiseks vannis, aias v\u00f5i rannas. Kastekannuga m\u00e4ngides on lapsel topelt r\u00f5\u00f5m.\" \/>\n<meta name=\"robots\" content=\"index, follow, max-snippet:-1, max-image-preview:large, max-video-preview:-1\" \/>\n<link rel=\"canonical\" href=\"https:\/\/sulin.ee\/en\/toode\/quut-vaike-kastekann-cana-banana-blue\/\" \/>\n<meta property=\"og:locale\" content=\"en_US\" \/>\n<meta property=\"og:type\" content=\"article\" \/>\n<meta property=\"og:title\" content=\"Quut v\u00e4ike kastekann &quot;Cana&quot; - Banana Blue - sulin.ee\" \/>\n<meta property=\"og:description\" content=\"Quut v\u00e4ike kastekann &quot;Cana&quot; on innovatiivse kujuga kastekann, mis sobib kasutamiseks vannis, aias v\u00f5i rannas. Kastekannuga m\u00e4ngides on lapsel topelt r\u00f5\u00f5m.\" \/>\n<meta property=\"og:url\" content=\"https:\/\/sulin.ee\/en\/toode\/quut-vaike-kastekann-cana-banana-blue\/\" \/>\n<meta property=\"og:site_name\" content=\"sulin.ee\" \/>\n<meta property=\"article:publisher\" content=\"https:\/\/www.facebook.com\/www.sulin.ee\/\" \/>\n<meta property=\"article:modified_time\" content=\"2024-12-14T08:45:30+00:00\" \/>\n<meta property=\"og:image\" content=\"https:\/\/sulin.ee\/wp-content\/uploads\/2023\/05\/cana-copy.webp\" \/>\n\t<meta property=\"og:image:width\" content=\"570\" \/>\n\t<meta property=\"og:image:height\" content=\"570\" \/>\n\t<meta property=\"og:image:type\" content=\"image\/webp\" \/>\n<meta name=\"twitter:card\" content=\"summary_large_image\" \/>\n<meta name=\"twitter:label1\" content=\"Est. reading time\" \/>\n\t<meta name=\"twitter:data1\" content=\"1 minute\" \/>\n<script type=\"application\/ld+json\" class=\"yoast-schema-graph\">{\"@context\":\"https:\/\/schema.org\",\"@graph\":[{\"@type\":\"WebPage\",\"@id\":\"https:\/\/sulin.ee\/en\/toode\/quut-vaike-kastekann-cana-banana-blue\/\",\"url\":\"https:\/\/sulin.ee\/en\/toode\/quut-vaike-kastekann-cana-banana-blue\/\",\"name\":\"Quut v\u00e4ike kastekann \\\"Cana\\\" - Banana Blue - sulin.ee\",\"isPartOf\":{\"@id\":\"https:\/\/sulin.ee\/en\/#website\"},\"primaryImageOfPage\":{\"@id\":\"https:\/\/sulin.ee\/en\/toode\/quut-vaike-kastekann-cana-banana-blue\/#primaryimage\"},\"image\":{\"@id\":\"https:\/\/sulin.ee\/en\/toode\/quut-vaike-kastekann-cana-banana-blue\/#primaryimage\"},\"thumbnailUrl\":\"https:\/\/sulin.ee\/wp-content\/uploads\/2023\/05\/cana-copy.webp\",\"datePublished\":\"2024-12-14T08:45:29+00:00\",\"dateModified\":\"2024-12-14T08:45:30+00:00\",\"description\":\"Quut v\u00e4ike kastekann \\\"Cana\\\" on innovatiivse kujuga kastekann, mis sobib kasutamiseks vannis, aias v\u00f5i rannas. Kastekannuga m\u00e4ngides on lapsel topelt r\u00f5\u00f5m.\",\"breadcrumb\":{\"@id\":\"https:\/\/sulin.ee\/en\/toode\/quut-vaike-kastekann-cana-banana-blue\/#breadcrumb\"},\"inLanguage\":\"en-US\",\"potentialAction\":[{\"@type\":\"ReadAction\",\"target\":[\"https:\/\/sulin.ee\/en\/toode\/quut-vaike-kastekann-cana-banana-blue\/\"]}]},{\"@type\":\"ImageObject\",\"inLanguage\":\"en-US\",\"@id\":\"https:\/\/sulin.ee\/en\/toode\/quut-vaike-kastekann-cana-banana-blue\/#primaryimage\",\"url\":\"https:\/\/sulin.ee\/wp-content\/uploads\/2023\/05\/cana-copy.webp\",\"contentUrl\":\"https:\/\/sulin.ee\/wp-content\/uploads\/2023\/05\/cana-copy.webp\",\"width\":570,\"height\":570,\"caption\":\"Quut v\u00e4ike kastekann\"},{\"@type\":\"BreadcrumbList\",\"@id\":\"https:\/\/sulin.ee\/en\/toode\/quut-vaike-kastekann-cana-banana-blue\/#breadcrumb\",\"itemListElement\":[{\"@type\":\"ListItem\",\"position\":1,\"name\":\"Home\",\"item\":\"https:\/\/sulin.ee\/en\/\"},{\"@type\":\"ListItem\",\"position\":2,\"name\":\"Sulin.ee e-pood\",\"item\":\"https:\/\/sulin.ee\/shop\/\"},{\"@type\":\"ListItem\",\"position\":3,\"name\":\"Quut v\u00e4ike kastekann &#8220;Cana&#8221; &#8211; Banana Blue\"}]},{\"@type\":\"WebSite\",\"@id\":\"https:\/\/sulin.ee\/en\/#website\",\"url\":\"https:\/\/sulin.ee\/en\/\",\"name\":\"sulin.ee\",\"description\":\"\",\"publisher\":{\"@id\":\"https:\/\/sulin.ee\/en\/#organization\"},\"potentialAction\":[{\"@type\":\"SearchAction\",\"target\":{\"@type\":\"EntryPoint\",\"urlTemplate\":\"https:\/\/sulin.ee\/en\/?s={search_term_string}\"},\"query-input\":{\"@type\":\"PropertyValueSpecification\",\"valueRequired\":true,\"valueName\":\"search_term_string\"}}],\"inLanguage\":\"en-US\"},{\"@type\":\"Organization\",\"@id\":\"https:\/\/sulin.ee\/en\/#organization\",\"name\":\"SULIN TRADE O\u00dc\",\"url\":\"https:\/\/sulin.ee\/en\/\",\"logo\":{\"@type\":\"ImageObject\",\"inLanguage\":\"en-US\",\"@id\":\"https:\/\/sulin.ee\/en\/#\/schema\/logo\/image\/\",\"url\":\"https:\/\/sulin.ee\/wp-content\/uploads\/2022\/11\/sulin-logo.png\",\"contentUrl\":\"https:\/\/sulin.ee\/wp-content\/uploads\/2022\/11\/sulin-logo.png\",\"width\":871,\"height\":321,\"caption\":\"SULIN TRADE O\u00dc\"},\"image\":{\"@id\":\"https:\/\/sulin.ee\/en\/#\/schema\/logo\/image\/\"},\"sameAs\":[\"https:\/\/www.facebook.com\/www.sulin.ee\/\",\"https:\/\/www.instagram.com\/sulintrade\/\"]}]}<\/script>\n<!-- \/ Yoast SEO plugin. -->","yoast_head_json":{"title":"Quut v\u00e4ike kastekann \"Cana\" - Banana Blue - sulin.ee","description":"Quut v\u00e4ike kastekann \"Cana\" on innovatiivse kujuga kastekann, mis sobib kasutamiseks vannis, aias v\u00f5i rannas. Kastekannuga m\u00e4ngides on lapsel topelt r\u00f5\u00f5m.","robots":{"index":"index","follow":"follow","max-snippet":"max-snippet:-1","max-image-preview":"max-image-preview:large","max-video-preview":"max-video-preview:-1"},"canonical":"https:\/\/sulin.ee\/en\/toode\/quut-vaike-kastekann-cana-banana-blue\/","og_locale":"en_US","og_type":"article","og_title":"Quut v\u00e4ike kastekann \"Cana\" - Banana Blue - sulin.ee","og_description":"Quut v\u00e4ike kastekann \"Cana\" on innovatiivse kujuga kastekann, mis sobib kasutamiseks vannis, aias v\u00f5i rannas. Kastekannuga m\u00e4ngides on lapsel topelt r\u00f5\u00f5m.","og_url":"https:\/\/sulin.ee\/en\/toode\/quut-vaike-kastekann-cana-banana-blue\/","og_site_name":"sulin.ee","article_publisher":"https:\/\/www.facebook.com\/www.sulin.ee\/","article_modified_time":"2024-12-14T08:45:30+00:00","og_image":[{"width":570,"height":570,"url":"https:\/\/sulin.ee\/wp-content\/uploads\/2023\/05\/cana-copy.webp","type":"image\/webp"}],"twitter_card":"summary_large_image","twitter_misc":{"Est. reading time":"1 minute"},"schema":{"@context":"https:\/\/schema.org","@graph":[{"@type":"WebPage","@id":"https:\/\/sulin.ee\/en\/toode\/quut-vaike-kastekann-cana-banana-blue\/","url":"https:\/\/sulin.ee\/en\/toode\/quut-vaike-kastekann-cana-banana-blue\/","name":"Quut v\u00e4ike kastekann \"Cana\" - Banana Blue - sulin.ee","isPartOf":{"@id":"https:\/\/sulin.ee\/en\/#website"},"primaryImageOfPage":{"@id":"https:\/\/sulin.ee\/en\/toode\/quut-vaike-kastekann-cana-banana-blue\/#primaryimage"},"image":{"@id":"https:\/\/sulin.ee\/en\/toode\/quut-vaike-kastekann-cana-banana-blue\/#primaryimage"},"thumbnailUrl":"https:\/\/sulin.ee\/wp-content\/uploads\/2023\/05\/cana-copy.webp","datePublished":"2024-12-14T08:45:29+00:00","dateModified":"2024-12-14T08:45:30+00:00","description":"Quut v\u00e4ike kastekann \"Cana\" on innovatiivse kujuga kastekann, mis sobib kasutamiseks vannis, aias v\u00f5i rannas. Kastekannuga m\u00e4ngides on lapsel topelt r\u00f5\u00f5m.","breadcrumb":{"@id":"https:\/\/sulin.ee\/en\/toode\/quut-vaike-kastekann-cana-banana-blue\/#breadcrumb"},"inLanguage":"en-US","potentialAction":[{"@type":"ReadAction","target":["https:\/\/sulin.ee\/en\/toode\/quut-vaike-kastekann-cana-banana-blue\/"]}]},{"@type":"ImageObject","inLanguage":"en-US","@id":"https:\/\/sulin.ee\/en\/toode\/quut-vaike-kastekann-cana-banana-blue\/#primaryimage","url":"https:\/\/sulin.ee\/wp-content\/uploads\/2023\/05\/cana-copy.webp","contentUrl":"https:\/\/sulin.ee\/wp-content\/uploads\/2023\/05\/cana-copy.webp","width":570,"height":570,"caption":"Quut v\u00e4ike kastekann"},{"@type":"BreadcrumbList","@id":"https:\/\/sulin.ee\/en\/toode\/quut-vaike-kastekann-cana-banana-blue\/#breadcrumb","itemListElement":[{"@type":"ListItem","position":1,"name":"Home","item":"https:\/\/sulin.ee\/en\/"},{"@type":"ListItem","position":2,"name":"Sulin.ee e-pood","item":"https:\/\/sulin.ee\/shop\/"},{"@type":"ListItem","position":3,"name":"Quut v\u00e4ike kastekann &#8220;Cana&#8221; &#8211; Banana Blue"}]},{"@type":"WebSite","@id":"https:\/\/sulin.ee\/en\/#website","url":"https:\/\/sulin.ee\/en\/","name":"sulin.ee","description":"","publisher":{"@id":"https:\/\/sulin.ee\/en\/#organization"},"potentialAction":[{"@type":"SearchAction","target":{"@type":"EntryPoint","urlTemplate":"https:\/\/sulin.ee\/en\/?s={search_term_string}"},"query-input":{"@type":"PropertyValueSpecification","valueRequired":true,"valueName":"search_term_string"}}],"inLanguage":"en-US"},{"@type":"Organization","@id":"https:\/\/sulin.ee\/en\/#organization","name":"SULIN TRADE O\u00dc","url":"https:\/\/sulin.ee\/en\/","logo":{"@type":"ImageObject","inLanguage":"en-US","@id":"https:\/\/sulin.ee\/en\/#\/schema\/logo\/image\/","url":"https:\/\/sulin.ee\/wp-content\/uploads\/2022\/11\/sulin-logo.png","contentUrl":"https:\/\/sulin.ee\/wp-content\/uploads\/2022\/11\/sulin-logo.png","width":871,"height":321,"caption":"SULIN TRADE O\u00dc"},"image":{"@id":"https:\/\/sulin.ee\/en\/#\/schema\/logo\/image\/"},"sameAs":["https:\/\/www.facebook.com\/www.sulin.ee\/","https:\/\/www.instagram.com\/sulintrade\/"]}]}},"builder_content":"","_links":{"self":[{"href":"https:\/\/sulin.ee\/en\/wp-json\/wp\/v2\/product\/28873","targetHints":{"allow":["GET"]}}],"collection":[{"href":"https:\/\/sulin.ee\/en\/wp-json\/wp\/v2\/product"}],"about":[{"href":"https:\/\/sulin.ee\/en\/wp-json\/wp\/v2\/types\/product"}],"replies":[{"embeddable":true,"href":"https:\/\/sulin.ee\/en\/wp-json\/wp\/v2\/comments?post=28873"}],"wp:featuredmedia":[{"embeddable":true,"href":"https:\/\/sulin.ee\/en\/wp-json\/wp\/v2\/media\/12378"}],"wp:attachment":[{"href":"https:\/\/sulin.ee\/en\/wp-json\/wp\/v2\/media?parent=28873"}],"wp:term":[{"taxonomy":"product_brand","embeddable":true,"href":"https:\/\/sulin.ee\/en\/wp-json\/wp\/v2\/product_brand?post=28873"},{"taxonomy":"product_cat","embeddable":true,"href":"https:\/\/sulin.ee\/en\/wp-json\/wp\/v2\/product_cat?post=28873"},{"taxonomy":"product_tag","embeddable":true,"href":"https:\/\/sulin.ee\/en\/wp-json\/wp\/v2\/product_tag?post=28873"}],"curies":[{"name":"wp","href":"https:\/\/api.w.org\/{rel}","templated":true}]}}