{"id":28825,"date":"2024-12-14T08:43:35","date_gmt":"2024-12-14T08:43:35","guid":{"rendered":"https:\/\/sulin.ee\/?post_type=product&#038;p=28825"},"modified":"2025-09-07T21:38:54","modified_gmt":"2025-09-07T21:38:54","slug":"b-box-lutipudeli-kaepidemed-2-tk","status":"publish","type":"product","link":"https:\/\/sulin.ee\/en\/toode\/b-box-lutipudeli-kaepidemed-2-tk\/","title":{"rendered":"b.box lutipudeli k\u00e4epidemed 2 tk"},"content":{"rendered":"<p class=\"\" data-start=\"114\" data-end=\"184\"><strong data-start=\"114\" data-end=\"184\">b.box lutipudeli k\u00e4epidemed 2tk \u2013 lihtsusta lapsele iseseisvat joomist<\/strong><\/p>\n<p class=\"\" data-start=\"186\" data-end=\"533\"><a href=\"https:\/\/bbox.com.au\/#modal-newsletter-popup\">b.box<\/a> lutipudeli k\u00e4epidemed on loodud selleks, et aidata beebil arendada iseseisvat joomisoskust. Need kinnitatakse <a href=\"https:\/\/sulin.ee\/toode\/b-box-koolikutevastane-lutipudel\/?attribute_pa_valik=180-ml\">b.box lutipudeli<\/a> k\u00fclge ning muudavad selle hoidmise v\u00e4ikestele k\u00e4tele mugavamaks ja kindlamaks. K\u00e4epidemed on kerged, h\u00e4sti tasakaalustatud ja ergonoomilise kujuga, pakkudes lapsele kindlat haaret ja paremat kontrolli joomise ajal.<\/p>\n<p class=\"\" data-start=\"535\" data-end=\"772\">Sobivad kasutamiseks nii 180 ml kui ka 240 ml b.box lutipudelitega. T\u00e4nu neutraalsetele ja pehmetele v\u00e4rvitoonidele sobituvad need h\u00e4sti olemasolevate pudelite disainiga, lisades tootele nii funktsionaalsust kui ka visuaalset harmooniat.<\/p>\n<p class=\"\" data-start=\"774\" data-end=\"916\">b.box lutipudeli k\u00e4epidemed 2tk on valmistatud kvaliteetsest ja ohutust materjalist ning neid v\u00f5ib pesta n\u00f5udepesumasinas, mis teeb hooldamise lihtsaks ja kiireks.<\/p>\n<p class=\"\" data-start=\"918\" data-end=\"944\"><strong>Pakendis on kaks k\u00e4epidet.<\/strong><\/p>\n","protected":false},"excerpt":{"rendered":"<p><strong>Lutipudeli k\u00e4epidemed on m\u00f5eldud b.box lutipudelite k\u00fclge kinnitamiseks, et seel\u00e4bi soodustada lapse isesesivat s\u00f6\u00f6mist ja joomist. Mugavad k\u00e4epidemed on kerged ja ergonoomilised ning tagavad kindla haarde.<\/strong><\/p>\n<p><strong>Sobivad nii 180 ml kui 240 ml suurusele<span style=\"color: #0000ff;\"><a style=\"color: #0000ff;\" href=\"https:\/\/sulin.ee\/toode\/b-box-koolikutevastane-lutipudel\/?attribute_pa_valik=180-ml\" target=\"_blank\" rel=\"noopener\"> b.box lutipudelile<\/a>.<\/span><\/strong><\/p>\n","protected":false},"featured_media":18942,"comment_status":"open","ping_status":"closed","template":"","meta":[],"product_brand":[],"product_cat":[859,852],"product_tag":[],"class_list":{"0":"post-28825","1":"product","2":"type-product","3":"status-publish","4":"has-post-thumbnail","6":"product_cat-lutipudelid","7":"product_cat-b-box","8":"has-post-title","9":"has-post-date","10":"has-post-category","11":"has-post-tag","12":"has-post-comment","13":"has-post-author","14":"","16":"first","17":"instock","18":"sale","19":"taxable","20":"shipping-taxable","21":"purchasable","22":"product-type-simple"},"yoast_head":"<!-- This site is optimized with the Yoast SEO plugin v26.8 - https:\/\/yoast.com\/product\/yoast-seo-wordpress\/ -->\n<title>b.box lutipudeli k\u00e4epidemed 2 tk - sulin.ee<\/title>\n<meta name=\"description\" content=\"b.box lutipudeli k\u00e4epidemed 2tk soodustada lapse isesesivat s\u00f6\u00f6mist ja joomist. Mugavad k\u00e4epidemed on kerged ja ergonoomilised ning tagavad kindla haarde.\" \/>\n<meta name=\"robots\" content=\"index, follow, max-snippet:-1, max-image-preview:large, max-video-preview:-1\" \/>\n<link rel=\"canonical\" href=\"https:\/\/sulin.ee\/en\/toode\/b-box-lutipudeli-kaepidemed-2-tk\/\" \/>\n<meta property=\"og:locale\" content=\"en_US\" \/>\n<meta property=\"og:type\" content=\"article\" \/>\n<meta property=\"og:title\" content=\"b.box lutipudeli k\u00e4epidemed 2 tk - sulin.ee\" \/>\n<meta property=\"og:description\" content=\"b.box lutipudeli k\u00e4epidemed 2tk soodustada lapse isesesivat s\u00f6\u00f6mist ja joomist. Mugavad k\u00e4epidemed on kerged ja ergonoomilised ning tagavad kindla haarde.\" \/>\n<meta property=\"og:url\" content=\"https:\/\/sulin.ee\/en\/toode\/b-box-lutipudeli-kaepidemed-2-tk\/\" \/>\n<meta property=\"og:site_name\" content=\"sulin.ee\" \/>\n<meta property=\"article:publisher\" content=\"https:\/\/www.facebook.com\/www.sulin.ee\/\" \/>\n<meta property=\"article:modified_time\" content=\"2025-09-07T21:38:54+00:00\" \/>\n<meta property=\"og:image\" content=\"https:\/\/sulin.ee\/wp-content\/uploads\/2023\/02\/Sage-1.png\" \/>\n\t<meta property=\"og:image:width\" content=\"1080\" \/>\n\t<meta property=\"og:image:height\" content=\"1080\" \/>\n\t<meta property=\"og:image:type\" content=\"image\/png\" \/>\n<meta name=\"twitter:card\" content=\"summary_large_image\" \/>\n<meta name=\"twitter:label1\" content=\"Est. reading time\" \/>\n\t<meta name=\"twitter:data1\" content=\"1 minute\" \/>\n<script type=\"application\/ld+json\" class=\"yoast-schema-graph\">{\"@context\":\"https:\/\/schema.org\",\"@graph\":[{\"@type\":\"WebPage\",\"@id\":\"https:\/\/sulin.ee\/en\/toode\/b-box-lutipudeli-kaepidemed-2-tk\/\",\"url\":\"https:\/\/sulin.ee\/en\/toode\/b-box-lutipudeli-kaepidemed-2-tk\/\",\"name\":\"b.box lutipudeli k\u00e4epidemed 2 tk - sulin.ee\",\"isPartOf\":{\"@id\":\"https:\/\/sulin.ee\/en\/#website\"},\"primaryImageOfPage\":{\"@id\":\"https:\/\/sulin.ee\/en\/toode\/b-box-lutipudeli-kaepidemed-2-tk\/#primaryimage\"},\"image\":{\"@id\":\"https:\/\/sulin.ee\/en\/toode\/b-box-lutipudeli-kaepidemed-2-tk\/#primaryimage\"},\"thumbnailUrl\":\"https:\/\/sulin.ee\/wp-content\/uploads\/2023\/02\/Sage-1.png\",\"datePublished\":\"2024-12-14T08:43:35+00:00\",\"dateModified\":\"2025-09-07T21:38:54+00:00\",\"description\":\"b.box lutipudeli k\u00e4epidemed 2tk soodustada lapse isesesivat s\u00f6\u00f6mist ja joomist. Mugavad k\u00e4epidemed on kerged ja ergonoomilised ning tagavad kindla haarde.\",\"breadcrumb\":{\"@id\":\"https:\/\/sulin.ee\/en\/toode\/b-box-lutipudeli-kaepidemed-2-tk\/#breadcrumb\"},\"inLanguage\":\"en-US\",\"potentialAction\":[{\"@type\":\"ReadAction\",\"target\":[\"https:\/\/sulin.ee\/en\/toode\/b-box-lutipudeli-kaepidemed-2-tk\/\"]}]},{\"@type\":\"ImageObject\",\"inLanguage\":\"en-US\",\"@id\":\"https:\/\/sulin.ee\/en\/toode\/b-box-lutipudeli-kaepidemed-2-tk\/#primaryimage\",\"url\":\"https:\/\/sulin.ee\/wp-content\/uploads\/2023\/02\/Sage-1.png\",\"contentUrl\":\"https:\/\/sulin.ee\/wp-content\/uploads\/2023\/02\/Sage-1.png\",\"width\":1080,\"height\":1080,\"caption\":\"b.box lutipudeli k\u00e4epidemed 2tk\"},{\"@type\":\"BreadcrumbList\",\"@id\":\"https:\/\/sulin.ee\/en\/toode\/b-box-lutipudeli-kaepidemed-2-tk\/#breadcrumb\",\"itemListElement\":[{\"@type\":\"ListItem\",\"position\":1,\"name\":\"Home\",\"item\":\"https:\/\/sulin.ee\/en\/\"},{\"@type\":\"ListItem\",\"position\":2,\"name\":\"Sulin.ee e-pood\",\"item\":\"https:\/\/sulin.ee\/shop\/\"},{\"@type\":\"ListItem\",\"position\":3,\"name\":\"b.box lutipudeli k\u00e4epidemed 2 tk\"}]},{\"@type\":\"WebSite\",\"@id\":\"https:\/\/sulin.ee\/en\/#website\",\"url\":\"https:\/\/sulin.ee\/en\/\",\"name\":\"sulin.ee\",\"description\":\"\",\"publisher\":{\"@id\":\"https:\/\/sulin.ee\/en\/#organization\"},\"potentialAction\":[{\"@type\":\"SearchAction\",\"target\":{\"@type\":\"EntryPoint\",\"urlTemplate\":\"https:\/\/sulin.ee\/en\/?s={search_term_string}\"},\"query-input\":{\"@type\":\"PropertyValueSpecification\",\"valueRequired\":true,\"valueName\":\"search_term_string\"}}],\"inLanguage\":\"en-US\"},{\"@type\":\"Organization\",\"@id\":\"https:\/\/sulin.ee\/en\/#organization\",\"name\":\"SULIN TRADE O\u00dc\",\"url\":\"https:\/\/sulin.ee\/en\/\",\"logo\":{\"@type\":\"ImageObject\",\"inLanguage\":\"en-US\",\"@id\":\"https:\/\/sulin.ee\/en\/#\/schema\/logo\/image\/\",\"url\":\"https:\/\/sulin.ee\/wp-content\/uploads\/2022\/11\/sulin-logo.png\",\"contentUrl\":\"https:\/\/sulin.ee\/wp-content\/uploads\/2022\/11\/sulin-logo.png\",\"width\":871,\"height\":321,\"caption\":\"SULIN TRADE O\u00dc\"},\"image\":{\"@id\":\"https:\/\/sulin.ee\/en\/#\/schema\/logo\/image\/\"},\"sameAs\":[\"https:\/\/www.facebook.com\/www.sulin.ee\/\",\"https:\/\/www.instagram.com\/sulintrade\/\"]}]}<\/script>\n<!-- \/ Yoast SEO plugin. -->","yoast_head_json":{"title":"b.box lutipudeli k\u00e4epidemed 2 tk - sulin.ee","description":"b.box lutipudeli k\u00e4epidemed 2tk soodustada lapse isesesivat s\u00f6\u00f6mist ja joomist. Mugavad k\u00e4epidemed on kerged ja ergonoomilised ning tagavad kindla haarde.","robots":{"index":"index","follow":"follow","max-snippet":"max-snippet:-1","max-image-preview":"max-image-preview:large","max-video-preview":"max-video-preview:-1"},"canonical":"https:\/\/sulin.ee\/en\/toode\/b-box-lutipudeli-kaepidemed-2-tk\/","og_locale":"en_US","og_type":"article","og_title":"b.box lutipudeli k\u00e4epidemed 2 tk - sulin.ee","og_description":"b.box lutipudeli k\u00e4epidemed 2tk soodustada lapse isesesivat s\u00f6\u00f6mist ja joomist. Mugavad k\u00e4epidemed on kerged ja ergonoomilised ning tagavad kindla haarde.","og_url":"https:\/\/sulin.ee\/en\/toode\/b-box-lutipudeli-kaepidemed-2-tk\/","og_site_name":"sulin.ee","article_publisher":"https:\/\/www.facebook.com\/www.sulin.ee\/","article_modified_time":"2025-09-07T21:38:54+00:00","og_image":[{"width":1080,"height":1080,"url":"https:\/\/sulin.ee\/wp-content\/uploads\/2023\/02\/Sage-1.png","type":"image\/png"}],"twitter_card":"summary_large_image","twitter_misc":{"Est. reading time":"1 minute"},"schema":{"@context":"https:\/\/schema.org","@graph":[{"@type":"WebPage","@id":"https:\/\/sulin.ee\/en\/toode\/b-box-lutipudeli-kaepidemed-2-tk\/","url":"https:\/\/sulin.ee\/en\/toode\/b-box-lutipudeli-kaepidemed-2-tk\/","name":"b.box lutipudeli k\u00e4epidemed 2 tk - sulin.ee","isPartOf":{"@id":"https:\/\/sulin.ee\/en\/#website"},"primaryImageOfPage":{"@id":"https:\/\/sulin.ee\/en\/toode\/b-box-lutipudeli-kaepidemed-2-tk\/#primaryimage"},"image":{"@id":"https:\/\/sulin.ee\/en\/toode\/b-box-lutipudeli-kaepidemed-2-tk\/#primaryimage"},"thumbnailUrl":"https:\/\/sulin.ee\/wp-content\/uploads\/2023\/02\/Sage-1.png","datePublished":"2024-12-14T08:43:35+00:00","dateModified":"2025-09-07T21:38:54+00:00","description":"b.box lutipudeli k\u00e4epidemed 2tk soodustada lapse isesesivat s\u00f6\u00f6mist ja joomist. Mugavad k\u00e4epidemed on kerged ja ergonoomilised ning tagavad kindla haarde.","breadcrumb":{"@id":"https:\/\/sulin.ee\/en\/toode\/b-box-lutipudeli-kaepidemed-2-tk\/#breadcrumb"},"inLanguage":"en-US","potentialAction":[{"@type":"ReadAction","target":["https:\/\/sulin.ee\/en\/toode\/b-box-lutipudeli-kaepidemed-2-tk\/"]}]},{"@type":"ImageObject","inLanguage":"en-US","@id":"https:\/\/sulin.ee\/en\/toode\/b-box-lutipudeli-kaepidemed-2-tk\/#primaryimage","url":"https:\/\/sulin.ee\/wp-content\/uploads\/2023\/02\/Sage-1.png","contentUrl":"https:\/\/sulin.ee\/wp-content\/uploads\/2023\/02\/Sage-1.png","width":1080,"height":1080,"caption":"b.box lutipudeli k\u00e4epidemed 2tk"},{"@type":"BreadcrumbList","@id":"https:\/\/sulin.ee\/en\/toode\/b-box-lutipudeli-kaepidemed-2-tk\/#breadcrumb","itemListElement":[{"@type":"ListItem","position":1,"name":"Home","item":"https:\/\/sulin.ee\/en\/"},{"@type":"ListItem","position":2,"name":"Sulin.ee e-pood","item":"https:\/\/sulin.ee\/shop\/"},{"@type":"ListItem","position":3,"name":"b.box lutipudeli k\u00e4epidemed 2 tk"}]},{"@type":"WebSite","@id":"https:\/\/sulin.ee\/en\/#website","url":"https:\/\/sulin.ee\/en\/","name":"sulin.ee","description":"","publisher":{"@id":"https:\/\/sulin.ee\/en\/#organization"},"potentialAction":[{"@type":"SearchAction","target":{"@type":"EntryPoint","urlTemplate":"https:\/\/sulin.ee\/en\/?s={search_term_string}"},"query-input":{"@type":"PropertyValueSpecification","valueRequired":true,"valueName":"search_term_string"}}],"inLanguage":"en-US"},{"@type":"Organization","@id":"https:\/\/sulin.ee\/en\/#organization","name":"SULIN TRADE O\u00dc","url":"https:\/\/sulin.ee\/en\/","logo":{"@type":"ImageObject","inLanguage":"en-US","@id":"https:\/\/sulin.ee\/en\/#\/schema\/logo\/image\/","url":"https:\/\/sulin.ee\/wp-content\/uploads\/2022\/11\/sulin-logo.png","contentUrl":"https:\/\/sulin.ee\/wp-content\/uploads\/2022\/11\/sulin-logo.png","width":871,"height":321,"caption":"SULIN TRADE O\u00dc"},"image":{"@id":"https:\/\/sulin.ee\/en\/#\/schema\/logo\/image\/"},"sameAs":["https:\/\/www.facebook.com\/www.sulin.ee\/","https:\/\/www.instagram.com\/sulintrade\/"]}]}},"builder_content":"","_links":{"self":[{"href":"https:\/\/sulin.ee\/en\/wp-json\/wp\/v2\/product\/28825","targetHints":{"allow":["GET"]}}],"collection":[{"href":"https:\/\/sulin.ee\/en\/wp-json\/wp\/v2\/product"}],"about":[{"href":"https:\/\/sulin.ee\/en\/wp-json\/wp\/v2\/types\/product"}],"replies":[{"embeddable":true,"href":"https:\/\/sulin.ee\/en\/wp-json\/wp\/v2\/comments?post=28825"}],"wp:featuredmedia":[{"embeddable":true,"href":"https:\/\/sulin.ee\/en\/wp-json\/wp\/v2\/media\/18942"}],"wp:attachment":[{"href":"https:\/\/sulin.ee\/en\/wp-json\/wp\/v2\/media?parent=28825"}],"wp:term":[{"taxonomy":"product_brand","embeddable":true,"href":"https:\/\/sulin.ee\/en\/wp-json\/wp\/v2\/product_brand?post=28825"},{"taxonomy":"product_cat","embeddable":true,"href":"https:\/\/sulin.ee\/en\/wp-json\/wp\/v2\/product_cat?post=28825"},{"taxonomy":"product_tag","embeddable":true,"href":"https:\/\/sulin.ee\/en\/wp-json\/wp\/v2\/product_tag?post=28825"}],"curies":[{"name":"wp","href":"https:\/\/api.w.org\/{rel}","templated":true}]}}