{"id":28824,"date":"2024-12-14T08:43:33","date_gmt":"2024-12-14T08:43:33","guid":{"rendered":"https:\/\/sulin.ee\/?post_type=product&#038;p=28824"},"modified":"2026-03-12T09:37:00","modified_gmt":"2026-03-12T09:37:00","slug":"b-box-korrega-joogipudel-glow-helendava-korgiga","status":"publish","type":"product","link":"https:\/\/sulin.ee\/en\/toode\/b-box-korrega-joogipudel-glow-helendava-korgiga\/","title":{"rendered":"b.box k\u00f5rrega joogipudel &#8211; Glow (helendava korgiga)"},"content":{"rendered":"<p><strong>b.box k\u00f5rrega joogipudel on praktiline ja nutikas toode, mille abil saab laps harjutada iseseisvat joomist. T\u00e4nu helendavale korgile on pudelit pimedas lihtsam leida. Sobib lastele alates kuuendast elukuust, kuni v\u00e4ikelapseeani.<\/strong><\/p>\n<p>Joogipudelil on ainulaadne raskusega k\u00f5rs, t\u00e4nu millele saab sellest juua \u00fcksk\u00f5ik, millise nurga all. Lisaks on pudelil kahe suunaline ventiil, mis ei lase vedelikul lekkida, isegi kui pudel on k\u00fclili. Nii saab laps juua seistes, istudes v\u00f5i pikali olles. Vaata <span style=\"color: #0000ff;\"><a style=\"color: #0000ff;\" href=\"https:\/\/www.youtube.com\/watch?v=v1NJUHtD0WQ&amp;t=10s\" target=\"_blank\" rel=\"noopener\">videost<\/a><\/span> l\u00e4hemalt.<\/p>\n<p>b.box k\u00f5rrega joogipudel on suurep\u00e4rane \u00fclemineku pudel lutipudelilt tassile. Mugava k\u00e4epideme abil on lapsel seda hea k\u00e4es hoida ning iseseisvalt joomist harjutada.<\/p>\n<p>Pudeli peal on milliliitrites \u00e4ra m\u00e4rgitud kogused, nii tead, kui palju laps joob. Pudeli mahutavus on 240 ml.<\/p>\n<p>Pudel on valmistatud BPA-, PVC- ja ftalaatidevabast materjalist.<\/p>\n<p><strong>Hooldus:<\/strong> Lihtne puhastada ning v\u00f5ib pesta n\u00f5udepesumasinas. Vaata kuidas pudelit puhastada <span style=\"color: #0000ff;\"><a style=\"color: #0000ff;\" href=\"https:\/\/www.youtube.com\/watch?v=OZdKB8JaeXE\" target=\"_blank\" rel=\"noopener\">siit<\/a><\/span>.<\/p>\n<p>Sobib alates 6+ kuud vanale lapsele.<\/p>\n<p>Vaata ka b.box 3in1 kausse, millega abil saab laps harjutada iseseisvat s\u00f6\u00f6mist.<\/p>\n","protected":false},"excerpt":{"rendered":"<p><strong>Praktiline ja nutikas toode, mille abil saab laps harjutada iseseisvat joomist. T\u00e4nu helendavale korgile on pudelit pimedas lihtsam leida. <\/strong><\/p>\n<p><strong>Sobib lastele alates 6. elukuust, kuni v\u00e4ikelapseeani.<\/strong><\/p>\n","protected":false},"featured_media":11321,"comment_status":"open","ping_status":"closed","template":"","meta":[],"product_brand":[],"product_cat":[851,852],"product_tag":[],"class_list":{"0":"post-28824","1":"product","2":"type-product","3":"status-publish","4":"has-post-thumbnail","6":"product_cat-joogipudelid-ja-tassid-beebile","7":"product_cat-b-box","8":"has-post-title","9":"has-post-date","10":"has-post-category","11":"has-post-tag","12":"has-post-comment","13":"has-post-author","14":"","16":"first","17":"instock","18":"sale","19":"taxable","20":"shipping-taxable","21":"purchasable","22":"product-type-simple"},"yoast_head":"<!-- This site is optimized with the Yoast SEO plugin v26.8 - https:\/\/yoast.com\/product\/yoast-seo-wordpress\/ -->\n<title>b.box k\u00f5rrega joogipudel - Glow (helendava korgiga) - sulin.ee<\/title>\n<meta name=\"description\" content=\"b.box k\u00f5rrega joogipudel on praktiline ja nutikas toode, mille abil saab laps harjutada iseseisvat joomist. Sobib lastele alates kuuendast elukuust.\" \/>\n<meta name=\"robots\" content=\"index, follow, max-snippet:-1, max-image-preview:large, max-video-preview:-1\" \/>\n<link rel=\"canonical\" href=\"https:\/\/sulin.ee\/en\/toode\/b-box-korrega-joogipudel-glow-helendava-korgiga\/\" \/>\n<meta property=\"og:locale\" content=\"en_US\" \/>\n<meta property=\"og:type\" content=\"article\" \/>\n<meta property=\"og:title\" content=\"b.box k\u00f5rrega joogipudel - Glow (helendava korgiga) - sulin.ee\" \/>\n<meta property=\"og:description\" content=\"b.box k\u00f5rrega joogipudel on praktiline ja nutikas toode, mille abil saab laps harjutada iseseisvat joomist. Sobib lastele alates kuuendast elukuust.\" \/>\n<meta property=\"og:url\" content=\"https:\/\/sulin.ee\/en\/toode\/b-box-korrega-joogipudel-glow-helendava-korgiga\/\" \/>\n<meta property=\"og:site_name\" content=\"sulin.ee\" \/>\n<meta property=\"article:publisher\" content=\"https:\/\/www.facebook.com\/www.sulin.ee\/\" \/>\n<meta property=\"article:modified_time\" content=\"2026-03-12T09:37:00+00:00\" \/>\n<meta property=\"og:image\" content=\"https:\/\/sulin.ee\/wp-content\/uploads\/2023\/02\/zul_pl_b-box-bidon-ze-slomka-240ml-Glow-in-the-dark-18325_5.jpg\" \/>\n\t<meta property=\"og:image:width\" content=\"750\" \/>\n\t<meta property=\"og:image:height\" content=\"750\" \/>\n\t<meta property=\"og:image:type\" content=\"image\/jpeg\" \/>\n<meta name=\"twitter:card\" content=\"summary_large_image\" \/>\n<meta name=\"twitter:label1\" content=\"Est. reading time\" \/>\n\t<meta name=\"twitter:data1\" content=\"2 minutes\" \/>\n<script type=\"application\/ld+json\" class=\"yoast-schema-graph\">{\"@context\":\"https:\/\/schema.org\",\"@graph\":[{\"@type\":\"WebPage\",\"@id\":\"https:\/\/sulin.ee\/en\/toode\/b-box-korrega-joogipudel-glow-helendava-korgiga\/\",\"url\":\"https:\/\/sulin.ee\/en\/toode\/b-box-korrega-joogipudel-glow-helendava-korgiga\/\",\"name\":\"b.box k\u00f5rrega joogipudel - Glow (helendava korgiga) - sulin.ee\",\"isPartOf\":{\"@id\":\"https:\/\/sulin.ee\/en\/#website\"},\"primaryImageOfPage\":{\"@id\":\"https:\/\/sulin.ee\/en\/toode\/b-box-korrega-joogipudel-glow-helendava-korgiga\/#primaryimage\"},\"image\":{\"@id\":\"https:\/\/sulin.ee\/en\/toode\/b-box-korrega-joogipudel-glow-helendava-korgiga\/#primaryimage\"},\"thumbnailUrl\":\"https:\/\/sulin.ee\/wp-content\/uploads\/2023\/02\/zul_pl_b-box-bidon-ze-slomka-240ml-Glow-in-the-dark-18325_5.jpg\",\"datePublished\":\"2024-12-14T08:43:33+00:00\",\"dateModified\":\"2026-03-12T09:37:00+00:00\",\"description\":\"b.box k\u00f5rrega joogipudel on praktiline ja nutikas toode, mille abil saab laps harjutada iseseisvat joomist. Sobib lastele alates kuuendast elukuust.\",\"breadcrumb\":{\"@id\":\"https:\/\/sulin.ee\/en\/toode\/b-box-korrega-joogipudel-glow-helendava-korgiga\/#breadcrumb\"},\"inLanguage\":\"en-US\",\"potentialAction\":[{\"@type\":\"ReadAction\",\"target\":[\"https:\/\/sulin.ee\/en\/toode\/b-box-korrega-joogipudel-glow-helendava-korgiga\/\"]}]},{\"@type\":\"ImageObject\",\"inLanguage\":\"en-US\",\"@id\":\"https:\/\/sulin.ee\/en\/toode\/b-box-korrega-joogipudel-glow-helendava-korgiga\/#primaryimage\",\"url\":\"https:\/\/sulin.ee\/wp-content\/uploads\/2023\/02\/zul_pl_b-box-bidon-ze-slomka-240ml-Glow-in-the-dark-18325_5.jpg\",\"contentUrl\":\"https:\/\/sulin.ee\/wp-content\/uploads\/2023\/02\/zul_pl_b-box-bidon-ze-slomka-240ml-Glow-in-the-dark-18325_5.jpg\",\"width\":750,\"height\":750,\"caption\":\"b.box k\u00f5rrega joogipudel\"},{\"@type\":\"BreadcrumbList\",\"@id\":\"https:\/\/sulin.ee\/en\/toode\/b-box-korrega-joogipudel-glow-helendava-korgiga\/#breadcrumb\",\"itemListElement\":[{\"@type\":\"ListItem\",\"position\":1,\"name\":\"Home\",\"item\":\"https:\/\/sulin.ee\/en\/\"},{\"@type\":\"ListItem\",\"position\":2,\"name\":\"Sulin.ee e-pood\",\"item\":\"https:\/\/sulin.ee\/shop\/\"},{\"@type\":\"ListItem\",\"position\":3,\"name\":\"b.box k\u00f5rrega joogipudel &#8211; Glow (helendava korgiga)\"}]},{\"@type\":\"WebSite\",\"@id\":\"https:\/\/sulin.ee\/en\/#website\",\"url\":\"https:\/\/sulin.ee\/en\/\",\"name\":\"sulin.ee\",\"description\":\"\",\"publisher\":{\"@id\":\"https:\/\/sulin.ee\/en\/#organization\"},\"potentialAction\":[{\"@type\":\"SearchAction\",\"target\":{\"@type\":\"EntryPoint\",\"urlTemplate\":\"https:\/\/sulin.ee\/en\/?s={search_term_string}\"},\"query-input\":{\"@type\":\"PropertyValueSpecification\",\"valueRequired\":true,\"valueName\":\"search_term_string\"}}],\"inLanguage\":\"en-US\"},{\"@type\":\"Organization\",\"@id\":\"https:\/\/sulin.ee\/en\/#organization\",\"name\":\"SULIN TRADE O\u00dc\",\"url\":\"https:\/\/sulin.ee\/en\/\",\"logo\":{\"@type\":\"ImageObject\",\"inLanguage\":\"en-US\",\"@id\":\"https:\/\/sulin.ee\/en\/#\/schema\/logo\/image\/\",\"url\":\"https:\/\/sulin.ee\/wp-content\/uploads\/2022\/11\/sulin-logo.png\",\"contentUrl\":\"https:\/\/sulin.ee\/wp-content\/uploads\/2022\/11\/sulin-logo.png\",\"width\":871,\"height\":321,\"caption\":\"SULIN TRADE O\u00dc\"},\"image\":{\"@id\":\"https:\/\/sulin.ee\/en\/#\/schema\/logo\/image\/\"},\"sameAs\":[\"https:\/\/www.facebook.com\/www.sulin.ee\/\",\"https:\/\/www.instagram.com\/sulintrade\/\"]}]}<\/script>\n<!-- \/ Yoast SEO plugin. -->","yoast_head_json":{"title":"b.box k\u00f5rrega joogipudel - Glow (helendava korgiga) - sulin.ee","description":"b.box k\u00f5rrega joogipudel on praktiline ja nutikas toode, mille abil saab laps harjutada iseseisvat joomist. Sobib lastele alates kuuendast elukuust.","robots":{"index":"index","follow":"follow","max-snippet":"max-snippet:-1","max-image-preview":"max-image-preview:large","max-video-preview":"max-video-preview:-1"},"canonical":"https:\/\/sulin.ee\/en\/toode\/b-box-korrega-joogipudel-glow-helendava-korgiga\/","og_locale":"en_US","og_type":"article","og_title":"b.box k\u00f5rrega joogipudel - Glow (helendava korgiga) - sulin.ee","og_description":"b.box k\u00f5rrega joogipudel on praktiline ja nutikas toode, mille abil saab laps harjutada iseseisvat joomist. Sobib lastele alates kuuendast elukuust.","og_url":"https:\/\/sulin.ee\/en\/toode\/b-box-korrega-joogipudel-glow-helendava-korgiga\/","og_site_name":"sulin.ee","article_publisher":"https:\/\/www.facebook.com\/www.sulin.ee\/","article_modified_time":"2026-03-12T09:37:00+00:00","og_image":[{"width":750,"height":750,"url":"https:\/\/sulin.ee\/wp-content\/uploads\/2023\/02\/zul_pl_b-box-bidon-ze-slomka-240ml-Glow-in-the-dark-18325_5.jpg","type":"image\/jpeg"}],"twitter_card":"summary_large_image","twitter_misc":{"Est. reading time":"2 minutes"},"schema":{"@context":"https:\/\/schema.org","@graph":[{"@type":"WebPage","@id":"https:\/\/sulin.ee\/en\/toode\/b-box-korrega-joogipudel-glow-helendava-korgiga\/","url":"https:\/\/sulin.ee\/en\/toode\/b-box-korrega-joogipudel-glow-helendava-korgiga\/","name":"b.box k\u00f5rrega joogipudel - Glow (helendava korgiga) - sulin.ee","isPartOf":{"@id":"https:\/\/sulin.ee\/en\/#website"},"primaryImageOfPage":{"@id":"https:\/\/sulin.ee\/en\/toode\/b-box-korrega-joogipudel-glow-helendava-korgiga\/#primaryimage"},"image":{"@id":"https:\/\/sulin.ee\/en\/toode\/b-box-korrega-joogipudel-glow-helendava-korgiga\/#primaryimage"},"thumbnailUrl":"https:\/\/sulin.ee\/wp-content\/uploads\/2023\/02\/zul_pl_b-box-bidon-ze-slomka-240ml-Glow-in-the-dark-18325_5.jpg","datePublished":"2024-12-14T08:43:33+00:00","dateModified":"2026-03-12T09:37:00+00:00","description":"b.box k\u00f5rrega joogipudel on praktiline ja nutikas toode, mille abil saab laps harjutada iseseisvat joomist. Sobib lastele alates kuuendast elukuust.","breadcrumb":{"@id":"https:\/\/sulin.ee\/en\/toode\/b-box-korrega-joogipudel-glow-helendava-korgiga\/#breadcrumb"},"inLanguage":"en-US","potentialAction":[{"@type":"ReadAction","target":["https:\/\/sulin.ee\/en\/toode\/b-box-korrega-joogipudel-glow-helendava-korgiga\/"]}]},{"@type":"ImageObject","inLanguage":"en-US","@id":"https:\/\/sulin.ee\/en\/toode\/b-box-korrega-joogipudel-glow-helendava-korgiga\/#primaryimage","url":"https:\/\/sulin.ee\/wp-content\/uploads\/2023\/02\/zul_pl_b-box-bidon-ze-slomka-240ml-Glow-in-the-dark-18325_5.jpg","contentUrl":"https:\/\/sulin.ee\/wp-content\/uploads\/2023\/02\/zul_pl_b-box-bidon-ze-slomka-240ml-Glow-in-the-dark-18325_5.jpg","width":750,"height":750,"caption":"b.box k\u00f5rrega joogipudel"},{"@type":"BreadcrumbList","@id":"https:\/\/sulin.ee\/en\/toode\/b-box-korrega-joogipudel-glow-helendava-korgiga\/#breadcrumb","itemListElement":[{"@type":"ListItem","position":1,"name":"Home","item":"https:\/\/sulin.ee\/en\/"},{"@type":"ListItem","position":2,"name":"Sulin.ee e-pood","item":"https:\/\/sulin.ee\/shop\/"},{"@type":"ListItem","position":3,"name":"b.box k\u00f5rrega joogipudel &#8211; Glow (helendava korgiga)"}]},{"@type":"WebSite","@id":"https:\/\/sulin.ee\/en\/#website","url":"https:\/\/sulin.ee\/en\/","name":"sulin.ee","description":"","publisher":{"@id":"https:\/\/sulin.ee\/en\/#organization"},"potentialAction":[{"@type":"SearchAction","target":{"@type":"EntryPoint","urlTemplate":"https:\/\/sulin.ee\/en\/?s={search_term_string}"},"query-input":{"@type":"PropertyValueSpecification","valueRequired":true,"valueName":"search_term_string"}}],"inLanguage":"en-US"},{"@type":"Organization","@id":"https:\/\/sulin.ee\/en\/#organization","name":"SULIN TRADE O\u00dc","url":"https:\/\/sulin.ee\/en\/","logo":{"@type":"ImageObject","inLanguage":"en-US","@id":"https:\/\/sulin.ee\/en\/#\/schema\/logo\/image\/","url":"https:\/\/sulin.ee\/wp-content\/uploads\/2022\/11\/sulin-logo.png","contentUrl":"https:\/\/sulin.ee\/wp-content\/uploads\/2022\/11\/sulin-logo.png","width":871,"height":321,"caption":"SULIN TRADE O\u00dc"},"image":{"@id":"https:\/\/sulin.ee\/en\/#\/schema\/logo\/image\/"},"sameAs":["https:\/\/www.facebook.com\/www.sulin.ee\/","https:\/\/www.instagram.com\/sulintrade\/"]}]}},"builder_content":"","_links":{"self":[{"href":"https:\/\/sulin.ee\/en\/wp-json\/wp\/v2\/product\/28824","targetHints":{"allow":["GET"]}}],"collection":[{"href":"https:\/\/sulin.ee\/en\/wp-json\/wp\/v2\/product"}],"about":[{"href":"https:\/\/sulin.ee\/en\/wp-json\/wp\/v2\/types\/product"}],"replies":[{"embeddable":true,"href":"https:\/\/sulin.ee\/en\/wp-json\/wp\/v2\/comments?post=28824"}],"wp:featuredmedia":[{"embeddable":true,"href":"https:\/\/sulin.ee\/en\/wp-json\/wp\/v2\/media\/11321"}],"wp:attachment":[{"href":"https:\/\/sulin.ee\/en\/wp-json\/wp\/v2\/media?parent=28824"}],"wp:term":[{"taxonomy":"product_brand","embeddable":true,"href":"https:\/\/sulin.ee\/en\/wp-json\/wp\/v2\/product_brand?post=28824"},{"taxonomy":"product_cat","embeddable":true,"href":"https:\/\/sulin.ee\/en\/wp-json\/wp\/v2\/product_cat?post=28824"},{"taxonomy":"product_tag","embeddable":true,"href":"https:\/\/sulin.ee\/en\/wp-json\/wp\/v2\/product_tag?post=28824"}],"curies":[{"name":"wp","href":"https:\/\/api.w.org\/{rel}","templated":true}]}}