{"id":28816,"date":"2024-12-14T08:43:15","date_gmt":"2024-12-14T08:43:15","guid":{"rendered":"https:\/\/sulin.ee\/?post_type=product&#038;p=28816"},"modified":"2025-09-07T21:46:50","modified_gmt":"2025-09-07T21:46:50","slug":"b-box-3in1-laste-kauss-snakitops-ja-toidukarp-bubblegum","status":"publish","type":"product","link":"https:\/\/sulin.ee\/en\/toode\/b-box-3in1-laste-kauss-snakitops-ja-toidukarp-bubblegum\/","title":{"rendered":"b.box 3in1 laste kauss, sn\u00e4kitops ja toidukarp &#8211; Bubblegum"},"content":{"rendered":"<p data-start=\"95\" data-end=\"167\"><strong data-start=\"95\" data-end=\"167\">b.box 3in1 laste kauss \u2013 mitmek\u00fclgne lahendus pisikeste s\u00f6\u00f6jate jaoks<\/strong><\/p>\n<p class=\"\" data-start=\"169\" data-end=\"370\">b.box 3in1 lastekauss \u00fchendab endas kausi, sn\u00e4kitopsi ja toidukarbi funktsioonid, olles nutikas ja praktiline abivahend lapse iseseisva s\u00f6\u00f6misoskuse arendamiseks. Sobib kasutamiseks alates 6. elukuust.<\/p>\n<p class=\"\" data-start=\"372\" data-end=\"760\">Komplekti kuulub joogik\u00f5rs, mis v\u00f5imaldab lapsel mugavalt tarbida vedelamat toitu, nagu supp, piim v\u00f5i smuuti. Kui k\u00f5rs eemaldada, saab toodet kasutada tavap\u00e4rase kausina. Kaanele lisatav avadega osa muudab selle hetkega sn\u00e4kitopsiks. Tihedalt suletava kaanega saab toidu turvaliselt kaasa v\u00f5tta v\u00f5i k\u00fclmikus hoiustada. Kausi v\u00f5ib julgelt kasutada ka mikrolaineahjus toidu soojendamiseks.<\/p>\n<p class=\"\" data-start=\"762\" data-end=\"889\">Tootel on ergonoomilised k\u00e4epidemed, libisemisvastane p\u00f5hi, eemaldatav k\u00f5rs ning kaks kaant \u2013 \u00fcks avadega ja teine t\u00e4iskattega. Vaata tutvustavat videot <span style=\"color: #0000ff;\"><a style=\"color: #0000ff;\" href=\"https:\/\/www.youtube.com\/watch?v=FeuEY79eZjk&amp;t=2s\" target=\"_blank\" rel=\"noopener\">siit.<\/a><\/span><\/p>\n<p class=\"\" data-start=\"891\" data-end=\"1006\">Valmistatud ohututest materjalidest \u2013 ei sisalda BPA-d, PVC-d ega ftalaate. Sobib kasutamiseks ka n\u00f5udepesumasinas.<\/p>\n<p class=\"\" data-start=\"1008\" data-end=\"1084\"><strong data-start=\"1008\" data-end=\"1019\">M\u00f5\u00f5dud:<\/strong><br data-start=\"1019\" data-end=\"1022\" \/>K\u00f5rrega: 9,5 x 9 x 14,5 cm<br data-start=\"1048\" data-end=\"1051\" \/>Ilma k\u00f5rreta: 9,5 x 7,5 x 14,5 cm<\/p>\n<p class=\"\" data-start=\"1086\" data-end=\"1168\">Sobib lastele alates 6. elukuust.<br data-start=\"1119\" data-end=\"1122\" \/>\ud83d\udc49 Vaata ka <strong data-start=\"1134\" data-end=\"1143\">b.box<\/strong> s\u00f6\u00f6giriistade komplekte! <em><a href=\"https:\/\/sulin.ee\/toode\/b-box-soogiriistade-komplekt-koos-hoiukarbiga\/\">Leiad siit!<\/a><\/em><\/p>\n","protected":false},"excerpt":{"rendered":"<p>b.box 3in1 laste kauss \u2013 mitmek\u00fclgne lahendus pisikeste s\u00f6\u00f6jate jaoks b.box 3in1 lastekauss \u00fchendab endas kausi, sn\u00e4kitopsi ja toidukarbi funktsioonid, olles nutikas ja praktiline abivahend lapse iseseisva s\u00f6\u00f6misoskuse arendamiseks. Sobib kasutamiseks alates 6. elukuust. Komplekti kuulub joogik\u00f5rs, mis v\u00f5imaldab lapsel mugavalt tarbida vedelamat toitu, nagu supp, piim v\u00f5i smuuti. Kui k\u00f5rs eemaldada, saab toodet kasutada [&hellip;]<\/p>\n","protected":false},"featured_media":16662,"comment_status":"open","ping_status":"closed","template":"","meta":[],"product_brand":[],"product_cat":[490,178,852],"product_tag":[],"class_list":{"0":"post-28816","1":"product","2":"type-product","3":"status-publish","4":"has-post-thumbnail","6":"product_cat-beebi-sooginoud","7":"product_cat-sooginoud-lastele","8":"product_cat-b-box","9":"has-post-title","10":"has-post-date","11":"has-post-category","12":"has-post-tag","13":"has-post-comment","14":"has-post-author","15":"","17":"first","18":"instock","19":"sale","20":"taxable","21":"shipping-taxable","22":"purchasable","23":"product-type-simple"},"yoast_head":"<!-- This site is optimized with the Yoast SEO plugin v26.8 - https:\/\/yoast.com\/product\/yoast-seo-wordpress\/ -->\n<title>b.box 3in1 laste kauss, sn\u00e4kitops ja toidukarp - Bubblegum - sulin.ee<\/title>\n<meta name=\"description\" content=\"b.box 3in1 laste kauss, sn\u00e4kitops ja toidukarp on praktiline ja nutikas toode, mille abil saab laps \u00f5ppida iseseisvalt s\u00f6\u00f6ma.\" \/>\n<meta name=\"robots\" content=\"index, follow, max-snippet:-1, max-image-preview:large, max-video-preview:-1\" \/>\n<link rel=\"canonical\" href=\"https:\/\/sulin.ee\/en\/toode\/b-box-3in1-laste-kauss-snakitops-ja-toidukarp-bubblegum\/\" \/>\n<meta property=\"og:locale\" content=\"en_US\" \/>\n<meta property=\"og:type\" content=\"article\" \/>\n<meta property=\"og:title\" content=\"b.box 3in1 laste kauss, sn\u00e4kitops ja toidukarp - Bubblegum - sulin.ee\" \/>\n<meta property=\"og:description\" content=\"b.box 3in1 laste kauss, sn\u00e4kitops ja toidukarp on praktiline ja nutikas toode, mille abil saab laps \u00f5ppida iseseisvalt s\u00f6\u00f6ma.\" \/>\n<meta property=\"og:url\" content=\"https:\/\/sulin.ee\/en\/toode\/b-box-3in1-laste-kauss-snakitops-ja-toidukarp-bubblegum\/\" \/>\n<meta property=\"og:site_name\" content=\"sulin.ee\" \/>\n<meta property=\"article:publisher\" content=\"https:\/\/www.facebook.com\/www.sulin.ee\/\" \/>\n<meta property=\"article:modified_time\" content=\"2025-09-07T21:46:50+00:00\" \/>\n<meta property=\"og:image\" content=\"https:\/\/sulin.ee\/wp-content\/uploads\/2023\/02\/Bubblegum-1.png\" \/>\n\t<meta property=\"og:image:width\" content=\"1080\" \/>\n\t<meta property=\"og:image:height\" content=\"1080\" \/>\n\t<meta property=\"og:image:type\" content=\"image\/png\" \/>\n<meta name=\"twitter:card\" content=\"summary_large_image\" \/>\n<meta name=\"twitter:label1\" content=\"Est. reading time\" \/>\n\t<meta name=\"twitter:data1\" content=\"1 minute\" \/>\n<script type=\"application\/ld+json\" class=\"yoast-schema-graph\">{\"@context\":\"https:\/\/schema.org\",\"@graph\":[{\"@type\":\"WebPage\",\"@id\":\"https:\/\/sulin.ee\/en\/toode\/b-box-3in1-laste-kauss-snakitops-ja-toidukarp-bubblegum\/\",\"url\":\"https:\/\/sulin.ee\/en\/toode\/b-box-3in1-laste-kauss-snakitops-ja-toidukarp-bubblegum\/\",\"name\":\"b.box 3in1 laste kauss, sn\u00e4kitops ja toidukarp - Bubblegum - sulin.ee\",\"isPartOf\":{\"@id\":\"https:\/\/sulin.ee\/en\/#website\"},\"primaryImageOfPage\":{\"@id\":\"https:\/\/sulin.ee\/en\/toode\/b-box-3in1-laste-kauss-snakitops-ja-toidukarp-bubblegum\/#primaryimage\"},\"image\":{\"@id\":\"https:\/\/sulin.ee\/en\/toode\/b-box-3in1-laste-kauss-snakitops-ja-toidukarp-bubblegum\/#primaryimage\"},\"thumbnailUrl\":\"https:\/\/sulin.ee\/wp-content\/uploads\/2023\/02\/Bubblegum-1.png\",\"datePublished\":\"2024-12-14T08:43:15+00:00\",\"dateModified\":\"2025-09-07T21:46:50+00:00\",\"description\":\"b.box 3in1 laste kauss, sn\u00e4kitops ja toidukarp on praktiline ja nutikas toode, mille abil saab laps \u00f5ppida iseseisvalt s\u00f6\u00f6ma.\",\"breadcrumb\":{\"@id\":\"https:\/\/sulin.ee\/en\/toode\/b-box-3in1-laste-kauss-snakitops-ja-toidukarp-bubblegum\/#breadcrumb\"},\"inLanguage\":\"en-US\",\"potentialAction\":[{\"@type\":\"ReadAction\",\"target\":[\"https:\/\/sulin.ee\/en\/toode\/b-box-3in1-laste-kauss-snakitops-ja-toidukarp-bubblegum\/\"]}]},{\"@type\":\"ImageObject\",\"inLanguage\":\"en-US\",\"@id\":\"https:\/\/sulin.ee\/en\/toode\/b-box-3in1-laste-kauss-snakitops-ja-toidukarp-bubblegum\/#primaryimage\",\"url\":\"https:\/\/sulin.ee\/wp-content\/uploads\/2023\/02\/Bubblegum-1.png\",\"contentUrl\":\"https:\/\/sulin.ee\/wp-content\/uploads\/2023\/02\/Bubblegum-1.png\",\"width\":1080,\"height\":1080,\"caption\":\"b.box 3in1 laste\"},{\"@type\":\"BreadcrumbList\",\"@id\":\"https:\/\/sulin.ee\/en\/toode\/b-box-3in1-laste-kauss-snakitops-ja-toidukarp-bubblegum\/#breadcrumb\",\"itemListElement\":[{\"@type\":\"ListItem\",\"position\":1,\"name\":\"Home\",\"item\":\"https:\/\/sulin.ee\/en\/\"},{\"@type\":\"ListItem\",\"position\":2,\"name\":\"Sulin.ee e-pood\",\"item\":\"https:\/\/sulin.ee\/shop\/\"},{\"@type\":\"ListItem\",\"position\":3,\"name\":\"b.box 3in1 laste kauss, sn\u00e4kitops ja toidukarp &#8211; Bubblegum\"}]},{\"@type\":\"WebSite\",\"@id\":\"https:\/\/sulin.ee\/en\/#website\",\"url\":\"https:\/\/sulin.ee\/en\/\",\"name\":\"sulin.ee\",\"description\":\"\",\"publisher\":{\"@id\":\"https:\/\/sulin.ee\/en\/#organization\"},\"potentialAction\":[{\"@type\":\"SearchAction\",\"target\":{\"@type\":\"EntryPoint\",\"urlTemplate\":\"https:\/\/sulin.ee\/en\/?s={search_term_string}\"},\"query-input\":{\"@type\":\"PropertyValueSpecification\",\"valueRequired\":true,\"valueName\":\"search_term_string\"}}],\"inLanguage\":\"en-US\"},{\"@type\":\"Organization\",\"@id\":\"https:\/\/sulin.ee\/en\/#organization\",\"name\":\"SULIN TRADE O\u00dc\",\"url\":\"https:\/\/sulin.ee\/en\/\",\"logo\":{\"@type\":\"ImageObject\",\"inLanguage\":\"en-US\",\"@id\":\"https:\/\/sulin.ee\/en\/#\/schema\/logo\/image\/\",\"url\":\"https:\/\/sulin.ee\/wp-content\/uploads\/2022\/11\/sulin-logo.png\",\"contentUrl\":\"https:\/\/sulin.ee\/wp-content\/uploads\/2022\/11\/sulin-logo.png\",\"width\":871,\"height\":321,\"caption\":\"SULIN TRADE O\u00dc\"},\"image\":{\"@id\":\"https:\/\/sulin.ee\/en\/#\/schema\/logo\/image\/\"},\"sameAs\":[\"https:\/\/www.facebook.com\/www.sulin.ee\/\",\"https:\/\/www.instagram.com\/sulintrade\/\"]}]}<\/script>\n<!-- \/ Yoast SEO plugin. -->","yoast_head_json":{"title":"b.box 3in1 laste kauss, sn\u00e4kitops ja toidukarp - Bubblegum - sulin.ee","description":"b.box 3in1 laste kauss, sn\u00e4kitops ja toidukarp on praktiline ja nutikas toode, mille abil saab laps \u00f5ppida iseseisvalt s\u00f6\u00f6ma.","robots":{"index":"index","follow":"follow","max-snippet":"max-snippet:-1","max-image-preview":"max-image-preview:large","max-video-preview":"max-video-preview:-1"},"canonical":"https:\/\/sulin.ee\/en\/toode\/b-box-3in1-laste-kauss-snakitops-ja-toidukarp-bubblegum\/","og_locale":"en_US","og_type":"article","og_title":"b.box 3in1 laste kauss, sn\u00e4kitops ja toidukarp - Bubblegum - sulin.ee","og_description":"b.box 3in1 laste kauss, sn\u00e4kitops ja toidukarp on praktiline ja nutikas toode, mille abil saab laps \u00f5ppida iseseisvalt s\u00f6\u00f6ma.","og_url":"https:\/\/sulin.ee\/en\/toode\/b-box-3in1-laste-kauss-snakitops-ja-toidukarp-bubblegum\/","og_site_name":"sulin.ee","article_publisher":"https:\/\/www.facebook.com\/www.sulin.ee\/","article_modified_time":"2025-09-07T21:46:50+00:00","og_image":[{"width":1080,"height":1080,"url":"https:\/\/sulin.ee\/wp-content\/uploads\/2023\/02\/Bubblegum-1.png","type":"image\/png"}],"twitter_card":"summary_large_image","twitter_misc":{"Est. reading time":"1 minute"},"schema":{"@context":"https:\/\/schema.org","@graph":[{"@type":"WebPage","@id":"https:\/\/sulin.ee\/en\/toode\/b-box-3in1-laste-kauss-snakitops-ja-toidukarp-bubblegum\/","url":"https:\/\/sulin.ee\/en\/toode\/b-box-3in1-laste-kauss-snakitops-ja-toidukarp-bubblegum\/","name":"b.box 3in1 laste kauss, sn\u00e4kitops ja toidukarp - Bubblegum - sulin.ee","isPartOf":{"@id":"https:\/\/sulin.ee\/en\/#website"},"primaryImageOfPage":{"@id":"https:\/\/sulin.ee\/en\/toode\/b-box-3in1-laste-kauss-snakitops-ja-toidukarp-bubblegum\/#primaryimage"},"image":{"@id":"https:\/\/sulin.ee\/en\/toode\/b-box-3in1-laste-kauss-snakitops-ja-toidukarp-bubblegum\/#primaryimage"},"thumbnailUrl":"https:\/\/sulin.ee\/wp-content\/uploads\/2023\/02\/Bubblegum-1.png","datePublished":"2024-12-14T08:43:15+00:00","dateModified":"2025-09-07T21:46:50+00:00","description":"b.box 3in1 laste kauss, sn\u00e4kitops ja toidukarp on praktiline ja nutikas toode, mille abil saab laps \u00f5ppida iseseisvalt s\u00f6\u00f6ma.","breadcrumb":{"@id":"https:\/\/sulin.ee\/en\/toode\/b-box-3in1-laste-kauss-snakitops-ja-toidukarp-bubblegum\/#breadcrumb"},"inLanguage":"en-US","potentialAction":[{"@type":"ReadAction","target":["https:\/\/sulin.ee\/en\/toode\/b-box-3in1-laste-kauss-snakitops-ja-toidukarp-bubblegum\/"]}]},{"@type":"ImageObject","inLanguage":"en-US","@id":"https:\/\/sulin.ee\/en\/toode\/b-box-3in1-laste-kauss-snakitops-ja-toidukarp-bubblegum\/#primaryimage","url":"https:\/\/sulin.ee\/wp-content\/uploads\/2023\/02\/Bubblegum-1.png","contentUrl":"https:\/\/sulin.ee\/wp-content\/uploads\/2023\/02\/Bubblegum-1.png","width":1080,"height":1080,"caption":"b.box 3in1 laste"},{"@type":"BreadcrumbList","@id":"https:\/\/sulin.ee\/en\/toode\/b-box-3in1-laste-kauss-snakitops-ja-toidukarp-bubblegum\/#breadcrumb","itemListElement":[{"@type":"ListItem","position":1,"name":"Home","item":"https:\/\/sulin.ee\/en\/"},{"@type":"ListItem","position":2,"name":"Sulin.ee e-pood","item":"https:\/\/sulin.ee\/shop\/"},{"@type":"ListItem","position":3,"name":"b.box 3in1 laste kauss, sn\u00e4kitops ja toidukarp &#8211; Bubblegum"}]},{"@type":"WebSite","@id":"https:\/\/sulin.ee\/en\/#website","url":"https:\/\/sulin.ee\/en\/","name":"sulin.ee","description":"","publisher":{"@id":"https:\/\/sulin.ee\/en\/#organization"},"potentialAction":[{"@type":"SearchAction","target":{"@type":"EntryPoint","urlTemplate":"https:\/\/sulin.ee\/en\/?s={search_term_string}"},"query-input":{"@type":"PropertyValueSpecification","valueRequired":true,"valueName":"search_term_string"}}],"inLanguage":"en-US"},{"@type":"Organization","@id":"https:\/\/sulin.ee\/en\/#organization","name":"SULIN TRADE O\u00dc","url":"https:\/\/sulin.ee\/en\/","logo":{"@type":"ImageObject","inLanguage":"en-US","@id":"https:\/\/sulin.ee\/en\/#\/schema\/logo\/image\/","url":"https:\/\/sulin.ee\/wp-content\/uploads\/2022\/11\/sulin-logo.png","contentUrl":"https:\/\/sulin.ee\/wp-content\/uploads\/2022\/11\/sulin-logo.png","width":871,"height":321,"caption":"SULIN TRADE O\u00dc"},"image":{"@id":"https:\/\/sulin.ee\/en\/#\/schema\/logo\/image\/"},"sameAs":["https:\/\/www.facebook.com\/www.sulin.ee\/","https:\/\/www.instagram.com\/sulintrade\/"]}]}},"builder_content":"","_links":{"self":[{"href":"https:\/\/sulin.ee\/en\/wp-json\/wp\/v2\/product\/28816","targetHints":{"allow":["GET"]}}],"collection":[{"href":"https:\/\/sulin.ee\/en\/wp-json\/wp\/v2\/product"}],"about":[{"href":"https:\/\/sulin.ee\/en\/wp-json\/wp\/v2\/types\/product"}],"replies":[{"embeddable":true,"href":"https:\/\/sulin.ee\/en\/wp-json\/wp\/v2\/comments?post=28816"}],"wp:featuredmedia":[{"embeddable":true,"href":"https:\/\/sulin.ee\/en\/wp-json\/wp\/v2\/media\/16662"}],"wp:attachment":[{"href":"https:\/\/sulin.ee\/en\/wp-json\/wp\/v2\/media?parent=28816"}],"wp:term":[{"taxonomy":"product_brand","embeddable":true,"href":"https:\/\/sulin.ee\/en\/wp-json\/wp\/v2\/product_brand?post=28816"},{"taxonomy":"product_cat","embeddable":true,"href":"https:\/\/sulin.ee\/en\/wp-json\/wp\/v2\/product_cat?post=28816"},{"taxonomy":"product_tag","embeddable":true,"href":"https:\/\/sulin.ee\/en\/wp-json\/wp\/v2\/product_tag?post=28816"}],"curies":[{"name":"wp","href":"https:\/\/api.w.org\/{rel}","templated":true}]}}