{"id":28815,"date":"2024-12-14T08:43:12","date_gmt":"2024-12-14T08:43:12","guid":{"rendered":"https:\/\/sulin.ee\/?post_type=product&#038;p=28815"},"modified":"2025-12-18T07:11:01","modified_gmt":"2025-12-18T07:11:01","slug":"b-box-3in1-laste-kauss-snakitops-ja-toidukarp-banana-split","status":"publish","type":"product","link":"https:\/\/sulin.ee\/en\/toode\/b-box-3in1-laste-kauss-snakitops-ja-toidukarp-banana-split\/","title":{"rendered":"b.box 3in1 laste kauss, sn\u00e4kitops ja toidukarp &#8211; Banana Split"},"content":{"rendered":"<p><strong>b.box 3in1 laste kauss, sn\u00e4kitops ja toidukarp on praktiline ja nutikas toode, mille abil saab laps \u00f5ppida iseseisvalt s\u00f6\u00f6ma. Sobib kasutamiseks alates kuuendast elukuust.<\/strong><\/p>\n<p>Kausi k\u00fclge kinnitub k\u00f5rs, mille abil saab laps lihtsamini suppi, piima, smuutisid jms s\u00fc\u00fca. Eemalda k\u00f5rs ja kasuta tavalise kausina. Lisa kausile avadega kaas ja mugav sn\u00e4kitops ongi valmis. Aseta kausile kinnine kaas ja v\u00f5ta pisikesele s\u00f6\u00f6k kaasa v\u00f5i hoiusta k\u00fclmikus. Kaussi v\u00f5ib kasutada ka mikrolaineahjus toidu soojendamiseks.<\/p>\n<p>Kausil on mugavad k\u00e4epidemed, libisemiskindel p\u00f5hi, \u00e4rav\u00f5etav joogik\u00f5rs ja kaks kaant (\u00fcks kinnine, teine avadega). Vaata tutvustavat videot <span style=\"color: #0000ff;\"><a style=\"color: #0000ff;\" href=\"https:\/\/www.youtube.com\/watch?v=FeuEY79eZjk&amp;t=2s\" target=\"_blank\" rel=\"noopener\">siit.<\/a><\/span><\/p>\n<p>b.box 3in1 laste kauss on valmistatud BPA-, PVC- ja ftalaatidevabast materjalist ning n\u00f5udepesumasinas pestav.<\/p>\n<p><strong>M\u00f5\u00f5dud:<\/strong> k\u00f5rrega 9,5 x 9 x 14,5 cm. Ilma k\u00f5rreta 9,5 x 7,5 x 14,5 cm.<\/p>\n<p>Sobib alates 6+ kuud.<\/p>\n<p>Vaata ka b.box s\u00f6\u00f6giriistade komplekte <span style=\"color: #0000ff;\"><a style=\"color: #0000ff;\" href=\"https:\/\/sulin.ee\/toode\/b-box-soogiriistade-komplekt-koos-hoiukarbiga\/\" target=\"_blank\" rel=\"noopener\">siit.<\/a><\/span><\/p>\n","protected":false},"excerpt":{"rendered":"<p>b.box 3in1 laste kauss, sn\u00e4kitops ja toidukarp on praktiline ja nutikas toode, mille abil saab laps \u00f5ppida iseseisvalt s\u00f6\u00f6ma. Sobib kasutamiseks alates kuuendast elukuust. Kausi k\u00fclge kinnitub k\u00f5rs, mille abil saab laps lihtsamini suppi, piima, smuutisid jms s\u00fc\u00fca. Eemalda k\u00f5rs ja kasuta tavalise kausina. Lisa kausile avadega kaas ja mugav sn\u00e4kitops ongi valmis. Aseta kausile [&hellip;]<\/p>\n","protected":false},"featured_media":16658,"comment_status":"open","ping_status":"closed","template":"","meta":[],"product_brand":[],"product_cat":[490,178,852],"product_tag":[],"class_list":{"0":"post-28815","1":"product","2":"type-product","3":"status-publish","4":"has-post-thumbnail","6":"product_cat-beebi-sooginoud","7":"product_cat-sooginoud-lastele","8":"product_cat-b-box","9":"has-post-title","10":"has-post-date","11":"has-post-category","12":"has-post-tag","13":"has-post-comment","14":"has-post-author","15":"","17":"first","18":"instock","19":"sale","20":"taxable","21":"shipping-taxable","22":"purchasable","23":"product-type-simple"},"yoast_head":"<!-- This site is optimized with the Yoast SEO plugin v26.8 - https:\/\/yoast.com\/product\/yoast-seo-wordpress\/ -->\n<title>b.box 3in1 laste kauss, sn\u00e4kitops ja toidukarp - Banana Split - sulin.ee<\/title>\n<meta name=\"description\" content=\"b.box 3in1 laste kauss on praktiline ja nutikas toode, mille abil saab laps \u00f5ppida iseseisvalt s\u00f6\u00f6ma. Sobib kasutamiseks alates kuuendast elukuust.\" \/>\n<meta name=\"robots\" content=\"index, follow, max-snippet:-1, max-image-preview:large, max-video-preview:-1\" \/>\n<link rel=\"canonical\" href=\"https:\/\/sulin.ee\/en\/toode\/b-box-3in1-laste-kauss-snakitops-ja-toidukarp-banana-split\/\" \/>\n<meta property=\"og:locale\" content=\"en_US\" \/>\n<meta property=\"og:type\" content=\"article\" \/>\n<meta property=\"og:title\" content=\"b.box 3in1 laste kauss, sn\u00e4kitops ja toidukarp - Banana Split - sulin.ee\" \/>\n<meta property=\"og:description\" content=\"b.box 3in1 laste kauss on praktiline ja nutikas toode, mille abil saab laps \u00f5ppida iseseisvalt s\u00f6\u00f6ma. Sobib kasutamiseks alates kuuendast elukuust.\" \/>\n<meta property=\"og:url\" content=\"https:\/\/sulin.ee\/en\/toode\/b-box-3in1-laste-kauss-snakitops-ja-toidukarp-banana-split\/\" \/>\n<meta property=\"og:site_name\" content=\"sulin.ee\" \/>\n<meta property=\"article:publisher\" content=\"https:\/\/www.facebook.com\/www.sulin.ee\/\" \/>\n<meta property=\"article:modified_time\" content=\"2025-12-18T07:11:01+00:00\" \/>\n<meta property=\"og:image\" content=\"https:\/\/sulin.ee\/wp-content\/uploads\/2023\/02\/Banana.png\" \/>\n\t<meta property=\"og:image:width\" content=\"1080\" \/>\n\t<meta property=\"og:image:height\" content=\"1080\" \/>\n\t<meta property=\"og:image:type\" content=\"image\/png\" \/>\n<meta name=\"twitter:card\" content=\"summary_large_image\" \/>\n<meta name=\"twitter:label1\" content=\"Est. reading time\" \/>\n\t<meta name=\"twitter:data1\" content=\"1 minute\" \/>\n<script type=\"application\/ld+json\" class=\"yoast-schema-graph\">{\"@context\":\"https:\/\/schema.org\",\"@graph\":[{\"@type\":\"WebPage\",\"@id\":\"https:\/\/sulin.ee\/en\/toode\/b-box-3in1-laste-kauss-snakitops-ja-toidukarp-banana-split\/\",\"url\":\"https:\/\/sulin.ee\/en\/toode\/b-box-3in1-laste-kauss-snakitops-ja-toidukarp-banana-split\/\",\"name\":\"b.box 3in1 laste kauss, sn\u00e4kitops ja toidukarp - Banana Split - sulin.ee\",\"isPartOf\":{\"@id\":\"https:\/\/sulin.ee\/en\/#website\"},\"primaryImageOfPage\":{\"@id\":\"https:\/\/sulin.ee\/en\/toode\/b-box-3in1-laste-kauss-snakitops-ja-toidukarp-banana-split\/#primaryimage\"},\"image\":{\"@id\":\"https:\/\/sulin.ee\/en\/toode\/b-box-3in1-laste-kauss-snakitops-ja-toidukarp-banana-split\/#primaryimage\"},\"thumbnailUrl\":\"https:\/\/sulin.ee\/wp-content\/uploads\/2023\/02\/Banana.png\",\"datePublished\":\"2024-12-14T08:43:12+00:00\",\"dateModified\":\"2025-12-18T07:11:01+00:00\",\"description\":\"b.box 3in1 laste kauss on praktiline ja nutikas toode, mille abil saab laps \u00f5ppida iseseisvalt s\u00f6\u00f6ma. Sobib kasutamiseks alates kuuendast elukuust.\",\"breadcrumb\":{\"@id\":\"https:\/\/sulin.ee\/en\/toode\/b-box-3in1-laste-kauss-snakitops-ja-toidukarp-banana-split\/#breadcrumb\"},\"inLanguage\":\"en-US\",\"potentialAction\":[{\"@type\":\"ReadAction\",\"target\":[\"https:\/\/sulin.ee\/en\/toode\/b-box-3in1-laste-kauss-snakitops-ja-toidukarp-banana-split\/\"]}]},{\"@type\":\"ImageObject\",\"inLanguage\":\"en-US\",\"@id\":\"https:\/\/sulin.ee\/en\/toode\/b-box-3in1-laste-kauss-snakitops-ja-toidukarp-banana-split\/#primaryimage\",\"url\":\"https:\/\/sulin.ee\/wp-content\/uploads\/2023\/02\/Banana.png\",\"contentUrl\":\"https:\/\/sulin.ee\/wp-content\/uploads\/2023\/02\/Banana.png\",\"width\":1080,\"height\":1080,\"caption\":\"b.box 3in1\"},{\"@type\":\"BreadcrumbList\",\"@id\":\"https:\/\/sulin.ee\/en\/toode\/b-box-3in1-laste-kauss-snakitops-ja-toidukarp-banana-split\/#breadcrumb\",\"itemListElement\":[{\"@type\":\"ListItem\",\"position\":1,\"name\":\"Home\",\"item\":\"https:\/\/sulin.ee\/en\/\"},{\"@type\":\"ListItem\",\"position\":2,\"name\":\"Sulin.ee e-pood\",\"item\":\"https:\/\/sulin.ee\/shop\/\"},{\"@type\":\"ListItem\",\"position\":3,\"name\":\"b.box 3in1 laste kauss, sn\u00e4kitops ja toidukarp &#8211; Banana Split\"}]},{\"@type\":\"WebSite\",\"@id\":\"https:\/\/sulin.ee\/en\/#website\",\"url\":\"https:\/\/sulin.ee\/en\/\",\"name\":\"sulin.ee\",\"description\":\"\",\"publisher\":{\"@id\":\"https:\/\/sulin.ee\/en\/#organization\"},\"potentialAction\":[{\"@type\":\"SearchAction\",\"target\":{\"@type\":\"EntryPoint\",\"urlTemplate\":\"https:\/\/sulin.ee\/en\/?s={search_term_string}\"},\"query-input\":{\"@type\":\"PropertyValueSpecification\",\"valueRequired\":true,\"valueName\":\"search_term_string\"}}],\"inLanguage\":\"en-US\"},{\"@type\":\"Organization\",\"@id\":\"https:\/\/sulin.ee\/en\/#organization\",\"name\":\"SULIN TRADE O\u00dc\",\"url\":\"https:\/\/sulin.ee\/en\/\",\"logo\":{\"@type\":\"ImageObject\",\"inLanguage\":\"en-US\",\"@id\":\"https:\/\/sulin.ee\/en\/#\/schema\/logo\/image\/\",\"url\":\"https:\/\/sulin.ee\/wp-content\/uploads\/2022\/11\/sulin-logo.png\",\"contentUrl\":\"https:\/\/sulin.ee\/wp-content\/uploads\/2022\/11\/sulin-logo.png\",\"width\":871,\"height\":321,\"caption\":\"SULIN TRADE O\u00dc\"},\"image\":{\"@id\":\"https:\/\/sulin.ee\/en\/#\/schema\/logo\/image\/\"},\"sameAs\":[\"https:\/\/www.facebook.com\/www.sulin.ee\/\",\"https:\/\/www.instagram.com\/sulintrade\/\"]}]}<\/script>\n<!-- \/ Yoast SEO plugin. -->","yoast_head_json":{"title":"b.box 3in1 laste kauss, sn\u00e4kitops ja toidukarp - Banana Split - sulin.ee","description":"b.box 3in1 laste kauss on praktiline ja nutikas toode, mille abil saab laps \u00f5ppida iseseisvalt s\u00f6\u00f6ma. Sobib kasutamiseks alates kuuendast elukuust.","robots":{"index":"index","follow":"follow","max-snippet":"max-snippet:-1","max-image-preview":"max-image-preview:large","max-video-preview":"max-video-preview:-1"},"canonical":"https:\/\/sulin.ee\/en\/toode\/b-box-3in1-laste-kauss-snakitops-ja-toidukarp-banana-split\/","og_locale":"en_US","og_type":"article","og_title":"b.box 3in1 laste kauss, sn\u00e4kitops ja toidukarp - Banana Split - sulin.ee","og_description":"b.box 3in1 laste kauss on praktiline ja nutikas toode, mille abil saab laps \u00f5ppida iseseisvalt s\u00f6\u00f6ma. Sobib kasutamiseks alates kuuendast elukuust.","og_url":"https:\/\/sulin.ee\/en\/toode\/b-box-3in1-laste-kauss-snakitops-ja-toidukarp-banana-split\/","og_site_name":"sulin.ee","article_publisher":"https:\/\/www.facebook.com\/www.sulin.ee\/","article_modified_time":"2025-12-18T07:11:01+00:00","og_image":[{"width":1080,"height":1080,"url":"https:\/\/sulin.ee\/wp-content\/uploads\/2023\/02\/Banana.png","type":"image\/png"}],"twitter_card":"summary_large_image","twitter_misc":{"Est. reading time":"1 minute"},"schema":{"@context":"https:\/\/schema.org","@graph":[{"@type":"WebPage","@id":"https:\/\/sulin.ee\/en\/toode\/b-box-3in1-laste-kauss-snakitops-ja-toidukarp-banana-split\/","url":"https:\/\/sulin.ee\/en\/toode\/b-box-3in1-laste-kauss-snakitops-ja-toidukarp-banana-split\/","name":"b.box 3in1 laste kauss, sn\u00e4kitops ja toidukarp - Banana Split - sulin.ee","isPartOf":{"@id":"https:\/\/sulin.ee\/en\/#website"},"primaryImageOfPage":{"@id":"https:\/\/sulin.ee\/en\/toode\/b-box-3in1-laste-kauss-snakitops-ja-toidukarp-banana-split\/#primaryimage"},"image":{"@id":"https:\/\/sulin.ee\/en\/toode\/b-box-3in1-laste-kauss-snakitops-ja-toidukarp-banana-split\/#primaryimage"},"thumbnailUrl":"https:\/\/sulin.ee\/wp-content\/uploads\/2023\/02\/Banana.png","datePublished":"2024-12-14T08:43:12+00:00","dateModified":"2025-12-18T07:11:01+00:00","description":"b.box 3in1 laste kauss on praktiline ja nutikas toode, mille abil saab laps \u00f5ppida iseseisvalt s\u00f6\u00f6ma. Sobib kasutamiseks alates kuuendast elukuust.","breadcrumb":{"@id":"https:\/\/sulin.ee\/en\/toode\/b-box-3in1-laste-kauss-snakitops-ja-toidukarp-banana-split\/#breadcrumb"},"inLanguage":"en-US","potentialAction":[{"@type":"ReadAction","target":["https:\/\/sulin.ee\/en\/toode\/b-box-3in1-laste-kauss-snakitops-ja-toidukarp-banana-split\/"]}]},{"@type":"ImageObject","inLanguage":"en-US","@id":"https:\/\/sulin.ee\/en\/toode\/b-box-3in1-laste-kauss-snakitops-ja-toidukarp-banana-split\/#primaryimage","url":"https:\/\/sulin.ee\/wp-content\/uploads\/2023\/02\/Banana.png","contentUrl":"https:\/\/sulin.ee\/wp-content\/uploads\/2023\/02\/Banana.png","width":1080,"height":1080,"caption":"b.box 3in1"},{"@type":"BreadcrumbList","@id":"https:\/\/sulin.ee\/en\/toode\/b-box-3in1-laste-kauss-snakitops-ja-toidukarp-banana-split\/#breadcrumb","itemListElement":[{"@type":"ListItem","position":1,"name":"Home","item":"https:\/\/sulin.ee\/en\/"},{"@type":"ListItem","position":2,"name":"Sulin.ee e-pood","item":"https:\/\/sulin.ee\/shop\/"},{"@type":"ListItem","position":3,"name":"b.box 3in1 laste kauss, sn\u00e4kitops ja toidukarp &#8211; Banana Split"}]},{"@type":"WebSite","@id":"https:\/\/sulin.ee\/en\/#website","url":"https:\/\/sulin.ee\/en\/","name":"sulin.ee","description":"","publisher":{"@id":"https:\/\/sulin.ee\/en\/#organization"},"potentialAction":[{"@type":"SearchAction","target":{"@type":"EntryPoint","urlTemplate":"https:\/\/sulin.ee\/en\/?s={search_term_string}"},"query-input":{"@type":"PropertyValueSpecification","valueRequired":true,"valueName":"search_term_string"}}],"inLanguage":"en-US"},{"@type":"Organization","@id":"https:\/\/sulin.ee\/en\/#organization","name":"SULIN TRADE O\u00dc","url":"https:\/\/sulin.ee\/en\/","logo":{"@type":"ImageObject","inLanguage":"en-US","@id":"https:\/\/sulin.ee\/en\/#\/schema\/logo\/image\/","url":"https:\/\/sulin.ee\/wp-content\/uploads\/2022\/11\/sulin-logo.png","contentUrl":"https:\/\/sulin.ee\/wp-content\/uploads\/2022\/11\/sulin-logo.png","width":871,"height":321,"caption":"SULIN TRADE O\u00dc"},"image":{"@id":"https:\/\/sulin.ee\/en\/#\/schema\/logo\/image\/"},"sameAs":["https:\/\/www.facebook.com\/www.sulin.ee\/","https:\/\/www.instagram.com\/sulintrade\/"]}]}},"builder_content":"","_links":{"self":[{"href":"https:\/\/sulin.ee\/en\/wp-json\/wp\/v2\/product\/28815","targetHints":{"allow":["GET"]}}],"collection":[{"href":"https:\/\/sulin.ee\/en\/wp-json\/wp\/v2\/product"}],"about":[{"href":"https:\/\/sulin.ee\/en\/wp-json\/wp\/v2\/types\/product"}],"replies":[{"embeddable":true,"href":"https:\/\/sulin.ee\/en\/wp-json\/wp\/v2\/comments?post=28815"}],"wp:featuredmedia":[{"embeddable":true,"href":"https:\/\/sulin.ee\/en\/wp-json\/wp\/v2\/media\/16658"}],"wp:attachment":[{"href":"https:\/\/sulin.ee\/en\/wp-json\/wp\/v2\/media?parent=28815"}],"wp:term":[{"taxonomy":"product_brand","embeddable":true,"href":"https:\/\/sulin.ee\/en\/wp-json\/wp\/v2\/product_brand?post=28815"},{"taxonomy":"product_cat","embeddable":true,"href":"https:\/\/sulin.ee\/en\/wp-json\/wp\/v2\/product_cat?post=28815"},{"taxonomy":"product_tag","embeddable":true,"href":"https:\/\/sulin.ee\/en\/wp-json\/wp\/v2\/product_tag?post=28815"}],"curies":[{"name":"wp","href":"https:\/\/api.w.org\/{rel}","templated":true}]}}