{"id":28588,"date":"2024-12-14T08:34:13","date_gmt":"2024-12-14T08:34:13","guid":{"rendered":"https:\/\/sulin.ee\/?post_type=product&#038;p=28588"},"modified":"2025-09-07T21:47:34","modified_gmt":"2025-09-07T21:47:34","slug":"jollein-silikoonist-taldrik-storm-grey","status":"publish","type":"product","link":"https:\/\/sulin.ee\/en\/toode\/jollein-silikoonist-taldrik-storm-grey\/","title":{"rendered":"Jollein silikoonist taldrik &#8211; Storm Grey"},"content":{"rendered":"<p><strong>Silikoonist taldrik on mugav kinnitada laua k\u00fclge kasutades p\u00f5hja all olevat iminappa. Taldrik on v<\/strong><strong>almistatud toidusilikoonist ning on lapsele ohutu, kuna ei sisalda ohtlikke \u00fchendeid. <\/strong><\/p>\n<p>Taldrik on vastupidav ning talub temperatuuri alates -20\u00b0C kuni +230\u00b0C, seega on neid ohutu kasutada s\u00fcgavk\u00fclmas, mikrolaineahjus, ahjus ja pesta n\u00f5udepesumasinas.<\/p>\n<p>Saadaval kuues erinevas toonis.<\/p>\n<p>Kasuta ka koos imeilusate <a href=\"https:\/\/jollein.com\/\">Jolleini<\/a> silikoonist <a href=\"https:\/\/sulin.ee\/toode\/jollein-silikoonist-poll\/\">p\u00f5llega.<\/a><\/p>\n<p>&nbsp;<\/p>\n","protected":false},"excerpt":{"rendered":"<p>Silikoonist taldrik on mugav kinnitada laua k\u00fclge kasutades p\u00f5hja all olevat iminappa. Taldrik on valmistatud toidusilikoonist ning on lapsele ohutu, kuna ei sisalda ohtlikke \u00fchendeid. Taldrik on vastupidav ning talub temperatuuri alates -20\u00b0C kuni +230\u00b0C, seega on neid ohutu kasutada s\u00fcgavk\u00fclmas, mikrolaineahjus, ahjus ja pesta n\u00f5udepesumasinas. Saadaval kuues erinevas toonis. Kasuta ka koos imeilusate Jolleini [&hellip;]<\/p>\n","protected":false},"featured_media":8647,"comment_status":"open","ping_status":"closed","template":"","meta":[],"product_brand":[],"product_cat":[490,178,776],"product_tag":[],"class_list":{"0":"post-28588","1":"product","2":"type-product","3":"status-publish","4":"has-post-thumbnail","6":"product_cat-beebi-sooginoud","7":"product_cat-sooginoud-lastele","8":"product_cat-jollein-2","9":"has-post-title","10":"has-post-date","11":"has-post-category","12":"has-post-tag","13":"has-post-comment","14":"has-post-author","15":"","17":"first","18":"instock","19":"sale","20":"taxable","21":"shipping-taxable","22":"purchasable","23":"product-type-simple"},"yoast_head":"<!-- This site is optimized with the Yoast SEO plugin v26.8 - https:\/\/yoast.com\/product\/yoast-seo-wordpress\/ -->\n<title>Jollein silikoonist taldrik - Storm Grey - sulin.ee<\/title>\n<meta name=\"description\" content=\"Kvaliteetne silikoonist taldrik sobib nii soojade kui k\u00fclmade toitude serveerimiseks. Iminappa abil saab taldriku mugavalt laua k\u00fclge kinnitada.\" \/>\n<meta name=\"robots\" content=\"index, follow, max-snippet:-1, max-image-preview:large, max-video-preview:-1\" \/>\n<link rel=\"canonical\" href=\"https:\/\/sulin.ee\/en\/toode\/jollein-silikoonist-taldrik-storm-grey\/\" \/>\n<meta property=\"og:locale\" content=\"en_US\" \/>\n<meta property=\"og:type\" content=\"article\" \/>\n<meta property=\"og:title\" content=\"Jollein silikoonist taldrik - Storm Grey - sulin.ee\" \/>\n<meta property=\"og:description\" content=\"Kvaliteetne silikoonist taldrik sobib nii soojade kui k\u00fclmade toitude serveerimiseks. Iminappa abil saab taldriku mugavalt laua k\u00fclge kinnitada.\" \/>\n<meta property=\"og:url\" content=\"https:\/\/sulin.ee\/en\/toode\/jollein-silikoonist-taldrik-storm-grey\/\" \/>\n<meta property=\"og:site_name\" content=\"sulin.ee\" \/>\n<meta property=\"article:publisher\" content=\"https:\/\/www.facebook.com\/www.sulin.ee\/\" \/>\n<meta property=\"article:modified_time\" content=\"2025-09-07T21:47:34+00:00\" \/>\n<meta property=\"og:image\" content=\"https:\/\/sulin.ee\/wp-content\/uploads\/2022\/11\/7-5.jpg\" \/>\n\t<meta property=\"og:image:width\" content=\"1080\" \/>\n\t<meta property=\"og:image:height\" content=\"1080\" \/>\n\t<meta property=\"og:image:type\" content=\"image\/jpeg\" \/>\n<meta name=\"twitter:card\" content=\"summary_large_image\" \/>\n<meta name=\"twitter:label1\" content=\"Est. reading time\" \/>\n\t<meta name=\"twitter:data1\" content=\"1 minute\" \/>\n<script type=\"application\/ld+json\" class=\"yoast-schema-graph\">{\"@context\":\"https:\/\/schema.org\",\"@graph\":[{\"@type\":\"WebPage\",\"@id\":\"https:\/\/sulin.ee\/en\/toode\/jollein-silikoonist-taldrik-storm-grey\/\",\"url\":\"https:\/\/sulin.ee\/en\/toode\/jollein-silikoonist-taldrik-storm-grey\/\",\"name\":\"Jollein silikoonist taldrik - Storm Grey - sulin.ee\",\"isPartOf\":{\"@id\":\"https:\/\/sulin.ee\/en\/#website\"},\"primaryImageOfPage\":{\"@id\":\"https:\/\/sulin.ee\/en\/toode\/jollein-silikoonist-taldrik-storm-grey\/#primaryimage\"},\"image\":{\"@id\":\"https:\/\/sulin.ee\/en\/toode\/jollein-silikoonist-taldrik-storm-grey\/#primaryimage\"},\"thumbnailUrl\":\"https:\/\/sulin.ee\/wp-content\/uploads\/2022\/11\/7-5.jpg\",\"datePublished\":\"2024-12-14T08:34:13+00:00\",\"dateModified\":\"2025-09-07T21:47:34+00:00\",\"description\":\"Kvaliteetne silikoonist taldrik sobib nii soojade kui k\u00fclmade toitude serveerimiseks. Iminappa abil saab taldriku mugavalt laua k\u00fclge kinnitada.\",\"breadcrumb\":{\"@id\":\"https:\/\/sulin.ee\/en\/toode\/jollein-silikoonist-taldrik-storm-grey\/#breadcrumb\"},\"inLanguage\":\"en-US\",\"potentialAction\":[{\"@type\":\"ReadAction\",\"target\":[\"https:\/\/sulin.ee\/en\/toode\/jollein-silikoonist-taldrik-storm-grey\/\"]}]},{\"@type\":\"ImageObject\",\"inLanguage\":\"en-US\",\"@id\":\"https:\/\/sulin.ee\/en\/toode\/jollein-silikoonist-taldrik-storm-grey\/#primaryimage\",\"url\":\"https:\/\/sulin.ee\/wp-content\/uploads\/2022\/11\/7-5.jpg\",\"contentUrl\":\"https:\/\/sulin.ee\/wp-content\/uploads\/2022\/11\/7-5.jpg\",\"width\":1080,\"height\":1080,\"caption\":\"silikoonist taldrik\"},{\"@type\":\"BreadcrumbList\",\"@id\":\"https:\/\/sulin.ee\/en\/toode\/jollein-silikoonist-taldrik-storm-grey\/#breadcrumb\",\"itemListElement\":[{\"@type\":\"ListItem\",\"position\":1,\"name\":\"Home\",\"item\":\"https:\/\/sulin.ee\/en\/\"},{\"@type\":\"ListItem\",\"position\":2,\"name\":\"Sulin.ee e-pood\",\"item\":\"https:\/\/sulin.ee\/shop\/\"},{\"@type\":\"ListItem\",\"position\":3,\"name\":\"Jollein silikoonist taldrik &#8211; Storm Grey\"}]},{\"@type\":\"WebSite\",\"@id\":\"https:\/\/sulin.ee\/en\/#website\",\"url\":\"https:\/\/sulin.ee\/en\/\",\"name\":\"sulin.ee\",\"description\":\"\",\"publisher\":{\"@id\":\"https:\/\/sulin.ee\/en\/#organization\"},\"potentialAction\":[{\"@type\":\"SearchAction\",\"target\":{\"@type\":\"EntryPoint\",\"urlTemplate\":\"https:\/\/sulin.ee\/en\/?s={search_term_string}\"},\"query-input\":{\"@type\":\"PropertyValueSpecification\",\"valueRequired\":true,\"valueName\":\"search_term_string\"}}],\"inLanguage\":\"en-US\"},{\"@type\":\"Organization\",\"@id\":\"https:\/\/sulin.ee\/en\/#organization\",\"name\":\"SULIN TRADE O\u00dc\",\"url\":\"https:\/\/sulin.ee\/en\/\",\"logo\":{\"@type\":\"ImageObject\",\"inLanguage\":\"en-US\",\"@id\":\"https:\/\/sulin.ee\/en\/#\/schema\/logo\/image\/\",\"url\":\"https:\/\/sulin.ee\/wp-content\/uploads\/2022\/11\/sulin-logo.png\",\"contentUrl\":\"https:\/\/sulin.ee\/wp-content\/uploads\/2022\/11\/sulin-logo.png\",\"width\":871,\"height\":321,\"caption\":\"SULIN TRADE O\u00dc\"},\"image\":{\"@id\":\"https:\/\/sulin.ee\/en\/#\/schema\/logo\/image\/\"},\"sameAs\":[\"https:\/\/www.facebook.com\/www.sulin.ee\/\",\"https:\/\/www.instagram.com\/sulintrade\/\"]}]}<\/script>\n<!-- \/ Yoast SEO plugin. -->","yoast_head_json":{"title":"Jollein silikoonist taldrik - Storm Grey - sulin.ee","description":"Kvaliteetne silikoonist taldrik sobib nii soojade kui k\u00fclmade toitude serveerimiseks. Iminappa abil saab taldriku mugavalt laua k\u00fclge kinnitada.","robots":{"index":"index","follow":"follow","max-snippet":"max-snippet:-1","max-image-preview":"max-image-preview:large","max-video-preview":"max-video-preview:-1"},"canonical":"https:\/\/sulin.ee\/en\/toode\/jollein-silikoonist-taldrik-storm-grey\/","og_locale":"en_US","og_type":"article","og_title":"Jollein silikoonist taldrik - Storm Grey - sulin.ee","og_description":"Kvaliteetne silikoonist taldrik sobib nii soojade kui k\u00fclmade toitude serveerimiseks. Iminappa abil saab taldriku mugavalt laua k\u00fclge kinnitada.","og_url":"https:\/\/sulin.ee\/en\/toode\/jollein-silikoonist-taldrik-storm-grey\/","og_site_name":"sulin.ee","article_publisher":"https:\/\/www.facebook.com\/www.sulin.ee\/","article_modified_time":"2025-09-07T21:47:34+00:00","og_image":[{"width":1080,"height":1080,"url":"https:\/\/sulin.ee\/wp-content\/uploads\/2022\/11\/7-5.jpg","type":"image\/jpeg"}],"twitter_card":"summary_large_image","twitter_misc":{"Est. reading time":"1 minute"},"schema":{"@context":"https:\/\/schema.org","@graph":[{"@type":"WebPage","@id":"https:\/\/sulin.ee\/en\/toode\/jollein-silikoonist-taldrik-storm-grey\/","url":"https:\/\/sulin.ee\/en\/toode\/jollein-silikoonist-taldrik-storm-grey\/","name":"Jollein silikoonist taldrik - Storm Grey - sulin.ee","isPartOf":{"@id":"https:\/\/sulin.ee\/en\/#website"},"primaryImageOfPage":{"@id":"https:\/\/sulin.ee\/en\/toode\/jollein-silikoonist-taldrik-storm-grey\/#primaryimage"},"image":{"@id":"https:\/\/sulin.ee\/en\/toode\/jollein-silikoonist-taldrik-storm-grey\/#primaryimage"},"thumbnailUrl":"https:\/\/sulin.ee\/wp-content\/uploads\/2022\/11\/7-5.jpg","datePublished":"2024-12-14T08:34:13+00:00","dateModified":"2025-09-07T21:47:34+00:00","description":"Kvaliteetne silikoonist taldrik sobib nii soojade kui k\u00fclmade toitude serveerimiseks. Iminappa abil saab taldriku mugavalt laua k\u00fclge kinnitada.","breadcrumb":{"@id":"https:\/\/sulin.ee\/en\/toode\/jollein-silikoonist-taldrik-storm-grey\/#breadcrumb"},"inLanguage":"en-US","potentialAction":[{"@type":"ReadAction","target":["https:\/\/sulin.ee\/en\/toode\/jollein-silikoonist-taldrik-storm-grey\/"]}]},{"@type":"ImageObject","inLanguage":"en-US","@id":"https:\/\/sulin.ee\/en\/toode\/jollein-silikoonist-taldrik-storm-grey\/#primaryimage","url":"https:\/\/sulin.ee\/wp-content\/uploads\/2022\/11\/7-5.jpg","contentUrl":"https:\/\/sulin.ee\/wp-content\/uploads\/2022\/11\/7-5.jpg","width":1080,"height":1080,"caption":"silikoonist taldrik"},{"@type":"BreadcrumbList","@id":"https:\/\/sulin.ee\/en\/toode\/jollein-silikoonist-taldrik-storm-grey\/#breadcrumb","itemListElement":[{"@type":"ListItem","position":1,"name":"Home","item":"https:\/\/sulin.ee\/en\/"},{"@type":"ListItem","position":2,"name":"Sulin.ee e-pood","item":"https:\/\/sulin.ee\/shop\/"},{"@type":"ListItem","position":3,"name":"Jollein silikoonist taldrik &#8211; Storm Grey"}]},{"@type":"WebSite","@id":"https:\/\/sulin.ee\/en\/#website","url":"https:\/\/sulin.ee\/en\/","name":"sulin.ee","description":"","publisher":{"@id":"https:\/\/sulin.ee\/en\/#organization"},"potentialAction":[{"@type":"SearchAction","target":{"@type":"EntryPoint","urlTemplate":"https:\/\/sulin.ee\/en\/?s={search_term_string}"},"query-input":{"@type":"PropertyValueSpecification","valueRequired":true,"valueName":"search_term_string"}}],"inLanguage":"en-US"},{"@type":"Organization","@id":"https:\/\/sulin.ee\/en\/#organization","name":"SULIN TRADE O\u00dc","url":"https:\/\/sulin.ee\/en\/","logo":{"@type":"ImageObject","inLanguage":"en-US","@id":"https:\/\/sulin.ee\/en\/#\/schema\/logo\/image\/","url":"https:\/\/sulin.ee\/wp-content\/uploads\/2022\/11\/sulin-logo.png","contentUrl":"https:\/\/sulin.ee\/wp-content\/uploads\/2022\/11\/sulin-logo.png","width":871,"height":321,"caption":"SULIN TRADE O\u00dc"},"image":{"@id":"https:\/\/sulin.ee\/en\/#\/schema\/logo\/image\/"},"sameAs":["https:\/\/www.facebook.com\/www.sulin.ee\/","https:\/\/www.instagram.com\/sulintrade\/"]}]}},"builder_content":"","_links":{"self":[{"href":"https:\/\/sulin.ee\/en\/wp-json\/wp\/v2\/product\/28588","targetHints":{"allow":["GET"]}}],"collection":[{"href":"https:\/\/sulin.ee\/en\/wp-json\/wp\/v2\/product"}],"about":[{"href":"https:\/\/sulin.ee\/en\/wp-json\/wp\/v2\/types\/product"}],"replies":[{"embeddable":true,"href":"https:\/\/sulin.ee\/en\/wp-json\/wp\/v2\/comments?post=28588"}],"wp:featuredmedia":[{"embeddable":true,"href":"https:\/\/sulin.ee\/en\/wp-json\/wp\/v2\/media\/8647"}],"wp:attachment":[{"href":"https:\/\/sulin.ee\/en\/wp-json\/wp\/v2\/media?parent=28588"}],"wp:term":[{"taxonomy":"product_brand","embeddable":true,"href":"https:\/\/sulin.ee\/en\/wp-json\/wp\/v2\/product_brand?post=28588"},{"taxonomy":"product_cat","embeddable":true,"href":"https:\/\/sulin.ee\/en\/wp-json\/wp\/v2\/product_cat?post=28588"},{"taxonomy":"product_tag","embeddable":true,"href":"https:\/\/sulin.ee\/en\/wp-json\/wp\/v2\/product_tag?post=28588"}],"curies":[{"name":"wp","href":"https:\/\/api.w.org\/{rel}","templated":true}]}}