{"id":25746,"date":"2024-12-09T09:43:44","date_gmt":"2024-12-09T09:43:44","guid":{"rendered":"https:\/\/sulin.ee\/toode\/xl-tooriistavoo-koos-tooriistadega\/"},"modified":"2024-12-09T09:43:44","modified_gmt":"2024-12-09T09:43:44","slug":"xl-tooriistavoo-koos-tooriistadega","status":"publish","type":"product","link":"https:\/\/sulin.ee\/en\/toode\/xl-tooriistavoo-koos-tooriistadega\/","title":{"rendered":"XL T\u00f6\u00f6riistav\u00f6\u00f6 koos t\u00f6\u00f6riistadega"},"content":{"rendered":"<p><strong>XL T\u00f6\u00f6riistav\u00f6\u00f6 koos t\u00f6\u00f6riistadega<\/strong> on suurep\u00e4rane valik v\u00e4ikestele meistrimeestele, kes soovivad asuda oma esimestele ehitusprojektidele! Reguleeritav t\u00f6\u00f6riistav\u00f6\u00f6 on varustatud kaheksa tasku, metallist haamrihoidja ja kl\u00f5pskinnitusega, tagades, et iga t\u00f6\u00f6riist on omal kohal. Komplekti kuuluvad ehtsad, lapsele ohutud t\u00f6\u00f6riistad, sealhulgas:<\/p>\n<p>\u2705 Puusepa haamer libisemiskindla kummiviimistlusega<br \/>\n\u2705 Lameda ja ristpeakruvikeerajad<br \/>\n\u2705 Metallist joonlauaga puusepanurk<br \/>\n\u2705 Ergonoomilised kaitseprillid<br \/>\n\u2705 T\u00f6\u00f6kindad, klambrid ja naelad<br \/>\n\u2705 Puidut\u00f6\u00f6pliiats koos teritajaga<br \/>\n\u2705 M\u00f5\u00f5dulint automaatse tagasikerimisfunktsiooniga<br \/>\n\u2705 Vesilood, mis pakub horisontaalseid, vertikaalseid ja 45\u00b0 m\u00f5\u00f5tmistasandeid ning magnetribaga funktsionaalsust<\/p>\n<p>See vastupidav komplekt arendab lapse k\u00e4elist tegevust, m\u00f5\u00f5tmise ja joonistamise oskusi, pakkudes m\u00e4ngulist l\u00e4henemist reaalsete ehitust\u00f6\u00f6de \u00f5ppimiseks. T\u00f6\u00f6riistad on realistlikud, kuid lapses\u00f5bralikud, pakkudes l\u00f5busat ja harivat kogemust igale v\u00e4ikesele meistrimehele.<\/p>\n<p><strong>Sobiv vanus:<\/strong> 8+ aastat<\/p>\n<p><strong>Ideaalne kasutamiseks:<\/strong> Rollim\u00e4ngudes, t\u00f6\u00f6kodades ja m\u00e4ngut\u00f6\u00f6riistade komplektides<\/p>\n<p><strong><a href=\"https:\/\/www.small-foot.de\/en\/\">Small Foot<\/a> XL T\u00f6\u00f6riistav\u00f6\u00f6 koos t\u00f6\u00f6riistadega<\/strong> muudab iga ehitustegevuse kaasahaaravaks ja l\u00f5busaks, andes lastele t\u00f5elise meistrimehe tunde!<\/p>\n<p>Tutvu ka meie teiste p\u00f5nevate <a href=\"https:\/\/sulin.ee\/tootekategooria\/mangimine\/rollimangud\/\">rollim\u00e4ngudega<\/a>, mis inspireerivad loovust ja pakuvad tundideks r\u00f5\u00f5mu!<\/p>\n","protected":false},"excerpt":{"rendered":"<p><strong>XL T\u00f6\u00f6riistav\u00f6\u00f6 koos t\u00f6\u00f6riistadega pakub lastele v\u00f5imalust tunda end t\u00f5eliste meistrimeestena! Komplekt sisaldab lapses\u00f5bralikke, kuid realistlikke t\u00f6\u00f6riistu, mis arendavad k\u00e4elist tegevust, loogilist m\u00f5tlemist ja loovust. Ideaalne rollim\u00e4ngudeks ja ehitusprojektideks!<\/strong><\/p>\n","protected":false},"featured_media":25667,"comment_status":"open","ping_status":"closed","template":"","meta":[],"product_brand":[],"product_cat":[1220,1219,1221,1223,1222,1224,1218],"product_tag":[],"class_list":{"0":"post-25746","1":"product","2":"type-product","3":"status-publish","4":"has-post-thumbnail","6":"product_cat-6-8-aastat-en","7":"product_cat-kingituseks-en","8":"product_cat-mangimine-en","9":"product_cat-muud-rollimangud-en","10":"product_cat-rollimangud-en","11":"product_cat-small-foot-en","12":"product_cat-joulud-en","13":"has-post-title","14":"has-post-date","15":"has-post-category","16":"has-post-tag","17":"has-post-comment","18":"has-post-author","19":"","21":"first","22":"instock","23":"sale","24":"taxable","25":"shipping-taxable","26":"purchasable","27":"product-type-simple"},"yoast_head":"<!-- This site is optimized with the Yoast SEO plugin v26.8 - https:\/\/yoast.com\/product\/yoast-seo-wordpress\/ -->\n<title>XL T\u00f6\u00f6riistav\u00f6\u00f6 koos t\u00f6\u00f6riistadega - sulin.ee<\/title>\n<meta name=\"robots\" content=\"index, follow, max-snippet:-1, max-image-preview:large, max-video-preview:-1\" \/>\n<link rel=\"canonical\" href=\"https:\/\/sulin.ee\/en\/toode\/xl-tooriistavoo-koos-tooriistadega\/\" \/>\n<meta property=\"og:locale\" content=\"en_US\" \/>\n<meta property=\"og:type\" content=\"article\" \/>\n<meta property=\"og:title\" content=\"XL T\u00f6\u00f6riistav\u00f6\u00f6 koos t\u00f6\u00f6riistadega - sulin.ee\" \/>\n<meta property=\"og:description\" content=\"XL T\u00f6\u00f6riistav\u00f6\u00f6 koos t\u00f6\u00f6riistadega pakub lastele v\u00f5imalust tunda end t\u00f5eliste meistrimeestena! Komplekt sisaldab lapses\u00f5bralikke, kuid realistlikke t\u00f6\u00f6riistu, mis arendavad k\u00e4elist tegevust, loogilist m\u00f5tlemist ja loovust. Ideaalne rollim\u00e4ngudeks ja ehitusprojektideks!\" \/>\n<meta property=\"og:url\" content=\"https:\/\/sulin.ee\/en\/toode\/xl-tooriistavoo-koos-tooriistadega\/\" \/>\n<meta property=\"og:site_name\" content=\"sulin.ee\" \/>\n<meta property=\"article:publisher\" content=\"https:\/\/www.facebook.com\/www.sulin.ee\/\" \/>\n<meta name=\"twitter:card\" content=\"summary_large_image\" \/>\n<meta name=\"twitter:label1\" content=\"Est. reading time\" \/>\n\t<meta name=\"twitter:data1\" content=\"1 minute\" \/>\n<script type=\"application\/ld+json\" class=\"yoast-schema-graph\">{\"@context\":\"https:\/\/schema.org\",\"@graph\":[{\"@type\":\"WebPage\",\"@id\":\"https:\/\/sulin.ee\/en\/toode\/xl-tooriistavoo-koos-tooriistadega\/\",\"url\":\"https:\/\/sulin.ee\/en\/toode\/xl-tooriistavoo-koos-tooriistadega\/\",\"name\":\"XL T\u00f6\u00f6riistav\u00f6\u00f6 koos t\u00f6\u00f6riistadega - sulin.ee\",\"isPartOf\":{\"@id\":\"https:\/\/sulin.ee\/en\/#website\"},\"primaryImageOfPage\":{\"@id\":\"https:\/\/sulin.ee\/en\/toode\/xl-tooriistavoo-koos-tooriistadega\/#primaryimage\"},\"image\":{\"@id\":\"https:\/\/sulin.ee\/en\/toode\/xl-tooriistavoo-koos-tooriistadega\/#primaryimage\"},\"thumbnailUrl\":\"https:\/\/sulin.ee\/wp-content\/uploads\/2024\/12\/Piltide-korrektuurid-kodulehel-2024-12-09T105354.268.png\",\"datePublished\":\"2024-12-09T09:43:44+00:00\",\"breadcrumb\":{\"@id\":\"https:\/\/sulin.ee\/en\/toode\/xl-tooriistavoo-koos-tooriistadega\/#breadcrumb\"},\"inLanguage\":\"en-US\",\"potentialAction\":[{\"@type\":\"ReadAction\",\"target\":[\"https:\/\/sulin.ee\/en\/toode\/xl-tooriistavoo-koos-tooriistadega\/\"]}]},{\"@type\":\"ImageObject\",\"inLanguage\":\"en-US\",\"@id\":\"https:\/\/sulin.ee\/en\/toode\/xl-tooriistavoo-koos-tooriistadega\/#primaryimage\",\"url\":\"https:\/\/sulin.ee\/wp-content\/uploads\/2024\/12\/Piltide-korrektuurid-kodulehel-2024-12-09T105354.268.png\",\"contentUrl\":\"https:\/\/sulin.ee\/wp-content\/uploads\/2024\/12\/Piltide-korrektuurid-kodulehel-2024-12-09T105354.268.png\",\"width\":1080,\"height\":1080,\"caption\":\"XL T\u00f6\u00f6riistav\u00f6\u00f6 koos t\u00f6\u00f6riistadega\"},{\"@type\":\"BreadcrumbList\",\"@id\":\"https:\/\/sulin.ee\/en\/toode\/xl-tooriistavoo-koos-tooriistadega\/#breadcrumb\",\"itemListElement\":[{\"@type\":\"ListItem\",\"position\":1,\"name\":\"Home\",\"item\":\"https:\/\/sulin.ee\/en\/\"},{\"@type\":\"ListItem\",\"position\":2,\"name\":\"Sulin.ee e-pood\",\"item\":\"https:\/\/sulin.ee\/shop\/\"},{\"@type\":\"ListItem\",\"position\":3,\"name\":\"XL T\u00f6\u00f6riistav\u00f6\u00f6 koos t\u00f6\u00f6riistadega\"}]},{\"@type\":\"WebSite\",\"@id\":\"https:\/\/sulin.ee\/en\/#website\",\"url\":\"https:\/\/sulin.ee\/en\/\",\"name\":\"sulin.ee\",\"description\":\"\",\"publisher\":{\"@id\":\"https:\/\/sulin.ee\/en\/#organization\"},\"potentialAction\":[{\"@type\":\"SearchAction\",\"target\":{\"@type\":\"EntryPoint\",\"urlTemplate\":\"https:\/\/sulin.ee\/en\/?s={search_term_string}\"},\"query-input\":{\"@type\":\"PropertyValueSpecification\",\"valueRequired\":true,\"valueName\":\"search_term_string\"}}],\"inLanguage\":\"en-US\"},{\"@type\":\"Organization\",\"@id\":\"https:\/\/sulin.ee\/en\/#organization\",\"name\":\"SULIN TRADE O\u00dc\",\"url\":\"https:\/\/sulin.ee\/en\/\",\"logo\":{\"@type\":\"ImageObject\",\"inLanguage\":\"en-US\",\"@id\":\"https:\/\/sulin.ee\/en\/#\/schema\/logo\/image\/\",\"url\":\"https:\/\/sulin.ee\/wp-content\/uploads\/2022\/11\/sulin-logo.png\",\"contentUrl\":\"https:\/\/sulin.ee\/wp-content\/uploads\/2022\/11\/sulin-logo.png\",\"width\":871,\"height\":321,\"caption\":\"SULIN TRADE O\u00dc\"},\"image\":{\"@id\":\"https:\/\/sulin.ee\/en\/#\/schema\/logo\/image\/\"},\"sameAs\":[\"https:\/\/www.facebook.com\/www.sulin.ee\/\",\"https:\/\/www.instagram.com\/sulintrade\/\"]}]}<\/script>\n<!-- \/ Yoast SEO plugin. -->","yoast_head_json":{"title":"XL T\u00f6\u00f6riistav\u00f6\u00f6 koos t\u00f6\u00f6riistadega - sulin.ee","robots":{"index":"index","follow":"follow","max-snippet":"max-snippet:-1","max-image-preview":"max-image-preview:large","max-video-preview":"max-video-preview:-1"},"canonical":"https:\/\/sulin.ee\/en\/toode\/xl-tooriistavoo-koos-tooriistadega\/","og_locale":"en_US","og_type":"article","og_title":"XL T\u00f6\u00f6riistav\u00f6\u00f6 koos t\u00f6\u00f6riistadega - sulin.ee","og_description":"XL T\u00f6\u00f6riistav\u00f6\u00f6 koos t\u00f6\u00f6riistadega pakub lastele v\u00f5imalust tunda end t\u00f5eliste meistrimeestena! Komplekt sisaldab lapses\u00f5bralikke, kuid realistlikke t\u00f6\u00f6riistu, mis arendavad k\u00e4elist tegevust, loogilist m\u00f5tlemist ja loovust. Ideaalne rollim\u00e4ngudeks ja ehitusprojektideks!","og_url":"https:\/\/sulin.ee\/en\/toode\/xl-tooriistavoo-koos-tooriistadega\/","og_site_name":"sulin.ee","article_publisher":"https:\/\/www.facebook.com\/www.sulin.ee\/","twitter_card":"summary_large_image","twitter_misc":{"Est. reading time":"1 minute"},"schema":{"@context":"https:\/\/schema.org","@graph":[{"@type":"WebPage","@id":"https:\/\/sulin.ee\/en\/toode\/xl-tooriistavoo-koos-tooriistadega\/","url":"https:\/\/sulin.ee\/en\/toode\/xl-tooriistavoo-koos-tooriistadega\/","name":"XL T\u00f6\u00f6riistav\u00f6\u00f6 koos t\u00f6\u00f6riistadega - sulin.ee","isPartOf":{"@id":"https:\/\/sulin.ee\/en\/#website"},"primaryImageOfPage":{"@id":"https:\/\/sulin.ee\/en\/toode\/xl-tooriistavoo-koos-tooriistadega\/#primaryimage"},"image":{"@id":"https:\/\/sulin.ee\/en\/toode\/xl-tooriistavoo-koos-tooriistadega\/#primaryimage"},"thumbnailUrl":"https:\/\/sulin.ee\/wp-content\/uploads\/2024\/12\/Piltide-korrektuurid-kodulehel-2024-12-09T105354.268.png","datePublished":"2024-12-09T09:43:44+00:00","breadcrumb":{"@id":"https:\/\/sulin.ee\/en\/toode\/xl-tooriistavoo-koos-tooriistadega\/#breadcrumb"},"inLanguage":"en-US","potentialAction":[{"@type":"ReadAction","target":["https:\/\/sulin.ee\/en\/toode\/xl-tooriistavoo-koos-tooriistadega\/"]}]},{"@type":"ImageObject","inLanguage":"en-US","@id":"https:\/\/sulin.ee\/en\/toode\/xl-tooriistavoo-koos-tooriistadega\/#primaryimage","url":"https:\/\/sulin.ee\/wp-content\/uploads\/2024\/12\/Piltide-korrektuurid-kodulehel-2024-12-09T105354.268.png","contentUrl":"https:\/\/sulin.ee\/wp-content\/uploads\/2024\/12\/Piltide-korrektuurid-kodulehel-2024-12-09T105354.268.png","width":1080,"height":1080,"caption":"XL T\u00f6\u00f6riistav\u00f6\u00f6 koos t\u00f6\u00f6riistadega"},{"@type":"BreadcrumbList","@id":"https:\/\/sulin.ee\/en\/toode\/xl-tooriistavoo-koos-tooriistadega\/#breadcrumb","itemListElement":[{"@type":"ListItem","position":1,"name":"Home","item":"https:\/\/sulin.ee\/en\/"},{"@type":"ListItem","position":2,"name":"Sulin.ee e-pood","item":"https:\/\/sulin.ee\/shop\/"},{"@type":"ListItem","position":3,"name":"XL T\u00f6\u00f6riistav\u00f6\u00f6 koos t\u00f6\u00f6riistadega"}]},{"@type":"WebSite","@id":"https:\/\/sulin.ee\/en\/#website","url":"https:\/\/sulin.ee\/en\/","name":"sulin.ee","description":"","publisher":{"@id":"https:\/\/sulin.ee\/en\/#organization"},"potentialAction":[{"@type":"SearchAction","target":{"@type":"EntryPoint","urlTemplate":"https:\/\/sulin.ee\/en\/?s={search_term_string}"},"query-input":{"@type":"PropertyValueSpecification","valueRequired":true,"valueName":"search_term_string"}}],"inLanguage":"en-US"},{"@type":"Organization","@id":"https:\/\/sulin.ee\/en\/#organization","name":"SULIN TRADE O\u00dc","url":"https:\/\/sulin.ee\/en\/","logo":{"@type":"ImageObject","inLanguage":"en-US","@id":"https:\/\/sulin.ee\/en\/#\/schema\/logo\/image\/","url":"https:\/\/sulin.ee\/wp-content\/uploads\/2022\/11\/sulin-logo.png","contentUrl":"https:\/\/sulin.ee\/wp-content\/uploads\/2022\/11\/sulin-logo.png","width":871,"height":321,"caption":"SULIN TRADE O\u00dc"},"image":{"@id":"https:\/\/sulin.ee\/en\/#\/schema\/logo\/image\/"},"sameAs":["https:\/\/www.facebook.com\/www.sulin.ee\/","https:\/\/www.instagram.com\/sulintrade\/"]}]}},"builder_content":"","_links":{"self":[{"href":"https:\/\/sulin.ee\/en\/wp-json\/wp\/v2\/product\/25746","targetHints":{"allow":["GET"]}}],"collection":[{"href":"https:\/\/sulin.ee\/en\/wp-json\/wp\/v2\/product"}],"about":[{"href":"https:\/\/sulin.ee\/en\/wp-json\/wp\/v2\/types\/product"}],"replies":[{"embeddable":true,"href":"https:\/\/sulin.ee\/en\/wp-json\/wp\/v2\/comments?post=25746"}],"wp:featuredmedia":[{"embeddable":true,"href":"https:\/\/sulin.ee\/en\/wp-json\/wp\/v2\/media\/25667"}],"wp:attachment":[{"href":"https:\/\/sulin.ee\/en\/wp-json\/wp\/v2\/media?parent=25746"}],"wp:term":[{"taxonomy":"product_brand","embeddable":true,"href":"https:\/\/sulin.ee\/en\/wp-json\/wp\/v2\/product_brand?post=25746"},{"taxonomy":"product_cat","embeddable":true,"href":"https:\/\/sulin.ee\/en\/wp-json\/wp\/v2\/product_cat?post=25746"},{"taxonomy":"product_tag","embeddable":true,"href":"https:\/\/sulin.ee\/en\/wp-json\/wp\/v2\/product_tag?post=25746"}],"curies":[{"name":"wp","href":"https:\/\/api.w.org\/{rel}","templated":true}]}}