{"id":25680,"date":"2024-12-09T09:43:44","date_gmt":"2024-12-09T09:43:44","guid":{"rendered":"https:\/\/sulin.ee\/?post_type=product&#038;p=25680"},"modified":"2025-09-07T21:55:00","modified_gmt":"2025-09-07T21:55:00","slug":"puidust-ekskavaator","status":"publish","type":"product","link":"https:\/\/sulin.ee\/en\/toode\/puidust-ekskavaator\/","title":{"rendered":"Puidust ekskavaator"},"content":{"rendered":"<p><strong>Puidust ekskavaator<\/strong> pakub l\u00f5busat ja loomingulist m\u00e4nguaega v\u00e4ikestele ehitajatele! See vastupidav FSC\u00ae 100%-sertifikaadiga ekskavaator veab olulisi ehitusmaterjale l\u00e4bi lastetoa t\u00e4nu oma tugevatele, kummiga kaetud ratastele. Liikuv esikopp v\u00f5imaldab realistlikke rollim\u00e4nge ja arendab laste loovust.<\/p>\n<p>\u00dcmarad servad ja aknaavad teevad ekskavaatori k\u00e4sitsemise lihtsaks ka v\u00e4ikeste k\u00e4te jaoks. Ekskavaatori esik\u00fcljel asuv armas n\u00e4gu annab m\u00e4ngule isikup\u00e4ra ja innustab fantaasiarikast tegevust. Juhi kabiinis on piisavalt ruumi ka v\u00e4ikesele figuurile, mis lisab m\u00e4ngule veelgi p\u00f5nevust.<\/p>\n<p>Ekskavaator sobib ideaalselt puidust m\u00e4nguasjade ja s\u00f5idukite kollektsiooni t\u00e4ienduseks, pakkudes klassikalist ja harivat m\u00e4ngukogemust.<\/p>\n<p><strong>M\u00f5\u00f5dud:<\/strong> 18 x 7 x 10 cm<\/p>\n<p><strong>Vanus:<\/strong> Sobib lastele alates 18. elukuust<\/p>\n<p><strong><a href=\"https:\/\/www.small-foot.de\/en\/\">Small Foot<\/a>\u00a0ekskavaator<\/strong> on kohustuslik igale v\u00e4ikesele ehitusf\u00e4nnile ja ideaalne t\u00e4iendus lastetoa m\u00e4ngus\u00f5idukite parki!<\/p>\n<p>Tutvu ka meie teiste p\u00f5nevate <a href=\"https:\/\/sulin.ee\/tootekategooria\/mangimine\/rollimangud\/\">rollim\u00e4ngudega<\/a>, mis inspireerivad loovust ja pakuvad tundideks r\u00f5\u00f5mu!<\/p>\n","protected":false},"excerpt":{"rendered":"<p><strong>Puidust ekskavaator on vastupidav ja lapses\u00f5bralik m\u00e4nguasi, mis arendab loovust ja pakub l\u00f5busat rollim\u00e4ngu. Liikuv esikopp ja kummiga kaetud rattad teevad sellest ideaalse kaaslase v\u00e4ikestele ehitusf\u00e4nnidele. Sobib lastele alates 18. elukuust.<\/strong><\/p>\n","protected":false},"featured_media":25697,"comment_status":"open","ping_status":"closed","template":"","meta":[],"product_brand":[],"product_cat":[110,1162,1164,1165,176,1015,175,1006],"product_tag":[],"class_list":{"0":"post-25680","1":"product","2":"type-product","3":"status-publish","4":"has-post-thumbnail","6":"product_cat-mangimine","7":"product_cat-kingituseks","8":"product_cat-1-3-aastat","9":"product_cat-3-5-aastat","10":"product_cat-rollimangud","11":"product_cat-muud-rollimangud","12":"product_cat-puidust-manguasjad","13":"product_cat-small-foot","14":"has-post-title","15":"has-post-date","16":"has-post-category","17":"has-post-tag","18":"has-post-comment","19":"has-post-author","20":"","22":"first","23":"instock","24":"sale","25":"taxable","26":"shipping-taxable","27":"purchasable","28":"product-type-simple"},"yoast_head":"<!-- This site is optimized with the Yoast SEO plugin v26.8 - https:\/\/yoast.com\/product\/yoast-seo-wordpress\/ -->\n<title>Puidust ekskavaator - sulin.ee<\/title>\n<meta name=\"description\" content=\"Puidust ekskavaator on vastupidav m\u00e4nguasi. Liikuv esikopp ja kummiga kaetud rattad teevad sellest ideaalse kaaslase v\u00e4ikestele ehitusf\u00e4nnidele.\" \/>\n<meta name=\"robots\" content=\"index, follow, max-snippet:-1, max-image-preview:large, max-video-preview:-1\" \/>\n<link rel=\"canonical\" href=\"https:\/\/sulin.ee\/en\/toode\/puidust-ekskavaator\/\" \/>\n<meta property=\"og:locale\" content=\"en_US\" \/>\n<meta property=\"og:type\" content=\"article\" \/>\n<meta property=\"og:title\" content=\"Puidust ekskavaator - sulin.ee\" \/>\n<meta property=\"og:description\" content=\"Puidust ekskavaator on vastupidav m\u00e4nguasi. Liikuv esikopp ja kummiga kaetud rattad teevad sellest ideaalse kaaslase v\u00e4ikestele ehitusf\u00e4nnidele.\" \/>\n<meta property=\"og:url\" content=\"https:\/\/sulin.ee\/en\/toode\/puidust-ekskavaator\/\" \/>\n<meta property=\"og:site_name\" content=\"sulin.ee\" \/>\n<meta property=\"article:publisher\" content=\"https:\/\/www.facebook.com\/www.sulin.ee\/\" \/>\n<meta property=\"article:modified_time\" content=\"2025-09-07T21:55:00+00:00\" \/>\n<meta property=\"og:image\" content=\"https:\/\/sulin.ee\/wp-content\/uploads\/2024\/12\/Piltide-korrektuurid-kodulehel-2024-12-09T110720.801.png\" \/>\n\t<meta property=\"og:image:width\" content=\"1080\" \/>\n\t<meta property=\"og:image:height\" content=\"1080\" \/>\n\t<meta property=\"og:image:type\" content=\"image\/png\" \/>\n<meta name=\"twitter:card\" content=\"summary_large_image\" \/>\n<meta name=\"twitter:label1\" content=\"Est. reading time\" \/>\n\t<meta name=\"twitter:data1\" content=\"1 minute\" \/>\n<script type=\"application\/ld+json\" class=\"yoast-schema-graph\">{\"@context\":\"https:\/\/schema.org\",\"@graph\":[{\"@type\":\"WebPage\",\"@id\":\"https:\/\/sulin.ee\/en\/toode\/puidust-ekskavaator\/\",\"url\":\"https:\/\/sulin.ee\/en\/toode\/puidust-ekskavaator\/\",\"name\":\"Puidust ekskavaator - sulin.ee\",\"isPartOf\":{\"@id\":\"https:\/\/sulin.ee\/en\/#website\"},\"primaryImageOfPage\":{\"@id\":\"https:\/\/sulin.ee\/en\/toode\/puidust-ekskavaator\/#primaryimage\"},\"image\":{\"@id\":\"https:\/\/sulin.ee\/en\/toode\/puidust-ekskavaator\/#primaryimage\"},\"thumbnailUrl\":\"https:\/\/sulin.ee\/wp-content\/uploads\/2024\/12\/Piltide-korrektuurid-kodulehel-2024-12-09T110720.801.png\",\"datePublished\":\"2024-12-09T09:43:44+00:00\",\"dateModified\":\"2025-09-07T21:55:00+00:00\",\"description\":\"Puidust ekskavaator on vastupidav m\u00e4nguasi. Liikuv esikopp ja kummiga kaetud rattad teevad sellest ideaalse kaaslase v\u00e4ikestele ehitusf\u00e4nnidele.\",\"breadcrumb\":{\"@id\":\"https:\/\/sulin.ee\/en\/toode\/puidust-ekskavaator\/#breadcrumb\"},\"inLanguage\":\"en-US\",\"potentialAction\":[{\"@type\":\"ReadAction\",\"target\":[\"https:\/\/sulin.ee\/en\/toode\/puidust-ekskavaator\/\"]}]},{\"@type\":\"ImageObject\",\"inLanguage\":\"en-US\",\"@id\":\"https:\/\/sulin.ee\/en\/toode\/puidust-ekskavaator\/#primaryimage\",\"url\":\"https:\/\/sulin.ee\/wp-content\/uploads\/2024\/12\/Piltide-korrektuurid-kodulehel-2024-12-09T110720.801.png\",\"contentUrl\":\"https:\/\/sulin.ee\/wp-content\/uploads\/2024\/12\/Piltide-korrektuurid-kodulehel-2024-12-09T110720.801.png\",\"width\":1080,\"height\":1080,\"caption\":\"Puidust ekskavaator\"},{\"@type\":\"BreadcrumbList\",\"@id\":\"https:\/\/sulin.ee\/en\/toode\/puidust-ekskavaator\/#breadcrumb\",\"itemListElement\":[{\"@type\":\"ListItem\",\"position\":1,\"name\":\"Home\",\"item\":\"https:\/\/sulin.ee\/en\/\"},{\"@type\":\"ListItem\",\"position\":2,\"name\":\"Sulin.ee e-pood\",\"item\":\"https:\/\/sulin.ee\/shop\/\"},{\"@type\":\"ListItem\",\"position\":3,\"name\":\"Puidust ekskavaator\"}]},{\"@type\":\"WebSite\",\"@id\":\"https:\/\/sulin.ee\/en\/#website\",\"url\":\"https:\/\/sulin.ee\/en\/\",\"name\":\"sulin.ee\",\"description\":\"\",\"publisher\":{\"@id\":\"https:\/\/sulin.ee\/en\/#organization\"},\"potentialAction\":[{\"@type\":\"SearchAction\",\"target\":{\"@type\":\"EntryPoint\",\"urlTemplate\":\"https:\/\/sulin.ee\/en\/?s={search_term_string}\"},\"query-input\":{\"@type\":\"PropertyValueSpecification\",\"valueRequired\":true,\"valueName\":\"search_term_string\"}}],\"inLanguage\":\"en-US\"},{\"@type\":\"Organization\",\"@id\":\"https:\/\/sulin.ee\/en\/#organization\",\"name\":\"SULIN TRADE O\u00dc\",\"url\":\"https:\/\/sulin.ee\/en\/\",\"logo\":{\"@type\":\"ImageObject\",\"inLanguage\":\"en-US\",\"@id\":\"https:\/\/sulin.ee\/en\/#\/schema\/logo\/image\/\",\"url\":\"https:\/\/sulin.ee\/wp-content\/uploads\/2022\/11\/sulin-logo.png\",\"contentUrl\":\"https:\/\/sulin.ee\/wp-content\/uploads\/2022\/11\/sulin-logo.png\",\"width\":871,\"height\":321,\"caption\":\"SULIN TRADE O\u00dc\"},\"image\":{\"@id\":\"https:\/\/sulin.ee\/en\/#\/schema\/logo\/image\/\"},\"sameAs\":[\"https:\/\/www.facebook.com\/www.sulin.ee\/\",\"https:\/\/www.instagram.com\/sulintrade\/\"]}]}<\/script>\n<!-- \/ Yoast SEO plugin. -->","yoast_head_json":{"title":"Puidust ekskavaator - sulin.ee","description":"Puidust ekskavaator on vastupidav m\u00e4nguasi. Liikuv esikopp ja kummiga kaetud rattad teevad sellest ideaalse kaaslase v\u00e4ikestele ehitusf\u00e4nnidele.","robots":{"index":"index","follow":"follow","max-snippet":"max-snippet:-1","max-image-preview":"max-image-preview:large","max-video-preview":"max-video-preview:-1"},"canonical":"https:\/\/sulin.ee\/en\/toode\/puidust-ekskavaator\/","og_locale":"en_US","og_type":"article","og_title":"Puidust ekskavaator - sulin.ee","og_description":"Puidust ekskavaator on vastupidav m\u00e4nguasi. Liikuv esikopp ja kummiga kaetud rattad teevad sellest ideaalse kaaslase v\u00e4ikestele ehitusf\u00e4nnidele.","og_url":"https:\/\/sulin.ee\/en\/toode\/puidust-ekskavaator\/","og_site_name":"sulin.ee","article_publisher":"https:\/\/www.facebook.com\/www.sulin.ee\/","article_modified_time":"2025-09-07T21:55:00+00:00","og_image":[{"width":1080,"height":1080,"url":"https:\/\/sulin.ee\/wp-content\/uploads\/2024\/12\/Piltide-korrektuurid-kodulehel-2024-12-09T110720.801.png","type":"image\/png"}],"twitter_card":"summary_large_image","twitter_misc":{"Est. reading time":"1 minute"},"schema":{"@context":"https:\/\/schema.org","@graph":[{"@type":"WebPage","@id":"https:\/\/sulin.ee\/en\/toode\/puidust-ekskavaator\/","url":"https:\/\/sulin.ee\/en\/toode\/puidust-ekskavaator\/","name":"Puidust ekskavaator - sulin.ee","isPartOf":{"@id":"https:\/\/sulin.ee\/en\/#website"},"primaryImageOfPage":{"@id":"https:\/\/sulin.ee\/en\/toode\/puidust-ekskavaator\/#primaryimage"},"image":{"@id":"https:\/\/sulin.ee\/en\/toode\/puidust-ekskavaator\/#primaryimage"},"thumbnailUrl":"https:\/\/sulin.ee\/wp-content\/uploads\/2024\/12\/Piltide-korrektuurid-kodulehel-2024-12-09T110720.801.png","datePublished":"2024-12-09T09:43:44+00:00","dateModified":"2025-09-07T21:55:00+00:00","description":"Puidust ekskavaator on vastupidav m\u00e4nguasi. Liikuv esikopp ja kummiga kaetud rattad teevad sellest ideaalse kaaslase v\u00e4ikestele ehitusf\u00e4nnidele.","breadcrumb":{"@id":"https:\/\/sulin.ee\/en\/toode\/puidust-ekskavaator\/#breadcrumb"},"inLanguage":"en-US","potentialAction":[{"@type":"ReadAction","target":["https:\/\/sulin.ee\/en\/toode\/puidust-ekskavaator\/"]}]},{"@type":"ImageObject","inLanguage":"en-US","@id":"https:\/\/sulin.ee\/en\/toode\/puidust-ekskavaator\/#primaryimage","url":"https:\/\/sulin.ee\/wp-content\/uploads\/2024\/12\/Piltide-korrektuurid-kodulehel-2024-12-09T110720.801.png","contentUrl":"https:\/\/sulin.ee\/wp-content\/uploads\/2024\/12\/Piltide-korrektuurid-kodulehel-2024-12-09T110720.801.png","width":1080,"height":1080,"caption":"Puidust ekskavaator"},{"@type":"BreadcrumbList","@id":"https:\/\/sulin.ee\/en\/toode\/puidust-ekskavaator\/#breadcrumb","itemListElement":[{"@type":"ListItem","position":1,"name":"Home","item":"https:\/\/sulin.ee\/en\/"},{"@type":"ListItem","position":2,"name":"Sulin.ee e-pood","item":"https:\/\/sulin.ee\/shop\/"},{"@type":"ListItem","position":3,"name":"Puidust ekskavaator"}]},{"@type":"WebSite","@id":"https:\/\/sulin.ee\/en\/#website","url":"https:\/\/sulin.ee\/en\/","name":"sulin.ee","description":"","publisher":{"@id":"https:\/\/sulin.ee\/en\/#organization"},"potentialAction":[{"@type":"SearchAction","target":{"@type":"EntryPoint","urlTemplate":"https:\/\/sulin.ee\/en\/?s={search_term_string}"},"query-input":{"@type":"PropertyValueSpecification","valueRequired":true,"valueName":"search_term_string"}}],"inLanguage":"en-US"},{"@type":"Organization","@id":"https:\/\/sulin.ee\/en\/#organization","name":"SULIN TRADE O\u00dc","url":"https:\/\/sulin.ee\/en\/","logo":{"@type":"ImageObject","inLanguage":"en-US","@id":"https:\/\/sulin.ee\/en\/#\/schema\/logo\/image\/","url":"https:\/\/sulin.ee\/wp-content\/uploads\/2022\/11\/sulin-logo.png","contentUrl":"https:\/\/sulin.ee\/wp-content\/uploads\/2022\/11\/sulin-logo.png","width":871,"height":321,"caption":"SULIN TRADE O\u00dc"},"image":{"@id":"https:\/\/sulin.ee\/en\/#\/schema\/logo\/image\/"},"sameAs":["https:\/\/www.facebook.com\/www.sulin.ee\/","https:\/\/www.instagram.com\/sulintrade\/"]}]}},"builder_content":"","_links":{"self":[{"href":"https:\/\/sulin.ee\/en\/wp-json\/wp\/v2\/product\/25680","targetHints":{"allow":["GET"]}}],"collection":[{"href":"https:\/\/sulin.ee\/en\/wp-json\/wp\/v2\/product"}],"about":[{"href":"https:\/\/sulin.ee\/en\/wp-json\/wp\/v2\/types\/product"}],"replies":[{"embeddable":true,"href":"https:\/\/sulin.ee\/en\/wp-json\/wp\/v2\/comments?post=25680"}],"wp:featuredmedia":[{"embeddable":true,"href":"https:\/\/sulin.ee\/en\/wp-json\/wp\/v2\/media\/25697"}],"wp:attachment":[{"href":"https:\/\/sulin.ee\/en\/wp-json\/wp\/v2\/media?parent=25680"}],"wp:term":[{"taxonomy":"product_brand","embeddable":true,"href":"https:\/\/sulin.ee\/en\/wp-json\/wp\/v2\/product_brand?post=25680"},{"taxonomy":"product_cat","embeddable":true,"href":"https:\/\/sulin.ee\/en\/wp-json\/wp\/v2\/product_cat?post=25680"},{"taxonomy":"product_tag","embeddable":true,"href":"https:\/\/sulin.ee\/en\/wp-json\/wp\/v2\/product_tag?post=25680"}],"curies":[{"name":"wp","href":"https:\/\/api.w.org\/{rel}","templated":true}]}}