{"id":25609,"date":"2024-12-06T10:58:02","date_gmt":"2024-12-06T10:58:02","guid":{"rendered":"https:\/\/sulin.ee\/?post_type=product&#038;p=25609"},"modified":"2025-10-08T20:32:33","modified_gmt":"2025-10-08T20:32:33","slug":"little-dutch-pallirada-vannituppa-blue","status":"publish","type":"product","link":"https:\/\/sulin.ee\/en\/toode\/little-dutch-pallirada-vannituppa-blue\/","title":{"rendered":"Little Dutch pallirada vannituppa &#8220;Blue&#8221;"},"content":{"rendered":"<p><strong>Little Dutch pallirada vannituppa &#8220;Blue&#8221;<\/strong> muudab vanniaja l\u00f5busaks ja kaasahaaravaks seikluseks! See m\u00e4nguline palliraja komplekt v\u00f5imaldab lastel luua erinevaid radasid vannitoa seinale ja j\u00e4lgida, kuidas pallid alla veerevad ja vette pl\u00e4rtsatavad.<\/p>\n<p>Komplekt sisaldab kolme sinist rada, mis kinnituvad iminappade abil lihtsalt vannitoa seinale ja on sama h\u00f5lpsasti eemaldatavad. Kaarjate ja sirgete osadega saab luua l\u00f5putult erinevaid rajakujundusi, pakkudes lapsele loovat ja harivat m\u00e4nguaega. See l\u00f5bus tegevus arendab peenmotoorikat, loovust ja k\u00e4e-silma koordinatsiooni.<\/p>\n<p><strong>M\u00f5\u00f5dud:<\/strong> 21 x 12 x 14,3 cm \/ 19,2 x 6,9 x 7 cm \/ 4,48 cm<br \/>\n<strong>Materjal:<\/strong> PP\/ABS<br \/>\n<strong>Vanus:<\/strong> Sobib lastele alates 10. elukuust<br \/>\n<strong>Standard:<\/strong> EN-71-1-2-3<\/p>\n<p><strong><a href=\"https:\/\/www.little-dutch.com\/en\">Little Dutch<\/a> pallirada vannituppa &#8220;Blue&#8221;<\/strong> pakub tundideks l\u00f5bu ja arendavat tegevust, muutes iga vannisk\u00e4igu meeldej\u00e4\u00e4vaks elamuseks!<\/p>\n<p>Avasta ka meie teised p\u00f5nevad<a href=\"https:\/\/sulin.ee\/tootekategooria\/mangimine\/vannimanguasjad\/\"> vannim\u00e4nguasjad<\/a>, mis muudavad vannisk\u00e4igu meeldej\u00e4\u00e4vaks ja arendavaks kogemuseks!<\/p>\n","protected":false},"excerpt":{"rendered":"<p><strong>TARNE:<\/strong> 1-4 t\u00f6\u00f6p\u00e4eva<\/p>\n<p><strong>Little Dutch pallirada vannituppa &#8220;Blue&#8221; muudab vanniaja l\u00f5busaks seikluseks! Kolm iminappadega kinnituvat rada v\u00f5imaldavad luua erinevaid rajakujundusi, pakkudes loovust ja arendades peenmotoorikat. Sobib lastele alates 10. elukuust.<\/strong><\/p>\n","protected":false},"featured_media":25626,"comment_status":"open","ping_status":"closed","template":"","meta":[],"product_brand":[],"product_cat":[769,1134,110,1162,1163,1164,1165,1133,1217],"product_tag":[],"class_list":{"0":"post-25609","1":"product","2":"type-product","3":"status-publish","4":"has-post-thumbnail","6":"product_cat-manguasjad","7":"product_cat-vannimanguasjad-beebile","8":"product_cat-mangimine","9":"product_cat-kingituseks","10":"product_cat-0-1-aasta","11":"product_cat-1-3-aastat","12":"product_cat-3-5-aastat","13":"product_cat-vannimanguasjad","14":"product_cat-little-dutch","15":"has-post-title","16":"has-post-date","17":"has-post-category","18":"has-post-tag","19":"has-post-comment","20":"has-post-author","21":"","23":"first","24":"outofstock","25":"sale","26":"taxable","27":"shipping-taxable","28":"purchasable","29":"product-type-simple"},"yoast_head":"<!-- This site is optimized with the Yoast SEO plugin v26.8 - https:\/\/yoast.com\/product\/yoast-seo-wordpress\/ -->\n<title>Little Dutch pallirada vannituppa &quot;Blue&quot; - sulin.ee<\/title>\n<meta name=\"description\" content=\"Little Dutch pallirada vannituppa &quot;Blue&quot; muudab vanniaja l\u00f5busaks seikluseks! Kolm iminappadega kinnituvat rada v\u00f5imaldavad luua erinevaid rajakujundusi\" \/>\n<meta name=\"robots\" content=\"index, follow, max-snippet:-1, max-image-preview:large, max-video-preview:-1\" \/>\n<link rel=\"canonical\" href=\"https:\/\/sulin.ee\/en\/toode\/little-dutch-pallirada-vannituppa-blue\/\" \/>\n<meta property=\"og:locale\" content=\"en_US\" \/>\n<meta property=\"og:type\" content=\"article\" \/>\n<meta property=\"og:title\" content=\"Little Dutch pallirada vannituppa &quot;Blue&quot; - sulin.ee\" \/>\n<meta property=\"og:description\" content=\"Little Dutch pallirada vannituppa &quot;Blue&quot; muudab vanniaja l\u00f5busaks seikluseks! Kolm iminappadega kinnituvat rada v\u00f5imaldavad luua erinevaid rajakujundusi\" \/>\n<meta property=\"og:url\" content=\"https:\/\/sulin.ee\/en\/toode\/little-dutch-pallirada-vannituppa-blue\/\" \/>\n<meta property=\"og:site_name\" content=\"sulin.ee\" \/>\n<meta property=\"article:publisher\" content=\"https:\/\/www.facebook.com\/www.sulin.ee\/\" \/>\n<meta property=\"article:modified_time\" content=\"2025-10-08T20:32:33+00:00\" \/>\n<meta property=\"og:image\" content=\"https:\/\/sulin.ee\/wp-content\/uploads\/2024\/12\/Piltide-korrektuurid-kodulehel-2024-12-06T124230.249.png\" \/>\n\t<meta property=\"og:image:width\" content=\"1080\" \/>\n\t<meta property=\"og:image:height\" content=\"1080\" \/>\n\t<meta property=\"og:image:type\" content=\"image\/png\" \/>\n<meta name=\"twitter:card\" content=\"summary_large_image\" \/>\n<meta name=\"twitter:label1\" content=\"Est. reading time\" \/>\n\t<meta name=\"twitter:data1\" content=\"1 minute\" \/>\n<script type=\"application\/ld+json\" class=\"yoast-schema-graph\">{\"@context\":\"https:\/\/schema.org\",\"@graph\":[{\"@type\":\"WebPage\",\"@id\":\"https:\/\/sulin.ee\/en\/toode\/little-dutch-pallirada-vannituppa-blue\/\",\"url\":\"https:\/\/sulin.ee\/en\/toode\/little-dutch-pallirada-vannituppa-blue\/\",\"name\":\"Little Dutch pallirada vannituppa \\\"Blue\\\" - sulin.ee\",\"isPartOf\":{\"@id\":\"https:\/\/sulin.ee\/en\/#website\"},\"primaryImageOfPage\":{\"@id\":\"https:\/\/sulin.ee\/en\/toode\/little-dutch-pallirada-vannituppa-blue\/#primaryimage\"},\"image\":{\"@id\":\"https:\/\/sulin.ee\/en\/toode\/little-dutch-pallirada-vannituppa-blue\/#primaryimage\"},\"thumbnailUrl\":\"https:\/\/sulin.ee\/wp-content\/uploads\/2024\/12\/Piltide-korrektuurid-kodulehel-2024-12-06T124230.249.png\",\"datePublished\":\"2024-12-06T10:58:02+00:00\",\"dateModified\":\"2025-10-08T20:32:33+00:00\",\"description\":\"Little Dutch pallirada vannituppa \\\"Blue\\\" muudab vanniaja l\u00f5busaks seikluseks! Kolm iminappadega kinnituvat rada v\u00f5imaldavad luua erinevaid rajakujundusi\",\"breadcrumb\":{\"@id\":\"https:\/\/sulin.ee\/en\/toode\/little-dutch-pallirada-vannituppa-blue\/#breadcrumb\"},\"inLanguage\":\"en-US\",\"potentialAction\":[{\"@type\":\"ReadAction\",\"target\":[\"https:\/\/sulin.ee\/en\/toode\/little-dutch-pallirada-vannituppa-blue\/\"]}]},{\"@type\":\"ImageObject\",\"inLanguage\":\"en-US\",\"@id\":\"https:\/\/sulin.ee\/en\/toode\/little-dutch-pallirada-vannituppa-blue\/#primaryimage\",\"url\":\"https:\/\/sulin.ee\/wp-content\/uploads\/2024\/12\/Piltide-korrektuurid-kodulehel-2024-12-06T124230.249.png\",\"contentUrl\":\"https:\/\/sulin.ee\/wp-content\/uploads\/2024\/12\/Piltide-korrektuurid-kodulehel-2024-12-06T124230.249.png\",\"width\":1080,\"height\":1080,\"caption\":\"Little Dutch pallirada vannituppa \\\"Blue\\\"\"},{\"@type\":\"BreadcrumbList\",\"@id\":\"https:\/\/sulin.ee\/en\/toode\/little-dutch-pallirada-vannituppa-blue\/#breadcrumb\",\"itemListElement\":[{\"@type\":\"ListItem\",\"position\":1,\"name\":\"Home\",\"item\":\"https:\/\/sulin.ee\/en\/\"},{\"@type\":\"ListItem\",\"position\":2,\"name\":\"Sulin.ee e-pood\",\"item\":\"https:\/\/sulin.ee\/shop\/\"},{\"@type\":\"ListItem\",\"position\":3,\"name\":\"Little Dutch pallirada vannituppa &#8220;Blue&#8221;\"}]},{\"@type\":\"WebSite\",\"@id\":\"https:\/\/sulin.ee\/en\/#website\",\"url\":\"https:\/\/sulin.ee\/en\/\",\"name\":\"sulin.ee\",\"description\":\"\",\"publisher\":{\"@id\":\"https:\/\/sulin.ee\/en\/#organization\"},\"potentialAction\":[{\"@type\":\"SearchAction\",\"target\":{\"@type\":\"EntryPoint\",\"urlTemplate\":\"https:\/\/sulin.ee\/en\/?s={search_term_string}\"},\"query-input\":{\"@type\":\"PropertyValueSpecification\",\"valueRequired\":true,\"valueName\":\"search_term_string\"}}],\"inLanguage\":\"en-US\"},{\"@type\":\"Organization\",\"@id\":\"https:\/\/sulin.ee\/en\/#organization\",\"name\":\"SULIN TRADE O\u00dc\",\"url\":\"https:\/\/sulin.ee\/en\/\",\"logo\":{\"@type\":\"ImageObject\",\"inLanguage\":\"en-US\",\"@id\":\"https:\/\/sulin.ee\/en\/#\/schema\/logo\/image\/\",\"url\":\"https:\/\/sulin.ee\/wp-content\/uploads\/2022\/11\/sulin-logo.png\",\"contentUrl\":\"https:\/\/sulin.ee\/wp-content\/uploads\/2022\/11\/sulin-logo.png\",\"width\":871,\"height\":321,\"caption\":\"SULIN TRADE O\u00dc\"},\"image\":{\"@id\":\"https:\/\/sulin.ee\/en\/#\/schema\/logo\/image\/\"},\"sameAs\":[\"https:\/\/www.facebook.com\/www.sulin.ee\/\",\"https:\/\/www.instagram.com\/sulintrade\/\"]}]}<\/script>\n<!-- \/ Yoast SEO plugin. -->","yoast_head_json":{"title":"Little Dutch pallirada vannituppa \"Blue\" - sulin.ee","description":"Little Dutch pallirada vannituppa \"Blue\" muudab vanniaja l\u00f5busaks seikluseks! Kolm iminappadega kinnituvat rada v\u00f5imaldavad luua erinevaid rajakujundusi","robots":{"index":"index","follow":"follow","max-snippet":"max-snippet:-1","max-image-preview":"max-image-preview:large","max-video-preview":"max-video-preview:-1"},"canonical":"https:\/\/sulin.ee\/en\/toode\/little-dutch-pallirada-vannituppa-blue\/","og_locale":"en_US","og_type":"article","og_title":"Little Dutch pallirada vannituppa \"Blue\" - sulin.ee","og_description":"Little Dutch pallirada vannituppa \"Blue\" muudab vanniaja l\u00f5busaks seikluseks! Kolm iminappadega kinnituvat rada v\u00f5imaldavad luua erinevaid rajakujundusi","og_url":"https:\/\/sulin.ee\/en\/toode\/little-dutch-pallirada-vannituppa-blue\/","og_site_name":"sulin.ee","article_publisher":"https:\/\/www.facebook.com\/www.sulin.ee\/","article_modified_time":"2025-10-08T20:32:33+00:00","og_image":[{"width":1080,"height":1080,"url":"https:\/\/sulin.ee\/wp-content\/uploads\/2024\/12\/Piltide-korrektuurid-kodulehel-2024-12-06T124230.249.png","type":"image\/png"}],"twitter_card":"summary_large_image","twitter_misc":{"Est. reading time":"1 minute"},"schema":{"@context":"https:\/\/schema.org","@graph":[{"@type":"WebPage","@id":"https:\/\/sulin.ee\/en\/toode\/little-dutch-pallirada-vannituppa-blue\/","url":"https:\/\/sulin.ee\/en\/toode\/little-dutch-pallirada-vannituppa-blue\/","name":"Little Dutch pallirada vannituppa \"Blue\" - sulin.ee","isPartOf":{"@id":"https:\/\/sulin.ee\/en\/#website"},"primaryImageOfPage":{"@id":"https:\/\/sulin.ee\/en\/toode\/little-dutch-pallirada-vannituppa-blue\/#primaryimage"},"image":{"@id":"https:\/\/sulin.ee\/en\/toode\/little-dutch-pallirada-vannituppa-blue\/#primaryimage"},"thumbnailUrl":"https:\/\/sulin.ee\/wp-content\/uploads\/2024\/12\/Piltide-korrektuurid-kodulehel-2024-12-06T124230.249.png","datePublished":"2024-12-06T10:58:02+00:00","dateModified":"2025-10-08T20:32:33+00:00","description":"Little Dutch pallirada vannituppa \"Blue\" muudab vanniaja l\u00f5busaks seikluseks! Kolm iminappadega kinnituvat rada v\u00f5imaldavad luua erinevaid rajakujundusi","breadcrumb":{"@id":"https:\/\/sulin.ee\/en\/toode\/little-dutch-pallirada-vannituppa-blue\/#breadcrumb"},"inLanguage":"en-US","potentialAction":[{"@type":"ReadAction","target":["https:\/\/sulin.ee\/en\/toode\/little-dutch-pallirada-vannituppa-blue\/"]}]},{"@type":"ImageObject","inLanguage":"en-US","@id":"https:\/\/sulin.ee\/en\/toode\/little-dutch-pallirada-vannituppa-blue\/#primaryimage","url":"https:\/\/sulin.ee\/wp-content\/uploads\/2024\/12\/Piltide-korrektuurid-kodulehel-2024-12-06T124230.249.png","contentUrl":"https:\/\/sulin.ee\/wp-content\/uploads\/2024\/12\/Piltide-korrektuurid-kodulehel-2024-12-06T124230.249.png","width":1080,"height":1080,"caption":"Little Dutch pallirada vannituppa \"Blue\""},{"@type":"BreadcrumbList","@id":"https:\/\/sulin.ee\/en\/toode\/little-dutch-pallirada-vannituppa-blue\/#breadcrumb","itemListElement":[{"@type":"ListItem","position":1,"name":"Home","item":"https:\/\/sulin.ee\/en\/"},{"@type":"ListItem","position":2,"name":"Sulin.ee e-pood","item":"https:\/\/sulin.ee\/shop\/"},{"@type":"ListItem","position":3,"name":"Little Dutch pallirada vannituppa &#8220;Blue&#8221;"}]},{"@type":"WebSite","@id":"https:\/\/sulin.ee\/en\/#website","url":"https:\/\/sulin.ee\/en\/","name":"sulin.ee","description":"","publisher":{"@id":"https:\/\/sulin.ee\/en\/#organization"},"potentialAction":[{"@type":"SearchAction","target":{"@type":"EntryPoint","urlTemplate":"https:\/\/sulin.ee\/en\/?s={search_term_string}"},"query-input":{"@type":"PropertyValueSpecification","valueRequired":true,"valueName":"search_term_string"}}],"inLanguage":"en-US"},{"@type":"Organization","@id":"https:\/\/sulin.ee\/en\/#organization","name":"SULIN TRADE O\u00dc","url":"https:\/\/sulin.ee\/en\/","logo":{"@type":"ImageObject","inLanguage":"en-US","@id":"https:\/\/sulin.ee\/en\/#\/schema\/logo\/image\/","url":"https:\/\/sulin.ee\/wp-content\/uploads\/2022\/11\/sulin-logo.png","contentUrl":"https:\/\/sulin.ee\/wp-content\/uploads\/2022\/11\/sulin-logo.png","width":871,"height":321,"caption":"SULIN TRADE O\u00dc"},"image":{"@id":"https:\/\/sulin.ee\/en\/#\/schema\/logo\/image\/"},"sameAs":["https:\/\/www.facebook.com\/www.sulin.ee\/","https:\/\/www.instagram.com\/sulintrade\/"]}]}},"builder_content":"","_links":{"self":[{"href":"https:\/\/sulin.ee\/en\/wp-json\/wp\/v2\/product\/25609","targetHints":{"allow":["GET"]}}],"collection":[{"href":"https:\/\/sulin.ee\/en\/wp-json\/wp\/v2\/product"}],"about":[{"href":"https:\/\/sulin.ee\/en\/wp-json\/wp\/v2\/types\/product"}],"replies":[{"embeddable":true,"href":"https:\/\/sulin.ee\/en\/wp-json\/wp\/v2\/comments?post=25609"}],"wp:featuredmedia":[{"embeddable":true,"href":"https:\/\/sulin.ee\/en\/wp-json\/wp\/v2\/media\/25626"}],"wp:attachment":[{"href":"https:\/\/sulin.ee\/en\/wp-json\/wp\/v2\/media?parent=25609"}],"wp:term":[{"taxonomy":"product_brand","embeddable":true,"href":"https:\/\/sulin.ee\/en\/wp-json\/wp\/v2\/product_brand?post=25609"},{"taxonomy":"product_cat","embeddable":true,"href":"https:\/\/sulin.ee\/en\/wp-json\/wp\/v2\/product_cat?post=25609"},{"taxonomy":"product_tag","embeddable":true,"href":"https:\/\/sulin.ee\/en\/wp-json\/wp\/v2\/product_tag?post=25609"}],"curies":[{"name":"wp","href":"https:\/\/api.w.org\/{rel}","templated":true}]}}