{"id":25592,"date":"2024-12-06T10:58:02","date_gmt":"2024-12-06T10:58:02","guid":{"rendered":"https:\/\/sulin.ee\/?post_type=product&#038;p=25592"},"modified":"2025-09-07T21:47:35","modified_gmt":"2025-09-07T21:47:35","slug":"little-dutch-pusle-6-uhes-little-farm","status":"publish","type":"product","link":"https:\/\/sulin.ee\/en\/toode\/little-dutch-pusle-6-uhes-little-farm\/","title":{"rendered":"Little Dutch pusle 6-\u00fches &#8220;Little Farm&#8221;"},"content":{"rendered":"<div class=\"flex max-w-full flex-col flex-grow\">\n<div class=\"min-h-8 text-message flex w-full flex-col items-end gap-2 whitespace-normal break-words text-start [.text-message+&amp;]:mt-5\" dir=\"auto\" data-message-author-role=\"assistant\" data-message-id=\"f465c7d1-ea13-475f-9720-f9dc02faec84\" data-message-model-slug=\"gpt-4o\">\n<div class=\"flex w-full flex-col gap-1 empty:hidden first:pt-[3px]\">\n<div class=\"markdown prose w-full break-words dark:prose-invert light\">\n<p><strong>Little Dutch pusle 6-\u00fches &#8220;Little Farm&#8221;<\/strong> on ideaalne esimene pusle lastele alates 2. eluaastast. Komplekt sisaldab kuut erinevat puslet koos n\u00e4idistega, mis on illustreeritud armsate taluteemaliste piltidega. Pusled koosnevad 3, 4 v\u00f5i 5 t\u00fckist, pakkudes lastele sobivat v\u00e4ljakutset ja r\u00f5\u00f5mu avastamisest.<\/p>\n<p>Pusle aitab arendada lapse peenmotoorikat, kannatlikkust, kujutiste \u00e4ratundmist ja probleemide lahendamise oskust. T\u00fckid on valmistatud vastupidavast FSC-sertifikaadiga papist ja sobivad ideaalselt v\u00e4ikestele k\u00e4tele, olles turvalised ja h\u00f5lpsasti k\u00e4sitsetavad.<\/p>\n<p><strong>M\u00f5\u00f5dud:<\/strong> 21,5 x 21,5 x 5,2 cm<br \/>\n<strong>Soovitatav vanus:<\/strong> Alates 2. eluaastast<br \/>\n<strong>Standard:<\/strong> EN-71-1-2-3<\/p>\n<p><strong><a href=\"https:\/\/www.little-dutch.com\/en\">Little Dutch<\/a> pusle 6-\u00fches &#8220;Little Farm&#8221;<\/strong> pakub tundideks l\u00f5busat ja harivat m\u00e4nguaega, olles suurep\u00e4rane t\u00e4iendus igale v\u00e4ikelapse m\u00e4ngukogule!<\/p>\n<p>Tutvu ka meie teiste p\u00f5nevate <strong><a href=\"https:\/\/sulin.ee\/tootekategooria\/mangimine\/pusled\/\">pusledega<\/a><\/strong>, mis pakuvad lastele r\u00f5\u00f5mu ja aitavad arendada nende oskusi!<\/p>\n<\/div>\n<\/div>\n<\/div>\n<\/div>\n","protected":false},"excerpt":{"rendered":"<p><strong>TARNE:<\/strong> 1-4 t\u00f6\u00f6p\u00e4eva<\/p>\n<p><strong>Little Dutch pusle 6-\u00fches &#8220;Little Farm&#8221; on ideaalne esimene pusle lastele alates 2. eluaastast. Komplekt sisaldab kuut taluteemalist puslet (3, 4 v\u00f5i 5 t\u00fckki), mis arendavad peenmotoorikat, kannatlikkust ja probleemide lahendamise oskust. T\u00fckid on valmistatud FSC-sertifikaadiga papist, sobides ideaalselt v\u00e4ikestele k\u00e4tele.<\/strong><\/p>\n","protected":false},"featured_media":25607,"comment_status":"open","ping_status":"closed","template":"","meta":[],"product_brand":[],"product_cat":[110,1162,1164,1165,925,1217],"product_tag":[],"class_list":{"0":"post-25592","1":"product","2":"type-product","3":"status-publish","4":"has-post-thumbnail","6":"product_cat-mangimine","7":"product_cat-kingituseks","8":"product_cat-1-3-aastat","9":"product_cat-3-5-aastat","10":"product_cat-pusled","11":"product_cat-little-dutch","12":"has-post-title","13":"has-post-date","14":"has-post-category","15":"has-post-tag","16":"has-post-comment","17":"has-post-author","18":"","20":"first","21":"instock","22":"sale","23":"taxable","24":"shipping-taxable","25":"purchasable","26":"product-type-simple"},"yoast_head":"<!-- This site is optimized with the Yoast SEO plugin v26.8 - https:\/\/yoast.com\/product\/yoast-seo-wordpress\/ -->\n<title>Little Dutch pusle 6-\u00fches &quot;Little Farm&quot; - sulin.ee<\/title>\n<meta name=\"description\" content=\"Little Dutch pusle 6-\u00fches &quot;Little Farm&quot; on ideaalne esimene pusle lastele alates 2. eluaastast. Komplekt sisaldab kuut taluteemalist puslet (3, 4 v\u00f5i 5 t\u00fckki).\" \/>\n<meta name=\"robots\" content=\"index, follow, max-snippet:-1, max-image-preview:large, max-video-preview:-1\" \/>\n<link rel=\"canonical\" href=\"https:\/\/sulin.ee\/en\/toode\/little-dutch-pusle-6-uhes-little-farm\/\" \/>\n<meta property=\"og:locale\" content=\"en_US\" \/>\n<meta property=\"og:type\" content=\"article\" \/>\n<meta property=\"og:title\" content=\"Little Dutch pusle 6-\u00fches &quot;Little Farm&quot; - sulin.ee\" \/>\n<meta property=\"og:description\" content=\"Little Dutch pusle 6-\u00fches &quot;Little Farm&quot; on ideaalne esimene pusle lastele alates 2. eluaastast. Komplekt sisaldab kuut taluteemalist puslet (3, 4 v\u00f5i 5 t\u00fckki).\" \/>\n<meta property=\"og:url\" content=\"https:\/\/sulin.ee\/en\/toode\/little-dutch-pusle-6-uhes-little-farm\/\" \/>\n<meta property=\"og:site_name\" content=\"sulin.ee\" \/>\n<meta property=\"article:publisher\" content=\"https:\/\/www.facebook.com\/www.sulin.ee\/\" \/>\n<meta property=\"article:modified_time\" content=\"2025-09-07T21:47:35+00:00\" \/>\n<meta property=\"og:image\" content=\"https:\/\/sulin.ee\/wp-content\/uploads\/2024\/12\/Piltide-korrektuurid-kodulehel-2024-12-06T123411.126.png\" \/>\n\t<meta property=\"og:image:width\" content=\"1080\" \/>\n\t<meta property=\"og:image:height\" content=\"1080\" \/>\n\t<meta property=\"og:image:type\" content=\"image\/png\" \/>\n<meta name=\"twitter:card\" content=\"summary_large_image\" \/>\n<meta name=\"twitter:label1\" content=\"Est. reading time\" \/>\n\t<meta name=\"twitter:data1\" content=\"1 minute\" \/>\n<script type=\"application\/ld+json\" class=\"yoast-schema-graph\">{\"@context\":\"https:\/\/schema.org\",\"@graph\":[{\"@type\":\"WebPage\",\"@id\":\"https:\/\/sulin.ee\/en\/toode\/little-dutch-pusle-6-uhes-little-farm\/\",\"url\":\"https:\/\/sulin.ee\/en\/toode\/little-dutch-pusle-6-uhes-little-farm\/\",\"name\":\"Little Dutch pusle 6-\u00fches \\\"Little Farm\\\" - sulin.ee\",\"isPartOf\":{\"@id\":\"https:\/\/sulin.ee\/en\/#website\"},\"primaryImageOfPage\":{\"@id\":\"https:\/\/sulin.ee\/en\/toode\/little-dutch-pusle-6-uhes-little-farm\/#primaryimage\"},\"image\":{\"@id\":\"https:\/\/sulin.ee\/en\/toode\/little-dutch-pusle-6-uhes-little-farm\/#primaryimage\"},\"thumbnailUrl\":\"https:\/\/sulin.ee\/wp-content\/uploads\/2024\/12\/Piltide-korrektuurid-kodulehel-2024-12-06T123411.126.png\",\"datePublished\":\"2024-12-06T10:58:02+00:00\",\"dateModified\":\"2025-09-07T21:47:35+00:00\",\"description\":\"Little Dutch pusle 6-\u00fches \\\"Little Farm\\\" on ideaalne esimene pusle lastele alates 2. eluaastast. Komplekt sisaldab kuut taluteemalist puslet (3, 4 v\u00f5i 5 t\u00fckki).\",\"breadcrumb\":{\"@id\":\"https:\/\/sulin.ee\/en\/toode\/little-dutch-pusle-6-uhes-little-farm\/#breadcrumb\"},\"inLanguage\":\"en-US\",\"potentialAction\":[{\"@type\":\"ReadAction\",\"target\":[\"https:\/\/sulin.ee\/en\/toode\/little-dutch-pusle-6-uhes-little-farm\/\"]}]},{\"@type\":\"ImageObject\",\"inLanguage\":\"en-US\",\"@id\":\"https:\/\/sulin.ee\/en\/toode\/little-dutch-pusle-6-uhes-little-farm\/#primaryimage\",\"url\":\"https:\/\/sulin.ee\/wp-content\/uploads\/2024\/12\/Piltide-korrektuurid-kodulehel-2024-12-06T123411.126.png\",\"contentUrl\":\"https:\/\/sulin.ee\/wp-content\/uploads\/2024\/12\/Piltide-korrektuurid-kodulehel-2024-12-06T123411.126.png\",\"width\":1080,\"height\":1080,\"caption\":\"Little Dutch pusle 6-\u00fches \\\"Little Farm\\\"\"},{\"@type\":\"BreadcrumbList\",\"@id\":\"https:\/\/sulin.ee\/en\/toode\/little-dutch-pusle-6-uhes-little-farm\/#breadcrumb\",\"itemListElement\":[{\"@type\":\"ListItem\",\"position\":1,\"name\":\"Home\",\"item\":\"https:\/\/sulin.ee\/en\/\"},{\"@type\":\"ListItem\",\"position\":2,\"name\":\"Sulin.ee e-pood\",\"item\":\"https:\/\/sulin.ee\/shop\/\"},{\"@type\":\"ListItem\",\"position\":3,\"name\":\"Little Dutch pusle 6-\u00fches &#8220;Little Farm&#8221;\"}]},{\"@type\":\"WebSite\",\"@id\":\"https:\/\/sulin.ee\/en\/#website\",\"url\":\"https:\/\/sulin.ee\/en\/\",\"name\":\"sulin.ee\",\"description\":\"\",\"publisher\":{\"@id\":\"https:\/\/sulin.ee\/en\/#organization\"},\"potentialAction\":[{\"@type\":\"SearchAction\",\"target\":{\"@type\":\"EntryPoint\",\"urlTemplate\":\"https:\/\/sulin.ee\/en\/?s={search_term_string}\"},\"query-input\":{\"@type\":\"PropertyValueSpecification\",\"valueRequired\":true,\"valueName\":\"search_term_string\"}}],\"inLanguage\":\"en-US\"},{\"@type\":\"Organization\",\"@id\":\"https:\/\/sulin.ee\/en\/#organization\",\"name\":\"SULIN TRADE O\u00dc\",\"url\":\"https:\/\/sulin.ee\/en\/\",\"logo\":{\"@type\":\"ImageObject\",\"inLanguage\":\"en-US\",\"@id\":\"https:\/\/sulin.ee\/en\/#\/schema\/logo\/image\/\",\"url\":\"https:\/\/sulin.ee\/wp-content\/uploads\/2022\/11\/sulin-logo.png\",\"contentUrl\":\"https:\/\/sulin.ee\/wp-content\/uploads\/2022\/11\/sulin-logo.png\",\"width\":871,\"height\":321,\"caption\":\"SULIN TRADE O\u00dc\"},\"image\":{\"@id\":\"https:\/\/sulin.ee\/en\/#\/schema\/logo\/image\/\"},\"sameAs\":[\"https:\/\/www.facebook.com\/www.sulin.ee\/\",\"https:\/\/www.instagram.com\/sulintrade\/\"]}]}<\/script>\n<!-- \/ Yoast SEO plugin. -->","yoast_head_json":{"title":"Little Dutch pusle 6-\u00fches \"Little Farm\" - sulin.ee","description":"Little Dutch pusle 6-\u00fches \"Little Farm\" on ideaalne esimene pusle lastele alates 2. eluaastast. Komplekt sisaldab kuut taluteemalist puslet (3, 4 v\u00f5i 5 t\u00fckki).","robots":{"index":"index","follow":"follow","max-snippet":"max-snippet:-1","max-image-preview":"max-image-preview:large","max-video-preview":"max-video-preview:-1"},"canonical":"https:\/\/sulin.ee\/en\/toode\/little-dutch-pusle-6-uhes-little-farm\/","og_locale":"en_US","og_type":"article","og_title":"Little Dutch pusle 6-\u00fches \"Little Farm\" - sulin.ee","og_description":"Little Dutch pusle 6-\u00fches \"Little Farm\" on ideaalne esimene pusle lastele alates 2. eluaastast. Komplekt sisaldab kuut taluteemalist puslet (3, 4 v\u00f5i 5 t\u00fckki).","og_url":"https:\/\/sulin.ee\/en\/toode\/little-dutch-pusle-6-uhes-little-farm\/","og_site_name":"sulin.ee","article_publisher":"https:\/\/www.facebook.com\/www.sulin.ee\/","article_modified_time":"2025-09-07T21:47:35+00:00","og_image":[{"width":1080,"height":1080,"url":"https:\/\/sulin.ee\/wp-content\/uploads\/2024\/12\/Piltide-korrektuurid-kodulehel-2024-12-06T123411.126.png","type":"image\/png"}],"twitter_card":"summary_large_image","twitter_misc":{"Est. reading time":"1 minute"},"schema":{"@context":"https:\/\/schema.org","@graph":[{"@type":"WebPage","@id":"https:\/\/sulin.ee\/en\/toode\/little-dutch-pusle-6-uhes-little-farm\/","url":"https:\/\/sulin.ee\/en\/toode\/little-dutch-pusle-6-uhes-little-farm\/","name":"Little Dutch pusle 6-\u00fches \"Little Farm\" - sulin.ee","isPartOf":{"@id":"https:\/\/sulin.ee\/en\/#website"},"primaryImageOfPage":{"@id":"https:\/\/sulin.ee\/en\/toode\/little-dutch-pusle-6-uhes-little-farm\/#primaryimage"},"image":{"@id":"https:\/\/sulin.ee\/en\/toode\/little-dutch-pusle-6-uhes-little-farm\/#primaryimage"},"thumbnailUrl":"https:\/\/sulin.ee\/wp-content\/uploads\/2024\/12\/Piltide-korrektuurid-kodulehel-2024-12-06T123411.126.png","datePublished":"2024-12-06T10:58:02+00:00","dateModified":"2025-09-07T21:47:35+00:00","description":"Little Dutch pusle 6-\u00fches \"Little Farm\" on ideaalne esimene pusle lastele alates 2. eluaastast. Komplekt sisaldab kuut taluteemalist puslet (3, 4 v\u00f5i 5 t\u00fckki).","breadcrumb":{"@id":"https:\/\/sulin.ee\/en\/toode\/little-dutch-pusle-6-uhes-little-farm\/#breadcrumb"},"inLanguage":"en-US","potentialAction":[{"@type":"ReadAction","target":["https:\/\/sulin.ee\/en\/toode\/little-dutch-pusle-6-uhes-little-farm\/"]}]},{"@type":"ImageObject","inLanguage":"en-US","@id":"https:\/\/sulin.ee\/en\/toode\/little-dutch-pusle-6-uhes-little-farm\/#primaryimage","url":"https:\/\/sulin.ee\/wp-content\/uploads\/2024\/12\/Piltide-korrektuurid-kodulehel-2024-12-06T123411.126.png","contentUrl":"https:\/\/sulin.ee\/wp-content\/uploads\/2024\/12\/Piltide-korrektuurid-kodulehel-2024-12-06T123411.126.png","width":1080,"height":1080,"caption":"Little Dutch pusle 6-\u00fches \"Little Farm\""},{"@type":"BreadcrumbList","@id":"https:\/\/sulin.ee\/en\/toode\/little-dutch-pusle-6-uhes-little-farm\/#breadcrumb","itemListElement":[{"@type":"ListItem","position":1,"name":"Home","item":"https:\/\/sulin.ee\/en\/"},{"@type":"ListItem","position":2,"name":"Sulin.ee e-pood","item":"https:\/\/sulin.ee\/shop\/"},{"@type":"ListItem","position":3,"name":"Little Dutch pusle 6-\u00fches &#8220;Little Farm&#8221;"}]},{"@type":"WebSite","@id":"https:\/\/sulin.ee\/en\/#website","url":"https:\/\/sulin.ee\/en\/","name":"sulin.ee","description":"","publisher":{"@id":"https:\/\/sulin.ee\/en\/#organization"},"potentialAction":[{"@type":"SearchAction","target":{"@type":"EntryPoint","urlTemplate":"https:\/\/sulin.ee\/en\/?s={search_term_string}"},"query-input":{"@type":"PropertyValueSpecification","valueRequired":true,"valueName":"search_term_string"}}],"inLanguage":"en-US"},{"@type":"Organization","@id":"https:\/\/sulin.ee\/en\/#organization","name":"SULIN TRADE O\u00dc","url":"https:\/\/sulin.ee\/en\/","logo":{"@type":"ImageObject","inLanguage":"en-US","@id":"https:\/\/sulin.ee\/en\/#\/schema\/logo\/image\/","url":"https:\/\/sulin.ee\/wp-content\/uploads\/2022\/11\/sulin-logo.png","contentUrl":"https:\/\/sulin.ee\/wp-content\/uploads\/2022\/11\/sulin-logo.png","width":871,"height":321,"caption":"SULIN TRADE O\u00dc"},"image":{"@id":"https:\/\/sulin.ee\/en\/#\/schema\/logo\/image\/"},"sameAs":["https:\/\/www.facebook.com\/www.sulin.ee\/","https:\/\/www.instagram.com\/sulintrade\/"]}]}},"builder_content":"","_links":{"self":[{"href":"https:\/\/sulin.ee\/en\/wp-json\/wp\/v2\/product\/25592","targetHints":{"allow":["GET"]}}],"collection":[{"href":"https:\/\/sulin.ee\/en\/wp-json\/wp\/v2\/product"}],"about":[{"href":"https:\/\/sulin.ee\/en\/wp-json\/wp\/v2\/types\/product"}],"replies":[{"embeddable":true,"href":"https:\/\/sulin.ee\/en\/wp-json\/wp\/v2\/comments?post=25592"}],"wp:featuredmedia":[{"embeddable":true,"href":"https:\/\/sulin.ee\/en\/wp-json\/wp\/v2\/media\/25607"}],"wp:attachment":[{"href":"https:\/\/sulin.ee\/en\/wp-json\/wp\/v2\/media?parent=25592"}],"wp:term":[{"taxonomy":"product_brand","embeddable":true,"href":"https:\/\/sulin.ee\/en\/wp-json\/wp\/v2\/product_brand?post=25592"},{"taxonomy":"product_cat","embeddable":true,"href":"https:\/\/sulin.ee\/en\/wp-json\/wp\/v2\/product_cat?post=25592"},{"taxonomy":"product_tag","embeddable":true,"href":"https:\/\/sulin.ee\/en\/wp-json\/wp\/v2\/product_tag?post=25592"}],"curies":[{"name":"wp","href":"https:\/\/api.w.org\/{rel}","templated":true}]}}