{"id":25472,"date":"2024-12-06T09:37:03","date_gmt":"2024-12-06T09:37:03","guid":{"rendered":"https:\/\/sulin.ee\/?post_type=product&#038;p=25472"},"modified":"2025-11-24T06:42:55","modified_gmt":"2025-11-24T06:42:55","slug":"little-dutch-vanniraamat-little-farm","status":"publish","type":"product","link":"https:\/\/sulin.ee\/en\/toode\/little-dutch-vanniraamat-little-farm\/","title":{"rendered":"Little Dutch Vanniraamat &#8220;Little Farm&#8221;"},"content":{"rendered":"<p><strong>Little Dutch Vanniraamat &#8220;Little Farm&#8221;<\/strong> muudab vannitamise l\u00f5busaks ja kaasahaaravaks! Selle armsa raamatu lehek\u00fclgedel on kujutatud erinevaid loomakesi, kes elavad r\u00f5\u00f5msalt talus, pakkudes lastele p\u00f5nevat avastamisr\u00f5\u00f5mu. Raamat on valmistatud pehmest ja turvalisest materjalist, mis sobib ideaalselt v\u00e4ikeste k\u00e4te jaoks.<\/p>\n<p>Eriliseks teeb raamatu heli, mis tekib, kui vajutada teisele lehek\u00fcljele \u2013 see lisab m\u00e4ngule veelgi r\u00f5\u00f5mu ja uudishimu. See on suurep\u00e4rane viis, kuidas arendada beebi meeli ja muuta vanniaeg meeldej\u00e4\u00e4vaks.<\/p>\n<p><strong>M\u00f5\u00f5dud:<\/strong> 14 x 14 cm<\/p>\n<p><strong>Soovituslik vanus:<\/strong> Alates 6. elukuust<\/p>\n<p><a href=\"https:\/\/www.little-dutch.com\/en\">Little Dutch<\/a> Vanniraamat &#8220;Little Farm&#8221; on ideaalne kaaslane l\u00f5busaks ja harivaks vanniajaks!<\/p>\n<p>Avastage ka meie teisi p\u00f5nevaid <a href=\"https:\/\/sulin.ee\/tootekategooria\/mangimine\/kunstivahendid\/veega-varvimine\/\">veega v\u00e4rvimise raamatuid<\/a>, mis inspireerivad loovust ja toovad r\u00f5\u00f5mu iga v\u00e4ikese kunstniku p\u00e4eva!<\/p>\n","protected":false},"excerpt":{"rendered":"<p><strong>TARNE:<\/strong> 1-4 t\u00f6\u00f6p\u00e4eva<\/p>\n<p><strong>Little Dutch vanniraamat &#8220;Little Farm&#8221; pakub l\u00f5busat ja harivat vanniaega, kujutades taluloomi r\u00f5\u00f5msal taluelul. Pehmest materjalist raamatus on heli tekitav lehek\u00fclg, mis k\u00f6idab lapse t\u00e4helepanu ja ergutab uudishimu. Sobib lastele alates 6. elukuust.<\/strong><\/p>\n","protected":false},"featured_media":25487,"comment_status":"open","ping_status":"closed","template":"","meta":[],"product_brand":[],"product_cat":[179,769,1134,110,1162,1163,1207,102,1020,1133,1217],"product_tag":[],"class_list":{"0":"post-25472","1":"product","2":"type-product","3":"status-publish","4":"has-post-thumbnail","6":"product_cat-beebile","7":"product_cat-manguasjad","8":"product_cat-vannimanguasjad-beebile","9":"product_cat-mangimine","10":"product_cat-kingituseks","11":"product_cat-0-1-aasta","12":"product_cat-raamatud","13":"product_cat-kunstivahendid","14":"product_cat-veega-varvimine","15":"product_cat-vannimanguasjad","16":"product_cat-little-dutch","17":"has-post-title","18":"has-post-date","19":"has-post-category","20":"has-post-tag","21":"has-post-comment","22":"has-post-author","23":"","25":"first","26":"outofstock","27":"sale","28":"taxable","29":"shipping-taxable","30":"purchasable","31":"product-type-simple"},"yoast_head":"<!-- This site is optimized with the Yoast SEO plugin v26.8 - https:\/\/yoast.com\/product\/yoast-seo-wordpress\/ -->\n<title>Little Dutch Vanniraamat &quot;Little Farm&quot; - sulin.ee<\/title>\n<meta name=\"description\" content=\"Little Dutch Vanniraamat &quot;Little Farm&quot; pakub l\u00f5busat ja harivat vanniaega, kujutades taluloomi r\u00f5\u00f5msal taluelul. Pehmes raamatus on heli tekitav lehek\u00fclg\" \/>\n<meta name=\"robots\" content=\"index, follow, max-snippet:-1, max-image-preview:large, max-video-preview:-1\" \/>\n<link rel=\"canonical\" href=\"https:\/\/sulin.ee\/en\/toode\/little-dutch-vanniraamat-little-farm\/\" \/>\n<meta property=\"og:locale\" content=\"en_US\" \/>\n<meta property=\"og:type\" content=\"article\" \/>\n<meta property=\"og:title\" content=\"Little Dutch Vanniraamat &quot;Little Farm&quot; - sulin.ee\" \/>\n<meta property=\"og:description\" content=\"Little Dutch Vanniraamat &quot;Little Farm&quot; pakub l\u00f5busat ja harivat vanniaega, kujutades taluloomi r\u00f5\u00f5msal taluelul. Pehmes raamatus on heli tekitav lehek\u00fclg\" \/>\n<meta property=\"og:url\" content=\"https:\/\/sulin.ee\/en\/toode\/little-dutch-vanniraamat-little-farm\/\" \/>\n<meta property=\"og:site_name\" content=\"sulin.ee\" \/>\n<meta property=\"article:publisher\" content=\"https:\/\/www.facebook.com\/www.sulin.ee\/\" \/>\n<meta property=\"article:modified_time\" content=\"2025-11-24T06:42:55+00:00\" \/>\n<meta property=\"og:image\" content=\"https:\/\/sulin.ee\/wp-content\/uploads\/2024\/12\/Piltide-korrektuurid-kodulehel-2024-12-06T111750.413.png\" \/>\n\t<meta property=\"og:image:width\" content=\"1080\" \/>\n\t<meta property=\"og:image:height\" content=\"1080\" \/>\n\t<meta property=\"og:image:type\" content=\"image\/png\" \/>\n<meta name=\"twitter:card\" content=\"summary_large_image\" \/>\n<meta name=\"twitter:label1\" content=\"Est. reading time\" \/>\n\t<meta name=\"twitter:data1\" content=\"1 minute\" \/>\n<script type=\"application\/ld+json\" class=\"yoast-schema-graph\">{\"@context\":\"https:\/\/schema.org\",\"@graph\":[{\"@type\":\"WebPage\",\"@id\":\"https:\/\/sulin.ee\/en\/toode\/little-dutch-vanniraamat-little-farm\/\",\"url\":\"https:\/\/sulin.ee\/en\/toode\/little-dutch-vanniraamat-little-farm\/\",\"name\":\"Little Dutch Vanniraamat \\\"Little Farm\\\" - sulin.ee\",\"isPartOf\":{\"@id\":\"https:\/\/sulin.ee\/en\/#website\"},\"primaryImageOfPage\":{\"@id\":\"https:\/\/sulin.ee\/en\/toode\/little-dutch-vanniraamat-little-farm\/#primaryimage\"},\"image\":{\"@id\":\"https:\/\/sulin.ee\/en\/toode\/little-dutch-vanniraamat-little-farm\/#primaryimage\"},\"thumbnailUrl\":\"https:\/\/sulin.ee\/wp-content\/uploads\/2024\/12\/Piltide-korrektuurid-kodulehel-2024-12-06T111750.413.png\",\"datePublished\":\"2024-12-06T09:37:03+00:00\",\"dateModified\":\"2025-11-24T06:42:55+00:00\",\"description\":\"Little Dutch Vanniraamat \\\"Little Farm\\\" pakub l\u00f5busat ja harivat vanniaega, kujutades taluloomi r\u00f5\u00f5msal taluelul. Pehmes raamatus on heli tekitav lehek\u00fclg\",\"breadcrumb\":{\"@id\":\"https:\/\/sulin.ee\/en\/toode\/little-dutch-vanniraamat-little-farm\/#breadcrumb\"},\"inLanguage\":\"en-US\",\"potentialAction\":[{\"@type\":\"ReadAction\",\"target\":[\"https:\/\/sulin.ee\/en\/toode\/little-dutch-vanniraamat-little-farm\/\"]}]},{\"@type\":\"ImageObject\",\"inLanguage\":\"en-US\",\"@id\":\"https:\/\/sulin.ee\/en\/toode\/little-dutch-vanniraamat-little-farm\/#primaryimage\",\"url\":\"https:\/\/sulin.ee\/wp-content\/uploads\/2024\/12\/Piltide-korrektuurid-kodulehel-2024-12-06T111750.413.png\",\"contentUrl\":\"https:\/\/sulin.ee\/wp-content\/uploads\/2024\/12\/Piltide-korrektuurid-kodulehel-2024-12-06T111750.413.png\",\"width\":1080,\"height\":1080,\"caption\":\"Little Dutch Vanniraamat \\\"Little Farm\\\"\"},{\"@type\":\"BreadcrumbList\",\"@id\":\"https:\/\/sulin.ee\/en\/toode\/little-dutch-vanniraamat-little-farm\/#breadcrumb\",\"itemListElement\":[{\"@type\":\"ListItem\",\"position\":1,\"name\":\"Home\",\"item\":\"https:\/\/sulin.ee\/en\/\"},{\"@type\":\"ListItem\",\"position\":2,\"name\":\"Sulin.ee e-pood\",\"item\":\"https:\/\/sulin.ee\/shop\/\"},{\"@type\":\"ListItem\",\"position\":3,\"name\":\"Little Dutch Vanniraamat &#8220;Little Farm&#8221;\"}]},{\"@type\":\"WebSite\",\"@id\":\"https:\/\/sulin.ee\/en\/#website\",\"url\":\"https:\/\/sulin.ee\/en\/\",\"name\":\"sulin.ee\",\"description\":\"\",\"publisher\":{\"@id\":\"https:\/\/sulin.ee\/en\/#organization\"},\"potentialAction\":[{\"@type\":\"SearchAction\",\"target\":{\"@type\":\"EntryPoint\",\"urlTemplate\":\"https:\/\/sulin.ee\/en\/?s={search_term_string}\"},\"query-input\":{\"@type\":\"PropertyValueSpecification\",\"valueRequired\":true,\"valueName\":\"search_term_string\"}}],\"inLanguage\":\"en-US\"},{\"@type\":\"Organization\",\"@id\":\"https:\/\/sulin.ee\/en\/#organization\",\"name\":\"SULIN TRADE O\u00dc\",\"url\":\"https:\/\/sulin.ee\/en\/\",\"logo\":{\"@type\":\"ImageObject\",\"inLanguage\":\"en-US\",\"@id\":\"https:\/\/sulin.ee\/en\/#\/schema\/logo\/image\/\",\"url\":\"https:\/\/sulin.ee\/wp-content\/uploads\/2022\/11\/sulin-logo.png\",\"contentUrl\":\"https:\/\/sulin.ee\/wp-content\/uploads\/2022\/11\/sulin-logo.png\",\"width\":871,\"height\":321,\"caption\":\"SULIN TRADE O\u00dc\"},\"image\":{\"@id\":\"https:\/\/sulin.ee\/en\/#\/schema\/logo\/image\/\"},\"sameAs\":[\"https:\/\/www.facebook.com\/www.sulin.ee\/\",\"https:\/\/www.instagram.com\/sulintrade\/\"]}]}<\/script>\n<!-- \/ Yoast SEO plugin. -->","yoast_head_json":{"title":"Little Dutch Vanniraamat \"Little Farm\" - sulin.ee","description":"Little Dutch Vanniraamat \"Little Farm\" pakub l\u00f5busat ja harivat vanniaega, kujutades taluloomi r\u00f5\u00f5msal taluelul. Pehmes raamatus on heli tekitav lehek\u00fclg","robots":{"index":"index","follow":"follow","max-snippet":"max-snippet:-1","max-image-preview":"max-image-preview:large","max-video-preview":"max-video-preview:-1"},"canonical":"https:\/\/sulin.ee\/en\/toode\/little-dutch-vanniraamat-little-farm\/","og_locale":"en_US","og_type":"article","og_title":"Little Dutch Vanniraamat \"Little Farm\" - sulin.ee","og_description":"Little Dutch Vanniraamat \"Little Farm\" pakub l\u00f5busat ja harivat vanniaega, kujutades taluloomi r\u00f5\u00f5msal taluelul. Pehmes raamatus on heli tekitav lehek\u00fclg","og_url":"https:\/\/sulin.ee\/en\/toode\/little-dutch-vanniraamat-little-farm\/","og_site_name":"sulin.ee","article_publisher":"https:\/\/www.facebook.com\/www.sulin.ee\/","article_modified_time":"2025-11-24T06:42:55+00:00","og_image":[{"width":1080,"height":1080,"url":"https:\/\/sulin.ee\/wp-content\/uploads\/2024\/12\/Piltide-korrektuurid-kodulehel-2024-12-06T111750.413.png","type":"image\/png"}],"twitter_card":"summary_large_image","twitter_misc":{"Est. reading time":"1 minute"},"schema":{"@context":"https:\/\/schema.org","@graph":[{"@type":"WebPage","@id":"https:\/\/sulin.ee\/en\/toode\/little-dutch-vanniraamat-little-farm\/","url":"https:\/\/sulin.ee\/en\/toode\/little-dutch-vanniraamat-little-farm\/","name":"Little Dutch Vanniraamat \"Little Farm\" - sulin.ee","isPartOf":{"@id":"https:\/\/sulin.ee\/en\/#website"},"primaryImageOfPage":{"@id":"https:\/\/sulin.ee\/en\/toode\/little-dutch-vanniraamat-little-farm\/#primaryimage"},"image":{"@id":"https:\/\/sulin.ee\/en\/toode\/little-dutch-vanniraamat-little-farm\/#primaryimage"},"thumbnailUrl":"https:\/\/sulin.ee\/wp-content\/uploads\/2024\/12\/Piltide-korrektuurid-kodulehel-2024-12-06T111750.413.png","datePublished":"2024-12-06T09:37:03+00:00","dateModified":"2025-11-24T06:42:55+00:00","description":"Little Dutch Vanniraamat \"Little Farm\" pakub l\u00f5busat ja harivat vanniaega, kujutades taluloomi r\u00f5\u00f5msal taluelul. Pehmes raamatus on heli tekitav lehek\u00fclg","breadcrumb":{"@id":"https:\/\/sulin.ee\/en\/toode\/little-dutch-vanniraamat-little-farm\/#breadcrumb"},"inLanguage":"en-US","potentialAction":[{"@type":"ReadAction","target":["https:\/\/sulin.ee\/en\/toode\/little-dutch-vanniraamat-little-farm\/"]}]},{"@type":"ImageObject","inLanguage":"en-US","@id":"https:\/\/sulin.ee\/en\/toode\/little-dutch-vanniraamat-little-farm\/#primaryimage","url":"https:\/\/sulin.ee\/wp-content\/uploads\/2024\/12\/Piltide-korrektuurid-kodulehel-2024-12-06T111750.413.png","contentUrl":"https:\/\/sulin.ee\/wp-content\/uploads\/2024\/12\/Piltide-korrektuurid-kodulehel-2024-12-06T111750.413.png","width":1080,"height":1080,"caption":"Little Dutch Vanniraamat \"Little Farm\""},{"@type":"BreadcrumbList","@id":"https:\/\/sulin.ee\/en\/toode\/little-dutch-vanniraamat-little-farm\/#breadcrumb","itemListElement":[{"@type":"ListItem","position":1,"name":"Home","item":"https:\/\/sulin.ee\/en\/"},{"@type":"ListItem","position":2,"name":"Sulin.ee e-pood","item":"https:\/\/sulin.ee\/shop\/"},{"@type":"ListItem","position":3,"name":"Little Dutch Vanniraamat &#8220;Little Farm&#8221;"}]},{"@type":"WebSite","@id":"https:\/\/sulin.ee\/en\/#website","url":"https:\/\/sulin.ee\/en\/","name":"sulin.ee","description":"","publisher":{"@id":"https:\/\/sulin.ee\/en\/#organization"},"potentialAction":[{"@type":"SearchAction","target":{"@type":"EntryPoint","urlTemplate":"https:\/\/sulin.ee\/en\/?s={search_term_string}"},"query-input":{"@type":"PropertyValueSpecification","valueRequired":true,"valueName":"search_term_string"}}],"inLanguage":"en-US"},{"@type":"Organization","@id":"https:\/\/sulin.ee\/en\/#organization","name":"SULIN TRADE O\u00dc","url":"https:\/\/sulin.ee\/en\/","logo":{"@type":"ImageObject","inLanguage":"en-US","@id":"https:\/\/sulin.ee\/en\/#\/schema\/logo\/image\/","url":"https:\/\/sulin.ee\/wp-content\/uploads\/2022\/11\/sulin-logo.png","contentUrl":"https:\/\/sulin.ee\/wp-content\/uploads\/2022\/11\/sulin-logo.png","width":871,"height":321,"caption":"SULIN TRADE O\u00dc"},"image":{"@id":"https:\/\/sulin.ee\/en\/#\/schema\/logo\/image\/"},"sameAs":["https:\/\/www.facebook.com\/www.sulin.ee\/","https:\/\/www.instagram.com\/sulintrade\/"]}]}},"builder_content":"","_links":{"self":[{"href":"https:\/\/sulin.ee\/en\/wp-json\/wp\/v2\/product\/25472","targetHints":{"allow":["GET"]}}],"collection":[{"href":"https:\/\/sulin.ee\/en\/wp-json\/wp\/v2\/product"}],"about":[{"href":"https:\/\/sulin.ee\/en\/wp-json\/wp\/v2\/types\/product"}],"replies":[{"embeddable":true,"href":"https:\/\/sulin.ee\/en\/wp-json\/wp\/v2\/comments?post=25472"}],"wp:featuredmedia":[{"embeddable":true,"href":"https:\/\/sulin.ee\/en\/wp-json\/wp\/v2\/media\/25487"}],"wp:attachment":[{"href":"https:\/\/sulin.ee\/en\/wp-json\/wp\/v2\/media?parent=25472"}],"wp:term":[{"taxonomy":"product_brand","embeddable":true,"href":"https:\/\/sulin.ee\/en\/wp-json\/wp\/v2\/product_brand?post=25472"},{"taxonomy":"product_cat","embeddable":true,"href":"https:\/\/sulin.ee\/en\/wp-json\/wp\/v2\/product_cat?post=25472"},{"taxonomy":"product_tag","embeddable":true,"href":"https:\/\/sulin.ee\/en\/wp-json\/wp\/v2\/product_tag?post=25472"}],"curies":[{"name":"wp","href":"https:\/\/api.w.org\/{rel}","templated":true}]}}