{"id":25420,"date":"2024-12-06T09:37:04","date_gmt":"2024-12-06T09:37:04","guid":{"rendered":"https:\/\/sulin.ee\/?post_type=product&#038;p=25420"},"modified":"2025-09-15T08:40:23","modified_gmt":"2025-09-15T08:40:23","slug":"little-dutch-vannikriidid-svammi-ja-sabloonidega","status":"publish","type":"product","link":"https:\/\/sulin.ee\/en\/toode\/little-dutch-vannikriidid-svammi-ja-sabloonidega\/","title":{"rendered":"Little Dutch vannikriidid \u0161vammi ja \u0161abloonidega"},"content":{"rendered":"<p><strong>Little Dutch vannikriidid \u0161vammi ja \u0161abloonidega<\/strong> muudavad iga vannisk\u00e4igu l\u00f5busaks ja loovaks seikluseks! Need vannikriidid v\u00f5imaldavad lastel joonistada kauneid kunstiteoseid vanni v\u00f5i plaatide peale, pakkudes lastele r\u00f5\u00f5mu ja loovuse v\u00e4ljendamise v\u00f5imalust. Komplekt sisaldab r\u00f5\u00f5msav\u00e4rvilisi kriite, mis on spetsiaalselt loodud v\u00e4ikestele k\u00e4tele \u2013 need on kergesti hoitavad, ohutud ja nahas\u00f5bralikud.<\/p>\n<p>Lisaks on vannikriidid veega h\u00f5lpsasti mahapestavad, muutes koristamise lihtsaks ja muretuks. \u0160abloonid ja \u0161vamm lisavad m\u00e4ngule veelgi rohkem v\u00f5imalusi, v\u00f5imaldades lastel oma loovust maksimaalselt rakendada. Samal ajal arenevad peenmotoorika ja k\u00e4e-silma koordinatsioon, pakkudes m\u00e4ngulist ja harivat kogemust.<\/p>\n<p><strong>\u00d5pipunktid:<\/strong> Peenmotoorika arendamine ja loovuse edendamine<br \/>\n<strong>M\u00f5\u00f5tmed:<\/strong> 20,6 x 18 x 2,5 cm<\/p>\n<p><strong><a href=\"https:\/\/www.little-dutch.com\/en\">Little Dutch<\/a> vannikriidid \u0161vammi ja \u0161abloonidega<\/strong> on ideaalne viis muuta vanniaeg meeldej\u00e4\u00e4vaks ja inspireerivaks, pakkudes tundideks loovust ja r\u00f5\u00f5mu!<\/p>\n<p>Tutvu ka meie teiste vahvate <a href=\"https:\/\/sulin.ee\/tootekategooria\/mangimine\/vannimanguasjad\/\">vannim\u00e4nguasjadega<\/a>, mis muudavad iga vannisk\u00e4igu l\u00f5busaks ja p\u00f5nevaks seikluseks!<\/p>\n","protected":false},"excerpt":{"rendered":"<p><strong>TARNE:<\/strong> 1-4 t\u00f6\u00f6p\u00e4eva<\/p>\n<p><strong>Little Dutch Vannikriidid \u0161vammi ja \u0161abloonidega pakuvad lastele l\u00f5busat ja loovat vanniaega! Ohutud ja nahas\u00f5bralikud kriidid v\u00f5imaldavad joonistada kauneid kunstiteoseid plaatidele ja vannile ning on veega h\u00f5lpsasti mahapestavad. Arendab peenmotoorikat ja loovust.<\/strong><\/p>\n","protected":false},"featured_media":25423,"comment_status":"open","ping_status":"closed","template":"","meta":[],"product_brand":[],"product_cat":[110,1162,1164,1165,1166,1022,102,927,1018,1133,1217],"product_tag":[],"class_list":{"0":"post-25420","1":"product","2":"type-product","3":"status-publish","4":"has-post-thumbnail","6":"product_cat-mangimine","7":"product_cat-kingituseks","8":"product_cat-1-3-aastat","9":"product_cat-3-5-aastat","10":"product_cat-6-8-aastat","11":"product_cat-varvid-ja-kujundid","12":"product_cat-kunstivahendid","13":"product_cat-joonistamine","14":"product_cat-maalimine","15":"product_cat-vannimanguasjad","16":"product_cat-little-dutch","17":"has-post-title","18":"has-post-date","19":"has-post-category","20":"has-post-tag","21":"has-post-comment","22":"has-post-author","23":"","25":"first","26":"instock","27":"sale","28":"taxable","29":"shipping-taxable","30":"purchasable","31":"product-type-simple"},"yoast_head":"<!-- This site is optimized with the Yoast SEO plugin v26.8 - https:\/\/yoast.com\/product\/yoast-seo-wordpress\/ -->\n<title>Little Dutch vannikriidid \u0161vammi ja \u0161abloonidega - sulin.ee<\/title>\n<meta name=\"description\" content=\"Little Dutch Vannikriidid \u0161vammi ja \u0161abloonidega pakuvad lastele l\u00f5busat ja loovat vanniaega! Ohutud ja nahas\u00f5bralikud kriidid\" \/>\n<meta name=\"robots\" content=\"index, follow, max-snippet:-1, max-image-preview:large, max-video-preview:-1\" \/>\n<link rel=\"canonical\" href=\"https:\/\/sulin.ee\/en\/toode\/little-dutch-vannikriidid-svammi-ja-sabloonidega\/\" \/>\n<meta property=\"og:locale\" content=\"en_US\" \/>\n<meta property=\"og:type\" content=\"article\" \/>\n<meta property=\"og:title\" content=\"Little Dutch vannikriidid \u0161vammi ja \u0161abloonidega - sulin.ee\" \/>\n<meta property=\"og:description\" content=\"Little Dutch Vannikriidid \u0161vammi ja \u0161abloonidega pakuvad lastele l\u00f5busat ja loovat vanniaega! Ohutud ja nahas\u00f5bralikud kriidid\" \/>\n<meta property=\"og:url\" content=\"https:\/\/sulin.ee\/en\/toode\/little-dutch-vannikriidid-svammi-ja-sabloonidega\/\" \/>\n<meta property=\"og:site_name\" content=\"sulin.ee\" \/>\n<meta property=\"article:publisher\" content=\"https:\/\/www.facebook.com\/www.sulin.ee\/\" \/>\n<meta property=\"article:modified_time\" content=\"2025-09-15T08:40:23+00:00\" \/>\n<meta property=\"og:image\" content=\"https:\/\/sulin.ee\/wp-content\/uploads\/2024\/12\/Piltide-korrektuurid-kodulehel-2024-12-06T104134.231.png\" \/>\n\t<meta property=\"og:image:width\" content=\"1080\" \/>\n\t<meta property=\"og:image:height\" content=\"1080\" \/>\n\t<meta property=\"og:image:type\" content=\"image\/png\" \/>\n<meta name=\"twitter:card\" content=\"summary_large_image\" \/>\n<meta name=\"twitter:label1\" content=\"Est. reading time\" \/>\n\t<meta name=\"twitter:data1\" content=\"1 minute\" \/>\n<script type=\"application\/ld+json\" class=\"yoast-schema-graph\">{\"@context\":\"https:\/\/schema.org\",\"@graph\":[{\"@type\":\"WebPage\",\"@id\":\"https:\/\/sulin.ee\/en\/toode\/little-dutch-vannikriidid-svammi-ja-sabloonidega\/\",\"url\":\"https:\/\/sulin.ee\/en\/toode\/little-dutch-vannikriidid-svammi-ja-sabloonidega\/\",\"name\":\"Little Dutch vannikriidid \u0161vammi ja \u0161abloonidega - sulin.ee\",\"isPartOf\":{\"@id\":\"https:\/\/sulin.ee\/en\/#website\"},\"primaryImageOfPage\":{\"@id\":\"https:\/\/sulin.ee\/en\/toode\/little-dutch-vannikriidid-svammi-ja-sabloonidega\/#primaryimage\"},\"image\":{\"@id\":\"https:\/\/sulin.ee\/en\/toode\/little-dutch-vannikriidid-svammi-ja-sabloonidega\/#primaryimage\"},\"thumbnailUrl\":\"https:\/\/sulin.ee\/wp-content\/uploads\/2024\/12\/Piltide-korrektuurid-kodulehel-2024-12-06T104134.231.png\",\"datePublished\":\"2024-12-06T09:37:04+00:00\",\"dateModified\":\"2025-09-15T08:40:23+00:00\",\"description\":\"Little Dutch Vannikriidid \u0161vammi ja \u0161abloonidega pakuvad lastele l\u00f5busat ja loovat vanniaega! Ohutud ja nahas\u00f5bralikud kriidid\",\"breadcrumb\":{\"@id\":\"https:\/\/sulin.ee\/en\/toode\/little-dutch-vannikriidid-svammi-ja-sabloonidega\/#breadcrumb\"},\"inLanguage\":\"en-US\",\"potentialAction\":[{\"@type\":\"ReadAction\",\"target\":[\"https:\/\/sulin.ee\/en\/toode\/little-dutch-vannikriidid-svammi-ja-sabloonidega\/\"]}]},{\"@type\":\"ImageObject\",\"inLanguage\":\"en-US\",\"@id\":\"https:\/\/sulin.ee\/en\/toode\/little-dutch-vannikriidid-svammi-ja-sabloonidega\/#primaryimage\",\"url\":\"https:\/\/sulin.ee\/wp-content\/uploads\/2024\/12\/Piltide-korrektuurid-kodulehel-2024-12-06T104134.231.png\",\"contentUrl\":\"https:\/\/sulin.ee\/wp-content\/uploads\/2024\/12\/Piltide-korrektuurid-kodulehel-2024-12-06T104134.231.png\",\"width\":1080,\"height\":1080,\"caption\":\"Little Dutch vannikriidid\"},{\"@type\":\"BreadcrumbList\",\"@id\":\"https:\/\/sulin.ee\/en\/toode\/little-dutch-vannikriidid-svammi-ja-sabloonidega\/#breadcrumb\",\"itemListElement\":[{\"@type\":\"ListItem\",\"position\":1,\"name\":\"Home\",\"item\":\"https:\/\/sulin.ee\/en\/\"},{\"@type\":\"ListItem\",\"position\":2,\"name\":\"Sulin.ee e-pood\",\"item\":\"https:\/\/sulin.ee\/shop\/\"},{\"@type\":\"ListItem\",\"position\":3,\"name\":\"Little Dutch vannikriidid \u0161vammi ja \u0161abloonidega\"}]},{\"@type\":\"WebSite\",\"@id\":\"https:\/\/sulin.ee\/en\/#website\",\"url\":\"https:\/\/sulin.ee\/en\/\",\"name\":\"sulin.ee\",\"description\":\"\",\"publisher\":{\"@id\":\"https:\/\/sulin.ee\/en\/#organization\"},\"potentialAction\":[{\"@type\":\"SearchAction\",\"target\":{\"@type\":\"EntryPoint\",\"urlTemplate\":\"https:\/\/sulin.ee\/en\/?s={search_term_string}\"},\"query-input\":{\"@type\":\"PropertyValueSpecification\",\"valueRequired\":true,\"valueName\":\"search_term_string\"}}],\"inLanguage\":\"en-US\"},{\"@type\":\"Organization\",\"@id\":\"https:\/\/sulin.ee\/en\/#organization\",\"name\":\"SULIN TRADE O\u00dc\",\"url\":\"https:\/\/sulin.ee\/en\/\",\"logo\":{\"@type\":\"ImageObject\",\"inLanguage\":\"en-US\",\"@id\":\"https:\/\/sulin.ee\/en\/#\/schema\/logo\/image\/\",\"url\":\"https:\/\/sulin.ee\/wp-content\/uploads\/2022\/11\/sulin-logo.png\",\"contentUrl\":\"https:\/\/sulin.ee\/wp-content\/uploads\/2022\/11\/sulin-logo.png\",\"width\":871,\"height\":321,\"caption\":\"SULIN TRADE O\u00dc\"},\"image\":{\"@id\":\"https:\/\/sulin.ee\/en\/#\/schema\/logo\/image\/\"},\"sameAs\":[\"https:\/\/www.facebook.com\/www.sulin.ee\/\",\"https:\/\/www.instagram.com\/sulintrade\/\"]}]}<\/script>\n<!-- \/ Yoast SEO plugin. -->","yoast_head_json":{"title":"Little Dutch vannikriidid \u0161vammi ja \u0161abloonidega - sulin.ee","description":"Little Dutch Vannikriidid \u0161vammi ja \u0161abloonidega pakuvad lastele l\u00f5busat ja loovat vanniaega! Ohutud ja nahas\u00f5bralikud kriidid","robots":{"index":"index","follow":"follow","max-snippet":"max-snippet:-1","max-image-preview":"max-image-preview:large","max-video-preview":"max-video-preview:-1"},"canonical":"https:\/\/sulin.ee\/en\/toode\/little-dutch-vannikriidid-svammi-ja-sabloonidega\/","og_locale":"en_US","og_type":"article","og_title":"Little Dutch vannikriidid \u0161vammi ja \u0161abloonidega - sulin.ee","og_description":"Little Dutch Vannikriidid \u0161vammi ja \u0161abloonidega pakuvad lastele l\u00f5busat ja loovat vanniaega! Ohutud ja nahas\u00f5bralikud kriidid","og_url":"https:\/\/sulin.ee\/en\/toode\/little-dutch-vannikriidid-svammi-ja-sabloonidega\/","og_site_name":"sulin.ee","article_publisher":"https:\/\/www.facebook.com\/www.sulin.ee\/","article_modified_time":"2025-09-15T08:40:23+00:00","og_image":[{"width":1080,"height":1080,"url":"https:\/\/sulin.ee\/wp-content\/uploads\/2024\/12\/Piltide-korrektuurid-kodulehel-2024-12-06T104134.231.png","type":"image\/png"}],"twitter_card":"summary_large_image","twitter_misc":{"Est. reading time":"1 minute"},"schema":{"@context":"https:\/\/schema.org","@graph":[{"@type":"WebPage","@id":"https:\/\/sulin.ee\/en\/toode\/little-dutch-vannikriidid-svammi-ja-sabloonidega\/","url":"https:\/\/sulin.ee\/en\/toode\/little-dutch-vannikriidid-svammi-ja-sabloonidega\/","name":"Little Dutch vannikriidid \u0161vammi ja \u0161abloonidega - sulin.ee","isPartOf":{"@id":"https:\/\/sulin.ee\/en\/#website"},"primaryImageOfPage":{"@id":"https:\/\/sulin.ee\/en\/toode\/little-dutch-vannikriidid-svammi-ja-sabloonidega\/#primaryimage"},"image":{"@id":"https:\/\/sulin.ee\/en\/toode\/little-dutch-vannikriidid-svammi-ja-sabloonidega\/#primaryimage"},"thumbnailUrl":"https:\/\/sulin.ee\/wp-content\/uploads\/2024\/12\/Piltide-korrektuurid-kodulehel-2024-12-06T104134.231.png","datePublished":"2024-12-06T09:37:04+00:00","dateModified":"2025-09-15T08:40:23+00:00","description":"Little Dutch Vannikriidid \u0161vammi ja \u0161abloonidega pakuvad lastele l\u00f5busat ja loovat vanniaega! Ohutud ja nahas\u00f5bralikud kriidid","breadcrumb":{"@id":"https:\/\/sulin.ee\/en\/toode\/little-dutch-vannikriidid-svammi-ja-sabloonidega\/#breadcrumb"},"inLanguage":"en-US","potentialAction":[{"@type":"ReadAction","target":["https:\/\/sulin.ee\/en\/toode\/little-dutch-vannikriidid-svammi-ja-sabloonidega\/"]}]},{"@type":"ImageObject","inLanguage":"en-US","@id":"https:\/\/sulin.ee\/en\/toode\/little-dutch-vannikriidid-svammi-ja-sabloonidega\/#primaryimage","url":"https:\/\/sulin.ee\/wp-content\/uploads\/2024\/12\/Piltide-korrektuurid-kodulehel-2024-12-06T104134.231.png","contentUrl":"https:\/\/sulin.ee\/wp-content\/uploads\/2024\/12\/Piltide-korrektuurid-kodulehel-2024-12-06T104134.231.png","width":1080,"height":1080,"caption":"Little Dutch vannikriidid"},{"@type":"BreadcrumbList","@id":"https:\/\/sulin.ee\/en\/toode\/little-dutch-vannikriidid-svammi-ja-sabloonidega\/#breadcrumb","itemListElement":[{"@type":"ListItem","position":1,"name":"Home","item":"https:\/\/sulin.ee\/en\/"},{"@type":"ListItem","position":2,"name":"Sulin.ee e-pood","item":"https:\/\/sulin.ee\/shop\/"},{"@type":"ListItem","position":3,"name":"Little Dutch vannikriidid \u0161vammi ja \u0161abloonidega"}]},{"@type":"WebSite","@id":"https:\/\/sulin.ee\/en\/#website","url":"https:\/\/sulin.ee\/en\/","name":"sulin.ee","description":"","publisher":{"@id":"https:\/\/sulin.ee\/en\/#organization"},"potentialAction":[{"@type":"SearchAction","target":{"@type":"EntryPoint","urlTemplate":"https:\/\/sulin.ee\/en\/?s={search_term_string}"},"query-input":{"@type":"PropertyValueSpecification","valueRequired":true,"valueName":"search_term_string"}}],"inLanguage":"en-US"},{"@type":"Organization","@id":"https:\/\/sulin.ee\/en\/#organization","name":"SULIN TRADE O\u00dc","url":"https:\/\/sulin.ee\/en\/","logo":{"@type":"ImageObject","inLanguage":"en-US","@id":"https:\/\/sulin.ee\/en\/#\/schema\/logo\/image\/","url":"https:\/\/sulin.ee\/wp-content\/uploads\/2022\/11\/sulin-logo.png","contentUrl":"https:\/\/sulin.ee\/wp-content\/uploads\/2022\/11\/sulin-logo.png","width":871,"height":321,"caption":"SULIN TRADE O\u00dc"},"image":{"@id":"https:\/\/sulin.ee\/en\/#\/schema\/logo\/image\/"},"sameAs":["https:\/\/www.facebook.com\/www.sulin.ee\/","https:\/\/www.instagram.com\/sulintrade\/"]}]}},"builder_content":"","_links":{"self":[{"href":"https:\/\/sulin.ee\/en\/wp-json\/wp\/v2\/product\/25420","targetHints":{"allow":["GET"]}}],"collection":[{"href":"https:\/\/sulin.ee\/en\/wp-json\/wp\/v2\/product"}],"about":[{"href":"https:\/\/sulin.ee\/en\/wp-json\/wp\/v2\/types\/product"}],"replies":[{"embeddable":true,"href":"https:\/\/sulin.ee\/en\/wp-json\/wp\/v2\/comments?post=25420"}],"wp:featuredmedia":[{"embeddable":true,"href":"https:\/\/sulin.ee\/en\/wp-json\/wp\/v2\/media\/25423"}],"wp:attachment":[{"href":"https:\/\/sulin.ee\/en\/wp-json\/wp\/v2\/media?parent=25420"}],"wp:term":[{"taxonomy":"product_brand","embeddable":true,"href":"https:\/\/sulin.ee\/en\/wp-json\/wp\/v2\/product_brand?post=25420"},{"taxonomy":"product_cat","embeddable":true,"href":"https:\/\/sulin.ee\/en\/wp-json\/wp\/v2\/product_cat?post=25420"},{"taxonomy":"product_tag","embeddable":true,"href":"https:\/\/sulin.ee\/en\/wp-json\/wp\/v2\/product_tag?post=25420"}],"curies":[{"name":"wp","href":"https:\/\/api.w.org\/{rel}","templated":true}]}}