{"id":25389,"date":"2024-12-06T09:37:02","date_gmt":"2024-12-06T09:37:02","guid":{"rendered":"https:\/\/sulin.ee\/?post_type=product&#038;p=25389"},"modified":"2025-09-07T21:47:35","modified_gmt":"2025-09-07T21:47:35","slug":"little-dutch-triigitavad-helmed-little-farm","status":"publish","type":"product","link":"https:\/\/sulin.ee\/en\/toode\/little-dutch-triigitavad-helmed-little-farm\/","title":{"rendered":"Little Dutch triigitavad helmed &#8220;Little Farm&#8221;"},"content":{"rendered":"<p><strong>Little Dutch triigitavad helmed &#8220;Little Farm&#8221;<\/strong> on ideaalne viis loovuse arendamiseks ja talumaailma kujundamiseks! Suurte triikimishelmeste abil saavad lapsed luua kauneid ja p\u00f5nevaid kujundeid, nagu mesilane, traktor, \u00f5un v\u00f5i kana. See komplekt pakub tundideks loovat ja l\u00f5busat tegevust, innustades lapsi looma unikaalseid kunstiteoseid.<\/p>\n<p>Triigitavad helmed arendavad lisaks loovusele ka peenmotoorikat ja keskendumisv\u00f5imet, olles suurep\u00e4rane valik nii koduseks ajaveetmiseks kui ka kingituseks v\u00e4ikestele kunstnikele.<\/p>\n<p><strong>M\u00f5\u00f5dud:<\/strong> 22 x 17 x 6 cm<\/p>\n<p><strong>Soovituslik vanus:<\/strong> Alates 3. eluaastast<\/p>\n<p><strong><a href=\"https:\/\/www.little-dutch.com\/en\">Little Dutch<\/a> triigitavad helmed &#8220;Little Farm&#8221;<\/strong> pakuvad l\u00f5busat ja harivat meisterdamiskogemust, viies lapsed loovate seikluste juurde talumaailmas!<\/p>\n<p>Tutvu ka meie teiste p\u00f5nevate<a href=\"https:\/\/sulin.ee\/tootekategooria\/mangimine\/kunstivahendid\/meisterdamine\/\"> meisterdamisvahenditega<\/a>, mis innustavad lapsi loovusele ja pakuvad tundideks avastamisr\u00f5\u00f5mu!<\/p>\n","protected":false},"excerpt":{"rendered":"<p><strong>TARNE:<\/strong> 1-4 t\u00f6\u00f6p\u00e4eva<\/p>\n<p><strong>Little Dutch triigitavad helmed &#8220;Little Farm&#8221; v\u00f5imaldavad luua kauneid taluteemalisi kujundeid, nagu mesilane, traktor v\u00f5i kana. Komplekt arendab loovust, peenmotoorikat ja keskendumisv\u00f5imet, pakkudes l\u00f5busat ja harivat meisterdamiskogemust. Sobib lastele alates 3. eluaastast.<\/strong><\/p>\n","protected":false},"featured_media":25418,"comment_status":"open","ping_status":"closed","template":"","meta":[],"product_brand":[],"product_cat":[110,1162,1164,1165,1166,1002,1022,1021,1023,102,1017,1217],"product_tag":[],"class_list":{"0":"post-25389","1":"product","2":"type-product","3":"status-publish","4":"has-post-thumbnail","6":"product_cat-mangimine","7":"product_cat-kingituseks","8":"product_cat-1-3-aastat","9":"product_cat-3-5-aastat","10":"product_cat-6-8-aastat","11":"product_cat-oppemangud","12":"product_cat-varvid-ja-kujundid","13":"product_cat-loodusopetus","14":"product_cat-motoorika","15":"product_cat-kunstivahendid","16":"product_cat-meisterdamine","17":"product_cat-little-dutch","18":"has-post-title","19":"has-post-date","20":"has-post-category","21":"has-post-tag","22":"has-post-comment","23":"has-post-author","24":"","26":"first","27":"instock","28":"sale","29":"taxable","30":"shipping-taxable","31":"purchasable","32":"product-type-simple"},"yoast_head":"<!-- This site is optimized with the Yoast SEO plugin v26.8 - https:\/\/yoast.com\/product\/yoast-seo-wordpress\/ -->\n<title>Little Dutch triigitavad helmed &quot;Little Farm&quot; - sulin.ee<\/title>\n<meta name=\"description\" content=\"Little Dutch triigitavad helmed &quot;Little Farm&quot; v\u00f5imaldavad luua kauneid taluteemalisi kujundeid, nagu mesilane, traktor v\u00f5i kana. Komplekt arendab loovust.\" \/>\n<meta name=\"robots\" content=\"index, follow, max-snippet:-1, max-image-preview:large, max-video-preview:-1\" \/>\n<link rel=\"canonical\" href=\"https:\/\/sulin.ee\/en\/toode\/little-dutch-triigitavad-helmed-little-farm\/\" \/>\n<meta property=\"og:locale\" content=\"en_US\" \/>\n<meta property=\"og:type\" content=\"article\" \/>\n<meta property=\"og:title\" content=\"Little Dutch triigitavad helmed &quot;Little Farm&quot; - sulin.ee\" \/>\n<meta property=\"og:description\" content=\"Little Dutch triigitavad helmed &quot;Little Farm&quot; v\u00f5imaldavad luua kauneid taluteemalisi kujundeid, nagu mesilane, traktor v\u00f5i kana. Komplekt arendab loovust.\" \/>\n<meta property=\"og:url\" content=\"https:\/\/sulin.ee\/en\/toode\/little-dutch-triigitavad-helmed-little-farm\/\" \/>\n<meta property=\"og:site_name\" content=\"sulin.ee\" \/>\n<meta property=\"article:publisher\" content=\"https:\/\/www.facebook.com\/www.sulin.ee\/\" \/>\n<meta property=\"article:modified_time\" content=\"2025-09-07T21:47:35+00:00\" \/>\n<meta property=\"og:image\" content=\"https:\/\/sulin.ee\/wp-content\/uploads\/2024\/12\/Piltide-korrektuurid-kodulehel-2024-12-06T103257.058.png\" \/>\n\t<meta property=\"og:image:width\" content=\"1080\" \/>\n\t<meta property=\"og:image:height\" content=\"1080\" \/>\n\t<meta property=\"og:image:type\" content=\"image\/png\" \/>\n<meta name=\"twitter:card\" content=\"summary_large_image\" \/>\n<meta name=\"twitter:label1\" content=\"Est. reading time\" \/>\n\t<meta name=\"twitter:data1\" content=\"1 minute\" \/>\n<script type=\"application\/ld+json\" class=\"yoast-schema-graph\">{\"@context\":\"https:\/\/schema.org\",\"@graph\":[{\"@type\":\"WebPage\",\"@id\":\"https:\/\/sulin.ee\/en\/toode\/little-dutch-triigitavad-helmed-little-farm\/\",\"url\":\"https:\/\/sulin.ee\/en\/toode\/little-dutch-triigitavad-helmed-little-farm\/\",\"name\":\"Little Dutch triigitavad helmed \\\"Little Farm\\\" - sulin.ee\",\"isPartOf\":{\"@id\":\"https:\/\/sulin.ee\/en\/#website\"},\"primaryImageOfPage\":{\"@id\":\"https:\/\/sulin.ee\/en\/toode\/little-dutch-triigitavad-helmed-little-farm\/#primaryimage\"},\"image\":{\"@id\":\"https:\/\/sulin.ee\/en\/toode\/little-dutch-triigitavad-helmed-little-farm\/#primaryimage\"},\"thumbnailUrl\":\"https:\/\/sulin.ee\/wp-content\/uploads\/2024\/12\/Piltide-korrektuurid-kodulehel-2024-12-06T103257.058.png\",\"datePublished\":\"2024-12-06T09:37:02+00:00\",\"dateModified\":\"2025-09-07T21:47:35+00:00\",\"description\":\"Little Dutch triigitavad helmed \\\"Little Farm\\\" v\u00f5imaldavad luua kauneid taluteemalisi kujundeid, nagu mesilane, traktor v\u00f5i kana. Komplekt arendab loovust.\",\"breadcrumb\":{\"@id\":\"https:\/\/sulin.ee\/en\/toode\/little-dutch-triigitavad-helmed-little-farm\/#breadcrumb\"},\"inLanguage\":\"en-US\",\"potentialAction\":[{\"@type\":\"ReadAction\",\"target\":[\"https:\/\/sulin.ee\/en\/toode\/little-dutch-triigitavad-helmed-little-farm\/\"]}]},{\"@type\":\"ImageObject\",\"inLanguage\":\"en-US\",\"@id\":\"https:\/\/sulin.ee\/en\/toode\/little-dutch-triigitavad-helmed-little-farm\/#primaryimage\",\"url\":\"https:\/\/sulin.ee\/wp-content\/uploads\/2024\/12\/Piltide-korrektuurid-kodulehel-2024-12-06T103257.058.png\",\"contentUrl\":\"https:\/\/sulin.ee\/wp-content\/uploads\/2024\/12\/Piltide-korrektuurid-kodulehel-2024-12-06T103257.058.png\",\"width\":1080,\"height\":1080,\"caption\":\"Little Dutch triigitavad helmed \\\"Little Farm\\\"\"},{\"@type\":\"BreadcrumbList\",\"@id\":\"https:\/\/sulin.ee\/en\/toode\/little-dutch-triigitavad-helmed-little-farm\/#breadcrumb\",\"itemListElement\":[{\"@type\":\"ListItem\",\"position\":1,\"name\":\"Home\",\"item\":\"https:\/\/sulin.ee\/en\/\"},{\"@type\":\"ListItem\",\"position\":2,\"name\":\"Sulin.ee e-pood\",\"item\":\"https:\/\/sulin.ee\/shop\/\"},{\"@type\":\"ListItem\",\"position\":3,\"name\":\"Little Dutch triigitavad helmed &#8220;Little Farm&#8221;\"}]},{\"@type\":\"WebSite\",\"@id\":\"https:\/\/sulin.ee\/en\/#website\",\"url\":\"https:\/\/sulin.ee\/en\/\",\"name\":\"sulin.ee\",\"description\":\"\",\"publisher\":{\"@id\":\"https:\/\/sulin.ee\/en\/#organization\"},\"potentialAction\":[{\"@type\":\"SearchAction\",\"target\":{\"@type\":\"EntryPoint\",\"urlTemplate\":\"https:\/\/sulin.ee\/en\/?s={search_term_string}\"},\"query-input\":{\"@type\":\"PropertyValueSpecification\",\"valueRequired\":true,\"valueName\":\"search_term_string\"}}],\"inLanguage\":\"en-US\"},{\"@type\":\"Organization\",\"@id\":\"https:\/\/sulin.ee\/en\/#organization\",\"name\":\"SULIN TRADE O\u00dc\",\"url\":\"https:\/\/sulin.ee\/en\/\",\"logo\":{\"@type\":\"ImageObject\",\"inLanguage\":\"en-US\",\"@id\":\"https:\/\/sulin.ee\/en\/#\/schema\/logo\/image\/\",\"url\":\"https:\/\/sulin.ee\/wp-content\/uploads\/2022\/11\/sulin-logo.png\",\"contentUrl\":\"https:\/\/sulin.ee\/wp-content\/uploads\/2022\/11\/sulin-logo.png\",\"width\":871,\"height\":321,\"caption\":\"SULIN TRADE O\u00dc\"},\"image\":{\"@id\":\"https:\/\/sulin.ee\/en\/#\/schema\/logo\/image\/\"},\"sameAs\":[\"https:\/\/www.facebook.com\/www.sulin.ee\/\",\"https:\/\/www.instagram.com\/sulintrade\/\"]}]}<\/script>\n<!-- \/ Yoast SEO plugin. -->","yoast_head_json":{"title":"Little Dutch triigitavad helmed \"Little Farm\" - sulin.ee","description":"Little Dutch triigitavad helmed \"Little Farm\" v\u00f5imaldavad luua kauneid taluteemalisi kujundeid, nagu mesilane, traktor v\u00f5i kana. Komplekt arendab loovust.","robots":{"index":"index","follow":"follow","max-snippet":"max-snippet:-1","max-image-preview":"max-image-preview:large","max-video-preview":"max-video-preview:-1"},"canonical":"https:\/\/sulin.ee\/en\/toode\/little-dutch-triigitavad-helmed-little-farm\/","og_locale":"en_US","og_type":"article","og_title":"Little Dutch triigitavad helmed \"Little Farm\" - sulin.ee","og_description":"Little Dutch triigitavad helmed \"Little Farm\" v\u00f5imaldavad luua kauneid taluteemalisi kujundeid, nagu mesilane, traktor v\u00f5i kana. Komplekt arendab loovust.","og_url":"https:\/\/sulin.ee\/en\/toode\/little-dutch-triigitavad-helmed-little-farm\/","og_site_name":"sulin.ee","article_publisher":"https:\/\/www.facebook.com\/www.sulin.ee\/","article_modified_time":"2025-09-07T21:47:35+00:00","og_image":[{"width":1080,"height":1080,"url":"https:\/\/sulin.ee\/wp-content\/uploads\/2024\/12\/Piltide-korrektuurid-kodulehel-2024-12-06T103257.058.png","type":"image\/png"}],"twitter_card":"summary_large_image","twitter_misc":{"Est. reading time":"1 minute"},"schema":{"@context":"https:\/\/schema.org","@graph":[{"@type":"WebPage","@id":"https:\/\/sulin.ee\/en\/toode\/little-dutch-triigitavad-helmed-little-farm\/","url":"https:\/\/sulin.ee\/en\/toode\/little-dutch-triigitavad-helmed-little-farm\/","name":"Little Dutch triigitavad helmed \"Little Farm\" - sulin.ee","isPartOf":{"@id":"https:\/\/sulin.ee\/en\/#website"},"primaryImageOfPage":{"@id":"https:\/\/sulin.ee\/en\/toode\/little-dutch-triigitavad-helmed-little-farm\/#primaryimage"},"image":{"@id":"https:\/\/sulin.ee\/en\/toode\/little-dutch-triigitavad-helmed-little-farm\/#primaryimage"},"thumbnailUrl":"https:\/\/sulin.ee\/wp-content\/uploads\/2024\/12\/Piltide-korrektuurid-kodulehel-2024-12-06T103257.058.png","datePublished":"2024-12-06T09:37:02+00:00","dateModified":"2025-09-07T21:47:35+00:00","description":"Little Dutch triigitavad helmed \"Little Farm\" v\u00f5imaldavad luua kauneid taluteemalisi kujundeid, nagu mesilane, traktor v\u00f5i kana. Komplekt arendab loovust.","breadcrumb":{"@id":"https:\/\/sulin.ee\/en\/toode\/little-dutch-triigitavad-helmed-little-farm\/#breadcrumb"},"inLanguage":"en-US","potentialAction":[{"@type":"ReadAction","target":["https:\/\/sulin.ee\/en\/toode\/little-dutch-triigitavad-helmed-little-farm\/"]}]},{"@type":"ImageObject","inLanguage":"en-US","@id":"https:\/\/sulin.ee\/en\/toode\/little-dutch-triigitavad-helmed-little-farm\/#primaryimage","url":"https:\/\/sulin.ee\/wp-content\/uploads\/2024\/12\/Piltide-korrektuurid-kodulehel-2024-12-06T103257.058.png","contentUrl":"https:\/\/sulin.ee\/wp-content\/uploads\/2024\/12\/Piltide-korrektuurid-kodulehel-2024-12-06T103257.058.png","width":1080,"height":1080,"caption":"Little Dutch triigitavad helmed \"Little Farm\""},{"@type":"BreadcrumbList","@id":"https:\/\/sulin.ee\/en\/toode\/little-dutch-triigitavad-helmed-little-farm\/#breadcrumb","itemListElement":[{"@type":"ListItem","position":1,"name":"Home","item":"https:\/\/sulin.ee\/en\/"},{"@type":"ListItem","position":2,"name":"Sulin.ee e-pood","item":"https:\/\/sulin.ee\/shop\/"},{"@type":"ListItem","position":3,"name":"Little Dutch triigitavad helmed &#8220;Little Farm&#8221;"}]},{"@type":"WebSite","@id":"https:\/\/sulin.ee\/en\/#website","url":"https:\/\/sulin.ee\/en\/","name":"sulin.ee","description":"","publisher":{"@id":"https:\/\/sulin.ee\/en\/#organization"},"potentialAction":[{"@type":"SearchAction","target":{"@type":"EntryPoint","urlTemplate":"https:\/\/sulin.ee\/en\/?s={search_term_string}"},"query-input":{"@type":"PropertyValueSpecification","valueRequired":true,"valueName":"search_term_string"}}],"inLanguage":"en-US"},{"@type":"Organization","@id":"https:\/\/sulin.ee\/en\/#organization","name":"SULIN TRADE O\u00dc","url":"https:\/\/sulin.ee\/en\/","logo":{"@type":"ImageObject","inLanguage":"en-US","@id":"https:\/\/sulin.ee\/en\/#\/schema\/logo\/image\/","url":"https:\/\/sulin.ee\/wp-content\/uploads\/2022\/11\/sulin-logo.png","contentUrl":"https:\/\/sulin.ee\/wp-content\/uploads\/2022\/11\/sulin-logo.png","width":871,"height":321,"caption":"SULIN TRADE O\u00dc"},"image":{"@id":"https:\/\/sulin.ee\/en\/#\/schema\/logo\/image\/"},"sameAs":["https:\/\/www.facebook.com\/www.sulin.ee\/","https:\/\/www.instagram.com\/sulintrade\/"]}]}},"builder_content":"","_links":{"self":[{"href":"https:\/\/sulin.ee\/en\/wp-json\/wp\/v2\/product\/25389","targetHints":{"allow":["GET"]}}],"collection":[{"href":"https:\/\/sulin.ee\/en\/wp-json\/wp\/v2\/product"}],"about":[{"href":"https:\/\/sulin.ee\/en\/wp-json\/wp\/v2\/types\/product"}],"replies":[{"embeddable":true,"href":"https:\/\/sulin.ee\/en\/wp-json\/wp\/v2\/comments?post=25389"}],"wp:featuredmedia":[{"embeddable":true,"href":"https:\/\/sulin.ee\/en\/wp-json\/wp\/v2\/media\/25418"}],"wp:attachment":[{"href":"https:\/\/sulin.ee\/en\/wp-json\/wp\/v2\/media?parent=25389"}],"wp:term":[{"taxonomy":"product_brand","embeddable":true,"href":"https:\/\/sulin.ee\/en\/wp-json\/wp\/v2\/product_brand?post=25389"},{"taxonomy":"product_cat","embeddable":true,"href":"https:\/\/sulin.ee\/en\/wp-json\/wp\/v2\/product_cat?post=25389"},{"taxonomy":"product_tag","embeddable":true,"href":"https:\/\/sulin.ee\/en\/wp-json\/wp\/v2\/product_tag?post=25389"}],"curies":[{"name":"wp","href":"https:\/\/api.w.org\/{rel}","templated":true}]}}