{"id":25309,"date":"2024-12-05T13:58:09","date_gmt":"2024-12-05T13:58:09","guid":{"rendered":"https:\/\/sulin.ee\/?post_type=product&#038;p=25309"},"modified":"2025-09-07T21:39:45","modified_gmt":"2025-09-07T21:39:45","slug":"little-dutch-raamat-pane-riidesse-jim-sobrad","status":"publish","type":"product","link":"https:\/\/sulin.ee\/en\/toode\/little-dutch-raamat-pane-riidesse-jim-sobrad\/","title":{"rendered":"Little Dutch raamat &#8220;Pane riidesse Jim &#038; s\u00f5brad&#8221;"},"content":{"rendered":"<p><strong>Little Dutch raamat &#8220;Pane riidesse Jim &amp; s\u00f5brad&#8221;<\/strong> pakub lastele l\u00f5putuid v\u00f5imalusi loovuseks ja rollim\u00e4ngudeks! Selle riietumisraamatuga saab otsustada, milliseid r\u00f5ivaid ja aksessuaare Jim ja tema s\u00f5brad kannavad. Raamat sisaldab 24 lehek\u00fclge pilte Jimist, tema s\u00f5pradest ja p\u00f5nevatest s\u00f5idukitest, ning 12 lehek\u00fclge lahedaid kleebiseid vormir\u00f5ivaste ja tarvikutega.<\/p>\n<p>Lapsed saavad valida, kas muuta Jim astronaudiks, tulet\u00f5rjujaks v\u00f5i m\u00f5neks muuks tegelaseks, lastes oma loovusel vabalt lennata. Raamat on valmistatud tugevast papist, millel on kaunis <a href=\"https:\/\/www.little-dutch.com\/en\"><strong>Little Dutch<\/strong><\/a> disain ja mugav r\u00f5ngask\u00f6itja, mis teeb selle vastupidavaks ja h\u00f5lpsasti kasutatavaks. See on ideaalne kaaslane koduseks loovtegevuseks v\u00f5i reisile kaasa v\u00f5tmiseks.<\/p>\n<p><strong>Eesm\u00e4rgid:<\/strong> Loovuse, silma-k\u00e4e koordinatsiooni, peenmotoorika ja keskendumisv\u00f5ime arendamine.<br \/>\n<strong>M\u00f5\u00f5dud:<\/strong> 18 x 16 x 1,5 cm.<br \/>\n<strong>Materjal:<\/strong> Papp, paber ja kile.<br \/>\n<strong>Soovituslik vanus:<\/strong> Alates 3. eluaastast.<\/p>\n<p><strong>Raamat &#8220;Pane riidesse Jim &amp; s\u00f5brad&#8221;<\/strong> on suurep\u00e4rane v\u00f5imalus arendada lapse kujutlusv\u00f5imet ja loomingulisi oskusi, pakkudes samal ajal tundideks m\u00e4ngur\u00f5\u00f5mu!<\/p>\n<p>Tutvu ka teiste vahvate ja loovust <a href=\"https:\/\/sulin.ee\/tootekategooria\/mangimine\/raamatud\/\">arendavate raamatutega<\/a>, mis pakuvad r\u00f5\u00f5mu ja p\u00f5nevaid avastusi igale v\u00e4ikesele raamatus\u00f5brale!<\/p>\n","protected":false},"excerpt":{"rendered":"<p><strong>TARNE:<\/strong> 1-4 t\u00f6\u00f6p\u00e4eva<\/p>\n<p><strong>Little Dutch raamat &#8220;Pane riidesse Jim &amp; s\u00f5brad&#8221;<\/strong> <strong>pakub lastele v\u00f5imalust valida, milliseid riideid Jim ja tema s\u00f5brad kannavad. Raamat sisaldab 24 lehek\u00fclge pilte ja 12 lehek\u00fclge kleebiseid lahedate r\u00f5ivaste ja aksessuaaridega. Sobib alates 3. eluaastast, arendades loovust, peenmotoorikat ja silma-k\u00e4e koordinatsiooni.<\/strong><\/p>\n","protected":false},"featured_media":25326,"comment_status":"open","ping_status":"closed","template":"","meta":[],"product_brand":[],"product_cat":[110,1162,1165,1207,102,1017,1217],"product_tag":[],"class_list":{"0":"post-25309","1":"product","2":"type-product","3":"status-publish","4":"has-post-thumbnail","6":"product_cat-mangimine","7":"product_cat-kingituseks","8":"product_cat-3-5-aastat","9":"product_cat-raamatud","10":"product_cat-kunstivahendid","11":"product_cat-meisterdamine","12":"product_cat-little-dutch","13":"has-post-title","14":"has-post-date","15":"has-post-category","16":"has-post-tag","17":"has-post-comment","18":"has-post-author","19":"","21":"first","22":"instock","23":"sale","24":"taxable","25":"shipping-taxable","26":"purchasable","27":"product-type-simple"},"yoast_head":"<!-- This site is optimized with the Yoast SEO plugin v26.8 - https:\/\/yoast.com\/product\/yoast-seo-wordpress\/ -->\n<title>Little Dutch raamat &quot;Pane riidesse Jim &amp; s\u00f5brad&quot; - sulin.ee<\/title>\n<meta name=\"description\" content=\"Little Dutch raamat &quot;Pane riidesse Jim &amp; s\u00f5brad&quot; pakub lastele v\u00f5imalust valida, milliseid riideid Jim ja tema s\u00f5brad kannavad. Sobib alates 3. eluaastast.\" \/>\n<meta name=\"robots\" content=\"index, follow, max-snippet:-1, max-image-preview:large, max-video-preview:-1\" \/>\n<link rel=\"canonical\" href=\"https:\/\/sulin.ee\/en\/toode\/little-dutch-raamat-pane-riidesse-jim-sobrad\/\" \/>\n<meta property=\"og:locale\" content=\"en_US\" \/>\n<meta property=\"og:type\" content=\"article\" \/>\n<meta property=\"og:title\" content=\"Little Dutch raamat &quot;Pane riidesse Jim &amp; s\u00f5brad&quot; - sulin.ee\" \/>\n<meta property=\"og:description\" content=\"Little Dutch raamat &quot;Pane riidesse Jim &amp; s\u00f5brad&quot; pakub lastele v\u00f5imalust valida, milliseid riideid Jim ja tema s\u00f5brad kannavad. Sobib alates 3. eluaastast.\" \/>\n<meta property=\"og:url\" content=\"https:\/\/sulin.ee\/en\/toode\/little-dutch-raamat-pane-riidesse-jim-sobrad\/\" \/>\n<meta property=\"og:site_name\" content=\"sulin.ee\" \/>\n<meta property=\"article:publisher\" content=\"https:\/\/www.facebook.com\/www.sulin.ee\/\" \/>\n<meta property=\"article:modified_time\" content=\"2025-09-07T21:39:45+00:00\" \/>\n<meta property=\"og:image\" content=\"https:\/\/sulin.ee\/wp-content\/uploads\/2024\/12\/Piltide-korrektuurid-kodulehel-2024-12-05T154857.806.png\" \/>\n\t<meta property=\"og:image:width\" content=\"1080\" \/>\n\t<meta property=\"og:image:height\" content=\"1080\" \/>\n\t<meta property=\"og:image:type\" content=\"image\/png\" \/>\n<meta name=\"twitter:card\" content=\"summary_large_image\" \/>\n<meta name=\"twitter:label1\" content=\"Est. reading time\" \/>\n\t<meta name=\"twitter:data1\" content=\"2 minutes\" \/>\n<script type=\"application\/ld+json\" class=\"yoast-schema-graph\">{\"@context\":\"https:\/\/schema.org\",\"@graph\":[{\"@type\":\"WebPage\",\"@id\":\"https:\/\/sulin.ee\/en\/toode\/little-dutch-raamat-pane-riidesse-jim-sobrad\/\",\"url\":\"https:\/\/sulin.ee\/en\/toode\/little-dutch-raamat-pane-riidesse-jim-sobrad\/\",\"name\":\"Little Dutch raamat \\\"Pane riidesse Jim & s\u00f5brad\\\" - sulin.ee\",\"isPartOf\":{\"@id\":\"https:\/\/sulin.ee\/en\/#website\"},\"primaryImageOfPage\":{\"@id\":\"https:\/\/sulin.ee\/en\/toode\/little-dutch-raamat-pane-riidesse-jim-sobrad\/#primaryimage\"},\"image\":{\"@id\":\"https:\/\/sulin.ee\/en\/toode\/little-dutch-raamat-pane-riidesse-jim-sobrad\/#primaryimage\"},\"thumbnailUrl\":\"https:\/\/sulin.ee\/wp-content\/uploads\/2024\/12\/Piltide-korrektuurid-kodulehel-2024-12-05T154857.806.png\",\"datePublished\":\"2024-12-05T13:58:09+00:00\",\"dateModified\":\"2025-09-07T21:39:45+00:00\",\"description\":\"Little Dutch raamat \\\"Pane riidesse Jim & s\u00f5brad\\\" pakub lastele v\u00f5imalust valida, milliseid riideid Jim ja tema s\u00f5brad kannavad. Sobib alates 3. eluaastast.\",\"breadcrumb\":{\"@id\":\"https:\/\/sulin.ee\/en\/toode\/little-dutch-raamat-pane-riidesse-jim-sobrad\/#breadcrumb\"},\"inLanguage\":\"en-US\",\"potentialAction\":[{\"@type\":\"ReadAction\",\"target\":[\"https:\/\/sulin.ee\/en\/toode\/little-dutch-raamat-pane-riidesse-jim-sobrad\/\"]}]},{\"@type\":\"ImageObject\",\"inLanguage\":\"en-US\",\"@id\":\"https:\/\/sulin.ee\/en\/toode\/little-dutch-raamat-pane-riidesse-jim-sobrad\/#primaryimage\",\"url\":\"https:\/\/sulin.ee\/wp-content\/uploads\/2024\/12\/Piltide-korrektuurid-kodulehel-2024-12-05T154857.806.png\",\"contentUrl\":\"https:\/\/sulin.ee\/wp-content\/uploads\/2024\/12\/Piltide-korrektuurid-kodulehel-2024-12-05T154857.806.png\",\"width\":1080,\"height\":1080,\"caption\":\"Little Dutch raamat\"},{\"@type\":\"BreadcrumbList\",\"@id\":\"https:\/\/sulin.ee\/en\/toode\/little-dutch-raamat-pane-riidesse-jim-sobrad\/#breadcrumb\",\"itemListElement\":[{\"@type\":\"ListItem\",\"position\":1,\"name\":\"Home\",\"item\":\"https:\/\/sulin.ee\/en\/\"},{\"@type\":\"ListItem\",\"position\":2,\"name\":\"Sulin.ee e-pood\",\"item\":\"https:\/\/sulin.ee\/shop\/\"},{\"@type\":\"ListItem\",\"position\":3,\"name\":\"Little Dutch raamat &#8220;Pane riidesse Jim &#038; s\u00f5brad&#8221;\"}]},{\"@type\":\"WebSite\",\"@id\":\"https:\/\/sulin.ee\/en\/#website\",\"url\":\"https:\/\/sulin.ee\/en\/\",\"name\":\"sulin.ee\",\"description\":\"\",\"publisher\":{\"@id\":\"https:\/\/sulin.ee\/en\/#organization\"},\"potentialAction\":[{\"@type\":\"SearchAction\",\"target\":{\"@type\":\"EntryPoint\",\"urlTemplate\":\"https:\/\/sulin.ee\/en\/?s={search_term_string}\"},\"query-input\":{\"@type\":\"PropertyValueSpecification\",\"valueRequired\":true,\"valueName\":\"search_term_string\"}}],\"inLanguage\":\"en-US\"},{\"@type\":\"Organization\",\"@id\":\"https:\/\/sulin.ee\/en\/#organization\",\"name\":\"SULIN TRADE O\u00dc\",\"url\":\"https:\/\/sulin.ee\/en\/\",\"logo\":{\"@type\":\"ImageObject\",\"inLanguage\":\"en-US\",\"@id\":\"https:\/\/sulin.ee\/en\/#\/schema\/logo\/image\/\",\"url\":\"https:\/\/sulin.ee\/wp-content\/uploads\/2022\/11\/sulin-logo.png\",\"contentUrl\":\"https:\/\/sulin.ee\/wp-content\/uploads\/2022\/11\/sulin-logo.png\",\"width\":871,\"height\":321,\"caption\":\"SULIN TRADE O\u00dc\"},\"image\":{\"@id\":\"https:\/\/sulin.ee\/en\/#\/schema\/logo\/image\/\"},\"sameAs\":[\"https:\/\/www.facebook.com\/www.sulin.ee\/\",\"https:\/\/www.instagram.com\/sulintrade\/\"]}]}<\/script>\n<!-- \/ Yoast SEO plugin. -->","yoast_head_json":{"title":"Little Dutch raamat \"Pane riidesse Jim & s\u00f5brad\" - sulin.ee","description":"Little Dutch raamat \"Pane riidesse Jim & s\u00f5brad\" pakub lastele v\u00f5imalust valida, milliseid riideid Jim ja tema s\u00f5brad kannavad. Sobib alates 3. eluaastast.","robots":{"index":"index","follow":"follow","max-snippet":"max-snippet:-1","max-image-preview":"max-image-preview:large","max-video-preview":"max-video-preview:-1"},"canonical":"https:\/\/sulin.ee\/en\/toode\/little-dutch-raamat-pane-riidesse-jim-sobrad\/","og_locale":"en_US","og_type":"article","og_title":"Little Dutch raamat \"Pane riidesse Jim & s\u00f5brad\" - sulin.ee","og_description":"Little Dutch raamat \"Pane riidesse Jim & s\u00f5brad\" pakub lastele v\u00f5imalust valida, milliseid riideid Jim ja tema s\u00f5brad kannavad. Sobib alates 3. eluaastast.","og_url":"https:\/\/sulin.ee\/en\/toode\/little-dutch-raamat-pane-riidesse-jim-sobrad\/","og_site_name":"sulin.ee","article_publisher":"https:\/\/www.facebook.com\/www.sulin.ee\/","article_modified_time":"2025-09-07T21:39:45+00:00","og_image":[{"width":1080,"height":1080,"url":"https:\/\/sulin.ee\/wp-content\/uploads\/2024\/12\/Piltide-korrektuurid-kodulehel-2024-12-05T154857.806.png","type":"image\/png"}],"twitter_card":"summary_large_image","twitter_misc":{"Est. reading time":"2 minutes"},"schema":{"@context":"https:\/\/schema.org","@graph":[{"@type":"WebPage","@id":"https:\/\/sulin.ee\/en\/toode\/little-dutch-raamat-pane-riidesse-jim-sobrad\/","url":"https:\/\/sulin.ee\/en\/toode\/little-dutch-raamat-pane-riidesse-jim-sobrad\/","name":"Little Dutch raamat \"Pane riidesse Jim & s\u00f5brad\" - sulin.ee","isPartOf":{"@id":"https:\/\/sulin.ee\/en\/#website"},"primaryImageOfPage":{"@id":"https:\/\/sulin.ee\/en\/toode\/little-dutch-raamat-pane-riidesse-jim-sobrad\/#primaryimage"},"image":{"@id":"https:\/\/sulin.ee\/en\/toode\/little-dutch-raamat-pane-riidesse-jim-sobrad\/#primaryimage"},"thumbnailUrl":"https:\/\/sulin.ee\/wp-content\/uploads\/2024\/12\/Piltide-korrektuurid-kodulehel-2024-12-05T154857.806.png","datePublished":"2024-12-05T13:58:09+00:00","dateModified":"2025-09-07T21:39:45+00:00","description":"Little Dutch raamat \"Pane riidesse Jim & s\u00f5brad\" pakub lastele v\u00f5imalust valida, milliseid riideid Jim ja tema s\u00f5brad kannavad. Sobib alates 3. eluaastast.","breadcrumb":{"@id":"https:\/\/sulin.ee\/en\/toode\/little-dutch-raamat-pane-riidesse-jim-sobrad\/#breadcrumb"},"inLanguage":"en-US","potentialAction":[{"@type":"ReadAction","target":["https:\/\/sulin.ee\/en\/toode\/little-dutch-raamat-pane-riidesse-jim-sobrad\/"]}]},{"@type":"ImageObject","inLanguage":"en-US","@id":"https:\/\/sulin.ee\/en\/toode\/little-dutch-raamat-pane-riidesse-jim-sobrad\/#primaryimage","url":"https:\/\/sulin.ee\/wp-content\/uploads\/2024\/12\/Piltide-korrektuurid-kodulehel-2024-12-05T154857.806.png","contentUrl":"https:\/\/sulin.ee\/wp-content\/uploads\/2024\/12\/Piltide-korrektuurid-kodulehel-2024-12-05T154857.806.png","width":1080,"height":1080,"caption":"Little Dutch raamat"},{"@type":"BreadcrumbList","@id":"https:\/\/sulin.ee\/en\/toode\/little-dutch-raamat-pane-riidesse-jim-sobrad\/#breadcrumb","itemListElement":[{"@type":"ListItem","position":1,"name":"Home","item":"https:\/\/sulin.ee\/en\/"},{"@type":"ListItem","position":2,"name":"Sulin.ee e-pood","item":"https:\/\/sulin.ee\/shop\/"},{"@type":"ListItem","position":3,"name":"Little Dutch raamat &#8220;Pane riidesse Jim &#038; s\u00f5brad&#8221;"}]},{"@type":"WebSite","@id":"https:\/\/sulin.ee\/en\/#website","url":"https:\/\/sulin.ee\/en\/","name":"sulin.ee","description":"","publisher":{"@id":"https:\/\/sulin.ee\/en\/#organization"},"potentialAction":[{"@type":"SearchAction","target":{"@type":"EntryPoint","urlTemplate":"https:\/\/sulin.ee\/en\/?s={search_term_string}"},"query-input":{"@type":"PropertyValueSpecification","valueRequired":true,"valueName":"search_term_string"}}],"inLanguage":"en-US"},{"@type":"Organization","@id":"https:\/\/sulin.ee\/en\/#organization","name":"SULIN TRADE O\u00dc","url":"https:\/\/sulin.ee\/en\/","logo":{"@type":"ImageObject","inLanguage":"en-US","@id":"https:\/\/sulin.ee\/en\/#\/schema\/logo\/image\/","url":"https:\/\/sulin.ee\/wp-content\/uploads\/2022\/11\/sulin-logo.png","contentUrl":"https:\/\/sulin.ee\/wp-content\/uploads\/2022\/11\/sulin-logo.png","width":871,"height":321,"caption":"SULIN TRADE O\u00dc"},"image":{"@id":"https:\/\/sulin.ee\/en\/#\/schema\/logo\/image\/"},"sameAs":["https:\/\/www.facebook.com\/www.sulin.ee\/","https:\/\/www.instagram.com\/sulintrade\/"]}]}},"builder_content":"","_links":{"self":[{"href":"https:\/\/sulin.ee\/en\/wp-json\/wp\/v2\/product\/25309","targetHints":{"allow":["GET"]}}],"collection":[{"href":"https:\/\/sulin.ee\/en\/wp-json\/wp\/v2\/product"}],"about":[{"href":"https:\/\/sulin.ee\/en\/wp-json\/wp\/v2\/types\/product"}],"replies":[{"embeddable":true,"href":"https:\/\/sulin.ee\/en\/wp-json\/wp\/v2\/comments?post=25309"}],"wp:featuredmedia":[{"embeddable":true,"href":"https:\/\/sulin.ee\/en\/wp-json\/wp\/v2\/media\/25326"}],"wp:attachment":[{"href":"https:\/\/sulin.ee\/en\/wp-json\/wp\/v2\/media?parent=25309"}],"wp:term":[{"taxonomy":"product_brand","embeddable":true,"href":"https:\/\/sulin.ee\/en\/wp-json\/wp\/v2\/product_brand?post=25309"},{"taxonomy":"product_cat","embeddable":true,"href":"https:\/\/sulin.ee\/en\/wp-json\/wp\/v2\/product_cat?post=25309"},{"taxonomy":"product_tag","embeddable":true,"href":"https:\/\/sulin.ee\/en\/wp-json\/wp\/v2\/product_tag?post=25309"}],"curies":[{"name":"wp","href":"https:\/\/api.w.org\/{rel}","templated":true}]}}